{"id":112462,"date":"2021-10-04T16:27:01","date_gmt":"2021-10-04T14:27:01","guid":{"rendered":"https:\/\/www.erboristerie.com\/?post_type=product&#038;p=112462"},"modified":"2025-09-10T18:54:16","modified_gmt":"2025-09-10T16:54:16","slug":"crema-viso-nutriente-karite-50ml-per-una-pelle-tonica-e-idratata-a-lungo","status":"publish","type":"product","link":"https:\/\/www.erboristerie.com\/it\/prodotto\/crema-viso-nutriente-karite-50ml-per-una-pelle-tonica-e-idratata-a-lungo\/","title":{"rendered":"Crema Viso Nutriente Karit\u00e9 50ml per una pelle tonica e idratata a lungo"},"content":{"rendered":"<p><strong>Crema Viso Nutriente Karit\u00e9 50ml &#8211; L&#8217;Erbolario<\/strong><\/p>\n<p>Anche le pelli pi\u00f9 delicate potranno trovare comfort ottimale in questa Crema per il viso.<\/p>\n<p>Ingrediente star \u00e8 il burro di Karit\u00e9, rimedio di bellezza conosciuto fin dall\u2019antichit\u00e0 dalle donne africane per le sue virt\u00f9 nutrienti, protettive ed elasticizzanti.<\/p>\n<p>Proprio dal cuore dell\u2019Africa proviene il nostro burro di Karit\u00e9, che agisce in perfetta sinergia con il fitocomplesso antiossidante da corteccia di Magnolia e l\u2019estratto di Boswellia con funzione lenitiva.<\/p>\n<p>Flacone con <strong>sistema AIRLESS<\/strong>: non permette all\u2019aria di entrare in contatto con la crema e tutela l\u2019integrit\u00e0 del formulato e dei suoi principi attivi.<\/p>\n<p><strong>Consigli d&#8217;uso<\/strong><\/p>\n<p>Mattino e sera applicare un poco di prodotto sul viso ben deterso. <strong>Ottima base per il trucco<\/strong>!<\/p>\n<p><strong>Sostanze funzionali<\/strong><\/p>\n<div class=\"p-desc p-desc-inci acd is-close is-open\">\n<div class=\"acd-body\">\n<p>Burro di Karit\u00e9 equosolidale, steroli di Melograno, Vitamina E dai semi della Soja, distillato di polpa di Cocco, estratti di Boswellia e di Cocco, fitocomplesso antiossidante da corteccia di Magnolia.<\/p>\n<\/div>\n<\/div>\n<p><strong>Senza siliconi, parabeni e petrolati<\/strong><br \/>\n99% ingredienti di origine naturale<br \/>\nLa restante percentuale di ingredienti garantisce stabilit\u00e0 e gradevolezza del prodotto.<\/p>\n<p><strong>Ingredienti (INCI)<\/strong><\/p>\n<p>Aqua (water), cocos nucifera (coconut) water, glycerin, hydrogenated farnesene, butyrospermum parkii (shea) butter, shea butter ethyl esters, tripelargonin, glyceryl behenate, stearic acid, parfum, cetyl esters, soybean glycerides, sodium anisate, sodium levulinate, punica granatum sterols, benzyl alcohol, behenyl alcohol, glyceryl stearate citrate, glyceryl oleate, sodium olivoyl glutamate, butyrospermum parkii (shea) butter unsaponifiables, xanthan gum, tocopherol, potassium sorbate, sodium benzoate, citric acid, sodium phytate, brassica campestris (rapeseed) seed oil, honokiol, magnolol, helianthus annuus (sunflower) seed oil, cocos nucifera (coconut) fruit extract, rosmarinus officinalis (rosemary) leaf extract, boswellia carterii resin extract, ascorbyl palmitate.<\/p>\n<p><strong>Cosa sapere in pi\u00f9<\/strong><\/p>\n<p>100% Made in Italy<br \/>\n7 Metalli testati<br \/>\nDermatologicamente Testato<br \/>\nLAV \u2013 Dalla parte degli animali<br \/>\nSenza ingredienti di derivazione animale<br \/>\n12 MPaO (Period after Opening \u2013 periodo dopo l\u2019apertura)<\/p>\n","protected":false},"excerpt":{"rendered":"<p>Crema Viso Nutriente Karit\u00e9 50ml &#8211; L&#8217;Erbolario Anche le pelli pi\u00f9 delicate potranno trovare comfort ottimale in questa Crema per il viso. Ingrediente star \u00e8 il burro di Karit\u00e9, rimedio di bellezza conosciuto fin dall\u2019antichit\u00e0 dalle donne africane per le sue virt\u00f9 nutrienti, protettive ed&#8230;<\/p>\n","protected":false},"featured_media":112463,"template":"","meta":{"_acf_changed":false},"product_brand":[9603],"product_cat":[45040],"product_tag":[],"giftcard-category":[],"class_list":{"0":"post-112462","1":"product","2":"type-product","3":"status-publish","4":"has-post-thumbnail","6":"product_brand-erbolario","7":"product_cat-viso","8":"pa_formato-50-ml","9":"pa_linea-profumazione-viso","10":"pa_marca-lerbolario","11":"pa_tipologia-crema","13":"first","14":"instock","15":"sale","16":"taxable","17":"shipping-taxable","18":"purchasable","19":"product-type-simple"},"acf":[],"yoast_head":"<!-- This site is optimized with the Yoast SEO plugin v24.9 - https:\/\/yoast.com\/wordpress\/plugins\/seo\/ -->\n<title>Crema Viso Nutriente Karit\u00e9 50ml per una pelle tonica e idratata a lungo - Erboristeria Demetra<\/title>\n<meta name=\"description\" content=\"Anche le pelli pi\u00f9 delicate potranno trovare comfort ottimale in questa Crema per il viso a base di karit\u00e9 per una pelle tonica e idratata a lungo\" \/>\n<meta name=\"robots\" content=\"index, follow, max-snippet:-1, max-image-preview:large, max-video-preview:-1\" \/>\n<link rel=\"canonical\" href=\"https:\/\/www.erboristerie.com\/it\/prodotto\/crema-viso-nutriente-karite-50ml-per-una-pelle-tonica-e-idratata-a-lungo\/\" \/>\n<meta property=\"og:locale\" content=\"it_IT\" \/>\n<meta property=\"og:type\" content=\"article\" \/>\n<meta property=\"og:title\" content=\"Crema Viso Nutriente Karit\u00e9 50ml per una pelle tonica e idratata a lungo - Erboristeria Demetra\" \/>\n<meta property=\"og:description\" content=\"Anche le pelli pi\u00f9 delicate potranno trovare comfort ottimale in questa Crema per il viso a base di karit\u00e9 per una pelle tonica e idratata a lungo\" \/>\n<meta property=\"og:url\" content=\"https:\/\/www.erboristerie.com\/it\/prodotto\/crema-viso-nutriente-karite-50ml-per-una-pelle-tonica-e-idratata-a-lungo\/\" \/>\n<meta property=\"og:site_name\" content=\"Erboristeria Demetra\" \/>\n<meta property=\"article:publisher\" content=\"https:\/\/www.facebook.com\/erboristeria.demetra.online\" \/>\n<meta property=\"article:modified_time\" content=\"2025-09-10T16:54:16+00:00\" \/>\n<meta property=\"og:image\" content=\"https:\/\/www.erboristerie.com\/wp-content\/uploads\/2021\/10\/crema-karite.png\" \/>\n\t<meta property=\"og:image:width\" content=\"910\" \/>\n\t<meta property=\"og:image:height\" content=\"910\" \/>\n\t<meta property=\"og:image:type\" content=\"image\/png\" \/>\n<meta name=\"twitter:card\" content=\"summary_large_image\" \/>\n<meta name=\"twitter:label1\" content=\"Tempo di lettura stimato\" \/>\n\t<meta name=\"twitter:data1\" content=\"2 minuti\" \/>\n<script type=\"application\/ld+json\" class=\"yoast-schema-graph\">{\"@context\":\"https:\/\/schema.org\",\"@graph\":[{\"@type\":\"WebPage\",\"@id\":\"https:\/\/www.erboristerie.com\/it\/prodotto\/crema-viso-nutriente-karite-50ml-per-una-pelle-tonica-e-idratata-a-lungo\/\",\"url\":\"https:\/\/www.erboristerie.com\/it\/prodotto\/crema-viso-nutriente-karite-50ml-per-una-pelle-tonica-e-idratata-a-lungo\/\",\"name\":\"Crema Viso Nutriente Karit\u00e9 50ml per una pelle tonica e idratata a lungo - Erboristeria Demetra\",\"isPartOf\":{\"@id\":\"https:\/\/www.erboristerie.com\/it\/#website\"},\"primaryImageOfPage\":{\"@id\":\"https:\/\/www.erboristerie.com\/it\/prodotto\/crema-viso-nutriente-karite-50ml-per-una-pelle-tonica-e-idratata-a-lungo\/#primaryimage\"},\"image\":{\"@id\":\"https:\/\/www.erboristerie.com\/it\/prodotto\/crema-viso-nutriente-karite-50ml-per-una-pelle-tonica-e-idratata-a-lungo\/#primaryimage\"},\"thumbnailUrl\":\"https:\/\/www.erboristerie.com\/wp-content\/uploads\/2021\/10\/crema-karite.png\",\"datePublished\":\"2021-10-04T14:27:01+00:00\",\"dateModified\":\"2025-09-10T16:54:16+00:00\",\"description\":\"Anche le pelli pi\u00f9 delicate potranno trovare comfort ottimale in questa Crema per il viso a base di karit\u00e9 per una pelle tonica e idratata a lungo\",\"breadcrumb\":{\"@id\":\"https:\/\/www.erboristerie.com\/it\/prodotto\/crema-viso-nutriente-karite-50ml-per-una-pelle-tonica-e-idratata-a-lungo\/#breadcrumb\"},\"inLanguage\":\"it-IT\",\"potentialAction\":[{\"@type\":\"ReadAction\",\"target\":[\"https:\/\/www.erboristerie.com\/it\/prodotto\/crema-viso-nutriente-karite-50ml-per-una-pelle-tonica-e-idratata-a-lungo\/\"]}]},{\"@type\":\"ImageObject\",\"inLanguage\":\"it-IT\",\"@id\":\"https:\/\/www.erboristerie.com\/it\/prodotto\/crema-viso-nutriente-karite-50ml-per-una-pelle-tonica-e-idratata-a-lungo\/#primaryimage\",\"url\":\"https:\/\/www.erboristerie.com\/wp-content\/uploads\/2021\/10\/crema-karite.png\",\"contentUrl\":\"https:\/\/www.erboristerie.com\/wp-content\/uploads\/2021\/10\/crema-karite.png\",\"width\":910,\"height\":910,\"caption\":\"crema karite\"},{\"@type\":\"BreadcrumbList\",\"@id\":\"https:\/\/www.erboristerie.com\/it\/prodotto\/crema-viso-nutriente-karite-50ml-per-una-pelle-tonica-e-idratata-a-lungo\/#breadcrumb\",\"itemListElement\":[{\"@type\":\"ListItem\",\"position\":1,\"name\":\"Home\",\"item\":\"https:\/\/www.erboristerie.com\/it\/\"},{\"@type\":\"ListItem\",\"position\":2,\"name\":\"Tutti i prodotti\",\"item\":\"https:\/\/www.erboristerie.com\/it\/tutti-i-prodotti\/\"},{\"@type\":\"ListItem\",\"position\":3,\"name\":\"Crema Viso Nutriente Karit\u00e9 50ml per una pelle tonica e idratata a lungo\"}]},{\"@type\":\"WebSite\",\"@id\":\"https:\/\/www.erboristerie.com\/it\/#website\",\"url\":\"https:\/\/www.erboristerie.com\/it\/\",\"name\":\"Erboristeria Demetra\",\"description\":\"La tua salute al naturale\",\"publisher\":{\"@id\":\"https:\/\/www.erboristerie.com\/it\/#organization\"},\"potentialAction\":[{\"@type\":\"SearchAction\",\"target\":{\"@type\":\"EntryPoint\",\"urlTemplate\":\"https:\/\/www.erboristerie.com\/it\/?s={search_term_string}\"},\"query-input\":{\"@type\":\"PropertyValueSpecification\",\"valueRequired\":true,\"valueName\":\"search_term_string\"}}],\"inLanguage\":\"it-IT\"},{\"@type\":\"Organization\",\"@id\":\"https:\/\/www.erboristerie.com\/it\/#organization\",\"name\":\"Erboristeria Demetra\",\"url\":\"https:\/\/www.erboristerie.com\/it\/\",\"logo\":{\"@type\":\"ImageObject\",\"inLanguage\":\"it-IT\",\"@id\":\"https:\/\/www.erboristerie.com\/it\/#\/schema\/logo\/image\/\",\"url\":\"https:\/\/www.erboristerie.com\/wp-content\/uploads\/2019\/11\/LOGO_ERBORISTERIA_DEMETRA_original.png?v=1611516981\",\"contentUrl\":\"https:\/\/www.erboristerie.com\/wp-content\/uploads\/2019\/11\/LOGO_ERBORISTERIA_DEMETRA_original.png?v=1611516981\",\"width\":201,\"height\":54,\"caption\":\"Erboristeria Demetra\"},\"image\":{\"@id\":\"https:\/\/www.erboristerie.com\/it\/#\/schema\/logo\/image\/\"},\"sameAs\":[\"https:\/\/www.facebook.com\/erboristeria.demetra.online\"]}]}<\/script>\n<!-- \/ Yoast SEO plugin. -->","yoast_head_json":{"title":"Crema Viso Nutriente Karit\u00e9 50ml per una pelle tonica e idratata a lungo - Erboristeria Demetra","description":"Anche le pelli pi\u00f9 delicate potranno trovare comfort ottimale in questa Crema per il viso a base di karit\u00e9 per una pelle tonica e idratata a lungo","robots":{"index":"index","follow":"follow","max-snippet":"max-snippet:-1","max-image-preview":"max-image-preview:large","max-video-preview":"max-video-preview:-1"},"canonical":"https:\/\/www.erboristerie.com\/it\/prodotto\/crema-viso-nutriente-karite-50ml-per-una-pelle-tonica-e-idratata-a-lungo\/","og_locale":"it_IT","og_type":"article","og_title":"Crema Viso Nutriente Karit\u00e9 50ml per una pelle tonica e idratata a lungo - Erboristeria Demetra","og_description":"Anche le pelli pi\u00f9 delicate potranno trovare comfort ottimale in questa Crema per il viso a base di karit\u00e9 per una pelle tonica e idratata a lungo","og_url":"https:\/\/www.erboristerie.com\/it\/prodotto\/crema-viso-nutriente-karite-50ml-per-una-pelle-tonica-e-idratata-a-lungo\/","og_site_name":"Erboristeria Demetra","article_publisher":"https:\/\/www.facebook.com\/erboristeria.demetra.online","article_modified_time":"2025-09-10T16:54:16+00:00","og_image":[{"width":910,"height":910,"url":"https:\/\/www.erboristerie.com\/wp-content\/uploads\/2021\/10\/crema-karite.png","type":"image\/png"}],"twitter_card":"summary_large_image","twitter_misc":{"Tempo di lettura stimato":"2 minuti"},"schema":{"@context":"https:\/\/schema.org","@graph":[{"@type":"WebPage","@id":"https:\/\/www.erboristerie.com\/it\/prodotto\/crema-viso-nutriente-karite-50ml-per-una-pelle-tonica-e-idratata-a-lungo\/","url":"https:\/\/www.erboristerie.com\/it\/prodotto\/crema-viso-nutriente-karite-50ml-per-una-pelle-tonica-e-idratata-a-lungo\/","name":"Crema Viso Nutriente Karit\u00e9 50ml per una pelle tonica e idratata a lungo - Erboristeria Demetra","isPartOf":{"@id":"https:\/\/www.erboristerie.com\/it\/#website"},"primaryImageOfPage":{"@id":"https:\/\/www.erboristerie.com\/it\/prodotto\/crema-viso-nutriente-karite-50ml-per-una-pelle-tonica-e-idratata-a-lungo\/#primaryimage"},"image":{"@id":"https:\/\/www.erboristerie.com\/it\/prodotto\/crema-viso-nutriente-karite-50ml-per-una-pelle-tonica-e-idratata-a-lungo\/#primaryimage"},"thumbnailUrl":"https:\/\/www.erboristerie.com\/wp-content\/uploads\/2021\/10\/crema-karite.png","datePublished":"2021-10-04T14:27:01+00:00","dateModified":"2025-09-10T16:54:16+00:00","description":"Anche le pelli pi\u00f9 delicate potranno trovare comfort ottimale in questa Crema per il viso a base di karit\u00e9 per una pelle tonica e idratata a lungo","breadcrumb":{"@id":"https:\/\/www.erboristerie.com\/it\/prodotto\/crema-viso-nutriente-karite-50ml-per-una-pelle-tonica-e-idratata-a-lungo\/#breadcrumb"},"inLanguage":"it-IT","potentialAction":[{"@type":"ReadAction","target":["https:\/\/www.erboristerie.com\/it\/prodotto\/crema-viso-nutriente-karite-50ml-per-una-pelle-tonica-e-idratata-a-lungo\/"]}]},{"@type":"ImageObject","inLanguage":"it-IT","@id":"https:\/\/www.erboristerie.com\/it\/prodotto\/crema-viso-nutriente-karite-50ml-per-una-pelle-tonica-e-idratata-a-lungo\/#primaryimage","url":"https:\/\/www.erboristerie.com\/wp-content\/uploads\/2021\/10\/crema-karite.png","contentUrl":"https:\/\/www.erboristerie.com\/wp-content\/uploads\/2021\/10\/crema-karite.png","width":910,"height":910,"caption":"crema karite"},{"@type":"BreadcrumbList","@id":"https:\/\/www.erboristerie.com\/it\/prodotto\/crema-viso-nutriente-karite-50ml-per-una-pelle-tonica-e-idratata-a-lungo\/#breadcrumb","itemListElement":[{"@type":"ListItem","position":1,"name":"Home","item":"https:\/\/www.erboristerie.com\/it\/"},{"@type":"ListItem","position":2,"name":"Tutti i prodotti","item":"https:\/\/www.erboristerie.com\/it\/tutti-i-prodotti\/"},{"@type":"ListItem","position":3,"name":"Crema Viso Nutriente Karit\u00e9 50ml per una pelle tonica e idratata a lungo"}]},{"@type":"WebSite","@id":"https:\/\/www.erboristerie.com\/it\/#website","url":"https:\/\/www.erboristerie.com\/it\/","name":"Erboristeria Demetra","description":"La tua salute al naturale","publisher":{"@id":"https:\/\/www.erboristerie.com\/it\/#organization"},"potentialAction":[{"@type":"SearchAction","target":{"@type":"EntryPoint","urlTemplate":"https:\/\/www.erboristerie.com\/it\/?s={search_term_string}"},"query-input":{"@type":"PropertyValueSpecification","valueRequired":true,"valueName":"search_term_string"}}],"inLanguage":"it-IT"},{"@type":"Organization","@id":"https:\/\/www.erboristerie.com\/it\/#organization","name":"Erboristeria Demetra","url":"https:\/\/www.erboristerie.com\/it\/","logo":{"@type":"ImageObject","inLanguage":"it-IT","@id":"https:\/\/www.erboristerie.com\/it\/#\/schema\/logo\/image\/","url":"https:\/\/www.erboristerie.com\/wp-content\/uploads\/2019\/11\/LOGO_ERBORISTERIA_DEMETRA_original.png?v=1611516981","contentUrl":"https:\/\/www.erboristerie.com\/wp-content\/uploads\/2019\/11\/LOGO_ERBORISTERIA_DEMETRA_original.png?v=1611516981","width":201,"height":54,"caption":"Erboristeria Demetra"},"image":{"@id":"https:\/\/www.erboristerie.com\/it\/#\/schema\/logo\/image\/"},"sameAs":["https:\/\/www.facebook.com\/erboristeria.demetra.online"]}]}},"_links":{"self":[{"href":"https:\/\/www.erboristerie.com\/it\/wp-json\/wp\/v2\/product\/112462","targetHints":{"allow":["GET"]}}],"collection":[{"href":"https:\/\/www.erboristerie.com\/it\/wp-json\/wp\/v2\/product"}],"about":[{"href":"https:\/\/www.erboristerie.com\/it\/wp-json\/wp\/v2\/types\/product"}],"wp:featuredmedia":[{"embeddable":true,"href":"https:\/\/www.erboristerie.com\/it\/wp-json\/wp\/v2\/media\/112463"}],"wp:attachment":[{"href":"https:\/\/www.erboristerie.com\/it\/wp-json\/wp\/v2\/media?parent=112462"}],"wp:term":[{"taxonomy":"product_brand","embeddable":true,"href":"https:\/\/www.erboristerie.com\/it\/wp-json\/wp\/v2\/product_brand?post=112462"},{"taxonomy":"product_cat","embeddable":true,"href":"https:\/\/www.erboristerie.com\/it\/wp-json\/wp\/v2\/product_cat?post=112462"},{"taxonomy":"product_tag","embeddable":true,"href":"https:\/\/www.erboristerie.com\/it\/wp-json\/wp\/v2\/product_tag?post=112462"},{"taxonomy":"giftcard-category","embeddable":true,"href":"https:\/\/www.erboristerie.com\/it\/wp-json\/wp\/v2\/giftcard-category?post=112462"}],"curies":[{"name":"wp","href":"https:\/\/api.w.org\/{rel}","templated":true}]}}