{"id":110932,"date":"2021-04-02T14:56:20","date_gmt":"2021-04-02T12:56:20","guid":{"rendered":"https:\/\/www.erboristerie.com\/?post_type=product&#038;p=110932"},"modified":"2025-09-10T18:54:14","modified_gmt":"2025-09-10T16:54:14","slug":"crema-viso-alla-canapa-biologica-nutrimento-straordinario-per-pelli-spente-e-stressate-50ml-lerbolario","status":"publish","type":"product","link":"https:\/\/www.erboristerie.com\/it\/prodotto\/crema-viso-alla-canapa-biologica-nutrimento-straordinario-per-pelli-spente-e-stressate-50ml-lerbolario\/","title":{"rendered":"Crema Viso alla Canapa Biologica Nutrimento straordinario per pelli spente e stressate 50ml L&#8217;Erbolario"},"content":{"rendered":"<p><strong>Canapa Biologica Crema Viso Nutrimento straordinario per pelli spente e stressate 50ml &#8211; L&#8217;Erbolario<\/strong><\/p>\n<p>Con Olio e Bioliquefatto di semi di Canapa biologica: l\u2019aspetto pi\u00f9 compatto, disteso e luminoso del viso, \u00e8 il pi\u00f9 naturale dei risultati!<\/p>\n<p>Ricchissima di sostanze funzionali, questa formulazione punta in particolare sull\u2019azione nutriente e tonificante dell\u2019<strong>Olio e del Bioliquefatto di semi di Canapa biologica (Cannabis sativa)<\/strong>: la loro efficacia lascer\u00e0 stupefatta persino la pelle pi\u00f9 spenta e facilmente irritabile.<\/p>\n<p>Un effetto potenziato dal vigore nutriente, vellutante, antiossidante di molti e pregiati Burri e Oli biologici.<\/p>\n<p><strong>Modo d&#8217;uso<\/strong><\/p>\n<p>Applicare il prodotto sul viso deterso. Ideale mattina e sera, \u00e8 anche un\u2019ottima base per il trucco.<\/p>\n<p>Il flacone da 50ml sistema AIRLESS non permette all\u2019aria di entrare in contatto con la Crema e tutela l\u2019integrit\u00e0 del formulato e dei suoi principi attivi.<\/p>\n<p><strong>Sostanze funzionali<\/strong><\/p>\n<p>Olio e Bioliquefatto di semi di Canapa biologica, Burri di Karit\u00e8, Cacao e Cocco biologici, Oli di Girasole e di Jojoba biologici, Olio di Oliva biologico da frantoio italiano, Acqua distillata di Zenzero biologico, Acido Ialuronico ad alto peso molecolare, Alfa bisabololo da Candeia biologico, Vitamina E dai semi della Soja.<\/p>\n<p>23,49% Biologico sul totale.<br \/>\n99,20% Origine naturale sul totale.<\/p>\n<p><strong>Ingredienti INCI<\/strong><\/p>\n<p>Aqua (water), glycerin, helianthus annuus (sunflower) seed oil, zingiber officinale (ginger) water*, C15-C19 alkane, sucrose polystearate, dicaprylyl ether, cannabis sativa seed oil*, simmondsia chinensis (jojoba) seed oil*, cetearyl alcohol, olea europaea (olive) fruit oil*, microcrystalline cellulose, butyrospermum parkii (shea) butter*, cannabis sativa seed extract*, sodium hyaluronate, cocos nucifera (coconut) seed butter*, theobroma cacao (cocoa) seed butter*, olea europaea (olive) oil unsaponifiables, tocopherol, bisabolol*, rosmarinus officinalis (rosemary) leaf extract*, brassica campestris (rapeseed) seed oil*, cellulose gum, xanthan gum, sodium anisate, sodium levulinate, sodium stearoyl glutamate, caprylyl caprylate\/caprate, coco-caprylate, citric acid, sodium chloride, sodium phytate, parfum (fragrance), citronellol, eugenol, geraniol, limonene, linalool, benzyl alcohol, potassium sorbate, sodium benzoate.<\/p>\n<p>*DA AGRICOLTURA BIOLOGICA<\/p>\n<p><strong>Cosa sapere in pi\u00f9<\/strong><\/p>\n<p>100% Made in Italy<br \/>\n7 Metalli testati<br \/>\nDermatologicamente Testato<br \/>\nLAV \u2013 Dalla parte degli animali<br \/>\nSenza ingredienti di derivazione animale<br \/>\n12 MPaO (Period after Opening \u2013 periodo dopo l\u2019apertura)<\/p>\n","protected":false},"excerpt":{"rendered":"<p>Canapa Biologica Crema Viso Nutrimento straordinario per pelli spente e stressate 50ml &#8211; L&#8217;Erbolario Con Olio e Bioliquefatto di semi di Canapa biologica: l\u2019aspetto pi\u00f9 compatto, disteso e luminoso del viso, \u00e8 il pi\u00f9 naturale dei risultati! Ricchissima di sostanze funzionali, questa formulazione punta in&#8230;<\/p>\n","protected":false},"featured_media":110935,"template":"","meta":{"_acf_changed":false},"product_brand":[9603],"product_cat":[45040],"product_tag":[],"giftcard-category":[],"class_list":{"0":"post-110932","1":"product","2":"type-product","3":"status-publish","4":"has-post-thumbnail","6":"product_brand-erbolario","7":"product_cat-viso","8":"pa_formato-50-ml","9":"pa_linea-profumazione-viso","10":"pa_marca-lerbolario","11":"pa_tipologia-crema","13":"first","14":"instock","15":"sale","16":"taxable","17":"shipping-taxable","18":"purchasable","19":"product-type-simple"},"acf":[],"yoast_head":"<!-- This site is optimized with the Yoast SEO plugin v24.9 - https:\/\/yoast.com\/wordpress\/plugins\/seo\/ -->\n<title>Crema Viso alla Canapa Biologica Nutrimento straordinario per pelli spente e stressate 50ml L&#039;Erbolario - Erboristeria Demetra<\/title>\n<meta name=\"description\" content=\"Con Olio e Bioliquefatto di semi di Canapa biologica: l\u2019aspetto pi\u00f9 compatto, disteso e luminoso del viso, \u00e8 il pi\u00f9 naturale dei risultati!\" \/>\n<meta name=\"robots\" content=\"index, follow, max-snippet:-1, max-image-preview:large, max-video-preview:-1\" \/>\n<link rel=\"canonical\" href=\"https:\/\/www.erboristerie.com\/it\/prodotto\/crema-viso-alla-canapa-biologica-nutrimento-straordinario-per-pelli-spente-e-stressate-50ml-lerbolario\/\" \/>\n<meta property=\"og:locale\" content=\"it_IT\" \/>\n<meta property=\"og:type\" content=\"article\" \/>\n<meta property=\"og:title\" content=\"Crema Viso alla Canapa Biologica Nutrimento straordinario per pelli spente e stressate 50ml L&#039;Erbolario - Erboristeria Demetra\" \/>\n<meta property=\"og:description\" content=\"Con Olio e Bioliquefatto di semi di Canapa biologica: l\u2019aspetto pi\u00f9 compatto, disteso e luminoso del viso, \u00e8 il pi\u00f9 naturale dei risultati!\" \/>\n<meta property=\"og:url\" content=\"https:\/\/www.erboristerie.com\/it\/prodotto\/crema-viso-alla-canapa-biologica-nutrimento-straordinario-per-pelli-spente-e-stressate-50ml-lerbolario\/\" \/>\n<meta property=\"og:site_name\" content=\"Erboristeria Demetra\" \/>\n<meta property=\"article:publisher\" content=\"https:\/\/www.facebook.com\/erboristeria.demetra.online\" \/>\n<meta property=\"article:modified_time\" content=\"2025-09-10T16:54:14+00:00\" \/>\n<meta property=\"og:image\" content=\"https:\/\/www.erboristerie.com\/wp-content\/uploads\/2021\/04\/00010962.jpg\" \/>\n\t<meta property=\"og:image:width\" content=\"1000\" \/>\n\t<meta property=\"og:image:height\" content=\"1000\" \/>\n\t<meta property=\"og:image:type\" content=\"image\/jpeg\" \/>\n<meta name=\"twitter:card\" content=\"summary_large_image\" \/>\n<meta name=\"twitter:label1\" content=\"Tempo di lettura stimato\" \/>\n\t<meta name=\"twitter:data1\" content=\"2 minuti\" \/>\n<script type=\"application\/ld+json\" class=\"yoast-schema-graph\">{\"@context\":\"https:\/\/schema.org\",\"@graph\":[{\"@type\":\"WebPage\",\"@id\":\"https:\/\/www.erboristerie.com\/it\/prodotto\/crema-viso-alla-canapa-biologica-nutrimento-straordinario-per-pelli-spente-e-stressate-50ml-lerbolario\/\",\"url\":\"https:\/\/www.erboristerie.com\/it\/prodotto\/crema-viso-alla-canapa-biologica-nutrimento-straordinario-per-pelli-spente-e-stressate-50ml-lerbolario\/\",\"name\":\"Crema Viso alla Canapa Biologica Nutrimento straordinario per pelli spente e stressate 50ml L'Erbolario - Erboristeria Demetra\",\"isPartOf\":{\"@id\":\"https:\/\/www.erboristerie.com\/it\/#website\"},\"primaryImageOfPage\":{\"@id\":\"https:\/\/www.erboristerie.com\/it\/prodotto\/crema-viso-alla-canapa-biologica-nutrimento-straordinario-per-pelli-spente-e-stressate-50ml-lerbolario\/#primaryimage\"},\"image\":{\"@id\":\"https:\/\/www.erboristerie.com\/it\/prodotto\/crema-viso-alla-canapa-biologica-nutrimento-straordinario-per-pelli-spente-e-stressate-50ml-lerbolario\/#primaryimage\"},\"thumbnailUrl\":\"https:\/\/www.erboristerie.com\/wp-content\/uploads\/2021\/04\/00010962.jpg\",\"datePublished\":\"2021-04-02T12:56:20+00:00\",\"dateModified\":\"2025-09-10T16:54:14+00:00\",\"description\":\"Con Olio e Bioliquefatto di semi di Canapa biologica: l\u2019aspetto pi\u00f9 compatto, disteso e luminoso del viso, \u00e8 il pi\u00f9 naturale dei risultati!\",\"breadcrumb\":{\"@id\":\"https:\/\/www.erboristerie.com\/it\/prodotto\/crema-viso-alla-canapa-biologica-nutrimento-straordinario-per-pelli-spente-e-stressate-50ml-lerbolario\/#breadcrumb\"},\"inLanguage\":\"it-IT\",\"potentialAction\":[{\"@type\":\"ReadAction\",\"target\":[\"https:\/\/www.erboristerie.com\/it\/prodotto\/crema-viso-alla-canapa-biologica-nutrimento-straordinario-per-pelli-spente-e-stressate-50ml-lerbolario\/\"]}]},{\"@type\":\"ImageObject\",\"inLanguage\":\"it-IT\",\"@id\":\"https:\/\/www.erboristerie.com\/it\/prodotto\/crema-viso-alla-canapa-biologica-nutrimento-straordinario-per-pelli-spente-e-stressate-50ml-lerbolario\/#primaryimage\",\"url\":\"https:\/\/www.erboristerie.com\/wp-content\/uploads\/2021\/04\/00010962.jpg\",\"contentUrl\":\"https:\/\/www.erboristerie.com\/wp-content\/uploads\/2021\/04\/00010962.jpg\",\"width\":1000,\"height\":1000,\"caption\":\"canapa biologica crema nutriente\"},{\"@type\":\"BreadcrumbList\",\"@id\":\"https:\/\/www.erboristerie.com\/it\/prodotto\/crema-viso-alla-canapa-biologica-nutrimento-straordinario-per-pelli-spente-e-stressate-50ml-lerbolario\/#breadcrumb\",\"itemListElement\":[{\"@type\":\"ListItem\",\"position\":1,\"name\":\"Home\",\"item\":\"https:\/\/www.erboristerie.com\/it\/\"},{\"@type\":\"ListItem\",\"position\":2,\"name\":\"Tutti i prodotti\",\"item\":\"https:\/\/www.erboristerie.com\/it\/tutti-i-prodotti\/\"},{\"@type\":\"ListItem\",\"position\":3,\"name\":\"Crema Viso alla Canapa Biologica Nutrimento straordinario per pelli spente e stressate 50ml L&#8217;Erbolario\"}]},{\"@type\":\"WebSite\",\"@id\":\"https:\/\/www.erboristerie.com\/it\/#website\",\"url\":\"https:\/\/www.erboristerie.com\/it\/\",\"name\":\"Erboristeria Demetra\",\"description\":\"La tua salute al naturale\",\"publisher\":{\"@id\":\"https:\/\/www.erboristerie.com\/it\/#organization\"},\"potentialAction\":[{\"@type\":\"SearchAction\",\"target\":{\"@type\":\"EntryPoint\",\"urlTemplate\":\"https:\/\/www.erboristerie.com\/it\/?s={search_term_string}\"},\"query-input\":{\"@type\":\"PropertyValueSpecification\",\"valueRequired\":true,\"valueName\":\"search_term_string\"}}],\"inLanguage\":\"it-IT\"},{\"@type\":\"Organization\",\"@id\":\"https:\/\/www.erboristerie.com\/it\/#organization\",\"name\":\"Erboristeria Demetra\",\"url\":\"https:\/\/www.erboristerie.com\/it\/\",\"logo\":{\"@type\":\"ImageObject\",\"inLanguage\":\"it-IT\",\"@id\":\"https:\/\/www.erboristerie.com\/it\/#\/schema\/logo\/image\/\",\"url\":\"https:\/\/www.erboristerie.com\/wp-content\/uploads\/2019\/11\/LOGO_ERBORISTERIA_DEMETRA_original.png?v=1611516981\",\"contentUrl\":\"https:\/\/www.erboristerie.com\/wp-content\/uploads\/2019\/11\/LOGO_ERBORISTERIA_DEMETRA_original.png?v=1611516981\",\"width\":201,\"height\":54,\"caption\":\"Erboristeria Demetra\"},\"image\":{\"@id\":\"https:\/\/www.erboristerie.com\/it\/#\/schema\/logo\/image\/\"},\"sameAs\":[\"https:\/\/www.facebook.com\/erboristeria.demetra.online\"]}]}<\/script>\n<!-- \/ Yoast SEO plugin. -->","yoast_head_json":{"title":"Crema Viso alla Canapa Biologica Nutrimento straordinario per pelli spente e stressate 50ml L'Erbolario - Erboristeria Demetra","description":"Con Olio e Bioliquefatto di semi di Canapa biologica: l\u2019aspetto pi\u00f9 compatto, disteso e luminoso del viso, \u00e8 il pi\u00f9 naturale dei risultati!","robots":{"index":"index","follow":"follow","max-snippet":"max-snippet:-1","max-image-preview":"max-image-preview:large","max-video-preview":"max-video-preview:-1"},"canonical":"https:\/\/www.erboristerie.com\/it\/prodotto\/crema-viso-alla-canapa-biologica-nutrimento-straordinario-per-pelli-spente-e-stressate-50ml-lerbolario\/","og_locale":"it_IT","og_type":"article","og_title":"Crema Viso alla Canapa Biologica Nutrimento straordinario per pelli spente e stressate 50ml L'Erbolario - Erboristeria Demetra","og_description":"Con Olio e Bioliquefatto di semi di Canapa biologica: l\u2019aspetto pi\u00f9 compatto, disteso e luminoso del viso, \u00e8 il pi\u00f9 naturale dei risultati!","og_url":"https:\/\/www.erboristerie.com\/it\/prodotto\/crema-viso-alla-canapa-biologica-nutrimento-straordinario-per-pelli-spente-e-stressate-50ml-lerbolario\/","og_site_name":"Erboristeria Demetra","article_publisher":"https:\/\/www.facebook.com\/erboristeria.demetra.online","article_modified_time":"2025-09-10T16:54:14+00:00","og_image":[{"width":1000,"height":1000,"url":"https:\/\/www.erboristerie.com\/wp-content\/uploads\/2021\/04\/00010962.jpg","type":"image\/jpeg"}],"twitter_card":"summary_large_image","twitter_misc":{"Tempo di lettura stimato":"2 minuti"},"schema":{"@context":"https:\/\/schema.org","@graph":[{"@type":"WebPage","@id":"https:\/\/www.erboristerie.com\/it\/prodotto\/crema-viso-alla-canapa-biologica-nutrimento-straordinario-per-pelli-spente-e-stressate-50ml-lerbolario\/","url":"https:\/\/www.erboristerie.com\/it\/prodotto\/crema-viso-alla-canapa-biologica-nutrimento-straordinario-per-pelli-spente-e-stressate-50ml-lerbolario\/","name":"Crema Viso alla Canapa Biologica Nutrimento straordinario per pelli spente e stressate 50ml L'Erbolario - Erboristeria Demetra","isPartOf":{"@id":"https:\/\/www.erboristerie.com\/it\/#website"},"primaryImageOfPage":{"@id":"https:\/\/www.erboristerie.com\/it\/prodotto\/crema-viso-alla-canapa-biologica-nutrimento-straordinario-per-pelli-spente-e-stressate-50ml-lerbolario\/#primaryimage"},"image":{"@id":"https:\/\/www.erboristerie.com\/it\/prodotto\/crema-viso-alla-canapa-biologica-nutrimento-straordinario-per-pelli-spente-e-stressate-50ml-lerbolario\/#primaryimage"},"thumbnailUrl":"https:\/\/www.erboristerie.com\/wp-content\/uploads\/2021\/04\/00010962.jpg","datePublished":"2021-04-02T12:56:20+00:00","dateModified":"2025-09-10T16:54:14+00:00","description":"Con Olio e Bioliquefatto di semi di Canapa biologica: l\u2019aspetto pi\u00f9 compatto, disteso e luminoso del viso, \u00e8 il pi\u00f9 naturale dei risultati!","breadcrumb":{"@id":"https:\/\/www.erboristerie.com\/it\/prodotto\/crema-viso-alla-canapa-biologica-nutrimento-straordinario-per-pelli-spente-e-stressate-50ml-lerbolario\/#breadcrumb"},"inLanguage":"it-IT","potentialAction":[{"@type":"ReadAction","target":["https:\/\/www.erboristerie.com\/it\/prodotto\/crema-viso-alla-canapa-biologica-nutrimento-straordinario-per-pelli-spente-e-stressate-50ml-lerbolario\/"]}]},{"@type":"ImageObject","inLanguage":"it-IT","@id":"https:\/\/www.erboristerie.com\/it\/prodotto\/crema-viso-alla-canapa-biologica-nutrimento-straordinario-per-pelli-spente-e-stressate-50ml-lerbolario\/#primaryimage","url":"https:\/\/www.erboristerie.com\/wp-content\/uploads\/2021\/04\/00010962.jpg","contentUrl":"https:\/\/www.erboristerie.com\/wp-content\/uploads\/2021\/04\/00010962.jpg","width":1000,"height":1000,"caption":"canapa biologica crema nutriente"},{"@type":"BreadcrumbList","@id":"https:\/\/www.erboristerie.com\/it\/prodotto\/crema-viso-alla-canapa-biologica-nutrimento-straordinario-per-pelli-spente-e-stressate-50ml-lerbolario\/#breadcrumb","itemListElement":[{"@type":"ListItem","position":1,"name":"Home","item":"https:\/\/www.erboristerie.com\/it\/"},{"@type":"ListItem","position":2,"name":"Tutti i prodotti","item":"https:\/\/www.erboristerie.com\/it\/tutti-i-prodotti\/"},{"@type":"ListItem","position":3,"name":"Crema Viso alla Canapa Biologica Nutrimento straordinario per pelli spente e stressate 50ml L&#8217;Erbolario"}]},{"@type":"WebSite","@id":"https:\/\/www.erboristerie.com\/it\/#website","url":"https:\/\/www.erboristerie.com\/it\/","name":"Erboristeria Demetra","description":"La tua salute al naturale","publisher":{"@id":"https:\/\/www.erboristerie.com\/it\/#organization"},"potentialAction":[{"@type":"SearchAction","target":{"@type":"EntryPoint","urlTemplate":"https:\/\/www.erboristerie.com\/it\/?s={search_term_string}"},"query-input":{"@type":"PropertyValueSpecification","valueRequired":true,"valueName":"search_term_string"}}],"inLanguage":"it-IT"},{"@type":"Organization","@id":"https:\/\/www.erboristerie.com\/it\/#organization","name":"Erboristeria Demetra","url":"https:\/\/www.erboristerie.com\/it\/","logo":{"@type":"ImageObject","inLanguage":"it-IT","@id":"https:\/\/www.erboristerie.com\/it\/#\/schema\/logo\/image\/","url":"https:\/\/www.erboristerie.com\/wp-content\/uploads\/2019\/11\/LOGO_ERBORISTERIA_DEMETRA_original.png?v=1611516981","contentUrl":"https:\/\/www.erboristerie.com\/wp-content\/uploads\/2019\/11\/LOGO_ERBORISTERIA_DEMETRA_original.png?v=1611516981","width":201,"height":54,"caption":"Erboristeria Demetra"},"image":{"@id":"https:\/\/www.erboristerie.com\/it\/#\/schema\/logo\/image\/"},"sameAs":["https:\/\/www.facebook.com\/erboristeria.demetra.online"]}]}},"_links":{"self":[{"href":"https:\/\/www.erboristerie.com\/it\/wp-json\/wp\/v2\/product\/110932","targetHints":{"allow":["GET"]}}],"collection":[{"href":"https:\/\/www.erboristerie.com\/it\/wp-json\/wp\/v2\/product"}],"about":[{"href":"https:\/\/www.erboristerie.com\/it\/wp-json\/wp\/v2\/types\/product"}],"wp:featuredmedia":[{"embeddable":true,"href":"https:\/\/www.erboristerie.com\/it\/wp-json\/wp\/v2\/media\/110935"}],"wp:attachment":[{"href":"https:\/\/www.erboristerie.com\/it\/wp-json\/wp\/v2\/media?parent=110932"}],"wp:term":[{"taxonomy":"product_brand","embeddable":true,"href":"https:\/\/www.erboristerie.com\/it\/wp-json\/wp\/v2\/product_brand?post=110932"},{"taxonomy":"product_cat","embeddable":true,"href":"https:\/\/www.erboristerie.com\/it\/wp-json\/wp\/v2\/product_cat?post=110932"},{"taxonomy":"product_tag","embeddable":true,"href":"https:\/\/www.erboristerie.com\/it\/wp-json\/wp\/v2\/product_tag?post=110932"},{"taxonomy":"giftcard-category","embeddable":true,"href":"https:\/\/www.erboristerie.com\/it\/wp-json\/wp\/v2\/giftcard-category?post=110932"}],"curies":[{"name":"wp","href":"https:\/\/api.w.org\/{rel}","templated":true}]}}