{"id":110080,"date":"2021-02-05T10:09:13","date_gmt":"2021-02-05T09:09:13","guid":{"rendered":"https:\/\/www.erboristerie.com\/?post_type=product&#038;p=110080"},"modified":"2025-04-04T10:05:08","modified_gmt":"2025-04-04T08:05:08","slug":"cuscino-noccioli-di-ciliegia-cuore-medio","status":"publish","type":"product","link":"https:\/\/www.erboristerie.com\/it\/prodotto\/cuscino-noccioli-di-ciliegia-cuore-medio\/","title":{"rendered":"CUSCINO NOCCIOLI DI CILIEGIA CUORE MEDIO"},"content":{"rendered":"<p><strong>CUSCINO NOCCOLI DI CILIEGIA A CUORE MEDIO<br \/>\nLAVABILE<\/strong><br \/>\n<strong>Peso 0,5 kg ca.<\/strong><br \/>\nRimedio della tradizione naturale. Pu\u00f2 essere riscaldato o raffreddato in base al trattamento desiderato.<br \/>\nRealizzato artigianalmente utilizzando materiali di prima scelta, come il cotone 100% naturale o i noccioli di ciliegia selezionati uno ad uno con cura, come si faceva una volta.<br \/>\nSe risacaldato il cuscino con noccioli di ciliegio, e&#8217; particolarmente utile in caso di dolori articolari, cervicali, torcicolli, coliche addominali e geloni, o semplice per godere di un piacevole tepore durante le stagioni pi\u00f9 fredde.<br \/>\nSe raffreddato in frigo o nel congelatore: risultando metodo efficace per alleviare dolori dovuti da contusioni, strappi muscolari, distorsioni, insolazioni, febbre, o come massaggio per stimolare la micro circolazione delle gambe e avere un po&#8217; di refrigerio durante le stagioni pi\u00f9 calde.<br \/>\n<strong>Consigli d&#8217;uso<\/strong><br \/>\nscaldare il cuscino nel forno tradizionale a 100\u00b0 per circa 5-6 minuti o nel microonde a 500-600 watt per 2 minuti o, ancora, semplicemente sopra un calorifero. Per raffreddarlo e&#8217; sufficiente metterlo in congelatore.<br \/>\n<strong>Easy Wash<\/strong> \u00e8 la modalit\u00e0 che permette di svuotare facilmente il cuscino e di lavare la fodera in lavatrice. La chiusura \u00e8 realizzata in modo tale che all&#8217;interno del cuscino ci sia un imbuto in stoffa che ne facilita lo svuotamento e successivo riempimento.<\/p>\n","protected":false},"excerpt":{"rendered":"<p>CUSCINO NOCCOLI DI CILIEGIA A CUORE MEDIO LAVABILE Peso 0,5 kg ca. Rimedio della tradizione naturale. Pu\u00f2 essere riscaldato o raffreddato in base al trattamento desiderato. Realizzato artigianalmente utilizzando materiali di prima scelta, come il cotone 100% naturale o i noccioli di ciliegia selezionati uno&#8230;<\/p>\n","protected":false},"featured_media":110151,"template":"","meta":{"_acf_changed":false},"product_brand":[45533],"product_cat":[9723],"product_tag":[12771,13753,17529,17534,45534],"giftcard-category":[],"class_list":{"0":"post-110080","1":"product","2":"type-product","3":"status-publish","4":"has-post-thumbnail","6":"product_brand-artigiani-ditalia","7":"product_cat-varie-4","8":"product_tag-ciliegia","9":"product_tag-cuore","10":"product_tag-cuscino","11":"product_tag-noccioli","12":"product_tag-san-valentino","14":"first","15":"instock","16":"taxable","17":"shipping-taxable","18":"purchasable","19":"product-type-simple"},"acf":[],"yoast_head":"<!-- This site is optimized with the Yoast SEO plugin v24.9 - https:\/\/yoast.com\/wordpress\/plugins\/seo\/ -->\n<title>CUSCINO NOCCIOLI DI CILIEGIA CUORE<\/title>\n<meta name=\"robots\" content=\"index, follow, max-snippet:-1, max-image-preview:large, max-video-preview:-1\" \/>\n<link rel=\"canonical\" href=\"https:\/\/www.erboristerie.com\/it\/prodotto\/cuscino-noccioli-di-ciliegia-cuore-medio\/\" \/>\n<meta property=\"og:locale\" content=\"it_IT\" \/>\n<meta property=\"og:type\" content=\"article\" \/>\n<meta property=\"og:title\" content=\"CUSCINO NOCCIOLI DI CILIEGIA CUORE\" \/>\n<meta property=\"og:description\" content=\"CUSCINO NOCCOLI DI CILIEGIA A CUORE MEDIO LAVABILE Peso 0,5 kg ca. Rimedio della tradizione naturale. Pu\u00f2 essere riscaldato o raffreddato in base al trattamento desiderato. Realizzato artigianalmente utilizzando materiali di prima scelta, come il cotone 100% naturale o i noccioli di ciliegia selezionati uno...\" \/>\n<meta property=\"og:url\" content=\"https:\/\/www.erboristerie.com\/it\/prodotto\/cuscino-noccioli-di-ciliegia-cuore-medio\/\" \/>\n<meta property=\"og:site_name\" content=\"Erboristeria Demetra\" \/>\n<meta property=\"article:publisher\" content=\"https:\/\/www.facebook.com\/erboristeria.demetra.online\" \/>\n<meta property=\"article:modified_time\" content=\"2025-04-04T08:05:08+00:00\" \/>\n<meta property=\"og:image\" content=\"https:\/\/www.erboristerie.com\/wp-content\/uploads\/2021\/02\/IMG_0032-1-rotated-e1612946744430.jpg\" \/>\n\t<meta property=\"og:image:width\" content=\"2016\" \/>\n\t<meta property=\"og:image:height\" content=\"1512\" \/>\n\t<meta property=\"og:image:type\" content=\"image\/jpeg\" \/>\n<meta name=\"twitter:card\" content=\"summary_large_image\" \/>\n<meta name=\"twitter:label1\" content=\"Tempo di lettura stimato\" \/>\n\t<meta name=\"twitter:data1\" content=\"1 minuto\" \/>\n<script type=\"application\/ld+json\" class=\"yoast-schema-graph\">{\"@context\":\"https:\/\/schema.org\",\"@graph\":[{\"@type\":\"WebPage\",\"@id\":\"https:\/\/www.erboristerie.com\/it\/prodotto\/cuscino-noccioli-di-ciliegia-cuore-medio\/\",\"url\":\"https:\/\/www.erboristerie.com\/it\/prodotto\/cuscino-noccioli-di-ciliegia-cuore-medio\/\",\"name\":\"CUSCINO NOCCIOLI DI CILIEGIA CUORE\",\"isPartOf\":{\"@id\":\"https:\/\/www.erboristerie.com\/it\/#website\"},\"primaryImageOfPage\":{\"@id\":\"https:\/\/www.erboristerie.com\/it\/prodotto\/cuscino-noccioli-di-ciliegia-cuore-medio\/#primaryimage\"},\"image\":{\"@id\":\"https:\/\/www.erboristerie.com\/it\/prodotto\/cuscino-noccioli-di-ciliegia-cuore-medio\/#primaryimage\"},\"thumbnailUrl\":\"https:\/\/www.erboristerie.com\/wp-content\/uploads\/2021\/02\/IMG_0032-1-rotated-e1612946744430.jpg\",\"datePublished\":\"2021-02-05T09:09:13+00:00\",\"dateModified\":\"2025-04-04T08:05:08+00:00\",\"breadcrumb\":{\"@id\":\"https:\/\/www.erboristerie.com\/it\/prodotto\/cuscino-noccioli-di-ciliegia-cuore-medio\/#breadcrumb\"},\"inLanguage\":\"it-IT\",\"potentialAction\":[{\"@type\":\"ReadAction\",\"target\":[\"https:\/\/www.erboristerie.com\/it\/prodotto\/cuscino-noccioli-di-ciliegia-cuore-medio\/\"]}]},{\"@type\":\"ImageObject\",\"inLanguage\":\"it-IT\",\"@id\":\"https:\/\/www.erboristerie.com\/it\/prodotto\/cuscino-noccioli-di-ciliegia-cuore-medio\/#primaryimage\",\"url\":\"https:\/\/www.erboristerie.com\/wp-content\/uploads\/2021\/02\/IMG_0032-1-rotated-e1612946744430.jpg\",\"contentUrl\":\"https:\/\/www.erboristerie.com\/wp-content\/uploads\/2021\/02\/IMG_0032-1-rotated-e1612946744430.jpg\",\"width\":2016,\"height\":1512},{\"@type\":\"BreadcrumbList\",\"@id\":\"https:\/\/www.erboristerie.com\/it\/prodotto\/cuscino-noccioli-di-ciliegia-cuore-medio\/#breadcrumb\",\"itemListElement\":[{\"@type\":\"ListItem\",\"position\":1,\"name\":\"Home\",\"item\":\"https:\/\/www.erboristerie.com\/it\/\"},{\"@type\":\"ListItem\",\"position\":2,\"name\":\"Tutti i prodotti\",\"item\":\"https:\/\/www.erboristerie.com\/it\/tutti-i-prodotti\/\"},{\"@type\":\"ListItem\",\"position\":3,\"name\":\"CUSCINO NOCCIOLI DI CILIEGIA CUORE MEDIO\"}]},{\"@type\":\"WebSite\",\"@id\":\"https:\/\/www.erboristerie.com\/it\/#website\",\"url\":\"https:\/\/www.erboristerie.com\/it\/\",\"name\":\"Erboristeria Demetra\",\"description\":\"La tua salute al naturale\",\"publisher\":{\"@id\":\"https:\/\/www.erboristerie.com\/it\/#organization\"},\"potentialAction\":[{\"@type\":\"SearchAction\",\"target\":{\"@type\":\"EntryPoint\",\"urlTemplate\":\"https:\/\/www.erboristerie.com\/it\/?s={search_term_string}\"},\"query-input\":{\"@type\":\"PropertyValueSpecification\",\"valueRequired\":true,\"valueName\":\"search_term_string\"}}],\"inLanguage\":\"it-IT\"},{\"@type\":\"Organization\",\"@id\":\"https:\/\/www.erboristerie.com\/it\/#organization\",\"name\":\"Erboristeria Demetra\",\"url\":\"https:\/\/www.erboristerie.com\/it\/\",\"logo\":{\"@type\":\"ImageObject\",\"inLanguage\":\"it-IT\",\"@id\":\"https:\/\/www.erboristerie.com\/it\/#\/schema\/logo\/image\/\",\"url\":\"https:\/\/www.erboristerie.com\/wp-content\/uploads\/2019\/11\/LOGO_ERBORISTERIA_DEMETRA_original.png?v=1611516981\",\"contentUrl\":\"https:\/\/www.erboristerie.com\/wp-content\/uploads\/2019\/11\/LOGO_ERBORISTERIA_DEMETRA_original.png?v=1611516981\",\"width\":201,\"height\":54,\"caption\":\"Erboristeria Demetra\"},\"image\":{\"@id\":\"https:\/\/www.erboristerie.com\/it\/#\/schema\/logo\/image\/\"},\"sameAs\":[\"https:\/\/www.facebook.com\/erboristeria.demetra.online\"]}]}<\/script>\n<!-- \/ Yoast SEO plugin. -->","yoast_head_json":{"title":"CUSCINO NOCCIOLI DI CILIEGIA CUORE","robots":{"index":"index","follow":"follow","max-snippet":"max-snippet:-1","max-image-preview":"max-image-preview:large","max-video-preview":"max-video-preview:-1"},"canonical":"https:\/\/www.erboristerie.com\/it\/prodotto\/cuscino-noccioli-di-ciliegia-cuore-medio\/","og_locale":"it_IT","og_type":"article","og_title":"CUSCINO NOCCIOLI DI CILIEGIA CUORE","og_description":"CUSCINO NOCCOLI DI CILIEGIA A CUORE MEDIO LAVABILE Peso 0,5 kg ca. Rimedio della tradizione naturale. Pu\u00f2 essere riscaldato o raffreddato in base al trattamento desiderato. Realizzato artigianalmente utilizzando materiali di prima scelta, come il cotone 100% naturale o i noccioli di ciliegia selezionati uno...","og_url":"https:\/\/www.erboristerie.com\/it\/prodotto\/cuscino-noccioli-di-ciliegia-cuore-medio\/","og_site_name":"Erboristeria Demetra","article_publisher":"https:\/\/www.facebook.com\/erboristeria.demetra.online","article_modified_time":"2025-04-04T08:05:08+00:00","og_image":[{"width":2016,"height":1512,"url":"https:\/\/www.erboristerie.com\/wp-content\/uploads\/2021\/02\/IMG_0032-1-rotated-e1612946744430.jpg","type":"image\/jpeg"}],"twitter_card":"summary_large_image","twitter_misc":{"Tempo di lettura stimato":"1 minuto"},"schema":{"@context":"https:\/\/schema.org","@graph":[{"@type":"WebPage","@id":"https:\/\/www.erboristerie.com\/it\/prodotto\/cuscino-noccioli-di-ciliegia-cuore-medio\/","url":"https:\/\/www.erboristerie.com\/it\/prodotto\/cuscino-noccioli-di-ciliegia-cuore-medio\/","name":"CUSCINO NOCCIOLI DI CILIEGIA CUORE","isPartOf":{"@id":"https:\/\/www.erboristerie.com\/it\/#website"},"primaryImageOfPage":{"@id":"https:\/\/www.erboristerie.com\/it\/prodotto\/cuscino-noccioli-di-ciliegia-cuore-medio\/#primaryimage"},"image":{"@id":"https:\/\/www.erboristerie.com\/it\/prodotto\/cuscino-noccioli-di-ciliegia-cuore-medio\/#primaryimage"},"thumbnailUrl":"https:\/\/www.erboristerie.com\/wp-content\/uploads\/2021\/02\/IMG_0032-1-rotated-e1612946744430.jpg","datePublished":"2021-02-05T09:09:13+00:00","dateModified":"2025-04-04T08:05:08+00:00","breadcrumb":{"@id":"https:\/\/www.erboristerie.com\/it\/prodotto\/cuscino-noccioli-di-ciliegia-cuore-medio\/#breadcrumb"},"inLanguage":"it-IT","potentialAction":[{"@type":"ReadAction","target":["https:\/\/www.erboristerie.com\/it\/prodotto\/cuscino-noccioli-di-ciliegia-cuore-medio\/"]}]},{"@type":"ImageObject","inLanguage":"it-IT","@id":"https:\/\/www.erboristerie.com\/it\/prodotto\/cuscino-noccioli-di-ciliegia-cuore-medio\/#primaryimage","url":"https:\/\/www.erboristerie.com\/wp-content\/uploads\/2021\/02\/IMG_0032-1-rotated-e1612946744430.jpg","contentUrl":"https:\/\/www.erboristerie.com\/wp-content\/uploads\/2021\/02\/IMG_0032-1-rotated-e1612946744430.jpg","width":2016,"height":1512},{"@type":"BreadcrumbList","@id":"https:\/\/www.erboristerie.com\/it\/prodotto\/cuscino-noccioli-di-ciliegia-cuore-medio\/#breadcrumb","itemListElement":[{"@type":"ListItem","position":1,"name":"Home","item":"https:\/\/www.erboristerie.com\/it\/"},{"@type":"ListItem","position":2,"name":"Tutti i prodotti","item":"https:\/\/www.erboristerie.com\/it\/tutti-i-prodotti\/"},{"@type":"ListItem","position":3,"name":"CUSCINO NOCCIOLI DI CILIEGIA CUORE MEDIO"}]},{"@type":"WebSite","@id":"https:\/\/www.erboristerie.com\/it\/#website","url":"https:\/\/www.erboristerie.com\/it\/","name":"Erboristeria Demetra","description":"La tua salute al naturale","publisher":{"@id":"https:\/\/www.erboristerie.com\/it\/#organization"},"potentialAction":[{"@type":"SearchAction","target":{"@type":"EntryPoint","urlTemplate":"https:\/\/www.erboristerie.com\/it\/?s={search_term_string}"},"query-input":{"@type":"PropertyValueSpecification","valueRequired":true,"valueName":"search_term_string"}}],"inLanguage":"it-IT"},{"@type":"Organization","@id":"https:\/\/www.erboristerie.com\/it\/#organization","name":"Erboristeria Demetra","url":"https:\/\/www.erboristerie.com\/it\/","logo":{"@type":"ImageObject","inLanguage":"it-IT","@id":"https:\/\/www.erboristerie.com\/it\/#\/schema\/logo\/image\/","url":"https:\/\/www.erboristerie.com\/wp-content\/uploads\/2019\/11\/LOGO_ERBORISTERIA_DEMETRA_original.png?v=1611516981","contentUrl":"https:\/\/www.erboristerie.com\/wp-content\/uploads\/2019\/11\/LOGO_ERBORISTERIA_DEMETRA_original.png?v=1611516981","width":201,"height":54,"caption":"Erboristeria Demetra"},"image":{"@id":"https:\/\/www.erboristerie.com\/it\/#\/schema\/logo\/image\/"},"sameAs":["https:\/\/www.facebook.com\/erboristeria.demetra.online"]}]}},"_links":{"self":[{"href":"https:\/\/www.erboristerie.com\/it\/wp-json\/wp\/v2\/product\/110080","targetHints":{"allow":["GET"]}}],"collection":[{"href":"https:\/\/www.erboristerie.com\/it\/wp-json\/wp\/v2\/product"}],"about":[{"href":"https:\/\/www.erboristerie.com\/it\/wp-json\/wp\/v2\/types\/product"}],"wp:featuredmedia":[{"embeddable":true,"href":"https:\/\/www.erboristerie.com\/it\/wp-json\/wp\/v2\/media\/110151"}],"wp:attachment":[{"href":"https:\/\/www.erboristerie.com\/it\/wp-json\/wp\/v2\/media?parent=110080"}],"wp:term":[{"taxonomy":"product_brand","embeddable":true,"href":"https:\/\/www.erboristerie.com\/it\/wp-json\/wp\/v2\/product_brand?post=110080"},{"taxonomy":"product_cat","embeddable":true,"href":"https:\/\/www.erboristerie.com\/it\/wp-json\/wp\/v2\/product_cat?post=110080"},{"taxonomy":"product_tag","embeddable":true,"href":"https:\/\/www.erboristerie.com\/it\/wp-json\/wp\/v2\/product_tag?post=110080"},{"taxonomy":"giftcard-category","embeddable":true,"href":"https:\/\/www.erboristerie.com\/it\/wp-json\/wp\/v2\/giftcard-category?post=110080"}],"curies":[{"name":"wp","href":"https:\/\/api.w.org\/{rel}","templated":true}]}}