{"id":110019,"date":"2021-01-28T12:39:50","date_gmt":"2021-01-28T11:39:50","guid":{"rendered":"https:\/\/www.erboristerie.com\/?post_type=product&#038;p=110019"},"modified":"2025-10-10T11:32:31","modified_gmt":"2025-10-10T09:32:31","slug":"coloriza-amarelli-100gr-liquirizia-confettata-100-naturale-golosa-e-sana","status":"publish","type":"product","link":"https:\/\/www.erboristerie.com\/it\/prodotto\/coloriza-amarelli-100gr-liquirizia-confettata-100-naturale-golosa-e-sana\/","title":{"rendered":"Coloriza Amarelli 100gr liquirizia confettata 100% naturale Golosa e sana"},"content":{"rendered":"<p><strong>Colorizia \u00e8 la Liquirizia Amarelli confettata<\/strong><\/p>\n<p>Colorizia \u00e8 la pi\u00f9 golosa liquirizia!<\/p>\n<p>Mini sassolini colorati di\u00a0 liquirizia gommosa con copertura di zucchero <strong>100% naturale<\/strong> in tutti suoi ingredienti e <strong>SOLO COLORANTI NATURALI<\/strong><\/p>\n<p><strong>Golosa e sana per i bambini<\/strong><\/p>\n<p>Formulata pensando ai bambini e al bambino che c&#8217;e&#8217; in ognuno di noi, ecco la nuovissima Colorizia, piccoli confetti di liquirizia morbida all\u2019anice ricoperta da un sottile strato di zucchero, dai gradevoli colori naturali.<\/p>\n<p><strong>Confezione<\/strong>: sacchettino sigillato da 100 grammi<\/p>\n<p>Amarelli \u00e8 la<strong> liquirizia migliore e pi\u00f9 famosa al mondo<\/strong> come certificato dal recente riconoscimento ricevuto dalla storica fabbrica.<\/p>\n","protected":false},"excerpt":{"rendered":"<p>Colorizia \u00e8 la Liquirizia Amarelli confettata Colorizia \u00e8 la pi\u00f9 golosa liquirizia! Mini sassolini colorati di\u00a0 liquirizia gommosa con copertura di zucchero 100% naturale in tutti suoi ingredienti e SOLO COLORANTI NATURALI Golosa e sana per i bambini Formulata pensando ai bambini e al bambino&#8230;<\/p>\n","protected":false},"featured_media":120343,"template":"","meta":{"_acf_changed":false},"product_brand":[9632],"product_cat":[9711],"product_tag":[12207,11443,20854,11824,12206,12208],"giftcard-category":[],"class_list":{"0":"post-110019","1":"product","2":"type-product","3":"status-publish","4":"has-post-thumbnail","6":"product_brand-amarelli","7":"product_cat-alimenti-vari","8":"product_tag-amarelli-2","9":"product_tag-liquirizia","10":"product_tag-liquore-2","11":"product_tag-omaggio","12":"product_tag-ricetta","13":"product_tag-spezzata","14":"pa_formato-100-grammi","15":"pa_linea-amarelli","16":"pa_marca-amarelli","17":"pa_tipologia-caramelle","19":"first","20":"instock","21":"sale","22":"taxable","23":"shipping-taxable","24":"purchasable","25":"product-type-simple"},"acf":[],"yoast_head":"<!-- This site is optimized with the Yoast SEO plugin v24.9 - https:\/\/yoast.com\/wordpress\/plugins\/seo\/ -->\n<title>Coloriza Amarelli 100gr liquirizia confettata 100% naturale Golosa e sana - Erboristeria Demetra<\/title>\n<meta name=\"description\" content=\"Ecco la nuovissima Colorizia, piccoli confetti di liquirizia morbida all\u2019anice ricoperta da un sottile strato di zucchero, dai gradevoli colori naturali\" \/>\n<meta name=\"robots\" content=\"index, follow, max-snippet:-1, max-image-preview:large, max-video-preview:-1\" \/>\n<link rel=\"canonical\" href=\"https:\/\/www.erboristerie.com\/it\/prodotto\/coloriza-amarelli-100gr-liquirizia-confettata-100-naturale-golosa-e-sana\/\" \/>\n<meta property=\"og:locale\" content=\"it_IT\" \/>\n<meta property=\"og:type\" content=\"article\" \/>\n<meta property=\"og:title\" content=\"Coloriza Amarelli 100gr liquirizia confettata 100% naturale Golosa e sana - Erboristeria Demetra\" \/>\n<meta property=\"og:description\" content=\"Ecco la nuovissima Colorizia, piccoli confetti di liquirizia morbida all\u2019anice ricoperta da un sottile strato di zucchero, dai gradevoli colori naturali\" \/>\n<meta property=\"og:url\" content=\"https:\/\/www.erboristerie.com\/it\/prodotto\/coloriza-amarelli-100gr-liquirizia-confettata-100-naturale-golosa-e-sana\/\" \/>\n<meta property=\"og:site_name\" content=\"Erboristeria Demetra\" \/>\n<meta property=\"article:publisher\" content=\"https:\/\/www.facebook.com\/erboristeria.demetra.online\" \/>\n<meta property=\"article:modified_time\" content=\"2025-10-10T09:32:31+00:00\" \/>\n<meta property=\"og:image\" content=\"https:\/\/www.erboristerie.com\/wp-content\/uploads\/2021\/01\/00007870-colorizia-liquirizia-amarelli.jpg\" \/>\n\t<meta property=\"og:image:width\" content=\"1200\" \/>\n\t<meta property=\"og:image:height\" content=\"675\" \/>\n\t<meta property=\"og:image:type\" content=\"image\/jpeg\" \/>\n<meta name=\"twitter:card\" content=\"summary_large_image\" \/>\n<meta name=\"twitter:label1\" content=\"Tempo di lettura stimato\" \/>\n\t<meta name=\"twitter:data1\" content=\"1 minuto\" \/>\n<script type=\"application\/ld+json\" class=\"yoast-schema-graph\">{\"@context\":\"https:\/\/schema.org\",\"@graph\":[{\"@type\":\"WebPage\",\"@id\":\"https:\/\/www.erboristerie.com\/it\/prodotto\/coloriza-amarelli-100gr-liquirizia-confettata-100-naturale-golosa-e-sana\/\",\"url\":\"https:\/\/www.erboristerie.com\/it\/prodotto\/coloriza-amarelli-100gr-liquirizia-confettata-100-naturale-golosa-e-sana\/\",\"name\":\"Coloriza Amarelli 100gr liquirizia confettata 100% naturale Golosa e sana - Erboristeria Demetra\",\"isPartOf\":{\"@id\":\"https:\/\/www.erboristerie.com\/it\/#website\"},\"primaryImageOfPage\":{\"@id\":\"https:\/\/www.erboristerie.com\/it\/prodotto\/coloriza-amarelli-100gr-liquirizia-confettata-100-naturale-golosa-e-sana\/#primaryimage\"},\"image\":{\"@id\":\"https:\/\/www.erboristerie.com\/it\/prodotto\/coloriza-amarelli-100gr-liquirizia-confettata-100-naturale-golosa-e-sana\/#primaryimage\"},\"thumbnailUrl\":\"https:\/\/www.erboristerie.com\/wp-content\/uploads\/2021\/01\/00007870-colorizia-liquirizia-amarelli.jpg\",\"datePublished\":\"2021-01-28T11:39:50+00:00\",\"dateModified\":\"2025-10-10T09:32:31+00:00\",\"description\":\"Ecco la nuovissima Colorizia, piccoli confetti di liquirizia morbida all\u2019anice ricoperta da un sottile strato di zucchero, dai gradevoli colori naturali\",\"breadcrumb\":{\"@id\":\"https:\/\/www.erboristerie.com\/it\/prodotto\/coloriza-amarelli-100gr-liquirizia-confettata-100-naturale-golosa-e-sana\/#breadcrumb\"},\"inLanguage\":\"it-IT\",\"potentialAction\":[{\"@type\":\"ReadAction\",\"target\":[\"https:\/\/www.erboristerie.com\/it\/prodotto\/coloriza-amarelli-100gr-liquirizia-confettata-100-naturale-golosa-e-sana\/\"]}]},{\"@type\":\"ImageObject\",\"inLanguage\":\"it-IT\",\"@id\":\"https:\/\/www.erboristerie.com\/it\/prodotto\/coloriza-amarelli-100gr-liquirizia-confettata-100-naturale-golosa-e-sana\/#primaryimage\",\"url\":\"https:\/\/www.erboristerie.com\/wp-content\/uploads\/2021\/01\/00007870-colorizia-liquirizia-amarelli.jpg\",\"contentUrl\":\"https:\/\/www.erboristerie.com\/wp-content\/uploads\/2021\/01\/00007870-colorizia-liquirizia-amarelli.jpg\",\"width\":1200,\"height\":675},{\"@type\":\"BreadcrumbList\",\"@id\":\"https:\/\/www.erboristerie.com\/it\/prodotto\/coloriza-amarelli-100gr-liquirizia-confettata-100-naturale-golosa-e-sana\/#breadcrumb\",\"itemListElement\":[{\"@type\":\"ListItem\",\"position\":1,\"name\":\"Home\",\"item\":\"https:\/\/www.erboristerie.com\/it\/\"},{\"@type\":\"ListItem\",\"position\":2,\"name\":\"Tutti i prodotti\",\"item\":\"https:\/\/www.erboristerie.com\/it\/tutti-i-prodotti\/\"},{\"@type\":\"ListItem\",\"position\":3,\"name\":\"Coloriza Amarelli 100gr liquirizia confettata 100% naturale Golosa e sana\"}]},{\"@type\":\"WebSite\",\"@id\":\"https:\/\/www.erboristerie.com\/it\/#website\",\"url\":\"https:\/\/www.erboristerie.com\/it\/\",\"name\":\"Erboristeria Demetra\",\"description\":\"La tua salute al naturale\",\"publisher\":{\"@id\":\"https:\/\/www.erboristerie.com\/it\/#organization\"},\"potentialAction\":[{\"@type\":\"SearchAction\",\"target\":{\"@type\":\"EntryPoint\",\"urlTemplate\":\"https:\/\/www.erboristerie.com\/it\/?s={search_term_string}\"},\"query-input\":{\"@type\":\"PropertyValueSpecification\",\"valueRequired\":true,\"valueName\":\"search_term_string\"}}],\"inLanguage\":\"it-IT\"},{\"@type\":\"Organization\",\"@id\":\"https:\/\/www.erboristerie.com\/it\/#organization\",\"name\":\"Erboristeria Demetra\",\"url\":\"https:\/\/www.erboristerie.com\/it\/\",\"logo\":{\"@type\":\"ImageObject\",\"inLanguage\":\"it-IT\",\"@id\":\"https:\/\/www.erboristerie.com\/it\/#\/schema\/logo\/image\/\",\"url\":\"https:\/\/www.erboristerie.com\/wp-content\/uploads\/2019\/11\/LOGO_ERBORISTERIA_DEMETRA_original.png?v=1611516981\",\"contentUrl\":\"https:\/\/www.erboristerie.com\/wp-content\/uploads\/2019\/11\/LOGO_ERBORISTERIA_DEMETRA_original.png?v=1611516981\",\"width\":201,\"height\":54,\"caption\":\"Erboristeria Demetra\"},\"image\":{\"@id\":\"https:\/\/www.erboristerie.com\/it\/#\/schema\/logo\/image\/\"},\"sameAs\":[\"https:\/\/www.facebook.com\/erboristeria.demetra.online\"]}]}<\/script>\n<!-- \/ Yoast SEO plugin. -->","yoast_head_json":{"title":"Coloriza Amarelli 100gr liquirizia confettata 100% naturale Golosa e sana - Erboristeria Demetra","description":"Ecco la nuovissima Colorizia, piccoli confetti di liquirizia morbida all\u2019anice ricoperta da un sottile strato di zucchero, dai gradevoli colori naturali","robots":{"index":"index","follow":"follow","max-snippet":"max-snippet:-1","max-image-preview":"max-image-preview:large","max-video-preview":"max-video-preview:-1"},"canonical":"https:\/\/www.erboristerie.com\/it\/prodotto\/coloriza-amarelli-100gr-liquirizia-confettata-100-naturale-golosa-e-sana\/","og_locale":"it_IT","og_type":"article","og_title":"Coloriza Amarelli 100gr liquirizia confettata 100% naturale Golosa e sana - Erboristeria Demetra","og_description":"Ecco la nuovissima Colorizia, piccoli confetti di liquirizia morbida all\u2019anice ricoperta da un sottile strato di zucchero, dai gradevoli colori naturali","og_url":"https:\/\/www.erboristerie.com\/it\/prodotto\/coloriza-amarelli-100gr-liquirizia-confettata-100-naturale-golosa-e-sana\/","og_site_name":"Erboristeria Demetra","article_publisher":"https:\/\/www.facebook.com\/erboristeria.demetra.online","article_modified_time":"2025-10-10T09:32:31+00:00","og_image":[{"width":1200,"height":675,"url":"https:\/\/www.erboristerie.com\/wp-content\/uploads\/2021\/01\/00007870-colorizia-liquirizia-amarelli.jpg","type":"image\/jpeg"}],"twitter_card":"summary_large_image","twitter_misc":{"Tempo di lettura stimato":"1 minuto"},"schema":{"@context":"https:\/\/schema.org","@graph":[{"@type":"WebPage","@id":"https:\/\/www.erboristerie.com\/it\/prodotto\/coloriza-amarelli-100gr-liquirizia-confettata-100-naturale-golosa-e-sana\/","url":"https:\/\/www.erboristerie.com\/it\/prodotto\/coloriza-amarelli-100gr-liquirizia-confettata-100-naturale-golosa-e-sana\/","name":"Coloriza Amarelli 100gr liquirizia confettata 100% naturale Golosa e sana - Erboristeria Demetra","isPartOf":{"@id":"https:\/\/www.erboristerie.com\/it\/#website"},"primaryImageOfPage":{"@id":"https:\/\/www.erboristerie.com\/it\/prodotto\/coloriza-amarelli-100gr-liquirizia-confettata-100-naturale-golosa-e-sana\/#primaryimage"},"image":{"@id":"https:\/\/www.erboristerie.com\/it\/prodotto\/coloriza-amarelli-100gr-liquirizia-confettata-100-naturale-golosa-e-sana\/#primaryimage"},"thumbnailUrl":"https:\/\/www.erboristerie.com\/wp-content\/uploads\/2021\/01\/00007870-colorizia-liquirizia-amarelli.jpg","datePublished":"2021-01-28T11:39:50+00:00","dateModified":"2025-10-10T09:32:31+00:00","description":"Ecco la nuovissima Colorizia, piccoli confetti di liquirizia morbida all\u2019anice ricoperta da un sottile strato di zucchero, dai gradevoli colori naturali","breadcrumb":{"@id":"https:\/\/www.erboristerie.com\/it\/prodotto\/coloriza-amarelli-100gr-liquirizia-confettata-100-naturale-golosa-e-sana\/#breadcrumb"},"inLanguage":"it-IT","potentialAction":[{"@type":"ReadAction","target":["https:\/\/www.erboristerie.com\/it\/prodotto\/coloriza-amarelli-100gr-liquirizia-confettata-100-naturale-golosa-e-sana\/"]}]},{"@type":"ImageObject","inLanguage":"it-IT","@id":"https:\/\/www.erboristerie.com\/it\/prodotto\/coloriza-amarelli-100gr-liquirizia-confettata-100-naturale-golosa-e-sana\/#primaryimage","url":"https:\/\/www.erboristerie.com\/wp-content\/uploads\/2021\/01\/00007870-colorizia-liquirizia-amarelli.jpg","contentUrl":"https:\/\/www.erboristerie.com\/wp-content\/uploads\/2021\/01\/00007870-colorizia-liquirizia-amarelli.jpg","width":1200,"height":675},{"@type":"BreadcrumbList","@id":"https:\/\/www.erboristerie.com\/it\/prodotto\/coloriza-amarelli-100gr-liquirizia-confettata-100-naturale-golosa-e-sana\/#breadcrumb","itemListElement":[{"@type":"ListItem","position":1,"name":"Home","item":"https:\/\/www.erboristerie.com\/it\/"},{"@type":"ListItem","position":2,"name":"Tutti i prodotti","item":"https:\/\/www.erboristerie.com\/it\/tutti-i-prodotti\/"},{"@type":"ListItem","position":3,"name":"Coloriza Amarelli 100gr liquirizia confettata 100% naturale Golosa e sana"}]},{"@type":"WebSite","@id":"https:\/\/www.erboristerie.com\/it\/#website","url":"https:\/\/www.erboristerie.com\/it\/","name":"Erboristeria Demetra","description":"La tua salute al naturale","publisher":{"@id":"https:\/\/www.erboristerie.com\/it\/#organization"},"potentialAction":[{"@type":"SearchAction","target":{"@type":"EntryPoint","urlTemplate":"https:\/\/www.erboristerie.com\/it\/?s={search_term_string}"},"query-input":{"@type":"PropertyValueSpecification","valueRequired":true,"valueName":"search_term_string"}}],"inLanguage":"it-IT"},{"@type":"Organization","@id":"https:\/\/www.erboristerie.com\/it\/#organization","name":"Erboristeria Demetra","url":"https:\/\/www.erboristerie.com\/it\/","logo":{"@type":"ImageObject","inLanguage":"it-IT","@id":"https:\/\/www.erboristerie.com\/it\/#\/schema\/logo\/image\/","url":"https:\/\/www.erboristerie.com\/wp-content\/uploads\/2019\/11\/LOGO_ERBORISTERIA_DEMETRA_original.png?v=1611516981","contentUrl":"https:\/\/www.erboristerie.com\/wp-content\/uploads\/2019\/11\/LOGO_ERBORISTERIA_DEMETRA_original.png?v=1611516981","width":201,"height":54,"caption":"Erboristeria Demetra"},"image":{"@id":"https:\/\/www.erboristerie.com\/it\/#\/schema\/logo\/image\/"},"sameAs":["https:\/\/www.facebook.com\/erboristeria.demetra.online"]}]}},"_links":{"self":[{"href":"https:\/\/www.erboristerie.com\/it\/wp-json\/wp\/v2\/product\/110019","targetHints":{"allow":["GET"]}}],"collection":[{"href":"https:\/\/www.erboristerie.com\/it\/wp-json\/wp\/v2\/product"}],"about":[{"href":"https:\/\/www.erboristerie.com\/it\/wp-json\/wp\/v2\/types\/product"}],"wp:featuredmedia":[{"embeddable":true,"href":"https:\/\/www.erboristerie.com\/it\/wp-json\/wp\/v2\/media\/120343"}],"wp:attachment":[{"href":"https:\/\/www.erboristerie.com\/it\/wp-json\/wp\/v2\/media?parent=110019"}],"wp:term":[{"taxonomy":"product_brand","embeddable":true,"href":"https:\/\/www.erboristerie.com\/it\/wp-json\/wp\/v2\/product_brand?post=110019"},{"taxonomy":"product_cat","embeddable":true,"href":"https:\/\/www.erboristerie.com\/it\/wp-json\/wp\/v2\/product_cat?post=110019"},{"taxonomy":"product_tag","embeddable":true,"href":"https:\/\/www.erboristerie.com\/it\/wp-json\/wp\/v2\/product_tag?post=110019"},{"taxonomy":"giftcard-category","embeddable":true,"href":"https:\/\/www.erboristerie.com\/it\/wp-json\/wp\/v2\/giftcard-category?post=110019"}],"curies":[{"name":"wp","href":"https:\/\/api.w.org\/{rel}","templated":true}]}}