{"id":108679,"date":"2021-01-16T18:02:47","date_gmt":"2021-01-16T17:02:47","guid":{"rendered":"https:\/\/www.erboristerie.com\/?post_type=product&#038;p=108679"},"modified":"2025-09-10T18:54:02","modified_gmt":"2025-09-10T16:54:02","slug":"acido-ialuronico-acquaspray-di-bellezza-150ml-lerbolario","status":"publish","type":"product","link":"https:\/\/www.erboristerie.com\/it\/prodotto\/acido-ialuronico-acquaspray-di-bellezza-150ml-lerbolario\/","title":{"rendered":"Acido Ialuronico Acquaspray di Bellezza 150ml L&#8217;Erbolario"},"content":{"rendered":"<p><strong>Acido Ialuronico Acquaspray di Bellezza 150ml &#8211; L&#8217;Erbolario<\/strong><\/p>\n<p>Come una cascata di bellezza, questo Spray dalla consistenza impalpabile tonifica e rinfresca la pelle, regalando un effetto rivitalizzante e una sensazione di comfort immediato.<\/p>\n<p>Grazie al nuovo Acido Ialuronico Ultrafiller e all\u2019innovativo Film Molecolare Idratante da Alghe rosse e Glucosio, l\u2019aspetto della pelle migliora visibilmente: l\u2019epidermide si riveler\u00e0 pi\u00f9 luminosa e distesa, con una grana pi\u00f9 fine e pori meno visibili.<\/p>\n<p><strong>Non contiene profumo<br \/>\n<\/strong>Senza siliconi, parabeni e petrolati.<br \/>\n97% ingredienti di origine naturale<br \/>\nLa restante percentuale di ingredienti garantisce stabilit\u00e0 e gradevolezza del prodotto.<\/p>\n<p><strong>Consigli d&#8217;uso<\/strong><\/p>\n<p>Nebulizzare sulla pelle del viso e del corpo ogni volta che si desideri rinfrescarla e idratarla. Ideale anche prima dell\u2019applicazione dell\u2019abituale trattamento, per potenziarne gli effetti, e ottima per fissare fondotinta o cipria.<\/p>\n<p>Agitare prima dell\u2019uso.<\/p>\n<p><strong>Sostanze funzionali<\/strong><\/p>\n<p>Acido Ialuronico Ultrafiller, distillato di polpa di Cocco, Film Molecolare Idratante da Alghe e Glucosio, Oligoelementi da Calcio, Sodio e Magnesio<\/p>\n<p><strong>Ingredienti (INCI)<\/strong><\/p>\n<p>Aqua (Water), Cocos Nucifera (Coconut) Water, Glycerin, Sodium Acetylated Hyaluronate, Chondrus Crispus Powder (Carrageenan), Glucose, Glyceryl Caprylate, Glyceryl Undecylenate, Citric Acid, Xanthan Gum, Sodium Chloride, Sodium Citrate, Calcium Chloride, Magnesium Sulfate, Sodium Anisate, Sodium Levulinate, Sodium Phytate, Benzyl Alcohol, Potassium Sorbate, Sodium Benzoate.<\/p>\n<p><strong>Cosa sapere in pi\u00f9<\/strong><\/p>\n<p>100% Made in Italy<br \/>\n8 Metalli testati<br \/>\nDermatologicamente Testato<br \/>\nLAV \u2013 Dalla parte degli animali<br \/>\nSenza ingredienti di derivazione animale<br \/>\n12 MPaO (Period after Opening \u2013 periodo dopo l\u2019apertura)<\/p>\n","protected":false},"excerpt":{"rendered":"<p>Acido Ialuronico Acquaspray di Bellezza 150ml &#8211; L&#8217;Erbolario Come una cascata di bellezza, questo Spray dalla consistenza impalpabile tonifica e rinfresca la pelle, regalando un effetto rivitalizzante e una sensazione di comfort immediato. Grazie al nuovo Acido Ialuronico Ultrafiller e all\u2019innovativo Film Molecolare Idratante da&#8230;<\/p>\n","protected":false},"featured_media":108682,"template":"","meta":{"_acf_changed":false},"product_brand":[9603],"product_cat":[45041,45040],"product_tag":[],"giftcard-category":[],"class_list":{"0":"post-108679","1":"product","2":"type-product","3":"status-publish","4":"has-post-thumbnail","6":"product_brand-erbolario","7":"product_cat-corpo","8":"product_cat-viso","9":"pa_formato-150-ml","10":"pa_linea-profumazione-acido-ialuronico","11":"pa_marca-lerbolario","12":"pa_tipologia-acqua-spray","14":"first","15":"instock","16":"sale","17":"taxable","18":"shipping-taxable","19":"purchasable","20":"product-type-simple"},"acf":[],"yoast_head":"<!-- This site is optimized with the Yoast SEO plugin v24.9 - https:\/\/yoast.com\/wordpress\/plugins\/seo\/ -->\n<title>Acido Ialuronico Acquaspray di Bellezza 150ml L&#039;Erbolario - Erboristeria Demetra<\/title>\n<meta name=\"description\" content=\"Dalla consistenza impalpabile tonifica e rinfresca la pelle, regalando un effetto rivitalizzante e una sensazione di comfort immediato.\" \/>\n<meta name=\"robots\" content=\"index, follow, max-snippet:-1, max-image-preview:large, max-video-preview:-1\" \/>\n<link rel=\"canonical\" href=\"https:\/\/www.erboristerie.com\/it\/prodotto\/acido-ialuronico-acquaspray-di-bellezza-150ml-lerbolario\/\" \/>\n<meta property=\"og:locale\" content=\"it_IT\" \/>\n<meta property=\"og:type\" content=\"article\" \/>\n<meta property=\"og:title\" content=\"Acido Ialuronico Acquaspray di Bellezza 150ml L&#039;Erbolario - Erboristeria Demetra\" \/>\n<meta property=\"og:description\" content=\"Dalla consistenza impalpabile tonifica e rinfresca la pelle, regalando un effetto rivitalizzante e una sensazione di comfort immediato.\" \/>\n<meta property=\"og:url\" content=\"https:\/\/www.erboristerie.com\/it\/prodotto\/acido-ialuronico-acquaspray-di-bellezza-150ml-lerbolario\/\" \/>\n<meta property=\"og:site_name\" content=\"Erboristeria Demetra\" \/>\n<meta property=\"article:publisher\" content=\"https:\/\/www.facebook.com\/erboristeria.demetra.online\" \/>\n<meta property=\"article:modified_time\" content=\"2025-09-10T16:54:02+00:00\" \/>\n<meta property=\"og:image\" content=\"https:\/\/www.erboristerie.com\/wp-content\/uploads\/2021\/01\/00010931.png?v=1611515899\" \/>\n\t<meta property=\"og:image:width\" content=\"1140\" \/>\n\t<meta property=\"og:image:height\" content=\"1140\" \/>\n\t<meta property=\"og:image:type\" content=\"image\/png\" \/>\n<meta name=\"twitter:card\" content=\"summary_large_image\" \/>\n<meta name=\"twitter:label1\" content=\"Tempo di lettura stimato\" \/>\n\t<meta name=\"twitter:data1\" content=\"2 minuti\" \/>\n<script type=\"application\/ld+json\" class=\"yoast-schema-graph\">{\"@context\":\"https:\/\/schema.org\",\"@graph\":[{\"@type\":\"WebPage\",\"@id\":\"https:\/\/www.erboristerie.com\/it\/prodotto\/acido-ialuronico-acquaspray-di-bellezza-150ml-lerbolario\/\",\"url\":\"https:\/\/www.erboristerie.com\/it\/prodotto\/acido-ialuronico-acquaspray-di-bellezza-150ml-lerbolario\/\",\"name\":\"Acido Ialuronico Acquaspray di Bellezza 150ml L'Erbolario - Erboristeria Demetra\",\"isPartOf\":{\"@id\":\"https:\/\/www.erboristerie.com\/it\/#website\"},\"primaryImageOfPage\":{\"@id\":\"https:\/\/www.erboristerie.com\/it\/prodotto\/acido-ialuronico-acquaspray-di-bellezza-150ml-lerbolario\/#primaryimage\"},\"image\":{\"@id\":\"https:\/\/www.erboristerie.com\/it\/prodotto\/acido-ialuronico-acquaspray-di-bellezza-150ml-lerbolario\/#primaryimage\"},\"thumbnailUrl\":\"https:\/\/www.erboristerie.com\/wp-content\/uploads\/2021\/01\/00010931.png?v=1611515899\",\"datePublished\":\"2021-01-16T17:02:47+00:00\",\"dateModified\":\"2025-09-10T16:54:02+00:00\",\"description\":\"Dalla consistenza impalpabile tonifica e rinfresca la pelle, regalando un effetto rivitalizzante e una sensazione di comfort immediato.\",\"breadcrumb\":{\"@id\":\"https:\/\/www.erboristerie.com\/it\/prodotto\/acido-ialuronico-acquaspray-di-bellezza-150ml-lerbolario\/#breadcrumb\"},\"inLanguage\":\"it-IT\",\"potentialAction\":[{\"@type\":\"ReadAction\",\"target\":[\"https:\/\/www.erboristerie.com\/it\/prodotto\/acido-ialuronico-acquaspray-di-bellezza-150ml-lerbolario\/\"]}]},{\"@type\":\"ImageObject\",\"inLanguage\":\"it-IT\",\"@id\":\"https:\/\/www.erboristerie.com\/it\/prodotto\/acido-ialuronico-acquaspray-di-bellezza-150ml-lerbolario\/#primaryimage\",\"url\":\"https:\/\/www.erboristerie.com\/wp-content\/uploads\/2021\/01\/00010931.png?v=1611515899\",\"contentUrl\":\"https:\/\/www.erboristerie.com\/wp-content\/uploads\/2021\/01\/00010931.png?v=1611515899\",\"width\":1140,\"height\":1140},{\"@type\":\"BreadcrumbList\",\"@id\":\"https:\/\/www.erboristerie.com\/it\/prodotto\/acido-ialuronico-acquaspray-di-bellezza-150ml-lerbolario\/#breadcrumb\",\"itemListElement\":[{\"@type\":\"ListItem\",\"position\":1,\"name\":\"Home\",\"item\":\"https:\/\/www.erboristerie.com\/it\/\"},{\"@type\":\"ListItem\",\"position\":2,\"name\":\"Tutti i prodotti\",\"item\":\"https:\/\/www.erboristerie.com\/it\/tutti-i-prodotti\/\"},{\"@type\":\"ListItem\",\"position\":3,\"name\":\"Acido Ialuronico Acquaspray di Bellezza 150ml L&#8217;Erbolario\"}]},{\"@type\":\"WebSite\",\"@id\":\"https:\/\/www.erboristerie.com\/it\/#website\",\"url\":\"https:\/\/www.erboristerie.com\/it\/\",\"name\":\"Erboristeria Demetra\",\"description\":\"La tua salute al naturale\",\"publisher\":{\"@id\":\"https:\/\/www.erboristerie.com\/it\/#organization\"},\"potentialAction\":[{\"@type\":\"SearchAction\",\"target\":{\"@type\":\"EntryPoint\",\"urlTemplate\":\"https:\/\/www.erboristerie.com\/it\/?s={search_term_string}\"},\"query-input\":{\"@type\":\"PropertyValueSpecification\",\"valueRequired\":true,\"valueName\":\"search_term_string\"}}],\"inLanguage\":\"it-IT\"},{\"@type\":\"Organization\",\"@id\":\"https:\/\/www.erboristerie.com\/it\/#organization\",\"name\":\"Erboristeria Demetra\",\"url\":\"https:\/\/www.erboristerie.com\/it\/\",\"logo\":{\"@type\":\"ImageObject\",\"inLanguage\":\"it-IT\",\"@id\":\"https:\/\/www.erboristerie.com\/it\/#\/schema\/logo\/image\/\",\"url\":\"https:\/\/www.erboristerie.com\/wp-content\/uploads\/2019\/11\/LOGO_ERBORISTERIA_DEMETRA_original.png?v=1611516981\",\"contentUrl\":\"https:\/\/www.erboristerie.com\/wp-content\/uploads\/2019\/11\/LOGO_ERBORISTERIA_DEMETRA_original.png?v=1611516981\",\"width\":201,\"height\":54,\"caption\":\"Erboristeria Demetra\"},\"image\":{\"@id\":\"https:\/\/www.erboristerie.com\/it\/#\/schema\/logo\/image\/\"},\"sameAs\":[\"https:\/\/www.facebook.com\/erboristeria.demetra.online\"]}]}<\/script>\n<!-- \/ Yoast SEO plugin. -->","yoast_head_json":{"title":"Acido Ialuronico Acquaspray di Bellezza 150ml L'Erbolario - Erboristeria Demetra","description":"Dalla consistenza impalpabile tonifica e rinfresca la pelle, regalando un effetto rivitalizzante e una sensazione di comfort immediato.","robots":{"index":"index","follow":"follow","max-snippet":"max-snippet:-1","max-image-preview":"max-image-preview:large","max-video-preview":"max-video-preview:-1"},"canonical":"https:\/\/www.erboristerie.com\/it\/prodotto\/acido-ialuronico-acquaspray-di-bellezza-150ml-lerbolario\/","og_locale":"it_IT","og_type":"article","og_title":"Acido Ialuronico Acquaspray di Bellezza 150ml L'Erbolario - Erboristeria Demetra","og_description":"Dalla consistenza impalpabile tonifica e rinfresca la pelle, regalando un effetto rivitalizzante e una sensazione di comfort immediato.","og_url":"https:\/\/www.erboristerie.com\/it\/prodotto\/acido-ialuronico-acquaspray-di-bellezza-150ml-lerbolario\/","og_site_name":"Erboristeria Demetra","article_publisher":"https:\/\/www.facebook.com\/erboristeria.demetra.online","article_modified_time":"2025-09-10T16:54:02+00:00","og_image":[{"width":1140,"height":1140,"url":"https:\/\/www.erboristerie.com\/wp-content\/uploads\/2021\/01\/00010931.png?v=1611515899","type":"image\/png"}],"twitter_card":"summary_large_image","twitter_misc":{"Tempo di lettura stimato":"2 minuti"},"schema":{"@context":"https:\/\/schema.org","@graph":[{"@type":"WebPage","@id":"https:\/\/www.erboristerie.com\/it\/prodotto\/acido-ialuronico-acquaspray-di-bellezza-150ml-lerbolario\/","url":"https:\/\/www.erboristerie.com\/it\/prodotto\/acido-ialuronico-acquaspray-di-bellezza-150ml-lerbolario\/","name":"Acido Ialuronico Acquaspray di Bellezza 150ml L'Erbolario - Erboristeria Demetra","isPartOf":{"@id":"https:\/\/www.erboristerie.com\/it\/#website"},"primaryImageOfPage":{"@id":"https:\/\/www.erboristerie.com\/it\/prodotto\/acido-ialuronico-acquaspray-di-bellezza-150ml-lerbolario\/#primaryimage"},"image":{"@id":"https:\/\/www.erboristerie.com\/it\/prodotto\/acido-ialuronico-acquaspray-di-bellezza-150ml-lerbolario\/#primaryimage"},"thumbnailUrl":"https:\/\/www.erboristerie.com\/wp-content\/uploads\/2021\/01\/00010931.png?v=1611515899","datePublished":"2021-01-16T17:02:47+00:00","dateModified":"2025-09-10T16:54:02+00:00","description":"Dalla consistenza impalpabile tonifica e rinfresca la pelle, regalando un effetto rivitalizzante e una sensazione di comfort immediato.","breadcrumb":{"@id":"https:\/\/www.erboristerie.com\/it\/prodotto\/acido-ialuronico-acquaspray-di-bellezza-150ml-lerbolario\/#breadcrumb"},"inLanguage":"it-IT","potentialAction":[{"@type":"ReadAction","target":["https:\/\/www.erboristerie.com\/it\/prodotto\/acido-ialuronico-acquaspray-di-bellezza-150ml-lerbolario\/"]}]},{"@type":"ImageObject","inLanguage":"it-IT","@id":"https:\/\/www.erboristerie.com\/it\/prodotto\/acido-ialuronico-acquaspray-di-bellezza-150ml-lerbolario\/#primaryimage","url":"https:\/\/www.erboristerie.com\/wp-content\/uploads\/2021\/01\/00010931.png?v=1611515899","contentUrl":"https:\/\/www.erboristerie.com\/wp-content\/uploads\/2021\/01\/00010931.png?v=1611515899","width":1140,"height":1140},{"@type":"BreadcrumbList","@id":"https:\/\/www.erboristerie.com\/it\/prodotto\/acido-ialuronico-acquaspray-di-bellezza-150ml-lerbolario\/#breadcrumb","itemListElement":[{"@type":"ListItem","position":1,"name":"Home","item":"https:\/\/www.erboristerie.com\/it\/"},{"@type":"ListItem","position":2,"name":"Tutti i prodotti","item":"https:\/\/www.erboristerie.com\/it\/tutti-i-prodotti\/"},{"@type":"ListItem","position":3,"name":"Acido Ialuronico Acquaspray di Bellezza 150ml L&#8217;Erbolario"}]},{"@type":"WebSite","@id":"https:\/\/www.erboristerie.com\/it\/#website","url":"https:\/\/www.erboristerie.com\/it\/","name":"Erboristeria Demetra","description":"La tua salute al naturale","publisher":{"@id":"https:\/\/www.erboristerie.com\/it\/#organization"},"potentialAction":[{"@type":"SearchAction","target":{"@type":"EntryPoint","urlTemplate":"https:\/\/www.erboristerie.com\/it\/?s={search_term_string}"},"query-input":{"@type":"PropertyValueSpecification","valueRequired":true,"valueName":"search_term_string"}}],"inLanguage":"it-IT"},{"@type":"Organization","@id":"https:\/\/www.erboristerie.com\/it\/#organization","name":"Erboristeria Demetra","url":"https:\/\/www.erboristerie.com\/it\/","logo":{"@type":"ImageObject","inLanguage":"it-IT","@id":"https:\/\/www.erboristerie.com\/it\/#\/schema\/logo\/image\/","url":"https:\/\/www.erboristerie.com\/wp-content\/uploads\/2019\/11\/LOGO_ERBORISTERIA_DEMETRA_original.png?v=1611516981","contentUrl":"https:\/\/www.erboristerie.com\/wp-content\/uploads\/2019\/11\/LOGO_ERBORISTERIA_DEMETRA_original.png?v=1611516981","width":201,"height":54,"caption":"Erboristeria Demetra"},"image":{"@id":"https:\/\/www.erboristerie.com\/it\/#\/schema\/logo\/image\/"},"sameAs":["https:\/\/www.facebook.com\/erboristeria.demetra.online"]}]}},"_links":{"self":[{"href":"https:\/\/www.erboristerie.com\/it\/wp-json\/wp\/v2\/product\/108679","targetHints":{"allow":["GET"]}}],"collection":[{"href":"https:\/\/www.erboristerie.com\/it\/wp-json\/wp\/v2\/product"}],"about":[{"href":"https:\/\/www.erboristerie.com\/it\/wp-json\/wp\/v2\/types\/product"}],"wp:featuredmedia":[{"embeddable":true,"href":"https:\/\/www.erboristerie.com\/it\/wp-json\/wp\/v2\/media\/108682"}],"wp:attachment":[{"href":"https:\/\/www.erboristerie.com\/it\/wp-json\/wp\/v2\/media?parent=108679"}],"wp:term":[{"taxonomy":"product_brand","embeddable":true,"href":"https:\/\/www.erboristerie.com\/it\/wp-json\/wp\/v2\/product_brand?post=108679"},{"taxonomy":"product_cat","embeddable":true,"href":"https:\/\/www.erboristerie.com\/it\/wp-json\/wp\/v2\/product_cat?post=108679"},{"taxonomy":"product_tag","embeddable":true,"href":"https:\/\/www.erboristerie.com\/it\/wp-json\/wp\/v2\/product_tag?post=108679"},{"taxonomy":"giftcard-category","embeddable":true,"href":"https:\/\/www.erboristerie.com\/it\/wp-json\/wp\/v2\/giftcard-category?post=108679"}],"curies":[{"name":"wp","href":"https:\/\/api.w.org\/{rel}","templated":true}]}}