{"id":107722,"date":"2020-10-28T11:39:19","date_gmt":"2020-10-28T10:39:19","guid":{"rendered":"https:\/\/www.erboristerie.com\/?post_type=product&#038;p=107722"},"modified":"2026-01-30T12:52:29","modified_gmt":"2026-01-30T11:52:29","slug":"quercetina-75-pastiglie-dr-giorgini-quercitina","status":"publish","type":"product","link":"https:\/\/www.erboristerie.com\/it\/prodotto\/quercetina-75-pastiglie-dr-giorgini-quercitina\/","title":{"rendered":"Quercetina 75 pastiglie dr. Giorgini &#8211; Quercitina 200mg"},"content":{"rendered":"<p><strong>Quercetina 75 pastiglie &#8211; dr. Giorgini<\/strong><br \/>\n75 pastiglie da 400 mg contenenti 200mg di Quercetina cadauna (75 dosi da 1 pastiglia)<\/p>\n<p>La Quercetina chiamata anche Quercitina \u00e8 un principio attivo naturale che appartiene alla famiglia dei flavonoidi, sostanze molto presenti nel mondo vegetale, che servono a proteggere le piante dagli attacchi di virus, batteri e funghi e dai raggi UV.<\/p>\n<p>Si ritrova nella frutta e nella verdura: fonti alimentari particolarmente ricche di Quercetina sono per esempio cipolle, radicchio, broccoli, sedano, capperi, mele, uva rossa, frutti di bosco, agrumi, e anche alcune bevande come il vino rosso e il t\u00e8 verde.<\/p>\n<p>Da qui l\u2019importanza di scegliere di consumare tutti i giorni una dieta varia ed equilibrata e tanta frutta e verdura, anche perch\u00e9 la produzione di Quercetina nei vegetali \u00e8 stimolata dalla luce e questo principio attivo \u00e8 concentrato maggiormente nelle bucce, nelle scorze e nelle foglie pi\u00f9 esterne, le parti che generalmente vengono scartate quando si mangia o si cucina.<\/p>\n<p><strong>Consigli d&#8217;uso<br \/>\n<\/strong>Si consiglia l\u2019assunzione di 1 pastiglia al giorno, in qualunque momento.<br \/>\nRichiudere accuratamente dopo l\u2019utilizzo.<\/p>\n<p><strong>Ingredienti<\/strong><br \/>\nQuercetina di origine vegetale, maltodestrine da mais o riso, gomma arabica\u00b0, cellulosa microcristallina\u00b0, silicio biossido\u00b0\u00b0, magnesio stearato di origine vegetale\u00b0\u00b0.<br \/>\n\u00b0Agente di carica.<br \/>\n\u00b0\u00b0Antiagglomerante.<\/p>\n<p>Non contiene conservanti, coloranti, aromi ed edulcoranti di sintesi.<br \/>\nProdotto adatto ai vegani.<\/p>\n","protected":false},"excerpt":{"rendered":"<p>Quercetina 75 pastiglie &#8211; dr. Giorgini 75 pastiglie da 400 mg contenenti 200mg di Quercetina cadauna (75 dosi da 1 pastiglia) La Quercetina chiamata anche Quercitina \u00e8 un principio attivo naturale che appartiene alla famiglia dei flavonoidi, sostanze molto presenti nel mondo vegetale, che servono&#8230;<\/p>\n","protected":false},"featured_media":107725,"template":"","meta":{"_acf_changed":false},"product_brand":[9598],"product_cat":[46276,10163,9855],"product_tag":[],"giftcard-category":[],"class_list":{"0":"post-107722","1":"product","2":"type-product","3":"status-publish","4":"has-post-thumbnail","6":"product_brand-dr-giorgini-martino-ser-vis","7":"product_cat-dr-sistema-immunitario","8":"product_cat-linea-oro-classica","9":"product_cat-sistema-immunitario","10":"pa_formato-75-pastiglie","11":"pa_linea-linea-oro","12":"pa_marca-dr-giorgini","13":"pa_tipologia-compresse","15":"first","16":"instock","17":"sale","18":"taxable","19":"shipping-taxable","20":"purchasable","21":"product-type-simple"},"acf":[],"yoast_head":"<!-- This site is optimized with the Yoast SEO plugin v24.9 - https:\/\/yoast.com\/wordpress\/plugins\/seo\/ -->\n<title>Quercetina 75 pastiglie dr. Giorgini - Quercitina 200mg - Erboristeria Demetra<\/title>\n<meta name=\"description\" content=\"Il dr. Giorgini Martino propone un nuovo integratore Quercetina di estrazione vegetale che contiene in ogni capsula vegetale 200 mg di Quercetina\" \/>\n<meta name=\"robots\" content=\"index, follow, max-snippet:-1, max-image-preview:large, max-video-preview:-1\" \/>\n<link rel=\"canonical\" href=\"https:\/\/www.erboristerie.com\/it\/prodotto\/quercetina-75-pastiglie-dr-giorgini-quercitina\/\" \/>\n<meta property=\"og:locale\" content=\"it_IT\" \/>\n<meta property=\"og:type\" content=\"article\" \/>\n<meta property=\"og:title\" content=\"Quercetina 75 pastiglie dr. Giorgini - Quercitina 200mg - Erboristeria Demetra\" \/>\n<meta property=\"og:description\" content=\"Il dr. Giorgini Martino propone un nuovo integratore Quercetina di estrazione vegetale che contiene in ogni capsula vegetale 200 mg di Quercetina\" \/>\n<meta property=\"og:url\" content=\"https:\/\/www.erboristerie.com\/it\/prodotto\/quercetina-75-pastiglie-dr-giorgini-quercitina\/\" \/>\n<meta property=\"og:site_name\" content=\"Erboristeria Demetra\" \/>\n<meta property=\"article:publisher\" content=\"https:\/\/www.facebook.com\/erboristeria.demetra.online\" \/>\n<meta property=\"article:modified_time\" content=\"2026-01-30T11:52:29+00:00\" \/>\n<meta property=\"og:image\" content=\"https:\/\/www.erboristerie.com\/wp-content\/uploads\/2020\/10\/00010917.jpg?v=1611516123\" \/>\n\t<meta property=\"og:image:width\" content=\"1200\" \/>\n\t<meta property=\"og:image:height\" content=\"1200\" \/>\n\t<meta property=\"og:image:type\" content=\"image\/jpeg\" \/>\n<meta name=\"twitter:card\" content=\"summary_large_image\" \/>\n<meta name=\"twitter:label1\" content=\"Tempo di lettura stimato\" \/>\n\t<meta name=\"twitter:data1\" content=\"1 minuto\" \/>\n<script type=\"application\/ld+json\" class=\"yoast-schema-graph\">{\"@context\":\"https:\/\/schema.org\",\"@graph\":[{\"@type\":\"WebPage\",\"@id\":\"https:\/\/www.erboristerie.com\/it\/prodotto\/quercetina-75-pastiglie-dr-giorgini-quercitina\/\",\"url\":\"https:\/\/www.erboristerie.com\/it\/prodotto\/quercetina-75-pastiglie-dr-giorgini-quercitina\/\",\"name\":\"Quercetina 75 pastiglie dr. Giorgini - Quercitina 200mg - Erboristeria Demetra\",\"isPartOf\":{\"@id\":\"https:\/\/www.erboristerie.com\/it\/#website\"},\"primaryImageOfPage\":{\"@id\":\"https:\/\/www.erboristerie.com\/it\/prodotto\/quercetina-75-pastiglie-dr-giorgini-quercitina\/#primaryimage\"},\"image\":{\"@id\":\"https:\/\/www.erboristerie.com\/it\/prodotto\/quercetina-75-pastiglie-dr-giorgini-quercitina\/#primaryimage\"},\"thumbnailUrl\":\"https:\/\/www.erboristerie.com\/wp-content\/uploads\/2020\/10\/00010917.jpg?v=1611516123\",\"datePublished\":\"2020-10-28T10:39:19+00:00\",\"dateModified\":\"2026-01-30T11:52:29+00:00\",\"description\":\"Il dr. Giorgini Martino propone un nuovo integratore Quercetina di estrazione vegetale che contiene in ogni capsula vegetale 200 mg di Quercetina\",\"breadcrumb\":{\"@id\":\"https:\/\/www.erboristerie.com\/it\/prodotto\/quercetina-75-pastiglie-dr-giorgini-quercitina\/#breadcrumb\"},\"inLanguage\":\"it-IT\",\"potentialAction\":[{\"@type\":\"ReadAction\",\"target\":[\"https:\/\/www.erboristerie.com\/it\/prodotto\/quercetina-75-pastiglie-dr-giorgini-quercitina\/\"]}]},{\"@type\":\"ImageObject\",\"inLanguage\":\"it-IT\",\"@id\":\"https:\/\/www.erboristerie.com\/it\/prodotto\/quercetina-75-pastiglie-dr-giorgini-quercitina\/#primaryimage\",\"url\":\"https:\/\/www.erboristerie.com\/wp-content\/uploads\/2020\/10\/00010917.jpg?v=1611516123\",\"contentUrl\":\"https:\/\/www.erboristerie.com\/wp-content\/uploads\/2020\/10\/00010917.jpg?v=1611516123\",\"width\":1200,\"height\":1200},{\"@type\":\"BreadcrumbList\",\"@id\":\"https:\/\/www.erboristerie.com\/it\/prodotto\/quercetina-75-pastiglie-dr-giorgini-quercitina\/#breadcrumb\",\"itemListElement\":[{\"@type\":\"ListItem\",\"position\":1,\"name\":\"Home\",\"item\":\"https:\/\/www.erboristerie.com\/it\/\"},{\"@type\":\"ListItem\",\"position\":2,\"name\":\"Tutti i prodotti\",\"item\":\"https:\/\/www.erboristerie.com\/it\/tutti-i-prodotti\/\"},{\"@type\":\"ListItem\",\"position\":3,\"name\":\"Quercetina 75 pastiglie dr. Giorgini &#8211; Quercitina 200mg\"}]},{\"@type\":\"WebSite\",\"@id\":\"https:\/\/www.erboristerie.com\/it\/#website\",\"url\":\"https:\/\/www.erboristerie.com\/it\/\",\"name\":\"Erboristeria Demetra\",\"description\":\"La tua salute al naturale\",\"publisher\":{\"@id\":\"https:\/\/www.erboristerie.com\/it\/#organization\"},\"potentialAction\":[{\"@type\":\"SearchAction\",\"target\":{\"@type\":\"EntryPoint\",\"urlTemplate\":\"https:\/\/www.erboristerie.com\/it\/?s={search_term_string}\"},\"query-input\":{\"@type\":\"PropertyValueSpecification\",\"valueRequired\":true,\"valueName\":\"search_term_string\"}}],\"inLanguage\":\"it-IT\"},{\"@type\":\"Organization\",\"@id\":\"https:\/\/www.erboristerie.com\/it\/#organization\",\"name\":\"Erboristeria Demetra\",\"url\":\"https:\/\/www.erboristerie.com\/it\/\",\"logo\":{\"@type\":\"ImageObject\",\"inLanguage\":\"it-IT\",\"@id\":\"https:\/\/www.erboristerie.com\/it\/#\/schema\/logo\/image\/\",\"url\":\"https:\/\/www.erboristerie.com\/wp-content\/uploads\/2019\/11\/LOGO_ERBORISTERIA_DEMETRA_original.png?v=1611516981\",\"contentUrl\":\"https:\/\/www.erboristerie.com\/wp-content\/uploads\/2019\/11\/LOGO_ERBORISTERIA_DEMETRA_original.png?v=1611516981\",\"width\":201,\"height\":54,\"caption\":\"Erboristeria Demetra\"},\"image\":{\"@id\":\"https:\/\/www.erboristerie.com\/it\/#\/schema\/logo\/image\/\"},\"sameAs\":[\"https:\/\/www.facebook.com\/erboristeria.demetra.online\"]}]}<\/script>\n<!-- \/ Yoast SEO plugin. -->","yoast_head_json":{"title":"Quercetina 75 pastiglie dr. Giorgini - Quercitina 200mg - Erboristeria Demetra","description":"Il dr. Giorgini Martino propone un nuovo integratore Quercetina di estrazione vegetale che contiene in ogni capsula vegetale 200 mg di Quercetina","robots":{"index":"index","follow":"follow","max-snippet":"max-snippet:-1","max-image-preview":"max-image-preview:large","max-video-preview":"max-video-preview:-1"},"canonical":"https:\/\/www.erboristerie.com\/it\/prodotto\/quercetina-75-pastiglie-dr-giorgini-quercitina\/","og_locale":"it_IT","og_type":"article","og_title":"Quercetina 75 pastiglie dr. Giorgini - Quercitina 200mg - Erboristeria Demetra","og_description":"Il dr. Giorgini Martino propone un nuovo integratore Quercetina di estrazione vegetale che contiene in ogni capsula vegetale 200 mg di Quercetina","og_url":"https:\/\/www.erboristerie.com\/it\/prodotto\/quercetina-75-pastiglie-dr-giorgini-quercitina\/","og_site_name":"Erboristeria Demetra","article_publisher":"https:\/\/www.facebook.com\/erboristeria.demetra.online","article_modified_time":"2026-01-30T11:52:29+00:00","og_image":[{"width":1200,"height":1200,"url":"https:\/\/www.erboristerie.com\/wp-content\/uploads\/2020\/10\/00010917.jpg?v=1611516123","type":"image\/jpeg"}],"twitter_card":"summary_large_image","twitter_misc":{"Tempo di lettura stimato":"1 minuto"},"schema":{"@context":"https:\/\/schema.org","@graph":[{"@type":"WebPage","@id":"https:\/\/www.erboristerie.com\/it\/prodotto\/quercetina-75-pastiglie-dr-giorgini-quercitina\/","url":"https:\/\/www.erboristerie.com\/it\/prodotto\/quercetina-75-pastiglie-dr-giorgini-quercitina\/","name":"Quercetina 75 pastiglie dr. Giorgini - Quercitina 200mg - Erboristeria Demetra","isPartOf":{"@id":"https:\/\/www.erboristerie.com\/it\/#website"},"primaryImageOfPage":{"@id":"https:\/\/www.erboristerie.com\/it\/prodotto\/quercetina-75-pastiglie-dr-giorgini-quercitina\/#primaryimage"},"image":{"@id":"https:\/\/www.erboristerie.com\/it\/prodotto\/quercetina-75-pastiglie-dr-giorgini-quercitina\/#primaryimage"},"thumbnailUrl":"https:\/\/www.erboristerie.com\/wp-content\/uploads\/2020\/10\/00010917.jpg?v=1611516123","datePublished":"2020-10-28T10:39:19+00:00","dateModified":"2026-01-30T11:52:29+00:00","description":"Il dr. Giorgini Martino propone un nuovo integratore Quercetina di estrazione vegetale che contiene in ogni capsula vegetale 200 mg di Quercetina","breadcrumb":{"@id":"https:\/\/www.erboristerie.com\/it\/prodotto\/quercetina-75-pastiglie-dr-giorgini-quercitina\/#breadcrumb"},"inLanguage":"it-IT","potentialAction":[{"@type":"ReadAction","target":["https:\/\/www.erboristerie.com\/it\/prodotto\/quercetina-75-pastiglie-dr-giorgini-quercitina\/"]}]},{"@type":"ImageObject","inLanguage":"it-IT","@id":"https:\/\/www.erboristerie.com\/it\/prodotto\/quercetina-75-pastiglie-dr-giorgini-quercitina\/#primaryimage","url":"https:\/\/www.erboristerie.com\/wp-content\/uploads\/2020\/10\/00010917.jpg?v=1611516123","contentUrl":"https:\/\/www.erboristerie.com\/wp-content\/uploads\/2020\/10\/00010917.jpg?v=1611516123","width":1200,"height":1200},{"@type":"BreadcrumbList","@id":"https:\/\/www.erboristerie.com\/it\/prodotto\/quercetina-75-pastiglie-dr-giorgini-quercitina\/#breadcrumb","itemListElement":[{"@type":"ListItem","position":1,"name":"Home","item":"https:\/\/www.erboristerie.com\/it\/"},{"@type":"ListItem","position":2,"name":"Tutti i prodotti","item":"https:\/\/www.erboristerie.com\/it\/tutti-i-prodotti\/"},{"@type":"ListItem","position":3,"name":"Quercetina 75 pastiglie dr. Giorgini &#8211; Quercitina 200mg"}]},{"@type":"WebSite","@id":"https:\/\/www.erboristerie.com\/it\/#website","url":"https:\/\/www.erboristerie.com\/it\/","name":"Erboristeria Demetra","description":"La tua salute al naturale","publisher":{"@id":"https:\/\/www.erboristerie.com\/it\/#organization"},"potentialAction":[{"@type":"SearchAction","target":{"@type":"EntryPoint","urlTemplate":"https:\/\/www.erboristerie.com\/it\/?s={search_term_string}"},"query-input":{"@type":"PropertyValueSpecification","valueRequired":true,"valueName":"search_term_string"}}],"inLanguage":"it-IT"},{"@type":"Organization","@id":"https:\/\/www.erboristerie.com\/it\/#organization","name":"Erboristeria Demetra","url":"https:\/\/www.erboristerie.com\/it\/","logo":{"@type":"ImageObject","inLanguage":"it-IT","@id":"https:\/\/www.erboristerie.com\/it\/#\/schema\/logo\/image\/","url":"https:\/\/www.erboristerie.com\/wp-content\/uploads\/2019\/11\/LOGO_ERBORISTERIA_DEMETRA_original.png?v=1611516981","contentUrl":"https:\/\/www.erboristerie.com\/wp-content\/uploads\/2019\/11\/LOGO_ERBORISTERIA_DEMETRA_original.png?v=1611516981","width":201,"height":54,"caption":"Erboristeria Demetra"},"image":{"@id":"https:\/\/www.erboristerie.com\/it\/#\/schema\/logo\/image\/"},"sameAs":["https:\/\/www.facebook.com\/erboristeria.demetra.online"]}]}},"_links":{"self":[{"href":"https:\/\/www.erboristerie.com\/it\/wp-json\/wp\/v2\/product\/107722","targetHints":{"allow":["GET"]}}],"collection":[{"href":"https:\/\/www.erboristerie.com\/it\/wp-json\/wp\/v2\/product"}],"about":[{"href":"https:\/\/www.erboristerie.com\/it\/wp-json\/wp\/v2\/types\/product"}],"wp:featuredmedia":[{"embeddable":true,"href":"https:\/\/www.erboristerie.com\/it\/wp-json\/wp\/v2\/media\/107725"}],"wp:attachment":[{"href":"https:\/\/www.erboristerie.com\/it\/wp-json\/wp\/v2\/media?parent=107722"}],"wp:term":[{"taxonomy":"product_brand","embeddable":true,"href":"https:\/\/www.erboristerie.com\/it\/wp-json\/wp\/v2\/product_brand?post=107722"},{"taxonomy":"product_cat","embeddable":true,"href":"https:\/\/www.erboristerie.com\/it\/wp-json\/wp\/v2\/product_cat?post=107722"},{"taxonomy":"product_tag","embeddable":true,"href":"https:\/\/www.erboristerie.com\/it\/wp-json\/wp\/v2\/product_tag?post=107722"},{"taxonomy":"giftcard-category","embeddable":true,"href":"https:\/\/www.erboristerie.com\/it\/wp-json\/wp\/v2\/giftcard-category?post=107722"}],"curies":[{"name":"wp","href":"https:\/\/api.w.org\/{rel}","templated":true}]}}