{"id":107555,"date":"2020-10-13T17:34:22","date_gmt":"2020-10-13T15:34:22","guid":{"rendered":"https:\/\/www.erboristerie.com\/?post_type=product&#038;p=107555"},"modified":"2026-02-04T12:04:38","modified_gmt":"2026-02-04T11:04:38","slug":"quercetina-30-capsule-vegetali-da-200mg-erbamea","status":"publish","type":"product","link":"https:\/\/www.erboristerie.com\/it\/prodotto\/quercetina-30-capsule-vegetali-da-200mg-erbamea\/","title":{"rendered":"Quercetina 30 capsule vegetali da 200mg Erbamea"},"content":{"rendered":"<p><strong>Quercetina 30 capsule vegetali da 200mg &#8211; Erbamea<\/strong><\/p>\n<p>La Quercetina chiamata anche Quercitina \u00e8 un principio attivo naturale che appartiene alla famiglia dei flavonoidi, sostanze molto presenti nel mondo vegetale, che servono a proteggere le piante dagli attacchi di virus, batteri e funghi e dai raggi UV.<\/p>\n<p>Si ritrova nella frutta e nella verdura: fonti alimentari particolarmente ricche di Quercetina sono per esempio cipolle, radicchio, broccoli, sedano, capperi, mele, uva rossa, frutti di bosco, agrumi, e anche alcune bevande come il vino rosso e il t\u00e8 verde.<\/p>\n<p>Da qui l\u2019importanza di scegliere di consumare tutti i giorni una dieta varia ed equilibrata e tanta frutta e verdura, anche perch\u00e9 la produzione di Quercetina nei vegetali \u00e8 stimolata dalla luce e questo principio attivo \u00e8 concentrato maggiormente nelle bucce, nelle scorze e nelle foglie pi\u00f9 esterne, le parti che generalmente vengono scartate quando si mangia o si cucina.<\/p>\n<p>Erbamea propone un nuovo integratore QUERCETINA 200 mg che contiene in ogni capsula vegetale 200 mg di Quercetina naturale estratta dai frutti di Dimorphandra mollis, una pianta brasiliana, per supportare il benessere dell\u2019organismo, specialmente quando si avvicina la brutta stagione e il nostro equilibrio \u00e8 messo pi\u00f9 alla prova, e beneficiare di questo prezioso dono della natura.<\/p>\n<p><strong>Contiene<\/strong><br \/>\nQuercetina naturale estratta dal frutto di Dimorphandra mollis.<\/p>\n<p><strong>Modo d\u2019uso<\/strong><br \/>\nAssumere 1 capsula al giorno al pasto principale.<\/p>\n<p><strong>Senza glutine<\/strong><\/p>\n","protected":false},"excerpt":{"rendered":"<p>Quercetina 30 capsule vegetali da 200mg &#8211; Erbamea La Quercetina chiamata anche Quercitina \u00e8 un principio attivo naturale che appartiene alla famiglia dei flavonoidi, sostanze molto presenti nel mondo vegetale, che servono a proteggere le piante dagli attacchi di virus, batteri e funghi e dai&#8230;<\/p>\n","protected":false},"featured_media":107596,"template":"","meta":{"_acf_changed":false},"product_brand":[9617],"product_cat":[49560,9835,9855],"product_tag":[],"giftcard-category":[],"class_list":{"0":"post-107555","1":"product","2":"type-product","3":"status-publish","4":"has-post-thumbnail","6":"product_brand-erbamea","7":"product_cat-singoli-in-pastiglie","8":"product_cat-radicali-liberi-e-ossidazione","9":"product_cat-sistema-immunitario","11":"first","12":"instock","13":"sale","14":"taxable","15":"shipping-taxable","16":"purchasable","17":"product-type-simple"},"acf":[],"yoast_head":"<!-- This site is optimized with the Yoast SEO plugin v24.9 - https:\/\/yoast.com\/wordpress\/plugins\/seo\/ -->\n<title>Quercetina 30 capsule vegetali da 200mg Erbamea - Erboristeria Demetra<\/title>\n<meta name=\"description\" content=\"La Quercetina chiamata anche Quercitina nel mondo vegetale serve a proteggere le piante dagli attacchi di virus, batteri e funghi e dai raggi UV.\" \/>\n<meta name=\"robots\" content=\"index, follow, max-snippet:-1, max-image-preview:large, max-video-preview:-1\" \/>\n<link rel=\"canonical\" href=\"https:\/\/www.erboristerie.com\/it\/prodotto\/quercetina-30-capsule-vegetali-da-200mg-erbamea\/\" \/>\n<meta property=\"og:locale\" content=\"it_IT\" \/>\n<meta property=\"og:type\" content=\"article\" \/>\n<meta property=\"og:title\" content=\"Quercetina 30 capsule vegetali da 200mg Erbamea - Erboristeria Demetra\" \/>\n<meta property=\"og:description\" content=\"La Quercetina chiamata anche Quercitina nel mondo vegetale serve a proteggere le piante dagli attacchi di virus, batteri e funghi e dai raggi UV.\" \/>\n<meta property=\"og:url\" content=\"https:\/\/www.erboristerie.com\/it\/prodotto\/quercetina-30-capsule-vegetali-da-200mg-erbamea\/\" \/>\n<meta property=\"og:site_name\" content=\"Erboristeria Demetra\" \/>\n<meta property=\"article:publisher\" content=\"https:\/\/www.facebook.com\/erboristeria.demetra.online\" \/>\n<meta property=\"article:modified_time\" content=\"2026-02-04T11:04:38+00:00\" \/>\n<meta property=\"og:image\" content=\"https:\/\/www.erboristerie.com\/wp-content\/uploads\/2020\/10\/quercitina.jpg?v=1611516162\" \/>\n\t<meta property=\"og:image:width\" content=\"388\" \/>\n\t<meta property=\"og:image:height\" content=\"409\" \/>\n\t<meta property=\"og:image:type\" content=\"image\/jpeg\" \/>\n<meta name=\"twitter:card\" content=\"summary_large_image\" \/>\n<meta name=\"twitter:label1\" content=\"Tempo di lettura stimato\" \/>\n\t<meta name=\"twitter:data1\" content=\"1 minuto\" \/>\n<script type=\"application\/ld+json\" class=\"yoast-schema-graph\">{\"@context\":\"https:\/\/schema.org\",\"@graph\":[{\"@type\":\"WebPage\",\"@id\":\"https:\/\/www.erboristerie.com\/it\/prodotto\/quercetina-30-capsule-vegetali-da-200mg-erbamea\/\",\"url\":\"https:\/\/www.erboristerie.com\/it\/prodotto\/quercetina-30-capsule-vegetali-da-200mg-erbamea\/\",\"name\":\"Quercetina 30 capsule vegetali da 200mg Erbamea - Erboristeria Demetra\",\"isPartOf\":{\"@id\":\"https:\/\/www.erboristerie.com\/it\/#website\"},\"primaryImageOfPage\":{\"@id\":\"https:\/\/www.erboristerie.com\/it\/prodotto\/quercetina-30-capsule-vegetali-da-200mg-erbamea\/#primaryimage\"},\"image\":{\"@id\":\"https:\/\/www.erboristerie.com\/it\/prodotto\/quercetina-30-capsule-vegetali-da-200mg-erbamea\/#primaryimage\"},\"thumbnailUrl\":\"https:\/\/www.erboristerie.com\/wp-content\/uploads\/2020\/10\/quercitina.jpg?v=1611516162\",\"datePublished\":\"2020-10-13T15:34:22+00:00\",\"dateModified\":\"2026-02-04T11:04:38+00:00\",\"description\":\"La Quercetina chiamata anche Quercitina nel mondo vegetale serve a proteggere le piante dagli attacchi di virus, batteri e funghi e dai raggi UV.\",\"breadcrumb\":{\"@id\":\"https:\/\/www.erboristerie.com\/it\/prodotto\/quercetina-30-capsule-vegetali-da-200mg-erbamea\/#breadcrumb\"},\"inLanguage\":\"it-IT\",\"potentialAction\":[{\"@type\":\"ReadAction\",\"target\":[\"https:\/\/www.erboristerie.com\/it\/prodotto\/quercetina-30-capsule-vegetali-da-200mg-erbamea\/\"]}]},{\"@type\":\"ImageObject\",\"inLanguage\":\"it-IT\",\"@id\":\"https:\/\/www.erboristerie.com\/it\/prodotto\/quercetina-30-capsule-vegetali-da-200mg-erbamea\/#primaryimage\",\"url\":\"https:\/\/www.erboristerie.com\/wp-content\/uploads\/2020\/10\/quercitina.jpg?v=1611516162\",\"contentUrl\":\"https:\/\/www.erboristerie.com\/wp-content\/uploads\/2020\/10\/quercitina.jpg?v=1611516162\",\"width\":388,\"height\":409},{\"@type\":\"BreadcrumbList\",\"@id\":\"https:\/\/www.erboristerie.com\/it\/prodotto\/quercetina-30-capsule-vegetali-da-200mg-erbamea\/#breadcrumb\",\"itemListElement\":[{\"@type\":\"ListItem\",\"position\":1,\"name\":\"Home\",\"item\":\"https:\/\/www.erboristerie.com\/it\/\"},{\"@type\":\"ListItem\",\"position\":2,\"name\":\"Tutti i prodotti\",\"item\":\"https:\/\/www.erboristerie.com\/it\/tutti-i-prodotti\/\"},{\"@type\":\"ListItem\",\"position\":3,\"name\":\"Quercetina 30 capsule vegetali da 200mg Erbamea\"}]},{\"@type\":\"WebSite\",\"@id\":\"https:\/\/www.erboristerie.com\/it\/#website\",\"url\":\"https:\/\/www.erboristerie.com\/it\/\",\"name\":\"Erboristeria Demetra\",\"description\":\"La tua salute al naturale\",\"publisher\":{\"@id\":\"https:\/\/www.erboristerie.com\/it\/#organization\"},\"potentialAction\":[{\"@type\":\"SearchAction\",\"target\":{\"@type\":\"EntryPoint\",\"urlTemplate\":\"https:\/\/www.erboristerie.com\/it\/?s={search_term_string}\"},\"query-input\":{\"@type\":\"PropertyValueSpecification\",\"valueRequired\":true,\"valueName\":\"search_term_string\"}}],\"inLanguage\":\"it-IT\"},{\"@type\":\"Organization\",\"@id\":\"https:\/\/www.erboristerie.com\/it\/#organization\",\"name\":\"Erboristeria Demetra\",\"url\":\"https:\/\/www.erboristerie.com\/it\/\",\"logo\":{\"@type\":\"ImageObject\",\"inLanguage\":\"it-IT\",\"@id\":\"https:\/\/www.erboristerie.com\/it\/#\/schema\/logo\/image\/\",\"url\":\"https:\/\/www.erboristerie.com\/wp-content\/uploads\/2019\/11\/LOGO_ERBORISTERIA_DEMETRA_original.png?v=1611516981\",\"contentUrl\":\"https:\/\/www.erboristerie.com\/wp-content\/uploads\/2019\/11\/LOGO_ERBORISTERIA_DEMETRA_original.png?v=1611516981\",\"width\":201,\"height\":54,\"caption\":\"Erboristeria Demetra\"},\"image\":{\"@id\":\"https:\/\/www.erboristerie.com\/it\/#\/schema\/logo\/image\/\"},\"sameAs\":[\"https:\/\/www.facebook.com\/erboristeria.demetra.online\"]}]}<\/script>\n<!-- \/ Yoast SEO plugin. -->","yoast_head_json":{"title":"Quercetina 30 capsule vegetali da 200mg Erbamea - Erboristeria Demetra","description":"La Quercetina chiamata anche Quercitina nel mondo vegetale serve a proteggere le piante dagli attacchi di virus, batteri e funghi e dai raggi UV.","robots":{"index":"index","follow":"follow","max-snippet":"max-snippet:-1","max-image-preview":"max-image-preview:large","max-video-preview":"max-video-preview:-1"},"canonical":"https:\/\/www.erboristerie.com\/it\/prodotto\/quercetina-30-capsule-vegetali-da-200mg-erbamea\/","og_locale":"it_IT","og_type":"article","og_title":"Quercetina 30 capsule vegetali da 200mg Erbamea - Erboristeria Demetra","og_description":"La Quercetina chiamata anche Quercitina nel mondo vegetale serve a proteggere le piante dagli attacchi di virus, batteri e funghi e dai raggi UV.","og_url":"https:\/\/www.erboristerie.com\/it\/prodotto\/quercetina-30-capsule-vegetali-da-200mg-erbamea\/","og_site_name":"Erboristeria Demetra","article_publisher":"https:\/\/www.facebook.com\/erboristeria.demetra.online","article_modified_time":"2026-02-04T11:04:38+00:00","og_image":[{"width":388,"height":409,"url":"https:\/\/www.erboristerie.com\/wp-content\/uploads\/2020\/10\/quercitina.jpg?v=1611516162","type":"image\/jpeg"}],"twitter_card":"summary_large_image","twitter_misc":{"Tempo di lettura stimato":"1 minuto"},"schema":{"@context":"https:\/\/schema.org","@graph":[{"@type":"WebPage","@id":"https:\/\/www.erboristerie.com\/it\/prodotto\/quercetina-30-capsule-vegetali-da-200mg-erbamea\/","url":"https:\/\/www.erboristerie.com\/it\/prodotto\/quercetina-30-capsule-vegetali-da-200mg-erbamea\/","name":"Quercetina 30 capsule vegetali da 200mg Erbamea - Erboristeria Demetra","isPartOf":{"@id":"https:\/\/www.erboristerie.com\/it\/#website"},"primaryImageOfPage":{"@id":"https:\/\/www.erboristerie.com\/it\/prodotto\/quercetina-30-capsule-vegetali-da-200mg-erbamea\/#primaryimage"},"image":{"@id":"https:\/\/www.erboristerie.com\/it\/prodotto\/quercetina-30-capsule-vegetali-da-200mg-erbamea\/#primaryimage"},"thumbnailUrl":"https:\/\/www.erboristerie.com\/wp-content\/uploads\/2020\/10\/quercitina.jpg?v=1611516162","datePublished":"2020-10-13T15:34:22+00:00","dateModified":"2026-02-04T11:04:38+00:00","description":"La Quercetina chiamata anche Quercitina nel mondo vegetale serve a proteggere le piante dagli attacchi di virus, batteri e funghi e dai raggi UV.","breadcrumb":{"@id":"https:\/\/www.erboristerie.com\/it\/prodotto\/quercetina-30-capsule-vegetali-da-200mg-erbamea\/#breadcrumb"},"inLanguage":"it-IT","potentialAction":[{"@type":"ReadAction","target":["https:\/\/www.erboristerie.com\/it\/prodotto\/quercetina-30-capsule-vegetali-da-200mg-erbamea\/"]}]},{"@type":"ImageObject","inLanguage":"it-IT","@id":"https:\/\/www.erboristerie.com\/it\/prodotto\/quercetina-30-capsule-vegetali-da-200mg-erbamea\/#primaryimage","url":"https:\/\/www.erboristerie.com\/wp-content\/uploads\/2020\/10\/quercitina.jpg?v=1611516162","contentUrl":"https:\/\/www.erboristerie.com\/wp-content\/uploads\/2020\/10\/quercitina.jpg?v=1611516162","width":388,"height":409},{"@type":"BreadcrumbList","@id":"https:\/\/www.erboristerie.com\/it\/prodotto\/quercetina-30-capsule-vegetali-da-200mg-erbamea\/#breadcrumb","itemListElement":[{"@type":"ListItem","position":1,"name":"Home","item":"https:\/\/www.erboristerie.com\/it\/"},{"@type":"ListItem","position":2,"name":"Tutti i prodotti","item":"https:\/\/www.erboristerie.com\/it\/tutti-i-prodotti\/"},{"@type":"ListItem","position":3,"name":"Quercetina 30 capsule vegetali da 200mg Erbamea"}]},{"@type":"WebSite","@id":"https:\/\/www.erboristerie.com\/it\/#website","url":"https:\/\/www.erboristerie.com\/it\/","name":"Erboristeria Demetra","description":"La tua salute al naturale","publisher":{"@id":"https:\/\/www.erboristerie.com\/it\/#organization"},"potentialAction":[{"@type":"SearchAction","target":{"@type":"EntryPoint","urlTemplate":"https:\/\/www.erboristerie.com\/it\/?s={search_term_string}"},"query-input":{"@type":"PropertyValueSpecification","valueRequired":true,"valueName":"search_term_string"}}],"inLanguage":"it-IT"},{"@type":"Organization","@id":"https:\/\/www.erboristerie.com\/it\/#organization","name":"Erboristeria Demetra","url":"https:\/\/www.erboristerie.com\/it\/","logo":{"@type":"ImageObject","inLanguage":"it-IT","@id":"https:\/\/www.erboristerie.com\/it\/#\/schema\/logo\/image\/","url":"https:\/\/www.erboristerie.com\/wp-content\/uploads\/2019\/11\/LOGO_ERBORISTERIA_DEMETRA_original.png?v=1611516981","contentUrl":"https:\/\/www.erboristerie.com\/wp-content\/uploads\/2019\/11\/LOGO_ERBORISTERIA_DEMETRA_original.png?v=1611516981","width":201,"height":54,"caption":"Erboristeria Demetra"},"image":{"@id":"https:\/\/www.erboristerie.com\/it\/#\/schema\/logo\/image\/"},"sameAs":["https:\/\/www.facebook.com\/erboristeria.demetra.online"]}]}},"_links":{"self":[{"href":"https:\/\/www.erboristerie.com\/it\/wp-json\/wp\/v2\/product\/107555","targetHints":{"allow":["GET"]}}],"collection":[{"href":"https:\/\/www.erboristerie.com\/it\/wp-json\/wp\/v2\/product"}],"about":[{"href":"https:\/\/www.erboristerie.com\/it\/wp-json\/wp\/v2\/types\/product"}],"wp:featuredmedia":[{"embeddable":true,"href":"https:\/\/www.erboristerie.com\/it\/wp-json\/wp\/v2\/media\/107596"}],"wp:attachment":[{"href":"https:\/\/www.erboristerie.com\/it\/wp-json\/wp\/v2\/media?parent=107555"}],"wp:term":[{"taxonomy":"product_brand","embeddable":true,"href":"https:\/\/www.erboristerie.com\/it\/wp-json\/wp\/v2\/product_brand?post=107555"},{"taxonomy":"product_cat","embeddable":true,"href":"https:\/\/www.erboristerie.com\/it\/wp-json\/wp\/v2\/product_cat?post=107555"},{"taxonomy":"product_tag","embeddable":true,"href":"https:\/\/www.erboristerie.com\/it\/wp-json\/wp\/v2\/product_tag?post=107555"},{"taxonomy":"giftcard-category","embeddable":true,"href":"https:\/\/www.erboristerie.com\/it\/wp-json\/wp\/v2\/giftcard-category?post=107555"}],"curies":[{"name":"wp","href":"https:\/\/api.w.org\/{rel}","templated":true}]}}