{"id":107371,"date":"2020-09-30T19:00:34","date_gmt":"2020-09-30T17:00:34","guid":{"rendered":"https:\/\/www.erboristerie.com\/?post_type=product&#038;p=107371"},"modified":"2025-09-10T18:54:21","modified_gmt":"2025-09-10T16:54:21","slug":"karite-crema-corpo-nutriente-200ml","status":"publish","type":"product","link":"https:\/\/www.erboristerie.com\/it\/prodotto\/karite-crema-corpo-nutriente-200ml\/","title":{"rendered":"Karite&#8217; Crema Corpo Nutriente 200ml"},"content":{"rendered":"<div>\n<p><strong>Crema Corpo Nutriente Karit\u00e9 200ml &#8211; L&#8217;Erbolario<\/strong><\/p>\n<p><strong>Descrizione<\/strong><br \/>\nLe propriet\u00e0 del burro di Karit\u00e9 sono davvero miracolose, tanto che le donne africane venerano il Karit\u00e9 e da secoli lo hanno ribattezzato \u201cl\u2019albero della giovinezza\u201d. Ricavato dai suoi noccioli per spremitura a freddo e presente in questa ricca Crema, il burro \u00e8 incredibilmente prezioso per la pelle del corpo, perch\u00e9 sa esaltarne la bellezza, grazie alle sue virt\u00f9 nutrienti ed emollienti. Lo affiancano, inoltre, il meraviglioso burro di Cocco, che ammorbidisce l\u2019epidermide e, sempre dal Cocco, l\u2019estratto e il distillato della polpa, idratanti ed elasticizzanti. La formulazione \u00e8 infine arricchita dalla presenza della Vitamina E, fantastico antiossidante naturale.<\/p>\n<p><strong>Senza siliconi, parabeni e petrolati<\/strong><br \/>\n<strong>97% ingredienti di origine naturale<\/strong><br \/>\nLa restante percentuale di ingredienti garantisce stabilit\u00e0 e gradevolezza del prodotto.<\/p>\n<p><strong>Sostanze funzionali<\/strong><br \/>\nBurro di Karit\u00e9 ecosolidale, burri di Cocco e Cacao, estratti di Boswellia e di Cocco, steroli di Melograno, olio di semi di Girasole biologico, distillato di polpa di Cocco, Vitamina E dai semi della Soja<\/p>\n<p><strong>Ingredienti (INCI)<\/strong><br \/>\nAqua (Water), Hydrogenated farnesene, Butyrospermum parkii (Shea) butter, Cocos nucifera (Coconut) water, Glycerin, Glyceryl stearate se, Shea butter ethyl esters, Cetearyl alcohol, Stearic acid, Parfum (Fragrance), Ricinus communis (Castor) seed oil, Cocos nucifera (Coconut) fruit extract, Boswellia carterii resin extract, Cocos nucifera (Coconut) seed butter, Theobroma cacao (Cocoa) seed butter, Butyrospermum parkii (Shea) butter unsaponifiables, Shorea robusta seed butter, Brassica campestris (Rapeseed) seed oil, Rosmarinus officinalis (Rosemary) leaf extract, Helianthus annuus (Sunflower) seed oil, Copernica cerifera (Carnauba) wax, Punica granatum sterols, Tocopherol, Soybean glycerides, Caesalpinia spinosa gum, Palmitic acid, Hydrogenated castor oil, Sodium stearoyl glutamate, Xanthan gum, Citric acid, Sodium chloride, Benzyl alcohol, Potassium sorbate, Sodium benzoate<\/p>\n<\/div>\n<div><strong>Cosa sapere in pi\u00f9<\/strong><\/div>\n<div>\u2028\u2028\u2028100% Made in Italy<\/div>\n<div>\u2028\u2028\u20287 Metalli testati<\/div>\n<div>\u2028\u2028\u2028Dermatologicamente Testato<\/div>\n<div>\u2028\u2028\u2028LAV &#8211; Dalla parte degli animali<\/div>\n<div>\u2028\u2028\u2028Senza ingredienti di derivazione animale<\/div>\n<div>\u2028\u2028\u2028Imballo Green<\/div>\n","protected":false},"excerpt":{"rendered":"<p>Crema Corpo Nutriente Karit\u00e9 200ml &#8211; L&#8217;Erbolario Descrizione Le propriet\u00e0 del burro di Karit\u00e9 sono davvero miracolose, tanto che le donne africane venerano il Karit\u00e9 e da secoli lo hanno ribattezzato \u201cl\u2019albero della giovinezza\u201d. Ricavato dai suoi noccioli per spremitura a freddo e presente in&#8230;<\/p>\n","protected":false},"featured_media":107372,"template":"","meta":{"_acf_changed":false},"product_brand":[9603],"product_cat":[45041],"product_tag":[10917,45497,45498,12092,11043],"giftcard-category":[],"class_list":{"0":"post-107371","1":"product","2":"type-product","3":"status-publish","4":"has-post-thumbnail","6":"product_brand-erbolario","7":"product_cat-corpo","8":"product_tag-200ml","9":"product_tag-burro-di-karite","10":"product_tag-crema-corpo","11":"product_tag-erbolario-2","12":"product_tag-karite","13":"pa_formato-200-ml","14":"pa_linea-profumazione-karite","15":"pa_marca-lerbolario","16":"pa_tipologia-crema","18":"first","19":"instock","20":"sale","21":"taxable","22":"shipping-taxable","23":"purchasable","24":"product-type-simple"},"acf":[],"yoast_head":"<!-- This site is optimized with the Yoast SEO plugin v24.9 - https:\/\/yoast.com\/wordpress\/plugins\/seo\/ -->\n<title>Karite&#039; Crema Corpo Nutriente 200ml - Erboristeria Demetra<\/title>\n<meta name=\"description\" content=\"in questa ricca Crema, il burro di Karite&#039;, grazie alle sue virt\u00f9 nutrienti ed emollienti, sa esaltare la bellezza della pelle del corpo\" \/>\n<meta name=\"robots\" content=\"index, follow, max-snippet:-1, max-image-preview:large, max-video-preview:-1\" \/>\n<link rel=\"canonical\" href=\"https:\/\/www.erboristerie.com\/it\/prodotto\/karite-crema-corpo-nutriente-200ml\/\" \/>\n<meta property=\"og:locale\" content=\"it_IT\" \/>\n<meta property=\"og:type\" content=\"article\" \/>\n<meta property=\"og:title\" content=\"Karite&#039; Crema Corpo Nutriente 200ml - Erboristeria Demetra\" \/>\n<meta property=\"og:description\" content=\"in questa ricca Crema, il burro di Karite&#039;, grazie alle sue virt\u00f9 nutrienti ed emollienti, sa esaltare la bellezza della pelle del corpo\" \/>\n<meta property=\"og:url\" content=\"https:\/\/www.erboristerie.com\/it\/prodotto\/karite-crema-corpo-nutriente-200ml\/\" \/>\n<meta property=\"og:site_name\" content=\"Erboristeria Demetra\" \/>\n<meta property=\"article:publisher\" content=\"https:\/\/www.facebook.com\/erboristeria.demetra.online\" \/>\n<meta property=\"article:modified_time\" content=\"2025-09-10T16:54:21+00:00\" \/>\n<meta property=\"og:image\" content=\"https:\/\/www.erboristerie.com\/wp-content\/uploads\/2020\/09\/00002605.jpg?v=1611516313\" \/>\n\t<meta property=\"og:image:width\" content=\"1000\" \/>\n\t<meta property=\"og:image:height\" content=\"1000\" \/>\n\t<meta property=\"og:image:type\" content=\"image\/jpeg\" \/>\n<meta name=\"twitter:card\" content=\"summary_large_image\" \/>\n<meta name=\"twitter:label1\" content=\"Tempo di lettura stimato\" \/>\n\t<meta name=\"twitter:data1\" content=\"1 minuto\" \/>\n<script type=\"application\/ld+json\" class=\"yoast-schema-graph\">{\"@context\":\"https:\/\/schema.org\",\"@graph\":[{\"@type\":\"WebPage\",\"@id\":\"https:\/\/www.erboristerie.com\/it\/prodotto\/karite-crema-corpo-nutriente-200ml\/\",\"url\":\"https:\/\/www.erboristerie.com\/it\/prodotto\/karite-crema-corpo-nutriente-200ml\/\",\"name\":\"Karite' Crema Corpo Nutriente 200ml - Erboristeria Demetra\",\"isPartOf\":{\"@id\":\"https:\/\/www.erboristerie.com\/it\/#website\"},\"primaryImageOfPage\":{\"@id\":\"https:\/\/www.erboristerie.com\/it\/prodotto\/karite-crema-corpo-nutriente-200ml\/#primaryimage\"},\"image\":{\"@id\":\"https:\/\/www.erboristerie.com\/it\/prodotto\/karite-crema-corpo-nutriente-200ml\/#primaryimage\"},\"thumbnailUrl\":\"https:\/\/www.erboristerie.com\/wp-content\/uploads\/2020\/09\/00002605.jpg?v=1611516313\",\"datePublished\":\"2020-09-30T17:00:34+00:00\",\"dateModified\":\"2025-09-10T16:54:21+00:00\",\"description\":\"in questa ricca Crema, il burro di Karite', grazie alle sue virt\u00f9 nutrienti ed emollienti, sa esaltare la bellezza della pelle del corpo\",\"breadcrumb\":{\"@id\":\"https:\/\/www.erboristerie.com\/it\/prodotto\/karite-crema-corpo-nutriente-200ml\/#breadcrumb\"},\"inLanguage\":\"it-IT\",\"potentialAction\":[{\"@type\":\"ReadAction\",\"target\":[\"https:\/\/www.erboristerie.com\/it\/prodotto\/karite-crema-corpo-nutriente-200ml\/\"]}]},{\"@type\":\"ImageObject\",\"inLanguage\":\"it-IT\",\"@id\":\"https:\/\/www.erboristerie.com\/it\/prodotto\/karite-crema-corpo-nutriente-200ml\/#primaryimage\",\"url\":\"https:\/\/www.erboristerie.com\/wp-content\/uploads\/2020\/09\/00002605.jpg?v=1611516313\",\"contentUrl\":\"https:\/\/www.erboristerie.com\/wp-content\/uploads\/2020\/09\/00002605.jpg?v=1611516313\",\"width\":1000,\"height\":1000},{\"@type\":\"BreadcrumbList\",\"@id\":\"https:\/\/www.erboristerie.com\/it\/prodotto\/karite-crema-corpo-nutriente-200ml\/#breadcrumb\",\"itemListElement\":[{\"@type\":\"ListItem\",\"position\":1,\"name\":\"Home\",\"item\":\"https:\/\/www.erboristerie.com\/it\/\"},{\"@type\":\"ListItem\",\"position\":2,\"name\":\"Tutti i prodotti\",\"item\":\"https:\/\/www.erboristerie.com\/it\/tutti-i-prodotti\/\"},{\"@type\":\"ListItem\",\"position\":3,\"name\":\"Karite&#8217; Crema Corpo Nutriente 200ml\"}]},{\"@type\":\"WebSite\",\"@id\":\"https:\/\/www.erboristerie.com\/it\/#website\",\"url\":\"https:\/\/www.erboristerie.com\/it\/\",\"name\":\"Erboristeria Demetra\",\"description\":\"La tua salute al naturale\",\"publisher\":{\"@id\":\"https:\/\/www.erboristerie.com\/it\/#organization\"},\"potentialAction\":[{\"@type\":\"SearchAction\",\"target\":{\"@type\":\"EntryPoint\",\"urlTemplate\":\"https:\/\/www.erboristerie.com\/it\/?s={search_term_string}\"},\"query-input\":{\"@type\":\"PropertyValueSpecification\",\"valueRequired\":true,\"valueName\":\"search_term_string\"}}],\"inLanguage\":\"it-IT\"},{\"@type\":\"Organization\",\"@id\":\"https:\/\/www.erboristerie.com\/it\/#organization\",\"name\":\"Erboristeria Demetra\",\"url\":\"https:\/\/www.erboristerie.com\/it\/\",\"logo\":{\"@type\":\"ImageObject\",\"inLanguage\":\"it-IT\",\"@id\":\"https:\/\/www.erboristerie.com\/it\/#\/schema\/logo\/image\/\",\"url\":\"https:\/\/www.erboristerie.com\/wp-content\/uploads\/2019\/11\/LOGO_ERBORISTERIA_DEMETRA_original.png?v=1611516981\",\"contentUrl\":\"https:\/\/www.erboristerie.com\/wp-content\/uploads\/2019\/11\/LOGO_ERBORISTERIA_DEMETRA_original.png?v=1611516981\",\"width\":201,\"height\":54,\"caption\":\"Erboristeria Demetra\"},\"image\":{\"@id\":\"https:\/\/www.erboristerie.com\/it\/#\/schema\/logo\/image\/\"},\"sameAs\":[\"https:\/\/www.facebook.com\/erboristeria.demetra.online\"]}]}<\/script>\n<!-- \/ Yoast SEO plugin. -->","yoast_head_json":{"title":"Karite' Crema Corpo Nutriente 200ml - Erboristeria Demetra","description":"in questa ricca Crema, il burro di Karite', grazie alle sue virt\u00f9 nutrienti ed emollienti, sa esaltare la bellezza della pelle del corpo","robots":{"index":"index","follow":"follow","max-snippet":"max-snippet:-1","max-image-preview":"max-image-preview:large","max-video-preview":"max-video-preview:-1"},"canonical":"https:\/\/www.erboristerie.com\/it\/prodotto\/karite-crema-corpo-nutriente-200ml\/","og_locale":"it_IT","og_type":"article","og_title":"Karite' Crema Corpo Nutriente 200ml - Erboristeria Demetra","og_description":"in questa ricca Crema, il burro di Karite', grazie alle sue virt\u00f9 nutrienti ed emollienti, sa esaltare la bellezza della pelle del corpo","og_url":"https:\/\/www.erboristerie.com\/it\/prodotto\/karite-crema-corpo-nutriente-200ml\/","og_site_name":"Erboristeria Demetra","article_publisher":"https:\/\/www.facebook.com\/erboristeria.demetra.online","article_modified_time":"2025-09-10T16:54:21+00:00","og_image":[{"width":1000,"height":1000,"url":"https:\/\/www.erboristerie.com\/wp-content\/uploads\/2020\/09\/00002605.jpg?v=1611516313","type":"image\/jpeg"}],"twitter_card":"summary_large_image","twitter_misc":{"Tempo di lettura stimato":"1 minuto"},"schema":{"@context":"https:\/\/schema.org","@graph":[{"@type":"WebPage","@id":"https:\/\/www.erboristerie.com\/it\/prodotto\/karite-crema-corpo-nutriente-200ml\/","url":"https:\/\/www.erboristerie.com\/it\/prodotto\/karite-crema-corpo-nutriente-200ml\/","name":"Karite' Crema Corpo Nutriente 200ml - Erboristeria Demetra","isPartOf":{"@id":"https:\/\/www.erboristerie.com\/it\/#website"},"primaryImageOfPage":{"@id":"https:\/\/www.erboristerie.com\/it\/prodotto\/karite-crema-corpo-nutriente-200ml\/#primaryimage"},"image":{"@id":"https:\/\/www.erboristerie.com\/it\/prodotto\/karite-crema-corpo-nutriente-200ml\/#primaryimage"},"thumbnailUrl":"https:\/\/www.erboristerie.com\/wp-content\/uploads\/2020\/09\/00002605.jpg?v=1611516313","datePublished":"2020-09-30T17:00:34+00:00","dateModified":"2025-09-10T16:54:21+00:00","description":"in questa ricca Crema, il burro di Karite', grazie alle sue virt\u00f9 nutrienti ed emollienti, sa esaltare la bellezza della pelle del corpo","breadcrumb":{"@id":"https:\/\/www.erboristerie.com\/it\/prodotto\/karite-crema-corpo-nutriente-200ml\/#breadcrumb"},"inLanguage":"it-IT","potentialAction":[{"@type":"ReadAction","target":["https:\/\/www.erboristerie.com\/it\/prodotto\/karite-crema-corpo-nutriente-200ml\/"]}]},{"@type":"ImageObject","inLanguage":"it-IT","@id":"https:\/\/www.erboristerie.com\/it\/prodotto\/karite-crema-corpo-nutriente-200ml\/#primaryimage","url":"https:\/\/www.erboristerie.com\/wp-content\/uploads\/2020\/09\/00002605.jpg?v=1611516313","contentUrl":"https:\/\/www.erboristerie.com\/wp-content\/uploads\/2020\/09\/00002605.jpg?v=1611516313","width":1000,"height":1000},{"@type":"BreadcrumbList","@id":"https:\/\/www.erboristerie.com\/it\/prodotto\/karite-crema-corpo-nutriente-200ml\/#breadcrumb","itemListElement":[{"@type":"ListItem","position":1,"name":"Home","item":"https:\/\/www.erboristerie.com\/it\/"},{"@type":"ListItem","position":2,"name":"Tutti i prodotti","item":"https:\/\/www.erboristerie.com\/it\/tutti-i-prodotti\/"},{"@type":"ListItem","position":3,"name":"Karite&#8217; Crema Corpo Nutriente 200ml"}]},{"@type":"WebSite","@id":"https:\/\/www.erboristerie.com\/it\/#website","url":"https:\/\/www.erboristerie.com\/it\/","name":"Erboristeria Demetra","description":"La tua salute al naturale","publisher":{"@id":"https:\/\/www.erboristerie.com\/it\/#organization"},"potentialAction":[{"@type":"SearchAction","target":{"@type":"EntryPoint","urlTemplate":"https:\/\/www.erboristerie.com\/it\/?s={search_term_string}"},"query-input":{"@type":"PropertyValueSpecification","valueRequired":true,"valueName":"search_term_string"}}],"inLanguage":"it-IT"},{"@type":"Organization","@id":"https:\/\/www.erboristerie.com\/it\/#organization","name":"Erboristeria Demetra","url":"https:\/\/www.erboristerie.com\/it\/","logo":{"@type":"ImageObject","inLanguage":"it-IT","@id":"https:\/\/www.erboristerie.com\/it\/#\/schema\/logo\/image\/","url":"https:\/\/www.erboristerie.com\/wp-content\/uploads\/2019\/11\/LOGO_ERBORISTERIA_DEMETRA_original.png?v=1611516981","contentUrl":"https:\/\/www.erboristerie.com\/wp-content\/uploads\/2019\/11\/LOGO_ERBORISTERIA_DEMETRA_original.png?v=1611516981","width":201,"height":54,"caption":"Erboristeria Demetra"},"image":{"@id":"https:\/\/www.erboristerie.com\/it\/#\/schema\/logo\/image\/"},"sameAs":["https:\/\/www.facebook.com\/erboristeria.demetra.online"]}]}},"_links":{"self":[{"href":"https:\/\/www.erboristerie.com\/it\/wp-json\/wp\/v2\/product\/107371","targetHints":{"allow":["GET"]}}],"collection":[{"href":"https:\/\/www.erboristerie.com\/it\/wp-json\/wp\/v2\/product"}],"about":[{"href":"https:\/\/www.erboristerie.com\/it\/wp-json\/wp\/v2\/types\/product"}],"wp:featuredmedia":[{"embeddable":true,"href":"https:\/\/www.erboristerie.com\/it\/wp-json\/wp\/v2\/media\/107372"}],"wp:attachment":[{"href":"https:\/\/www.erboristerie.com\/it\/wp-json\/wp\/v2\/media?parent=107371"}],"wp:term":[{"taxonomy":"product_brand","embeddable":true,"href":"https:\/\/www.erboristerie.com\/it\/wp-json\/wp\/v2\/product_brand?post=107371"},{"taxonomy":"product_cat","embeddable":true,"href":"https:\/\/www.erboristerie.com\/it\/wp-json\/wp\/v2\/product_cat?post=107371"},{"taxonomy":"product_tag","embeddable":true,"href":"https:\/\/www.erboristerie.com\/it\/wp-json\/wp\/v2\/product_tag?post=107371"},{"taxonomy":"giftcard-category","embeddable":true,"href":"https:\/\/www.erboristerie.com\/it\/wp-json\/wp\/v2\/giftcard-category?post=107371"}],"curies":[{"name":"wp","href":"https:\/\/api.w.org\/{rel}","templated":true}]}}