{"id":106373,"date":"2020-06-16T18:36:15","date_gmt":"2020-06-16T16:36:15","guid":{"rendered":"https:\/\/www.erboristerie.com\/?post_type=product&#038;p=106373"},"modified":"2026-01-30T12:51:21","modified_gmt":"2026-01-30T11:51:21","slug":"vitamina-d-vegana-60-pastiglie-da-2000-ui-dr-giorgini","status":"publish","type":"product","link":"https:\/\/www.erboristerie.com\/it\/prodotto\/vitamina-d-vegana-60-pastiglie-da-2000-ui-dr-giorgini\/","title":{"rendered":"Vitamina D Vegana 60 Pastiglie"},"content":{"rendered":"<p><strong>VITAMINA D VEGANA 60 pastiglie<em> &#8211; Dr. Giorgini<\/em><\/strong><br \/>\nIntegratore alimentare a base di vitamina D di origine vegetale. La vitamina D contribuisce all\u2019assorbimento e utilizzo di calcio e fosforo, aiuta a mantenere i normali livelli di calcio nel sangue, promuove il benessere di ossa e denti, interviene nel processo di divisione cellulare e sostiene il sistema immunitario e la funzione muscolare.<br \/>\n60 pastiglie da 500 mg<br \/>\nQuantit\u00e0 di VITAMINA D contenuta in 1 pastiglia: 50 mcg, quantit\u00e0 equivalente a 2000 U.I. o unit\u00e0 internazionali. NRV= Valore nutritivo di riferimento.<br \/>\n<strong>Consigli d&#8217;uso<\/strong><br \/>\nSi consiglia l\u2019assunzione di 1 pastiglia una volta al giorno durante uno qualsiasi dei pasti.<br \/>\n<strong>Ingredienti<\/strong><br \/>\nCellulosa microcristallina\u00b0, gomma arabica\u00b0, calcio fosfato bibasico, calcio carbonato, maltodestrine da mais o riso, silicio biossido\u00b0\u00b0, vitamina D3 (colecalciferolo) di origine vegetale (estratta da lichene Cladonia rangiferina), magnesio stearato di origine vegetale\u00b0\u00b0, vitamina D2 (ergocalciferolo) di origine vegetale (estratta da canna da zuccero).<br \/>\n\u00b0Agente di carica.<br \/>\n\u00b0\u00b0Antiagglomerante.<br \/>\n<strong>Informazioni aggiuntive<\/strong><br \/>\nProdotto adatto ai vegani.<br \/>\n<strong>Avvertenze<\/strong><br \/>\nGli integratori non vanno intesi come sostituti di una dieta variata ed equilibrata e devono essere utilizzati nell\u2019ambito di uno stile di vita sano. Non superare la dose giornaliera raccomandata. Il prodotto deve essere tenuto fuori dalla portata dei bambini al di sotto dei tre anni di et\u00e0.<\/p>\n","protected":false},"excerpt":{"rendered":"<p>VITAMINA D VEGANA 60 pastiglie &#8211; Dr. Giorgini Integratore alimentare a base di vitamina D di origine vegetale. La vitamina D contribuisce all\u2019assorbimento e utilizzo di calcio e fosforo, aiuta a mantenere i normali livelli di calcio nel sangue, promuove il benessere di ossa e&#8230;<\/p>\n","protected":false},"featured_media":106377,"template":"","meta":{"_acf_changed":false},"product_brand":[9598],"product_cat":[46263,46275,10163,9799],"product_tag":[],"giftcard-category":[],"class_list":{"0":"post-106373","1":"product","2":"type-product","3":"status-publish","4":"has-post-thumbnail","6":"product_brand-dr-giorgini-martino-ser-vis","7":"product_cat-dr-apparato-muscoloscheletrico","8":"product_cat-dr-vitamine","9":"product_cat-linea-oro-classica","10":"product_cat-vitamine-e-minerali","11":"pa_formato-60-pastiglie","12":"pa_linea-linea-oro","13":"pa_marca-dr-giorgini","14":"pa_tipologia-compresse","16":"first","17":"instock","18":"sale","19":"taxable","20":"shipping-taxable","21":"purchasable","22":"product-type-simple"},"acf":[],"yoast_head":"<!-- This site is optimized with the Yoast SEO plugin v24.9 - https:\/\/yoast.com\/wordpress\/plugins\/seo\/ -->\n<title>Vitamina D Vegana 60 Pastiglie da 2000 UI - Dr.Giorgini<\/title>\n<meta name=\"description\" content=\"Quantit\u00e0 di VITAMINA D contenuta in 1 pastiglia: 50 mcg, quantit\u00e0 equivalente a 2000 U.I. o unit\u00e0 internazionali. NRV= Valore nutritivo di riferimento.\" \/>\n<meta name=\"robots\" content=\"index, follow, max-snippet:-1, max-image-preview:large, max-video-preview:-1\" \/>\n<link rel=\"canonical\" href=\"https:\/\/www.erboristerie.com\/it\/prodotto\/vitamina-d-vegana-60-pastiglie-da-2000-ui-dr-giorgini\/\" \/>\n<meta property=\"og:locale\" content=\"it_IT\" \/>\n<meta property=\"og:type\" content=\"article\" \/>\n<meta property=\"og:title\" content=\"Vitamina D Vegana 60 Pastiglie da 2000 UI - Dr.Giorgini\" \/>\n<meta property=\"og:description\" content=\"Quantit\u00e0 di VITAMINA D contenuta in 1 pastiglia: 50 mcg, quantit\u00e0 equivalente a 2000 U.I. o unit\u00e0 internazionali. NRV= Valore nutritivo di riferimento.\" \/>\n<meta property=\"og:url\" content=\"https:\/\/www.erboristerie.com\/it\/prodotto\/vitamina-d-vegana-60-pastiglie-da-2000-ui-dr-giorgini\/\" \/>\n<meta property=\"og:site_name\" content=\"Erboristeria Demetra\" \/>\n<meta property=\"article:publisher\" content=\"https:\/\/www.facebook.com\/erboristeria.demetra.online\" \/>\n<meta property=\"article:modified_time\" content=\"2026-01-30T11:51:21+00:00\" \/>\n<meta property=\"og:image\" content=\"https:\/\/www.erboristerie.com\/wp-content\/uploads\/2020\/06\/00003574.jpg?v=1611516550\" \/>\n\t<meta property=\"og:image:width\" content=\"1200\" \/>\n\t<meta property=\"og:image:height\" content=\"1200\" \/>\n\t<meta property=\"og:image:type\" content=\"image\/jpeg\" \/>\n<meta name=\"twitter:card\" content=\"summary_large_image\" \/>\n<meta name=\"twitter:label1\" content=\"Tempo di lettura stimato\" \/>\n\t<meta name=\"twitter:data1\" content=\"2 minuti\" \/>\n<script type=\"application\/ld+json\" class=\"yoast-schema-graph\">{\"@context\":\"https:\/\/schema.org\",\"@graph\":[{\"@type\":\"WebPage\",\"@id\":\"https:\/\/www.erboristerie.com\/it\/prodotto\/vitamina-d-vegana-60-pastiglie-da-2000-ui-dr-giorgini\/\",\"url\":\"https:\/\/www.erboristerie.com\/it\/prodotto\/vitamina-d-vegana-60-pastiglie-da-2000-ui-dr-giorgini\/\",\"name\":\"Vitamina D Vegana 60 Pastiglie da 2000 UI - Dr.Giorgini\",\"isPartOf\":{\"@id\":\"https:\/\/www.erboristerie.com\/it\/#website\"},\"primaryImageOfPage\":{\"@id\":\"https:\/\/www.erboristerie.com\/it\/prodotto\/vitamina-d-vegana-60-pastiglie-da-2000-ui-dr-giorgini\/#primaryimage\"},\"image\":{\"@id\":\"https:\/\/www.erboristerie.com\/it\/prodotto\/vitamina-d-vegana-60-pastiglie-da-2000-ui-dr-giorgini\/#primaryimage\"},\"thumbnailUrl\":\"https:\/\/www.erboristerie.com\/wp-content\/uploads\/2020\/06\/00003574.jpg?v=1611516550\",\"datePublished\":\"2020-06-16T16:36:15+00:00\",\"dateModified\":\"2026-01-30T11:51:21+00:00\",\"description\":\"Quantit\u00e0 di VITAMINA D contenuta in 1 pastiglia: 50 mcg, quantit\u00e0 equivalente a 2000 U.I. o unit\u00e0 internazionali. NRV= Valore nutritivo di riferimento.\",\"breadcrumb\":{\"@id\":\"https:\/\/www.erboristerie.com\/it\/prodotto\/vitamina-d-vegana-60-pastiglie-da-2000-ui-dr-giorgini\/#breadcrumb\"},\"inLanguage\":\"it-IT\",\"potentialAction\":[{\"@type\":\"ReadAction\",\"target\":[\"https:\/\/www.erboristerie.com\/it\/prodotto\/vitamina-d-vegana-60-pastiglie-da-2000-ui-dr-giorgini\/\"]}]},{\"@type\":\"ImageObject\",\"inLanguage\":\"it-IT\",\"@id\":\"https:\/\/www.erboristerie.com\/it\/prodotto\/vitamina-d-vegana-60-pastiglie-da-2000-ui-dr-giorgini\/#primaryimage\",\"url\":\"https:\/\/www.erboristerie.com\/wp-content\/uploads\/2020\/06\/00003574.jpg?v=1611516550\",\"contentUrl\":\"https:\/\/www.erboristerie.com\/wp-content\/uploads\/2020\/06\/00003574.jpg?v=1611516550\",\"width\":1200,\"height\":1200},{\"@type\":\"BreadcrumbList\",\"@id\":\"https:\/\/www.erboristerie.com\/it\/prodotto\/vitamina-d-vegana-60-pastiglie-da-2000-ui-dr-giorgini\/#breadcrumb\",\"itemListElement\":[{\"@type\":\"ListItem\",\"position\":1,\"name\":\"Home\",\"item\":\"https:\/\/www.erboristerie.com\/it\/\"},{\"@type\":\"ListItem\",\"position\":2,\"name\":\"Tutti i prodotti\",\"item\":\"https:\/\/www.erboristerie.com\/it\/tutti-i-prodotti\/\"},{\"@type\":\"ListItem\",\"position\":3,\"name\":\"Vitamina D Vegana 60 Pastiglie\"}]},{\"@type\":\"WebSite\",\"@id\":\"https:\/\/www.erboristerie.com\/it\/#website\",\"url\":\"https:\/\/www.erboristerie.com\/it\/\",\"name\":\"Erboristeria Demetra\",\"description\":\"La tua salute al naturale\",\"publisher\":{\"@id\":\"https:\/\/www.erboristerie.com\/it\/#organization\"},\"potentialAction\":[{\"@type\":\"SearchAction\",\"target\":{\"@type\":\"EntryPoint\",\"urlTemplate\":\"https:\/\/www.erboristerie.com\/it\/?s={search_term_string}\"},\"query-input\":{\"@type\":\"PropertyValueSpecification\",\"valueRequired\":true,\"valueName\":\"search_term_string\"}}],\"inLanguage\":\"it-IT\"},{\"@type\":\"Organization\",\"@id\":\"https:\/\/www.erboristerie.com\/it\/#organization\",\"name\":\"Erboristeria Demetra\",\"url\":\"https:\/\/www.erboristerie.com\/it\/\",\"logo\":{\"@type\":\"ImageObject\",\"inLanguage\":\"it-IT\",\"@id\":\"https:\/\/www.erboristerie.com\/it\/#\/schema\/logo\/image\/\",\"url\":\"https:\/\/www.erboristerie.com\/wp-content\/uploads\/2019\/11\/LOGO_ERBORISTERIA_DEMETRA_original.png?v=1611516981\",\"contentUrl\":\"https:\/\/www.erboristerie.com\/wp-content\/uploads\/2019\/11\/LOGO_ERBORISTERIA_DEMETRA_original.png?v=1611516981\",\"width\":201,\"height\":54,\"caption\":\"Erboristeria Demetra\"},\"image\":{\"@id\":\"https:\/\/www.erboristerie.com\/it\/#\/schema\/logo\/image\/\"},\"sameAs\":[\"https:\/\/www.facebook.com\/erboristeria.demetra.online\"]}]}<\/script>\n<!-- \/ Yoast SEO plugin. -->","yoast_head_json":{"title":"Vitamina D Vegana 60 Pastiglie da 2000 UI - Dr.Giorgini","description":"Quantit\u00e0 di VITAMINA D contenuta in 1 pastiglia: 50 mcg, quantit\u00e0 equivalente a 2000 U.I. o unit\u00e0 internazionali. NRV= Valore nutritivo di riferimento.","robots":{"index":"index","follow":"follow","max-snippet":"max-snippet:-1","max-image-preview":"max-image-preview:large","max-video-preview":"max-video-preview:-1"},"canonical":"https:\/\/www.erboristerie.com\/it\/prodotto\/vitamina-d-vegana-60-pastiglie-da-2000-ui-dr-giorgini\/","og_locale":"it_IT","og_type":"article","og_title":"Vitamina D Vegana 60 Pastiglie da 2000 UI - Dr.Giorgini","og_description":"Quantit\u00e0 di VITAMINA D contenuta in 1 pastiglia: 50 mcg, quantit\u00e0 equivalente a 2000 U.I. o unit\u00e0 internazionali. NRV= Valore nutritivo di riferimento.","og_url":"https:\/\/www.erboristerie.com\/it\/prodotto\/vitamina-d-vegana-60-pastiglie-da-2000-ui-dr-giorgini\/","og_site_name":"Erboristeria Demetra","article_publisher":"https:\/\/www.facebook.com\/erboristeria.demetra.online","article_modified_time":"2026-01-30T11:51:21+00:00","og_image":[{"width":1200,"height":1200,"url":"https:\/\/www.erboristerie.com\/wp-content\/uploads\/2020\/06\/00003574.jpg?v=1611516550","type":"image\/jpeg"}],"twitter_card":"summary_large_image","twitter_misc":{"Tempo di lettura stimato":"2 minuti"},"schema":{"@context":"https:\/\/schema.org","@graph":[{"@type":"WebPage","@id":"https:\/\/www.erboristerie.com\/it\/prodotto\/vitamina-d-vegana-60-pastiglie-da-2000-ui-dr-giorgini\/","url":"https:\/\/www.erboristerie.com\/it\/prodotto\/vitamina-d-vegana-60-pastiglie-da-2000-ui-dr-giorgini\/","name":"Vitamina D Vegana 60 Pastiglie da 2000 UI - Dr.Giorgini","isPartOf":{"@id":"https:\/\/www.erboristerie.com\/it\/#website"},"primaryImageOfPage":{"@id":"https:\/\/www.erboristerie.com\/it\/prodotto\/vitamina-d-vegana-60-pastiglie-da-2000-ui-dr-giorgini\/#primaryimage"},"image":{"@id":"https:\/\/www.erboristerie.com\/it\/prodotto\/vitamina-d-vegana-60-pastiglie-da-2000-ui-dr-giorgini\/#primaryimage"},"thumbnailUrl":"https:\/\/www.erboristerie.com\/wp-content\/uploads\/2020\/06\/00003574.jpg?v=1611516550","datePublished":"2020-06-16T16:36:15+00:00","dateModified":"2026-01-30T11:51:21+00:00","description":"Quantit\u00e0 di VITAMINA D contenuta in 1 pastiglia: 50 mcg, quantit\u00e0 equivalente a 2000 U.I. o unit\u00e0 internazionali. NRV= Valore nutritivo di riferimento.","breadcrumb":{"@id":"https:\/\/www.erboristerie.com\/it\/prodotto\/vitamina-d-vegana-60-pastiglie-da-2000-ui-dr-giorgini\/#breadcrumb"},"inLanguage":"it-IT","potentialAction":[{"@type":"ReadAction","target":["https:\/\/www.erboristerie.com\/it\/prodotto\/vitamina-d-vegana-60-pastiglie-da-2000-ui-dr-giorgini\/"]}]},{"@type":"ImageObject","inLanguage":"it-IT","@id":"https:\/\/www.erboristerie.com\/it\/prodotto\/vitamina-d-vegana-60-pastiglie-da-2000-ui-dr-giorgini\/#primaryimage","url":"https:\/\/www.erboristerie.com\/wp-content\/uploads\/2020\/06\/00003574.jpg?v=1611516550","contentUrl":"https:\/\/www.erboristerie.com\/wp-content\/uploads\/2020\/06\/00003574.jpg?v=1611516550","width":1200,"height":1200},{"@type":"BreadcrumbList","@id":"https:\/\/www.erboristerie.com\/it\/prodotto\/vitamina-d-vegana-60-pastiglie-da-2000-ui-dr-giorgini\/#breadcrumb","itemListElement":[{"@type":"ListItem","position":1,"name":"Home","item":"https:\/\/www.erboristerie.com\/it\/"},{"@type":"ListItem","position":2,"name":"Tutti i prodotti","item":"https:\/\/www.erboristerie.com\/it\/tutti-i-prodotti\/"},{"@type":"ListItem","position":3,"name":"Vitamina D Vegana 60 Pastiglie"}]},{"@type":"WebSite","@id":"https:\/\/www.erboristerie.com\/it\/#website","url":"https:\/\/www.erboristerie.com\/it\/","name":"Erboristeria Demetra","description":"La tua salute al naturale","publisher":{"@id":"https:\/\/www.erboristerie.com\/it\/#organization"},"potentialAction":[{"@type":"SearchAction","target":{"@type":"EntryPoint","urlTemplate":"https:\/\/www.erboristerie.com\/it\/?s={search_term_string}"},"query-input":{"@type":"PropertyValueSpecification","valueRequired":true,"valueName":"search_term_string"}}],"inLanguage":"it-IT"},{"@type":"Organization","@id":"https:\/\/www.erboristerie.com\/it\/#organization","name":"Erboristeria Demetra","url":"https:\/\/www.erboristerie.com\/it\/","logo":{"@type":"ImageObject","inLanguage":"it-IT","@id":"https:\/\/www.erboristerie.com\/it\/#\/schema\/logo\/image\/","url":"https:\/\/www.erboristerie.com\/wp-content\/uploads\/2019\/11\/LOGO_ERBORISTERIA_DEMETRA_original.png?v=1611516981","contentUrl":"https:\/\/www.erboristerie.com\/wp-content\/uploads\/2019\/11\/LOGO_ERBORISTERIA_DEMETRA_original.png?v=1611516981","width":201,"height":54,"caption":"Erboristeria Demetra"},"image":{"@id":"https:\/\/www.erboristerie.com\/it\/#\/schema\/logo\/image\/"},"sameAs":["https:\/\/www.facebook.com\/erboristeria.demetra.online"]}]}},"_links":{"self":[{"href":"https:\/\/www.erboristerie.com\/it\/wp-json\/wp\/v2\/product\/106373","targetHints":{"allow":["GET"]}}],"collection":[{"href":"https:\/\/www.erboristerie.com\/it\/wp-json\/wp\/v2\/product"}],"about":[{"href":"https:\/\/www.erboristerie.com\/it\/wp-json\/wp\/v2\/types\/product"}],"wp:featuredmedia":[{"embeddable":true,"href":"https:\/\/www.erboristerie.com\/it\/wp-json\/wp\/v2\/media\/106377"}],"wp:attachment":[{"href":"https:\/\/www.erboristerie.com\/it\/wp-json\/wp\/v2\/media?parent=106373"}],"wp:term":[{"taxonomy":"product_brand","embeddable":true,"href":"https:\/\/www.erboristerie.com\/it\/wp-json\/wp\/v2\/product_brand?post=106373"},{"taxonomy":"product_cat","embeddable":true,"href":"https:\/\/www.erboristerie.com\/it\/wp-json\/wp\/v2\/product_cat?post=106373"},{"taxonomy":"product_tag","embeddable":true,"href":"https:\/\/www.erboristerie.com\/it\/wp-json\/wp\/v2\/product_tag?post=106373"},{"taxonomy":"giftcard-category","embeddable":true,"href":"https:\/\/www.erboristerie.com\/it\/wp-json\/wp\/v2\/giftcard-category?post=106373"}],"curies":[{"name":"wp","href":"https:\/\/api.w.org\/{rel}","templated":true}]}}