{"id":79590,"date":"2019-11-29T21:28:09","date_gmt":"2019-11-29T20:28:09","guid":{"rendered":"http:\/\/www.erboristerie.com\/?post_type=product&#038;p=79590"},"modified":"2025-04-04T10:12:20","modified_gmt":"2025-04-04T08:12:20","slug":"miele-di-manuka-525-mgo-250gr-manuka-lab-nuova-zelanda","status":"publish","type":"product","link":"https:\/\/www.erboristerie.com\/en\/prodotto\/miele-di-manuka-525-mgo-250gr-manuka-lab-nuova-zelanda\/","title":{"rendered":"Miele di Manuka 525+ MGO 250gr &#8211; Manuka Lab Nuova Zelanda"},"content":{"rendered":"<div><strong>Miele di Manuka 525+ MGO 250gr &#8211; Manuka Lab<\/strong><\/div>\n<div><span style=\"font-size: 12px;\">Con concentrazione di MGO (Methyglyoxal la sostanza attiva di riferimento) 525+\u00a0<\/span><span style=\"font-size: 12px;\">Il miele Manuka \u00e8 il miele pi\u00f9 anti batterico <\/span><span style=\"font-size: 12px;\">fra tutti i mieli del mondo!<\/span><\/div>\n<div>Il Miele di Manuka \u00e8 100% naturale, senza l\u2019aggiunta di ingredienti artificiali e dal gusto delizioso.<\/div>\n<div><\/div>\n<div><strong>Miele di Manuka<\/strong><\/div>\n<div><span style=\"font-size: 12px;\">Il Miele di Manuka possiede esclusive propriet\u00e0 benefiche ed \u00e8 prodotto in zone rurali della Nuova Zelanda.\u2028Per secoli l\u2019uomo ha usato la pianta di Manuka per i suoi molteplici e benefici effetti sulla salute. Recenti ricerche attestano che il Miele di Manuka contiene specifiche propriet\u00e0 attive non ottenibili da altre variet\u00e0 di miele.<\/span><\/div>\n<div><\/div>\n<div><strong>Consigli per l\u2019uso<\/strong><\/div>\n<div>\u2028\u00c8 possibile assumere il Miele Manuka per favorire un buono stato di salute (da 1 a 3 cucchiaini al giorno, un\u2019ora prima dei pasti), oppure come benefico integratore durante i pasti.<\/div>\n<div>Grazie alle sue caratteristiche pu\u00f2 essere favorevolmente utilizzato come benefico integratore anche per i pi\u00f9 comuni disturbi dello stomaco, delle vie respiratorie e del cavo orale.\u2028Conservare possibilmente a temperatura inferiore ai 30\u00baC<\/div>\n","protected":false},"excerpt":{"rendered":"<p>Miele di Manuka 525+ MGO 250gr &#8211; Manuka Lab Con concentrazione di MGO (Methyglyoxal la sostanza attiva di riferimento) 525+\u00a0Il miele Manuka \u00e8 il miele pi\u00f9 anti batterico fra tutti i mieli del mondo! Il Miele di Manuka \u00e8 100% naturale, senza l\u2019aggiunta di ingredienti&#8230;<\/p>\n","protected":false},"featured_media":109041,"template":"","meta":{"_acf_changed":false},"product_brand":[9658],"product_cat":[9855,9711],"product_tag":[18163,11312,17385,18158,12249,18160,18159,11038],"giftcard-category":[],"class_list":{"0":"post-79590","1":"product","2":"type-product","3":"status-publish","4":"has-post-thumbnail","6":"product_brand-manuka-lab","7":"product_cat-sistema-immunitario","8":"product_cat-alimenti-vari","9":"product_tag-15umf","10":"product_tag-250gr","11":"product_tag-active","12":"product_tag-berringa-2","13":"product_tag-gold","14":"product_tag-manuka","15":"product_tag-mgo","16":"product_tag-miele","18":"first","19":"instock","20":"taxable","21":"shipping-taxable","22":"purchasable","23":"product-type-simple"},"acf":[],"yoast_head":"<!-- This site is optimized with the Yoast SEO plugin v24.9 - https:\/\/yoast.com\/wordpress\/plugins\/seo\/ -->\n<title>Miele di Manuka 525+ MGO 250gr - Manuka Lab Nuova Zelanda - Erboristeria Demetra<\/title>\n<meta name=\"description\" content=\"Con concentrazione di 525+ MGO (Methyglyoxal la sostanza attiva di riferimento) aturale, senza l\u2019aggiunta di ingredienti artificiali e dal gusto delizioso\" \/>\n<meta name=\"robots\" content=\"index, follow, max-snippet:-1, max-image-preview:large, max-video-preview:-1\" \/>\n<link rel=\"canonical\" href=\"https:\/\/www.erboristerie.com\/it\/prodotto\/miele-di-manuka-525-mgo-250gr-manuka-lab-nuova-zelanda\/\" \/>\n<meta property=\"og:locale\" content=\"en_US\" \/>\n<meta property=\"og:type\" content=\"article\" \/>\n<meta property=\"og:title\" content=\"Miele di Manuka 525+ MGO 250gr - Manuka Lab Nuova Zelanda - Erboristeria Demetra\" \/>\n<meta property=\"og:description\" content=\"Con concentrazione di 525+ MGO (Methyglyoxal la sostanza attiva di riferimento) aturale, senza l\u2019aggiunta di ingredienti artificiali e dal gusto delizioso\" \/>\n<meta property=\"og:url\" content=\"https:\/\/www.erboristerie.com\/it\/prodotto\/miele-di-manuka-525-mgo-250gr-manuka-lab-nuova-zelanda\/\" \/>\n<meta property=\"og:site_name\" content=\"Erboristeria Demetra\" \/>\n<meta property=\"article:publisher\" content=\"https:\/\/www.facebook.com\/erboristeria.demetra.online\" \/>\n<meta property=\"article:modified_time\" content=\"2025-04-04T08:12:20+00:00\" \/>\n<meta property=\"og:image\" content=\"https:\/\/www.erboristerie.com\/wp-content\/uploads\/2019\/11\/00008061-1.jpg\" \/>\n\t<meta property=\"og:image:width\" content=\"527\" \/>\n\t<meta property=\"og:image:height\" content=\"522\" \/>\n\t<meta property=\"og:image:type\" content=\"image\/jpeg\" \/>\n<meta name=\"twitter:card\" content=\"summary_large_image\" \/>\n<meta name=\"twitter:label1\" content=\"Est. reading time\" \/>\n\t<meta name=\"twitter:data1\" content=\"1 minute\" \/>\n<script type=\"application\/ld+json\" class=\"yoast-schema-graph\">{\"@context\":\"https:\/\/schema.org\",\"@graph\":[{\"@type\":\"WebPage\",\"@id\":\"https:\/\/www.erboristerie.com\/it\/prodotto\/miele-di-manuka-525-mgo-250gr-manuka-lab-nuova-zelanda\/\",\"url\":\"https:\/\/www.erboristerie.com\/it\/prodotto\/miele-di-manuka-525-mgo-250gr-manuka-lab-nuova-zelanda\/\",\"name\":\"Miele di Manuka 525+ MGO 250gr - Manuka Lab Nuova Zelanda - Erboristeria Demetra\",\"isPartOf\":{\"@id\":\"https:\/\/www.erboristerie.com\/it\/#website\"},\"primaryImageOfPage\":{\"@id\":\"https:\/\/www.erboristerie.com\/it\/prodotto\/miele-di-manuka-525-mgo-250gr-manuka-lab-nuova-zelanda\/#primaryimage\"},\"image\":{\"@id\":\"https:\/\/www.erboristerie.com\/it\/prodotto\/miele-di-manuka-525-mgo-250gr-manuka-lab-nuova-zelanda\/#primaryimage\"},\"thumbnailUrl\":\"https:\/\/www.erboristerie.com\/wp-content\/uploads\/2019\/11\/00008061-1.jpg\",\"datePublished\":\"2019-11-29T20:28:09+00:00\",\"dateModified\":\"2025-04-04T08:12:20+00:00\",\"description\":\"Con concentrazione di 525+ MGO (Methyglyoxal la sostanza attiva di riferimento) aturale, senza l\u2019aggiunta di ingredienti artificiali e dal gusto delizioso\",\"breadcrumb\":{\"@id\":\"https:\/\/www.erboristerie.com\/it\/prodotto\/miele-di-manuka-525-mgo-250gr-manuka-lab-nuova-zelanda\/#breadcrumb\"},\"inLanguage\":\"en-US\",\"potentialAction\":[{\"@type\":\"ReadAction\",\"target\":[\"https:\/\/www.erboristerie.com\/it\/prodotto\/miele-di-manuka-525-mgo-250gr-manuka-lab-nuova-zelanda\/\"]}]},{\"@type\":\"ImageObject\",\"inLanguage\":\"en-US\",\"@id\":\"https:\/\/www.erboristerie.com\/it\/prodotto\/miele-di-manuka-525-mgo-250gr-manuka-lab-nuova-zelanda\/#primaryimage\",\"url\":\"https:\/\/www.erboristerie.com\/wp-content\/uploads\/2019\/11\/00008061-1.jpg\",\"contentUrl\":\"https:\/\/www.erboristerie.com\/wp-content\/uploads\/2019\/11\/00008061-1.jpg\",\"width\":527,\"height\":522},{\"@type\":\"BreadcrumbList\",\"@id\":\"https:\/\/www.erboristerie.com\/it\/prodotto\/miele-di-manuka-525-mgo-250gr-manuka-lab-nuova-zelanda\/#breadcrumb\",\"itemListElement\":[{\"@type\":\"ListItem\",\"position\":1,\"name\":\"Home\",\"item\":\"https:\/\/www.erboristerie.com\/en\/\"},{\"@type\":\"ListItem\",\"position\":2,\"name\":\"All products\",\"item\":\"https:\/\/www.erboristerie.com\/en\/all-products\/\"},{\"@type\":\"ListItem\",\"position\":3,\"name\":\"Miele di Manuka 525+ MGO 250gr &#8211; Manuka Lab Nuova Zelanda\"}]},{\"@type\":\"WebSite\",\"@id\":\"https:\/\/www.erboristerie.com\/it\/#website\",\"url\":\"https:\/\/www.erboristerie.com\/it\/\",\"name\":\"Erboristeria Demetra\",\"description\":\"Your natural health\",\"publisher\":{\"@id\":\"https:\/\/www.erboristerie.com\/it\/#organization\"},\"potentialAction\":[{\"@type\":\"SearchAction\",\"target\":{\"@type\":\"EntryPoint\",\"urlTemplate\":\"https:\/\/www.erboristerie.com\/it\/?s={search_term_string}\"},\"query-input\":{\"@type\":\"PropertyValueSpecification\",\"valueRequired\":true,\"valueName\":\"search_term_string\"}}],\"inLanguage\":\"en-US\"},{\"@type\":\"Organization\",\"@id\":\"https:\/\/www.erboristerie.com\/it\/#organization\",\"name\":\"Erboristeria Demetra\",\"url\":\"https:\/\/www.erboristerie.com\/it\/\",\"logo\":{\"@type\":\"ImageObject\",\"inLanguage\":\"en-US\",\"@id\":\"https:\/\/www.erboristerie.com\/it\/#\/schema\/logo\/image\/\",\"url\":\"https:\/\/www.erboristerie.com\/wp-content\/uploads\/2019\/11\/LOGO_ERBORISTERIA_DEMETRA_original.png?v=1611516981\",\"contentUrl\":\"https:\/\/www.erboristerie.com\/wp-content\/uploads\/2019\/11\/LOGO_ERBORISTERIA_DEMETRA_original.png?v=1611516981\",\"width\":201,\"height\":54,\"caption\":\"Erboristeria Demetra\"},\"image\":{\"@id\":\"https:\/\/www.erboristerie.com\/it\/#\/schema\/logo\/image\/\"},\"sameAs\":[\"https:\/\/www.facebook.com\/erboristeria.demetra.online\"]}]}<\/script>\n<!-- \/ Yoast SEO plugin. -->","yoast_head_json":{"title":"Miele di Manuka 525+ MGO 250gr - Manuka Lab Nuova Zelanda - Erboristeria Demetra","description":"Con concentrazione di 525+ MGO (Methyglyoxal la sostanza attiva di riferimento) aturale, senza l\u2019aggiunta di ingredienti artificiali e dal gusto delizioso","robots":{"index":"index","follow":"follow","max-snippet":"max-snippet:-1","max-image-preview":"max-image-preview:large","max-video-preview":"max-video-preview:-1"},"canonical":"https:\/\/www.erboristerie.com\/it\/prodotto\/miele-di-manuka-525-mgo-250gr-manuka-lab-nuova-zelanda\/","og_locale":"en_US","og_type":"article","og_title":"Miele di Manuka 525+ MGO 250gr - Manuka Lab Nuova Zelanda - Erboristeria Demetra","og_description":"Con concentrazione di 525+ MGO (Methyglyoxal la sostanza attiva di riferimento) aturale, senza l\u2019aggiunta di ingredienti artificiali e dal gusto delizioso","og_url":"https:\/\/www.erboristerie.com\/it\/prodotto\/miele-di-manuka-525-mgo-250gr-manuka-lab-nuova-zelanda\/","og_site_name":"Erboristeria Demetra","article_publisher":"https:\/\/www.facebook.com\/erboristeria.demetra.online","article_modified_time":"2025-04-04T08:12:20+00:00","og_image":[{"width":527,"height":522,"url":"https:\/\/www.erboristerie.com\/wp-content\/uploads\/2019\/11\/00008061-1.jpg","type":"image\/jpeg"}],"twitter_card":"summary_large_image","twitter_misc":{"Est. reading time":"1 minute"},"schema":{"@context":"https:\/\/schema.org","@graph":[{"@type":"WebPage","@id":"https:\/\/www.erboristerie.com\/it\/prodotto\/miele-di-manuka-525-mgo-250gr-manuka-lab-nuova-zelanda\/","url":"https:\/\/www.erboristerie.com\/it\/prodotto\/miele-di-manuka-525-mgo-250gr-manuka-lab-nuova-zelanda\/","name":"Miele di Manuka 525+ MGO 250gr - Manuka Lab Nuova Zelanda - Erboristeria Demetra","isPartOf":{"@id":"https:\/\/www.erboristerie.com\/it\/#website"},"primaryImageOfPage":{"@id":"https:\/\/www.erboristerie.com\/it\/prodotto\/miele-di-manuka-525-mgo-250gr-manuka-lab-nuova-zelanda\/#primaryimage"},"image":{"@id":"https:\/\/www.erboristerie.com\/it\/prodotto\/miele-di-manuka-525-mgo-250gr-manuka-lab-nuova-zelanda\/#primaryimage"},"thumbnailUrl":"https:\/\/www.erboristerie.com\/wp-content\/uploads\/2019\/11\/00008061-1.jpg","datePublished":"2019-11-29T20:28:09+00:00","dateModified":"2025-04-04T08:12:20+00:00","description":"Con concentrazione di 525+ MGO (Methyglyoxal la sostanza attiva di riferimento) aturale, senza l\u2019aggiunta di ingredienti artificiali e dal gusto delizioso","breadcrumb":{"@id":"https:\/\/www.erboristerie.com\/it\/prodotto\/miele-di-manuka-525-mgo-250gr-manuka-lab-nuova-zelanda\/#breadcrumb"},"inLanguage":"en-US","potentialAction":[{"@type":"ReadAction","target":["https:\/\/www.erboristerie.com\/it\/prodotto\/miele-di-manuka-525-mgo-250gr-manuka-lab-nuova-zelanda\/"]}]},{"@type":"ImageObject","inLanguage":"en-US","@id":"https:\/\/www.erboristerie.com\/it\/prodotto\/miele-di-manuka-525-mgo-250gr-manuka-lab-nuova-zelanda\/#primaryimage","url":"https:\/\/www.erboristerie.com\/wp-content\/uploads\/2019\/11\/00008061-1.jpg","contentUrl":"https:\/\/www.erboristerie.com\/wp-content\/uploads\/2019\/11\/00008061-1.jpg","width":527,"height":522},{"@type":"BreadcrumbList","@id":"https:\/\/www.erboristerie.com\/it\/prodotto\/miele-di-manuka-525-mgo-250gr-manuka-lab-nuova-zelanda\/#breadcrumb","itemListElement":[{"@type":"ListItem","position":1,"name":"Home","item":"https:\/\/www.erboristerie.com\/en\/"},{"@type":"ListItem","position":2,"name":"All products","item":"https:\/\/www.erboristerie.com\/en\/all-products\/"},{"@type":"ListItem","position":3,"name":"Miele di Manuka 525+ MGO 250gr &#8211; Manuka Lab Nuova Zelanda"}]},{"@type":"WebSite","@id":"https:\/\/www.erboristerie.com\/it\/#website","url":"https:\/\/www.erboristerie.com\/it\/","name":"Erboristeria Demetra","description":"Your natural health","publisher":{"@id":"https:\/\/www.erboristerie.com\/it\/#organization"},"potentialAction":[{"@type":"SearchAction","target":{"@type":"EntryPoint","urlTemplate":"https:\/\/www.erboristerie.com\/it\/?s={search_term_string}"},"query-input":{"@type":"PropertyValueSpecification","valueRequired":true,"valueName":"search_term_string"}}],"inLanguage":"en-US"},{"@type":"Organization","@id":"https:\/\/www.erboristerie.com\/it\/#organization","name":"Erboristeria Demetra","url":"https:\/\/www.erboristerie.com\/it\/","logo":{"@type":"ImageObject","inLanguage":"en-US","@id":"https:\/\/www.erboristerie.com\/it\/#\/schema\/logo\/image\/","url":"https:\/\/www.erboristerie.com\/wp-content\/uploads\/2019\/11\/LOGO_ERBORISTERIA_DEMETRA_original.png?v=1611516981","contentUrl":"https:\/\/www.erboristerie.com\/wp-content\/uploads\/2019\/11\/LOGO_ERBORISTERIA_DEMETRA_original.png?v=1611516981","width":201,"height":54,"caption":"Erboristeria Demetra"},"image":{"@id":"https:\/\/www.erboristerie.com\/it\/#\/schema\/logo\/image\/"},"sameAs":["https:\/\/www.facebook.com\/erboristeria.demetra.online"]}]}},"_links":{"self":[{"href":"https:\/\/www.erboristerie.com\/en\/wp-json\/wp\/v2\/product\/79590","targetHints":{"allow":["GET"]}}],"collection":[{"href":"https:\/\/www.erboristerie.com\/en\/wp-json\/wp\/v2\/product"}],"about":[{"href":"https:\/\/www.erboristerie.com\/en\/wp-json\/wp\/v2\/types\/product"}],"wp:featuredmedia":[{"embeddable":true,"href":"https:\/\/www.erboristerie.com\/en\/wp-json\/wp\/v2\/media\/109041"}],"wp:attachment":[{"href":"https:\/\/www.erboristerie.com\/en\/wp-json\/wp\/v2\/media?parent=79590"}],"wp:term":[{"taxonomy":"product_brand","embeddable":true,"href":"https:\/\/www.erboristerie.com\/en\/wp-json\/wp\/v2\/product_brand?post=79590"},{"taxonomy":"product_cat","embeddable":true,"href":"https:\/\/www.erboristerie.com\/en\/wp-json\/wp\/v2\/product_cat?post=79590"},{"taxonomy":"product_tag","embeddable":true,"href":"https:\/\/www.erboristerie.com\/en\/wp-json\/wp\/v2\/product_tag?post=79590"},{"taxonomy":"giftcard-category","embeddable":true,"href":"https:\/\/www.erboristerie.com\/en\/wp-json\/wp\/v2\/giftcard-category?post=79590"}],"curies":[{"name":"wp","href":"https:\/\/api.w.org\/{rel}","templated":true}]}}