{"id":79454,"date":"2019-11-13T18:27:23","date_gmt":"2019-11-13T17:27:23","guid":{"rendered":"http:\/\/www.erboristerie.com\/?post_type=product&#038;p=79454"},"modified":"2025-09-10T18:54:52","modified_gmt":"2025-09-10T16:54:52","slug":"iris-sacchetto-profumato-per-guardaroba","status":"publish","type":"product","link":"https:\/\/www.erboristerie.com\/en\/prodotto\/iris-sacchetto-profumato-per-guardaroba\/","title":{"rendered":"Iris Sacchetto Profumato Per Guardaroba"},"content":{"rendered":"<p><strong>Descrizione<\/strong><br \/>\nL\u2019incantevole e sensuale sentore di Iris \u00e8 in grado di rendere ancora pi\u00f9 ospitale il vostro guardaroba, mentre gli indumenti e la biancheria al suo interno diffonderanno ovunque l\u2019affascinante suggestione di questa fragranza.<br \/>\n<strong>Fragranza<\/strong><br \/>\nfiorita, cipriata<br \/>\n<strong>Consigli d&#8217;uso<\/strong><br \/>\nTogliete il sacchetto profumato dal cellophane protettivo e ponetelo tra i vostri vestiti, tra i fazzoletti o la biancheria.<\/p>\n<p><strong>Cosa sapere in pi\u00f9<\/strong><\/p>\n<ul>\n<li>100% Made in Italy. Ogni fase della nostra attivit\u00e0, dalla formulazione al controllo qualit\u00e0, dalla preparazione del semilavorato al confezionamento, viene attuata da sempre nel nostro sito produttivo di Lodi: noi non abbiamo delocalizzato alcuna fase produttiva in paesi terzi, men che meno in quelli nei quali i diritti umani e i diritti fondamentali dei lavoratori sono calpestati. I nostri fitocosmetici sono orgogliosi di potersi dire 100% MADE IN ITALY!<\/li>\n<li>7 Metalli testati. Monitoraggio del contenuto di 7 metalli per minimizzare i rischi di allergia: *(Nichel, Piombo, Arsenico, Cadmio, Mercurio, Antimonio e Cromo) e salvaguardare cos\u00ec anche le pelli pi\u00f9 sensibili. Ogni lotto di produzione \u00e8 rigorosamente controllato per garantire un contenuto di ogni singolo metallo inferiore a 0.00005% (limite di rilevabilit\u00e0 strumentale).<\/li>\n<li>Imballo in Carta FSC\u00ae. La confezione esterna cartacea di questo prodotto \u00e8 costituita esclusivamente carta certificata FSC\u00ae, secondo i rigorosi standardambientali e sociali del Forest Stewardship Concil\u00ae a supporto di una corretta e responsabile gestione delle risorse forestali<\/li>\n<li>Senza ingredienti di derivazione animale<\/li>\n<\/ul>\n","protected":false},"excerpt":{"rendered":"<p>Descrizione L\u2019incantevole e sensuale sentore di Iris \u00e8 in grado di rendere ancora pi\u00f9 ospitale il vostro guardaroba, mentre gli indumenti e la biancheria al suo interno diffonderanno ovunque l\u2019affascinante suggestione di questa fragranza. Fragranza fiorita, cipriata Consigli d&#8217;uso Togliete il sacchetto profumato dal cellophane&#8230;<\/p>\n","protected":false},"featured_media":109141,"template":"","meta":{"_acf_changed":false},"product_brand":[9603],"product_cat":[9719],"product_tag":[11857,18143,12472,10801,10649,11888,12150],"giftcard-category":[],"class_list":{"0":"post-79454","1":"product","2":"type-product","3":"status-publish","4":"has-post-thumbnail","6":"product_brand-erbolario","7":"product_cat-diffusori-profumi-ambiente","8":"product_tag-cassetti","9":"product_tag-guardaroba","10":"product_tag-iris","11":"product_tag-linea","12":"product_tag-per","13":"product_tag-profumato","14":"product_tag-sacchetto","15":"pa_formato-1-sacchetto","16":"pa_linea-profumazione-iris","17":"pa_marca-lerbolario","18":"pa_tipologia-profumatore","20":"first","21":"instock","22":"taxable","23":"shipping-taxable","24":"purchasable","25":"product-type-simple"},"acf":[],"yoast_head":"<!-- This site is optimized with the Yoast SEO plugin v24.9 - https:\/\/yoast.com\/wordpress\/plugins\/seo\/ -->\n<title>Iris Sacchetto Profumato Per Guardaroba<\/title>\n<meta name=\"description\" content=\"Portate in casa una nota di sensuale femminilit\u00e0\" \/>\n<meta name=\"robots\" content=\"index, follow, max-snippet:-1, max-image-preview:large, max-video-preview:-1\" \/>\n<link rel=\"canonical\" href=\"https:\/\/www.erboristerie.com\/it\/prodotto\/iris-sacchetto-profumato-per-guardaroba\/\" \/>\n<meta property=\"og:locale\" content=\"en_US\" \/>\n<meta property=\"og:type\" content=\"article\" \/>\n<meta property=\"og:title\" content=\"Iris Sacchetto Profumato Per Guardaroba\" \/>\n<meta property=\"og:description\" content=\"Portate in casa una nota di sensuale femminilit\u00e0\" \/>\n<meta property=\"og:url\" content=\"https:\/\/www.erboristerie.com\/it\/prodotto\/iris-sacchetto-profumato-per-guardaroba\/\" \/>\n<meta property=\"og:site_name\" content=\"Erboristeria Demetra\" \/>\n<meta property=\"article:publisher\" content=\"https:\/\/www.facebook.com\/erboristeria.demetra.online\" \/>\n<meta property=\"article:modified_time\" content=\"2025-09-10T16:54:52+00:00\" \/>\n<meta property=\"og:image\" content=\"https:\/\/www.erboristerie.com\/wp-content\/uploads\/2019\/11\/00010744-1.jpeg\" \/>\n\t<meta property=\"og:image:width\" content=\"487\" \/>\n\t<meta property=\"og:image:height\" content=\"503\" \/>\n\t<meta property=\"og:image:type\" content=\"image\/jpeg\" \/>\n<meta name=\"twitter:card\" content=\"summary_large_image\" \/>\n<meta name=\"twitter:label1\" content=\"Est. reading time\" \/>\n\t<meta name=\"twitter:data1\" content=\"1 minute\" \/>\n<script type=\"application\/ld+json\" class=\"yoast-schema-graph\">{\"@context\":\"https:\/\/schema.org\",\"@graph\":[{\"@type\":\"WebPage\",\"@id\":\"https:\/\/www.erboristerie.com\/it\/prodotto\/iris-sacchetto-profumato-per-guardaroba\/\",\"url\":\"https:\/\/www.erboristerie.com\/it\/prodotto\/iris-sacchetto-profumato-per-guardaroba\/\",\"name\":\"Iris Sacchetto Profumato Per Guardaroba\",\"isPartOf\":{\"@id\":\"https:\/\/www.erboristerie.com\/it\/#website\"},\"primaryImageOfPage\":{\"@id\":\"https:\/\/www.erboristerie.com\/it\/prodotto\/iris-sacchetto-profumato-per-guardaroba\/#primaryimage\"},\"image\":{\"@id\":\"https:\/\/www.erboristerie.com\/it\/prodotto\/iris-sacchetto-profumato-per-guardaroba\/#primaryimage\"},\"thumbnailUrl\":\"https:\/\/www.erboristerie.com\/wp-content\/uploads\/2019\/11\/00010744-1.jpeg\",\"datePublished\":\"2019-11-13T17:27:23+00:00\",\"dateModified\":\"2025-09-10T16:54:52+00:00\",\"description\":\"Portate in casa una nota di sensuale femminilit\u00e0\",\"breadcrumb\":{\"@id\":\"https:\/\/www.erboristerie.com\/it\/prodotto\/iris-sacchetto-profumato-per-guardaroba\/#breadcrumb\"},\"inLanguage\":\"en-US\",\"potentialAction\":[{\"@type\":\"ReadAction\",\"target\":[\"https:\/\/www.erboristerie.com\/it\/prodotto\/iris-sacchetto-profumato-per-guardaroba\/\"]}]},{\"@type\":\"ImageObject\",\"inLanguage\":\"en-US\",\"@id\":\"https:\/\/www.erboristerie.com\/it\/prodotto\/iris-sacchetto-profumato-per-guardaroba\/#primaryimage\",\"url\":\"https:\/\/www.erboristerie.com\/wp-content\/uploads\/2019\/11\/00010744-1.jpeg\",\"contentUrl\":\"https:\/\/www.erboristerie.com\/wp-content\/uploads\/2019\/11\/00010744-1.jpeg\",\"width\":487,\"height\":503},{\"@type\":\"BreadcrumbList\",\"@id\":\"https:\/\/www.erboristerie.com\/it\/prodotto\/iris-sacchetto-profumato-per-guardaroba\/#breadcrumb\",\"itemListElement\":[{\"@type\":\"ListItem\",\"position\":1,\"name\":\"Home\",\"item\":\"https:\/\/www.erboristerie.com\/en\/\"},{\"@type\":\"ListItem\",\"position\":2,\"name\":\"All products\",\"item\":\"https:\/\/www.erboristerie.com\/en\/all-products\/\"},{\"@type\":\"ListItem\",\"position\":3,\"name\":\"Iris Sacchetto Profumato Per Guardaroba\"}]},{\"@type\":\"WebSite\",\"@id\":\"https:\/\/www.erboristerie.com\/it\/#website\",\"url\":\"https:\/\/www.erboristerie.com\/it\/\",\"name\":\"Erboristeria Demetra\",\"description\":\"Your natural health\",\"publisher\":{\"@id\":\"https:\/\/www.erboristerie.com\/it\/#organization\"},\"potentialAction\":[{\"@type\":\"SearchAction\",\"target\":{\"@type\":\"EntryPoint\",\"urlTemplate\":\"https:\/\/www.erboristerie.com\/it\/?s={search_term_string}\"},\"query-input\":{\"@type\":\"PropertyValueSpecification\",\"valueRequired\":true,\"valueName\":\"search_term_string\"}}],\"inLanguage\":\"en-US\"},{\"@type\":\"Organization\",\"@id\":\"https:\/\/www.erboristerie.com\/it\/#organization\",\"name\":\"Erboristeria Demetra\",\"url\":\"https:\/\/www.erboristerie.com\/it\/\",\"logo\":{\"@type\":\"ImageObject\",\"inLanguage\":\"en-US\",\"@id\":\"https:\/\/www.erboristerie.com\/it\/#\/schema\/logo\/image\/\",\"url\":\"https:\/\/www.erboristerie.com\/wp-content\/uploads\/2019\/11\/LOGO_ERBORISTERIA_DEMETRA_original.png?v=1611516981\",\"contentUrl\":\"https:\/\/www.erboristerie.com\/wp-content\/uploads\/2019\/11\/LOGO_ERBORISTERIA_DEMETRA_original.png?v=1611516981\",\"width\":201,\"height\":54,\"caption\":\"Erboristeria Demetra\"},\"image\":{\"@id\":\"https:\/\/www.erboristerie.com\/it\/#\/schema\/logo\/image\/\"},\"sameAs\":[\"https:\/\/www.facebook.com\/erboristeria.demetra.online\"]}]}<\/script>\n<!-- \/ Yoast SEO plugin. -->","yoast_head_json":{"title":"Iris Sacchetto Profumato Per Guardaroba","description":"Portate in casa una nota di sensuale femminilit\u00e0","robots":{"index":"index","follow":"follow","max-snippet":"max-snippet:-1","max-image-preview":"max-image-preview:large","max-video-preview":"max-video-preview:-1"},"canonical":"https:\/\/www.erboristerie.com\/it\/prodotto\/iris-sacchetto-profumato-per-guardaroba\/","og_locale":"en_US","og_type":"article","og_title":"Iris Sacchetto Profumato Per Guardaroba","og_description":"Portate in casa una nota di sensuale femminilit\u00e0","og_url":"https:\/\/www.erboristerie.com\/it\/prodotto\/iris-sacchetto-profumato-per-guardaroba\/","og_site_name":"Erboristeria Demetra","article_publisher":"https:\/\/www.facebook.com\/erboristeria.demetra.online","article_modified_time":"2025-09-10T16:54:52+00:00","og_image":[{"width":487,"height":503,"url":"https:\/\/www.erboristerie.com\/wp-content\/uploads\/2019\/11\/00010744-1.jpeg","type":"image\/jpeg"}],"twitter_card":"summary_large_image","twitter_misc":{"Est. reading time":"1 minute"},"schema":{"@context":"https:\/\/schema.org","@graph":[{"@type":"WebPage","@id":"https:\/\/www.erboristerie.com\/it\/prodotto\/iris-sacchetto-profumato-per-guardaroba\/","url":"https:\/\/www.erboristerie.com\/it\/prodotto\/iris-sacchetto-profumato-per-guardaroba\/","name":"Iris Sacchetto Profumato Per Guardaroba","isPartOf":{"@id":"https:\/\/www.erboristerie.com\/it\/#website"},"primaryImageOfPage":{"@id":"https:\/\/www.erboristerie.com\/it\/prodotto\/iris-sacchetto-profumato-per-guardaroba\/#primaryimage"},"image":{"@id":"https:\/\/www.erboristerie.com\/it\/prodotto\/iris-sacchetto-profumato-per-guardaroba\/#primaryimage"},"thumbnailUrl":"https:\/\/www.erboristerie.com\/wp-content\/uploads\/2019\/11\/00010744-1.jpeg","datePublished":"2019-11-13T17:27:23+00:00","dateModified":"2025-09-10T16:54:52+00:00","description":"Portate in casa una nota di sensuale femminilit\u00e0","breadcrumb":{"@id":"https:\/\/www.erboristerie.com\/it\/prodotto\/iris-sacchetto-profumato-per-guardaroba\/#breadcrumb"},"inLanguage":"en-US","potentialAction":[{"@type":"ReadAction","target":["https:\/\/www.erboristerie.com\/it\/prodotto\/iris-sacchetto-profumato-per-guardaroba\/"]}]},{"@type":"ImageObject","inLanguage":"en-US","@id":"https:\/\/www.erboristerie.com\/it\/prodotto\/iris-sacchetto-profumato-per-guardaroba\/#primaryimage","url":"https:\/\/www.erboristerie.com\/wp-content\/uploads\/2019\/11\/00010744-1.jpeg","contentUrl":"https:\/\/www.erboristerie.com\/wp-content\/uploads\/2019\/11\/00010744-1.jpeg","width":487,"height":503},{"@type":"BreadcrumbList","@id":"https:\/\/www.erboristerie.com\/it\/prodotto\/iris-sacchetto-profumato-per-guardaroba\/#breadcrumb","itemListElement":[{"@type":"ListItem","position":1,"name":"Home","item":"https:\/\/www.erboristerie.com\/en\/"},{"@type":"ListItem","position":2,"name":"All products","item":"https:\/\/www.erboristerie.com\/en\/all-products\/"},{"@type":"ListItem","position":3,"name":"Iris Sacchetto Profumato Per Guardaroba"}]},{"@type":"WebSite","@id":"https:\/\/www.erboristerie.com\/it\/#website","url":"https:\/\/www.erboristerie.com\/it\/","name":"Erboristeria Demetra","description":"Your natural health","publisher":{"@id":"https:\/\/www.erboristerie.com\/it\/#organization"},"potentialAction":[{"@type":"SearchAction","target":{"@type":"EntryPoint","urlTemplate":"https:\/\/www.erboristerie.com\/it\/?s={search_term_string}"},"query-input":{"@type":"PropertyValueSpecification","valueRequired":true,"valueName":"search_term_string"}}],"inLanguage":"en-US"},{"@type":"Organization","@id":"https:\/\/www.erboristerie.com\/it\/#organization","name":"Erboristeria Demetra","url":"https:\/\/www.erboristerie.com\/it\/","logo":{"@type":"ImageObject","inLanguage":"en-US","@id":"https:\/\/www.erboristerie.com\/it\/#\/schema\/logo\/image\/","url":"https:\/\/www.erboristerie.com\/wp-content\/uploads\/2019\/11\/LOGO_ERBORISTERIA_DEMETRA_original.png?v=1611516981","contentUrl":"https:\/\/www.erboristerie.com\/wp-content\/uploads\/2019\/11\/LOGO_ERBORISTERIA_DEMETRA_original.png?v=1611516981","width":201,"height":54,"caption":"Erboristeria Demetra"},"image":{"@id":"https:\/\/www.erboristerie.com\/it\/#\/schema\/logo\/image\/"},"sameAs":["https:\/\/www.facebook.com\/erboristeria.demetra.online"]}]}},"_links":{"self":[{"href":"https:\/\/www.erboristerie.com\/en\/wp-json\/wp\/v2\/product\/79454","targetHints":{"allow":["GET"]}}],"collection":[{"href":"https:\/\/www.erboristerie.com\/en\/wp-json\/wp\/v2\/product"}],"about":[{"href":"https:\/\/www.erboristerie.com\/en\/wp-json\/wp\/v2\/types\/product"}],"wp:featuredmedia":[{"embeddable":true,"href":"https:\/\/www.erboristerie.com\/en\/wp-json\/wp\/v2\/media\/109141"}],"wp:attachment":[{"href":"https:\/\/www.erboristerie.com\/en\/wp-json\/wp\/v2\/media?parent=79454"}],"wp:term":[{"taxonomy":"product_brand","embeddable":true,"href":"https:\/\/www.erboristerie.com\/en\/wp-json\/wp\/v2\/product_brand?post=79454"},{"taxonomy":"product_cat","embeddable":true,"href":"https:\/\/www.erboristerie.com\/en\/wp-json\/wp\/v2\/product_cat?post=79454"},{"taxonomy":"product_tag","embeddable":true,"href":"https:\/\/www.erboristerie.com\/en\/wp-json\/wp\/v2\/product_tag?post=79454"},{"taxonomy":"giftcard-category","embeddable":true,"href":"https:\/\/www.erboristerie.com\/en\/wp-json\/wp\/v2\/giftcard-category?post=79454"}],"curies":[{"name":"wp","href":"https:\/\/api.w.org\/{rel}","templated":true}]}}