{"id":78926,"date":"2019-09-27T18:24:42","date_gmt":"2019-09-27T16:24:42","guid":{"rendered":"http:\/\/www.erboristerie.com\/?post_type=product&#038;p=78926"},"modified":"2025-09-10T18:54:56","modified_gmt":"2025-09-10T16:54:56","slug":"accordo-di-ebano-shampoo-doccia-250-ml","status":"publish","type":"product","link":"https:\/\/www.erboristerie.com\/en\/prodotto\/accordo-di-ebano-shampoo-doccia-250-ml\/","title":{"rendered":"Accordo di Ebano Shampoo Doccia 250 ml"},"content":{"rendered":"<p><strong>Shampoo Doccia 250 ml Accordo di Ebano <em>&#8211; L&#8217;Erbolario<\/em><\/strong><br \/>\nSecondo un\u2019antica leggenda africana, il legno di Ebano \u00e8 in grado di amplificare l\u2019energia. Allo stesso modo questo pratico Shampoo Doccia sapr\u00e0 far ritrovare vitalit\u00e0 all\u2019instancabile uomo di oggi. Egli potr\u00e0, infatti, detergere corpo e capigliatura con un solo gesto, riscoprendo inoltre vigore e tonicit\u00e0, grazie all\u2019estratto e all\u2019acqua distillata di legno di Ebano. Al benessere dei capelli pensa poi l\u2019idrolizzato proteico da legno di Cedro, che crea un invisibile film sulla superficie dello stelo, preservandone l\u2019idratazione.<\/p>\n<hr \/>\n<table border=\"0\" cellspacing=\"1\" cellpadding=\"1\">\n<tbody>\n<tr>\n<td><\/td>\n<td>\n<ul>\n<li><strong>100% Made in Italy<\/strong><br \/>\nOgni fase della nostra attivit\u00e0, dalla formulazione al controllo qualit\u00e0, dalla preparazione del semilavorato al confezionamento, viene attuata da sempre nel nostro sito produttivo di Lodi: noi non abbiamo delocalizzato alcuna fase produttiva in paesi terzi, men che meno in quelli nei quali i diritti umani e i diritti fondamentali dei lavoratori sono calpestati. I nostri fitocosmetici sono orgogliosi di potersi dire 100% MADE IN ITALY!<\/li>\n<li><strong>7 Metalli testati<\/strong><br \/>\nMonitoraggio del contenuto di 7 metalli per minimizzare i rischi di allergia: *(Nichel, Piombo, Arsenico, Cadmio, Mercurio, Antimonio e Cromo) e salvaguardare cos\u00ec anche le pelli pi\u00f9 sensibili. Ogni lotto di produzione \u00e8 rigorosamente controllato per garantire un contenuto di ogni singolo metallo inferiore a 0.00005% (limite di rilevabilit\u00e0 strumentale).<\/li>\n<li><strong>Da sempre amici degli animali<\/strong><br \/>\nAderiamo allo \u201cStandard Internazionale Stop ai Test su Animali\u201d; garantito da LAV (Lega Anti Vivisezione). Fin dalla sua fondazione nel 1978 L&#8217;Erbolario ha seguito la politica di non ricorrere a test su animali e dal 2006, dopo che le normative europee hanno iniziato a limitare e poi hanno man mano proibito il ricorso ai test su animali per fini cosmetici, ha aderito allo Standard. www.lav.it<\/li>\n<li><strong>Dermatologicamente Testato<\/strong><br \/>\nQuesto prodotto ha dimostrato di essere ottimamente tollerato dopo una rigorosa sperimentazione clinica finalizzata alla ricerca di eventuali potenzialit\u00e0 di irritazione e di allergogenesi. La valutazione delle ricerche \u00e8 stata effettuata presso il Dipartimento di Medicina interna e Terapia medica dell\u2019Universit\u00e0 degli Studi di Pavia.<\/li>\n<li><strong>Imballo in Carta FSC\u00ae<\/strong><br \/>\nLa confezione esterna cartacea di questo prodotto \u00e8 costituita esclusivamente carta certificata FSC\u00ae, secondo i rigorosi standardambientali e sociali del Forest Stewardship Concil\u00ae a supporto di una corretta e responsabile gestione delle risorse forestali<\/li>\n<li><strong>Senza ingredienti di derivazione animale.<\/strong><\/li>\n<\/ul>\n<\/td>\n<\/tr>\n<\/tbody>\n<\/table>\n<p>&nbsp;<\/p>\n","protected":false},"excerpt":{"rendered":"<p>Shampoo Doccia 250 ml Accordo di Ebano &#8211; L&#8217;Erbolario Secondo un\u2019antica leggenda africana, il legno di Ebano \u00e8 in grado di amplificare l\u2019energia. Allo stesso modo questo pratico Shampoo Doccia sapr\u00e0 far ritrovare vitalit\u00e0 all\u2019instancabile uomo di oggi. Egli potr\u00e0, infatti, detergere corpo e capigliatura&#8230;<\/p>\n","protected":false},"featured_media":109293,"template":"","meta":{"_acf_changed":false},"product_brand":[9603],"product_cat":[10307,45044,9715],"product_tag":[14442,10566,14028,11559,10938,11524,10650,17991,12049,11304,12500,10786,11016,10946,11024,13401,17958,10829,10889,14134],"giftcard-category":[],"class_list":{"0":"post-78926","1":"product","2":"type-product","3":"status-publish","4":"has-post-thumbnail","6":"product_brand-erbolario","7":"product_cat-capelli","8":"product_cat-detergenza","9":"product_cat-uomo","10":"product_tag-accordo","11":"product_tag-acido","12":"product_tag-azione","13":"product_tag-bagnoschiuma","14":"product_tag-bifasico","15":"product_tag-corpo","16":"product_tag-crema","17":"product_tag-danza","18":"product_tag-doccia","19":"product_tag-ebano","20":"product_tag-effetto","21":"product_tag-filler","22":"product_tag-fiori","23":"product_tag-ialuronico","24":"product_tag-idratante","25":"product_tag-intensa","26":"product_tag-millevirtu","27":"product_tag-shampoo","28":"product_tag-spray","29":"product_tag-tripla","30":"pa_formato-250-ml","31":"pa_linea-profumazione-accordo-di-ebano-en","32":"pa_marca-lerbolario","33":"pa_tipologia-shampodoccia","35":"first","36":"instock","37":"sale","38":"taxable","39":"shipping-taxable","40":"purchasable","41":"product-type-simple"},"acf":[],"yoast_head":"<!-- This site is optimized with the Yoast SEO plugin v24.9 - https:\/\/yoast.com\/wordpress\/plugins\/seo\/ -->\n<title>Accordo di Ebano Shampoo Doccia 250 ml<\/title>\n<meta name=\"description\" content=\"Questo pratico shampoo doccia sapr\u00e0 far ritrovare vitalit\u00e0 all\u2019instancabile uomo di oggi.\" \/>\n<meta name=\"robots\" content=\"index, follow, max-snippet:-1, max-image-preview:large, max-video-preview:-1\" \/>\n<link rel=\"canonical\" href=\"https:\/\/www.erboristerie.com\/it\/prodotto\/accordo-di-ebano-shampoo-doccia-250-ml\/\" \/>\n<meta property=\"og:locale\" content=\"en_US\" \/>\n<meta property=\"og:type\" content=\"article\" \/>\n<meta property=\"og:title\" content=\"Accordo di Ebano Shampoo Doccia 250 ml\" \/>\n<meta property=\"og:description\" content=\"Questo pratico shampoo doccia sapr\u00e0 far ritrovare vitalit\u00e0 all\u2019instancabile uomo di oggi.\" \/>\n<meta property=\"og:url\" content=\"https:\/\/www.erboristerie.com\/it\/prodotto\/accordo-di-ebano-shampoo-doccia-250-ml\/\" \/>\n<meta property=\"og:site_name\" content=\"Erboristeria Demetra\" \/>\n<meta property=\"article:publisher\" content=\"https:\/\/www.facebook.com\/erboristeria.demetra.online\" \/>\n<meta property=\"article:modified_time\" content=\"2025-09-10T16:54:56+00:00\" \/>\n<meta property=\"og:image\" content=\"https:\/\/www.erboristerie.com\/wp-content\/uploads\/2019\/09\/SD-Ebano-1.jpg\" \/>\n\t<meta property=\"og:image:width\" content=\"792\" \/>\n\t<meta property=\"og:image:height\" content=\"892\" \/>\n\t<meta property=\"og:image:type\" content=\"image\/jpeg\" \/>\n<meta name=\"twitter:card\" content=\"summary_large_image\" \/>\n<meta name=\"twitter:label1\" content=\"Est. reading time\" \/>\n\t<meta name=\"twitter:data1\" content=\"2 minutes\" \/>\n<script type=\"application\/ld+json\" class=\"yoast-schema-graph\">{\"@context\":\"https:\/\/schema.org\",\"@graph\":[{\"@type\":\"WebPage\",\"@id\":\"https:\/\/www.erboristerie.com\/it\/prodotto\/accordo-di-ebano-shampoo-doccia-250-ml\/\",\"url\":\"https:\/\/www.erboristerie.com\/it\/prodotto\/accordo-di-ebano-shampoo-doccia-250-ml\/\",\"name\":\"Accordo di Ebano Shampoo Doccia 250 ml\",\"isPartOf\":{\"@id\":\"https:\/\/www.erboristerie.com\/it\/#website\"},\"primaryImageOfPage\":{\"@id\":\"https:\/\/www.erboristerie.com\/it\/prodotto\/accordo-di-ebano-shampoo-doccia-250-ml\/#primaryimage\"},\"image\":{\"@id\":\"https:\/\/www.erboristerie.com\/it\/prodotto\/accordo-di-ebano-shampoo-doccia-250-ml\/#primaryimage\"},\"thumbnailUrl\":\"https:\/\/www.erboristerie.com\/wp-content\/uploads\/2019\/09\/SD-Ebano-1.jpg\",\"datePublished\":\"2019-09-27T16:24:42+00:00\",\"dateModified\":\"2025-09-10T16:54:56+00:00\",\"description\":\"Questo pratico shampoo doccia sapr\u00e0 far ritrovare vitalit\u00e0 all\u2019instancabile uomo di oggi.\",\"breadcrumb\":{\"@id\":\"https:\/\/www.erboristerie.com\/it\/prodotto\/accordo-di-ebano-shampoo-doccia-250-ml\/#breadcrumb\"},\"inLanguage\":\"en-US\",\"potentialAction\":[{\"@type\":\"ReadAction\",\"target\":[\"https:\/\/www.erboristerie.com\/it\/prodotto\/accordo-di-ebano-shampoo-doccia-250-ml\/\"]}]},{\"@type\":\"ImageObject\",\"inLanguage\":\"en-US\",\"@id\":\"https:\/\/www.erboristerie.com\/it\/prodotto\/accordo-di-ebano-shampoo-doccia-250-ml\/#primaryimage\",\"url\":\"https:\/\/www.erboristerie.com\/wp-content\/uploads\/2019\/09\/SD-Ebano-1.jpg\",\"contentUrl\":\"https:\/\/www.erboristerie.com\/wp-content\/uploads\/2019\/09\/SD-Ebano-1.jpg\",\"width\":792,\"height\":892},{\"@type\":\"BreadcrumbList\",\"@id\":\"https:\/\/www.erboristerie.com\/it\/prodotto\/accordo-di-ebano-shampoo-doccia-250-ml\/#breadcrumb\",\"itemListElement\":[{\"@type\":\"ListItem\",\"position\":1,\"name\":\"Home\",\"item\":\"https:\/\/www.erboristerie.com\/en\/\"},{\"@type\":\"ListItem\",\"position\":2,\"name\":\"All products\",\"item\":\"https:\/\/www.erboristerie.com\/en\/all-products\/\"},{\"@type\":\"ListItem\",\"position\":3,\"name\":\"Accordo di Ebano Shampoo Doccia 250 ml\"}]},{\"@type\":\"WebSite\",\"@id\":\"https:\/\/www.erboristerie.com\/it\/#website\",\"url\":\"https:\/\/www.erboristerie.com\/it\/\",\"name\":\"Erboristeria Demetra\",\"description\":\"Your natural health\",\"publisher\":{\"@id\":\"https:\/\/www.erboristerie.com\/it\/#organization\"},\"potentialAction\":[{\"@type\":\"SearchAction\",\"target\":{\"@type\":\"EntryPoint\",\"urlTemplate\":\"https:\/\/www.erboristerie.com\/it\/?s={search_term_string}\"},\"query-input\":{\"@type\":\"PropertyValueSpecification\",\"valueRequired\":true,\"valueName\":\"search_term_string\"}}],\"inLanguage\":\"en-US\"},{\"@type\":\"Organization\",\"@id\":\"https:\/\/www.erboristerie.com\/it\/#organization\",\"name\":\"Erboristeria Demetra\",\"url\":\"https:\/\/www.erboristerie.com\/it\/\",\"logo\":{\"@type\":\"ImageObject\",\"inLanguage\":\"en-US\",\"@id\":\"https:\/\/www.erboristerie.com\/it\/#\/schema\/logo\/image\/\",\"url\":\"https:\/\/www.erboristerie.com\/wp-content\/uploads\/2019\/11\/LOGO_ERBORISTERIA_DEMETRA_original.png?v=1611516981\",\"contentUrl\":\"https:\/\/www.erboristerie.com\/wp-content\/uploads\/2019\/11\/LOGO_ERBORISTERIA_DEMETRA_original.png?v=1611516981\",\"width\":201,\"height\":54,\"caption\":\"Erboristeria Demetra\"},\"image\":{\"@id\":\"https:\/\/www.erboristerie.com\/it\/#\/schema\/logo\/image\/\"},\"sameAs\":[\"https:\/\/www.facebook.com\/erboristeria.demetra.online\"]}]}<\/script>\n<!-- \/ Yoast SEO plugin. -->","yoast_head_json":{"title":"Accordo di Ebano Shampoo Doccia 250 ml","description":"Questo pratico shampoo doccia sapr\u00e0 far ritrovare vitalit\u00e0 all\u2019instancabile uomo di oggi.","robots":{"index":"index","follow":"follow","max-snippet":"max-snippet:-1","max-image-preview":"max-image-preview:large","max-video-preview":"max-video-preview:-1"},"canonical":"https:\/\/www.erboristerie.com\/it\/prodotto\/accordo-di-ebano-shampoo-doccia-250-ml\/","og_locale":"en_US","og_type":"article","og_title":"Accordo di Ebano Shampoo Doccia 250 ml","og_description":"Questo pratico shampoo doccia sapr\u00e0 far ritrovare vitalit\u00e0 all\u2019instancabile uomo di oggi.","og_url":"https:\/\/www.erboristerie.com\/it\/prodotto\/accordo-di-ebano-shampoo-doccia-250-ml\/","og_site_name":"Erboristeria Demetra","article_publisher":"https:\/\/www.facebook.com\/erboristeria.demetra.online","article_modified_time":"2025-09-10T16:54:56+00:00","og_image":[{"width":792,"height":892,"url":"https:\/\/www.erboristerie.com\/wp-content\/uploads\/2019\/09\/SD-Ebano-1.jpg","type":"image\/jpeg"}],"twitter_card":"summary_large_image","twitter_misc":{"Est. reading time":"2 minutes"},"schema":{"@context":"https:\/\/schema.org","@graph":[{"@type":"WebPage","@id":"https:\/\/www.erboristerie.com\/it\/prodotto\/accordo-di-ebano-shampoo-doccia-250-ml\/","url":"https:\/\/www.erboristerie.com\/it\/prodotto\/accordo-di-ebano-shampoo-doccia-250-ml\/","name":"Accordo di Ebano Shampoo Doccia 250 ml","isPartOf":{"@id":"https:\/\/www.erboristerie.com\/it\/#website"},"primaryImageOfPage":{"@id":"https:\/\/www.erboristerie.com\/it\/prodotto\/accordo-di-ebano-shampoo-doccia-250-ml\/#primaryimage"},"image":{"@id":"https:\/\/www.erboristerie.com\/it\/prodotto\/accordo-di-ebano-shampoo-doccia-250-ml\/#primaryimage"},"thumbnailUrl":"https:\/\/www.erboristerie.com\/wp-content\/uploads\/2019\/09\/SD-Ebano-1.jpg","datePublished":"2019-09-27T16:24:42+00:00","dateModified":"2025-09-10T16:54:56+00:00","description":"Questo pratico shampoo doccia sapr\u00e0 far ritrovare vitalit\u00e0 all\u2019instancabile uomo di oggi.","breadcrumb":{"@id":"https:\/\/www.erboristerie.com\/it\/prodotto\/accordo-di-ebano-shampoo-doccia-250-ml\/#breadcrumb"},"inLanguage":"en-US","potentialAction":[{"@type":"ReadAction","target":["https:\/\/www.erboristerie.com\/it\/prodotto\/accordo-di-ebano-shampoo-doccia-250-ml\/"]}]},{"@type":"ImageObject","inLanguage":"en-US","@id":"https:\/\/www.erboristerie.com\/it\/prodotto\/accordo-di-ebano-shampoo-doccia-250-ml\/#primaryimage","url":"https:\/\/www.erboristerie.com\/wp-content\/uploads\/2019\/09\/SD-Ebano-1.jpg","contentUrl":"https:\/\/www.erboristerie.com\/wp-content\/uploads\/2019\/09\/SD-Ebano-1.jpg","width":792,"height":892},{"@type":"BreadcrumbList","@id":"https:\/\/www.erboristerie.com\/it\/prodotto\/accordo-di-ebano-shampoo-doccia-250-ml\/#breadcrumb","itemListElement":[{"@type":"ListItem","position":1,"name":"Home","item":"https:\/\/www.erboristerie.com\/en\/"},{"@type":"ListItem","position":2,"name":"All products","item":"https:\/\/www.erboristerie.com\/en\/all-products\/"},{"@type":"ListItem","position":3,"name":"Accordo di Ebano Shampoo Doccia 250 ml"}]},{"@type":"WebSite","@id":"https:\/\/www.erboristerie.com\/it\/#website","url":"https:\/\/www.erboristerie.com\/it\/","name":"Erboristeria Demetra","description":"Your natural health","publisher":{"@id":"https:\/\/www.erboristerie.com\/it\/#organization"},"potentialAction":[{"@type":"SearchAction","target":{"@type":"EntryPoint","urlTemplate":"https:\/\/www.erboristerie.com\/it\/?s={search_term_string}"},"query-input":{"@type":"PropertyValueSpecification","valueRequired":true,"valueName":"search_term_string"}}],"inLanguage":"en-US"},{"@type":"Organization","@id":"https:\/\/www.erboristerie.com\/it\/#organization","name":"Erboristeria Demetra","url":"https:\/\/www.erboristerie.com\/it\/","logo":{"@type":"ImageObject","inLanguage":"en-US","@id":"https:\/\/www.erboristerie.com\/it\/#\/schema\/logo\/image\/","url":"https:\/\/www.erboristerie.com\/wp-content\/uploads\/2019\/11\/LOGO_ERBORISTERIA_DEMETRA_original.png?v=1611516981","contentUrl":"https:\/\/www.erboristerie.com\/wp-content\/uploads\/2019\/11\/LOGO_ERBORISTERIA_DEMETRA_original.png?v=1611516981","width":201,"height":54,"caption":"Erboristeria Demetra"},"image":{"@id":"https:\/\/www.erboristerie.com\/it\/#\/schema\/logo\/image\/"},"sameAs":["https:\/\/www.facebook.com\/erboristeria.demetra.online"]}]}},"_links":{"self":[{"href":"https:\/\/www.erboristerie.com\/en\/wp-json\/wp\/v2\/product\/78926","targetHints":{"allow":["GET"]}}],"collection":[{"href":"https:\/\/www.erboristerie.com\/en\/wp-json\/wp\/v2\/product"}],"about":[{"href":"https:\/\/www.erboristerie.com\/en\/wp-json\/wp\/v2\/types\/product"}],"wp:featuredmedia":[{"embeddable":true,"href":"https:\/\/www.erboristerie.com\/en\/wp-json\/wp\/v2\/media\/109293"}],"wp:attachment":[{"href":"https:\/\/www.erboristerie.com\/en\/wp-json\/wp\/v2\/media?parent=78926"}],"wp:term":[{"taxonomy":"product_brand","embeddable":true,"href":"https:\/\/www.erboristerie.com\/en\/wp-json\/wp\/v2\/product_brand?post=78926"},{"taxonomy":"product_cat","embeddable":true,"href":"https:\/\/www.erboristerie.com\/en\/wp-json\/wp\/v2\/product_cat?post=78926"},{"taxonomy":"product_tag","embeddable":true,"href":"https:\/\/www.erboristerie.com\/en\/wp-json\/wp\/v2\/product_tag?post=78926"},{"taxonomy":"giftcard-category","embeddable":true,"href":"https:\/\/www.erboristerie.com\/en\/wp-json\/wp\/v2\/giftcard-category?post=78926"}],"curies":[{"name":"wp","href":"https:\/\/api.w.org\/{rel}","templated":true}]}}