{"id":78678,"date":"2019-06-19T17:26:28","date_gmt":"2019-06-19T15:26:28","guid":{"rendered":"http:\/\/www.erboristerie.com\/?post_type=product&#038;p=78678"},"modified":"2026-02-04T12:04:39","modified_gmt":"2026-02-04T11:04:39","slug":"rodiola-forte-rhodiola-rosea-24-capsule-vegetali-erbamea","status":"publish","type":"product","link":"https:\/\/www.erboristerie.com\/en\/prodotto\/rodiola-forte-rhodiola-rosea-24-capsule-vegetali-erbamea\/","title":{"rendered":"Rodiola Forte (Rhodiola rosea) 24 capsule vegetali Erbamea"},"content":{"rendered":"<p><strong>Rodiola Forte (Rhodiola rosea) &#8211; Erbamea<\/strong><\/p>\n<p>24 capsule vegetali in blister<\/p>\n<p><strong>&#8230;. e torna l\u2019energia.<\/strong><\/p>\n<p>Quando gli impegni di lavoro e studio diventano pressanti e si sommano ad imprevisti e quotidianit\u00e0, o i cambiamenti di stagione, con sbalzi termici e variazioni di ore di luce, ci stressano di pi\u00f9, non \u00e8 strano sentirsi mentalmente stanchi e pigri e percepire una sensazione di maggiore fatica fisica.<\/p>\n<p>E anche quando intensifichiamo i nostri ritmi per dedicarci ad una sana e regolare attivit\u00e0 fisica o per applicarci decisamente nel nostro sport preferito, \u00e8 sempre importante tenere alto il tono dell\u2019organismo per non rinunciare a un fisiologico recupero.<\/p>\n<p>La prima regola per conservare forma ed energia \u00e8 seguire una alimentazione varia ed equilibrata, che fornisca al nostro organismo tutto il \u201ccombustibile\u201d necessario per mettersi in moto al meglio ogni mattina.<\/p>\n<p>Erbamea consiglia poi di associare ad un sano stile di vita RHODIOLA FORTE, un integratore a base di estratto secco di Rhodiola rosea, pianta ad attivit\u00e0 tonico-adattogena, utile in caso di stanchezza fisica e mentale, e Vitamine C (estratto di Rosa canina), B6 e B12, che contribuiscono al normale metabolismo energetico e alla riduzione della stanchezza e dell\u2019affaticamento.<\/p>\n<p><strong>Ingredienti caratterizzanti per 2 capsule<\/strong><\/p>\n<p>Rhodiola rosea radice estr. secco (titolato al 5% in rosavine totali e all&#8217;1,8% in salidroside) 600 mg; apporto di rosavine 30mg; apporto di salidroside 10,8 mg;<br \/>\nRosa canina cinorrodi estr. secco (titolato al 70% in vitamina C) 460mg; apporto di vitamina C 320 mg (400% VNR)<br \/>\nVitamina B6 2,8 mg (200% VNR)<br \/>\nVitamina B12 5 \u03bcg (200% VNR)<\/p>\n<p><strong>Modo d\u2019uso<\/strong><\/p>\n<p>Assumere 1 o 2 capsule al giorno, al mattino e nel primo pomeriggio.<\/p>\n","protected":false},"excerpt":{"rendered":"<p>Rodiola Forte (Rhodiola rosea) &#8211; Erbamea 24 capsule vegetali in blister &#8230;. e torna l\u2019energia. Quando gli impegni di lavoro e studio diventano pressanti e si sommano ad imprevisti e quotidianit\u00e0, o i cambiamenti di stagione, con sbalzi termici e variazioni di ore di luce,&#8230;<\/p>\n","protected":false},"featured_media":109510,"template":"","meta":{"_acf_changed":false},"product_brand":[9617],"product_cat":[9803,9863,49560,49558],"product_tag":[10574,20528,11177,10719,17187,10721],"giftcard-category":[],"class_list":{"0":"post-78678","1":"product","2":"type-product","3":"status-publish","4":"has-post-thumbnail","6":"product_brand-erbamea","7":"product_cat-dimagrimento-e-snellimento","8":"product_cat-energia-e-vitalita","9":"product_cat-singoli-in-pastiglie","10":"product_cat-sport","11":"product_tag-capsule","12":"product_tag-erbamea","13":"product_tag-forte","14":"product_tag-rhodiola","15":"product_tag-rodiola","16":"product_tag-rosea","18":"first","19":"instock","20":"sale","21":"taxable","22":"shipping-taxable","23":"purchasable","24":"product-type-simple"},"acf":[],"yoast_head":"<!-- This site is optimized with the Yoast SEO plugin v24.9 - https:\/\/yoast.com\/wordpress\/plugins\/seo\/ -->\n<title>Rodiola Forte (Rhodiola rosea) 24 capsule vegetali Erbamea - Erboristeria Demetra<\/title>\n<meta name=\"description\" content=\".... e torna l\u2019energia. Quando gli impegni di lavoro e studio diventano pressanti e si sommano ad imprevisti e quotidianit\u00e0, o i cambiamenti di stagione, con sbalzi termici e variazioni di ore di luce, ci stressano di pi\u00f9, non \u00e8 strano sentirsi mentalmente stanchi e pigri e percepire una sensazione di maggiore fatica fisica.\" \/>\n<meta name=\"robots\" content=\"index, follow, max-snippet:-1, max-image-preview:large, max-video-preview:-1\" \/>\n<link rel=\"canonical\" href=\"https:\/\/www.erboristerie.com\/it\/prodotto\/rodiola-forte-rhodiola-rosea-24-capsule-vegetali-erbamea\/\" \/>\n<meta property=\"og:locale\" content=\"en_US\" \/>\n<meta property=\"og:type\" content=\"article\" \/>\n<meta property=\"og:title\" content=\"Rodiola Forte (Rhodiola rosea) 24 capsule vegetali Erbamea - Erboristeria Demetra\" \/>\n<meta property=\"og:description\" content=\".... e torna l\u2019energia. Quando gli impegni di lavoro e studio diventano pressanti e si sommano ad imprevisti e quotidianit\u00e0, o i cambiamenti di stagione, con sbalzi termici e variazioni di ore di luce, ci stressano di pi\u00f9, non \u00e8 strano sentirsi mentalmente stanchi e pigri e percepire una sensazione di maggiore fatica fisica.\" \/>\n<meta property=\"og:url\" content=\"https:\/\/www.erboristerie.com\/it\/prodotto\/rodiola-forte-rhodiola-rosea-24-capsule-vegetali-erbamea\/\" \/>\n<meta property=\"og:site_name\" content=\"Erboristeria Demetra\" \/>\n<meta property=\"article:publisher\" content=\"https:\/\/www.facebook.com\/erboristeria.demetra.online\" \/>\n<meta property=\"article:modified_time\" content=\"2026-02-04T11:04:39+00:00\" \/>\n<meta property=\"og:image\" content=\"https:\/\/www.erboristerie.com\/wp-content\/uploads\/2019\/06\/00001544-2.jpg\" \/>\n\t<meta property=\"og:image:width\" content=\"602\" \/>\n\t<meta property=\"og:image:height\" content=\"513\" \/>\n\t<meta property=\"og:image:type\" content=\"image\/jpeg\" \/>\n<meta name=\"twitter:card\" content=\"summary_large_image\" \/>\n<meta name=\"twitter:label1\" content=\"Est. reading time\" \/>\n\t<meta name=\"twitter:data1\" content=\"2 minutes\" \/>\n<script type=\"application\/ld+json\" class=\"yoast-schema-graph\">{\"@context\":\"https:\/\/schema.org\",\"@graph\":[{\"@type\":\"WebPage\",\"@id\":\"https:\/\/www.erboristerie.com\/it\/prodotto\/rodiola-forte-rhodiola-rosea-24-capsule-vegetali-erbamea\/\",\"url\":\"https:\/\/www.erboristerie.com\/it\/prodotto\/rodiola-forte-rhodiola-rosea-24-capsule-vegetali-erbamea\/\",\"name\":\"Rodiola Forte (Rhodiola rosea) 24 capsule vegetali Erbamea - Erboristeria Demetra\",\"isPartOf\":{\"@id\":\"https:\/\/www.erboristerie.com\/it\/#website\"},\"primaryImageOfPage\":{\"@id\":\"https:\/\/www.erboristerie.com\/it\/prodotto\/rodiola-forte-rhodiola-rosea-24-capsule-vegetali-erbamea\/#primaryimage\"},\"image\":{\"@id\":\"https:\/\/www.erboristerie.com\/it\/prodotto\/rodiola-forte-rhodiola-rosea-24-capsule-vegetali-erbamea\/#primaryimage\"},\"thumbnailUrl\":\"https:\/\/www.erboristerie.com\/wp-content\/uploads\/2019\/06\/00001544-2.jpg\",\"datePublished\":\"2019-06-19T15:26:28+00:00\",\"dateModified\":\"2026-02-04T11:04:39+00:00\",\"description\":\".... e torna l\u2019energia. Quando gli impegni di lavoro e studio diventano pressanti e si sommano ad imprevisti e quotidianit\u00e0, o i cambiamenti di stagione, con sbalzi termici e variazioni di ore di luce, ci stressano di pi\u00f9, non \u00e8 strano sentirsi mentalmente stanchi e pigri e percepire una sensazione di maggiore fatica fisica.\",\"breadcrumb\":{\"@id\":\"https:\/\/www.erboristerie.com\/it\/prodotto\/rodiola-forte-rhodiola-rosea-24-capsule-vegetali-erbamea\/#breadcrumb\"},\"inLanguage\":\"en-US\",\"potentialAction\":[{\"@type\":\"ReadAction\",\"target\":[\"https:\/\/www.erboristerie.com\/it\/prodotto\/rodiola-forte-rhodiola-rosea-24-capsule-vegetali-erbamea\/\"]}]},{\"@type\":\"ImageObject\",\"inLanguage\":\"en-US\",\"@id\":\"https:\/\/www.erboristerie.com\/it\/prodotto\/rodiola-forte-rhodiola-rosea-24-capsule-vegetali-erbamea\/#primaryimage\",\"url\":\"https:\/\/www.erboristerie.com\/wp-content\/uploads\/2019\/06\/00001544-2.jpg\",\"contentUrl\":\"https:\/\/www.erboristerie.com\/wp-content\/uploads\/2019\/06\/00001544-2.jpg\",\"width\":602,\"height\":513},{\"@type\":\"BreadcrumbList\",\"@id\":\"https:\/\/www.erboristerie.com\/it\/prodotto\/rodiola-forte-rhodiola-rosea-24-capsule-vegetali-erbamea\/#breadcrumb\",\"itemListElement\":[{\"@type\":\"ListItem\",\"position\":1,\"name\":\"Home\",\"item\":\"https:\/\/www.erboristerie.com\/en\/\"},{\"@type\":\"ListItem\",\"position\":2,\"name\":\"All products\",\"item\":\"https:\/\/www.erboristerie.com\/en\/all-products\/\"},{\"@type\":\"ListItem\",\"position\":3,\"name\":\"Rodiola Forte (Rhodiola rosea) 24 capsule vegetali Erbamea\"}]},{\"@type\":\"WebSite\",\"@id\":\"https:\/\/www.erboristerie.com\/it\/#website\",\"url\":\"https:\/\/www.erboristerie.com\/it\/\",\"name\":\"Erboristeria Demetra\",\"description\":\"Your natural health\",\"publisher\":{\"@id\":\"https:\/\/www.erboristerie.com\/it\/#organization\"},\"potentialAction\":[{\"@type\":\"SearchAction\",\"target\":{\"@type\":\"EntryPoint\",\"urlTemplate\":\"https:\/\/www.erboristerie.com\/it\/?s={search_term_string}\"},\"query-input\":{\"@type\":\"PropertyValueSpecification\",\"valueRequired\":true,\"valueName\":\"search_term_string\"}}],\"inLanguage\":\"en-US\"},{\"@type\":\"Organization\",\"@id\":\"https:\/\/www.erboristerie.com\/it\/#organization\",\"name\":\"Erboristeria Demetra\",\"url\":\"https:\/\/www.erboristerie.com\/it\/\",\"logo\":{\"@type\":\"ImageObject\",\"inLanguage\":\"en-US\",\"@id\":\"https:\/\/www.erboristerie.com\/it\/#\/schema\/logo\/image\/\",\"url\":\"https:\/\/www.erboristerie.com\/wp-content\/uploads\/2019\/11\/LOGO_ERBORISTERIA_DEMETRA_original.png?v=1611516981\",\"contentUrl\":\"https:\/\/www.erboristerie.com\/wp-content\/uploads\/2019\/11\/LOGO_ERBORISTERIA_DEMETRA_original.png?v=1611516981\",\"width\":201,\"height\":54,\"caption\":\"Erboristeria Demetra\"},\"image\":{\"@id\":\"https:\/\/www.erboristerie.com\/it\/#\/schema\/logo\/image\/\"},\"sameAs\":[\"https:\/\/www.facebook.com\/erboristeria.demetra.online\"]}]}<\/script>\n<!-- \/ Yoast SEO plugin. -->","yoast_head_json":{"title":"Rodiola Forte (Rhodiola rosea) 24 capsule vegetali Erbamea - Erboristeria Demetra","description":".... e torna l\u2019energia. Quando gli impegni di lavoro e studio diventano pressanti e si sommano ad imprevisti e quotidianit\u00e0, o i cambiamenti di stagione, con sbalzi termici e variazioni di ore di luce, ci stressano di pi\u00f9, non \u00e8 strano sentirsi mentalmente stanchi e pigri e percepire una sensazione di maggiore fatica fisica.","robots":{"index":"index","follow":"follow","max-snippet":"max-snippet:-1","max-image-preview":"max-image-preview:large","max-video-preview":"max-video-preview:-1"},"canonical":"https:\/\/www.erboristerie.com\/it\/prodotto\/rodiola-forte-rhodiola-rosea-24-capsule-vegetali-erbamea\/","og_locale":"en_US","og_type":"article","og_title":"Rodiola Forte (Rhodiola rosea) 24 capsule vegetali Erbamea - Erboristeria Demetra","og_description":".... e torna l\u2019energia. Quando gli impegni di lavoro e studio diventano pressanti e si sommano ad imprevisti e quotidianit\u00e0, o i cambiamenti di stagione, con sbalzi termici e variazioni di ore di luce, ci stressano di pi\u00f9, non \u00e8 strano sentirsi mentalmente stanchi e pigri e percepire una sensazione di maggiore fatica fisica.","og_url":"https:\/\/www.erboristerie.com\/it\/prodotto\/rodiola-forte-rhodiola-rosea-24-capsule-vegetali-erbamea\/","og_site_name":"Erboristeria Demetra","article_publisher":"https:\/\/www.facebook.com\/erboristeria.demetra.online","article_modified_time":"2026-02-04T11:04:39+00:00","og_image":[{"width":602,"height":513,"url":"https:\/\/www.erboristerie.com\/wp-content\/uploads\/2019\/06\/00001544-2.jpg","type":"image\/jpeg"}],"twitter_card":"summary_large_image","twitter_misc":{"Est. reading time":"2 minutes"},"schema":{"@context":"https:\/\/schema.org","@graph":[{"@type":"WebPage","@id":"https:\/\/www.erboristerie.com\/it\/prodotto\/rodiola-forte-rhodiola-rosea-24-capsule-vegetali-erbamea\/","url":"https:\/\/www.erboristerie.com\/it\/prodotto\/rodiola-forte-rhodiola-rosea-24-capsule-vegetali-erbamea\/","name":"Rodiola Forte (Rhodiola rosea) 24 capsule vegetali Erbamea - Erboristeria Demetra","isPartOf":{"@id":"https:\/\/www.erboristerie.com\/it\/#website"},"primaryImageOfPage":{"@id":"https:\/\/www.erboristerie.com\/it\/prodotto\/rodiola-forte-rhodiola-rosea-24-capsule-vegetali-erbamea\/#primaryimage"},"image":{"@id":"https:\/\/www.erboristerie.com\/it\/prodotto\/rodiola-forte-rhodiola-rosea-24-capsule-vegetali-erbamea\/#primaryimage"},"thumbnailUrl":"https:\/\/www.erboristerie.com\/wp-content\/uploads\/2019\/06\/00001544-2.jpg","datePublished":"2019-06-19T15:26:28+00:00","dateModified":"2026-02-04T11:04:39+00:00","description":".... e torna l\u2019energia. Quando gli impegni di lavoro e studio diventano pressanti e si sommano ad imprevisti e quotidianit\u00e0, o i cambiamenti di stagione, con sbalzi termici e variazioni di ore di luce, ci stressano di pi\u00f9, non \u00e8 strano sentirsi mentalmente stanchi e pigri e percepire una sensazione di maggiore fatica fisica.","breadcrumb":{"@id":"https:\/\/www.erboristerie.com\/it\/prodotto\/rodiola-forte-rhodiola-rosea-24-capsule-vegetali-erbamea\/#breadcrumb"},"inLanguage":"en-US","potentialAction":[{"@type":"ReadAction","target":["https:\/\/www.erboristerie.com\/it\/prodotto\/rodiola-forte-rhodiola-rosea-24-capsule-vegetali-erbamea\/"]}]},{"@type":"ImageObject","inLanguage":"en-US","@id":"https:\/\/www.erboristerie.com\/it\/prodotto\/rodiola-forte-rhodiola-rosea-24-capsule-vegetali-erbamea\/#primaryimage","url":"https:\/\/www.erboristerie.com\/wp-content\/uploads\/2019\/06\/00001544-2.jpg","contentUrl":"https:\/\/www.erboristerie.com\/wp-content\/uploads\/2019\/06\/00001544-2.jpg","width":602,"height":513},{"@type":"BreadcrumbList","@id":"https:\/\/www.erboristerie.com\/it\/prodotto\/rodiola-forte-rhodiola-rosea-24-capsule-vegetali-erbamea\/#breadcrumb","itemListElement":[{"@type":"ListItem","position":1,"name":"Home","item":"https:\/\/www.erboristerie.com\/en\/"},{"@type":"ListItem","position":2,"name":"All products","item":"https:\/\/www.erboristerie.com\/en\/all-products\/"},{"@type":"ListItem","position":3,"name":"Rodiola Forte (Rhodiola rosea) 24 capsule vegetali Erbamea"}]},{"@type":"WebSite","@id":"https:\/\/www.erboristerie.com\/it\/#website","url":"https:\/\/www.erboristerie.com\/it\/","name":"Erboristeria Demetra","description":"Your natural health","publisher":{"@id":"https:\/\/www.erboristerie.com\/it\/#organization"},"potentialAction":[{"@type":"SearchAction","target":{"@type":"EntryPoint","urlTemplate":"https:\/\/www.erboristerie.com\/it\/?s={search_term_string}"},"query-input":{"@type":"PropertyValueSpecification","valueRequired":true,"valueName":"search_term_string"}}],"inLanguage":"en-US"},{"@type":"Organization","@id":"https:\/\/www.erboristerie.com\/it\/#organization","name":"Erboristeria Demetra","url":"https:\/\/www.erboristerie.com\/it\/","logo":{"@type":"ImageObject","inLanguage":"en-US","@id":"https:\/\/www.erboristerie.com\/it\/#\/schema\/logo\/image\/","url":"https:\/\/www.erboristerie.com\/wp-content\/uploads\/2019\/11\/LOGO_ERBORISTERIA_DEMETRA_original.png?v=1611516981","contentUrl":"https:\/\/www.erboristerie.com\/wp-content\/uploads\/2019\/11\/LOGO_ERBORISTERIA_DEMETRA_original.png?v=1611516981","width":201,"height":54,"caption":"Erboristeria Demetra"},"image":{"@id":"https:\/\/www.erboristerie.com\/it\/#\/schema\/logo\/image\/"},"sameAs":["https:\/\/www.facebook.com\/erboristeria.demetra.online"]}]}},"_links":{"self":[{"href":"https:\/\/www.erboristerie.com\/en\/wp-json\/wp\/v2\/product\/78678","targetHints":{"allow":["GET"]}}],"collection":[{"href":"https:\/\/www.erboristerie.com\/en\/wp-json\/wp\/v2\/product"}],"about":[{"href":"https:\/\/www.erboristerie.com\/en\/wp-json\/wp\/v2\/types\/product"}],"wp:featuredmedia":[{"embeddable":true,"href":"https:\/\/www.erboristerie.com\/en\/wp-json\/wp\/v2\/media\/109510"}],"wp:attachment":[{"href":"https:\/\/www.erboristerie.com\/en\/wp-json\/wp\/v2\/media?parent=78678"}],"wp:term":[{"taxonomy":"product_brand","embeddable":true,"href":"https:\/\/www.erboristerie.com\/en\/wp-json\/wp\/v2\/product_brand?post=78678"},{"taxonomy":"product_cat","embeddable":true,"href":"https:\/\/www.erboristerie.com\/en\/wp-json\/wp\/v2\/product_cat?post=78678"},{"taxonomy":"product_tag","embeddable":true,"href":"https:\/\/www.erboristerie.com\/en\/wp-json\/wp\/v2\/product_tag?post=78678"},{"taxonomy":"giftcard-category","embeddable":true,"href":"https:\/\/www.erboristerie.com\/en\/wp-json\/wp\/v2\/giftcard-category?post=78678"}],"curies":[{"name":"wp","href":"https:\/\/api.w.org\/{rel}","templated":true}]}}