{"id":78530,"date":"2019-05-09T19:02:24","date_gmt":"2019-05-09T17:02:24","guid":{"rendered":"http:\/\/www.erboristerie.com\/?post_type=product&#038;p=78530"},"modified":"2025-09-10T18:54:46","modified_gmt":"2025-09-10T16:54:46","slug":"papavero-soave-profumo-15ml-spray","status":"publish","type":"product","link":"https:\/\/www.erboristerie.com\/en\/prodotto\/papavero-soave-profumo-15ml-spray\/","title":{"rendered":"Papavero Soave Profumo 15ml spray"},"content":{"rendered":"<p><strong>Papavero Soave Profumo 15ml spray &#8211; L&#8217;Erbolario<br \/>\nDescrizione<\/strong><br \/>\nUn Profumo cangiante e soave, qui in edizione speciale da 15 ml, in cui si fondono la natura campestre e spensierata dei papaveri di campo e quella pi\u00f9 sognante e misteriosa del Papaver orientalis.<br \/>\n<strong>Fragranza: <\/strong>fiorita, ambrata<br \/>\nProfumo fiorito &#8211; ambrato <strong>femminile<\/strong><br \/>\n<strong>Note di: <\/strong>Petali di Papavero, Davana delle Indie, Gelsomino d\u2019acqua, Prunella<br \/>\n<strong>Ingredienti (INCI)<\/strong><br \/>\nAlcohol denat., Parfum (Fragrance), Aqua (Water), Tocopheryl acetate, Citric acid, Benzyl benzoate, Cinnamyl alcohol, Hydroxycitronellal, Linalool<br \/>\n<strong>Cosa sapere in piu&#8217;<\/strong><\/p>\n<ul>\n<li>100% Made in Italy<br \/>\nOgni fase della nostra attivit\u00e0, dalla formulazione al controllo qualit\u00e0, dalla preparazione del semilavorato al confezionamento, viene attuata da sempre nel nostro sito produttivo di Lodi: noi non abbiamo delocalizzato alcuna fase produttiva in paesi terzi, men che meno in quelli nei quali i diritti umani e i diritti fondamentali dei lavoratori sono calpestati. I nostri fitocosmetici sono orgogliosi di potersi dire 100% MADE IN ITALY<\/li>\n<li>7 Metalli testati<br \/>\nMonitoraggio del contenuto di 7 metalli per minimizzare i rischi di allergia: *(Nichel, Piombo, Arsenico, Cadmio, Mercurio, Antimonio e Cromo) e salvaguardare cos\u00ec anche le pelli pi\u00f9 sensibili. Ogni lotto di produzione \u00e8 rigorosamente controllato per garantire un contenuto di ogni singolo metallo inferiore a 0.00005% (limite di rilevabilit\u00e0 strumentale)<\/li>\n<li>Da sempre amici degli animali<br \/>\nAderiamo allo \u201cStandard Internazionale Stop ai Test su Animali\u201d; garantito da LAV (Lega Anti Vivisezione). Fin dalla sua fondazione nel 1978 L&#8217;Erbolario ha seguito la politica di non ricorrere a test su animali e dal 2006, dopo che le normative europee hanno iniziato a limitare e poi hanno man mano proibito il ricorso ai test su animali per fini cosmetici, ha aderito allo Standard. www.lav.it<\/li>\n<li>Dermatologicamente Testato<br \/>\nQuesto prodotto ha dimostrato di essere ottimamente tollerato dopo una rigorosa sperimentazione clinica finalizzata alla ricerca di eventuali potenzialit\u00e0 di irritazione e di allergogenesi. La valutazione delle ricerche \u00e8 stata effettuata presso il Dipartimento di Medicina interna e Terapia medica dell\u2019Universit\u00e0 degli Studi di Pavia<\/li>\n<li>Imballo in Carta FSC\u00ae<br \/>\nLa confezione esterna cartacea di questo prodotto \u00e8 costituita esclusivamente carta certificata FSC\u00ae, secondo i rigorosi standardambientali e sociali del Forest Stewardship Concil\u00ae a supporto di una corretta e responsabile gestione delle risorse forestali<\/li>\n<li>Senza ingredienti di derivazione animale<\/li>\n<\/ul>\n","protected":false},"excerpt":{"rendered":"<p>Papavero Soave Profumo 15ml spray &#8211; L&#8217;Erbolario Descrizione Un Profumo cangiante e soave, qui in edizione speciale da 15 ml, in cui si fondono la natura campestre e spensierata dei papaveri di campo e quella pi\u00f9 sognante e misteriosa del Papaver orientalis. Fragranza: fiorita, ambrata&#8230;<\/p>\n","protected":false},"featured_media":109528,"template":"","meta":{"_acf_changed":false},"product_brand":[9603],"product_cat":[45042],"product_tag":[11473,11353,12534,12238,14270,10889,12933],"giftcard-category":[],"class_list":{"0":"post-78530","1":"product","2":"type-product","3":"status-publish","4":"has-post-thumbnail","6":"product_brand-erbolario","7":"product_cat-profumi","8":"product_tag-15ml","9":"product_tag-lerbolario","10":"product_tag-papavero","11":"product_tag-profumo","12":"product_tag-soave","13":"product_tag-spray","14":"product_tag-uomo","15":"pa_formato-15-ml","16":"pa_linea-profumazione-papavero-soave","17":"pa_marca-lerbolario","18":"pa_tipologia-profumo","20":"first","21":"instock","22":"sale","23":"taxable","24":"shipping-taxable","25":"purchasable","26":"product-type-simple"},"acf":[],"yoast_head":"<!-- This site is optimized with the Yoast SEO plugin v24.9 - https:\/\/yoast.com\/wordpress\/plugins\/seo\/ -->\n<title>Papavero Soave Profumo 15ml spray<\/title>\n<meta name=\"description\" content=\"Un Profumo cangiante e soave, qui in edizione speciale da 15 ml, in cui si fondono la natura campestre e spensierata dei papaveri di campo e quella pi\u00f9 sognante e misteriosa del Papaver orientalis.\" \/>\n<meta name=\"robots\" content=\"index, follow, max-snippet:-1, max-image-preview:large, max-video-preview:-1\" \/>\n<link rel=\"canonical\" href=\"https:\/\/www.erboristerie.com\/it\/prodotto\/papavero-soave-profumo-15ml-spray\/\" \/>\n<meta property=\"og:locale\" content=\"en_US\" \/>\n<meta property=\"og:type\" content=\"article\" \/>\n<meta property=\"og:title\" content=\"Papavero Soave Profumo 15ml spray\" \/>\n<meta property=\"og:description\" content=\"Un Profumo cangiante e soave, qui in edizione speciale da 15 ml, in cui si fondono la natura campestre e spensierata dei papaveri di campo e quella pi\u00f9 sognante e misteriosa del Papaver orientalis.\" \/>\n<meta property=\"og:url\" content=\"https:\/\/www.erboristerie.com\/it\/prodotto\/papavero-soave-profumo-15ml-spray\/\" \/>\n<meta property=\"og:site_name\" content=\"Erboristeria Demetra\" \/>\n<meta property=\"article:publisher\" content=\"https:\/\/www.facebook.com\/erboristeria.demetra.online\" \/>\n<meta property=\"article:modified_time\" content=\"2025-09-10T16:54:46+00:00\" \/>\n<meta property=\"og:image\" content=\"https:\/\/www.erboristerie.com\/wp-content\/uploads\/2019\/05\/00004571-1.jpg\" \/>\n\t<meta property=\"og:image:width\" content=\"443\" \/>\n\t<meta property=\"og:image:height\" content=\"691\" \/>\n\t<meta property=\"og:image:type\" content=\"image\/jpeg\" \/>\n<meta name=\"twitter:card\" content=\"summary_large_image\" \/>\n<meta name=\"twitter:label1\" content=\"Est. reading time\" \/>\n\t<meta name=\"twitter:data1\" content=\"2 minutes\" \/>\n<script type=\"application\/ld+json\" class=\"yoast-schema-graph\">{\"@context\":\"https:\/\/schema.org\",\"@graph\":[{\"@type\":\"WebPage\",\"@id\":\"https:\/\/www.erboristerie.com\/it\/prodotto\/papavero-soave-profumo-15ml-spray\/\",\"url\":\"https:\/\/www.erboristerie.com\/it\/prodotto\/papavero-soave-profumo-15ml-spray\/\",\"name\":\"Papavero Soave Profumo 15ml spray\",\"isPartOf\":{\"@id\":\"https:\/\/www.erboristerie.com\/it\/#website\"},\"primaryImageOfPage\":{\"@id\":\"https:\/\/www.erboristerie.com\/it\/prodotto\/papavero-soave-profumo-15ml-spray\/#primaryimage\"},\"image\":{\"@id\":\"https:\/\/www.erboristerie.com\/it\/prodotto\/papavero-soave-profumo-15ml-spray\/#primaryimage\"},\"thumbnailUrl\":\"https:\/\/www.erboristerie.com\/wp-content\/uploads\/2019\/05\/00004571-1.jpg\",\"datePublished\":\"2019-05-09T17:02:24+00:00\",\"dateModified\":\"2025-09-10T16:54:46+00:00\",\"description\":\"Un Profumo cangiante e soave, qui in edizione speciale da 15 ml, in cui si fondono la natura campestre e spensierata dei papaveri di campo e quella pi\u00f9 sognante e misteriosa del Papaver orientalis.\",\"breadcrumb\":{\"@id\":\"https:\/\/www.erboristerie.com\/it\/prodotto\/papavero-soave-profumo-15ml-spray\/#breadcrumb\"},\"inLanguage\":\"en-US\",\"potentialAction\":[{\"@type\":\"ReadAction\",\"target\":[\"https:\/\/www.erboristerie.com\/it\/prodotto\/papavero-soave-profumo-15ml-spray\/\"]}]},{\"@type\":\"ImageObject\",\"inLanguage\":\"en-US\",\"@id\":\"https:\/\/www.erboristerie.com\/it\/prodotto\/papavero-soave-profumo-15ml-spray\/#primaryimage\",\"url\":\"https:\/\/www.erboristerie.com\/wp-content\/uploads\/2019\/05\/00004571-1.jpg\",\"contentUrl\":\"https:\/\/www.erboristerie.com\/wp-content\/uploads\/2019\/05\/00004571-1.jpg\",\"width\":443,\"height\":691},{\"@type\":\"BreadcrumbList\",\"@id\":\"https:\/\/www.erboristerie.com\/it\/prodotto\/papavero-soave-profumo-15ml-spray\/#breadcrumb\",\"itemListElement\":[{\"@type\":\"ListItem\",\"position\":1,\"name\":\"Home\",\"item\":\"https:\/\/www.erboristerie.com\/en\/\"},{\"@type\":\"ListItem\",\"position\":2,\"name\":\"All products\",\"item\":\"https:\/\/www.erboristerie.com\/en\/all-products\/\"},{\"@type\":\"ListItem\",\"position\":3,\"name\":\"Papavero Soave Profumo 15ml spray\"}]},{\"@type\":\"WebSite\",\"@id\":\"https:\/\/www.erboristerie.com\/it\/#website\",\"url\":\"https:\/\/www.erboristerie.com\/it\/\",\"name\":\"Erboristeria Demetra\",\"description\":\"Your natural health\",\"publisher\":{\"@id\":\"https:\/\/www.erboristerie.com\/it\/#organization\"},\"potentialAction\":[{\"@type\":\"SearchAction\",\"target\":{\"@type\":\"EntryPoint\",\"urlTemplate\":\"https:\/\/www.erboristerie.com\/it\/?s={search_term_string}\"},\"query-input\":{\"@type\":\"PropertyValueSpecification\",\"valueRequired\":true,\"valueName\":\"search_term_string\"}}],\"inLanguage\":\"en-US\"},{\"@type\":\"Organization\",\"@id\":\"https:\/\/www.erboristerie.com\/it\/#organization\",\"name\":\"Erboristeria Demetra\",\"url\":\"https:\/\/www.erboristerie.com\/it\/\",\"logo\":{\"@type\":\"ImageObject\",\"inLanguage\":\"en-US\",\"@id\":\"https:\/\/www.erboristerie.com\/it\/#\/schema\/logo\/image\/\",\"url\":\"https:\/\/www.erboristerie.com\/wp-content\/uploads\/2019\/11\/LOGO_ERBORISTERIA_DEMETRA_original.png?v=1611516981\",\"contentUrl\":\"https:\/\/www.erboristerie.com\/wp-content\/uploads\/2019\/11\/LOGO_ERBORISTERIA_DEMETRA_original.png?v=1611516981\",\"width\":201,\"height\":54,\"caption\":\"Erboristeria Demetra\"},\"image\":{\"@id\":\"https:\/\/www.erboristerie.com\/it\/#\/schema\/logo\/image\/\"},\"sameAs\":[\"https:\/\/www.facebook.com\/erboristeria.demetra.online\"]}]}<\/script>\n<!-- \/ Yoast SEO plugin. -->","yoast_head_json":{"title":"Papavero Soave Profumo 15ml spray","description":"Un Profumo cangiante e soave, qui in edizione speciale da 15 ml, in cui si fondono la natura campestre e spensierata dei papaveri di campo e quella pi\u00f9 sognante e misteriosa del Papaver orientalis.","robots":{"index":"index","follow":"follow","max-snippet":"max-snippet:-1","max-image-preview":"max-image-preview:large","max-video-preview":"max-video-preview:-1"},"canonical":"https:\/\/www.erboristerie.com\/it\/prodotto\/papavero-soave-profumo-15ml-spray\/","og_locale":"en_US","og_type":"article","og_title":"Papavero Soave Profumo 15ml spray","og_description":"Un Profumo cangiante e soave, qui in edizione speciale da 15 ml, in cui si fondono la natura campestre e spensierata dei papaveri di campo e quella pi\u00f9 sognante e misteriosa del Papaver orientalis.","og_url":"https:\/\/www.erboristerie.com\/it\/prodotto\/papavero-soave-profumo-15ml-spray\/","og_site_name":"Erboristeria Demetra","article_publisher":"https:\/\/www.facebook.com\/erboristeria.demetra.online","article_modified_time":"2025-09-10T16:54:46+00:00","og_image":[{"width":443,"height":691,"url":"https:\/\/www.erboristerie.com\/wp-content\/uploads\/2019\/05\/00004571-1.jpg","type":"image\/jpeg"}],"twitter_card":"summary_large_image","twitter_misc":{"Est. reading time":"2 minutes"},"schema":{"@context":"https:\/\/schema.org","@graph":[{"@type":"WebPage","@id":"https:\/\/www.erboristerie.com\/it\/prodotto\/papavero-soave-profumo-15ml-spray\/","url":"https:\/\/www.erboristerie.com\/it\/prodotto\/papavero-soave-profumo-15ml-spray\/","name":"Papavero Soave Profumo 15ml spray","isPartOf":{"@id":"https:\/\/www.erboristerie.com\/it\/#website"},"primaryImageOfPage":{"@id":"https:\/\/www.erboristerie.com\/it\/prodotto\/papavero-soave-profumo-15ml-spray\/#primaryimage"},"image":{"@id":"https:\/\/www.erboristerie.com\/it\/prodotto\/papavero-soave-profumo-15ml-spray\/#primaryimage"},"thumbnailUrl":"https:\/\/www.erboristerie.com\/wp-content\/uploads\/2019\/05\/00004571-1.jpg","datePublished":"2019-05-09T17:02:24+00:00","dateModified":"2025-09-10T16:54:46+00:00","description":"Un Profumo cangiante e soave, qui in edizione speciale da 15 ml, in cui si fondono la natura campestre e spensierata dei papaveri di campo e quella pi\u00f9 sognante e misteriosa del Papaver orientalis.","breadcrumb":{"@id":"https:\/\/www.erboristerie.com\/it\/prodotto\/papavero-soave-profumo-15ml-spray\/#breadcrumb"},"inLanguage":"en-US","potentialAction":[{"@type":"ReadAction","target":["https:\/\/www.erboristerie.com\/it\/prodotto\/papavero-soave-profumo-15ml-spray\/"]}]},{"@type":"ImageObject","inLanguage":"en-US","@id":"https:\/\/www.erboristerie.com\/it\/prodotto\/papavero-soave-profumo-15ml-spray\/#primaryimage","url":"https:\/\/www.erboristerie.com\/wp-content\/uploads\/2019\/05\/00004571-1.jpg","contentUrl":"https:\/\/www.erboristerie.com\/wp-content\/uploads\/2019\/05\/00004571-1.jpg","width":443,"height":691},{"@type":"BreadcrumbList","@id":"https:\/\/www.erboristerie.com\/it\/prodotto\/papavero-soave-profumo-15ml-spray\/#breadcrumb","itemListElement":[{"@type":"ListItem","position":1,"name":"Home","item":"https:\/\/www.erboristerie.com\/en\/"},{"@type":"ListItem","position":2,"name":"All products","item":"https:\/\/www.erboristerie.com\/en\/all-products\/"},{"@type":"ListItem","position":3,"name":"Papavero Soave Profumo 15ml spray"}]},{"@type":"WebSite","@id":"https:\/\/www.erboristerie.com\/it\/#website","url":"https:\/\/www.erboristerie.com\/it\/","name":"Erboristeria Demetra","description":"Your natural health","publisher":{"@id":"https:\/\/www.erboristerie.com\/it\/#organization"},"potentialAction":[{"@type":"SearchAction","target":{"@type":"EntryPoint","urlTemplate":"https:\/\/www.erboristerie.com\/it\/?s={search_term_string}"},"query-input":{"@type":"PropertyValueSpecification","valueRequired":true,"valueName":"search_term_string"}}],"inLanguage":"en-US"},{"@type":"Organization","@id":"https:\/\/www.erboristerie.com\/it\/#organization","name":"Erboristeria Demetra","url":"https:\/\/www.erboristerie.com\/it\/","logo":{"@type":"ImageObject","inLanguage":"en-US","@id":"https:\/\/www.erboristerie.com\/it\/#\/schema\/logo\/image\/","url":"https:\/\/www.erboristerie.com\/wp-content\/uploads\/2019\/11\/LOGO_ERBORISTERIA_DEMETRA_original.png?v=1611516981","contentUrl":"https:\/\/www.erboristerie.com\/wp-content\/uploads\/2019\/11\/LOGO_ERBORISTERIA_DEMETRA_original.png?v=1611516981","width":201,"height":54,"caption":"Erboristeria Demetra"},"image":{"@id":"https:\/\/www.erboristerie.com\/it\/#\/schema\/logo\/image\/"},"sameAs":["https:\/\/www.facebook.com\/erboristeria.demetra.online"]}]}},"_links":{"self":[{"href":"https:\/\/www.erboristerie.com\/en\/wp-json\/wp\/v2\/product\/78530","targetHints":{"allow":["GET"]}}],"collection":[{"href":"https:\/\/www.erboristerie.com\/en\/wp-json\/wp\/v2\/product"}],"about":[{"href":"https:\/\/www.erboristerie.com\/en\/wp-json\/wp\/v2\/types\/product"}],"wp:featuredmedia":[{"embeddable":true,"href":"https:\/\/www.erboristerie.com\/en\/wp-json\/wp\/v2\/media\/109528"}],"wp:attachment":[{"href":"https:\/\/www.erboristerie.com\/en\/wp-json\/wp\/v2\/media?parent=78530"}],"wp:term":[{"taxonomy":"product_brand","embeddable":true,"href":"https:\/\/www.erboristerie.com\/en\/wp-json\/wp\/v2\/product_brand?post=78530"},{"taxonomy":"product_cat","embeddable":true,"href":"https:\/\/www.erboristerie.com\/en\/wp-json\/wp\/v2\/product_cat?post=78530"},{"taxonomy":"product_tag","embeddable":true,"href":"https:\/\/www.erboristerie.com\/en\/wp-json\/wp\/v2\/product_tag?post=78530"},{"taxonomy":"giftcard-category","embeddable":true,"href":"https:\/\/www.erboristerie.com\/en\/wp-json\/wp\/v2\/giftcard-category?post=78530"}],"curies":[{"name":"wp","href":"https:\/\/api.w.org\/{rel}","templated":true}]}}