{"id":78474,"date":"2019-05-09T17:13:53","date_gmt":"2019-05-09T15:13:53","guid":{"rendered":"http:\/\/www.erboristerie.com\/?post_type=product&#038;p=78474"},"modified":"2025-09-13T17:17:45","modified_gmt":"2025-09-13T15:17:45","slug":"shampoo-al-tea-tree-oil-200ml-igienizzante-e-antiforfora-derbe","status":"publish","type":"product","link":"https:\/\/www.erboristerie.com\/en\/prodotto\/shampoo-al-tea-tree-oil-200ml-igienizzante-e-antiforfora-derbe\/","title":{"rendered":"Shampoo al Tea Tree Oil 200ml Igienizzante e Antiforfora &#8211; Derbe"},"content":{"rendered":"<p><strong>Shampoo igienizzante antiforfora al Tea Tree Oil 200ml &#8211; Derbe<\/strong><\/p>\n<p>Lo sciampo igienizzante Derbe interviene agendo in modo favorevole sul ripristino di una corretta igiene del cuoio capelluto grazie alla presenza di una base lavante molto delicata abbinata all\u2019effetto igienizzante del Tea Tree oil.<\/p>\n<p>Inoltre contiene una sostanza antimicotica e sebo-regolatrice che, rispetto ai pi\u00f9 comuni agenti antiforforali, \u00e8 dotata di elevata affinit\u00e0 per le strutture ricche di cheratina come i capelli.<\/p>\n<p>Lo sciampo igienizzante Derbe \u00e8 un valido aiuto per ristabilire il naturale equilibrio microbico del cuoio capelluto.<\/p>\n<p><strong>Ideale contro la forfora.<\/strong><\/p>\n<p><strong>Modo d&#8217;uso<\/strong><\/p>\n<p>Utilizzare sui capelli umidi in quantit\u00e0 sufficiente da creare un\u02bcabbondante schiuma.\u00a0Ripetere l\u02bcoperazione una seconda volta prima del risciacquo finale. Procedere all\u02bcasciugatura.<\/p>\n<p><strong>INCI<\/strong><\/p>\n<p>aqua [water], sodium coco-sulfate, decyl glucoside, lauryl glucoside, sodium lauryl glucose carboxylate, lactic acid, piroctone olamine, parfum [fragrance], glycerin, glyceryl oleate, coco-glucoside, benzyl alcohol, phenoxyethanol, dicaprylyl ether, potassium sorbate, melaleuca alternifolia (tea tree) leaf oil, propolis extract, tocopherol.<\/p>\n<p><strong>Non contiene<\/strong><\/p>\n<p>SLES<br \/>\nPEG<br \/>\nCOLORANTI<br \/>\nOLII MINERALI<br \/>\nPARABENI<br \/>\nGLUTINE<\/p>\n<p><strong>Nikel tested<\/strong><\/p>\n","protected":false},"excerpt":{"rendered":"<p>Shampoo igienizzante antiforfora al Tea Tree Oil 200ml &#8211; Derbe Lo sciampo igienizzante Derbe interviene agendo in modo favorevole sul ripristino di una corretta igiene del cuoio capelluto grazie alla presenza di una base lavante molto delicata abbinata all\u2019effetto igienizzante del Tea Tree oil. Inoltre&#8230;<\/p>\n","protected":false},"featured_media":109583,"template":"","meta":{"_acf_changed":false},"product_brand":[9593],"product_cat":[45115,10307,45044],"product_tag":[10917,10932,18195,13905,14297,18093,10656,14298,14296,10847,19456,11047,11045,12869],"giftcard-category":[],"class_list":{"0":"post-78474","1":"product","2":"type-product","3":"status-publish","4":"has-post-thumbnail","6":"product_brand-derbe","7":"product_cat-tea-tree","8":"product_cat-capelli","9":"product_cat-detergenza","10":"product_tag-200ml","11":"product_tag-antiforfora","12":"product_tag-cocco-2","13":"product_tag-cute","14":"product_tag-delicatissimo","15":"product_tag-igienizzante","16":"product_tag-oil","17":"product_tag-sensibi","18":"product_tag-sensibile","19":"product_tag-seres","20":"product_tag-shampoo-2","21":"product_tag-tea","22":"product_tag-tree","23":"product_tag-zucchero","24":"pa_formato-200-ml","25":"pa_linea-profumazione-derbe-en","26":"pa_marca-derbe","27":"pa_tipologia-shampoo","29":"first","30":"instock","31":"sale","32":"taxable","33":"shipping-taxable","34":"purchasable","35":"product-type-simple"},"acf":[],"yoast_head":"<!-- This site is optimized with the Yoast SEO plugin v24.9 - https:\/\/yoast.com\/wordpress\/plugins\/seo\/ -->\n<title>Shampoo al Tea Tree Oil 200ml Igienizzante e Antiforfora - Derbe - Erboristeria Demetra<\/title>\n<meta name=\"description\" content=\"Lo sciampo igienizzante Derbe \u00e8 un valido aiuto per ristabilire il naturale equilibrio microbico del cuoio capelluto.\" \/>\n<meta name=\"robots\" content=\"index, follow, max-snippet:-1, max-image-preview:large, max-video-preview:-1\" \/>\n<link rel=\"canonical\" href=\"https:\/\/www.erboristerie.com\/it\/prodotto\/shampoo-al-tea-tree-oil-200ml-igienizzante-e-antiforfora-derbe\/\" \/>\n<meta property=\"og:locale\" content=\"en_US\" \/>\n<meta property=\"og:type\" content=\"article\" \/>\n<meta property=\"og:title\" content=\"Shampoo al Tea Tree Oil 200ml Igienizzante e Antiforfora - Derbe - Erboristeria Demetra\" \/>\n<meta property=\"og:description\" content=\"Lo sciampo igienizzante Derbe \u00e8 un valido aiuto per ristabilire il naturale equilibrio microbico del cuoio capelluto.\" \/>\n<meta property=\"og:url\" content=\"https:\/\/www.erboristerie.com\/it\/prodotto\/shampoo-al-tea-tree-oil-200ml-igienizzante-e-antiforfora-derbe\/\" \/>\n<meta property=\"og:site_name\" content=\"Erboristeria Demetra\" \/>\n<meta property=\"article:publisher\" content=\"https:\/\/www.facebook.com\/erboristeria.demetra.online\" \/>\n<meta property=\"article:modified_time\" content=\"2025-09-13T15:17:45+00:00\" \/>\n<meta property=\"og:image\" content=\"https:\/\/www.erboristerie.com\/wp-content\/uploads\/2019\/05\/00001231-1.jpg\" \/>\n\t<meta property=\"og:image:width\" content=\"543\" \/>\n\t<meta property=\"og:image:height\" content=\"699\" \/>\n\t<meta property=\"og:image:type\" content=\"image\/jpeg\" \/>\n<meta name=\"twitter:card\" content=\"summary_large_image\" \/>\n<meta name=\"twitter:label1\" content=\"Est. reading time\" \/>\n\t<meta name=\"twitter:data1\" content=\"2 minutes\" \/>\n<script type=\"application\/ld+json\" class=\"yoast-schema-graph\">{\"@context\":\"https:\/\/schema.org\",\"@graph\":[{\"@type\":\"WebPage\",\"@id\":\"https:\/\/www.erboristerie.com\/it\/prodotto\/shampoo-al-tea-tree-oil-200ml-igienizzante-e-antiforfora-derbe\/\",\"url\":\"https:\/\/www.erboristerie.com\/it\/prodotto\/shampoo-al-tea-tree-oil-200ml-igienizzante-e-antiforfora-derbe\/\",\"name\":\"Shampoo al Tea Tree Oil 200ml Igienizzante e Antiforfora - Derbe - Erboristeria Demetra\",\"isPartOf\":{\"@id\":\"https:\/\/www.erboristerie.com\/it\/#website\"},\"primaryImageOfPage\":{\"@id\":\"https:\/\/www.erboristerie.com\/it\/prodotto\/shampoo-al-tea-tree-oil-200ml-igienizzante-e-antiforfora-derbe\/#primaryimage\"},\"image\":{\"@id\":\"https:\/\/www.erboristerie.com\/it\/prodotto\/shampoo-al-tea-tree-oil-200ml-igienizzante-e-antiforfora-derbe\/#primaryimage\"},\"thumbnailUrl\":\"https:\/\/www.erboristerie.com\/wp-content\/uploads\/2019\/05\/00001231-1.jpg\",\"datePublished\":\"2019-05-09T15:13:53+00:00\",\"dateModified\":\"2025-09-13T15:17:45+00:00\",\"description\":\"Lo sciampo igienizzante Derbe \u00e8 un valido aiuto per ristabilire il naturale equilibrio microbico del cuoio capelluto.\",\"breadcrumb\":{\"@id\":\"https:\/\/www.erboristerie.com\/it\/prodotto\/shampoo-al-tea-tree-oil-200ml-igienizzante-e-antiforfora-derbe\/#breadcrumb\"},\"inLanguage\":\"en-US\",\"potentialAction\":[{\"@type\":\"ReadAction\",\"target\":[\"https:\/\/www.erboristerie.com\/it\/prodotto\/shampoo-al-tea-tree-oil-200ml-igienizzante-e-antiforfora-derbe\/\"]}]},{\"@type\":\"ImageObject\",\"inLanguage\":\"en-US\",\"@id\":\"https:\/\/www.erboristerie.com\/it\/prodotto\/shampoo-al-tea-tree-oil-200ml-igienizzante-e-antiforfora-derbe\/#primaryimage\",\"url\":\"https:\/\/www.erboristerie.com\/wp-content\/uploads\/2019\/05\/00001231-1.jpg\",\"contentUrl\":\"https:\/\/www.erboristerie.com\/wp-content\/uploads\/2019\/05\/00001231-1.jpg\",\"width\":543,\"height\":699},{\"@type\":\"BreadcrumbList\",\"@id\":\"https:\/\/www.erboristerie.com\/it\/prodotto\/shampoo-al-tea-tree-oil-200ml-igienizzante-e-antiforfora-derbe\/#breadcrumb\",\"itemListElement\":[{\"@type\":\"ListItem\",\"position\":1,\"name\":\"Home\",\"item\":\"https:\/\/www.erboristerie.com\/en\/\"},{\"@type\":\"ListItem\",\"position\":2,\"name\":\"All products\",\"item\":\"https:\/\/www.erboristerie.com\/en\/all-products\/\"},{\"@type\":\"ListItem\",\"position\":3,\"name\":\"Shampoo al Tea Tree Oil 200ml Igienizzante e Antiforfora &#8211; Derbe\"}]},{\"@type\":\"WebSite\",\"@id\":\"https:\/\/www.erboristerie.com\/it\/#website\",\"url\":\"https:\/\/www.erboristerie.com\/it\/\",\"name\":\"Erboristeria Demetra\",\"description\":\"Your natural health\",\"publisher\":{\"@id\":\"https:\/\/www.erboristerie.com\/it\/#organization\"},\"potentialAction\":[{\"@type\":\"SearchAction\",\"target\":{\"@type\":\"EntryPoint\",\"urlTemplate\":\"https:\/\/www.erboristerie.com\/it\/?s={search_term_string}\"},\"query-input\":{\"@type\":\"PropertyValueSpecification\",\"valueRequired\":true,\"valueName\":\"search_term_string\"}}],\"inLanguage\":\"en-US\"},{\"@type\":\"Organization\",\"@id\":\"https:\/\/www.erboristerie.com\/it\/#organization\",\"name\":\"Erboristeria Demetra\",\"url\":\"https:\/\/www.erboristerie.com\/it\/\",\"logo\":{\"@type\":\"ImageObject\",\"inLanguage\":\"en-US\",\"@id\":\"https:\/\/www.erboristerie.com\/it\/#\/schema\/logo\/image\/\",\"url\":\"https:\/\/www.erboristerie.com\/wp-content\/uploads\/2019\/11\/LOGO_ERBORISTERIA_DEMETRA_original.png?v=1611516981\",\"contentUrl\":\"https:\/\/www.erboristerie.com\/wp-content\/uploads\/2019\/11\/LOGO_ERBORISTERIA_DEMETRA_original.png?v=1611516981\",\"width\":201,\"height\":54,\"caption\":\"Erboristeria Demetra\"},\"image\":{\"@id\":\"https:\/\/www.erboristerie.com\/it\/#\/schema\/logo\/image\/\"},\"sameAs\":[\"https:\/\/www.facebook.com\/erboristeria.demetra.online\"]}]}<\/script>\n<!-- \/ Yoast SEO plugin. -->","yoast_head_json":{"title":"Shampoo al Tea Tree Oil 200ml Igienizzante e Antiforfora - Derbe - Erboristeria Demetra","description":"Lo sciampo igienizzante Derbe \u00e8 un valido aiuto per ristabilire il naturale equilibrio microbico del cuoio capelluto.","robots":{"index":"index","follow":"follow","max-snippet":"max-snippet:-1","max-image-preview":"max-image-preview:large","max-video-preview":"max-video-preview:-1"},"canonical":"https:\/\/www.erboristerie.com\/it\/prodotto\/shampoo-al-tea-tree-oil-200ml-igienizzante-e-antiforfora-derbe\/","og_locale":"en_US","og_type":"article","og_title":"Shampoo al Tea Tree Oil 200ml Igienizzante e Antiforfora - Derbe - Erboristeria Demetra","og_description":"Lo sciampo igienizzante Derbe \u00e8 un valido aiuto per ristabilire il naturale equilibrio microbico del cuoio capelluto.","og_url":"https:\/\/www.erboristerie.com\/it\/prodotto\/shampoo-al-tea-tree-oil-200ml-igienizzante-e-antiforfora-derbe\/","og_site_name":"Erboristeria Demetra","article_publisher":"https:\/\/www.facebook.com\/erboristeria.demetra.online","article_modified_time":"2025-09-13T15:17:45+00:00","og_image":[{"width":543,"height":699,"url":"https:\/\/www.erboristerie.com\/wp-content\/uploads\/2019\/05\/00001231-1.jpg","type":"image\/jpeg"}],"twitter_card":"summary_large_image","twitter_misc":{"Est. reading time":"2 minutes"},"schema":{"@context":"https:\/\/schema.org","@graph":[{"@type":"WebPage","@id":"https:\/\/www.erboristerie.com\/it\/prodotto\/shampoo-al-tea-tree-oil-200ml-igienizzante-e-antiforfora-derbe\/","url":"https:\/\/www.erboristerie.com\/it\/prodotto\/shampoo-al-tea-tree-oil-200ml-igienizzante-e-antiforfora-derbe\/","name":"Shampoo al Tea Tree Oil 200ml Igienizzante e Antiforfora - Derbe - Erboristeria Demetra","isPartOf":{"@id":"https:\/\/www.erboristerie.com\/it\/#website"},"primaryImageOfPage":{"@id":"https:\/\/www.erboristerie.com\/it\/prodotto\/shampoo-al-tea-tree-oil-200ml-igienizzante-e-antiforfora-derbe\/#primaryimage"},"image":{"@id":"https:\/\/www.erboristerie.com\/it\/prodotto\/shampoo-al-tea-tree-oil-200ml-igienizzante-e-antiforfora-derbe\/#primaryimage"},"thumbnailUrl":"https:\/\/www.erboristerie.com\/wp-content\/uploads\/2019\/05\/00001231-1.jpg","datePublished":"2019-05-09T15:13:53+00:00","dateModified":"2025-09-13T15:17:45+00:00","description":"Lo sciampo igienizzante Derbe \u00e8 un valido aiuto per ristabilire il naturale equilibrio microbico del cuoio capelluto.","breadcrumb":{"@id":"https:\/\/www.erboristerie.com\/it\/prodotto\/shampoo-al-tea-tree-oil-200ml-igienizzante-e-antiforfora-derbe\/#breadcrumb"},"inLanguage":"en-US","potentialAction":[{"@type":"ReadAction","target":["https:\/\/www.erboristerie.com\/it\/prodotto\/shampoo-al-tea-tree-oil-200ml-igienizzante-e-antiforfora-derbe\/"]}]},{"@type":"ImageObject","inLanguage":"en-US","@id":"https:\/\/www.erboristerie.com\/it\/prodotto\/shampoo-al-tea-tree-oil-200ml-igienizzante-e-antiforfora-derbe\/#primaryimage","url":"https:\/\/www.erboristerie.com\/wp-content\/uploads\/2019\/05\/00001231-1.jpg","contentUrl":"https:\/\/www.erboristerie.com\/wp-content\/uploads\/2019\/05\/00001231-1.jpg","width":543,"height":699},{"@type":"BreadcrumbList","@id":"https:\/\/www.erboristerie.com\/it\/prodotto\/shampoo-al-tea-tree-oil-200ml-igienizzante-e-antiforfora-derbe\/#breadcrumb","itemListElement":[{"@type":"ListItem","position":1,"name":"Home","item":"https:\/\/www.erboristerie.com\/en\/"},{"@type":"ListItem","position":2,"name":"All products","item":"https:\/\/www.erboristerie.com\/en\/all-products\/"},{"@type":"ListItem","position":3,"name":"Shampoo al Tea Tree Oil 200ml Igienizzante e Antiforfora &#8211; Derbe"}]},{"@type":"WebSite","@id":"https:\/\/www.erboristerie.com\/it\/#website","url":"https:\/\/www.erboristerie.com\/it\/","name":"Erboristeria Demetra","description":"Your natural health","publisher":{"@id":"https:\/\/www.erboristerie.com\/it\/#organization"},"potentialAction":[{"@type":"SearchAction","target":{"@type":"EntryPoint","urlTemplate":"https:\/\/www.erboristerie.com\/it\/?s={search_term_string}"},"query-input":{"@type":"PropertyValueSpecification","valueRequired":true,"valueName":"search_term_string"}}],"inLanguage":"en-US"},{"@type":"Organization","@id":"https:\/\/www.erboristerie.com\/it\/#organization","name":"Erboristeria Demetra","url":"https:\/\/www.erboristerie.com\/it\/","logo":{"@type":"ImageObject","inLanguage":"en-US","@id":"https:\/\/www.erboristerie.com\/it\/#\/schema\/logo\/image\/","url":"https:\/\/www.erboristerie.com\/wp-content\/uploads\/2019\/11\/LOGO_ERBORISTERIA_DEMETRA_original.png?v=1611516981","contentUrl":"https:\/\/www.erboristerie.com\/wp-content\/uploads\/2019\/11\/LOGO_ERBORISTERIA_DEMETRA_original.png?v=1611516981","width":201,"height":54,"caption":"Erboristeria Demetra"},"image":{"@id":"https:\/\/www.erboristerie.com\/it\/#\/schema\/logo\/image\/"},"sameAs":["https:\/\/www.facebook.com\/erboristeria.demetra.online"]}]}},"_links":{"self":[{"href":"https:\/\/www.erboristerie.com\/en\/wp-json\/wp\/v2\/product\/78474","targetHints":{"allow":["GET"]}}],"collection":[{"href":"https:\/\/www.erboristerie.com\/en\/wp-json\/wp\/v2\/product"}],"about":[{"href":"https:\/\/www.erboristerie.com\/en\/wp-json\/wp\/v2\/types\/product"}],"wp:featuredmedia":[{"embeddable":true,"href":"https:\/\/www.erboristerie.com\/en\/wp-json\/wp\/v2\/media\/109583"}],"wp:attachment":[{"href":"https:\/\/www.erboristerie.com\/en\/wp-json\/wp\/v2\/media?parent=78474"}],"wp:term":[{"taxonomy":"product_brand","embeddable":true,"href":"https:\/\/www.erboristerie.com\/en\/wp-json\/wp\/v2\/product_brand?post=78474"},{"taxonomy":"product_cat","embeddable":true,"href":"https:\/\/www.erboristerie.com\/en\/wp-json\/wp\/v2\/product_cat?post=78474"},{"taxonomy":"product_tag","embeddable":true,"href":"https:\/\/www.erboristerie.com\/en\/wp-json\/wp\/v2\/product_tag?post=78474"},{"taxonomy":"giftcard-category","embeddable":true,"href":"https:\/\/www.erboristerie.com\/en\/wp-json\/wp\/v2\/giftcard-category?post=78474"}],"curies":[{"name":"wp","href":"https:\/\/api.w.org\/{rel}","templated":true}]}}