{"id":76054,"date":"2018-07-17T16:46:56","date_gmt":"2018-07-17T14:46:56","guid":{"rendered":"http:\/\/www.erboristerie.com\/?post_type=product&#038;p=76054"},"modified":"2025-09-10T18:55:10","modified_gmt":"2025-09-10T16:55:10","slug":"spray-bifasico-millevirtu-acido-ialuronico-lucevolume-200ml-lerbolario","status":"publish","type":"product","link":"https:\/\/www.erboristerie.com\/en\/prodotto\/spray-bifasico-millevirtu-acido-ialuronico-lucevolume-200ml-lerbolario\/","title":{"rendered":"Spray Bifasico MilleVirt\u00f9 Acido Ialuronico Luce&#038;Volume 200ml L&#8217;Erbolario"},"content":{"rendered":"<p><strong>Spray Bifasico MilleVirt\u00f9 Acido Ialuronico Luce&amp;Volume 200ml &#8211; L&#8217;Erbolario<\/strong><\/p>\n<p>Trattamento multiuso per tutti i tipi di Capelli con Acido Ialuronico, Cheratina vegetale e olio di Cocco<\/p>\n<p>Mille virt\u00f9 e molti usi per questo Spray bifasico, vero alleato per lo splendore dei capelli, che si riscoprono pi\u00f9 corposi, soffici e lucenti a ogni utilizzo.<\/p>\n<p>L\u2019Acido Ialuronico svolge la sua azione riempitiva e idratante, la Cheratina vegetale rende la fibra capillare pi\u00f9 forte ed elastica, mentre l\u2019olio di Cocco regala morbidezza.<\/p>\n<p>Formula con il 98% di ingredienti di origine naturale. Il restante 2% di ingredienti garantisce stabilit\u00e0 e gradevolezza del prodotto. Senza siliconi, parabeni, coloranti e petrolati.<\/p>\n<p><strong>Consigli d&#8217;uso<\/strong><\/p>\n<p>Miscelare le due fasi agitando il flacone e vaporizzare sulle lunghezze dei capelli.<\/p>\n<p><strong>SU CAPELLI BAGNATI<\/strong><\/p>\n<p>RESTITUTIVO:Dopo lo shampoo, applicato prima dell\u2019abituale asciugatura al naturale o col phon, nutre intensamente i capelli.<\/p>\n<p>DISTRICANTE: Prima dello styling, vaporizzato sulle lunghezze, districa e scioglie i nodi: i capelli saranno pi\u00f9 morbidi e facili da pettinare!<\/p>\n<p>ANTI DOPPIE PUNTE: Distribuito sulla parte finale dei capelli, ripara e previene le doppie punte.<\/p>\n<p>PROTETTIVO: Vaporizzato sulle lunghezze, facilita la piega e protegge i capelli dal calore di phone piastre.<\/p>\n<p><strong>SU CAPELLI ASCIUTTI<\/strong><\/p>\n<p>TRATTAMENTO DI BELLEZZA QUOTIDIANO: Usato tutti i giorni, regala lucentezza e volume alla capigliatura.<\/p>\n<p>DISCIPLINANTE: \u00c8 un ottimo rimedio per disciplinare i capelli ribelli, da usare quotidianamente, in estate e in inverno!<\/p>\n<p>IMPACCO PRE SHAMPOO: Prima del lavaggio, lasciato in posa per 15 minuti, nutre e idrata intensamente. Ideale quando i capelli sono particolarmente stanchi e aridi!<\/p>\n<p>IMPACCO NOTTURNO: Si pu\u00f2 massaggiare sulla cute e sulle lunghezze, prima di andare a dormire, e tenerlo in posa tutta la notte, proteggendo la testa con una cuffia. Al mattino, dopo il lavaggio, si scopriranno capelli come rigenerati!<\/p>\n<p>ANTISECCHEZZA: In piscina o al mare protegge dal sole, dal cloro o dalla salsedine, prevenendo secchezza e disidratazione.<\/p>\n<p>EFFETTO BAGNATO:Vaporizzato su tutta la capigliatura, regala un effetto bagnato, bellissimo soprattutto in estate!<\/p>\n<p><strong>Sostanze funzionali<\/strong><\/p>\n<p>Acido Ialuronico a basso, medio e alto peso molecolare, Cheratina vegetale da Grano e Soja, olio di Cocco, frazione del burro di Karit\u00e9, fitosteroli da Crambe abyssinica, estratto dai frutti di Limone, Mela e Uva di provenienza italiana, estratto dai fiori di Verbasco e Primula, Vitamina E dai semi della Soja<\/p>\n<p><strong>Ingredienti (INCI)<\/strong><\/p>\n<p>test2 Aqua (Water), Coco Caprylate, Diheptyl Succinate, Sodium Hyaluronate, Cocos nucifera (Coconut) Oil, Hydrolyzed Verbascum thapsus Flower, Citrus limon (Lemon) Fruit Extract, Primula veris Extract, Pyrus malus (Apple) Fruit Extract, Soy Amino Acids Wheat Amino Acids, Hydrolyzed Wheat Bran, Hydrolyzed Grape Fruit, Crambe abyssinica Seed Oil, Helianthus annuus (Sunflower) Seed Oil, Olea europaea (Olive) Oil Unsaponifiables, Shea Butter Ethyl Esters, Tocopherol, Arginine HCl, Serine, Threonine, Phytosterols, Citric Acid, Tartaric Acid, Glycerin, Rosmarinus officinalis (Rosemary) Leaf Extract, Brassica campestris (Rapeseed) Seed Oil, Sodium Chloride, Capryloyl Glycerin\/Sebacic Acid Copolymer, Parfum (Fragrance), Benzyl Alcohol, Potassium Sorbate, Sodium Benzoate<\/p>\n<p><strong>Cosa sapere in piu\u2019<\/strong><\/p>\n<p>100% Made in Italy<br \/>\n7 Metalli testati<br \/>\nDa sempre amici degli animali<br \/>\nDermatologicamente Testato<br \/>\nSenza ingredienti di derivazione animale<\/p>\n","protected":false},"excerpt":{"rendered":"<p>Spray Bifasico MilleVirt\u00f9 Acido Ialuronico Luce&amp;Volume 200ml &#8211; L&#8217;Erbolario Trattamento multiuso per tutti i tipi di Capelli con Acido Ialuronico, Cheratina vegetale e olio di Cocco Mille virt\u00f9 e molti usi per questo Spray bifasico, vero alleato per lo splendore dei capelli, che si riscoprono&#8230;<\/p>\n","protected":false},"featured_media":76055,"template":"","meta":{"_acf_changed":false},"product_brand":[9603],"product_cat":[10307],"product_tag":[10588,10566,14028,10938,11524,18241,12500,10786,19339,11024,13401,17959,17958,19456,18944,14134],"giftcard-category":[],"class_list":{"0":"post-76054","1":"product","2":"type-product","3":"status-publish","4":"has-post-thumbnail","6":"product_brand-erbolario","7":"product_cat-capelli","8":"product_tag-100ml","9":"product_tag-acido","10":"product_tag-azione","11":"product_tag-bifasico","12":"product_tag-corpo","13":"product_tag-crema-2","14":"product_tag-effetto","15":"product_tag-filler","16":"product_tag-ialuronico-2","17":"product_tag-idratante","18":"product_tag-intensa","19":"product_tag-millervirtu","20":"product_tag-millevirtu","21":"product_tag-shampoo-2","22":"product_tag-spray-3","23":"product_tag-tripla","24":"pa_formato-200-ml","25":"pa_linea-profumazione-acido-ialuronico","26":"pa_marca-lerbolario","27":"pa_tipologia-spray","29":"first","30":"instock","31":"sale","32":"taxable","33":"shipping-taxable","34":"purchasable","35":"product-type-simple"},"acf":[],"yoast_head":"<!-- This site is optimized with the Yoast SEO plugin v24.9 - https:\/\/yoast.com\/wordpress\/plugins\/seo\/ -->\n<title>Spray Bifasico MilleVirt\u00f9 Acido Ialuronico Luce&amp;Volume 200ml L&#039;Erbolario - Erboristeria Demetra<\/title>\n<meta name=\"description\" content=\"Mille virt\u00f9 e molti usi per questo Spray bifasico, vero alleato per lo splendore dei capelli, che si riscoprono pi\u00f9 corposi, soffici e lucenti a ogni utilizzo.\" \/>\n<meta name=\"robots\" content=\"index, follow, max-snippet:-1, max-image-preview:large, max-video-preview:-1\" \/>\n<link rel=\"canonical\" href=\"https:\/\/www.erboristerie.com\/it\/prodotto\/spray-bifasico-millevirtu-acido-ialuronico-lucevolume-200ml-lerbolario\/\" \/>\n<meta property=\"og:locale\" content=\"en_US\" \/>\n<meta property=\"og:type\" content=\"article\" \/>\n<meta property=\"og:title\" content=\"Spray Bifasico MilleVirt\u00f9 Acido Ialuronico Luce&amp;Volume 200ml L&#039;Erbolario - Erboristeria Demetra\" \/>\n<meta property=\"og:description\" content=\"Mille virt\u00f9 e molti usi per questo Spray bifasico, vero alleato per lo splendore dei capelli, che si riscoprono pi\u00f9 corposi, soffici e lucenti a ogni utilizzo.\" \/>\n<meta property=\"og:url\" content=\"https:\/\/www.erboristerie.com\/it\/prodotto\/spray-bifasico-millevirtu-acido-ialuronico-lucevolume-200ml-lerbolario\/\" \/>\n<meta property=\"og:site_name\" content=\"Erboristeria Demetra\" \/>\n<meta property=\"article:publisher\" content=\"https:\/\/www.facebook.com\/erboristeria.demetra.online\" \/>\n<meta property=\"article:modified_time\" content=\"2025-09-10T16:55:10+00:00\" \/>\n<meta property=\"og:image\" content=\"https:\/\/www.erboristerie.com\/wp-content\/uploads\/2019\/01\/products-00003377.jpg\" \/>\n\t<meta property=\"og:image:width\" content=\"702\" \/>\n\t<meta property=\"og:image:height\" content=\"761\" \/>\n\t<meta property=\"og:image:type\" content=\"image\/jpeg\" \/>\n<meta name=\"twitter:card\" content=\"summary_large_image\" \/>\n<meta name=\"twitter:label1\" content=\"Est. reading time\" \/>\n\t<meta name=\"twitter:data1\" content=\"3 minutes\" \/>\n<script type=\"application\/ld+json\" class=\"yoast-schema-graph\">{\"@context\":\"https:\/\/schema.org\",\"@graph\":[{\"@type\":\"WebPage\",\"@id\":\"https:\/\/www.erboristerie.com\/it\/prodotto\/spray-bifasico-millevirtu-acido-ialuronico-lucevolume-200ml-lerbolario\/\",\"url\":\"https:\/\/www.erboristerie.com\/it\/prodotto\/spray-bifasico-millevirtu-acido-ialuronico-lucevolume-200ml-lerbolario\/\",\"name\":\"Spray Bifasico MilleVirt\u00f9 Acido Ialuronico Luce&Volume 200ml L'Erbolario - Erboristeria Demetra\",\"isPartOf\":{\"@id\":\"https:\/\/www.erboristerie.com\/it\/#website\"},\"primaryImageOfPage\":{\"@id\":\"https:\/\/www.erboristerie.com\/it\/prodotto\/spray-bifasico-millevirtu-acido-ialuronico-lucevolume-200ml-lerbolario\/#primaryimage\"},\"image\":{\"@id\":\"https:\/\/www.erboristerie.com\/it\/prodotto\/spray-bifasico-millevirtu-acido-ialuronico-lucevolume-200ml-lerbolario\/#primaryimage\"},\"thumbnailUrl\":\"https:\/\/www.erboristerie.com\/wp-content\/uploads\/2019\/01\/products-00003377.jpg\",\"datePublished\":\"2018-07-17T14:46:56+00:00\",\"dateModified\":\"2025-09-10T16:55:10+00:00\",\"description\":\"Mille virt\u00f9 e molti usi per questo Spray bifasico, vero alleato per lo splendore dei capelli, che si riscoprono pi\u00f9 corposi, soffici e lucenti a ogni utilizzo.\",\"breadcrumb\":{\"@id\":\"https:\/\/www.erboristerie.com\/it\/prodotto\/spray-bifasico-millevirtu-acido-ialuronico-lucevolume-200ml-lerbolario\/#breadcrumb\"},\"inLanguage\":\"en-US\",\"potentialAction\":[{\"@type\":\"ReadAction\",\"target\":[\"https:\/\/www.erboristerie.com\/it\/prodotto\/spray-bifasico-millevirtu-acido-ialuronico-lucevolume-200ml-lerbolario\/\"]}]},{\"@type\":\"ImageObject\",\"inLanguage\":\"en-US\",\"@id\":\"https:\/\/www.erboristerie.com\/it\/prodotto\/spray-bifasico-millevirtu-acido-ialuronico-lucevolume-200ml-lerbolario\/#primaryimage\",\"url\":\"https:\/\/www.erboristerie.com\/wp-content\/uploads\/2019\/01\/products-00003377.jpg\",\"contentUrl\":\"https:\/\/www.erboristerie.com\/wp-content\/uploads\/2019\/01\/products-00003377.jpg\",\"width\":\"702\",\"height\":\"761\",\"caption\":\"Acido Ialuronico Spray Bifasico MillerVirtu' 100ml\"},{\"@type\":\"BreadcrumbList\",\"@id\":\"https:\/\/www.erboristerie.com\/it\/prodotto\/spray-bifasico-millevirtu-acido-ialuronico-lucevolume-200ml-lerbolario\/#breadcrumb\",\"itemListElement\":[{\"@type\":\"ListItem\",\"position\":1,\"name\":\"Home\",\"item\":\"https:\/\/www.erboristerie.com\/en\/\"},{\"@type\":\"ListItem\",\"position\":2,\"name\":\"All products\",\"item\":\"https:\/\/www.erboristerie.com\/en\/all-products\/\"},{\"@type\":\"ListItem\",\"position\":3,\"name\":\"Spray Bifasico MilleVirt\u00f9 Acido Ialuronico Luce&#038;Volume 200ml L&#8217;Erbolario\"}]},{\"@type\":\"WebSite\",\"@id\":\"https:\/\/www.erboristerie.com\/it\/#website\",\"url\":\"https:\/\/www.erboristerie.com\/it\/\",\"name\":\"Erboristeria Demetra\",\"description\":\"Your natural health\",\"publisher\":{\"@id\":\"https:\/\/www.erboristerie.com\/it\/#organization\"},\"potentialAction\":[{\"@type\":\"SearchAction\",\"target\":{\"@type\":\"EntryPoint\",\"urlTemplate\":\"https:\/\/www.erboristerie.com\/it\/?s={search_term_string}\"},\"query-input\":{\"@type\":\"PropertyValueSpecification\",\"valueRequired\":true,\"valueName\":\"search_term_string\"}}],\"inLanguage\":\"en-US\"},{\"@type\":\"Organization\",\"@id\":\"https:\/\/www.erboristerie.com\/it\/#organization\",\"name\":\"Erboristeria Demetra\",\"url\":\"https:\/\/www.erboristerie.com\/it\/\",\"logo\":{\"@type\":\"ImageObject\",\"inLanguage\":\"en-US\",\"@id\":\"https:\/\/www.erboristerie.com\/it\/#\/schema\/logo\/image\/\",\"url\":\"https:\/\/www.erboristerie.com\/wp-content\/uploads\/2019\/11\/LOGO_ERBORISTERIA_DEMETRA_original.png?v=1611516981\",\"contentUrl\":\"https:\/\/www.erboristerie.com\/wp-content\/uploads\/2019\/11\/LOGO_ERBORISTERIA_DEMETRA_original.png?v=1611516981\",\"width\":201,\"height\":54,\"caption\":\"Erboristeria Demetra\"},\"image\":{\"@id\":\"https:\/\/www.erboristerie.com\/it\/#\/schema\/logo\/image\/\"},\"sameAs\":[\"https:\/\/www.facebook.com\/erboristeria.demetra.online\"]}]}<\/script>\n<!-- \/ Yoast SEO plugin. -->","yoast_head_json":{"title":"Spray Bifasico MilleVirt\u00f9 Acido Ialuronico Luce&Volume 200ml L'Erbolario - Erboristeria Demetra","description":"Mille virt\u00f9 e molti usi per questo Spray bifasico, vero alleato per lo splendore dei capelli, che si riscoprono pi\u00f9 corposi, soffici e lucenti a ogni utilizzo.","robots":{"index":"index","follow":"follow","max-snippet":"max-snippet:-1","max-image-preview":"max-image-preview:large","max-video-preview":"max-video-preview:-1"},"canonical":"https:\/\/www.erboristerie.com\/it\/prodotto\/spray-bifasico-millevirtu-acido-ialuronico-lucevolume-200ml-lerbolario\/","og_locale":"en_US","og_type":"article","og_title":"Spray Bifasico MilleVirt\u00f9 Acido Ialuronico Luce&Volume 200ml L'Erbolario - Erboristeria Demetra","og_description":"Mille virt\u00f9 e molti usi per questo Spray bifasico, vero alleato per lo splendore dei capelli, che si riscoprono pi\u00f9 corposi, soffici e lucenti a ogni utilizzo.","og_url":"https:\/\/www.erboristerie.com\/it\/prodotto\/spray-bifasico-millevirtu-acido-ialuronico-lucevolume-200ml-lerbolario\/","og_site_name":"Erboristeria Demetra","article_publisher":"https:\/\/www.facebook.com\/erboristeria.demetra.online","article_modified_time":"2025-09-10T16:55:10+00:00","og_image":[{"width":702,"height":761,"url":"https:\/\/www.erboristerie.com\/wp-content\/uploads\/2019\/01\/products-00003377.jpg","type":"image\/jpeg"}],"twitter_card":"summary_large_image","twitter_misc":{"Est. reading time":"3 minutes"},"schema":{"@context":"https:\/\/schema.org","@graph":[{"@type":"WebPage","@id":"https:\/\/www.erboristerie.com\/it\/prodotto\/spray-bifasico-millevirtu-acido-ialuronico-lucevolume-200ml-lerbolario\/","url":"https:\/\/www.erboristerie.com\/it\/prodotto\/spray-bifasico-millevirtu-acido-ialuronico-lucevolume-200ml-lerbolario\/","name":"Spray Bifasico MilleVirt\u00f9 Acido Ialuronico Luce&Volume 200ml L'Erbolario - Erboristeria Demetra","isPartOf":{"@id":"https:\/\/www.erboristerie.com\/it\/#website"},"primaryImageOfPage":{"@id":"https:\/\/www.erboristerie.com\/it\/prodotto\/spray-bifasico-millevirtu-acido-ialuronico-lucevolume-200ml-lerbolario\/#primaryimage"},"image":{"@id":"https:\/\/www.erboristerie.com\/it\/prodotto\/spray-bifasico-millevirtu-acido-ialuronico-lucevolume-200ml-lerbolario\/#primaryimage"},"thumbnailUrl":"https:\/\/www.erboristerie.com\/wp-content\/uploads\/2019\/01\/products-00003377.jpg","datePublished":"2018-07-17T14:46:56+00:00","dateModified":"2025-09-10T16:55:10+00:00","description":"Mille virt\u00f9 e molti usi per questo Spray bifasico, vero alleato per lo splendore dei capelli, che si riscoprono pi\u00f9 corposi, soffici e lucenti a ogni utilizzo.","breadcrumb":{"@id":"https:\/\/www.erboristerie.com\/it\/prodotto\/spray-bifasico-millevirtu-acido-ialuronico-lucevolume-200ml-lerbolario\/#breadcrumb"},"inLanguage":"en-US","potentialAction":[{"@type":"ReadAction","target":["https:\/\/www.erboristerie.com\/it\/prodotto\/spray-bifasico-millevirtu-acido-ialuronico-lucevolume-200ml-lerbolario\/"]}]},{"@type":"ImageObject","inLanguage":"en-US","@id":"https:\/\/www.erboristerie.com\/it\/prodotto\/spray-bifasico-millevirtu-acido-ialuronico-lucevolume-200ml-lerbolario\/#primaryimage","url":"https:\/\/www.erboristerie.com\/wp-content\/uploads\/2019\/01\/products-00003377.jpg","contentUrl":"https:\/\/www.erboristerie.com\/wp-content\/uploads\/2019\/01\/products-00003377.jpg","width":"702","height":"761","caption":"Acido Ialuronico Spray Bifasico MillerVirtu' 100ml"},{"@type":"BreadcrumbList","@id":"https:\/\/www.erboristerie.com\/it\/prodotto\/spray-bifasico-millevirtu-acido-ialuronico-lucevolume-200ml-lerbolario\/#breadcrumb","itemListElement":[{"@type":"ListItem","position":1,"name":"Home","item":"https:\/\/www.erboristerie.com\/en\/"},{"@type":"ListItem","position":2,"name":"All products","item":"https:\/\/www.erboristerie.com\/en\/all-products\/"},{"@type":"ListItem","position":3,"name":"Spray Bifasico MilleVirt\u00f9 Acido Ialuronico Luce&#038;Volume 200ml L&#8217;Erbolario"}]},{"@type":"WebSite","@id":"https:\/\/www.erboristerie.com\/it\/#website","url":"https:\/\/www.erboristerie.com\/it\/","name":"Erboristeria Demetra","description":"Your natural health","publisher":{"@id":"https:\/\/www.erboristerie.com\/it\/#organization"},"potentialAction":[{"@type":"SearchAction","target":{"@type":"EntryPoint","urlTemplate":"https:\/\/www.erboristerie.com\/it\/?s={search_term_string}"},"query-input":{"@type":"PropertyValueSpecification","valueRequired":true,"valueName":"search_term_string"}}],"inLanguage":"en-US"},{"@type":"Organization","@id":"https:\/\/www.erboristerie.com\/it\/#organization","name":"Erboristeria Demetra","url":"https:\/\/www.erboristerie.com\/it\/","logo":{"@type":"ImageObject","inLanguage":"en-US","@id":"https:\/\/www.erboristerie.com\/it\/#\/schema\/logo\/image\/","url":"https:\/\/www.erboristerie.com\/wp-content\/uploads\/2019\/11\/LOGO_ERBORISTERIA_DEMETRA_original.png?v=1611516981","contentUrl":"https:\/\/www.erboristerie.com\/wp-content\/uploads\/2019\/11\/LOGO_ERBORISTERIA_DEMETRA_original.png?v=1611516981","width":201,"height":54,"caption":"Erboristeria Demetra"},"image":{"@id":"https:\/\/www.erboristerie.com\/it\/#\/schema\/logo\/image\/"},"sameAs":["https:\/\/www.facebook.com\/erboristeria.demetra.online"]}]}},"_links":{"self":[{"href":"https:\/\/www.erboristerie.com\/en\/wp-json\/wp\/v2\/product\/76054","targetHints":{"allow":["GET"]}}],"collection":[{"href":"https:\/\/www.erboristerie.com\/en\/wp-json\/wp\/v2\/product"}],"about":[{"href":"https:\/\/www.erboristerie.com\/en\/wp-json\/wp\/v2\/types\/product"}],"wp:featuredmedia":[{"embeddable":true,"href":"https:\/\/www.erboristerie.com\/en\/wp-json\/wp\/v2\/media\/76055"}],"wp:attachment":[{"href":"https:\/\/www.erboristerie.com\/en\/wp-json\/wp\/v2\/media?parent=76054"}],"wp:term":[{"taxonomy":"product_brand","embeddable":true,"href":"https:\/\/www.erboristerie.com\/en\/wp-json\/wp\/v2\/product_brand?post=76054"},{"taxonomy":"product_cat","embeddable":true,"href":"https:\/\/www.erboristerie.com\/en\/wp-json\/wp\/v2\/product_cat?post=76054"},{"taxonomy":"product_tag","embeddable":true,"href":"https:\/\/www.erboristerie.com\/en\/wp-json\/wp\/v2\/product_tag?post=76054"},{"taxonomy":"giftcard-category","embeddable":true,"href":"https:\/\/www.erboristerie.com\/en\/wp-json\/wp\/v2\/giftcard-category?post=76054"}],"curies":[{"name":"wp","href":"https:\/\/api.w.org\/{rel}","templated":true}]}}