{"id":75630,"date":"2018-04-10T19:46:26","date_gmt":"2018-04-10T17:46:26","guid":{"rendered":"http:\/\/www.erboristerie.com\/?post_type=product&#038;p=75630"},"modified":"2025-09-10T18:54:05","modified_gmt":"2025-09-10T16:54:05","slug":"fior-di-salina-bagnoschiuma-250ml","status":"publish","type":"product","link":"https:\/\/www.erboristerie.com\/en\/prodotto\/fior-di-salina-bagnoschiuma-250ml\/","title":{"rendered":"Fior di Salina Bagnoschiuma 250ml"},"content":{"rendered":"<p>\n\t<strong>FIOR DI SALINA BAGNOSCHIUMA 250 ml <em>&#8211; L&#8217;Erbolario<\/em><\/strong><br \/>\n\tPer un bagno o una doccia intrisi di calma e di benessere. Con Sale marino delle Saline Conti Vecchi<br \/>\n\tGrazie a questo bagnoschiuma, la vostra pelle sar\u00e0 avvolta da una delicata profumazione marina e agrumata e si riscoprir\u00e0 tonificata e rigenerata senza rinunciare all\u2019apporto di idratazione e morbidezza di cui ha bisogno. Un momento di intimit\u00e0 da ricreare ogni volta desideriate trasportare la mente in un luogo luminoso e rilassante, come un tranquillo angolo di Sardegna.<br \/>\n\t<strong>Consigli d&#8217;uso<\/strong><br \/>\n\tVersare un cucchiaio di bagnoschiuma sulla spugna o direttamente sul palmo della mano per produrre una soffice e profumata schiuma<br \/>\n\t<strong>Sostanze funzionali<\/strong><br \/>\n\tSale marino delle Saline Conti Vecchi, acqua distillata di foglie di Corbezzolo, estratti di Salicornia e Lentisco, idrolizzati proteici di Malva e Grano saraceno<br \/>\n\t<strong>Ingredienti (INCI)<\/strong><br \/>\n\tAqua (Water), Cocamidopropyl betaine, Arbutus unedo leaf water (Da richiedere), Lauryl glucoside, Sodium cocoyl glutamate, Sodium cocoyl barley amino acids, Sodium chloride, Parfum (Fragrance), Coco-glucoside, Maris sal, Pistacia lentiscus leaf extract, Salicornia herbacea extract, Malva sylvestris (Mallow) flower\/leaf\/stem extract , Polygonum fagopyrum (Buckwheat) flour, Disodium cocoyl glutamate, Glycerin, Glyceryl oleate, Citric acid, Sodium citrate, Citral, Geraniol, Limonene, Linalool, Sodium benzoate<br \/>\n\t<strong>Cosa sapere in piu&#8217;<\/strong><\/p>\n<ul>\n<li>\n\t\t100% Made in Italy<br \/>\n\t\tOgni fase della nostra attivit\u00e0, dalla formulazione al controllo qualit\u00e0, dalla preparazione del semilavorato al confezionamento, viene attuata da sempre nel nostro sito produttivo di Lodi: noi non abbiamo delocalizzato alcuna fase produttiva in paesi terzi, men che meno in quelli nei quali i diritti umani e i diritti fondamentali dei lavoratori sono calpestati. I nostri fitocosmetici sono orgogliosi di potersi dire 100% MADE IN ITALY<\/li>\n<li>\n\t\t7 Metalli testati<br \/>\n\t\tMonitoraggio del contenuto di 7 metalli per minimizzare i rischi di allergia: *(Nichel, Piombo, Arsenico, Cadmio, Mercurio, Antimonio e Cromo) e salvaguardare cos\u00ec anche le pelli pi\u00f9 sensibili. Ogni lotto di produzione \u00e8 rigorosamente controllato per garantire un contenuto di ogni singolo metallo inferiore a 0.00005% (limite di rilevabilit\u00e0 strumentale)<\/li>\n<li>\n\t\tDa sempre amici degli animali<br \/>\n\t\tAderiamo allo \u201cStandard Internazionale Stop ai Test su Animali\u201d; garantito da LAV (Lega Anti Vivisezione). Fin dalla sua fondazione nel 1978 L&#8217;Erbolario ha seguito la politica di non ricorrere a test su animali e dal 2006, dopo che le normative europee hanno iniziato a limitare e poi hanno man mano proibito il ricorso ai test su animali per fini cosmetici, ha aderito allo Standard. www.lav.it<\/li>\n<li>\n\t\tDermatologicamente Testato<br \/>\n\t\tQuesto prodotto ha dimostrato di essere ottimamente tollerato dopo una rigorosa sperimentazione clinica finalizzata alla ricerca di eventuali potenzialit\u00e0 di irritazione e di allergogenesi. La valutazione delle ricerche \u00e8 stata effettuata presso il Dipartimento di Medicina interna e Terapia medica dell\u2019Universit\u00e0 degli Studi di Pavia<\/li>\n<li>\n\t\tImballo in Carta FSC\u00ae<br \/>\n\t\tLa confezione esterna cartacea di questo prodotto \u00e8 costituita esclusivamente carta certificata FSC\u00ae, secondo i rigorosi standardambientali e sociali del Forest Stewardship Concil\u00ae a supporto di una corretta e responsabile gestione delle risorse forestali<\/li>\n<li>\n\t\tSenza ingredienti di derivazione animale<\/li>\n<\/ul>\n<hr \/>\n<p>\n\tUna linea profumata che rende omaggio ai sentori del Mediterraneo e che dal mare della Sardegna trae un ingrediente speciale, il Sale marino. Dalle Saline Conti Vecchi, nell\u2019assolata provincia di Cagliari, giunge l\u2019oro bianco che ha ispirato queste formulazioni.<br \/>\n\tUn luogo unico, dove, in un contesto naturalistico, sorge tuttora il sito produttivo che l\u2019illuminato Ingegner Luigi Conti-Vecchi volle impiantare negli anni Venti del Novecento. Oggi, mentre continua incessante l\u2019opera di estrazione del sale, il sito di archeologia industriale \u00e8 affidato al FAI &#8211; Fondo Ambiente Italiano, che ne cura la valorizzazione.<br \/>\n\tLa linea Fior di Salina \u00e8 dunque, nell\u2019intento de L\u2019Erbolario, molto pi\u00f9 di un omaggio profumato al sale e al Mediterraneo: \u00e8 altres\u00ec un progetto che consente di rinnovare il decennale impegno a sostegno del FAI e del patrimonio culturale e paesaggistico italiano.<\/p>\n<p>\n\t<img decoding=\"async\" alt=\"\" src=\"https:\/\/www.erboristerie.com\/image\/data\/LINEAFIORDISALINA-1.jpg\" style=\"width: 447px; height: 300px;\" \/><\/p>\n","protected":false},"excerpt":{"rendered":"<p>FIOR DI SALINA BAGNOSCHIUMA 250 ml &#8211; L&#8217;Erbolario Per un bagno o una doccia intrisi di calma e di benessere. Con Sale marino delle Saline Conti Vecchi Grazie a questo bagnoschiuma, la vostra pelle sar\u00e0 avvolta da una delicata profumazione marina e agrumata e si&#8230;<\/p>\n","protected":false},"featured_media":75631,"template":"","meta":{"_acf_changed":false},"product_brand":[9603],"product_cat":[49195,45044],"product_tag":[11561,11559,14094,12472,10801,17913],"giftcard-category":[],"class_list":{"0":"post-75630","1":"product","2":"type-product","3":"status-publish","4":"has-post-thumbnail","6":"product_brand-erbolario","7":"product_cat-linee-profumate","8":"product_cat-detergenza","9":"product_tag-250ml","10":"product_tag-bagnoschiuma","11":"product_tag-fior","12":"product_tag-iris","13":"product_tag-linea","14":"product_tag-salina","15":"pa_formato-250-ml","16":"pa_linea-profumazione-fior-di-salina","17":"pa_marca-lerbolario","18":"pa_tipologia-bagnoschiuma","20":"first","21":"instock","22":"sale","23":"taxable","24":"shipping-taxable","25":"purchasable","26":"product-type-simple"},"acf":[],"yoast_head":"<!-- This site is optimized with the Yoast SEO plugin v24.9 - https:\/\/yoast.com\/wordpress\/plugins\/seo\/ -->\n<title>Fior di Salina Bagnoschiuma 250ml<\/title>\n<meta name=\"description\" content=\"Grazie a questo bagnoschiuma, la vostra pelle sar\u00e0 avvolta da una delicata profumazione marina e agrumata e si riscoprir\u00e0 tonificata e rigenerata senza rinunciare all\u2019apporto di idratazione e morbidezza di cui ha bisogno. Un momento di intimit\u00e0 da ricreare ogni volta desideriate trasportare la mente in un luogo luminoso e rilassante, come un tranquillo angolo di Sardegna.\" \/>\n<meta name=\"robots\" content=\"index, follow, max-snippet:-1, max-image-preview:large, max-video-preview:-1\" \/>\n<link rel=\"canonical\" href=\"https:\/\/www.erboristerie.com\/it\/prodotto\/fior-di-salina-bagnoschiuma-250ml\/\" \/>\n<meta property=\"og:locale\" content=\"en_US\" \/>\n<meta property=\"og:type\" content=\"article\" \/>\n<meta property=\"og:title\" content=\"Fior di Salina Bagnoschiuma 250ml\" \/>\n<meta property=\"og:description\" content=\"Grazie a questo bagnoschiuma, la vostra pelle sar\u00e0 avvolta da una delicata profumazione marina e agrumata e si riscoprir\u00e0 tonificata e rigenerata senza rinunciare all\u2019apporto di idratazione e morbidezza di cui ha bisogno. Un momento di intimit\u00e0 da ricreare ogni volta desideriate trasportare la mente in un luogo luminoso e rilassante, come un tranquillo angolo di Sardegna.\" \/>\n<meta property=\"og:url\" content=\"https:\/\/www.erboristerie.com\/it\/prodotto\/fior-di-salina-bagnoschiuma-250ml\/\" \/>\n<meta property=\"og:site_name\" content=\"Erboristeria Demetra\" \/>\n<meta property=\"article:publisher\" content=\"https:\/\/www.facebook.com\/erboristeria.demetra.online\" \/>\n<meta property=\"article:modified_time\" content=\"2025-09-10T16:54:05+00:00\" \/>\n<meta property=\"og:image\" content=\"https:\/\/www.erboristerie.com\/wp-content\/uploads\/2019\/01\/products-00002698.jpg\" \/>\n\t<meta property=\"og:image:width\" content=\"822\" \/>\n\t<meta property=\"og:image:height\" content=\"806\" \/>\n\t<meta property=\"og:image:type\" content=\"image\/jpeg\" \/>\n<meta name=\"twitter:card\" content=\"summary_large_image\" \/>\n<meta name=\"twitter:label1\" content=\"Est. reading time\" \/>\n\t<meta name=\"twitter:data1\" content=\"3 minutes\" \/>\n<script type=\"application\/ld+json\" class=\"yoast-schema-graph\">{\"@context\":\"https:\/\/schema.org\",\"@graph\":[{\"@type\":\"WebPage\",\"@id\":\"https:\/\/www.erboristerie.com\/it\/prodotto\/fior-di-salina-bagnoschiuma-250ml\/\",\"url\":\"https:\/\/www.erboristerie.com\/it\/prodotto\/fior-di-salina-bagnoschiuma-250ml\/\",\"name\":\"Fior di Salina Bagnoschiuma 250ml\",\"isPartOf\":{\"@id\":\"https:\/\/www.erboristerie.com\/it\/#website\"},\"primaryImageOfPage\":{\"@id\":\"https:\/\/www.erboristerie.com\/it\/prodotto\/fior-di-salina-bagnoschiuma-250ml\/#primaryimage\"},\"image\":{\"@id\":\"https:\/\/www.erboristerie.com\/it\/prodotto\/fior-di-salina-bagnoschiuma-250ml\/#primaryimage\"},\"thumbnailUrl\":\"https:\/\/www.erboristerie.com\/wp-content\/uploads\/2019\/01\/products-00002698.jpg\",\"datePublished\":\"2018-04-10T17:46:26+00:00\",\"dateModified\":\"2025-09-10T16:54:05+00:00\",\"description\":\"Grazie a questo bagnoschiuma, la vostra pelle sar\u00e0 avvolta da una delicata profumazione marina e agrumata e si riscoprir\u00e0 tonificata e rigenerata senza rinunciare all\u2019apporto di idratazione e morbidezza di cui ha bisogno. Un momento di intimit\u00e0 da ricreare ogni volta desideriate trasportare la mente in un luogo luminoso e rilassante, come un tranquillo angolo di Sardegna.\",\"breadcrumb\":{\"@id\":\"https:\/\/www.erboristerie.com\/it\/prodotto\/fior-di-salina-bagnoschiuma-250ml\/#breadcrumb\"},\"inLanguage\":\"en-US\",\"potentialAction\":[{\"@type\":\"ReadAction\",\"target\":[\"https:\/\/www.erboristerie.com\/it\/prodotto\/fior-di-salina-bagnoschiuma-250ml\/\"]}]},{\"@type\":\"ImageObject\",\"inLanguage\":\"en-US\",\"@id\":\"https:\/\/www.erboristerie.com\/it\/prodotto\/fior-di-salina-bagnoschiuma-250ml\/#primaryimage\",\"url\":\"https:\/\/www.erboristerie.com\/wp-content\/uploads\/2019\/01\/products-00002698.jpg\",\"contentUrl\":\"https:\/\/www.erboristerie.com\/wp-content\/uploads\/2019\/01\/products-00002698.jpg\",\"width\":822,\"height\":806,\"caption\":\"Fior di Salina Bagnoschiuma 250ml\"},{\"@type\":\"BreadcrumbList\",\"@id\":\"https:\/\/www.erboristerie.com\/it\/prodotto\/fior-di-salina-bagnoschiuma-250ml\/#breadcrumb\",\"itemListElement\":[{\"@type\":\"ListItem\",\"position\":1,\"name\":\"Home\",\"item\":\"https:\/\/www.erboristerie.com\/en\/\"},{\"@type\":\"ListItem\",\"position\":2,\"name\":\"All products\",\"item\":\"https:\/\/www.erboristerie.com\/en\/all-products\/\"},{\"@type\":\"ListItem\",\"position\":3,\"name\":\"Fior di Salina Bagnoschiuma 250ml\"}]},{\"@type\":\"WebSite\",\"@id\":\"https:\/\/www.erboristerie.com\/it\/#website\",\"url\":\"https:\/\/www.erboristerie.com\/it\/\",\"name\":\"Erboristeria Demetra\",\"description\":\"Your natural health\",\"publisher\":{\"@id\":\"https:\/\/www.erboristerie.com\/it\/#organization\"},\"potentialAction\":[{\"@type\":\"SearchAction\",\"target\":{\"@type\":\"EntryPoint\",\"urlTemplate\":\"https:\/\/www.erboristerie.com\/it\/?s={search_term_string}\"},\"query-input\":{\"@type\":\"PropertyValueSpecification\",\"valueRequired\":true,\"valueName\":\"search_term_string\"}}],\"inLanguage\":\"en-US\"},{\"@type\":\"Organization\",\"@id\":\"https:\/\/www.erboristerie.com\/it\/#organization\",\"name\":\"Erboristeria Demetra\",\"url\":\"https:\/\/www.erboristerie.com\/it\/\",\"logo\":{\"@type\":\"ImageObject\",\"inLanguage\":\"en-US\",\"@id\":\"https:\/\/www.erboristerie.com\/it\/#\/schema\/logo\/image\/\",\"url\":\"https:\/\/www.erboristerie.com\/wp-content\/uploads\/2019\/11\/LOGO_ERBORISTERIA_DEMETRA_original.png?v=1611516981\",\"contentUrl\":\"https:\/\/www.erboristerie.com\/wp-content\/uploads\/2019\/11\/LOGO_ERBORISTERIA_DEMETRA_original.png?v=1611516981\",\"width\":201,\"height\":54,\"caption\":\"Erboristeria Demetra\"},\"image\":{\"@id\":\"https:\/\/www.erboristerie.com\/it\/#\/schema\/logo\/image\/\"},\"sameAs\":[\"https:\/\/www.facebook.com\/erboristeria.demetra.online\"]}]}<\/script>\n<!-- \/ Yoast SEO plugin. -->","yoast_head_json":{"title":"Fior di Salina Bagnoschiuma 250ml","description":"Grazie a questo bagnoschiuma, la vostra pelle sar\u00e0 avvolta da una delicata profumazione marina e agrumata e si riscoprir\u00e0 tonificata e rigenerata senza rinunciare all\u2019apporto di idratazione e morbidezza di cui ha bisogno. Un momento di intimit\u00e0 da ricreare ogni volta desideriate trasportare la mente in un luogo luminoso e rilassante, come un tranquillo angolo di Sardegna.","robots":{"index":"index","follow":"follow","max-snippet":"max-snippet:-1","max-image-preview":"max-image-preview:large","max-video-preview":"max-video-preview:-1"},"canonical":"https:\/\/www.erboristerie.com\/it\/prodotto\/fior-di-salina-bagnoschiuma-250ml\/","og_locale":"en_US","og_type":"article","og_title":"Fior di Salina Bagnoschiuma 250ml","og_description":"Grazie a questo bagnoschiuma, la vostra pelle sar\u00e0 avvolta da una delicata profumazione marina e agrumata e si riscoprir\u00e0 tonificata e rigenerata senza rinunciare all\u2019apporto di idratazione e morbidezza di cui ha bisogno. Un momento di intimit\u00e0 da ricreare ogni volta desideriate trasportare la mente in un luogo luminoso e rilassante, come un tranquillo angolo di Sardegna.","og_url":"https:\/\/www.erboristerie.com\/it\/prodotto\/fior-di-salina-bagnoschiuma-250ml\/","og_site_name":"Erboristeria Demetra","article_publisher":"https:\/\/www.facebook.com\/erboristeria.demetra.online","article_modified_time":"2025-09-10T16:54:05+00:00","og_image":[{"width":822,"height":806,"url":"https:\/\/www.erboristerie.com\/wp-content\/uploads\/2019\/01\/products-00002698.jpg","type":"image\/jpeg"}],"twitter_card":"summary_large_image","twitter_misc":{"Est. reading time":"3 minutes"},"schema":{"@context":"https:\/\/schema.org","@graph":[{"@type":"WebPage","@id":"https:\/\/www.erboristerie.com\/it\/prodotto\/fior-di-salina-bagnoschiuma-250ml\/","url":"https:\/\/www.erboristerie.com\/it\/prodotto\/fior-di-salina-bagnoschiuma-250ml\/","name":"Fior di Salina Bagnoschiuma 250ml","isPartOf":{"@id":"https:\/\/www.erboristerie.com\/it\/#website"},"primaryImageOfPage":{"@id":"https:\/\/www.erboristerie.com\/it\/prodotto\/fior-di-salina-bagnoschiuma-250ml\/#primaryimage"},"image":{"@id":"https:\/\/www.erboristerie.com\/it\/prodotto\/fior-di-salina-bagnoschiuma-250ml\/#primaryimage"},"thumbnailUrl":"https:\/\/www.erboristerie.com\/wp-content\/uploads\/2019\/01\/products-00002698.jpg","datePublished":"2018-04-10T17:46:26+00:00","dateModified":"2025-09-10T16:54:05+00:00","description":"Grazie a questo bagnoschiuma, la vostra pelle sar\u00e0 avvolta da una delicata profumazione marina e agrumata e si riscoprir\u00e0 tonificata e rigenerata senza rinunciare all\u2019apporto di idratazione e morbidezza di cui ha bisogno. Un momento di intimit\u00e0 da ricreare ogni volta desideriate trasportare la mente in un luogo luminoso e rilassante, come un tranquillo angolo di Sardegna.","breadcrumb":{"@id":"https:\/\/www.erboristerie.com\/it\/prodotto\/fior-di-salina-bagnoschiuma-250ml\/#breadcrumb"},"inLanguage":"en-US","potentialAction":[{"@type":"ReadAction","target":["https:\/\/www.erboristerie.com\/it\/prodotto\/fior-di-salina-bagnoschiuma-250ml\/"]}]},{"@type":"ImageObject","inLanguage":"en-US","@id":"https:\/\/www.erboristerie.com\/it\/prodotto\/fior-di-salina-bagnoschiuma-250ml\/#primaryimage","url":"https:\/\/www.erboristerie.com\/wp-content\/uploads\/2019\/01\/products-00002698.jpg","contentUrl":"https:\/\/www.erboristerie.com\/wp-content\/uploads\/2019\/01\/products-00002698.jpg","width":822,"height":806,"caption":"Fior di Salina Bagnoschiuma 250ml"},{"@type":"BreadcrumbList","@id":"https:\/\/www.erboristerie.com\/it\/prodotto\/fior-di-salina-bagnoschiuma-250ml\/#breadcrumb","itemListElement":[{"@type":"ListItem","position":1,"name":"Home","item":"https:\/\/www.erboristerie.com\/en\/"},{"@type":"ListItem","position":2,"name":"All products","item":"https:\/\/www.erboristerie.com\/en\/all-products\/"},{"@type":"ListItem","position":3,"name":"Fior di Salina Bagnoschiuma 250ml"}]},{"@type":"WebSite","@id":"https:\/\/www.erboristerie.com\/it\/#website","url":"https:\/\/www.erboristerie.com\/it\/","name":"Erboristeria Demetra","description":"Your natural health","publisher":{"@id":"https:\/\/www.erboristerie.com\/it\/#organization"},"potentialAction":[{"@type":"SearchAction","target":{"@type":"EntryPoint","urlTemplate":"https:\/\/www.erboristerie.com\/it\/?s={search_term_string}"},"query-input":{"@type":"PropertyValueSpecification","valueRequired":true,"valueName":"search_term_string"}}],"inLanguage":"en-US"},{"@type":"Organization","@id":"https:\/\/www.erboristerie.com\/it\/#organization","name":"Erboristeria Demetra","url":"https:\/\/www.erboristerie.com\/it\/","logo":{"@type":"ImageObject","inLanguage":"en-US","@id":"https:\/\/www.erboristerie.com\/it\/#\/schema\/logo\/image\/","url":"https:\/\/www.erboristerie.com\/wp-content\/uploads\/2019\/11\/LOGO_ERBORISTERIA_DEMETRA_original.png?v=1611516981","contentUrl":"https:\/\/www.erboristerie.com\/wp-content\/uploads\/2019\/11\/LOGO_ERBORISTERIA_DEMETRA_original.png?v=1611516981","width":201,"height":54,"caption":"Erboristeria Demetra"},"image":{"@id":"https:\/\/www.erboristerie.com\/it\/#\/schema\/logo\/image\/"},"sameAs":["https:\/\/www.facebook.com\/erboristeria.demetra.online"]}]}},"_links":{"self":[{"href":"https:\/\/www.erboristerie.com\/en\/wp-json\/wp\/v2\/product\/75630","targetHints":{"allow":["GET"]}}],"collection":[{"href":"https:\/\/www.erboristerie.com\/en\/wp-json\/wp\/v2\/product"}],"about":[{"href":"https:\/\/www.erboristerie.com\/en\/wp-json\/wp\/v2\/types\/product"}],"wp:featuredmedia":[{"embeddable":true,"href":"https:\/\/www.erboristerie.com\/en\/wp-json\/wp\/v2\/media\/75631"}],"wp:attachment":[{"href":"https:\/\/www.erboristerie.com\/en\/wp-json\/wp\/v2\/media?parent=75630"}],"wp:term":[{"taxonomy":"product_brand","embeddable":true,"href":"https:\/\/www.erboristerie.com\/en\/wp-json\/wp\/v2\/product_brand?post=75630"},{"taxonomy":"product_cat","embeddable":true,"href":"https:\/\/www.erboristerie.com\/en\/wp-json\/wp\/v2\/product_cat?post=75630"},{"taxonomy":"product_tag","embeddable":true,"href":"https:\/\/www.erboristerie.com\/en\/wp-json\/wp\/v2\/product_tag?post=75630"},{"taxonomy":"giftcard-category","embeddable":true,"href":"https:\/\/www.erboristerie.com\/en\/wp-json\/wp\/v2\/giftcard-category?post=75630"}],"curies":[{"name":"wp","href":"https:\/\/api.w.org\/{rel}","templated":true}]}}