{"id":75578,"date":"2018-03-30T09:41:02","date_gmt":"2018-03-30T07:41:02","guid":{"rendered":"http:\/\/www.erboristerie.com\/?post_type=product&#038;p=75578"},"modified":"2025-09-10T18:54:32","modified_gmt":"2025-09-10T16:54:32","slug":"gel-riflessante-castano-chiaro-al-castagno-70ml","status":"publish","type":"product","link":"https:\/\/www.erboristerie.com\/en\/prodotto\/gel-riflessante-castano-chiaro-al-castagno-70ml\/","title":{"rendered":"Gel Riflessante Castano Chiaro Al Castagno 70ml"},"content":{"rendered":"<p>\n\t<strong>Descrizione<\/strong><br \/>\n\tGel privo di ammoniaca e ossidanti, arricchito di elementi nutrienti e sostantivanti, rispetta la struttura dei capelli che, dopo il trattamento, saranno luminosi, soffici e pieni di vitalit\u00e0. I Colori de L\u2019Erbolario sono proposti in una gamma di nuances che permette una buona copertura dei primi capelli bianchi. Il prodotto \u00e8 facile da utilizzare, delicatamente profumato e non cola. Consigliamo di usare una nuance vicina al vostro colore naturale<br \/>\n\t<strong>Nella confezione trovate:<\/strong><br \/>\n\t\u2022 Un flacone applicatore con il prodotto pronto all\u2019uso.<br \/>\n\t\u2022 Un paio di guanti.<br \/>\n\t\u2022 Un campione di Maschera per Capelli L\u2019Erbolario<br \/>\n\t<strong>Consigli d&#8217;uso<\/strong><br \/>\n\t\u2022 Agitare il flacone prima dell\u2019uso.<br \/>\n\t\u2022 Applicare la quantit\u00e0 necessaria di prodotto con i guanti sui capelli asciutti prima del lavaggio, distribuendo uniformemente.<br \/>\n\t\u2022 Lasciare agire il prodotto per 45\/60 minuti (Solo per 30 minuti in caso di permanente di recente).<br \/>\n\t\u2022 Terminato il tempo di posa, lavare i capelli con uno shampoo ricco e delicato (ad esempio lo Shampoo Nutrimento intenso Effetto Reale). Risciacquare fino a che l\u2019acqua non risulti pulita.<br \/>\n\tEventuali tracce di prodotto sulla pelle possono essere rimosse con un batuffolo di cotone imbevuto di acqua e shampoo<br \/>\n\t\u2022 Procedere all\u2019impacco con la Maschera per Capelli L\u2019Erbolario e sciacquare di nuovo.<br \/>\n\t\u2022 In caso di capelli con meches, evitate l\u2019uso di riflessanti<br \/>\n\t<strong>Sostanze funzionali<\/strong><br \/>\n\tEstratto di Castagno, Acqua distillata di Salvia<\/p>\n<p>\t<strong>Cosa sapere in pi\u00f9<\/strong><\/p>\n<ul>\n<li>\n\t\t100% Made in Italy. Ogni fase della nostra attivit\u00e0, dalla formulazione al controllo qualit\u00e0, dalla preparazione del semilavorato al confezionamento, viene attuata da sempre nel nostro sito produttivo di Lodi: noi non abbiamo delocalizzato alcuna fase produttiva in paesi terzi, men che meno in quelli nei quali i diritti umani e i diritti fondamentali dei lavoratori sono calpestati. I nostri fitocosmetici sono orgogliosi di potersi dire 100% MADE IN ITALY!<\/li>\n<li>\n\t\t7 Metalli testati. Monitoraggio del contenuto di 7 metalli per minimizzare i rischi di allergia: *(Nichel, Piombo, Arsenico, Cadmio, Mercurio, Antimonio e Cromo) e salvaguardare cos\u00ec anche le pelli pi\u00f9 sensibili. Ogni lotto di produzione \u00e8 rigorosamente controllato per garantire un contenuto di ogni singolo metallo inferiore a 0.00005% (limite di rilevabilit\u00e0 strumentale).<\/li>\n<li>\n\t\tDa sempre amici degli animali. Aderiamo allo \u201cStandard Internazionale Stop ai Test su Animali\u201d; garantito da LAV (Lega Anti Vivisezione). Fin dalla sua fondazione nel 1978 L&#8217;Erbolario ha seguito la politica di non ricorrere a test su animali e dal 2006, dopo che le normative europee hanno iniziato a limitare e poi hanno man mano proibito il ricorso ai test su animali per fini cosmetici, ha aderito allo Standard. www.lav.it<\/li>\n<li>\n\t\tDermatologicamente Testato. Questo prodotto ha dimostrato di essere ottimamente tollerato dopo una rigorosa sperimentazione clinica finalizzata alla ricerca di eventuali potenzialit\u00e0 di irritazione e di allergogenesi. La valutazione delle ricerche \u00e8 stata effettuata presso il Dipartimento di Medicina interna e Terapia medica dell\u2019Universit\u00e0 degli Studi di Pavia.<\/li>\n<li>\n\t\tImballo in Carta FSC\u00ae. La confezione esterna cartacea di questo prodotto \u00e8 costituita esclusivamente carta certificata FSC\u00ae, secondo i rigorosi standardambientali e sociali del Forest Stewardship Concil\u00ae a supporto di una corretta e responsabile gestione delle risorse forestali<\/li>\n<li>\n\t\tSenza ingredienti di derivazione animale<br \/>\n\t\t&nbsp;<\/li>\n<\/ul>\n","protected":false},"excerpt":{"rendered":"<p>Descrizione Gel privo di ammoniaca e ossidanti, arricchito di elementi nutrienti e sostantivanti, rispetta la struttura dei capelli che, dopo il trattamento, saranno luminosi, soffici e pieni di vitalit\u00e0. I Colori de L\u2019Erbolario sono proposti in una gamma di nuances che permette una buona copertura&#8230;<\/p>\n","protected":false},"featured_media":75579,"template":"","meta":{"_acf_changed":false},"product_brand":[9603],"product_cat":[10307],"product_tag":[12058,17024,11274,12328,10654,12057,12325],"giftcard-category":[],"class_list":{"0":"post-75578","1":"product","2":"type-product","3":"status-publish","4":"has-post-thumbnail","6":"product_brand-erbolario","7":"product_cat-capelli","8":"product_tag-70ml","9":"product_tag-castagno","10":"product_tag-castano","11":"product_tag-chiaro","12":"product_tag-gel","13":"product_tag-riflessante","14":"product_tag-scuro","15":"pa_formato-70-ml","16":"pa_linea-profumazione-riflessanti","17":"pa_marca-lerbolario","18":"pa_tipologia-gel","20":"first","21":"instock","22":"sale","23":"taxable","24":"shipping-taxable","25":"purchasable","26":"product-type-simple"},"acf":[],"yoast_head":"<!-- This site is optimized with the Yoast SEO plugin v24.9 - https:\/\/yoast.com\/wordpress\/plugins\/seo\/ -->\n<title>Gel Riflessante Castano Chiaro Al Castagno 70ml<\/title>\n<meta name=\"description\" content=\"Delicato riflessante al Castagno per la colorazione dolce dei capelli tono su tono.\" \/>\n<meta name=\"robots\" content=\"index, follow, max-snippet:-1, max-image-preview:large, max-video-preview:-1\" \/>\n<link rel=\"canonical\" href=\"https:\/\/www.erboristerie.com\/it\/prodotto\/gel-riflessante-castano-chiaro-al-castagno-70ml\/\" \/>\n<meta property=\"og:locale\" content=\"en_US\" \/>\n<meta property=\"og:type\" content=\"article\" \/>\n<meta property=\"og:title\" content=\"Gel Riflessante Castano Chiaro Al Castagno 70ml\" \/>\n<meta property=\"og:description\" content=\"Delicato riflessante al Castagno per la colorazione dolce dei capelli tono su tono.\" \/>\n<meta property=\"og:url\" content=\"https:\/\/www.erboristerie.com\/it\/prodotto\/gel-riflessante-castano-chiaro-al-castagno-70ml\/\" \/>\n<meta property=\"og:site_name\" content=\"Erboristeria Demetra\" \/>\n<meta property=\"article:publisher\" content=\"https:\/\/www.facebook.com\/erboristeria.demetra.online\" \/>\n<meta property=\"article:modified_time\" content=\"2025-09-10T16:54:32+00:00\" \/>\n<meta property=\"og:image\" content=\"https:\/\/www.erboristerie.com\/wp-content\/uploads\/2019\/01\/products-00002633.jpg\" \/>\n\t<meta property=\"og:image:width\" content=\"891\" \/>\n\t<meta property=\"og:image:height\" content=\"919\" \/>\n\t<meta property=\"og:image:type\" content=\"image\/jpeg\" \/>\n<meta name=\"twitter:card\" content=\"summary_large_image\" \/>\n<meta name=\"twitter:label1\" content=\"Est. reading time\" \/>\n\t<meta name=\"twitter:data1\" content=\"2 minutes\" \/>\n<script type=\"application\/ld+json\" class=\"yoast-schema-graph\">{\"@context\":\"https:\/\/schema.org\",\"@graph\":[{\"@type\":\"WebPage\",\"@id\":\"https:\/\/www.erboristerie.com\/it\/prodotto\/gel-riflessante-castano-chiaro-al-castagno-70ml\/\",\"url\":\"https:\/\/www.erboristerie.com\/it\/prodotto\/gel-riflessante-castano-chiaro-al-castagno-70ml\/\",\"name\":\"Gel Riflessante Castano Chiaro Al Castagno 70ml\",\"isPartOf\":{\"@id\":\"https:\/\/www.erboristerie.com\/it\/#website\"},\"primaryImageOfPage\":{\"@id\":\"https:\/\/www.erboristerie.com\/it\/prodotto\/gel-riflessante-castano-chiaro-al-castagno-70ml\/#primaryimage\"},\"image\":{\"@id\":\"https:\/\/www.erboristerie.com\/it\/prodotto\/gel-riflessante-castano-chiaro-al-castagno-70ml\/#primaryimage\"},\"thumbnailUrl\":\"https:\/\/www.erboristerie.com\/wp-content\/uploads\/2019\/01\/products-00002633.jpg\",\"datePublished\":\"2018-03-30T07:41:02+00:00\",\"dateModified\":\"2025-09-10T16:54:32+00:00\",\"description\":\"Delicato riflessante al Castagno per la colorazione dolce dei capelli tono su tono.\",\"breadcrumb\":{\"@id\":\"https:\/\/www.erboristerie.com\/it\/prodotto\/gel-riflessante-castano-chiaro-al-castagno-70ml\/#breadcrumb\"},\"inLanguage\":\"en-US\",\"potentialAction\":[{\"@type\":\"ReadAction\",\"target\":[\"https:\/\/www.erboristerie.com\/it\/prodotto\/gel-riflessante-castano-chiaro-al-castagno-70ml\/\"]}]},{\"@type\":\"ImageObject\",\"inLanguage\":\"en-US\",\"@id\":\"https:\/\/www.erboristerie.com\/it\/prodotto\/gel-riflessante-castano-chiaro-al-castagno-70ml\/#primaryimage\",\"url\":\"https:\/\/www.erboristerie.com\/wp-content\/uploads\/2019\/01\/products-00002633.jpg\",\"contentUrl\":\"https:\/\/www.erboristerie.com\/wp-content\/uploads\/2019\/01\/products-00002633.jpg\",\"width\":891,\"height\":919,\"caption\":\"Gel Riflessante Castano Chiaro Al Castagno 70ml\"},{\"@type\":\"BreadcrumbList\",\"@id\":\"https:\/\/www.erboristerie.com\/it\/prodotto\/gel-riflessante-castano-chiaro-al-castagno-70ml\/#breadcrumb\",\"itemListElement\":[{\"@type\":\"ListItem\",\"position\":1,\"name\":\"Home\",\"item\":\"https:\/\/www.erboristerie.com\/en\/\"},{\"@type\":\"ListItem\",\"position\":2,\"name\":\"All products\",\"item\":\"https:\/\/www.erboristerie.com\/en\/all-products\/\"},{\"@type\":\"ListItem\",\"position\":3,\"name\":\"Gel Riflessante Castano Chiaro Al Castagno 70ml\"}]},{\"@type\":\"WebSite\",\"@id\":\"https:\/\/www.erboristerie.com\/it\/#website\",\"url\":\"https:\/\/www.erboristerie.com\/it\/\",\"name\":\"Erboristeria Demetra\",\"description\":\"Your natural health\",\"publisher\":{\"@id\":\"https:\/\/www.erboristerie.com\/it\/#organization\"},\"potentialAction\":[{\"@type\":\"SearchAction\",\"target\":{\"@type\":\"EntryPoint\",\"urlTemplate\":\"https:\/\/www.erboristerie.com\/it\/?s={search_term_string}\"},\"query-input\":{\"@type\":\"PropertyValueSpecification\",\"valueRequired\":true,\"valueName\":\"search_term_string\"}}],\"inLanguage\":\"en-US\"},{\"@type\":\"Organization\",\"@id\":\"https:\/\/www.erboristerie.com\/it\/#organization\",\"name\":\"Erboristeria Demetra\",\"url\":\"https:\/\/www.erboristerie.com\/it\/\",\"logo\":{\"@type\":\"ImageObject\",\"inLanguage\":\"en-US\",\"@id\":\"https:\/\/www.erboristerie.com\/it\/#\/schema\/logo\/image\/\",\"url\":\"https:\/\/www.erboristerie.com\/wp-content\/uploads\/2019\/11\/LOGO_ERBORISTERIA_DEMETRA_original.png?v=1611516981\",\"contentUrl\":\"https:\/\/www.erboristerie.com\/wp-content\/uploads\/2019\/11\/LOGO_ERBORISTERIA_DEMETRA_original.png?v=1611516981\",\"width\":201,\"height\":54,\"caption\":\"Erboristeria Demetra\"},\"image\":{\"@id\":\"https:\/\/www.erboristerie.com\/it\/#\/schema\/logo\/image\/\"},\"sameAs\":[\"https:\/\/www.facebook.com\/erboristeria.demetra.online\"]}]}<\/script>\n<!-- \/ Yoast SEO plugin. -->","yoast_head_json":{"title":"Gel Riflessante Castano Chiaro Al Castagno 70ml","description":"Delicato riflessante al Castagno per la colorazione dolce dei capelli tono su tono.","robots":{"index":"index","follow":"follow","max-snippet":"max-snippet:-1","max-image-preview":"max-image-preview:large","max-video-preview":"max-video-preview:-1"},"canonical":"https:\/\/www.erboristerie.com\/it\/prodotto\/gel-riflessante-castano-chiaro-al-castagno-70ml\/","og_locale":"en_US","og_type":"article","og_title":"Gel Riflessante Castano Chiaro Al Castagno 70ml","og_description":"Delicato riflessante al Castagno per la colorazione dolce dei capelli tono su tono.","og_url":"https:\/\/www.erboristerie.com\/it\/prodotto\/gel-riflessante-castano-chiaro-al-castagno-70ml\/","og_site_name":"Erboristeria Demetra","article_publisher":"https:\/\/www.facebook.com\/erboristeria.demetra.online","article_modified_time":"2025-09-10T16:54:32+00:00","og_image":[{"width":891,"height":919,"url":"https:\/\/www.erboristerie.com\/wp-content\/uploads\/2019\/01\/products-00002633.jpg","type":"image\/jpeg"}],"twitter_card":"summary_large_image","twitter_misc":{"Est. reading time":"2 minutes"},"schema":{"@context":"https:\/\/schema.org","@graph":[{"@type":"WebPage","@id":"https:\/\/www.erboristerie.com\/it\/prodotto\/gel-riflessante-castano-chiaro-al-castagno-70ml\/","url":"https:\/\/www.erboristerie.com\/it\/prodotto\/gel-riflessante-castano-chiaro-al-castagno-70ml\/","name":"Gel Riflessante Castano Chiaro Al Castagno 70ml","isPartOf":{"@id":"https:\/\/www.erboristerie.com\/it\/#website"},"primaryImageOfPage":{"@id":"https:\/\/www.erboristerie.com\/it\/prodotto\/gel-riflessante-castano-chiaro-al-castagno-70ml\/#primaryimage"},"image":{"@id":"https:\/\/www.erboristerie.com\/it\/prodotto\/gel-riflessante-castano-chiaro-al-castagno-70ml\/#primaryimage"},"thumbnailUrl":"https:\/\/www.erboristerie.com\/wp-content\/uploads\/2019\/01\/products-00002633.jpg","datePublished":"2018-03-30T07:41:02+00:00","dateModified":"2025-09-10T16:54:32+00:00","description":"Delicato riflessante al Castagno per la colorazione dolce dei capelli tono su tono.","breadcrumb":{"@id":"https:\/\/www.erboristerie.com\/it\/prodotto\/gel-riflessante-castano-chiaro-al-castagno-70ml\/#breadcrumb"},"inLanguage":"en-US","potentialAction":[{"@type":"ReadAction","target":["https:\/\/www.erboristerie.com\/it\/prodotto\/gel-riflessante-castano-chiaro-al-castagno-70ml\/"]}]},{"@type":"ImageObject","inLanguage":"en-US","@id":"https:\/\/www.erboristerie.com\/it\/prodotto\/gel-riflessante-castano-chiaro-al-castagno-70ml\/#primaryimage","url":"https:\/\/www.erboristerie.com\/wp-content\/uploads\/2019\/01\/products-00002633.jpg","contentUrl":"https:\/\/www.erboristerie.com\/wp-content\/uploads\/2019\/01\/products-00002633.jpg","width":891,"height":919,"caption":"Gel Riflessante Castano Chiaro Al Castagno 70ml"},{"@type":"BreadcrumbList","@id":"https:\/\/www.erboristerie.com\/it\/prodotto\/gel-riflessante-castano-chiaro-al-castagno-70ml\/#breadcrumb","itemListElement":[{"@type":"ListItem","position":1,"name":"Home","item":"https:\/\/www.erboristerie.com\/en\/"},{"@type":"ListItem","position":2,"name":"All products","item":"https:\/\/www.erboristerie.com\/en\/all-products\/"},{"@type":"ListItem","position":3,"name":"Gel Riflessante Castano Chiaro Al Castagno 70ml"}]},{"@type":"WebSite","@id":"https:\/\/www.erboristerie.com\/it\/#website","url":"https:\/\/www.erboristerie.com\/it\/","name":"Erboristeria Demetra","description":"Your natural health","publisher":{"@id":"https:\/\/www.erboristerie.com\/it\/#organization"},"potentialAction":[{"@type":"SearchAction","target":{"@type":"EntryPoint","urlTemplate":"https:\/\/www.erboristerie.com\/it\/?s={search_term_string}"},"query-input":{"@type":"PropertyValueSpecification","valueRequired":true,"valueName":"search_term_string"}}],"inLanguage":"en-US"},{"@type":"Organization","@id":"https:\/\/www.erboristerie.com\/it\/#organization","name":"Erboristeria Demetra","url":"https:\/\/www.erboristerie.com\/it\/","logo":{"@type":"ImageObject","inLanguage":"en-US","@id":"https:\/\/www.erboristerie.com\/it\/#\/schema\/logo\/image\/","url":"https:\/\/www.erboristerie.com\/wp-content\/uploads\/2019\/11\/LOGO_ERBORISTERIA_DEMETRA_original.png?v=1611516981","contentUrl":"https:\/\/www.erboristerie.com\/wp-content\/uploads\/2019\/11\/LOGO_ERBORISTERIA_DEMETRA_original.png?v=1611516981","width":201,"height":54,"caption":"Erboristeria Demetra"},"image":{"@id":"https:\/\/www.erboristerie.com\/it\/#\/schema\/logo\/image\/"},"sameAs":["https:\/\/www.facebook.com\/erboristeria.demetra.online"]}]}},"_links":{"self":[{"href":"https:\/\/www.erboristerie.com\/en\/wp-json\/wp\/v2\/product\/75578","targetHints":{"allow":["GET"]}}],"collection":[{"href":"https:\/\/www.erboristerie.com\/en\/wp-json\/wp\/v2\/product"}],"about":[{"href":"https:\/\/www.erboristerie.com\/en\/wp-json\/wp\/v2\/types\/product"}],"wp:featuredmedia":[{"embeddable":true,"href":"https:\/\/www.erboristerie.com\/en\/wp-json\/wp\/v2\/media\/75579"}],"wp:attachment":[{"href":"https:\/\/www.erboristerie.com\/en\/wp-json\/wp\/v2\/media?parent=75578"}],"wp:term":[{"taxonomy":"product_brand","embeddable":true,"href":"https:\/\/www.erboristerie.com\/en\/wp-json\/wp\/v2\/product_brand?post=75578"},{"taxonomy":"product_cat","embeddable":true,"href":"https:\/\/www.erboristerie.com\/en\/wp-json\/wp\/v2\/product_cat?post=75578"},{"taxonomy":"product_tag","embeddable":true,"href":"https:\/\/www.erboristerie.com\/en\/wp-json\/wp\/v2\/product_tag?post=75578"},{"taxonomy":"giftcard-category","embeddable":true,"href":"https:\/\/www.erboristerie.com\/en\/wp-json\/wp\/v2\/giftcard-category?post=75578"}],"curies":[{"name":"wp","href":"https:\/\/api.w.org\/{rel}","templated":true}]}}