{"id":74734,"date":"2017-10-04T17:56:40","date_gmt":"2017-10-04T15:56:40","guid":{"rendered":"http:\/\/www.erboristerie.com\/?post_type=product&#038;p=74734"},"modified":"2025-09-17T18:42:59","modified_gmt":"2025-09-17T16:42:59","slug":"buonerbe-forte-sciroppo-180ml","status":"publish","type":"product","link":"https:\/\/www.erboristerie.com\/en\/prodotto\/buonerbe-forte-sciroppo-180ml\/","title":{"rendered":"Buonerbe Forte Sciroppo 180ml Per risvegliare l\u2019intestino pigro Biosline"},"content":{"rendered":"<p><strong>Buonerbe\u00ae Forte Sciroppo 180ml &#8211; Biosline<\/strong><\/p>\n<p>Per risvegliare l\u2019intestino pigro.<\/p>\n<p>Una sana e corretta alimentazione ed una regolare attivit\u00e0 fisica sono importanti per favorire le normali funzioni fisiologiche dell\u2019intestino.<\/p>\n<p>In caso di irregolarit\u00e0 intestinale, <strong>Buonerbe\u00ae Forte sciroppo favorisce il regolare transito intestinale<\/strong> grazie alla sua formulazione a base di estratto di Senna, titolato al 20% in sennosidi, mentre la Malva svolge un\u2019azione emolliente e lenitiva sulla mucosa intestinale.<\/p>\n<p>Buonerbe\u00ae Forte sciroppo contiene inoltre Manna da Frassino, che favorisce una normale consistenza delle feci ed estratto di Prugna, ricca in sorbitolo.<\/p>\n<p>La particolare formulazione in sciroppo, dal gradevole gusto fruttato, risulta molto pratica da dosare, con l\u2019apposito misurino, ed \u00e8 l\u2019ideale per chi ha problemi a deglutire le formulazioni in compresse.<\/p>\n<p><strong>Quando usarlo<\/strong><\/p>\n<p>In caso di irregolarit\u00e0 intestinale e di stipsi prolungata per avere un\u2019azione rapida ma non irritante per le pareti intestinali.<\/p>\n<p>In presenza di stipsi occasionale dovuta a viaggi con cambio di clima e abitudini, e in generale in presenza di un\u2019alimentazione scorretta.<\/p>\n<p>Particolarmente indicato per le persone che hanno problemi a deglutire le soluzioni in compresse o per chi ha la necessit\u00e0 di un dosaggio personalizzato del prodotto.<\/p>\n<p><strong>Come usarlo<\/strong><\/p>\n<p>Da 10 ml a massimo 20 ml di sciroppo al giorno, puro o diluito in acqua o altro liquido, preferibilmente alla sera dopo cena.<\/p>\n<p>Agitare prima dell\u2019uso.<\/p>\n<p>L\u2019eventuale deposito \u00e8 dato dalla naturalit\u00e0 del prodotto, che non ne pregiudica la qualit\u00e0.<\/p>\n<p>Dopo l\u2019apertura conservare in frigorifero e consumare entro un mese.<\/p>\n<p><strong>Formulazione<\/strong><\/p>\n<p>Malva foglie estratto idroglicerico 500,00 mg<br \/>\nCicoria 130,00 mg<br \/>\nSenna foglie e.s. tit. al 20% in sennosidi 100,00 mg. Pari a sennosidi totali 20,00 mg<br \/>\nSenna foglie e.s. tit. al 2,5% in sennosidi 100,00 mg pari a sennosidi totali t.f.<br \/>\nManna da Frassino 100,00 mg<br \/>\nPrugna frutto e.s. titolato 50,00 mg<br \/>\nFrangula corteccia e.s. tit. al 20% in glucofranguline espresse come glucofrangulina A 25,00 mg<br \/>\nChina corteccia e.s. 20,00 mg<br \/>\nFinocchio o.e. 2,50 mg<\/p>\n<p><strong>Ingredienti<\/strong><\/p>\n<p>stabilizzante: sorbitolo; emulsionante: glicerolo; Malva (Malva sylvestris L.) foglie e fiori estratto glicerico, Inulina, Senna (Cassia angustifolia M. Vahl.) foglie estratto secco titolato al 20% in glicosidi idrossiantracenici calcolati come sennosidi totali, Frassino (Fraxinus ornus L.) manna polvere, Prugna (Prunus domestica L.) frutto estratto secco titolato al 7% in sorbitolo, China (Cinchona succirubra Pav. ex Klotzsch) corteccia estratto secco, aroma anetolo, acidificante: acido citrico; Finocchio (Foeniculum vulgare Mill.) frutti olio essenziale.<\/p>\n<p><strong>Note<\/strong><br \/>\nSenza glutine e lattosio.<br \/>\nAdatto a vegetariani e vegani.<\/p>\n<p>Non somministrare al di sotto dei 12 anni.<br \/>\nConsultare il medico in caso di gravidanza e allattamento.<br \/>\nNon utilizzare per periodi prolungati senza consultare il medico.<br \/>\nLeggere le avvertenze riportate sulla confezione.<\/p>\n<p>&nbsp;<\/p>\n","protected":false},"excerpt":{"rendered":"<p>Buonerbe\u00ae Forte Sciroppo 180ml &#8211; Biosline Per risvegliare l\u2019intestino pigro. Una sana e corretta alimentazione ed una regolare attivit\u00e0 fisica sono importanti per favorire le normali funzioni fisiologiche dell\u2019intestino. In caso di irregolarit\u00e0 intestinale, Buonerbe\u00ae Forte sciroppo favorisce il regolare transito intestinale grazie alla sua&#8230;<\/p>\n","protected":false},"featured_media":74735,"template":"","meta":{"_acf_changed":false},"product_brand":[9595],"product_cat":[9787],"product_tag":[17826,12436,11177,12432,10791,10515],"giftcard-category":[],"class_list":{"0":"post-74734","1":"product","2":"type-product","3":"status-publish","4":"has-post-thumbnail","6":"product_brand-biosline","7":"product_cat-benessere-gastro-intestinale","8":"product_tag-180ml","9":"product_tag-buonerbe","10":"product_tag-forte","11":"product_tag-regola","12":"product_tag-sciroppo","13":"product_tag-tavolette","14":"pa_formato-180-ml","15":"pa_linea-buonerbe","16":"pa_marca-biosline","17":"pa_tipologia-sciroppo","19":"first","20":"instock","21":"sale","22":"taxable","23":"shipping-taxable","24":"purchasable","25":"product-type-simple"},"acf":[],"yoast_head":"<!-- This site is optimized with the Yoast SEO plugin v24.9 - https:\/\/yoast.com\/wordpress\/plugins\/seo\/ -->\n<title>Buonerbe Forte Sciroppo 180ml Per risvegliare l\u2019intestino pigro Biosline - Erboristeria Demetra<\/title>\n<meta name=\"description\" content=\"Per risvegliare l\u2019intestino pigro Buonerbe\u00ae Forte sciroppo favorisce il regolare transito intestinale grazie alla sua formulazione\" \/>\n<meta name=\"robots\" content=\"index, follow, max-snippet:-1, max-image-preview:large, max-video-preview:-1\" \/>\n<link rel=\"canonical\" href=\"https:\/\/www.erboristerie.com\/it\/prodotto\/buonerbe-forte-sciroppo-180ml\/\" \/>\n<meta property=\"og:locale\" content=\"en_US\" \/>\n<meta property=\"og:type\" content=\"article\" \/>\n<meta property=\"og:title\" content=\"Buonerbe Forte Sciroppo 180ml Per risvegliare l\u2019intestino pigro Biosline - Erboristeria Demetra\" \/>\n<meta property=\"og:description\" content=\"Per risvegliare l\u2019intestino pigro Buonerbe\u00ae Forte sciroppo favorisce il regolare transito intestinale grazie alla sua formulazione\" \/>\n<meta property=\"og:url\" content=\"https:\/\/www.erboristerie.com\/it\/prodotto\/buonerbe-forte-sciroppo-180ml\/\" \/>\n<meta property=\"og:site_name\" content=\"Erboristeria Demetra\" \/>\n<meta property=\"article:publisher\" content=\"https:\/\/www.facebook.com\/erboristeria.demetra.online\" \/>\n<meta property=\"article:modified_time\" content=\"2025-09-17T16:42:59+00:00\" \/>\n<meta property=\"og:image\" content=\"https:\/\/www.erboristerie.com\/wp-content\/uploads\/2019\/01\/products-00004227.jpg\" \/>\n\t<meta property=\"og:image:width\" content=\"887\" \/>\n\t<meta property=\"og:image:height\" content=\"898\" \/>\n\t<meta property=\"og:image:type\" content=\"image\/jpeg\" \/>\n<meta name=\"twitter:card\" content=\"summary_large_image\" \/>\n<meta name=\"twitter:label1\" content=\"Est. reading time\" \/>\n\t<meta name=\"twitter:data1\" content=\"3 minutes\" \/>\n<script type=\"application\/ld+json\" class=\"yoast-schema-graph\">{\"@context\":\"https:\/\/schema.org\",\"@graph\":[{\"@type\":\"WebPage\",\"@id\":\"https:\/\/www.erboristerie.com\/it\/prodotto\/buonerbe-forte-sciroppo-180ml\/\",\"url\":\"https:\/\/www.erboristerie.com\/it\/prodotto\/buonerbe-forte-sciroppo-180ml\/\",\"name\":\"Buonerbe Forte Sciroppo 180ml Per risvegliare l\u2019intestino pigro Biosline - Erboristeria Demetra\",\"isPartOf\":{\"@id\":\"https:\/\/www.erboristerie.com\/it\/#website\"},\"primaryImageOfPage\":{\"@id\":\"https:\/\/www.erboristerie.com\/it\/prodotto\/buonerbe-forte-sciroppo-180ml\/#primaryimage\"},\"image\":{\"@id\":\"https:\/\/www.erboristerie.com\/it\/prodotto\/buonerbe-forte-sciroppo-180ml\/#primaryimage\"},\"thumbnailUrl\":\"https:\/\/www.erboristerie.com\/wp-content\/uploads\/2019\/01\/products-00004227.jpg\",\"datePublished\":\"2017-10-04T15:56:40+00:00\",\"dateModified\":\"2025-09-17T16:42:59+00:00\",\"description\":\"Per risvegliare l\u2019intestino pigro Buonerbe\u00ae Forte sciroppo favorisce il regolare transito intestinale grazie alla sua formulazione\",\"breadcrumb\":{\"@id\":\"https:\/\/www.erboristerie.com\/it\/prodotto\/buonerbe-forte-sciroppo-180ml\/#breadcrumb\"},\"inLanguage\":\"en-US\",\"potentialAction\":[{\"@type\":\"ReadAction\",\"target\":[\"https:\/\/www.erboristerie.com\/it\/prodotto\/buonerbe-forte-sciroppo-180ml\/\"]}]},{\"@type\":\"ImageObject\",\"inLanguage\":\"en-US\",\"@id\":\"https:\/\/www.erboristerie.com\/it\/prodotto\/buonerbe-forte-sciroppo-180ml\/#primaryimage\",\"url\":\"https:\/\/www.erboristerie.com\/wp-content\/uploads\/2019\/01\/products-00004227.jpg\",\"contentUrl\":\"https:\/\/www.erboristerie.com\/wp-content\/uploads\/2019\/01\/products-00004227.jpg\",\"width\":\"887\",\"height\":\"898\",\"caption\":\"Buonerbe Forte Sciroppo 180ml\"},{\"@type\":\"BreadcrumbList\",\"@id\":\"https:\/\/www.erboristerie.com\/it\/prodotto\/buonerbe-forte-sciroppo-180ml\/#breadcrumb\",\"itemListElement\":[{\"@type\":\"ListItem\",\"position\":1,\"name\":\"Home\",\"item\":\"https:\/\/www.erboristerie.com\/en\/\"},{\"@type\":\"ListItem\",\"position\":2,\"name\":\"All products\",\"item\":\"https:\/\/www.erboristerie.com\/en\/all-products\/\"},{\"@type\":\"ListItem\",\"position\":3,\"name\":\"Buonerbe Forte Sciroppo 180ml Per risvegliare l\u2019intestino pigro Biosline\"}]},{\"@type\":\"WebSite\",\"@id\":\"https:\/\/www.erboristerie.com\/it\/#website\",\"url\":\"https:\/\/www.erboristerie.com\/it\/\",\"name\":\"Erboristeria Demetra\",\"description\":\"Your natural health\",\"publisher\":{\"@id\":\"https:\/\/www.erboristerie.com\/it\/#organization\"},\"potentialAction\":[{\"@type\":\"SearchAction\",\"target\":{\"@type\":\"EntryPoint\",\"urlTemplate\":\"https:\/\/www.erboristerie.com\/it\/?s={search_term_string}\"},\"query-input\":{\"@type\":\"PropertyValueSpecification\",\"valueRequired\":true,\"valueName\":\"search_term_string\"}}],\"inLanguage\":\"en-US\"},{\"@type\":\"Organization\",\"@id\":\"https:\/\/www.erboristerie.com\/it\/#organization\",\"name\":\"Erboristeria Demetra\",\"url\":\"https:\/\/www.erboristerie.com\/it\/\",\"logo\":{\"@type\":\"ImageObject\",\"inLanguage\":\"en-US\",\"@id\":\"https:\/\/www.erboristerie.com\/it\/#\/schema\/logo\/image\/\",\"url\":\"https:\/\/www.erboristerie.com\/wp-content\/uploads\/2019\/11\/LOGO_ERBORISTERIA_DEMETRA_original.png?v=1611516981\",\"contentUrl\":\"https:\/\/www.erboristerie.com\/wp-content\/uploads\/2019\/11\/LOGO_ERBORISTERIA_DEMETRA_original.png?v=1611516981\",\"width\":201,\"height\":54,\"caption\":\"Erboristeria Demetra\"},\"image\":{\"@id\":\"https:\/\/www.erboristerie.com\/it\/#\/schema\/logo\/image\/\"},\"sameAs\":[\"https:\/\/www.facebook.com\/erboristeria.demetra.online\"]}]}<\/script>\n<!-- \/ Yoast SEO plugin. -->","yoast_head_json":{"title":"Buonerbe Forte Sciroppo 180ml Per risvegliare l\u2019intestino pigro Biosline - Erboristeria Demetra","description":"Per risvegliare l\u2019intestino pigro Buonerbe\u00ae Forte sciroppo favorisce il regolare transito intestinale grazie alla sua formulazione","robots":{"index":"index","follow":"follow","max-snippet":"max-snippet:-1","max-image-preview":"max-image-preview:large","max-video-preview":"max-video-preview:-1"},"canonical":"https:\/\/www.erboristerie.com\/it\/prodotto\/buonerbe-forte-sciroppo-180ml\/","og_locale":"en_US","og_type":"article","og_title":"Buonerbe Forte Sciroppo 180ml Per risvegliare l\u2019intestino pigro Biosline - Erboristeria Demetra","og_description":"Per risvegliare l\u2019intestino pigro Buonerbe\u00ae Forte sciroppo favorisce il regolare transito intestinale grazie alla sua formulazione","og_url":"https:\/\/www.erboristerie.com\/it\/prodotto\/buonerbe-forte-sciroppo-180ml\/","og_site_name":"Erboristeria Demetra","article_publisher":"https:\/\/www.facebook.com\/erboristeria.demetra.online","article_modified_time":"2025-09-17T16:42:59+00:00","og_image":[{"width":887,"height":898,"url":"https:\/\/www.erboristerie.com\/wp-content\/uploads\/2019\/01\/products-00004227.jpg","type":"image\/jpeg"}],"twitter_card":"summary_large_image","twitter_misc":{"Est. reading time":"3 minutes"},"schema":{"@context":"https:\/\/schema.org","@graph":[{"@type":"WebPage","@id":"https:\/\/www.erboristerie.com\/it\/prodotto\/buonerbe-forte-sciroppo-180ml\/","url":"https:\/\/www.erboristerie.com\/it\/prodotto\/buonerbe-forte-sciroppo-180ml\/","name":"Buonerbe Forte Sciroppo 180ml Per risvegliare l\u2019intestino pigro Biosline - Erboristeria Demetra","isPartOf":{"@id":"https:\/\/www.erboristerie.com\/it\/#website"},"primaryImageOfPage":{"@id":"https:\/\/www.erboristerie.com\/it\/prodotto\/buonerbe-forte-sciroppo-180ml\/#primaryimage"},"image":{"@id":"https:\/\/www.erboristerie.com\/it\/prodotto\/buonerbe-forte-sciroppo-180ml\/#primaryimage"},"thumbnailUrl":"https:\/\/www.erboristerie.com\/wp-content\/uploads\/2019\/01\/products-00004227.jpg","datePublished":"2017-10-04T15:56:40+00:00","dateModified":"2025-09-17T16:42:59+00:00","description":"Per risvegliare l\u2019intestino pigro Buonerbe\u00ae Forte sciroppo favorisce il regolare transito intestinale grazie alla sua formulazione","breadcrumb":{"@id":"https:\/\/www.erboristerie.com\/it\/prodotto\/buonerbe-forte-sciroppo-180ml\/#breadcrumb"},"inLanguage":"en-US","potentialAction":[{"@type":"ReadAction","target":["https:\/\/www.erboristerie.com\/it\/prodotto\/buonerbe-forte-sciroppo-180ml\/"]}]},{"@type":"ImageObject","inLanguage":"en-US","@id":"https:\/\/www.erboristerie.com\/it\/prodotto\/buonerbe-forte-sciroppo-180ml\/#primaryimage","url":"https:\/\/www.erboristerie.com\/wp-content\/uploads\/2019\/01\/products-00004227.jpg","contentUrl":"https:\/\/www.erboristerie.com\/wp-content\/uploads\/2019\/01\/products-00004227.jpg","width":"887","height":"898","caption":"Buonerbe Forte Sciroppo 180ml"},{"@type":"BreadcrumbList","@id":"https:\/\/www.erboristerie.com\/it\/prodotto\/buonerbe-forte-sciroppo-180ml\/#breadcrumb","itemListElement":[{"@type":"ListItem","position":1,"name":"Home","item":"https:\/\/www.erboristerie.com\/en\/"},{"@type":"ListItem","position":2,"name":"All products","item":"https:\/\/www.erboristerie.com\/en\/all-products\/"},{"@type":"ListItem","position":3,"name":"Buonerbe Forte Sciroppo 180ml Per risvegliare l\u2019intestino pigro Biosline"}]},{"@type":"WebSite","@id":"https:\/\/www.erboristerie.com\/it\/#website","url":"https:\/\/www.erboristerie.com\/it\/","name":"Erboristeria Demetra","description":"Your natural health","publisher":{"@id":"https:\/\/www.erboristerie.com\/it\/#organization"},"potentialAction":[{"@type":"SearchAction","target":{"@type":"EntryPoint","urlTemplate":"https:\/\/www.erboristerie.com\/it\/?s={search_term_string}"},"query-input":{"@type":"PropertyValueSpecification","valueRequired":true,"valueName":"search_term_string"}}],"inLanguage":"en-US"},{"@type":"Organization","@id":"https:\/\/www.erboristerie.com\/it\/#organization","name":"Erboristeria Demetra","url":"https:\/\/www.erboristerie.com\/it\/","logo":{"@type":"ImageObject","inLanguage":"en-US","@id":"https:\/\/www.erboristerie.com\/it\/#\/schema\/logo\/image\/","url":"https:\/\/www.erboristerie.com\/wp-content\/uploads\/2019\/11\/LOGO_ERBORISTERIA_DEMETRA_original.png?v=1611516981","contentUrl":"https:\/\/www.erboristerie.com\/wp-content\/uploads\/2019\/11\/LOGO_ERBORISTERIA_DEMETRA_original.png?v=1611516981","width":201,"height":54,"caption":"Erboristeria Demetra"},"image":{"@id":"https:\/\/www.erboristerie.com\/it\/#\/schema\/logo\/image\/"},"sameAs":["https:\/\/www.facebook.com\/erboristeria.demetra.online"]}]}},"_links":{"self":[{"href":"https:\/\/www.erboristerie.com\/en\/wp-json\/wp\/v2\/product\/74734","targetHints":{"allow":["GET"]}}],"collection":[{"href":"https:\/\/www.erboristerie.com\/en\/wp-json\/wp\/v2\/product"}],"about":[{"href":"https:\/\/www.erboristerie.com\/en\/wp-json\/wp\/v2\/types\/product"}],"wp:featuredmedia":[{"embeddable":true,"href":"https:\/\/www.erboristerie.com\/en\/wp-json\/wp\/v2\/media\/74735"}],"wp:attachment":[{"href":"https:\/\/www.erboristerie.com\/en\/wp-json\/wp\/v2\/media?parent=74734"}],"wp:term":[{"taxonomy":"product_brand","embeddable":true,"href":"https:\/\/www.erboristerie.com\/en\/wp-json\/wp\/v2\/product_brand?post=74734"},{"taxonomy":"product_cat","embeddable":true,"href":"https:\/\/www.erboristerie.com\/en\/wp-json\/wp\/v2\/product_cat?post=74734"},{"taxonomy":"product_tag","embeddable":true,"href":"https:\/\/www.erboristerie.com\/en\/wp-json\/wp\/v2\/product_tag?post=74734"},{"taxonomy":"giftcard-category","embeddable":true,"href":"https:\/\/www.erboristerie.com\/en\/wp-json\/wp\/v2\/giftcard-category?post=74734"}],"curies":[{"name":"wp","href":"https:\/\/api.w.org\/{rel}","templated":true}]}}