{"id":74718,"date":"2017-10-03T15:52:27","date_gmt":"2017-10-03T13:52:27","guid":{"rendered":"http:\/\/www.erboristerie.com\/?post_type=product&#038;p=74718"},"modified":"2025-09-10T18:54:33","modified_gmt":"2025-09-10T16:54:33","slug":"collezione-creme-mani-due-3-creme-mani","status":"publish","type":"product","link":"https:\/\/www.erboristerie.com\/en\/prodotto\/collezione-creme-mani-due-3-creme-mani\/","title":{"rendered":"Collezione Creme Mani DUE &#8211; 3 creme mani"},"content":{"rendered":"<p><strong>COLLEZIONE CREME MANI <em>DUE &#8211; de L&#8217;Erbolario<\/em><\/strong><br \/>\nUna preziosa collezione di Creme per le mani sempre morbide, vellutate e profumatissime!<br \/>\nLa confezione contiene:<\/p>\n<ul>\n<li><strong>Crema Nutriente per le Mani al Profumo di Rosa \u2013 formato 30 ml<\/strong><\/li>\n<li><strong>Crema per le Mani &amp; le Unghie Con Olio di Oliva e Vitamina \u2013 E formato 30 ml<\/strong><\/li>\n<li><strong>Crema per le Mani con Limone \u2013 formato 30 ml<\/strong><\/li>\n<\/ul>\n<p><strong>CARATTERISTICHE DELLE CREME NELLA COLLEZIONE DUE<\/strong><\/p>\n<ul>\n<li><strong>LINEA ROSA CREMA NUTRIENTE MANI 75 ML<em> &#8211; de L&#8217;Erbolario <\/em><\/strong>Con Estratto di Rosa. Per ritrovare il loro naturale benessere, ben lontano da arrossamenti a aridit\u00e0 dovuti all\u2019aggressione degli agenti ambientali esterni, alle tante ore di attivit\u00e0 e ai frequenti lavaggi, le mani possono ora contare su una Crema molto nutriente in grado di tonificarle e mantenere elastici i tessuti cutanei, lasciando una piacevola sensazione di morbidezza che dura a lungo! <strong>Sostanze funzionali caratterizzanti<\/strong><br \/>\nEstratto di Rosa centifolia, Olio di Camelia, Frazione insaponificabile dell\u2019olio di Oliva, Esteri della cera di Jojoba. <strong>Uso <\/strong>Distribuire massaggiando una noce di prodotto sulle mani fino a completo assorbimento.<\/li>\n<li><strong>CREMA MANI E UNGHIE <\/strong>All&#8217;Olio di Oliva &amp; alla Vitamina E. Un trattamento mani-unghie a tripla azione specifica: idratante, emolliente, nutriente. Oltre a prevenire le aggressioni degli agenti esterni, aiutando a combattere screpolature e arrossamenti, protegge le unghie e le fa tornare lisce e compatte, grazie all\u2019apporto vitaminico presente nella sua ricca formulazione. Tra i suoi ingredienti spiccano, per efficacia ed importanza, l\u2019Olio di Oliva, il Burro di Karit\u00e9, la Vitamina E e la Vitamina B5. <strong>Sostanze funzionali caratterizzanti <\/strong>NUOVA FORMULA! Burro di Olivo, Esteri della Cera di Jojoba. Pantenolo, Acido glicirretico, Olio di Oliva, Burro di Karit\u00e8, Vitamina E Acetato, Alfa bisabololo, Gamma Orizanolo. <strong>Uso <\/strong>Applicare la crema con un lieve massaggio, pi\u00f9 volte al giorno: grazie alla sua azione vitaminica, unghie e mani saranno lisce e vellutate, perfettamente protette dalle minacce esterne.<\/li>\n<li><strong>CREMA MANI LIMONE <\/strong>Un trattamento di bellezza completo per le mani pi\u00f9 esigenti. Immediatamente assimilabile, questa crema crea un film invisibile, che protegge l\u2019epidermide da aggressioni esterne quali freddo, vento, acqua, detersivi. Tra le sue componenti annovera la glicerina vegetale, che, con la sua azione addolcente, idrata la pelle rendendo le mani pi\u00f9 giovani e lisce. Il Limone, poi, aiuta a schiarire la pelle e a contrastare le fastidiose macchie brune.<strong>Sostanze funzionali Caratterizzanti <\/strong>Estratto di Limone, Glicerina Vegetale <strong>Uso <\/strong>Una piccola quantit\u00e0 di crema, pi\u00f9 volte al giorno, \u00e8 sufficiente per garantire una perfetta idratazione e protezione. Utilizzarla sempre prima dei lavori domestici e dopo essersi lavati le mani, con un lieve massaggio che insista sulle zone pi\u00f9 aride, come ad esempio le nocche.<\/li>\n<\/ul>\n","protected":false},"excerpt":{"rendered":"<p>COLLEZIONE CREME MANI DUE &#8211; de L&#8217;Erbolario Una preziosa collezione di Creme per le mani sempre morbide, vellutate e profumatissime! La confezione contiene: Crema Nutriente per le Mani al Profumo di Rosa \u2013 formato 30 ml Crema per le Mani &amp; le Unghie Con Olio&#8230;<\/p>\n","protected":false},"featured_media":74719,"template":"","meta":{"_acf_changed":false},"product_brand":[9603],"product_cat":[49195,9907],"product_tag":[17301,10650,17823,17825,11042,11529,17824],"giftcard-category":[],"class_list":{"0":"post-74718","1":"product","2":"type-product","3":"status-publish","4":"has-post-thumbnail","6":"product_brand-erbolario","7":"product_cat-linee-profumate","8":"product_cat-mani-unghie","9":"product_tag-collezione","10":"product_tag-crema","11":"product_tag-creme","12":"product_tag-due","13":"product_tag-mani","14":"product_tag-unghie","15":"product_tag-uno","16":"pa_formato-90-ml","17":"pa_linea-profumazione-mani","18":"pa_marca-lerbolario","19":"pa_tipologia-kit-o-conf-regalo","21":"first","22":"instock","23":"sale","24":"taxable","25":"shipping-taxable","26":"purchasable","27":"product-type-simple"},"acf":[],"yoast_head":"<!-- This site is optimized with the Yoast SEO plugin v24.9 - https:\/\/yoast.com\/wordpress\/plugins\/seo\/ -->\n<title>Collezione Creme Mani DUE - 3 creme mani - Erboristeria Demetra<\/title>\n<meta name=\"description\" content=\"Una preziosa collezione di Creme per le mani sempre morbide, vellutate e profumatissime!\" \/>\n<meta name=\"robots\" content=\"index, follow, max-snippet:-1, max-image-preview:large, max-video-preview:-1\" \/>\n<link rel=\"canonical\" href=\"https:\/\/www.erboristerie.com\/it\/prodotto\/collezione-creme-mani-due-3-creme-mani\/\" \/>\n<meta property=\"og:locale\" content=\"en_US\" \/>\n<meta property=\"og:type\" content=\"article\" \/>\n<meta property=\"og:title\" content=\"Collezione Creme Mani DUE - 3 creme mani - Erboristeria Demetra\" \/>\n<meta property=\"og:description\" content=\"Una preziosa collezione di Creme per le mani sempre morbide, vellutate e profumatissime!\" \/>\n<meta property=\"og:url\" content=\"https:\/\/www.erboristerie.com\/it\/prodotto\/collezione-creme-mani-due-3-creme-mani\/\" \/>\n<meta property=\"og:site_name\" content=\"Erboristeria Demetra\" \/>\n<meta property=\"article:publisher\" content=\"https:\/\/www.facebook.com\/erboristeria.demetra.online\" \/>\n<meta property=\"article:modified_time\" content=\"2025-09-10T16:54:33+00:00\" \/>\n<meta property=\"og:image\" content=\"https:\/\/www.erboristerie.com\/wp-content\/uploads\/2019\/01\/products-00001963.jpg\" \/>\n\t<meta property=\"og:image:width\" content=\"792\" \/>\n\t<meta property=\"og:image:height\" content=\"540\" \/>\n\t<meta property=\"og:image:type\" content=\"image\/jpeg\" \/>\n<meta name=\"twitter:card\" content=\"summary_large_image\" \/>\n<meta name=\"twitter:label1\" content=\"Est. reading time\" \/>\n\t<meta name=\"twitter:data1\" content=\"3 minutes\" \/>\n<script type=\"application\/ld+json\" class=\"yoast-schema-graph\">{\"@context\":\"https:\/\/schema.org\",\"@graph\":[{\"@type\":\"WebPage\",\"@id\":\"https:\/\/www.erboristerie.com\/it\/prodotto\/collezione-creme-mani-due-3-creme-mani\/\",\"url\":\"https:\/\/www.erboristerie.com\/it\/prodotto\/collezione-creme-mani-due-3-creme-mani\/\",\"name\":\"Collezione Creme Mani DUE - 3 creme mani - Erboristeria Demetra\",\"isPartOf\":{\"@id\":\"https:\/\/www.erboristerie.com\/it\/#website\"},\"primaryImageOfPage\":{\"@id\":\"https:\/\/www.erboristerie.com\/it\/prodotto\/collezione-creme-mani-due-3-creme-mani\/#primaryimage\"},\"image\":{\"@id\":\"https:\/\/www.erboristerie.com\/it\/prodotto\/collezione-creme-mani-due-3-creme-mani\/#primaryimage\"},\"thumbnailUrl\":\"https:\/\/www.erboristerie.com\/wp-content\/uploads\/2019\/01\/products-00001963.jpg\",\"datePublished\":\"2017-10-03T13:52:27+00:00\",\"dateModified\":\"2025-09-10T16:54:33+00:00\",\"description\":\"Una preziosa collezione di Creme per le mani sempre morbide, vellutate e profumatissime!\",\"breadcrumb\":{\"@id\":\"https:\/\/www.erboristerie.com\/it\/prodotto\/collezione-creme-mani-due-3-creme-mani\/#breadcrumb\"},\"inLanguage\":\"en-US\",\"potentialAction\":[{\"@type\":\"ReadAction\",\"target\":[\"https:\/\/www.erboristerie.com\/it\/prodotto\/collezione-creme-mani-due-3-creme-mani\/\"]}]},{\"@type\":\"ImageObject\",\"inLanguage\":\"en-US\",\"@id\":\"https:\/\/www.erboristerie.com\/it\/prodotto\/collezione-creme-mani-due-3-creme-mani\/#primaryimage\",\"url\":\"https:\/\/www.erboristerie.com\/wp-content\/uploads\/2019\/01\/products-00001963.jpg\",\"contentUrl\":\"https:\/\/www.erboristerie.com\/wp-content\/uploads\/2019\/01\/products-00001963.jpg\",\"width\":\"792\",\"height\":\"540\",\"caption\":\"Collezione Creme Mani DUE - 3 creme mani\"},{\"@type\":\"BreadcrumbList\",\"@id\":\"https:\/\/www.erboristerie.com\/it\/prodotto\/collezione-creme-mani-due-3-creme-mani\/#breadcrumb\",\"itemListElement\":[{\"@type\":\"ListItem\",\"position\":1,\"name\":\"Home\",\"item\":\"https:\/\/www.erboristerie.com\/en\/\"},{\"@type\":\"ListItem\",\"position\":2,\"name\":\"All products\",\"item\":\"https:\/\/www.erboristerie.com\/en\/all-products\/\"},{\"@type\":\"ListItem\",\"position\":3,\"name\":\"Collezione Creme Mani DUE &#8211; 3 creme mani\"}]},{\"@type\":\"WebSite\",\"@id\":\"https:\/\/www.erboristerie.com\/it\/#website\",\"url\":\"https:\/\/www.erboristerie.com\/it\/\",\"name\":\"Erboristeria Demetra\",\"description\":\"Your natural health\",\"publisher\":{\"@id\":\"https:\/\/www.erboristerie.com\/it\/#organization\"},\"potentialAction\":[{\"@type\":\"SearchAction\",\"target\":{\"@type\":\"EntryPoint\",\"urlTemplate\":\"https:\/\/www.erboristerie.com\/it\/?s={search_term_string}\"},\"query-input\":{\"@type\":\"PropertyValueSpecification\",\"valueRequired\":true,\"valueName\":\"search_term_string\"}}],\"inLanguage\":\"en-US\"},{\"@type\":\"Organization\",\"@id\":\"https:\/\/www.erboristerie.com\/it\/#organization\",\"name\":\"Erboristeria Demetra\",\"url\":\"https:\/\/www.erboristerie.com\/it\/\",\"logo\":{\"@type\":\"ImageObject\",\"inLanguage\":\"en-US\",\"@id\":\"https:\/\/www.erboristerie.com\/it\/#\/schema\/logo\/image\/\",\"url\":\"https:\/\/www.erboristerie.com\/wp-content\/uploads\/2019\/11\/LOGO_ERBORISTERIA_DEMETRA_original.png?v=1611516981\",\"contentUrl\":\"https:\/\/www.erboristerie.com\/wp-content\/uploads\/2019\/11\/LOGO_ERBORISTERIA_DEMETRA_original.png?v=1611516981\",\"width\":201,\"height\":54,\"caption\":\"Erboristeria Demetra\"},\"image\":{\"@id\":\"https:\/\/www.erboristerie.com\/it\/#\/schema\/logo\/image\/\"},\"sameAs\":[\"https:\/\/www.facebook.com\/erboristeria.demetra.online\"]}]}<\/script>\n<!-- \/ Yoast SEO plugin. -->","yoast_head_json":{"title":"Collezione Creme Mani DUE - 3 creme mani - Erboristeria Demetra","description":"Una preziosa collezione di Creme per le mani sempre morbide, vellutate e profumatissime!","robots":{"index":"index","follow":"follow","max-snippet":"max-snippet:-1","max-image-preview":"max-image-preview:large","max-video-preview":"max-video-preview:-1"},"canonical":"https:\/\/www.erboristerie.com\/it\/prodotto\/collezione-creme-mani-due-3-creme-mani\/","og_locale":"en_US","og_type":"article","og_title":"Collezione Creme Mani DUE - 3 creme mani - Erboristeria Demetra","og_description":"Una preziosa collezione di Creme per le mani sempre morbide, vellutate e profumatissime!","og_url":"https:\/\/www.erboristerie.com\/it\/prodotto\/collezione-creme-mani-due-3-creme-mani\/","og_site_name":"Erboristeria Demetra","article_publisher":"https:\/\/www.facebook.com\/erboristeria.demetra.online","article_modified_time":"2025-09-10T16:54:33+00:00","og_image":[{"width":792,"height":540,"url":"https:\/\/www.erboristerie.com\/wp-content\/uploads\/2019\/01\/products-00001963.jpg","type":"image\/jpeg"}],"twitter_card":"summary_large_image","twitter_misc":{"Est. reading time":"3 minutes"},"schema":{"@context":"https:\/\/schema.org","@graph":[{"@type":"WebPage","@id":"https:\/\/www.erboristerie.com\/it\/prodotto\/collezione-creme-mani-due-3-creme-mani\/","url":"https:\/\/www.erboristerie.com\/it\/prodotto\/collezione-creme-mani-due-3-creme-mani\/","name":"Collezione Creme Mani DUE - 3 creme mani - Erboristeria Demetra","isPartOf":{"@id":"https:\/\/www.erboristerie.com\/it\/#website"},"primaryImageOfPage":{"@id":"https:\/\/www.erboristerie.com\/it\/prodotto\/collezione-creme-mani-due-3-creme-mani\/#primaryimage"},"image":{"@id":"https:\/\/www.erboristerie.com\/it\/prodotto\/collezione-creme-mani-due-3-creme-mani\/#primaryimage"},"thumbnailUrl":"https:\/\/www.erboristerie.com\/wp-content\/uploads\/2019\/01\/products-00001963.jpg","datePublished":"2017-10-03T13:52:27+00:00","dateModified":"2025-09-10T16:54:33+00:00","description":"Una preziosa collezione di Creme per le mani sempre morbide, vellutate e profumatissime!","breadcrumb":{"@id":"https:\/\/www.erboristerie.com\/it\/prodotto\/collezione-creme-mani-due-3-creme-mani\/#breadcrumb"},"inLanguage":"en-US","potentialAction":[{"@type":"ReadAction","target":["https:\/\/www.erboristerie.com\/it\/prodotto\/collezione-creme-mani-due-3-creme-mani\/"]}]},{"@type":"ImageObject","inLanguage":"en-US","@id":"https:\/\/www.erboristerie.com\/it\/prodotto\/collezione-creme-mani-due-3-creme-mani\/#primaryimage","url":"https:\/\/www.erboristerie.com\/wp-content\/uploads\/2019\/01\/products-00001963.jpg","contentUrl":"https:\/\/www.erboristerie.com\/wp-content\/uploads\/2019\/01\/products-00001963.jpg","width":"792","height":"540","caption":"Collezione Creme Mani DUE - 3 creme mani"},{"@type":"BreadcrumbList","@id":"https:\/\/www.erboristerie.com\/it\/prodotto\/collezione-creme-mani-due-3-creme-mani\/#breadcrumb","itemListElement":[{"@type":"ListItem","position":1,"name":"Home","item":"https:\/\/www.erboristerie.com\/en\/"},{"@type":"ListItem","position":2,"name":"All products","item":"https:\/\/www.erboristerie.com\/en\/all-products\/"},{"@type":"ListItem","position":3,"name":"Collezione Creme Mani DUE &#8211; 3 creme mani"}]},{"@type":"WebSite","@id":"https:\/\/www.erboristerie.com\/it\/#website","url":"https:\/\/www.erboristerie.com\/it\/","name":"Erboristeria Demetra","description":"Your natural health","publisher":{"@id":"https:\/\/www.erboristerie.com\/it\/#organization"},"potentialAction":[{"@type":"SearchAction","target":{"@type":"EntryPoint","urlTemplate":"https:\/\/www.erboristerie.com\/it\/?s={search_term_string}"},"query-input":{"@type":"PropertyValueSpecification","valueRequired":true,"valueName":"search_term_string"}}],"inLanguage":"en-US"},{"@type":"Organization","@id":"https:\/\/www.erboristerie.com\/it\/#organization","name":"Erboristeria Demetra","url":"https:\/\/www.erboristerie.com\/it\/","logo":{"@type":"ImageObject","inLanguage":"en-US","@id":"https:\/\/www.erboristerie.com\/it\/#\/schema\/logo\/image\/","url":"https:\/\/www.erboristerie.com\/wp-content\/uploads\/2019\/11\/LOGO_ERBORISTERIA_DEMETRA_original.png?v=1611516981","contentUrl":"https:\/\/www.erboristerie.com\/wp-content\/uploads\/2019\/11\/LOGO_ERBORISTERIA_DEMETRA_original.png?v=1611516981","width":201,"height":54,"caption":"Erboristeria Demetra"},"image":{"@id":"https:\/\/www.erboristerie.com\/it\/#\/schema\/logo\/image\/"},"sameAs":["https:\/\/www.facebook.com\/erboristeria.demetra.online"]}]}},"_links":{"self":[{"href":"https:\/\/www.erboristerie.com\/en\/wp-json\/wp\/v2\/product\/74718","targetHints":{"allow":["GET"]}}],"collection":[{"href":"https:\/\/www.erboristerie.com\/en\/wp-json\/wp\/v2\/product"}],"about":[{"href":"https:\/\/www.erboristerie.com\/en\/wp-json\/wp\/v2\/types\/product"}],"wp:featuredmedia":[{"embeddable":true,"href":"https:\/\/www.erboristerie.com\/en\/wp-json\/wp\/v2\/media\/74719"}],"wp:attachment":[{"href":"https:\/\/www.erboristerie.com\/en\/wp-json\/wp\/v2\/media?parent=74718"}],"wp:term":[{"taxonomy":"product_brand","embeddable":true,"href":"https:\/\/www.erboristerie.com\/en\/wp-json\/wp\/v2\/product_brand?post=74718"},{"taxonomy":"product_cat","embeddable":true,"href":"https:\/\/www.erboristerie.com\/en\/wp-json\/wp\/v2\/product_cat?post=74718"},{"taxonomy":"product_tag","embeddable":true,"href":"https:\/\/www.erboristerie.com\/en\/wp-json\/wp\/v2\/product_tag?post=74718"},{"taxonomy":"giftcard-category","embeddable":true,"href":"https:\/\/www.erboristerie.com\/en\/wp-json\/wp\/v2\/giftcard-category?post=74718"}],"curies":[{"name":"wp","href":"https:\/\/api.w.org\/{rel}","templated":true}]}}