{"id":74698,"date":"2017-09-30T17:44:16","date_gmt":"2017-09-30T15:44:16","guid":{"rendered":"http:\/\/www.erboristerie.com\/?post_type=product&#038;p=74698"},"modified":"2026-02-04T12:04:40","modified_gmt":"2026-02-04T11:04:40","slug":"moringa-oleifera-24-capsule-vegetali","status":"publish","type":"product","link":"https:\/\/www.erboristerie.com\/en\/prodotto\/moringa-oleifera-24-capsule-vegetali\/","title":{"rendered":"MORINGA OLEIFERA 24 CAPSULE VEGETALI"},"content":{"rendered":"<p>\n\t<strong>MORINGA OLEIFERA 24 CAPSULE VEGETALI <\/strong><em>&#8211; ERBAMEA<\/em><br \/>\n\tMetti in circolazione il benessere.<br \/>\n\t\u00c8 conosciuta come &#8220;albero della vita&#8221;, &#8220;albero del rafano&#8221;, &#8220;albero dell&#8217;acqua pulita&#8221;, e, in effetti, questa particolare pianta originaria delle regioni di India, Pakistan e Afganistan situate ai piedi dell&#8217; Himalaya \u00e8 un&#8217;inesauribile fonte di risorse per l&#8217;uomo. \u00c8 coltivata nella maggior parte dei paesi della fascia tropicale ed equatoriale, raggiunge i dieci metri di altezza, ed \u00e8 quasi immortale: cresce nei terreni poveri, ricresce dopo essere stata tagliata e produce frutti anche quando c&#8217;\u00e8 grande siccit\u00e0.<br \/>\n\tDal legno spugnoso e tenero del tronco si ricava la cellulosa per la carta di alta qualit\u00e0, mentre le radici, di sapore e odore piccante come il rafano, le foglie, i frutti e i semi sono alimenti molto nutrienti e anche preziosi protagonisti della medicina tradizionale. E se non fosse abbastanza, nelle zone dove l&#8217;acqua non \u00e8 pulita, la farina dei semi \u00e8 usata per eliminarne le impurit\u00e0, che inglobate in fiocchi precipitano sul fondo del recipiente lasciando il liquido limpido.<br \/>\n\tProprio sui semi della Moringa, scuri e rotondeggianti, di forma simile ai ceci, si sono focalizzati numerosi studi scientifici e anche Erbamea ha riposto uno speciale interesse.<br \/>\n\tNasce quindi Moringa oleifera, un integratore in capsule vegetali, contenente l&#8217;estratto secco dei semi, utile per favorire la normale circolazione del sangue e per il metabolismo dei lipidi.<br \/>\n\t<strong>Contiene<\/strong>: estratto secco di semi di Moringa titolato al 10% in glicosidi totali e al 40% in polisaccaridi.<br \/>\n\t<strong>Modo d&#8217;uso: <\/strong>assumere 2 capsule al giorno.<br \/>\n\tIngredienti caratterizzanti &#8211; Valori medi per dose giornaliera consigliata pari a 2 capsule<br \/>\n\tMoringa oleifera semi estratto secco (titolato al 10% in glicosidi totali e al 40% in polisaccaridi) 1000 mg; apporto di glicosidi 100 mg; apporto di polisaccaridi 400 mg<\/p>\n","protected":false},"excerpt":{"rendered":"<p>MORINGA OLEIFERA 24 CAPSULE VEGETALI &#8211; ERBAMEA Metti in circolazione il benessere. \u00c8 conosciuta come &#8220;albero della vita&#8221;, &#8220;albero del rafano&#8221;, &#8220;albero dell&#8217;acqua pulita&#8221;, e, in effetti, questa particolare pianta originaria delle regioni di India, Pakistan e Afganistan situate ai piedi dell&#8217; Himalaya \u00e8 un&#8217;inesauribile&#8230;<\/p>\n","protected":false},"featured_media":74699,"template":"","meta":{"_acf_changed":false},"product_brand":[9617],"product_cat":[9803,49560],"product_tag":[17184,10574,12861,20528,11177,17185,17822,17821,10576],"giftcard-category":[],"class_list":{"0":"post-74698","1":"product","2":"type-product","3":"status-publish","4":"has-post-thumbnail","6":"product_brand-erbamea","7":"product_cat-dimagrimento-e-snellimento","8":"product_cat-singoli-in-pastiglie","9":"product_tag-cambogia","10":"product_tag-capsule","11":"product_tag-compresse","12":"product_tag-erbamea","13":"product_tag-forte","14":"product_tag-garcinia","15":"product_tag-moringa","16":"product_tag-oleifera","17":"product_tag-vegetali","19":"first","20":"instock","21":"sale","22":"taxable","23":"shipping-taxable","24":"purchasable","25":"product-type-simple"},"acf":[],"yoast_head":"<!-- This site is optimized with the Yoast SEO plugin v24.9 - https:\/\/yoast.com\/wordpress\/plugins\/seo\/ -->\n<title>MORINGA OLEIFERA 24 CAPSULE VEGETALI<\/title>\n<meta name=\"robots\" content=\"index, follow, max-snippet:-1, max-image-preview:large, max-video-preview:-1\" \/>\n<link rel=\"canonical\" href=\"https:\/\/www.erboristerie.com\/it\/prodotto\/moringa-oleifera-24-capsule-vegetali\/\" \/>\n<meta property=\"og:locale\" content=\"en_US\" \/>\n<meta property=\"og:type\" content=\"article\" \/>\n<meta property=\"og:title\" content=\"MORINGA OLEIFERA 24 CAPSULE VEGETALI\" \/>\n<meta property=\"og:description\" content=\"MORINGA OLEIFERA 24 CAPSULE VEGETALI &#8211; ERBAMEA Metti in circolazione il benessere. \u00c8 conosciuta come &#8220;albero della vita&#8221;, &#8220;albero del rafano&#8221;, &#8220;albero dell&#8217;acqua pulita&#8221;, e, in effetti, questa particolare pianta originaria delle regioni di India, Pakistan e Afganistan situate ai piedi dell&#8217; Himalaya \u00e8 un&#8217;inesauribile...\" \/>\n<meta property=\"og:url\" content=\"https:\/\/www.erboristerie.com\/it\/prodotto\/moringa-oleifera-24-capsule-vegetali\/\" \/>\n<meta property=\"og:site_name\" content=\"Erboristeria Demetra\" \/>\n<meta property=\"article:publisher\" content=\"https:\/\/www.facebook.com\/erboristeria.demetra.online\" \/>\n<meta property=\"article:modified_time\" content=\"2026-02-04T11:04:40+00:00\" \/>\n<meta property=\"og:image\" content=\"https:\/\/www.erboristerie.com\/wp-content\/uploads\/2019\/01\/products-00001540.jpg\" \/>\n\t<meta property=\"og:image:width\" content=\"530\" \/>\n\t<meta property=\"og:image:height\" content=\"377\" \/>\n\t<meta property=\"og:image:type\" content=\"image\/jpeg\" \/>\n<meta name=\"twitter:card\" content=\"summary_large_image\" \/>\n<meta name=\"twitter:label1\" content=\"Est. reading time\" \/>\n\t<meta name=\"twitter:data1\" content=\"1 minute\" \/>\n<script type=\"application\/ld+json\" class=\"yoast-schema-graph\">{\"@context\":\"https:\/\/schema.org\",\"@graph\":[{\"@type\":\"WebPage\",\"@id\":\"https:\/\/www.erboristerie.com\/it\/prodotto\/moringa-oleifera-24-capsule-vegetali\/\",\"url\":\"https:\/\/www.erboristerie.com\/it\/prodotto\/moringa-oleifera-24-capsule-vegetali\/\",\"name\":\"MORINGA OLEIFERA 24 CAPSULE VEGETALI\",\"isPartOf\":{\"@id\":\"https:\/\/www.erboristerie.com\/it\/#website\"},\"primaryImageOfPage\":{\"@id\":\"https:\/\/www.erboristerie.com\/it\/prodotto\/moringa-oleifera-24-capsule-vegetali\/#primaryimage\"},\"image\":{\"@id\":\"https:\/\/www.erboristerie.com\/it\/prodotto\/moringa-oleifera-24-capsule-vegetali\/#primaryimage\"},\"thumbnailUrl\":\"https:\/\/www.erboristerie.com\/wp-content\/uploads\/2019\/01\/products-00001540.jpg\",\"datePublished\":\"2017-09-30T15:44:16+00:00\",\"dateModified\":\"2026-02-04T11:04:40+00:00\",\"breadcrumb\":{\"@id\":\"https:\/\/www.erboristerie.com\/it\/prodotto\/moringa-oleifera-24-capsule-vegetali\/#breadcrumb\"},\"inLanguage\":\"en-US\",\"potentialAction\":[{\"@type\":\"ReadAction\",\"target\":[\"https:\/\/www.erboristerie.com\/it\/prodotto\/moringa-oleifera-24-capsule-vegetali\/\"]}]},{\"@type\":\"ImageObject\",\"inLanguage\":\"en-US\",\"@id\":\"https:\/\/www.erboristerie.com\/it\/prodotto\/moringa-oleifera-24-capsule-vegetali\/#primaryimage\",\"url\":\"https:\/\/www.erboristerie.com\/wp-content\/uploads\/2019\/01\/products-00001540.jpg\",\"contentUrl\":\"https:\/\/www.erboristerie.com\/wp-content\/uploads\/2019\/01\/products-00001540.jpg\",\"width\":530,\"height\":377,\"caption\":\"MORINGA OLEIFERA 24 CAPSULE VEGETALI\"},{\"@type\":\"BreadcrumbList\",\"@id\":\"https:\/\/www.erboristerie.com\/it\/prodotto\/moringa-oleifera-24-capsule-vegetali\/#breadcrumb\",\"itemListElement\":[{\"@type\":\"ListItem\",\"position\":1,\"name\":\"Home\",\"item\":\"https:\/\/www.erboristerie.com\/en\/\"},{\"@type\":\"ListItem\",\"position\":2,\"name\":\"All products\",\"item\":\"https:\/\/www.erboristerie.com\/en\/all-products\/\"},{\"@type\":\"ListItem\",\"position\":3,\"name\":\"MORINGA OLEIFERA 24 CAPSULE VEGETALI\"}]},{\"@type\":\"WebSite\",\"@id\":\"https:\/\/www.erboristerie.com\/it\/#website\",\"url\":\"https:\/\/www.erboristerie.com\/it\/\",\"name\":\"Erboristeria Demetra\",\"description\":\"Your natural health\",\"publisher\":{\"@id\":\"https:\/\/www.erboristerie.com\/it\/#organization\"},\"potentialAction\":[{\"@type\":\"SearchAction\",\"target\":{\"@type\":\"EntryPoint\",\"urlTemplate\":\"https:\/\/www.erboristerie.com\/it\/?s={search_term_string}\"},\"query-input\":{\"@type\":\"PropertyValueSpecification\",\"valueRequired\":true,\"valueName\":\"search_term_string\"}}],\"inLanguage\":\"en-US\"},{\"@type\":\"Organization\",\"@id\":\"https:\/\/www.erboristerie.com\/it\/#organization\",\"name\":\"Erboristeria Demetra\",\"url\":\"https:\/\/www.erboristerie.com\/it\/\",\"logo\":{\"@type\":\"ImageObject\",\"inLanguage\":\"en-US\",\"@id\":\"https:\/\/www.erboristerie.com\/it\/#\/schema\/logo\/image\/\",\"url\":\"https:\/\/www.erboristerie.com\/wp-content\/uploads\/2019\/11\/LOGO_ERBORISTERIA_DEMETRA_original.png?v=1611516981\",\"contentUrl\":\"https:\/\/www.erboristerie.com\/wp-content\/uploads\/2019\/11\/LOGO_ERBORISTERIA_DEMETRA_original.png?v=1611516981\",\"width\":201,\"height\":54,\"caption\":\"Erboristeria Demetra\"},\"image\":{\"@id\":\"https:\/\/www.erboristerie.com\/it\/#\/schema\/logo\/image\/\"},\"sameAs\":[\"https:\/\/www.facebook.com\/erboristeria.demetra.online\"]}]}<\/script>\n<!-- \/ Yoast SEO plugin. -->","yoast_head_json":{"title":"MORINGA OLEIFERA 24 CAPSULE VEGETALI","robots":{"index":"index","follow":"follow","max-snippet":"max-snippet:-1","max-image-preview":"max-image-preview:large","max-video-preview":"max-video-preview:-1"},"canonical":"https:\/\/www.erboristerie.com\/it\/prodotto\/moringa-oleifera-24-capsule-vegetali\/","og_locale":"en_US","og_type":"article","og_title":"MORINGA OLEIFERA 24 CAPSULE VEGETALI","og_description":"MORINGA OLEIFERA 24 CAPSULE VEGETALI &#8211; ERBAMEA Metti in circolazione il benessere. \u00c8 conosciuta come &#8220;albero della vita&#8221;, &#8220;albero del rafano&#8221;, &#8220;albero dell&#8217;acqua pulita&#8221;, e, in effetti, questa particolare pianta originaria delle regioni di India, Pakistan e Afganistan situate ai piedi dell&#8217; Himalaya \u00e8 un&#8217;inesauribile...","og_url":"https:\/\/www.erboristerie.com\/it\/prodotto\/moringa-oleifera-24-capsule-vegetali\/","og_site_name":"Erboristeria Demetra","article_publisher":"https:\/\/www.facebook.com\/erboristeria.demetra.online","article_modified_time":"2026-02-04T11:04:40+00:00","og_image":[{"width":530,"height":377,"url":"https:\/\/www.erboristerie.com\/wp-content\/uploads\/2019\/01\/products-00001540.jpg","type":"image\/jpeg"}],"twitter_card":"summary_large_image","twitter_misc":{"Est. reading time":"1 minute"},"schema":{"@context":"https:\/\/schema.org","@graph":[{"@type":"WebPage","@id":"https:\/\/www.erboristerie.com\/it\/prodotto\/moringa-oleifera-24-capsule-vegetali\/","url":"https:\/\/www.erboristerie.com\/it\/prodotto\/moringa-oleifera-24-capsule-vegetali\/","name":"MORINGA OLEIFERA 24 CAPSULE VEGETALI","isPartOf":{"@id":"https:\/\/www.erboristerie.com\/it\/#website"},"primaryImageOfPage":{"@id":"https:\/\/www.erboristerie.com\/it\/prodotto\/moringa-oleifera-24-capsule-vegetali\/#primaryimage"},"image":{"@id":"https:\/\/www.erboristerie.com\/it\/prodotto\/moringa-oleifera-24-capsule-vegetali\/#primaryimage"},"thumbnailUrl":"https:\/\/www.erboristerie.com\/wp-content\/uploads\/2019\/01\/products-00001540.jpg","datePublished":"2017-09-30T15:44:16+00:00","dateModified":"2026-02-04T11:04:40+00:00","breadcrumb":{"@id":"https:\/\/www.erboristerie.com\/it\/prodotto\/moringa-oleifera-24-capsule-vegetali\/#breadcrumb"},"inLanguage":"en-US","potentialAction":[{"@type":"ReadAction","target":["https:\/\/www.erboristerie.com\/it\/prodotto\/moringa-oleifera-24-capsule-vegetali\/"]}]},{"@type":"ImageObject","inLanguage":"en-US","@id":"https:\/\/www.erboristerie.com\/it\/prodotto\/moringa-oleifera-24-capsule-vegetali\/#primaryimage","url":"https:\/\/www.erboristerie.com\/wp-content\/uploads\/2019\/01\/products-00001540.jpg","contentUrl":"https:\/\/www.erboristerie.com\/wp-content\/uploads\/2019\/01\/products-00001540.jpg","width":530,"height":377,"caption":"MORINGA OLEIFERA 24 CAPSULE VEGETALI"},{"@type":"BreadcrumbList","@id":"https:\/\/www.erboristerie.com\/it\/prodotto\/moringa-oleifera-24-capsule-vegetali\/#breadcrumb","itemListElement":[{"@type":"ListItem","position":1,"name":"Home","item":"https:\/\/www.erboristerie.com\/en\/"},{"@type":"ListItem","position":2,"name":"All products","item":"https:\/\/www.erboristerie.com\/en\/all-products\/"},{"@type":"ListItem","position":3,"name":"MORINGA OLEIFERA 24 CAPSULE VEGETALI"}]},{"@type":"WebSite","@id":"https:\/\/www.erboristerie.com\/it\/#website","url":"https:\/\/www.erboristerie.com\/it\/","name":"Erboristeria Demetra","description":"Your natural health","publisher":{"@id":"https:\/\/www.erboristerie.com\/it\/#organization"},"potentialAction":[{"@type":"SearchAction","target":{"@type":"EntryPoint","urlTemplate":"https:\/\/www.erboristerie.com\/it\/?s={search_term_string}"},"query-input":{"@type":"PropertyValueSpecification","valueRequired":true,"valueName":"search_term_string"}}],"inLanguage":"en-US"},{"@type":"Organization","@id":"https:\/\/www.erboristerie.com\/it\/#organization","name":"Erboristeria Demetra","url":"https:\/\/www.erboristerie.com\/it\/","logo":{"@type":"ImageObject","inLanguage":"en-US","@id":"https:\/\/www.erboristerie.com\/it\/#\/schema\/logo\/image\/","url":"https:\/\/www.erboristerie.com\/wp-content\/uploads\/2019\/11\/LOGO_ERBORISTERIA_DEMETRA_original.png?v=1611516981","contentUrl":"https:\/\/www.erboristerie.com\/wp-content\/uploads\/2019\/11\/LOGO_ERBORISTERIA_DEMETRA_original.png?v=1611516981","width":201,"height":54,"caption":"Erboristeria Demetra"},"image":{"@id":"https:\/\/www.erboristerie.com\/it\/#\/schema\/logo\/image\/"},"sameAs":["https:\/\/www.facebook.com\/erboristeria.demetra.online"]}]}},"_links":{"self":[{"href":"https:\/\/www.erboristerie.com\/en\/wp-json\/wp\/v2\/product\/74698","targetHints":{"allow":["GET"]}}],"collection":[{"href":"https:\/\/www.erboristerie.com\/en\/wp-json\/wp\/v2\/product"}],"about":[{"href":"https:\/\/www.erboristerie.com\/en\/wp-json\/wp\/v2\/types\/product"}],"wp:featuredmedia":[{"embeddable":true,"href":"https:\/\/www.erboristerie.com\/en\/wp-json\/wp\/v2\/media\/74699"}],"wp:attachment":[{"href":"https:\/\/www.erboristerie.com\/en\/wp-json\/wp\/v2\/media?parent=74698"}],"wp:term":[{"taxonomy":"product_brand","embeddable":true,"href":"https:\/\/www.erboristerie.com\/en\/wp-json\/wp\/v2\/product_brand?post=74698"},{"taxonomy":"product_cat","embeddable":true,"href":"https:\/\/www.erboristerie.com\/en\/wp-json\/wp\/v2\/product_cat?post=74698"},{"taxonomy":"product_tag","embeddable":true,"href":"https:\/\/www.erboristerie.com\/en\/wp-json\/wp\/v2\/product_tag?post=74698"},{"taxonomy":"giftcard-category","embeddable":true,"href":"https:\/\/www.erboristerie.com\/en\/wp-json\/wp\/v2\/giftcard-category?post=74698"}],"curies":[{"name":"wp","href":"https:\/\/api.w.org\/{rel}","templated":true}]}}