{"id":73870,"date":"2017-02-23T20:11:47","date_gmt":"2017-02-23T19:11:47","guid":{"rendered":"http:\/\/www.erboristerie.com\/?post_type=product&#038;p=73870"},"modified":"2025-04-04T10:26:52","modified_gmt":"2025-04-04T08:26:52","slug":"cuscino-noccioli-di-ciliegia-cuore","status":"publish","type":"product","link":"https:\/\/www.erboristerie.com\/en\/prodotto\/cuscino-noccioli-di-ciliegia-cuore\/","title":{"rendered":"CUSCINO NOCCIOLI DI CILIEGIA CUORE PICCOLO"},"content":{"rendered":"<p><strong>CUSCINO NOCCOLI DI CILIEGIA A CUORE FANTASIA PULCINO<br \/>\nLAVABILE<\/strong><br \/>\n<strong>Peso 0,23 kg ca.<\/strong><br \/>\nPratico perche&#8217;dotato di cerniera velcro che permette di rimuovere i noccioli e lavare la federa.<br \/>\nRimedio della tradizione naturale. Pu\u00f2 essere riscaldato o raffreddato in base al trattamento desiderato.<br \/>\nRealizzato artigianalmente utilizzando materiali di prima scelta, come il cotone 100% naturale o i noccioli di ciliegia selezionati uno ad uno con cura, come si faceva una volta.<br \/>\nSe risacaldato il cuscino con noccioli di ciliegio, e&#8217; particolarmente utile in caso di dolori articolari, cervicali, torcicolli, coliche addominali e geloni, o semplice per godere di un piacevole tepore durante le stagioni pi\u00f9 fredde.<br \/>\nSe raffreddato in frigo o nel congelatore: risultando metodo efficace per alleviare dolori dovuti da contusioni, strappi muscolari, distorsioni, insolazioni, febbre, o come massaggio per stimolare la micro circolazione delle gambe e avere un po&#8217; di refrigerio durante le stagioni pi\u00f9 calde.<br \/>\n<strong>Consigli d&#8217;uso<\/strong><br \/>\nscaldare il cuscino nel forno tradizionale a 100\u00b0 per circa 5-6 minuti o nel microonde a 500-600 watt per 2 minuti o, ancora, semplicemente sopra un calorifero. Per raffreddarlo e&#8217; sufficiente metterlo in congelatore.<br \/>\n<strong>Easy Wash<\/strong> \u00e8 la modalit\u00e0 che permette di svuotare facilmente il cuscino e di lavare la fodera in lavatrice. La chiusura \u00e8 realizzata in modo tale che all&#8217;interno del cuscino ci sia un imbuto in stoffa che ne facilita lo svuotamento e successivo riempimento.<\/p>\n","protected":false},"excerpt":{"rendered":"<p>CUSCINO NOCCOLI DI CILIEGIA A CUORE FANTASIA PULCINO LAVABILE Peso 0,23 kg ca. Pratico perche&#8217;dotato di cerniera velcro che permette di rimuovere i noccioli e lavare la federa. Rimedio della tradizione naturale. Pu\u00f2 essere riscaldato o raffreddato in base al trattamento desiderato. Realizzato artigianalmente utilizzando&#8230;<\/p>\n","protected":false},"featured_media":73871,"template":"","meta":{"_acf_changed":false},"product_brand":[45533],"product_cat":[9723],"product_tag":[17530,10873,10874,12771,13753,17529,10877,17534,17532,10666,10876,13999],"giftcard-category":[],"class_list":{"0":"post-73870","1":"product","2":"type-product","3":"status-publish","4":"has-post-thumbnail","6":"product_brand-artigiani-ditalia","7":"product_cat-varie-4","8":"product_tag-20x32","9":"product_tag-braccialetto","10":"product_tag-calkos","11":"product_tag-ciliegia","12":"product_tag-cuore","13":"product_tag-cuscino","14":"product_tag-mod","15":"product_tag-noccioli","16":"product_tag-noccoli","17":"product_tag-omega","18":"product_tag-rame","19":"product_tag-rettangolare","21":"first","22":"instock","23":"taxable","24":"shipping-taxable","25":"purchasable","26":"product-type-simple"},"acf":[],"yoast_head":"<!-- This site is optimized with the Yoast SEO plugin v24.9 - https:\/\/yoast.com\/wordpress\/plugins\/seo\/ -->\n<title>CUSCINO NOCCIOLI DI CILIEGIA CUORE<\/title>\n<meta name=\"robots\" content=\"index, follow, max-snippet:-1, max-image-preview:large, max-video-preview:-1\" \/>\n<link rel=\"canonical\" href=\"https:\/\/www.erboristerie.com\/it\/prodotto\/cuscino-noccioli-di-ciliegia-cuore\/\" \/>\n<meta property=\"og:locale\" content=\"en_US\" \/>\n<meta property=\"og:type\" content=\"article\" \/>\n<meta property=\"og:title\" content=\"CUSCINO NOCCIOLI DI CILIEGIA CUORE\" \/>\n<meta property=\"og:description\" content=\"CUSCINO NOCCOLI DI CILIEGIA A CUORE FANTASIA PULCINO LAVABILE Peso 0,23 kg ca. Pratico perche&#8217;dotato di cerniera velcro che permette di rimuovere i noccioli e lavare la federa. Rimedio della tradizione naturale. Pu\u00f2 essere riscaldato o raffreddato in base al trattamento desiderato. Realizzato artigianalmente utilizzando...\" \/>\n<meta property=\"og:url\" content=\"https:\/\/www.erboristerie.com\/it\/prodotto\/cuscino-noccioli-di-ciliegia-cuore\/\" \/>\n<meta property=\"og:site_name\" content=\"Erboristeria Demetra\" \/>\n<meta property=\"article:publisher\" content=\"https:\/\/www.facebook.com\/erboristeria.demetra.online\" \/>\n<meta property=\"article:modified_time\" content=\"2025-04-04T08:26:52+00:00\" \/>\n<meta property=\"og:image\" content=\"https:\/\/www.erboristerie.com\/wp-content\/uploads\/2019\/01\/products-00003330.jpg\" \/>\n\t<meta property=\"og:image:width\" content=\"459\" \/>\n\t<meta property=\"og:image:height\" content=\"400\" \/>\n\t<meta property=\"og:image:type\" content=\"image\/jpeg\" \/>\n<meta name=\"twitter:card\" content=\"summary_large_image\" \/>\n<meta name=\"twitter:label1\" content=\"Est. reading time\" \/>\n\t<meta name=\"twitter:data1\" content=\"1 minute\" \/>\n<script type=\"application\/ld+json\" class=\"yoast-schema-graph\">{\"@context\":\"https:\/\/schema.org\",\"@graph\":[{\"@type\":\"WebPage\",\"@id\":\"https:\/\/www.erboristerie.com\/it\/prodotto\/cuscino-noccioli-di-ciliegia-cuore\/\",\"url\":\"https:\/\/www.erboristerie.com\/it\/prodotto\/cuscino-noccioli-di-ciliegia-cuore\/\",\"name\":\"CUSCINO NOCCIOLI DI CILIEGIA CUORE\",\"isPartOf\":{\"@id\":\"https:\/\/www.erboristerie.com\/it\/#website\"},\"primaryImageOfPage\":{\"@id\":\"https:\/\/www.erboristerie.com\/it\/prodotto\/cuscino-noccioli-di-ciliegia-cuore\/#primaryimage\"},\"image\":{\"@id\":\"https:\/\/www.erboristerie.com\/it\/prodotto\/cuscino-noccioli-di-ciliegia-cuore\/#primaryimage\"},\"thumbnailUrl\":\"https:\/\/www.erboristerie.com\/wp-content\/uploads\/2019\/01\/products-00003330.jpg\",\"datePublished\":\"2017-02-23T19:11:47+00:00\",\"dateModified\":\"2025-04-04T08:26:52+00:00\",\"breadcrumb\":{\"@id\":\"https:\/\/www.erboristerie.com\/it\/prodotto\/cuscino-noccioli-di-ciliegia-cuore\/#breadcrumb\"},\"inLanguage\":\"en-US\",\"potentialAction\":[{\"@type\":\"ReadAction\",\"target\":[\"https:\/\/www.erboristerie.com\/it\/prodotto\/cuscino-noccioli-di-ciliegia-cuore\/\"]}]},{\"@type\":\"ImageObject\",\"inLanguage\":\"en-US\",\"@id\":\"https:\/\/www.erboristerie.com\/it\/prodotto\/cuscino-noccioli-di-ciliegia-cuore\/#primaryimage\",\"url\":\"https:\/\/www.erboristerie.com\/wp-content\/uploads\/2019\/01\/products-00003330.jpg\",\"contentUrl\":\"https:\/\/www.erboristerie.com\/wp-content\/uploads\/2019\/01\/products-00003330.jpg\",\"width\":\"459\",\"height\":\"400\",\"caption\":\"CUSCINO NOCCIOLI DI CILIEGIA CUORE\"},{\"@type\":\"BreadcrumbList\",\"@id\":\"https:\/\/www.erboristerie.com\/it\/prodotto\/cuscino-noccioli-di-ciliegia-cuore\/#breadcrumb\",\"itemListElement\":[{\"@type\":\"ListItem\",\"position\":1,\"name\":\"Home\",\"item\":\"https:\/\/www.erboristerie.com\/en\/\"},{\"@type\":\"ListItem\",\"position\":2,\"name\":\"All products\",\"item\":\"https:\/\/www.erboristerie.com\/en\/all-products\/\"},{\"@type\":\"ListItem\",\"position\":3,\"name\":\"CUSCINO NOCCIOLI DI CILIEGIA CUORE PICCOLO\"}]},{\"@type\":\"WebSite\",\"@id\":\"https:\/\/www.erboristerie.com\/it\/#website\",\"url\":\"https:\/\/www.erboristerie.com\/it\/\",\"name\":\"Erboristeria Demetra\",\"description\":\"Your natural health\",\"publisher\":{\"@id\":\"https:\/\/www.erboristerie.com\/it\/#organization\"},\"potentialAction\":[{\"@type\":\"SearchAction\",\"target\":{\"@type\":\"EntryPoint\",\"urlTemplate\":\"https:\/\/www.erboristerie.com\/it\/?s={search_term_string}\"},\"query-input\":{\"@type\":\"PropertyValueSpecification\",\"valueRequired\":true,\"valueName\":\"search_term_string\"}}],\"inLanguage\":\"en-US\"},{\"@type\":\"Organization\",\"@id\":\"https:\/\/www.erboristerie.com\/it\/#organization\",\"name\":\"Erboristeria Demetra\",\"url\":\"https:\/\/www.erboristerie.com\/it\/\",\"logo\":{\"@type\":\"ImageObject\",\"inLanguage\":\"en-US\",\"@id\":\"https:\/\/www.erboristerie.com\/it\/#\/schema\/logo\/image\/\",\"url\":\"https:\/\/www.erboristerie.com\/wp-content\/uploads\/2019\/11\/LOGO_ERBORISTERIA_DEMETRA_original.png?v=1611516981\",\"contentUrl\":\"https:\/\/www.erboristerie.com\/wp-content\/uploads\/2019\/11\/LOGO_ERBORISTERIA_DEMETRA_original.png?v=1611516981\",\"width\":201,\"height\":54,\"caption\":\"Erboristeria Demetra\"},\"image\":{\"@id\":\"https:\/\/www.erboristerie.com\/it\/#\/schema\/logo\/image\/\"},\"sameAs\":[\"https:\/\/www.facebook.com\/erboristeria.demetra.online\"]}]}<\/script>\n<!-- \/ Yoast SEO plugin. -->","yoast_head_json":{"title":"CUSCINO NOCCIOLI DI CILIEGIA CUORE","robots":{"index":"index","follow":"follow","max-snippet":"max-snippet:-1","max-image-preview":"max-image-preview:large","max-video-preview":"max-video-preview:-1"},"canonical":"https:\/\/www.erboristerie.com\/it\/prodotto\/cuscino-noccioli-di-ciliegia-cuore\/","og_locale":"en_US","og_type":"article","og_title":"CUSCINO NOCCIOLI DI CILIEGIA CUORE","og_description":"CUSCINO NOCCOLI DI CILIEGIA A CUORE FANTASIA PULCINO LAVABILE Peso 0,23 kg ca. Pratico perche&#8217;dotato di cerniera velcro che permette di rimuovere i noccioli e lavare la federa. Rimedio della tradizione naturale. Pu\u00f2 essere riscaldato o raffreddato in base al trattamento desiderato. Realizzato artigianalmente utilizzando...","og_url":"https:\/\/www.erboristerie.com\/it\/prodotto\/cuscino-noccioli-di-ciliegia-cuore\/","og_site_name":"Erboristeria Demetra","article_publisher":"https:\/\/www.facebook.com\/erboristeria.demetra.online","article_modified_time":"2025-04-04T08:26:52+00:00","og_image":[{"width":459,"height":400,"url":"https:\/\/www.erboristerie.com\/wp-content\/uploads\/2019\/01\/products-00003330.jpg","type":"image\/jpeg"}],"twitter_card":"summary_large_image","twitter_misc":{"Est. reading time":"1 minute"},"schema":{"@context":"https:\/\/schema.org","@graph":[{"@type":"WebPage","@id":"https:\/\/www.erboristerie.com\/it\/prodotto\/cuscino-noccioli-di-ciliegia-cuore\/","url":"https:\/\/www.erboristerie.com\/it\/prodotto\/cuscino-noccioli-di-ciliegia-cuore\/","name":"CUSCINO NOCCIOLI DI CILIEGIA CUORE","isPartOf":{"@id":"https:\/\/www.erboristerie.com\/it\/#website"},"primaryImageOfPage":{"@id":"https:\/\/www.erboristerie.com\/it\/prodotto\/cuscino-noccioli-di-ciliegia-cuore\/#primaryimage"},"image":{"@id":"https:\/\/www.erboristerie.com\/it\/prodotto\/cuscino-noccioli-di-ciliegia-cuore\/#primaryimage"},"thumbnailUrl":"https:\/\/www.erboristerie.com\/wp-content\/uploads\/2019\/01\/products-00003330.jpg","datePublished":"2017-02-23T19:11:47+00:00","dateModified":"2025-04-04T08:26:52+00:00","breadcrumb":{"@id":"https:\/\/www.erboristerie.com\/it\/prodotto\/cuscino-noccioli-di-ciliegia-cuore\/#breadcrumb"},"inLanguage":"en-US","potentialAction":[{"@type":"ReadAction","target":["https:\/\/www.erboristerie.com\/it\/prodotto\/cuscino-noccioli-di-ciliegia-cuore\/"]}]},{"@type":"ImageObject","inLanguage":"en-US","@id":"https:\/\/www.erboristerie.com\/it\/prodotto\/cuscino-noccioli-di-ciliegia-cuore\/#primaryimage","url":"https:\/\/www.erboristerie.com\/wp-content\/uploads\/2019\/01\/products-00003330.jpg","contentUrl":"https:\/\/www.erboristerie.com\/wp-content\/uploads\/2019\/01\/products-00003330.jpg","width":"459","height":"400","caption":"CUSCINO NOCCIOLI DI CILIEGIA CUORE"},{"@type":"BreadcrumbList","@id":"https:\/\/www.erboristerie.com\/it\/prodotto\/cuscino-noccioli-di-ciliegia-cuore\/#breadcrumb","itemListElement":[{"@type":"ListItem","position":1,"name":"Home","item":"https:\/\/www.erboristerie.com\/en\/"},{"@type":"ListItem","position":2,"name":"All products","item":"https:\/\/www.erboristerie.com\/en\/all-products\/"},{"@type":"ListItem","position":3,"name":"CUSCINO NOCCIOLI DI CILIEGIA CUORE PICCOLO"}]},{"@type":"WebSite","@id":"https:\/\/www.erboristerie.com\/it\/#website","url":"https:\/\/www.erboristerie.com\/it\/","name":"Erboristeria Demetra","description":"Your natural health","publisher":{"@id":"https:\/\/www.erboristerie.com\/it\/#organization"},"potentialAction":[{"@type":"SearchAction","target":{"@type":"EntryPoint","urlTemplate":"https:\/\/www.erboristerie.com\/it\/?s={search_term_string}"},"query-input":{"@type":"PropertyValueSpecification","valueRequired":true,"valueName":"search_term_string"}}],"inLanguage":"en-US"},{"@type":"Organization","@id":"https:\/\/www.erboristerie.com\/it\/#organization","name":"Erboristeria Demetra","url":"https:\/\/www.erboristerie.com\/it\/","logo":{"@type":"ImageObject","inLanguage":"en-US","@id":"https:\/\/www.erboristerie.com\/it\/#\/schema\/logo\/image\/","url":"https:\/\/www.erboristerie.com\/wp-content\/uploads\/2019\/11\/LOGO_ERBORISTERIA_DEMETRA_original.png?v=1611516981","contentUrl":"https:\/\/www.erboristerie.com\/wp-content\/uploads\/2019\/11\/LOGO_ERBORISTERIA_DEMETRA_original.png?v=1611516981","width":201,"height":54,"caption":"Erboristeria Demetra"},"image":{"@id":"https:\/\/www.erboristerie.com\/it\/#\/schema\/logo\/image\/"},"sameAs":["https:\/\/www.facebook.com\/erboristeria.demetra.online"]}]}},"_links":{"self":[{"href":"https:\/\/www.erboristerie.com\/en\/wp-json\/wp\/v2\/product\/73870","targetHints":{"allow":["GET"]}}],"collection":[{"href":"https:\/\/www.erboristerie.com\/en\/wp-json\/wp\/v2\/product"}],"about":[{"href":"https:\/\/www.erboristerie.com\/en\/wp-json\/wp\/v2\/types\/product"}],"wp:featuredmedia":[{"embeddable":true,"href":"https:\/\/www.erboristerie.com\/en\/wp-json\/wp\/v2\/media\/73871"}],"wp:attachment":[{"href":"https:\/\/www.erboristerie.com\/en\/wp-json\/wp\/v2\/media?parent=73870"}],"wp:term":[{"taxonomy":"product_brand","embeddable":true,"href":"https:\/\/www.erboristerie.com\/en\/wp-json\/wp\/v2\/product_brand?post=73870"},{"taxonomy":"product_cat","embeddable":true,"href":"https:\/\/www.erboristerie.com\/en\/wp-json\/wp\/v2\/product_cat?post=73870"},{"taxonomy":"product_tag","embeddable":true,"href":"https:\/\/www.erboristerie.com\/en\/wp-json\/wp\/v2\/product_tag?post=73870"},{"taxonomy":"giftcard-category","embeddable":true,"href":"https:\/\/www.erboristerie.com\/en\/wp-json\/wp\/v2\/giftcard-category?post=73870"}],"curies":[{"name":"wp","href":"https:\/\/api.w.org\/{rel}","templated":true}]}}