{"id":72514,"date":"2016-06-23T17:58:13","date_gmt":"2016-06-23T15:58:13","guid":{"rendered":"http:\/\/www.erboristerie.com\/?post_type=product&#038;p=72514"},"modified":"2026-04-16T11:31:19","modified_gmt":"2026-04-16T09:31:19","slug":"olio-di-dattero-balsamo-ristrutturante-200ml","status":"publish","type":"product","link":"https:\/\/www.erboristerie.com\/en\/prodotto\/olio-di-dattero-balsamo-ristrutturante-200ml\/","title":{"rendered":"Olio di Dattero Balsamo Ristrutturante 200ml"},"content":{"rendered":"<p>\n\t<strong>OLIODIDATTERO BALSAMO RISTRUTTURANTE 200ML &#8211; <\/strong><em>Per capelli danneggiati e fragili.<\/em><\/p>\n<p>\n\tUn balsamo&nbsp;ricco e cremoso, studiato per nutrire e ristrutturare i capelli.<br \/>\n\tLa sua formula racchiude un complesso di attivi naturali ad azione restituiva e rigenerante, esaltata da una texture ultra-sensoriale e delicatamente profumata.<br \/>\n\tL\u2019olio di Dattero*, estratto a freddo per preservare l\u2019elevato contenuto di flavonoidi e acidi grassi, nutre e rinforza la fibra capillare.<\/p>\n<p>\tLe proteine di Mandorle dolci, ricche di Arginina, un amminoacido fondamentale per la costituzione della struttura capillare, migliorano l\u2019elasticit\u00e0 e la resistenza dei capelli.<br \/>\n\tGi\u00e0 dalla prima applicazione il risultato \u00e8 visibile: i capelli sono rigenerati, morbidi e brillanti.<\/p>\n<p>\n\t<strong>OLIODIDATTERO<\/strong> &#8211; <em>La linea per lo splendore dei capelli<\/em><br \/>\n\tL\u2019olio di Dattero* \u00e8 l\u2019ingrediente che caratterizza l\u2019innovativa linea Nature\u2019s di shampoo e trattamenti per la bellezza e vitalit\u00e0 delle diverse tipologie di capello.<br \/>\n\tLa ricerca Nature\u2019s ha selezionato i semi del Dattero del Sahel, noto anche come dattero del deserto, per il suo straordinario olio, ricco di sostanze nutrienti, protettive e ristrutturanti, utili per il benessere e lo splendore dei capelli.<br \/>\n\tTipico delle zone aride dell\u2019Africa sub-sahariana, la Balanites roxburghii, della famiglia delle Balanitaceae, \u00e8 una pianta robusta che pu\u00f2 raggiungere i 10 metri di altezza e il suo frutto \u00e8 in grado di sopravvivere in condizioni di estrema siccit\u00e0.<br \/>\n\tL\u2019olio di Dattero* utilizzato da Nature\u2019s proviene dal Burkina Faso dove una cooperativa di donne lo estrae con un particolare procedimento di spremitura a freddo per preservare l\u2019elevato contenuto di flavonoidi e acidi grassi ad azione nutriente e riparatrice.<br \/>\n\t*da agricoltura biologica<\/p>\n","protected":false},"excerpt":{"rendered":"<p>OLIODIDATTERO BALSAMO RISTRUTTURANTE 200ML &#8211; Per capelli danneggiati e fragili. Un balsamo&nbsp;ricco e cremoso, studiato per nutrire e ristrutturare i capelli. La sua formula racchiude un complesso di attivi naturali ad azione restituiva e rigenerante, esaltata da una texture ultra-sensoriale e delicatamente profumata. L\u2019olio di&#8230;<\/p>\n","protected":false},"featured_media":72515,"template":"","meta":{"_acf_changed":false},"product_brand":[9650],"product_cat":[10307,45044],"product_tag":[10917,10920,10845,10919,11485,10671,17455,10918,10940,10829,17456],"giftcard-category":[],"class_list":{"0":"post-72514","1":"product","2":"type-product","3":"status-publish","4":"has-post-thumbnail","6":"product_brand-nature-s","7":"product_cat-capelli","8":"product_cat-detergenza","9":"product_tag-200ml","10":"product_tag-anticaduta","11":"product_tag-balsamo","12":"product_tag-biokap","13":"product_tag-dattero","14":"product_tag-olio","15":"product_tag-oliodidattero","16":"product_tag-rinforzante","17":"product_tag-ristrutturante","18":"product_tag-shampoo","19":"product_tag-ultradelicato","20":"pa_formato-200-ml","21":"pa_linea-profumazione-olio-di-dattero","22":"pa_marca-natures","23":"pa_tipologia-crema","25":"first","26":"instock","27":"sale","28":"taxable","29":"shipping-taxable","30":"purchasable","31":"product-type-simple"},"acf":[],"yoast_head":"<!-- This site is optimized with the Yoast SEO plugin v24.9 - https:\/\/yoast.com\/wordpress\/plugins\/seo\/ -->\n<title>Olio di Dattero Balsamo Ristrutturante 200ml<\/title>\n<meta name=\"description\" content=\"Un balsamo ricco e cremoso, studiato per nutrire e ristrutturare i capelli.\" \/>\n<meta name=\"robots\" content=\"index, follow, max-snippet:-1, max-image-preview:large, max-video-preview:-1\" \/>\n<link rel=\"canonical\" href=\"https:\/\/www.erboristerie.com\/it\/prodotto\/olio-di-dattero-balsamo-ristrutturante-200ml\/\" \/>\n<meta property=\"og:locale\" content=\"en_US\" \/>\n<meta property=\"og:type\" content=\"article\" \/>\n<meta property=\"og:title\" content=\"Olio di Dattero Balsamo Ristrutturante 200ml\" \/>\n<meta property=\"og:description\" content=\"Un balsamo ricco e cremoso, studiato per nutrire e ristrutturare i capelli.\" \/>\n<meta property=\"og:url\" content=\"https:\/\/www.erboristerie.com\/it\/prodotto\/olio-di-dattero-balsamo-ristrutturante-200ml\/\" \/>\n<meta property=\"og:site_name\" content=\"Erboristeria Demetra\" \/>\n<meta property=\"article:publisher\" content=\"https:\/\/www.facebook.com\/erboristeria.demetra.online\" \/>\n<meta property=\"article:modified_time\" content=\"2026-04-16T09:31:19+00:00\" \/>\n<meta property=\"og:image\" content=\"https:\/\/www.erboristerie.com\/wp-content\/uploads\/2019\/01\/products-00001402.jpg\" \/>\n\t<meta property=\"og:image:width\" content=\"511\" \/>\n\t<meta property=\"og:image:height\" content=\"511\" \/>\n\t<meta property=\"og:image:type\" content=\"image\/jpeg\" \/>\n<meta name=\"twitter:card\" content=\"summary_large_image\" \/>\n<meta name=\"twitter:label1\" content=\"Est. reading time\" \/>\n\t<meta name=\"twitter:data1\" content=\"1 minute\" \/>\n<script type=\"application\/ld+json\" class=\"yoast-schema-graph\">{\"@context\":\"https:\/\/schema.org\",\"@graph\":[{\"@type\":\"WebPage\",\"@id\":\"https:\/\/www.erboristerie.com\/it\/prodotto\/olio-di-dattero-balsamo-ristrutturante-200ml\/\",\"url\":\"https:\/\/www.erboristerie.com\/it\/prodotto\/olio-di-dattero-balsamo-ristrutturante-200ml\/\",\"name\":\"Olio di Dattero Balsamo Ristrutturante 200ml\",\"isPartOf\":{\"@id\":\"https:\/\/www.erboristerie.com\/it\/#website\"},\"primaryImageOfPage\":{\"@id\":\"https:\/\/www.erboristerie.com\/it\/prodotto\/olio-di-dattero-balsamo-ristrutturante-200ml\/#primaryimage\"},\"image\":{\"@id\":\"https:\/\/www.erboristerie.com\/it\/prodotto\/olio-di-dattero-balsamo-ristrutturante-200ml\/#primaryimage\"},\"thumbnailUrl\":\"https:\/\/www.erboristerie.com\/wp-content\/uploads\/2019\/01\/products-00001402.jpg\",\"datePublished\":\"2016-06-23T15:58:13+00:00\",\"dateModified\":\"2026-04-16T09:31:19+00:00\",\"description\":\"Un balsamo ricco e cremoso, studiato per nutrire e ristrutturare i capelli.\",\"breadcrumb\":{\"@id\":\"https:\/\/www.erboristerie.com\/it\/prodotto\/olio-di-dattero-balsamo-ristrutturante-200ml\/#breadcrumb\"},\"inLanguage\":\"en-US\",\"potentialAction\":[{\"@type\":\"ReadAction\",\"target\":[\"https:\/\/www.erboristerie.com\/it\/prodotto\/olio-di-dattero-balsamo-ristrutturante-200ml\/\"]}]},{\"@type\":\"ImageObject\",\"inLanguage\":\"en-US\",\"@id\":\"https:\/\/www.erboristerie.com\/it\/prodotto\/olio-di-dattero-balsamo-ristrutturante-200ml\/#primaryimage\",\"url\":\"https:\/\/www.erboristerie.com\/wp-content\/uploads\/2019\/01\/products-00001402.jpg\",\"contentUrl\":\"https:\/\/www.erboristerie.com\/wp-content\/uploads\/2019\/01\/products-00001402.jpg\",\"width\":511,\"height\":511,\"caption\":\"Olio di Dattero Balsamo Ristrutturante 200ml\"},{\"@type\":\"BreadcrumbList\",\"@id\":\"https:\/\/www.erboristerie.com\/it\/prodotto\/olio-di-dattero-balsamo-ristrutturante-200ml\/#breadcrumb\",\"itemListElement\":[{\"@type\":\"ListItem\",\"position\":1,\"name\":\"Home\",\"item\":\"https:\/\/www.erboristerie.com\/en\/\"},{\"@type\":\"ListItem\",\"position\":2,\"name\":\"All products\",\"item\":\"https:\/\/www.erboristerie.com\/en\/all-products\/\"},{\"@type\":\"ListItem\",\"position\":3,\"name\":\"Olio di Dattero Balsamo Ristrutturante 200ml\"}]},{\"@type\":\"WebSite\",\"@id\":\"https:\/\/www.erboristerie.com\/it\/#website\",\"url\":\"https:\/\/www.erboristerie.com\/it\/\",\"name\":\"Erboristeria Demetra\",\"description\":\"Your natural health\",\"publisher\":{\"@id\":\"https:\/\/www.erboristerie.com\/it\/#organization\"},\"potentialAction\":[{\"@type\":\"SearchAction\",\"target\":{\"@type\":\"EntryPoint\",\"urlTemplate\":\"https:\/\/www.erboristerie.com\/it\/?s={search_term_string}\"},\"query-input\":{\"@type\":\"PropertyValueSpecification\",\"valueRequired\":true,\"valueName\":\"search_term_string\"}}],\"inLanguage\":\"en-US\"},{\"@type\":\"Organization\",\"@id\":\"https:\/\/www.erboristerie.com\/it\/#organization\",\"name\":\"Erboristeria Demetra\",\"url\":\"https:\/\/www.erboristerie.com\/it\/\",\"logo\":{\"@type\":\"ImageObject\",\"inLanguage\":\"en-US\",\"@id\":\"https:\/\/www.erboristerie.com\/it\/#\/schema\/logo\/image\/\",\"url\":\"https:\/\/www.erboristerie.com\/wp-content\/uploads\/2019\/11\/LOGO_ERBORISTERIA_DEMETRA_original.png?v=1611516981\",\"contentUrl\":\"https:\/\/www.erboristerie.com\/wp-content\/uploads\/2019\/11\/LOGO_ERBORISTERIA_DEMETRA_original.png?v=1611516981\",\"width\":201,\"height\":54,\"caption\":\"Erboristeria Demetra\"},\"image\":{\"@id\":\"https:\/\/www.erboristerie.com\/it\/#\/schema\/logo\/image\/\"},\"sameAs\":[\"https:\/\/www.facebook.com\/erboristeria.demetra.online\"]}]}<\/script>\n<!-- \/ Yoast SEO plugin. -->","yoast_head_json":{"title":"Olio di Dattero Balsamo Ristrutturante 200ml","description":"Un balsamo ricco e cremoso, studiato per nutrire e ristrutturare i capelli.","robots":{"index":"index","follow":"follow","max-snippet":"max-snippet:-1","max-image-preview":"max-image-preview:large","max-video-preview":"max-video-preview:-1"},"canonical":"https:\/\/www.erboristerie.com\/it\/prodotto\/olio-di-dattero-balsamo-ristrutturante-200ml\/","og_locale":"en_US","og_type":"article","og_title":"Olio di Dattero Balsamo Ristrutturante 200ml","og_description":"Un balsamo ricco e cremoso, studiato per nutrire e ristrutturare i capelli.","og_url":"https:\/\/www.erboristerie.com\/it\/prodotto\/olio-di-dattero-balsamo-ristrutturante-200ml\/","og_site_name":"Erboristeria Demetra","article_publisher":"https:\/\/www.facebook.com\/erboristeria.demetra.online","article_modified_time":"2026-04-16T09:31:19+00:00","og_image":[{"width":511,"height":511,"url":"https:\/\/www.erboristerie.com\/wp-content\/uploads\/2019\/01\/products-00001402.jpg","type":"image\/jpeg"}],"twitter_card":"summary_large_image","twitter_misc":{"Est. reading time":"1 minute"},"schema":{"@context":"https:\/\/schema.org","@graph":[{"@type":"WebPage","@id":"https:\/\/www.erboristerie.com\/it\/prodotto\/olio-di-dattero-balsamo-ristrutturante-200ml\/","url":"https:\/\/www.erboristerie.com\/it\/prodotto\/olio-di-dattero-balsamo-ristrutturante-200ml\/","name":"Olio di Dattero Balsamo Ristrutturante 200ml","isPartOf":{"@id":"https:\/\/www.erboristerie.com\/it\/#website"},"primaryImageOfPage":{"@id":"https:\/\/www.erboristerie.com\/it\/prodotto\/olio-di-dattero-balsamo-ristrutturante-200ml\/#primaryimage"},"image":{"@id":"https:\/\/www.erboristerie.com\/it\/prodotto\/olio-di-dattero-balsamo-ristrutturante-200ml\/#primaryimage"},"thumbnailUrl":"https:\/\/www.erboristerie.com\/wp-content\/uploads\/2019\/01\/products-00001402.jpg","datePublished":"2016-06-23T15:58:13+00:00","dateModified":"2026-04-16T09:31:19+00:00","description":"Un balsamo ricco e cremoso, studiato per nutrire e ristrutturare i capelli.","breadcrumb":{"@id":"https:\/\/www.erboristerie.com\/it\/prodotto\/olio-di-dattero-balsamo-ristrutturante-200ml\/#breadcrumb"},"inLanguage":"en-US","potentialAction":[{"@type":"ReadAction","target":["https:\/\/www.erboristerie.com\/it\/prodotto\/olio-di-dattero-balsamo-ristrutturante-200ml\/"]}]},{"@type":"ImageObject","inLanguage":"en-US","@id":"https:\/\/www.erboristerie.com\/it\/prodotto\/olio-di-dattero-balsamo-ristrutturante-200ml\/#primaryimage","url":"https:\/\/www.erboristerie.com\/wp-content\/uploads\/2019\/01\/products-00001402.jpg","contentUrl":"https:\/\/www.erboristerie.com\/wp-content\/uploads\/2019\/01\/products-00001402.jpg","width":511,"height":511,"caption":"Olio di Dattero Balsamo Ristrutturante 200ml"},{"@type":"BreadcrumbList","@id":"https:\/\/www.erboristerie.com\/it\/prodotto\/olio-di-dattero-balsamo-ristrutturante-200ml\/#breadcrumb","itemListElement":[{"@type":"ListItem","position":1,"name":"Home","item":"https:\/\/www.erboristerie.com\/en\/"},{"@type":"ListItem","position":2,"name":"All products","item":"https:\/\/www.erboristerie.com\/en\/all-products\/"},{"@type":"ListItem","position":3,"name":"Olio di Dattero Balsamo Ristrutturante 200ml"}]},{"@type":"WebSite","@id":"https:\/\/www.erboristerie.com\/it\/#website","url":"https:\/\/www.erboristerie.com\/it\/","name":"Erboristeria Demetra","description":"Your natural health","publisher":{"@id":"https:\/\/www.erboristerie.com\/it\/#organization"},"potentialAction":[{"@type":"SearchAction","target":{"@type":"EntryPoint","urlTemplate":"https:\/\/www.erboristerie.com\/it\/?s={search_term_string}"},"query-input":{"@type":"PropertyValueSpecification","valueRequired":true,"valueName":"search_term_string"}}],"inLanguage":"en-US"},{"@type":"Organization","@id":"https:\/\/www.erboristerie.com\/it\/#organization","name":"Erboristeria Demetra","url":"https:\/\/www.erboristerie.com\/it\/","logo":{"@type":"ImageObject","inLanguage":"en-US","@id":"https:\/\/www.erboristerie.com\/it\/#\/schema\/logo\/image\/","url":"https:\/\/www.erboristerie.com\/wp-content\/uploads\/2019\/11\/LOGO_ERBORISTERIA_DEMETRA_original.png?v=1611516981","contentUrl":"https:\/\/www.erboristerie.com\/wp-content\/uploads\/2019\/11\/LOGO_ERBORISTERIA_DEMETRA_original.png?v=1611516981","width":201,"height":54,"caption":"Erboristeria Demetra"},"image":{"@id":"https:\/\/www.erboristerie.com\/it\/#\/schema\/logo\/image\/"},"sameAs":["https:\/\/www.facebook.com\/erboristeria.demetra.online"]}]}},"_links":{"self":[{"href":"https:\/\/www.erboristerie.com\/en\/wp-json\/wp\/v2\/product\/72514","targetHints":{"allow":["GET"]}}],"collection":[{"href":"https:\/\/www.erboristerie.com\/en\/wp-json\/wp\/v2\/product"}],"about":[{"href":"https:\/\/www.erboristerie.com\/en\/wp-json\/wp\/v2\/types\/product"}],"wp:featuredmedia":[{"embeddable":true,"href":"https:\/\/www.erboristerie.com\/en\/wp-json\/wp\/v2\/media\/72515"}],"wp:attachment":[{"href":"https:\/\/www.erboristerie.com\/en\/wp-json\/wp\/v2\/media?parent=72514"}],"wp:term":[{"taxonomy":"product_brand","embeddable":true,"href":"https:\/\/www.erboristerie.com\/en\/wp-json\/wp\/v2\/product_brand?post=72514"},{"taxonomy":"product_cat","embeddable":true,"href":"https:\/\/www.erboristerie.com\/en\/wp-json\/wp\/v2\/product_cat?post=72514"},{"taxonomy":"product_tag","embeddable":true,"href":"https:\/\/www.erboristerie.com\/en\/wp-json\/wp\/v2\/product_tag?post=72514"},{"taxonomy":"giftcard-category","embeddable":true,"href":"https:\/\/www.erboristerie.com\/en\/wp-json\/wp\/v2\/giftcard-category?post=72514"}],"curies":[{"name":"wp","href":"https:\/\/api.w.org\/{rel}","templated":true}]}}