{"id":69438,"date":"2015-03-18T17:47:48","date_gmt":"2015-03-18T16:47:48","guid":{"rendered":"http:\/\/www.erboristerie.com\/?post_type=product&#038;p=69438"},"modified":"2026-02-04T12:04:41","modified_gmt":"2026-02-04T11:04:41","slug":"acido-ialuronico-24-capsule-vegetali","status":"publish","type":"product","link":"https:\/\/www.erboristerie.com\/en\/prodotto\/acido-ialuronico-24-capsule-vegetali\/","title":{"rendered":"Acido Ialuronico 24 capsule vegetali"},"content":{"rendered":"<p>\n\t<strong>ACIDO IALURONICO 24 CAPSULE VEGETALI <\/strong>&#8211;<em> Erbamea<\/em><\/p>\n<p>\n\tCerto tutti noi cerchiamo di riservare cure e attenzioni alla pelle e al corpo, tanto pi\u00f9 man mano che il tempo passa. Ma capita talvolta che &#8211; malgrado una valida protezione e una buona difesa &#8211; gli anni lascino le loro tracce.<br \/>\n\tEcco allora che la pelle pu\u00f2 apparire pi\u00f9 segnata e meno tonica e perdere la sua naturale elasticit\u00e0.<br \/>\n\tUna buona idratazione a livello cosmetico, un\u2019alimentazione varia ed equilibrata, un giusto apporto di acqua, un sano stile di vita, e soprattutto una regolare attivit\u00e0 fisica, rappresentano sicuramente la strategia da seguire; in aggiunta pu\u00f2 risultare utile scegliere di assumere specifici integratori alimentari.<br \/>\n\tL\u2019acido ialuronico, prodotto naturalmente dall\u2019organismo allo scopo di idratare e proteggere i tessuti, si trova in modo particolare sotto l\u2019epidermide, nel derma, lo strato elastico che dona consistenza e resistenza alla pelle.<br \/>\n\t\u00c8 una sostanza composta da due semplici zuccheri, che si attaccano uno all\u2019altro formando lunghissime catene, che si intrecciano in una \u201crete fitta\u201d, caratterizzata da una straordinaria capacit\u00e0 di legare l\u2019acqua trasformandosi in un gel compatto. Questo gel fornisce alla pelle sostegno e idratazione costante ed equilibrata, mantenendo un naturale turgore.<br \/>\n\tErbamea propone un integratore a base di acido ialuronico di origine vegetale, <strong>ad alto, medio e basso peso molecolare<\/strong>, ottenuto attraverso un processo di fermentazione.<br \/>\n\t<strong>Contiene:<\/strong> Ialuronato di sodio di origine vegetale.<br \/>\n\t<strong>Modo d\u2019uso: <\/strong>assumere 1 capsula al giorno.<br \/>\n\t<strong>Valori medi per dose giornaliera consigliata pari a 1 capsula:<\/strong><\/p>\n<ul>\n<li>\n\t\tIaluronato di sodio 114,2 mg<\/li>\n<li>\n\t\tapporto di acido ialuronico 100 mg<\/li>\n<\/ul>\n","protected":false},"excerpt":{"rendered":"<p>ACIDO IALURONICO 24 CAPSULE VEGETALI &#8211; Erbamea Certo tutti noi cerchiamo di riservare cure e attenzioni alla pelle e al corpo, tanto pi\u00f9 man mano che il tempo passa. Ma capita talvolta che &#8211; malgrado una valida protezione e una buona difesa &#8211; gli anni&#8230;<\/p>\n","protected":false},"featured_media":69439,"template":"","meta":{"_acf_changed":false},"product_brand":[9617],"product_cat":[9827,9791,49560],"product_tag":[10566,10574,10737,12424,10946,10528,10515,10576],"giftcard-category":[],"class_list":{"0":"post-69438","1":"product","2":"type-product","3":"status-publish","4":"has-post-thumbnail","6":"product_brand-erbamea","7":"product_cat-articolazioni","8":"product_cat-benessere-femminile","9":"product_cat-singoli-in-pastiglie","10":"product_tag-acido","11":"product_tag-capsule","12":"product_tag-formula","13":"product_tag-ialuronic","14":"product_tag-ialuronico","15":"product_tag-solgar","16":"product_tag-tavolette","17":"product_tag-vegetali","18":"pa_formato-capsule","20":"first","21":"instock","22":"sale","23":"taxable","24":"shipping-taxable","25":"purchasable","26":"product-type-simple"},"acf":[],"yoast_head":"<!-- This site is optimized with the Yoast SEO plugin v24.9 - https:\/\/yoast.com\/wordpress\/plugins\/seo\/ -->\n<title>Acido Ialuronico 24 capsule vegetali<\/title>\n<meta name=\"description\" content=\"Erbamea propone un integratore a base di acido ialuronico di origine vegetale, ad alto, medio e basso peso molecolare, ottenuto attraverso un processo di fermentazione. E&#039; sufficiente 1 sola capsula al giorno.\" \/>\n<meta name=\"robots\" content=\"index, follow, max-snippet:-1, max-image-preview:large, max-video-preview:-1\" \/>\n<link rel=\"canonical\" href=\"https:\/\/www.erboristerie.com\/it\/prodotto\/acido-ialuronico-24-capsule-vegetali\/\" \/>\n<meta property=\"og:locale\" content=\"en_US\" \/>\n<meta property=\"og:type\" content=\"article\" \/>\n<meta property=\"og:title\" content=\"Acido Ialuronico 24 capsule vegetali\" \/>\n<meta property=\"og:description\" content=\"Erbamea propone un integratore a base di acido ialuronico di origine vegetale, ad alto, medio e basso peso molecolare, ottenuto attraverso un processo di fermentazione. E&#039; sufficiente 1 sola capsula al giorno.\" \/>\n<meta property=\"og:url\" content=\"https:\/\/www.erboristerie.com\/it\/prodotto\/acido-ialuronico-24-capsule-vegetali\/\" \/>\n<meta property=\"og:site_name\" content=\"Erboristeria Demetra\" \/>\n<meta property=\"article:publisher\" content=\"https:\/\/www.facebook.com\/erboristeria.demetra.online\" \/>\n<meta property=\"article:modified_time\" content=\"2026-02-04T11:04:41+00:00\" \/>\n<meta property=\"og:image\" content=\"https:\/\/www.erboristerie.com\/wp-content\/uploads\/2019\/01\/products-00007044.jpg\" \/>\n\t<meta property=\"og:image:width\" content=\"470\" \/>\n\t<meta property=\"og:image:height\" content=\"428\" \/>\n\t<meta property=\"og:image:type\" content=\"image\/jpeg\" \/>\n<meta name=\"twitter:card\" content=\"summary_large_image\" \/>\n<meta name=\"twitter:label1\" content=\"Est. reading time\" \/>\n\t<meta name=\"twitter:data1\" content=\"1 minute\" \/>\n<script type=\"application\/ld+json\" class=\"yoast-schema-graph\">{\"@context\":\"https:\/\/schema.org\",\"@graph\":[{\"@type\":\"WebPage\",\"@id\":\"https:\/\/www.erboristerie.com\/it\/prodotto\/acido-ialuronico-24-capsule-vegetali\/\",\"url\":\"https:\/\/www.erboristerie.com\/it\/prodotto\/acido-ialuronico-24-capsule-vegetali\/\",\"name\":\"Acido Ialuronico 24 capsule vegetali\",\"isPartOf\":{\"@id\":\"https:\/\/www.erboristerie.com\/it\/#website\"},\"primaryImageOfPage\":{\"@id\":\"https:\/\/www.erboristerie.com\/it\/prodotto\/acido-ialuronico-24-capsule-vegetali\/#primaryimage\"},\"image\":{\"@id\":\"https:\/\/www.erboristerie.com\/it\/prodotto\/acido-ialuronico-24-capsule-vegetali\/#primaryimage\"},\"thumbnailUrl\":\"https:\/\/www.erboristerie.com\/wp-content\/uploads\/2019\/01\/products-00007044.jpg\",\"datePublished\":\"2015-03-18T16:47:48+00:00\",\"dateModified\":\"2026-02-04T11:04:41+00:00\",\"description\":\"Erbamea propone un integratore a base di acido ialuronico di origine vegetale, ad alto, medio e basso peso molecolare, ottenuto attraverso un processo di fermentazione. E' sufficiente 1 sola capsula al giorno.\",\"breadcrumb\":{\"@id\":\"https:\/\/www.erboristerie.com\/it\/prodotto\/acido-ialuronico-24-capsule-vegetali\/#breadcrumb\"},\"inLanguage\":\"en-US\",\"potentialAction\":[{\"@type\":\"ReadAction\",\"target\":[\"https:\/\/www.erboristerie.com\/it\/prodotto\/acido-ialuronico-24-capsule-vegetali\/\"]}]},{\"@type\":\"ImageObject\",\"inLanguage\":\"en-US\",\"@id\":\"https:\/\/www.erboristerie.com\/it\/prodotto\/acido-ialuronico-24-capsule-vegetali\/#primaryimage\",\"url\":\"https:\/\/www.erboristerie.com\/wp-content\/uploads\/2019\/01\/products-00007044.jpg\",\"contentUrl\":\"https:\/\/www.erboristerie.com\/wp-content\/uploads\/2019\/01\/products-00007044.jpg\",\"width\":\"470\",\"height\":\"428\",\"caption\":\"Acido Ialuronico 24 capsule vegetali\"},{\"@type\":\"BreadcrumbList\",\"@id\":\"https:\/\/www.erboristerie.com\/it\/prodotto\/acido-ialuronico-24-capsule-vegetali\/#breadcrumb\",\"itemListElement\":[{\"@type\":\"ListItem\",\"position\":1,\"name\":\"Home\",\"item\":\"https:\/\/www.erboristerie.com\/en\/\"},{\"@type\":\"ListItem\",\"position\":2,\"name\":\"All products\",\"item\":\"https:\/\/www.erboristerie.com\/en\/all-products\/\"},{\"@type\":\"ListItem\",\"position\":3,\"name\":\"Acido Ialuronico 24 capsule vegetali\"}]},{\"@type\":\"WebSite\",\"@id\":\"https:\/\/www.erboristerie.com\/it\/#website\",\"url\":\"https:\/\/www.erboristerie.com\/it\/\",\"name\":\"Erboristeria Demetra\",\"description\":\"Your natural health\",\"publisher\":{\"@id\":\"https:\/\/www.erboristerie.com\/it\/#organization\"},\"potentialAction\":[{\"@type\":\"SearchAction\",\"target\":{\"@type\":\"EntryPoint\",\"urlTemplate\":\"https:\/\/www.erboristerie.com\/it\/?s={search_term_string}\"},\"query-input\":{\"@type\":\"PropertyValueSpecification\",\"valueRequired\":true,\"valueName\":\"search_term_string\"}}],\"inLanguage\":\"en-US\"},{\"@type\":\"Organization\",\"@id\":\"https:\/\/www.erboristerie.com\/it\/#organization\",\"name\":\"Erboristeria Demetra\",\"url\":\"https:\/\/www.erboristerie.com\/it\/\",\"logo\":{\"@type\":\"ImageObject\",\"inLanguage\":\"en-US\",\"@id\":\"https:\/\/www.erboristerie.com\/it\/#\/schema\/logo\/image\/\",\"url\":\"https:\/\/www.erboristerie.com\/wp-content\/uploads\/2019\/11\/LOGO_ERBORISTERIA_DEMETRA_original.png?v=1611516981\",\"contentUrl\":\"https:\/\/www.erboristerie.com\/wp-content\/uploads\/2019\/11\/LOGO_ERBORISTERIA_DEMETRA_original.png?v=1611516981\",\"width\":201,\"height\":54,\"caption\":\"Erboristeria Demetra\"},\"image\":{\"@id\":\"https:\/\/www.erboristerie.com\/it\/#\/schema\/logo\/image\/\"},\"sameAs\":[\"https:\/\/www.facebook.com\/erboristeria.demetra.online\"]}]}<\/script>\n<!-- \/ Yoast SEO plugin. -->","yoast_head_json":{"title":"Acido Ialuronico 24 capsule vegetali","description":"Erbamea propone un integratore a base di acido ialuronico di origine vegetale, ad alto, medio e basso peso molecolare, ottenuto attraverso un processo di fermentazione. E' sufficiente 1 sola capsula al giorno.","robots":{"index":"index","follow":"follow","max-snippet":"max-snippet:-1","max-image-preview":"max-image-preview:large","max-video-preview":"max-video-preview:-1"},"canonical":"https:\/\/www.erboristerie.com\/it\/prodotto\/acido-ialuronico-24-capsule-vegetali\/","og_locale":"en_US","og_type":"article","og_title":"Acido Ialuronico 24 capsule vegetali","og_description":"Erbamea propone un integratore a base di acido ialuronico di origine vegetale, ad alto, medio e basso peso molecolare, ottenuto attraverso un processo di fermentazione. E' sufficiente 1 sola capsula al giorno.","og_url":"https:\/\/www.erboristerie.com\/it\/prodotto\/acido-ialuronico-24-capsule-vegetali\/","og_site_name":"Erboristeria Demetra","article_publisher":"https:\/\/www.facebook.com\/erboristeria.demetra.online","article_modified_time":"2026-02-04T11:04:41+00:00","og_image":[{"width":470,"height":428,"url":"https:\/\/www.erboristerie.com\/wp-content\/uploads\/2019\/01\/products-00007044.jpg","type":"image\/jpeg"}],"twitter_card":"summary_large_image","twitter_misc":{"Est. reading time":"1 minute"},"schema":{"@context":"https:\/\/schema.org","@graph":[{"@type":"WebPage","@id":"https:\/\/www.erboristerie.com\/it\/prodotto\/acido-ialuronico-24-capsule-vegetali\/","url":"https:\/\/www.erboristerie.com\/it\/prodotto\/acido-ialuronico-24-capsule-vegetali\/","name":"Acido Ialuronico 24 capsule vegetali","isPartOf":{"@id":"https:\/\/www.erboristerie.com\/it\/#website"},"primaryImageOfPage":{"@id":"https:\/\/www.erboristerie.com\/it\/prodotto\/acido-ialuronico-24-capsule-vegetali\/#primaryimage"},"image":{"@id":"https:\/\/www.erboristerie.com\/it\/prodotto\/acido-ialuronico-24-capsule-vegetali\/#primaryimage"},"thumbnailUrl":"https:\/\/www.erboristerie.com\/wp-content\/uploads\/2019\/01\/products-00007044.jpg","datePublished":"2015-03-18T16:47:48+00:00","dateModified":"2026-02-04T11:04:41+00:00","description":"Erbamea propone un integratore a base di acido ialuronico di origine vegetale, ad alto, medio e basso peso molecolare, ottenuto attraverso un processo di fermentazione. E' sufficiente 1 sola capsula al giorno.","breadcrumb":{"@id":"https:\/\/www.erboristerie.com\/it\/prodotto\/acido-ialuronico-24-capsule-vegetali\/#breadcrumb"},"inLanguage":"en-US","potentialAction":[{"@type":"ReadAction","target":["https:\/\/www.erboristerie.com\/it\/prodotto\/acido-ialuronico-24-capsule-vegetali\/"]}]},{"@type":"ImageObject","inLanguage":"en-US","@id":"https:\/\/www.erboristerie.com\/it\/prodotto\/acido-ialuronico-24-capsule-vegetali\/#primaryimage","url":"https:\/\/www.erboristerie.com\/wp-content\/uploads\/2019\/01\/products-00007044.jpg","contentUrl":"https:\/\/www.erboristerie.com\/wp-content\/uploads\/2019\/01\/products-00007044.jpg","width":"470","height":"428","caption":"Acido Ialuronico 24 capsule vegetali"},{"@type":"BreadcrumbList","@id":"https:\/\/www.erboristerie.com\/it\/prodotto\/acido-ialuronico-24-capsule-vegetali\/#breadcrumb","itemListElement":[{"@type":"ListItem","position":1,"name":"Home","item":"https:\/\/www.erboristerie.com\/en\/"},{"@type":"ListItem","position":2,"name":"All products","item":"https:\/\/www.erboristerie.com\/en\/all-products\/"},{"@type":"ListItem","position":3,"name":"Acido Ialuronico 24 capsule vegetali"}]},{"@type":"WebSite","@id":"https:\/\/www.erboristerie.com\/it\/#website","url":"https:\/\/www.erboristerie.com\/it\/","name":"Erboristeria Demetra","description":"Your natural health","publisher":{"@id":"https:\/\/www.erboristerie.com\/it\/#organization"},"potentialAction":[{"@type":"SearchAction","target":{"@type":"EntryPoint","urlTemplate":"https:\/\/www.erboristerie.com\/it\/?s={search_term_string}"},"query-input":{"@type":"PropertyValueSpecification","valueRequired":true,"valueName":"search_term_string"}}],"inLanguage":"en-US"},{"@type":"Organization","@id":"https:\/\/www.erboristerie.com\/it\/#organization","name":"Erboristeria Demetra","url":"https:\/\/www.erboristerie.com\/it\/","logo":{"@type":"ImageObject","inLanguage":"en-US","@id":"https:\/\/www.erboristerie.com\/it\/#\/schema\/logo\/image\/","url":"https:\/\/www.erboristerie.com\/wp-content\/uploads\/2019\/11\/LOGO_ERBORISTERIA_DEMETRA_original.png?v=1611516981","contentUrl":"https:\/\/www.erboristerie.com\/wp-content\/uploads\/2019\/11\/LOGO_ERBORISTERIA_DEMETRA_original.png?v=1611516981","width":201,"height":54,"caption":"Erboristeria Demetra"},"image":{"@id":"https:\/\/www.erboristerie.com\/it\/#\/schema\/logo\/image\/"},"sameAs":["https:\/\/www.facebook.com\/erboristeria.demetra.online"]}]}},"_links":{"self":[{"href":"https:\/\/www.erboristerie.com\/en\/wp-json\/wp\/v2\/product\/69438","targetHints":{"allow":["GET"]}}],"collection":[{"href":"https:\/\/www.erboristerie.com\/en\/wp-json\/wp\/v2\/product"}],"about":[{"href":"https:\/\/www.erboristerie.com\/en\/wp-json\/wp\/v2\/types\/product"}],"wp:featuredmedia":[{"embeddable":true,"href":"https:\/\/www.erboristerie.com\/en\/wp-json\/wp\/v2\/media\/69439"}],"wp:attachment":[{"href":"https:\/\/www.erboristerie.com\/en\/wp-json\/wp\/v2\/media?parent=69438"}],"wp:term":[{"taxonomy":"product_brand","embeddable":true,"href":"https:\/\/www.erboristerie.com\/en\/wp-json\/wp\/v2\/product_brand?post=69438"},{"taxonomy":"product_cat","embeddable":true,"href":"https:\/\/www.erboristerie.com\/en\/wp-json\/wp\/v2\/product_cat?post=69438"},{"taxonomy":"product_tag","embeddable":true,"href":"https:\/\/www.erboristerie.com\/en\/wp-json\/wp\/v2\/product_tag?post=69438"},{"taxonomy":"giftcard-category","embeddable":true,"href":"https:\/\/www.erboristerie.com\/en\/wp-json\/wp\/v2\/giftcard-category?post=69438"}],"curies":[{"name":"wp","href":"https:\/\/api.w.org\/{rel}","templated":true}]}}