{"id":69266,"date":"2015-01-15T18:01:15","date_gmt":"2015-01-15T17:01:15","guid":{"rendered":"http:\/\/www.erboristerie.com\/?post_type=product&#038;p=69266"},"modified":"2023-10-17T17:55:39","modified_gmt":"2023-10-17T15:55:39","slug":"te-bianco-pai-mu-tan-std-50-gr","status":"publish","type":"product","link":"https:\/\/www.erboristerie.com\/en\/prodotto\/te-bianco-pai-mu-tan-std-50-gr\/","title":{"rendered":"TE&#8217; BIANCO PAI MU TAN STD 50 GR"},"content":{"rendered":"<p>\n\t<strong>TE&#8217; BIANCO PAI MU TAN STD 50 GR &#8211;<em> il piu&#8217; pregiato<\/em><\/strong><br \/>\n\tSfuso in sacchetto confezionato al momento della preparazione dell&#8217;ordine.<br \/>\n\tPregiato t\u00e8 bianco ricco di cime bianche e argentate. Il colore in tazza \u00e8 brillante e limpido e il suo sapore \u00e8 molto morbido, vellutato, leggero e floreale.<br \/>\n\tTempo di infusione: 2-3 min.<br \/>\n\tTemperatura: 70-80\u00b0C<br \/>\n\tDose in cucchiaini: 1 per tazza<\/p>\n<p>\n\t<strong>Il te&#8217; piu&#8217; pregiato: TE BIANCO PAI MU TAN<\/strong><br \/>\n\tIl t\u00e8 bianco rappresenta una delle pi\u00f9 pregiate e ricercate variet\u00e0 che offre questa famosa bevanda. I ridotti tempi di infusione e le temperature pi\u00f9 basse spesso consigliate per la sua preparazione ne fanno in alcuni casi un rimedio naturale per appassionati. Una soluzione che per\u00f2 pu\u00f2 essere preparata senza troppi problemi da tutti e che dispone di propriet\u00e0 benefiche davvero notevoli.<br \/>\n\tIl t\u00e8 bianco viene coltivato prevalentemente nella Provincia del Fujian. Si ottiene dalle foglie pi\u00f9 delicate, i giovani getti,delle piante di t\u00e8, raccolte all\u2019alba durante un ristrettissimo numero di giorni di primavera (due o tre al massimo per le qualit\u00e0 pi\u00f9 pregiate). La sua lavorazione non prevede alcun tipo di fermentazione, ma soltanto l\u2019appassimento seguito dall\u2019essiccamento all\u2019aria. Il suo nome deriva inoltre dal colore dei petali che contornano i suoi germogli ancora chiusi.<br \/>\n\tQuesto particolare tipo di te&#8217; dispone di un elevato numero di antiossidanti, un aiuto quindi per ognuno di noi. La sua efficacia \u00e8 inoltre riconosciuta nei confronti delle malattie cardiovascolari.<br \/>\n\tUn\u2019altra sua importante caratteristiche \u00e8 legata alla perdita di peso. Grazie alla sua azione di accelerazione del metabolismo, il t\u00e8 bianco contribuisce ai rimedi per ridurre il grasso corporeo in eccesso.<\/p>\n","protected":false},"excerpt":{"rendered":"<p>TE&#8217; BIANCO PAI MU TAN STD 50 GR &#8211; il piu&#8217; pregiato Sfuso in sacchetto confezionato al momento della preparazione dell&#8217;ordine. Pregiato t\u00e8 bianco ricco di cime bianche e argentate. Il colore in tazza \u00e8 brillante e limpido e il suo sapore \u00e8 molto morbido,&#8230;<\/p>\n","protected":false},"featured_media":69267,"template":"","meta":{"_acf_changed":false},"product_brand":[9636],"product_cat":[45114],"product_tag":[10590,17316,17317,17318],"giftcard-category":[],"class_list":{"0":"post-69266","1":"product","2":"type-product","3":"status-publish","4":"has-post-thumbnail","6":"product_brand-neavita","7":"product_cat-te-infusi-e-tisane-sfusi","8":"product_tag-bianco","9":"product_tag-pai","10":"product_tag-std","11":"product_tag-tan","12":"pa_tipologia-te","14":"first","15":"instock","16":"taxable","17":"shipping-taxable","18":"purchasable","19":"product-type-simple"},"acf":[],"yoast_head":"<!-- This site is optimized with the Yoast SEO plugin v24.9 - https:\/\/yoast.com\/wordpress\/plugins\/seo\/ -->\n<title>TE&#039; BIANCO PAI MU TAN STD 50 GR<\/title>\n<meta name=\"robots\" content=\"index, follow, max-snippet:-1, max-image-preview:large, max-video-preview:-1\" \/>\n<link rel=\"canonical\" href=\"https:\/\/www.erboristerie.com\/it\/prodotto\/te-bianco-pai-mu-tan-std-50-gr\/\" \/>\n<meta property=\"og:locale\" content=\"en_US\" \/>\n<meta property=\"og:type\" content=\"article\" \/>\n<meta property=\"og:title\" content=\"TE&#039; BIANCO PAI MU TAN STD 50 GR\" \/>\n<meta property=\"og:description\" content=\"TE&#8217; BIANCO PAI MU TAN STD 50 GR &#8211; il piu&#8217; pregiato Sfuso in sacchetto confezionato al momento della preparazione dell&#8217;ordine. Pregiato t\u00e8 bianco ricco di cime bianche e argentate. Il colore in tazza \u00e8 brillante e limpido e il suo sapore \u00e8 molto morbido,...\" \/>\n<meta property=\"og:url\" content=\"https:\/\/www.erboristerie.com\/it\/prodotto\/te-bianco-pai-mu-tan-std-50-gr\/\" \/>\n<meta property=\"og:site_name\" content=\"Erboristeria Demetra\" \/>\n<meta property=\"article:publisher\" content=\"https:\/\/www.facebook.com\/erboristeria.demetra.online\" \/>\n<meta property=\"article:modified_time\" content=\"2023-10-17T15:55:39+00:00\" \/>\n<meta property=\"og:image\" content=\"https:\/\/www.erboristerie.com\/wp-content\/uploads\/2019\/01\/products-00007415.jpg\" \/>\n\t<meta property=\"og:image:width\" content=\"657\" \/>\n\t<meta property=\"og:image:height\" content=\"225\" \/>\n\t<meta property=\"og:image:type\" content=\"image\/jpeg\" \/>\n<meta name=\"twitter:card\" content=\"summary_large_image\" \/>\n<meta name=\"twitter:label1\" content=\"Est. reading time\" \/>\n\t<meta name=\"twitter:data1\" content=\"1 minute\" \/>\n<script type=\"application\/ld+json\" class=\"yoast-schema-graph\">{\"@context\":\"https:\/\/schema.org\",\"@graph\":[{\"@type\":\"WebPage\",\"@id\":\"https:\/\/www.erboristerie.com\/it\/prodotto\/te-bianco-pai-mu-tan-std-50-gr\/\",\"url\":\"https:\/\/www.erboristerie.com\/it\/prodotto\/te-bianco-pai-mu-tan-std-50-gr\/\",\"name\":\"TE' BIANCO PAI MU TAN STD 50 GR\",\"isPartOf\":{\"@id\":\"https:\/\/www.erboristerie.com\/it\/#website\"},\"primaryImageOfPage\":{\"@id\":\"https:\/\/www.erboristerie.com\/it\/prodotto\/te-bianco-pai-mu-tan-std-50-gr\/#primaryimage\"},\"image\":{\"@id\":\"https:\/\/www.erboristerie.com\/it\/prodotto\/te-bianco-pai-mu-tan-std-50-gr\/#primaryimage\"},\"thumbnailUrl\":\"https:\/\/www.erboristerie.com\/wp-content\/uploads\/2019\/01\/products-00007415.jpg\",\"datePublished\":\"2015-01-15T17:01:15+00:00\",\"dateModified\":\"2023-10-17T15:55:39+00:00\",\"breadcrumb\":{\"@id\":\"https:\/\/www.erboristerie.com\/it\/prodotto\/te-bianco-pai-mu-tan-std-50-gr\/#breadcrumb\"},\"inLanguage\":\"en-US\",\"potentialAction\":[{\"@type\":\"ReadAction\",\"target\":[\"https:\/\/www.erboristerie.com\/it\/prodotto\/te-bianco-pai-mu-tan-std-50-gr\/\"]}]},{\"@type\":\"ImageObject\",\"inLanguage\":\"en-US\",\"@id\":\"https:\/\/www.erboristerie.com\/it\/prodotto\/te-bianco-pai-mu-tan-std-50-gr\/#primaryimage\",\"url\":\"https:\/\/www.erboristerie.com\/wp-content\/uploads\/2019\/01\/products-00007415.jpg\",\"contentUrl\":\"https:\/\/www.erboristerie.com\/wp-content\/uploads\/2019\/01\/products-00007415.jpg\",\"width\":\"657\",\"height\":\"225\",\"caption\":\"TE' BIANCO PAI MU TAN STD 50 GR\"},{\"@type\":\"BreadcrumbList\",\"@id\":\"https:\/\/www.erboristerie.com\/it\/prodotto\/te-bianco-pai-mu-tan-std-50-gr\/#breadcrumb\",\"itemListElement\":[{\"@type\":\"ListItem\",\"position\":1,\"name\":\"Home\",\"item\":\"https:\/\/www.erboristerie.com\/en\/\"},{\"@type\":\"ListItem\",\"position\":2,\"name\":\"All products\",\"item\":\"https:\/\/www.erboristerie.com\/en\/all-products\/\"},{\"@type\":\"ListItem\",\"position\":3,\"name\":\"TE&#8217; BIANCO PAI MU TAN STD 50 GR\"}]},{\"@type\":\"WebSite\",\"@id\":\"https:\/\/www.erboristerie.com\/it\/#website\",\"url\":\"https:\/\/www.erboristerie.com\/it\/\",\"name\":\"Erboristeria Demetra\",\"description\":\"Your natural health\",\"publisher\":{\"@id\":\"https:\/\/www.erboristerie.com\/it\/#organization\"},\"potentialAction\":[{\"@type\":\"SearchAction\",\"target\":{\"@type\":\"EntryPoint\",\"urlTemplate\":\"https:\/\/www.erboristerie.com\/it\/?s={search_term_string}\"},\"query-input\":{\"@type\":\"PropertyValueSpecification\",\"valueRequired\":true,\"valueName\":\"search_term_string\"}}],\"inLanguage\":\"en-US\"},{\"@type\":\"Organization\",\"@id\":\"https:\/\/www.erboristerie.com\/it\/#organization\",\"name\":\"Erboristeria Demetra\",\"url\":\"https:\/\/www.erboristerie.com\/it\/\",\"logo\":{\"@type\":\"ImageObject\",\"inLanguage\":\"en-US\",\"@id\":\"https:\/\/www.erboristerie.com\/it\/#\/schema\/logo\/image\/\",\"url\":\"https:\/\/www.erboristerie.com\/wp-content\/uploads\/2019\/11\/LOGO_ERBORISTERIA_DEMETRA_original.png?v=1611516981\",\"contentUrl\":\"https:\/\/www.erboristerie.com\/wp-content\/uploads\/2019\/11\/LOGO_ERBORISTERIA_DEMETRA_original.png?v=1611516981\",\"width\":201,\"height\":54,\"caption\":\"Erboristeria Demetra\"},\"image\":{\"@id\":\"https:\/\/www.erboristerie.com\/it\/#\/schema\/logo\/image\/\"},\"sameAs\":[\"https:\/\/www.facebook.com\/erboristeria.demetra.online\"]}]}<\/script>\n<!-- \/ Yoast SEO plugin. -->","yoast_head_json":{"title":"TE' BIANCO PAI MU TAN STD 50 GR","robots":{"index":"index","follow":"follow","max-snippet":"max-snippet:-1","max-image-preview":"max-image-preview:large","max-video-preview":"max-video-preview:-1"},"canonical":"https:\/\/www.erboristerie.com\/it\/prodotto\/te-bianco-pai-mu-tan-std-50-gr\/","og_locale":"en_US","og_type":"article","og_title":"TE' BIANCO PAI MU TAN STD 50 GR","og_description":"TE&#8217; BIANCO PAI MU TAN STD 50 GR &#8211; il piu&#8217; pregiato Sfuso in sacchetto confezionato al momento della preparazione dell&#8217;ordine. Pregiato t\u00e8 bianco ricco di cime bianche e argentate. Il colore in tazza \u00e8 brillante e limpido e il suo sapore \u00e8 molto morbido,...","og_url":"https:\/\/www.erboristerie.com\/it\/prodotto\/te-bianco-pai-mu-tan-std-50-gr\/","og_site_name":"Erboristeria Demetra","article_publisher":"https:\/\/www.facebook.com\/erboristeria.demetra.online","article_modified_time":"2023-10-17T15:55:39+00:00","og_image":[{"width":657,"height":225,"url":"https:\/\/www.erboristerie.com\/wp-content\/uploads\/2019\/01\/products-00007415.jpg","type":"image\/jpeg"}],"twitter_card":"summary_large_image","twitter_misc":{"Est. reading time":"1 minute"},"schema":{"@context":"https:\/\/schema.org","@graph":[{"@type":"WebPage","@id":"https:\/\/www.erboristerie.com\/it\/prodotto\/te-bianco-pai-mu-tan-std-50-gr\/","url":"https:\/\/www.erboristerie.com\/it\/prodotto\/te-bianco-pai-mu-tan-std-50-gr\/","name":"TE' BIANCO PAI MU TAN STD 50 GR","isPartOf":{"@id":"https:\/\/www.erboristerie.com\/it\/#website"},"primaryImageOfPage":{"@id":"https:\/\/www.erboristerie.com\/it\/prodotto\/te-bianco-pai-mu-tan-std-50-gr\/#primaryimage"},"image":{"@id":"https:\/\/www.erboristerie.com\/it\/prodotto\/te-bianco-pai-mu-tan-std-50-gr\/#primaryimage"},"thumbnailUrl":"https:\/\/www.erboristerie.com\/wp-content\/uploads\/2019\/01\/products-00007415.jpg","datePublished":"2015-01-15T17:01:15+00:00","dateModified":"2023-10-17T15:55:39+00:00","breadcrumb":{"@id":"https:\/\/www.erboristerie.com\/it\/prodotto\/te-bianco-pai-mu-tan-std-50-gr\/#breadcrumb"},"inLanguage":"en-US","potentialAction":[{"@type":"ReadAction","target":["https:\/\/www.erboristerie.com\/it\/prodotto\/te-bianco-pai-mu-tan-std-50-gr\/"]}]},{"@type":"ImageObject","inLanguage":"en-US","@id":"https:\/\/www.erboristerie.com\/it\/prodotto\/te-bianco-pai-mu-tan-std-50-gr\/#primaryimage","url":"https:\/\/www.erboristerie.com\/wp-content\/uploads\/2019\/01\/products-00007415.jpg","contentUrl":"https:\/\/www.erboristerie.com\/wp-content\/uploads\/2019\/01\/products-00007415.jpg","width":"657","height":"225","caption":"TE' BIANCO PAI MU TAN STD 50 GR"},{"@type":"BreadcrumbList","@id":"https:\/\/www.erboristerie.com\/it\/prodotto\/te-bianco-pai-mu-tan-std-50-gr\/#breadcrumb","itemListElement":[{"@type":"ListItem","position":1,"name":"Home","item":"https:\/\/www.erboristerie.com\/en\/"},{"@type":"ListItem","position":2,"name":"All products","item":"https:\/\/www.erboristerie.com\/en\/all-products\/"},{"@type":"ListItem","position":3,"name":"TE&#8217; BIANCO PAI MU TAN STD 50 GR"}]},{"@type":"WebSite","@id":"https:\/\/www.erboristerie.com\/it\/#website","url":"https:\/\/www.erboristerie.com\/it\/","name":"Erboristeria Demetra","description":"Your natural health","publisher":{"@id":"https:\/\/www.erboristerie.com\/it\/#organization"},"potentialAction":[{"@type":"SearchAction","target":{"@type":"EntryPoint","urlTemplate":"https:\/\/www.erboristerie.com\/it\/?s={search_term_string}"},"query-input":{"@type":"PropertyValueSpecification","valueRequired":true,"valueName":"search_term_string"}}],"inLanguage":"en-US"},{"@type":"Organization","@id":"https:\/\/www.erboristerie.com\/it\/#organization","name":"Erboristeria Demetra","url":"https:\/\/www.erboristerie.com\/it\/","logo":{"@type":"ImageObject","inLanguage":"en-US","@id":"https:\/\/www.erboristerie.com\/it\/#\/schema\/logo\/image\/","url":"https:\/\/www.erboristerie.com\/wp-content\/uploads\/2019\/11\/LOGO_ERBORISTERIA_DEMETRA_original.png?v=1611516981","contentUrl":"https:\/\/www.erboristerie.com\/wp-content\/uploads\/2019\/11\/LOGO_ERBORISTERIA_DEMETRA_original.png?v=1611516981","width":201,"height":54,"caption":"Erboristeria Demetra"},"image":{"@id":"https:\/\/www.erboristerie.com\/it\/#\/schema\/logo\/image\/"},"sameAs":["https:\/\/www.facebook.com\/erboristeria.demetra.online"]}]}},"_links":{"self":[{"href":"https:\/\/www.erboristerie.com\/en\/wp-json\/wp\/v2\/product\/69266","targetHints":{"allow":["GET"]}}],"collection":[{"href":"https:\/\/www.erboristerie.com\/en\/wp-json\/wp\/v2\/product"}],"about":[{"href":"https:\/\/www.erboristerie.com\/en\/wp-json\/wp\/v2\/types\/product"}],"wp:featuredmedia":[{"embeddable":true,"href":"https:\/\/www.erboristerie.com\/en\/wp-json\/wp\/v2\/media\/69267"}],"wp:attachment":[{"href":"https:\/\/www.erboristerie.com\/en\/wp-json\/wp\/v2\/media?parent=69266"}],"wp:term":[{"taxonomy":"product_brand","embeddable":true,"href":"https:\/\/www.erboristerie.com\/en\/wp-json\/wp\/v2\/product_brand?post=69266"},{"taxonomy":"product_cat","embeddable":true,"href":"https:\/\/www.erboristerie.com\/en\/wp-json\/wp\/v2\/product_cat?post=69266"},{"taxonomy":"product_tag","embeddable":true,"href":"https:\/\/www.erboristerie.com\/en\/wp-json\/wp\/v2\/product_tag?post=69266"},{"taxonomy":"giftcard-category","embeddable":true,"href":"https:\/\/www.erboristerie.com\/en\/wp-json\/wp\/v2\/giftcard-category?post=69266"}],"curies":[{"name":"wp","href":"https:\/\/api.w.org\/{rel}","templated":true}]}}