{"id":68854,"date":"2014-09-25T17:55:49","date_gmt":"2014-09-25T15:55:49","guid":{"rendered":"http:\/\/www.erboristerie.com\/?post_type=product&#038;p=68854"},"modified":"2025-09-10T18:54:39","modified_gmt":"2025-09-10T16:54:39","slug":"accordo-arancio-1-sacchetto-per-cassetti","status":"publish","type":"product","link":"https:\/\/www.erboristerie.com\/en\/prodotto\/accordo-arancio-1-sacchetto-per-cassetti\/","title":{"rendered":"Accordo Arancio 1 Sacchetto Per Cassetti"},"content":{"rendered":"<p>\n\t<strong>Sacchetto Profumato Per Cassetti Accordo Arancio<\/strong><\/p>\n<p>\tAntica \u00e8 la tradizione, ma singolarmente attuale \u00e8 la fragranza che inonda i vostri cassetti, quando questi Sacchetti Profumati abbracceranno con l\u2019aroma Accordo Arancio la vostra biancheria.<br \/>\n\tUn persistente, affascinante sentore dalle vibrazioni positive che si avvertir\u00e0 anche al vostro passare, grazie agli indumenti cos\u00ec soavemente profumati.<\/p>\n<p>\t<img decoding=\"async\" alt=\"\" src=\"https:\/\/www.erboristerie.com\/2\/image\/data\/_ACCORDOARANCIO.jpg\" style=\"width: 607px; height: 270px;\" \/><\/p>\n<p>\n\t<strong>ACCORDO ARANCIO<\/strong><br \/>\n\tTutte di segno positivo sono le simbologie legate a una delle pi\u00f9 vivaci tonalit\u00e0 esistenti: l&#8217;Arancione. Questo intenso colore si sintonizza appieno con la vitalit\u00e0 e l&#8217;armonia interiore e ha un effetto riequilibrante sullo stato d&#8217;animo. Si dice anche che rappresenti il bisogno di esperienze da cui trarre sensazioni piacevoli e rigeneranti: ecco perch\u00e9 la pelle del corpo con entusiasmo si affider\u00e0 all&#8217;efficacia di Accordo Arancio, una linea di ottime ricette dedicate alla sua bellezza, la cui fresca fragranza si distingue per una positiva, luminosa energia. Premiante per l&#8217;epidermide si rivela il valore delle azioni fitocosmetiche di pregiati ingredienti vegetali, tra cui spiccano tre frutti, tutti di colore Arancione, selezionati dalla Ricerca de L&#8217;Erbolario per le loro virt\u00f9 a favore della compattezza dei tessuti cutanei: il Mandarino, l&#8217;Arancia amara e l&#8217;Alchechengi.<\/p>\n<p>\tIl Paese originario del primo di questi, il Mandarino, si supponeva fosse la Cina: cos\u00ec, una volta apparso in Europa a met\u00e0 dell&#8217;Ottocento, il colore del frutto fu associato a quello delle vesti dei nobili governanti cinesi dell&#8217;antichit\u00e0, i Mandarini. L&#8217;Erbolario l&#8217;ha scelto per la sue elevata quota di flavonoidi, Vitamina C, vitamine del Gruppo B e A, Ferro, Magnesio e Acido folico: in questi prodotti sono racchiusi gli estratti dalla sua polpa, foglie e scorza, e una pura Acqua distillata dai frutti, il tutto per assicurare alla pelle effetti antiossidanti e protettivi. L&#8217;Arancia amara, che proviene dalla pianta di Citrus aurantium, fece il suo ingresso in Sicilia grazie agli Arabi che la coltivavano dalla fine del primo millennio. Era molto impiegata anche dalla medicina tradizionale cinese, per le doti stimolanti a vantaggio delle funzioni vitali fisiologiche. Qui entra in campo per dispensare elasticit\u00e0 all&#8217;epidermide, in forza delle propriet\u00e0 addolcenti e tonificanti dell&#8217;estratto ottenuto dalla sua scorza. Ricco \u00e8 infine il contenuto in Tannini, Vitamine, Saccaridi e Sali minerali dell&#8217;Alchechengi, una bacca commestibile il cui nome significa &#8220;bolla&#8221;, poich\u00e9 il calice che racchiude il suo frutto ha un&#8217;aggraziata forma sferica: i suoi attivi impreziosiscono l&#8217;estratto idroglicerico che rende queste formule capaci di idratare e risvegliare la freschezza della pelle. L&#8217;Arancio da oggi si addice davvero a un&#8217;epidermide morbida e levigata grazie agli effetti di queste specialit\u00e0: una tonalit\u00e0 appassionata come l&#8217;Accordo ricercato del suo profumo, ideale compagno quotidiano di ogni Donna e di ogni Uomo.<\/p>\n","protected":false},"excerpt":{"rendered":"<p>Sacchetto Profumato Per Cassetti Accordo Arancio Antica \u00e8 la tradizione, ma singolarmente attuale \u00e8 la fragranza che inonda i vostri cassetti, quando questi Sacchetti Profumati abbracceranno con l\u2019aroma Accordo Arancio la vostra biancheria. Un persistente, affascinante sentore dalle vibrazioni positive che si avvertir\u00e0 anche al&#8230;<\/p>\n","protected":false},"featured_media":68855,"template":"","meta":{"_acf_changed":false},"product_brand":[9603],"product_cat":[49195],"product_tag":[14442,19084,11857,19457,12150],"giftcard-category":[],"class_list":{"0":"post-68854","1":"product","2":"type-product","3":"status-publish","4":"has-post-thumbnail","6":"product_brand-erbolario","7":"product_cat-linee-profumate","8":"product_tag-accordo","9":"product_tag-arancio-2","10":"product_tag-cassetti","11":"product_tag-per-3","12":"product_tag-sacchetto","13":"pa_formato-1-sacchetto","14":"pa_linea-profumazione-accordo-arancio","15":"pa_marca-lerbolario","16":"pa_tipologia-profumatore","18":"first","19":"instock","20":"taxable","21":"shipping-taxable","22":"purchasable","23":"product-type-simple"},"acf":[],"yoast_head":"<!-- This site is optimized with the Yoast SEO plugin v24.9 - https:\/\/yoast.com\/wordpress\/plugins\/seo\/ -->\n<title>Accordo Arancio 1 Sacchetto Per Cassetti<\/title>\n<meta name=\"description\" content=\"Questi Sacchetti Profumati abbracceranno con l\u2019aroma Accordo Arancio la vostra biancheria.\" \/>\n<meta name=\"robots\" content=\"index, follow, max-snippet:-1, max-image-preview:large, max-video-preview:-1\" \/>\n<link rel=\"canonical\" href=\"https:\/\/www.erboristerie.com\/it\/prodotto\/accordo-arancio-1-sacchetto-per-cassetti\/\" \/>\n<meta property=\"og:locale\" content=\"en_US\" \/>\n<meta property=\"og:type\" content=\"article\" \/>\n<meta property=\"og:title\" content=\"Accordo Arancio 1 Sacchetto Per Cassetti\" \/>\n<meta property=\"og:description\" content=\"Questi Sacchetti Profumati abbracceranno con l\u2019aroma Accordo Arancio la vostra biancheria.\" \/>\n<meta property=\"og:url\" content=\"https:\/\/www.erboristerie.com\/it\/prodotto\/accordo-arancio-1-sacchetto-per-cassetti\/\" \/>\n<meta property=\"og:site_name\" content=\"Erboristeria Demetra\" \/>\n<meta property=\"article:publisher\" content=\"https:\/\/www.facebook.com\/erboristeria.demetra.online\" \/>\n<meta property=\"article:modified_time\" content=\"2025-09-10T16:54:39+00:00\" \/>\n<meta property=\"og:image\" content=\"https:\/\/www.erboristerie.com\/wp-content\/uploads\/2019\/01\/products-00006306.jpg\" \/>\n\t<meta property=\"og:image:width\" content=\"366\" \/>\n\t<meta property=\"og:image:height\" content=\"417\" \/>\n\t<meta property=\"og:image:type\" content=\"image\/jpeg\" \/>\n<meta name=\"twitter:card\" content=\"summary_large_image\" \/>\n<meta name=\"twitter:label1\" content=\"Est. reading time\" \/>\n\t<meta name=\"twitter:data1\" content=\"2 minutes\" \/>\n<script type=\"application\/ld+json\" class=\"yoast-schema-graph\">{\"@context\":\"https:\/\/schema.org\",\"@graph\":[{\"@type\":\"WebPage\",\"@id\":\"https:\/\/www.erboristerie.com\/it\/prodotto\/accordo-arancio-1-sacchetto-per-cassetti\/\",\"url\":\"https:\/\/www.erboristerie.com\/it\/prodotto\/accordo-arancio-1-sacchetto-per-cassetti\/\",\"name\":\"Accordo Arancio 1 Sacchetto Per Cassetti\",\"isPartOf\":{\"@id\":\"https:\/\/www.erboristerie.com\/it\/#website\"},\"primaryImageOfPage\":{\"@id\":\"https:\/\/www.erboristerie.com\/it\/prodotto\/accordo-arancio-1-sacchetto-per-cassetti\/#primaryimage\"},\"image\":{\"@id\":\"https:\/\/www.erboristerie.com\/it\/prodotto\/accordo-arancio-1-sacchetto-per-cassetti\/#primaryimage\"},\"thumbnailUrl\":\"https:\/\/www.erboristerie.com\/wp-content\/uploads\/2019\/01\/products-00006306.jpg\",\"datePublished\":\"2014-09-25T15:55:49+00:00\",\"dateModified\":\"2025-09-10T16:54:39+00:00\",\"description\":\"Questi Sacchetti Profumati abbracceranno con l\u2019aroma Accordo Arancio la vostra biancheria.\",\"breadcrumb\":{\"@id\":\"https:\/\/www.erboristerie.com\/it\/prodotto\/accordo-arancio-1-sacchetto-per-cassetti\/#breadcrumb\"},\"inLanguage\":\"en-US\",\"potentialAction\":[{\"@type\":\"ReadAction\",\"target\":[\"https:\/\/www.erboristerie.com\/it\/prodotto\/accordo-arancio-1-sacchetto-per-cassetti\/\"]}]},{\"@type\":\"ImageObject\",\"inLanguage\":\"en-US\",\"@id\":\"https:\/\/www.erboristerie.com\/it\/prodotto\/accordo-arancio-1-sacchetto-per-cassetti\/#primaryimage\",\"url\":\"https:\/\/www.erboristerie.com\/wp-content\/uploads\/2019\/01\/products-00006306.jpg\",\"contentUrl\":\"https:\/\/www.erboristerie.com\/wp-content\/uploads\/2019\/01\/products-00006306.jpg\",\"width\":\"366\",\"height\":\"417\",\"caption\":\"Accordo Arancio 1 Sacchetto Per Cassetti\"},{\"@type\":\"BreadcrumbList\",\"@id\":\"https:\/\/www.erboristerie.com\/it\/prodotto\/accordo-arancio-1-sacchetto-per-cassetti\/#breadcrumb\",\"itemListElement\":[{\"@type\":\"ListItem\",\"position\":1,\"name\":\"Home\",\"item\":\"https:\/\/www.erboristerie.com\/en\/\"},{\"@type\":\"ListItem\",\"position\":2,\"name\":\"All products\",\"item\":\"https:\/\/www.erboristerie.com\/en\/all-products\/\"},{\"@type\":\"ListItem\",\"position\":3,\"name\":\"Accordo Arancio 1 Sacchetto Per Cassetti\"}]},{\"@type\":\"WebSite\",\"@id\":\"https:\/\/www.erboristerie.com\/it\/#website\",\"url\":\"https:\/\/www.erboristerie.com\/it\/\",\"name\":\"Erboristeria Demetra\",\"description\":\"Your natural health\",\"publisher\":{\"@id\":\"https:\/\/www.erboristerie.com\/it\/#organization\"},\"potentialAction\":[{\"@type\":\"SearchAction\",\"target\":{\"@type\":\"EntryPoint\",\"urlTemplate\":\"https:\/\/www.erboristerie.com\/it\/?s={search_term_string}\"},\"query-input\":{\"@type\":\"PropertyValueSpecification\",\"valueRequired\":true,\"valueName\":\"search_term_string\"}}],\"inLanguage\":\"en-US\"},{\"@type\":\"Organization\",\"@id\":\"https:\/\/www.erboristerie.com\/it\/#organization\",\"name\":\"Erboristeria Demetra\",\"url\":\"https:\/\/www.erboristerie.com\/it\/\",\"logo\":{\"@type\":\"ImageObject\",\"inLanguage\":\"en-US\",\"@id\":\"https:\/\/www.erboristerie.com\/it\/#\/schema\/logo\/image\/\",\"url\":\"https:\/\/www.erboristerie.com\/wp-content\/uploads\/2019\/11\/LOGO_ERBORISTERIA_DEMETRA_original.png?v=1611516981\",\"contentUrl\":\"https:\/\/www.erboristerie.com\/wp-content\/uploads\/2019\/11\/LOGO_ERBORISTERIA_DEMETRA_original.png?v=1611516981\",\"width\":201,\"height\":54,\"caption\":\"Erboristeria Demetra\"},\"image\":{\"@id\":\"https:\/\/www.erboristerie.com\/it\/#\/schema\/logo\/image\/\"},\"sameAs\":[\"https:\/\/www.facebook.com\/erboristeria.demetra.online\"]}]}<\/script>\n<!-- \/ Yoast SEO plugin. -->","yoast_head_json":{"title":"Accordo Arancio 1 Sacchetto Per Cassetti","description":"Questi Sacchetti Profumati abbracceranno con l\u2019aroma Accordo Arancio la vostra biancheria.","robots":{"index":"index","follow":"follow","max-snippet":"max-snippet:-1","max-image-preview":"max-image-preview:large","max-video-preview":"max-video-preview:-1"},"canonical":"https:\/\/www.erboristerie.com\/it\/prodotto\/accordo-arancio-1-sacchetto-per-cassetti\/","og_locale":"en_US","og_type":"article","og_title":"Accordo Arancio 1 Sacchetto Per Cassetti","og_description":"Questi Sacchetti Profumati abbracceranno con l\u2019aroma Accordo Arancio la vostra biancheria.","og_url":"https:\/\/www.erboristerie.com\/it\/prodotto\/accordo-arancio-1-sacchetto-per-cassetti\/","og_site_name":"Erboristeria Demetra","article_publisher":"https:\/\/www.facebook.com\/erboristeria.demetra.online","article_modified_time":"2025-09-10T16:54:39+00:00","og_image":[{"width":366,"height":417,"url":"https:\/\/www.erboristerie.com\/wp-content\/uploads\/2019\/01\/products-00006306.jpg","type":"image\/jpeg"}],"twitter_card":"summary_large_image","twitter_misc":{"Est. reading time":"2 minutes"},"schema":{"@context":"https:\/\/schema.org","@graph":[{"@type":"WebPage","@id":"https:\/\/www.erboristerie.com\/it\/prodotto\/accordo-arancio-1-sacchetto-per-cassetti\/","url":"https:\/\/www.erboristerie.com\/it\/prodotto\/accordo-arancio-1-sacchetto-per-cassetti\/","name":"Accordo Arancio 1 Sacchetto Per Cassetti","isPartOf":{"@id":"https:\/\/www.erboristerie.com\/it\/#website"},"primaryImageOfPage":{"@id":"https:\/\/www.erboristerie.com\/it\/prodotto\/accordo-arancio-1-sacchetto-per-cassetti\/#primaryimage"},"image":{"@id":"https:\/\/www.erboristerie.com\/it\/prodotto\/accordo-arancio-1-sacchetto-per-cassetti\/#primaryimage"},"thumbnailUrl":"https:\/\/www.erboristerie.com\/wp-content\/uploads\/2019\/01\/products-00006306.jpg","datePublished":"2014-09-25T15:55:49+00:00","dateModified":"2025-09-10T16:54:39+00:00","description":"Questi Sacchetti Profumati abbracceranno con l\u2019aroma Accordo Arancio la vostra biancheria.","breadcrumb":{"@id":"https:\/\/www.erboristerie.com\/it\/prodotto\/accordo-arancio-1-sacchetto-per-cassetti\/#breadcrumb"},"inLanguage":"en-US","potentialAction":[{"@type":"ReadAction","target":["https:\/\/www.erboristerie.com\/it\/prodotto\/accordo-arancio-1-sacchetto-per-cassetti\/"]}]},{"@type":"ImageObject","inLanguage":"en-US","@id":"https:\/\/www.erboristerie.com\/it\/prodotto\/accordo-arancio-1-sacchetto-per-cassetti\/#primaryimage","url":"https:\/\/www.erboristerie.com\/wp-content\/uploads\/2019\/01\/products-00006306.jpg","contentUrl":"https:\/\/www.erboristerie.com\/wp-content\/uploads\/2019\/01\/products-00006306.jpg","width":"366","height":"417","caption":"Accordo Arancio 1 Sacchetto Per Cassetti"},{"@type":"BreadcrumbList","@id":"https:\/\/www.erboristerie.com\/it\/prodotto\/accordo-arancio-1-sacchetto-per-cassetti\/#breadcrumb","itemListElement":[{"@type":"ListItem","position":1,"name":"Home","item":"https:\/\/www.erboristerie.com\/en\/"},{"@type":"ListItem","position":2,"name":"All products","item":"https:\/\/www.erboristerie.com\/en\/all-products\/"},{"@type":"ListItem","position":3,"name":"Accordo Arancio 1 Sacchetto Per Cassetti"}]},{"@type":"WebSite","@id":"https:\/\/www.erboristerie.com\/it\/#website","url":"https:\/\/www.erboristerie.com\/it\/","name":"Erboristeria Demetra","description":"Your natural health","publisher":{"@id":"https:\/\/www.erboristerie.com\/it\/#organization"},"potentialAction":[{"@type":"SearchAction","target":{"@type":"EntryPoint","urlTemplate":"https:\/\/www.erboristerie.com\/it\/?s={search_term_string}"},"query-input":{"@type":"PropertyValueSpecification","valueRequired":true,"valueName":"search_term_string"}}],"inLanguage":"en-US"},{"@type":"Organization","@id":"https:\/\/www.erboristerie.com\/it\/#organization","name":"Erboristeria Demetra","url":"https:\/\/www.erboristerie.com\/it\/","logo":{"@type":"ImageObject","inLanguage":"en-US","@id":"https:\/\/www.erboristerie.com\/it\/#\/schema\/logo\/image\/","url":"https:\/\/www.erboristerie.com\/wp-content\/uploads\/2019\/11\/LOGO_ERBORISTERIA_DEMETRA_original.png?v=1611516981","contentUrl":"https:\/\/www.erboristerie.com\/wp-content\/uploads\/2019\/11\/LOGO_ERBORISTERIA_DEMETRA_original.png?v=1611516981","width":201,"height":54,"caption":"Erboristeria Demetra"},"image":{"@id":"https:\/\/www.erboristerie.com\/it\/#\/schema\/logo\/image\/"},"sameAs":["https:\/\/www.facebook.com\/erboristeria.demetra.online"]}]}},"_links":{"self":[{"href":"https:\/\/www.erboristerie.com\/en\/wp-json\/wp\/v2\/product\/68854","targetHints":{"allow":["GET"]}}],"collection":[{"href":"https:\/\/www.erboristerie.com\/en\/wp-json\/wp\/v2\/product"}],"about":[{"href":"https:\/\/www.erboristerie.com\/en\/wp-json\/wp\/v2\/types\/product"}],"wp:featuredmedia":[{"embeddable":true,"href":"https:\/\/www.erboristerie.com\/en\/wp-json\/wp\/v2\/media\/68855"}],"wp:attachment":[{"href":"https:\/\/www.erboristerie.com\/en\/wp-json\/wp\/v2\/media?parent=68854"}],"wp:term":[{"taxonomy":"product_brand","embeddable":true,"href":"https:\/\/www.erboristerie.com\/en\/wp-json\/wp\/v2\/product_brand?post=68854"},{"taxonomy":"product_cat","embeddable":true,"href":"https:\/\/www.erboristerie.com\/en\/wp-json\/wp\/v2\/product_cat?post=68854"},{"taxonomy":"product_tag","embeddable":true,"href":"https:\/\/www.erboristerie.com\/en\/wp-json\/wp\/v2\/product_tag?post=68854"},{"taxonomy":"giftcard-category","embeddable":true,"href":"https:\/\/www.erboristerie.com\/en\/wp-json\/wp\/v2\/giftcard-category?post=68854"}],"curies":[{"name":"wp","href":"https:\/\/api.w.org\/{rel}","templated":true}]}}