{"id":68414,"date":"2014-06-03T16:24:20","date_gmt":"2014-06-03T14:24:20","guid":{"rendered":"http:\/\/www.erboristerie.com\/?post_type=product&#038;p=68414"},"modified":"2025-09-10T18:54:21","modified_gmt":"2025-09-10T16:54:21","slug":"regine-dei-prati-crema-corpo-200ml","status":"publish","type":"product","link":"https:\/\/www.erboristerie.com\/en\/prodotto\/regine-dei-prati-crema-corpo-200ml\/","title":{"rendered":"Regine Dei Prati Crema Corpo 200ml"},"content":{"rendered":"<p><strong>Descrizione<\/strong><br \/>\nLa Margheritina ama la pelle di tutto il corpo: il suo estratto, presente nella formulazione di questa invitante emulsione cremosa, le dedica tutte le sue attenzioni tonificanti. Ma anche gli estratti della Regina dei Prati e della Camomilla associano i propri benefici effetti antiossidanti e protettivi a quelli della Margheritina. Un massaggio con questa Crema dona ai tessuti cutanei tanta morbidezza ed elasticit\u00e0.<br \/>\n<strong>Fragranza<\/strong><br \/>\nfiorita, verde<br \/>\n<strong>Consigli d&#8217;uso<\/strong><br \/>\nCon ampi e ritmati gesti, distribuire e massaggiare la Crema fluida sulla pelle di tutto il corpo, fino a completo assorbimento. Questa formulazione non lascia tracce untuose, ma solo un sentore di campo in fiore.<br \/>\n<strong>Sostanze funzionali<\/strong><br \/>\nEstratto di Regina dei Prati biologico, estratto di Margheritina biologico, estratto di Camomilla biologico, estratto oleoso di Camomilla biologico, Olio di Girasole biologico, Frazione insaponificabile dell\u2019Olio di Oliva, Olio di semi di Enotera biologico, Vitamina E dai semi della Soja, Complesso vegetale di idrolizzati proteici da Frumento, Soja, Avena e Mais, Idrossiprolina da Carota e Trealosio da Trehala Manna<\/p>\n<p><strong>Cosa sapere in pi\u00f9<\/strong><\/p>\n<ul>\n<li>100% Made in Italy. Ogni fase della nostra attivit\u00e0, dalla formulazione al controllo qualit\u00e0, dalla preparazione del semilavorato al confezionamento, viene attuata da sempre nel nostro sito produttivo di Lodi: noi non abbiamo delocalizzato alcuna fase produttiva in paesi terzi, men che meno in quelli nei quali i diritti umani e i diritti fondamentali dei lavoratori sono calpestati. I nostri fitocosmetici sono orgogliosi di potersi dire 100% MADE IN ITALY!<\/li>\n<li>7 Metalli testati. Monitoraggio del contenuto di 7 metalli per minimizzare i rischi di allergia: *(Nichel, Piombo, Arsenico, Cadmio, Mercurio, Antimonio e Cromo) e salvaguardare cos\u00ec anche le pelli pi\u00f9 sensibili. Ogni lotto di produzione \u00e8 rigorosamente controllato per garantire un contenuto di ogni singolo metallo inferiore a 0.00005% (limite di rilevabilit\u00e0 strumentale).<\/li>\n<li>Da sempre amici degli animali. Aderiamo allo \u201cStandard Internazionale Stop ai Test su Animali\u201d; garantito da LAV (Lega Anti Vivisezione). Fin dalla sua fondazione nel 1978 L&#8217;Erbolario ha seguito la politica di non ricorrere a test su animali e dal 2006, dopo che le normative europee hanno iniziato a limitare e poi hanno man mano proibito il ricorso ai test su animali per fini cosmetici, ha aderito allo Standard.<\/li>\n<li>Dermatologicamente Testato. Questo prodotto ha dimostrato di essere ottimamente tollerato dopo una rigorosa sperimentazione clinica finalizzata alla ricerca di eventuali potenzialit\u00e0 di irritazione e di allergogenesi. La valutazione delle ricerche \u00e8 stata effettuata presso il Dipartimento di Medicina interna e Terapia medica dell\u2019Universit\u00e0 degli Studi di Pavia.<\/li>\n<li>Imballo in Carta FSC\u00ae. La confezione esterna cartacea di questo prodotto \u00e8 costituita esclusivamente carta certificata FSC\u00ae, secondo i rigorosi standardambientali e sociali del Forest Stewardship Concil\u00ae a supporto di una corretta e responsabile gestione delle risorse forestali<\/li>\n<li>Senza ingredienti di derivazione animale.<\/li>\n<\/ul>\n","protected":false},"excerpt":{"rendered":"<p>Descrizione La Margheritina ama la pelle di tutto il corpo: il suo estratto, presente nella formulazione di questa invitante emulsione cremosa, le dedica tutte le sue attenzioni tonificanti. Ma anche gli estratti della Regina dei Prati e della Camomilla associano i propri benefici effetti antiossidanti&#8230;<\/p>\n","protected":false},"featured_media":109389,"template":"","meta":{"_acf_changed":false},"product_brand":[9603],"product_cat":[45041],"product_tag":[10917,11524,10650,11431,16504,17217],"giftcard-category":[],"class_list":{"0":"post-68414","1":"product","2":"type-product","3":"status-publish","4":"has-post-thumbnail","6":"product_brand-erbolario","7":"product_cat-corpo","8":"product_tag-200ml","9":"product_tag-corpo","10":"product_tag-crema","11":"product_tag-dei","12":"product_tag-prati","13":"product_tag-regine","14":"pa_formato-200-ml","15":"pa_linea-profumazione-regine-dei-prati","16":"pa_marca-lerbolario","17":"pa_tipologia-crema","19":"first","20":"instock","21":"sale","22":"taxable","23":"shipping-taxable","24":"purchasable","25":"product-type-simple"},"acf":[],"yoast_head":"<!-- This site is optimized with the Yoast SEO plugin v24.9 - https:\/\/yoast.com\/wordpress\/plugins\/seo\/ -->\n<title>Regine Dei Prati Crema Corpo 200ml<\/title>\n<meta name=\"description\" content=\"Emulsione dalla delicata fragranza che concentra le virt\u00f9 rinfrescanti ed elasticizzanti dei fiori primaverili.\" \/>\n<meta name=\"robots\" content=\"index, follow, max-snippet:-1, max-image-preview:large, max-video-preview:-1\" \/>\n<link rel=\"canonical\" href=\"https:\/\/www.erboristerie.com\/it\/prodotto\/regine-dei-prati-crema-corpo-200ml\/\" \/>\n<meta property=\"og:locale\" content=\"en_US\" \/>\n<meta property=\"og:type\" content=\"article\" \/>\n<meta property=\"og:title\" content=\"Regine Dei Prati Crema Corpo 200ml\" \/>\n<meta property=\"og:description\" content=\"Emulsione dalla delicata fragranza che concentra le virt\u00f9 rinfrescanti ed elasticizzanti dei fiori primaverili.\" \/>\n<meta property=\"og:url\" content=\"https:\/\/www.erboristerie.com\/it\/prodotto\/regine-dei-prati-crema-corpo-200ml\/\" \/>\n<meta property=\"og:site_name\" content=\"Erboristeria Demetra\" \/>\n<meta property=\"article:publisher\" content=\"https:\/\/www.facebook.com\/erboristeria.demetra.online\" \/>\n<meta property=\"article:modified_time\" content=\"2025-09-10T16:54:21+00:00\" \/>\n<meta property=\"og:image\" content=\"https:\/\/www.erboristerie.com\/wp-content\/uploads\/2014\/06\/00004872-1.jpg\" \/>\n\t<meta property=\"og:image:width\" content=\"546\" \/>\n\t<meta property=\"og:image:height\" content=\"623\" \/>\n\t<meta property=\"og:image:type\" content=\"image\/jpeg\" \/>\n<meta name=\"twitter:card\" content=\"summary_large_image\" \/>\n<meta name=\"twitter:label1\" content=\"Est. reading time\" \/>\n\t<meta name=\"twitter:data1\" content=\"2 minutes\" \/>\n<script type=\"application\/ld+json\" class=\"yoast-schema-graph\">{\"@context\":\"https:\/\/schema.org\",\"@graph\":[{\"@type\":\"WebPage\",\"@id\":\"https:\/\/www.erboristerie.com\/it\/prodotto\/regine-dei-prati-crema-corpo-200ml\/\",\"url\":\"https:\/\/www.erboristerie.com\/it\/prodotto\/regine-dei-prati-crema-corpo-200ml\/\",\"name\":\"Regine Dei Prati Crema Corpo 200ml\",\"isPartOf\":{\"@id\":\"https:\/\/www.erboristerie.com\/it\/#website\"},\"primaryImageOfPage\":{\"@id\":\"https:\/\/www.erboristerie.com\/it\/prodotto\/regine-dei-prati-crema-corpo-200ml\/#primaryimage\"},\"image\":{\"@id\":\"https:\/\/www.erboristerie.com\/it\/prodotto\/regine-dei-prati-crema-corpo-200ml\/#primaryimage\"},\"thumbnailUrl\":\"https:\/\/www.erboristerie.com\/wp-content\/uploads\/2014\/06\/00004872-1.jpg\",\"datePublished\":\"2014-06-03T14:24:20+00:00\",\"dateModified\":\"2025-09-10T16:54:21+00:00\",\"description\":\"Emulsione dalla delicata fragranza che concentra le virt\u00f9 rinfrescanti ed elasticizzanti dei fiori primaverili.\",\"breadcrumb\":{\"@id\":\"https:\/\/www.erboristerie.com\/it\/prodotto\/regine-dei-prati-crema-corpo-200ml\/#breadcrumb\"},\"inLanguage\":\"en-US\",\"potentialAction\":[{\"@type\":\"ReadAction\",\"target\":[\"https:\/\/www.erboristerie.com\/it\/prodotto\/regine-dei-prati-crema-corpo-200ml\/\"]}]},{\"@type\":\"ImageObject\",\"inLanguage\":\"en-US\",\"@id\":\"https:\/\/www.erboristerie.com\/it\/prodotto\/regine-dei-prati-crema-corpo-200ml\/#primaryimage\",\"url\":\"https:\/\/www.erboristerie.com\/wp-content\/uploads\/2014\/06\/00004872-1.jpg\",\"contentUrl\":\"https:\/\/www.erboristerie.com\/wp-content\/uploads\/2014\/06\/00004872-1.jpg\",\"width\":546,\"height\":623},{\"@type\":\"BreadcrumbList\",\"@id\":\"https:\/\/www.erboristerie.com\/it\/prodotto\/regine-dei-prati-crema-corpo-200ml\/#breadcrumb\",\"itemListElement\":[{\"@type\":\"ListItem\",\"position\":1,\"name\":\"Home\",\"item\":\"https:\/\/www.erboristerie.com\/en\/\"},{\"@type\":\"ListItem\",\"position\":2,\"name\":\"All products\",\"item\":\"https:\/\/www.erboristerie.com\/en\/all-products\/\"},{\"@type\":\"ListItem\",\"position\":3,\"name\":\"Regine Dei Prati Crema Corpo 200ml\"}]},{\"@type\":\"WebSite\",\"@id\":\"https:\/\/www.erboristerie.com\/it\/#website\",\"url\":\"https:\/\/www.erboristerie.com\/it\/\",\"name\":\"Erboristeria Demetra\",\"description\":\"Your natural health\",\"publisher\":{\"@id\":\"https:\/\/www.erboristerie.com\/it\/#organization\"},\"potentialAction\":[{\"@type\":\"SearchAction\",\"target\":{\"@type\":\"EntryPoint\",\"urlTemplate\":\"https:\/\/www.erboristerie.com\/it\/?s={search_term_string}\"},\"query-input\":{\"@type\":\"PropertyValueSpecification\",\"valueRequired\":true,\"valueName\":\"search_term_string\"}}],\"inLanguage\":\"en-US\"},{\"@type\":\"Organization\",\"@id\":\"https:\/\/www.erboristerie.com\/it\/#organization\",\"name\":\"Erboristeria Demetra\",\"url\":\"https:\/\/www.erboristerie.com\/it\/\",\"logo\":{\"@type\":\"ImageObject\",\"inLanguage\":\"en-US\",\"@id\":\"https:\/\/www.erboristerie.com\/it\/#\/schema\/logo\/image\/\",\"url\":\"https:\/\/www.erboristerie.com\/wp-content\/uploads\/2019\/11\/LOGO_ERBORISTERIA_DEMETRA_original.png?v=1611516981\",\"contentUrl\":\"https:\/\/www.erboristerie.com\/wp-content\/uploads\/2019\/11\/LOGO_ERBORISTERIA_DEMETRA_original.png?v=1611516981\",\"width\":201,\"height\":54,\"caption\":\"Erboristeria Demetra\"},\"image\":{\"@id\":\"https:\/\/www.erboristerie.com\/it\/#\/schema\/logo\/image\/\"},\"sameAs\":[\"https:\/\/www.facebook.com\/erboristeria.demetra.online\"]}]}<\/script>\n<!-- \/ Yoast SEO plugin. -->","yoast_head_json":{"title":"Regine Dei Prati Crema Corpo 200ml","description":"Emulsione dalla delicata fragranza che concentra le virt\u00f9 rinfrescanti ed elasticizzanti dei fiori primaverili.","robots":{"index":"index","follow":"follow","max-snippet":"max-snippet:-1","max-image-preview":"max-image-preview:large","max-video-preview":"max-video-preview:-1"},"canonical":"https:\/\/www.erboristerie.com\/it\/prodotto\/regine-dei-prati-crema-corpo-200ml\/","og_locale":"en_US","og_type":"article","og_title":"Regine Dei Prati Crema Corpo 200ml","og_description":"Emulsione dalla delicata fragranza che concentra le virt\u00f9 rinfrescanti ed elasticizzanti dei fiori primaverili.","og_url":"https:\/\/www.erboristerie.com\/it\/prodotto\/regine-dei-prati-crema-corpo-200ml\/","og_site_name":"Erboristeria Demetra","article_publisher":"https:\/\/www.facebook.com\/erboristeria.demetra.online","article_modified_time":"2025-09-10T16:54:21+00:00","og_image":[{"width":546,"height":623,"url":"https:\/\/www.erboristerie.com\/wp-content\/uploads\/2014\/06\/00004872-1.jpg","type":"image\/jpeg"}],"twitter_card":"summary_large_image","twitter_misc":{"Est. reading time":"2 minutes"},"schema":{"@context":"https:\/\/schema.org","@graph":[{"@type":"WebPage","@id":"https:\/\/www.erboristerie.com\/it\/prodotto\/regine-dei-prati-crema-corpo-200ml\/","url":"https:\/\/www.erboristerie.com\/it\/prodotto\/regine-dei-prati-crema-corpo-200ml\/","name":"Regine Dei Prati Crema Corpo 200ml","isPartOf":{"@id":"https:\/\/www.erboristerie.com\/it\/#website"},"primaryImageOfPage":{"@id":"https:\/\/www.erboristerie.com\/it\/prodotto\/regine-dei-prati-crema-corpo-200ml\/#primaryimage"},"image":{"@id":"https:\/\/www.erboristerie.com\/it\/prodotto\/regine-dei-prati-crema-corpo-200ml\/#primaryimage"},"thumbnailUrl":"https:\/\/www.erboristerie.com\/wp-content\/uploads\/2014\/06\/00004872-1.jpg","datePublished":"2014-06-03T14:24:20+00:00","dateModified":"2025-09-10T16:54:21+00:00","description":"Emulsione dalla delicata fragranza che concentra le virt\u00f9 rinfrescanti ed elasticizzanti dei fiori primaverili.","breadcrumb":{"@id":"https:\/\/www.erboristerie.com\/it\/prodotto\/regine-dei-prati-crema-corpo-200ml\/#breadcrumb"},"inLanguage":"en-US","potentialAction":[{"@type":"ReadAction","target":["https:\/\/www.erboristerie.com\/it\/prodotto\/regine-dei-prati-crema-corpo-200ml\/"]}]},{"@type":"ImageObject","inLanguage":"en-US","@id":"https:\/\/www.erboristerie.com\/it\/prodotto\/regine-dei-prati-crema-corpo-200ml\/#primaryimage","url":"https:\/\/www.erboristerie.com\/wp-content\/uploads\/2014\/06\/00004872-1.jpg","contentUrl":"https:\/\/www.erboristerie.com\/wp-content\/uploads\/2014\/06\/00004872-1.jpg","width":546,"height":623},{"@type":"BreadcrumbList","@id":"https:\/\/www.erboristerie.com\/it\/prodotto\/regine-dei-prati-crema-corpo-200ml\/#breadcrumb","itemListElement":[{"@type":"ListItem","position":1,"name":"Home","item":"https:\/\/www.erboristerie.com\/en\/"},{"@type":"ListItem","position":2,"name":"All products","item":"https:\/\/www.erboristerie.com\/en\/all-products\/"},{"@type":"ListItem","position":3,"name":"Regine Dei Prati Crema Corpo 200ml"}]},{"@type":"WebSite","@id":"https:\/\/www.erboristerie.com\/it\/#website","url":"https:\/\/www.erboristerie.com\/it\/","name":"Erboristeria Demetra","description":"Your natural health","publisher":{"@id":"https:\/\/www.erboristerie.com\/it\/#organization"},"potentialAction":[{"@type":"SearchAction","target":{"@type":"EntryPoint","urlTemplate":"https:\/\/www.erboristerie.com\/it\/?s={search_term_string}"},"query-input":{"@type":"PropertyValueSpecification","valueRequired":true,"valueName":"search_term_string"}}],"inLanguage":"en-US"},{"@type":"Organization","@id":"https:\/\/www.erboristerie.com\/it\/#organization","name":"Erboristeria Demetra","url":"https:\/\/www.erboristerie.com\/it\/","logo":{"@type":"ImageObject","inLanguage":"en-US","@id":"https:\/\/www.erboristerie.com\/it\/#\/schema\/logo\/image\/","url":"https:\/\/www.erboristerie.com\/wp-content\/uploads\/2019\/11\/LOGO_ERBORISTERIA_DEMETRA_original.png?v=1611516981","contentUrl":"https:\/\/www.erboristerie.com\/wp-content\/uploads\/2019\/11\/LOGO_ERBORISTERIA_DEMETRA_original.png?v=1611516981","width":201,"height":54,"caption":"Erboristeria Demetra"},"image":{"@id":"https:\/\/www.erboristerie.com\/it\/#\/schema\/logo\/image\/"},"sameAs":["https:\/\/www.facebook.com\/erboristeria.demetra.online"]}]}},"_links":{"self":[{"href":"https:\/\/www.erboristerie.com\/en\/wp-json\/wp\/v2\/product\/68414","targetHints":{"allow":["GET"]}}],"collection":[{"href":"https:\/\/www.erboristerie.com\/en\/wp-json\/wp\/v2\/product"}],"about":[{"href":"https:\/\/www.erboristerie.com\/en\/wp-json\/wp\/v2\/types\/product"}],"wp:featuredmedia":[{"embeddable":true,"href":"https:\/\/www.erboristerie.com\/en\/wp-json\/wp\/v2\/media\/109389"}],"wp:attachment":[{"href":"https:\/\/www.erboristerie.com\/en\/wp-json\/wp\/v2\/media?parent=68414"}],"wp:term":[{"taxonomy":"product_brand","embeddable":true,"href":"https:\/\/www.erboristerie.com\/en\/wp-json\/wp\/v2\/product_brand?post=68414"},{"taxonomy":"product_cat","embeddable":true,"href":"https:\/\/www.erboristerie.com\/en\/wp-json\/wp\/v2\/product_cat?post=68414"},{"taxonomy":"product_tag","embeddable":true,"href":"https:\/\/www.erboristerie.com\/en\/wp-json\/wp\/v2\/product_tag?post=68414"},{"taxonomy":"giftcard-category","embeddable":true,"href":"https:\/\/www.erboristerie.com\/en\/wp-json\/wp\/v2\/giftcard-category?post=68414"}],"curies":[{"name":"wp","href":"https:\/\/api.w.org\/{rel}","templated":true}]}}