{"id":68374,"date":"2014-05-28T18:46:41","date_gmt":"2014-05-28T16:46:41","guid":{"rendered":"http:\/\/www.erboristerie.com\/?post_type=product&#038;p=68374"},"modified":"2025-09-10T18:54:07","modified_gmt":"2025-09-10T16:54:07","slug":"la-bianca-schiuma-dei-piccoli-detergente-2-in-1-per-il-corpo-e-i-capelli-del-bambino-250ml","status":"publish","type":"product","link":"https:\/\/www.erboristerie.com\/en\/prodotto\/la-bianca-schiuma-dei-piccoli-detergente-2-in-1-per-il-corpo-e-i-capelli-del-bambino-250ml\/","title":{"rendered":"La Bianca Schiuma dei Piccoli Detergente 2 in 1 per il corpo e i capelli del bambino 250ml"},"content":{"rendered":"<p><strong>La Bianca Schiuma dei Piccoli 250ml &#8211; L&#8217;Erbolario<\/strong><\/p>\n<p>Detergente 2 in 1 per il corpo e i capelli del bambino alla Calendula, alla Mela e alla Malva<\/p>\n<p>L\u2019eccellente capacit\u00e0 lavante di questa ricetta, ideale per detergere in assoluta dolcezza la pelle sensibile e i capelli delicati dei pi\u00f9 piccini, \u00e8 assicurata dagli aminoacidi dai semi di Mela, che creano una morbida e bianca schiuma.<\/p>\n<p>Determinante nella formulazione \u00e8 anche l\u2019apporto idratante e addolcente degli estratti biologici di Malva e Calendula.<\/p>\n<p>Per preservare, poi, il naturale patrimonio d\u2019idratazione dell\u2019epidermide infantile, anche l\u2019attivit\u00e0 protettiva di selezionate proteine del Riso, che rivestono la pelle e i capelli con un invisibile film protettivo.<\/p>\n<p><strong>Tollerabilit\u00e0 cutanea clinicamente testata<\/strong> in collaborazione con Dermatologo e Pediatra.<\/p>\n<p><strong>Senza siliconi, parabeni, tensioattivi solfati, coloranti e petrolati<\/strong><br \/>\n96% ingredienti di origine naturale<br \/>\nLa restante percentuale di ingredienti garantisce stabilit\u00e0 e gradevolezza del prodotto.<\/p>\n<p><strong>Consigli d\u2019uso<\/strong><\/p>\n<p>Un poco di prodotto nell\u2019acqua del bagnetto o sulla spugna \u00e8 ideale per creare tanta soffice schiuma da usare anche come shampoo. Evitare il contatto con gli occhi.<\/p>\n<p><strong>Sostanze funzionali<\/strong><\/p>\n<p>Estratto di Calendula biologico, estratto di Malva biologico, frazione proteica del Riso, aminoacidi dai semi di Mela, tensioattivo dall\u2019olio di Oliva<\/p>\n<p><strong>Ingredienti (INCI)<\/strong><\/p>\n<p>aqua (water), lauryl glucoside, cocamidopropyl betaine, sodium cocoyl barley amino acids, sodium cocoyl glutamate, parfum (fragrance), glycerin, calendula officinalis flower extract, malva sylvestris (mallow) flower\/leaf extract, pyrus malus (apple) seed extract, sodium olivamphoacetate, hydrolyzed rice protein, coco-glucoside, citric acid, sodium chloride, sodium phytate, potassium sorbate, sodium benzoate<\/p>\n<p><strong>Cosa sapere in piu\u2019<\/strong><\/p>\n<p>100% Made in Italy<br \/>\n7 Metalli testati<br \/>\nDa sempre amici degli animali<br \/>\nDermatologicamente Testato<br \/>\nSenza ingredienti di derivazione animale<\/p>\n","protected":false},"excerpt":{"rendered":"<p>La Bianca Schiuma dei Piccoli 250ml &#8211; L&#8217;Erbolario Detergente 2 in 1 per il corpo e i capelli del bambino alla Calendula, alla Mela e alla Malva L\u2019eccellente capacit\u00e0 lavante di questa ricetta, ideale per detergere in assoluta dolcezza la pelle sensibile e i capelli&#8230;<\/p>\n","protected":false},"featured_media":128428,"template":"","meta":{"_acf_changed":false},"product_brand":[9603],"product_cat":[9735,10307,45044],"product_tag":[17212,11431,12020,10801,12022],"giftcard-category":[],"class_list":{"0":"post-68374","1":"product","2":"type-product","3":"status-publish","4":"has-post-thumbnail","6":"product_brand-erbolario","7":"product_cat-bambini","8":"product_cat-capelli","9":"product_cat-detergenza","10":"product_tag-biancaschiuma","11":"product_tag-dei","12":"product_tag-giardino","13":"product_tag-linea","14":"product_tag-piccoli","15":"pa_formato-250-ml","16":"pa_linea-profumazione-giardino-dei-piccoli","17":"pa_marca-lerbolario","18":"pa_tipologia-bagnoschiuma","20":"first","21":"instock","22":"sale","23":"taxable","24":"shipping-taxable","25":"purchasable","26":"product-type-simple"},"acf":[],"yoast_head":"<!-- This site is optimized with the Yoast SEO plugin v24.9 - https:\/\/yoast.com\/wordpress\/plugins\/seo\/ -->\n<title>La Bianca Schiuma dei Piccoli Detergente 2 in 1 per il corpo e i capelli del bambino 250ml - Erboristeria Demetra<\/title>\n<meta name=\"description\" content=\"Eccellente capacit\u00e0 lavante di questa ricetta naturale patrimonio d\u2019idratazione dell\u2019epidermide infantile. Tollerabilit\u00e0 clinicamente testata\" \/>\n<meta name=\"robots\" content=\"index, follow, max-snippet:-1, max-image-preview:large, max-video-preview:-1\" \/>\n<link rel=\"canonical\" href=\"https:\/\/www.erboristerie.com\/it\/prodotto\/la-bianca-schiuma-dei-piccoli-detergente-2-in-1-per-il-corpo-e-i-capelli-del-bambino-250ml\/\" \/>\n<meta property=\"og:locale\" content=\"en_US\" \/>\n<meta property=\"og:type\" content=\"article\" \/>\n<meta property=\"og:title\" content=\"La Bianca Schiuma dei Piccoli Detergente 2 in 1 per il corpo e i capelli del bambino 250ml - Erboristeria Demetra\" \/>\n<meta property=\"og:description\" content=\"Eccellente capacit\u00e0 lavante di questa ricetta naturale patrimonio d\u2019idratazione dell\u2019epidermide infantile. Tollerabilit\u00e0 clinicamente testata\" \/>\n<meta property=\"og:url\" content=\"https:\/\/www.erboristerie.com\/it\/prodotto\/la-bianca-schiuma-dei-piccoli-detergente-2-in-1-per-il-corpo-e-i-capelli-del-bambino-250ml\/\" \/>\n<meta property=\"og:site_name\" content=\"Erboristeria Demetra\" \/>\n<meta property=\"article:publisher\" content=\"https:\/\/www.facebook.com\/erboristeria.demetra.online\" \/>\n<meta property=\"article:modified_time\" content=\"2025-09-10T16:54:07+00:00\" \/>\n<meta property=\"og:image\" content=\"https:\/\/www.erboristerie.com\/wp-content\/uploads\/2014\/05\/00006599-la-bianca-schiuma-dei-piccoli-erbolario-erboristerie-com.jpg\" \/>\n\t<meta property=\"og:image:width\" content=\"800\" \/>\n\t<meta property=\"og:image:height\" content=\"800\" \/>\n\t<meta property=\"og:image:type\" content=\"image\/jpeg\" \/>\n<meta name=\"twitter:card\" content=\"summary_large_image\" \/>\n<meta name=\"twitter:label1\" content=\"Est. reading time\" \/>\n\t<meta name=\"twitter:data1\" content=\"2 minutes\" \/>\n<script type=\"application\/ld+json\" class=\"yoast-schema-graph\">{\"@context\":\"https:\/\/schema.org\",\"@graph\":[{\"@type\":\"WebPage\",\"@id\":\"https:\/\/www.erboristerie.com\/it\/prodotto\/la-bianca-schiuma-dei-piccoli-detergente-2-in-1-per-il-corpo-e-i-capelli-del-bambino-250ml\/\",\"url\":\"https:\/\/www.erboristerie.com\/it\/prodotto\/la-bianca-schiuma-dei-piccoli-detergente-2-in-1-per-il-corpo-e-i-capelli-del-bambino-250ml\/\",\"name\":\"La Bianca Schiuma dei Piccoli Detergente 2 in 1 per il corpo e i capelli del bambino 250ml - Erboristeria Demetra\",\"isPartOf\":{\"@id\":\"https:\/\/www.erboristerie.com\/it\/#website\"},\"primaryImageOfPage\":{\"@id\":\"https:\/\/www.erboristerie.com\/it\/prodotto\/la-bianca-schiuma-dei-piccoli-detergente-2-in-1-per-il-corpo-e-i-capelli-del-bambino-250ml\/#primaryimage\"},\"image\":{\"@id\":\"https:\/\/www.erboristerie.com\/it\/prodotto\/la-bianca-schiuma-dei-piccoli-detergente-2-in-1-per-il-corpo-e-i-capelli-del-bambino-250ml\/#primaryimage\"},\"thumbnailUrl\":\"https:\/\/www.erboristerie.com\/wp-content\/uploads\/2014\/05\/00006599-la-bianca-schiuma-dei-piccoli-erbolario-erboristerie-com.jpg\",\"datePublished\":\"2014-05-28T16:46:41+00:00\",\"dateModified\":\"2025-09-10T16:54:07+00:00\",\"description\":\"Eccellente capacit\u00e0 lavante di questa ricetta naturale patrimonio d\u2019idratazione dell\u2019epidermide infantile. Tollerabilit\u00e0 clinicamente testata\",\"breadcrumb\":{\"@id\":\"https:\/\/www.erboristerie.com\/it\/prodotto\/la-bianca-schiuma-dei-piccoli-detergente-2-in-1-per-il-corpo-e-i-capelli-del-bambino-250ml\/#breadcrumb\"},\"inLanguage\":\"en-US\",\"potentialAction\":[{\"@type\":\"ReadAction\",\"target\":[\"https:\/\/www.erboristerie.com\/it\/prodotto\/la-bianca-schiuma-dei-piccoli-detergente-2-in-1-per-il-corpo-e-i-capelli-del-bambino-250ml\/\"]}]},{\"@type\":\"ImageObject\",\"inLanguage\":\"en-US\",\"@id\":\"https:\/\/www.erboristerie.com\/it\/prodotto\/la-bianca-schiuma-dei-piccoli-detergente-2-in-1-per-il-corpo-e-i-capelli-del-bambino-250ml\/#primaryimage\",\"url\":\"https:\/\/www.erboristerie.com\/wp-content\/uploads\/2014\/05\/00006599-la-bianca-schiuma-dei-piccoli-erbolario-erboristerie-com.jpg\",\"contentUrl\":\"https:\/\/www.erboristerie.com\/wp-content\/uploads\/2014\/05\/00006599-la-bianca-schiuma-dei-piccoli-erbolario-erboristerie-com.jpg\",\"width\":800,\"height\":800},{\"@type\":\"BreadcrumbList\",\"@id\":\"https:\/\/www.erboristerie.com\/it\/prodotto\/la-bianca-schiuma-dei-piccoli-detergente-2-in-1-per-il-corpo-e-i-capelli-del-bambino-250ml\/#breadcrumb\",\"itemListElement\":[{\"@type\":\"ListItem\",\"position\":1,\"name\":\"Home\",\"item\":\"https:\/\/www.erboristerie.com\/en\/\"},{\"@type\":\"ListItem\",\"position\":2,\"name\":\"All products\",\"item\":\"https:\/\/www.erboristerie.com\/en\/all-products\/\"},{\"@type\":\"ListItem\",\"position\":3,\"name\":\"La Bianca Schiuma dei Piccoli Detergente 2 in 1 per il corpo e i capelli del bambino 250ml\"}]},{\"@type\":\"WebSite\",\"@id\":\"https:\/\/www.erboristerie.com\/it\/#website\",\"url\":\"https:\/\/www.erboristerie.com\/it\/\",\"name\":\"Erboristeria Demetra\",\"description\":\"Your natural health\",\"publisher\":{\"@id\":\"https:\/\/www.erboristerie.com\/it\/#organization\"},\"potentialAction\":[{\"@type\":\"SearchAction\",\"target\":{\"@type\":\"EntryPoint\",\"urlTemplate\":\"https:\/\/www.erboristerie.com\/it\/?s={search_term_string}\"},\"query-input\":{\"@type\":\"PropertyValueSpecification\",\"valueRequired\":true,\"valueName\":\"search_term_string\"}}],\"inLanguage\":\"en-US\"},{\"@type\":\"Organization\",\"@id\":\"https:\/\/www.erboristerie.com\/it\/#organization\",\"name\":\"Erboristeria Demetra\",\"url\":\"https:\/\/www.erboristerie.com\/it\/\",\"logo\":{\"@type\":\"ImageObject\",\"inLanguage\":\"en-US\",\"@id\":\"https:\/\/www.erboristerie.com\/it\/#\/schema\/logo\/image\/\",\"url\":\"https:\/\/www.erboristerie.com\/wp-content\/uploads\/2019\/11\/LOGO_ERBORISTERIA_DEMETRA_original.png?v=1611516981\",\"contentUrl\":\"https:\/\/www.erboristerie.com\/wp-content\/uploads\/2019\/11\/LOGO_ERBORISTERIA_DEMETRA_original.png?v=1611516981\",\"width\":201,\"height\":54,\"caption\":\"Erboristeria Demetra\"},\"image\":{\"@id\":\"https:\/\/www.erboristerie.com\/it\/#\/schema\/logo\/image\/\"},\"sameAs\":[\"https:\/\/www.facebook.com\/erboristeria.demetra.online\"]}]}<\/script>\n<!-- \/ Yoast SEO plugin. -->","yoast_head_json":{"title":"La Bianca Schiuma dei Piccoli Detergente 2 in 1 per il corpo e i capelli del bambino 250ml - Erboristeria Demetra","description":"Eccellente capacit\u00e0 lavante di questa ricetta naturale patrimonio d\u2019idratazione dell\u2019epidermide infantile. Tollerabilit\u00e0 clinicamente testata","robots":{"index":"index","follow":"follow","max-snippet":"max-snippet:-1","max-image-preview":"max-image-preview:large","max-video-preview":"max-video-preview:-1"},"canonical":"https:\/\/www.erboristerie.com\/it\/prodotto\/la-bianca-schiuma-dei-piccoli-detergente-2-in-1-per-il-corpo-e-i-capelli-del-bambino-250ml\/","og_locale":"en_US","og_type":"article","og_title":"La Bianca Schiuma dei Piccoli Detergente 2 in 1 per il corpo e i capelli del bambino 250ml - Erboristeria Demetra","og_description":"Eccellente capacit\u00e0 lavante di questa ricetta naturale patrimonio d\u2019idratazione dell\u2019epidermide infantile. Tollerabilit\u00e0 clinicamente testata","og_url":"https:\/\/www.erboristerie.com\/it\/prodotto\/la-bianca-schiuma-dei-piccoli-detergente-2-in-1-per-il-corpo-e-i-capelli-del-bambino-250ml\/","og_site_name":"Erboristeria Demetra","article_publisher":"https:\/\/www.facebook.com\/erboristeria.demetra.online","article_modified_time":"2025-09-10T16:54:07+00:00","og_image":[{"width":800,"height":800,"url":"https:\/\/www.erboristerie.com\/wp-content\/uploads\/2014\/05\/00006599-la-bianca-schiuma-dei-piccoli-erbolario-erboristerie-com.jpg","type":"image\/jpeg"}],"twitter_card":"summary_large_image","twitter_misc":{"Est. reading time":"2 minutes"},"schema":{"@context":"https:\/\/schema.org","@graph":[{"@type":"WebPage","@id":"https:\/\/www.erboristerie.com\/it\/prodotto\/la-bianca-schiuma-dei-piccoli-detergente-2-in-1-per-il-corpo-e-i-capelli-del-bambino-250ml\/","url":"https:\/\/www.erboristerie.com\/it\/prodotto\/la-bianca-schiuma-dei-piccoli-detergente-2-in-1-per-il-corpo-e-i-capelli-del-bambino-250ml\/","name":"La Bianca Schiuma dei Piccoli Detergente 2 in 1 per il corpo e i capelli del bambino 250ml - Erboristeria Demetra","isPartOf":{"@id":"https:\/\/www.erboristerie.com\/it\/#website"},"primaryImageOfPage":{"@id":"https:\/\/www.erboristerie.com\/it\/prodotto\/la-bianca-schiuma-dei-piccoli-detergente-2-in-1-per-il-corpo-e-i-capelli-del-bambino-250ml\/#primaryimage"},"image":{"@id":"https:\/\/www.erboristerie.com\/it\/prodotto\/la-bianca-schiuma-dei-piccoli-detergente-2-in-1-per-il-corpo-e-i-capelli-del-bambino-250ml\/#primaryimage"},"thumbnailUrl":"https:\/\/www.erboristerie.com\/wp-content\/uploads\/2014\/05\/00006599-la-bianca-schiuma-dei-piccoli-erbolario-erboristerie-com.jpg","datePublished":"2014-05-28T16:46:41+00:00","dateModified":"2025-09-10T16:54:07+00:00","description":"Eccellente capacit\u00e0 lavante di questa ricetta naturale patrimonio d\u2019idratazione dell\u2019epidermide infantile. Tollerabilit\u00e0 clinicamente testata","breadcrumb":{"@id":"https:\/\/www.erboristerie.com\/it\/prodotto\/la-bianca-schiuma-dei-piccoli-detergente-2-in-1-per-il-corpo-e-i-capelli-del-bambino-250ml\/#breadcrumb"},"inLanguage":"en-US","potentialAction":[{"@type":"ReadAction","target":["https:\/\/www.erboristerie.com\/it\/prodotto\/la-bianca-schiuma-dei-piccoli-detergente-2-in-1-per-il-corpo-e-i-capelli-del-bambino-250ml\/"]}]},{"@type":"ImageObject","inLanguage":"en-US","@id":"https:\/\/www.erboristerie.com\/it\/prodotto\/la-bianca-schiuma-dei-piccoli-detergente-2-in-1-per-il-corpo-e-i-capelli-del-bambino-250ml\/#primaryimage","url":"https:\/\/www.erboristerie.com\/wp-content\/uploads\/2014\/05\/00006599-la-bianca-schiuma-dei-piccoli-erbolario-erboristerie-com.jpg","contentUrl":"https:\/\/www.erboristerie.com\/wp-content\/uploads\/2014\/05\/00006599-la-bianca-schiuma-dei-piccoli-erbolario-erboristerie-com.jpg","width":800,"height":800},{"@type":"BreadcrumbList","@id":"https:\/\/www.erboristerie.com\/it\/prodotto\/la-bianca-schiuma-dei-piccoli-detergente-2-in-1-per-il-corpo-e-i-capelli-del-bambino-250ml\/#breadcrumb","itemListElement":[{"@type":"ListItem","position":1,"name":"Home","item":"https:\/\/www.erboristerie.com\/en\/"},{"@type":"ListItem","position":2,"name":"All products","item":"https:\/\/www.erboristerie.com\/en\/all-products\/"},{"@type":"ListItem","position":3,"name":"La Bianca Schiuma dei Piccoli Detergente 2 in 1 per il corpo e i capelli del bambino 250ml"}]},{"@type":"WebSite","@id":"https:\/\/www.erboristerie.com\/it\/#website","url":"https:\/\/www.erboristerie.com\/it\/","name":"Erboristeria Demetra","description":"Your natural health","publisher":{"@id":"https:\/\/www.erboristerie.com\/it\/#organization"},"potentialAction":[{"@type":"SearchAction","target":{"@type":"EntryPoint","urlTemplate":"https:\/\/www.erboristerie.com\/it\/?s={search_term_string}"},"query-input":{"@type":"PropertyValueSpecification","valueRequired":true,"valueName":"search_term_string"}}],"inLanguage":"en-US"},{"@type":"Organization","@id":"https:\/\/www.erboristerie.com\/it\/#organization","name":"Erboristeria Demetra","url":"https:\/\/www.erboristerie.com\/it\/","logo":{"@type":"ImageObject","inLanguage":"en-US","@id":"https:\/\/www.erboristerie.com\/it\/#\/schema\/logo\/image\/","url":"https:\/\/www.erboristerie.com\/wp-content\/uploads\/2019\/11\/LOGO_ERBORISTERIA_DEMETRA_original.png?v=1611516981","contentUrl":"https:\/\/www.erboristerie.com\/wp-content\/uploads\/2019\/11\/LOGO_ERBORISTERIA_DEMETRA_original.png?v=1611516981","width":201,"height":54,"caption":"Erboristeria Demetra"},"image":{"@id":"https:\/\/www.erboristerie.com\/it\/#\/schema\/logo\/image\/"},"sameAs":["https:\/\/www.facebook.com\/erboristeria.demetra.online"]}]}},"_links":{"self":[{"href":"https:\/\/www.erboristerie.com\/en\/wp-json\/wp\/v2\/product\/68374","targetHints":{"allow":["GET"]}}],"collection":[{"href":"https:\/\/www.erboristerie.com\/en\/wp-json\/wp\/v2\/product"}],"about":[{"href":"https:\/\/www.erboristerie.com\/en\/wp-json\/wp\/v2\/types\/product"}],"wp:featuredmedia":[{"embeddable":true,"href":"https:\/\/www.erboristerie.com\/en\/wp-json\/wp\/v2\/media\/128428"}],"wp:attachment":[{"href":"https:\/\/www.erboristerie.com\/en\/wp-json\/wp\/v2\/media?parent=68374"}],"wp:term":[{"taxonomy":"product_brand","embeddable":true,"href":"https:\/\/www.erboristerie.com\/en\/wp-json\/wp\/v2\/product_brand?post=68374"},{"taxonomy":"product_cat","embeddable":true,"href":"https:\/\/www.erboristerie.com\/en\/wp-json\/wp\/v2\/product_cat?post=68374"},{"taxonomy":"product_tag","embeddable":true,"href":"https:\/\/www.erboristerie.com\/en\/wp-json\/wp\/v2\/product_tag?post=68374"},{"taxonomy":"giftcard-category","embeddable":true,"href":"https:\/\/www.erboristerie.com\/en\/wp-json\/wp\/v2\/giftcard-category?post=68374"}],"curies":[{"name":"wp","href":"https:\/\/api.w.org\/{rel}","templated":true}]}}