{"id":66566,"date":"2013-06-25T16:59:25","date_gmt":"2013-06-25T16:59:25","guid":{"rendered":"http:\/\/www.erboristerie.com\/?post_type=product&#038;p=66566"},"modified":"2026-02-04T12:04:45","modified_gmt":"2026-02-04T11:04:45","slug":"guarana-50-capsule-vegetali-paullinia-cupana-kunth-erbamea","status":"publish","type":"product","link":"https:\/\/www.erboristerie.com\/en\/prodotto\/guarana-50-capsule-vegetali-paullinia-cupana-kunth-erbamea\/","title":{"rendered":"Guaran\u00e0 50 capsule vegetali (Paullinia cupana Kunth.) Erbamea"},"content":{"rendered":"<p class=\"\" data-start=\"50\" data-end=\"117\"><strong data-start=\"50\" data-end=\"117\">Guaran\u00e0 (Paullinia cupana Kunth.) 50 capsule vegetali &#8211; Erbamea<\/strong><\/p>\n<p class=\"\" data-start=\"119\" data-end=\"464\">Il Guaran\u00e0 \u00e8 una pianta originaria dell\u2019Amazzonia, nota per le sue naturali propriet\u00e0 toniche e stimolanti.<\/p>\n<p class=\"\" data-start=\"119\" data-end=\"464\">Grazie al contenuto di caffeina, pu\u00f2 contribuire a contrastare la stanchezza fisica e mentale, favorendo un maggiore stato di vigilanza e concentrazione.<\/p>\n<p class=\"\" data-start=\"119\" data-end=\"464\">Ideale nei momenti di affaticamento o quando serve un supporto energetico naturale.<\/p>\n<p class=\"\" data-start=\"466\" data-end=\"561\"><strong data-start=\"466\" data-end=\"492\">1 capsula vegetale contiene<\/strong><\/p>\n<p class=\"\" data-start=\"466\" data-end=\"561\">Guaran\u00e0 semi estratto secco (titolato al 10% in caffeina) 150 mg + Guaran\u00e0 semi polvere (titolata al 3% in caffeina) 245 mg<\/p>\n<p class=\"\" data-start=\"622\" data-end=\"670\"><strong data-start=\"622\" data-end=\"648\">Apporto per 2 capsule<\/strong><\/p>\n<p class=\"\" data-start=\"622\" data-end=\"670\">44,7 mg di caffeina<\/p>\n<p class=\"\" data-start=\"672\" data-end=\"735\"><strong data-start=\"672\" data-end=\"687\">Modo d\u2019uso<\/strong><\/p>\n<p class=\"\" data-start=\"672\" data-end=\"735\">1 capsula al mattino e 1 al primo pomeriggio.<\/p>\n<p class=\"\" data-start=\"737\" data-end=\"771\"><strong data-start=\"737\" data-end=\"771\">Senza glutine<br \/>\n<\/strong><strong data-start=\"737\" data-end=\"771\">Senza lattosio<\/strong><\/p>\n","protected":false},"excerpt":{"rendered":"<p>Guaran\u00e0 (Paullinia cupana Kunth.) 50 capsule vegetali &#8211; Erbamea Il Guaran\u00e0 \u00e8 una pianta originaria dell\u2019Amazzonia, nota per le sue naturali propriet\u00e0 toniche e stimolanti. Grazie al contenuto di caffeina, pu\u00f2 contribuire a contrastare la stanchezza fisica e mentale, favorendo un maggiore stato di vigilanza&#8230;<\/p>\n","protected":false},"featured_media":59563,"template":"","meta":{"_acf_changed":false},"product_brand":[9617],"product_cat":[9863,49560],"product_tag":[10574,20528,11420],"giftcard-category":[],"class_list":{"0":"post-66566","1":"product","2":"type-product","3":"status-publish","4":"has-post-thumbnail","6":"product_brand-erbamea","7":"product_cat-energia-e-vitalita","8":"product_cat-singoli-in-pastiglie","9":"product_tag-capsule","10":"product_tag-erbamea","11":"product_tag-guarana","13":"first","14":"instock","15":"sale","16":"taxable","17":"shipping-taxable","18":"purchasable","19":"product-type-simple"},"acf":[],"yoast_head":"<!-- This site is optimized with the Yoast SEO plugin v24.9 - https:\/\/yoast.com\/wordpress\/plugins\/seo\/ -->\n<title>Guaran\u00e0 50 capsule vegetali (Paullinia cupana Kunth.) Erbamea - Erboristeria Demetra<\/title>\n<meta name=\"description\" content=\"Il Guaran\u00e0 \u00e8 una pianta originaria dell\u2019Amazzonia ideale nei momenti di affaticamento o quando serve un supporto energetico naturale.\" \/>\n<meta name=\"robots\" content=\"index, follow, max-snippet:-1, max-image-preview:large, max-video-preview:-1\" \/>\n<link rel=\"canonical\" href=\"https:\/\/www.erboristerie.com\/it\/prodotto\/guarana-50-capsule-vegetali-paullinia-cupana-kunth-erbamea\/\" \/>\n<meta property=\"og:locale\" content=\"en_US\" \/>\n<meta property=\"og:type\" content=\"article\" \/>\n<meta property=\"og:title\" content=\"Guaran\u00e0 50 capsule vegetali (Paullinia cupana Kunth.) Erbamea - Erboristeria Demetra\" \/>\n<meta property=\"og:description\" content=\"Il Guaran\u00e0 \u00e8 una pianta originaria dell\u2019Amazzonia ideale nei momenti di affaticamento o quando serve un supporto energetico naturale.\" \/>\n<meta property=\"og:url\" content=\"https:\/\/www.erboristerie.com\/it\/prodotto\/guarana-50-capsule-vegetali-paullinia-cupana-kunth-erbamea\/\" \/>\n<meta property=\"og:site_name\" content=\"Erboristeria Demetra\" \/>\n<meta property=\"article:publisher\" content=\"https:\/\/www.facebook.com\/erboristeria.demetra.online\" \/>\n<meta property=\"article:modified_time\" content=\"2026-02-04T11:04:45+00:00\" \/>\n<meta property=\"og:image\" content=\"https:\/\/www.erboristerie.com\/wp-content\/uploads\/2019\/01\/products-ERBAMEA-4.jpg\" \/>\n\t<meta property=\"og:image:width\" content=\"492\" \/>\n\t<meta property=\"og:image:height\" content=\"320\" \/>\n\t<meta property=\"og:image:type\" content=\"image\/jpeg\" \/>\n<meta name=\"twitter:card\" content=\"summary_large_image\" \/>\n<meta name=\"twitter:label1\" content=\"Est. reading time\" \/>\n\t<meta name=\"twitter:data1\" content=\"1 minute\" \/>\n<script type=\"application\/ld+json\" class=\"yoast-schema-graph\">{\"@context\":\"https:\/\/schema.org\",\"@graph\":[{\"@type\":\"WebPage\",\"@id\":\"https:\/\/www.erboristerie.com\/it\/prodotto\/guarana-50-capsule-vegetali-paullinia-cupana-kunth-erbamea\/\",\"url\":\"https:\/\/www.erboristerie.com\/it\/prodotto\/guarana-50-capsule-vegetali-paullinia-cupana-kunth-erbamea\/\",\"name\":\"Guaran\u00e0 50 capsule vegetali (Paullinia cupana Kunth.) Erbamea - Erboristeria Demetra\",\"isPartOf\":{\"@id\":\"https:\/\/www.erboristerie.com\/it\/#website\"},\"primaryImageOfPage\":{\"@id\":\"https:\/\/www.erboristerie.com\/it\/prodotto\/guarana-50-capsule-vegetali-paullinia-cupana-kunth-erbamea\/#primaryimage\"},\"image\":{\"@id\":\"https:\/\/www.erboristerie.com\/it\/prodotto\/guarana-50-capsule-vegetali-paullinia-cupana-kunth-erbamea\/#primaryimage\"},\"thumbnailUrl\":\"https:\/\/www.erboristerie.com\/wp-content\/uploads\/2019\/01\/products-ERBAMEA-4.jpg\",\"datePublished\":\"2013-06-25T16:59:25+00:00\",\"dateModified\":\"2026-02-04T11:04:45+00:00\",\"description\":\"Il Guaran\u00e0 \u00e8 una pianta originaria dell\u2019Amazzonia ideale nei momenti di affaticamento o quando serve un supporto energetico naturale.\",\"breadcrumb\":{\"@id\":\"https:\/\/www.erboristerie.com\/it\/prodotto\/guarana-50-capsule-vegetali-paullinia-cupana-kunth-erbamea\/#breadcrumb\"},\"inLanguage\":\"en-US\",\"potentialAction\":[{\"@type\":\"ReadAction\",\"target\":[\"https:\/\/www.erboristerie.com\/it\/prodotto\/guarana-50-capsule-vegetali-paullinia-cupana-kunth-erbamea\/\"]}]},{\"@type\":\"ImageObject\",\"inLanguage\":\"en-US\",\"@id\":\"https:\/\/www.erboristerie.com\/it\/prodotto\/guarana-50-capsule-vegetali-paullinia-cupana-kunth-erbamea\/#primaryimage\",\"url\":\"https:\/\/www.erboristerie.com\/wp-content\/uploads\/2019\/01\/products-ERBAMEA-4.jpg\",\"contentUrl\":\"https:\/\/www.erboristerie.com\/wp-content\/uploads\/2019\/01\/products-ERBAMEA-4.jpg\",\"width\":\"492\",\"height\":\"320\",\"caption\":\"GRIFFONIA 50 CAPSULE (GRIFFONIA SIMPLICIFOLIA)\"},{\"@type\":\"BreadcrumbList\",\"@id\":\"https:\/\/www.erboristerie.com\/it\/prodotto\/guarana-50-capsule-vegetali-paullinia-cupana-kunth-erbamea\/#breadcrumb\",\"itemListElement\":[{\"@type\":\"ListItem\",\"position\":1,\"name\":\"Home\",\"item\":\"https:\/\/www.erboristerie.com\/en\/\"},{\"@type\":\"ListItem\",\"position\":2,\"name\":\"All products\",\"item\":\"https:\/\/www.erboristerie.com\/en\/all-products\/\"},{\"@type\":\"ListItem\",\"position\":3,\"name\":\"Guaran\u00e0 50 capsule vegetali (Paullinia cupana Kunth.) Erbamea\"}]},{\"@type\":\"WebSite\",\"@id\":\"https:\/\/www.erboristerie.com\/it\/#website\",\"url\":\"https:\/\/www.erboristerie.com\/it\/\",\"name\":\"Erboristeria Demetra\",\"description\":\"Your natural health\",\"publisher\":{\"@id\":\"https:\/\/www.erboristerie.com\/it\/#organization\"},\"potentialAction\":[{\"@type\":\"SearchAction\",\"target\":{\"@type\":\"EntryPoint\",\"urlTemplate\":\"https:\/\/www.erboristerie.com\/it\/?s={search_term_string}\"},\"query-input\":{\"@type\":\"PropertyValueSpecification\",\"valueRequired\":true,\"valueName\":\"search_term_string\"}}],\"inLanguage\":\"en-US\"},{\"@type\":\"Organization\",\"@id\":\"https:\/\/www.erboristerie.com\/it\/#organization\",\"name\":\"Erboristeria Demetra\",\"url\":\"https:\/\/www.erboristerie.com\/it\/\",\"logo\":{\"@type\":\"ImageObject\",\"inLanguage\":\"en-US\",\"@id\":\"https:\/\/www.erboristerie.com\/it\/#\/schema\/logo\/image\/\",\"url\":\"https:\/\/www.erboristerie.com\/wp-content\/uploads\/2019\/11\/LOGO_ERBORISTERIA_DEMETRA_original.png?v=1611516981\",\"contentUrl\":\"https:\/\/www.erboristerie.com\/wp-content\/uploads\/2019\/11\/LOGO_ERBORISTERIA_DEMETRA_original.png?v=1611516981\",\"width\":201,\"height\":54,\"caption\":\"Erboristeria Demetra\"},\"image\":{\"@id\":\"https:\/\/www.erboristerie.com\/it\/#\/schema\/logo\/image\/\"},\"sameAs\":[\"https:\/\/www.facebook.com\/erboristeria.demetra.online\"]}]}<\/script>\n<!-- \/ Yoast SEO plugin. -->","yoast_head_json":{"title":"Guaran\u00e0 50 capsule vegetali (Paullinia cupana Kunth.) Erbamea - Erboristeria Demetra","description":"Il Guaran\u00e0 \u00e8 una pianta originaria dell\u2019Amazzonia ideale nei momenti di affaticamento o quando serve un supporto energetico naturale.","robots":{"index":"index","follow":"follow","max-snippet":"max-snippet:-1","max-image-preview":"max-image-preview:large","max-video-preview":"max-video-preview:-1"},"canonical":"https:\/\/www.erboristerie.com\/it\/prodotto\/guarana-50-capsule-vegetali-paullinia-cupana-kunth-erbamea\/","og_locale":"en_US","og_type":"article","og_title":"Guaran\u00e0 50 capsule vegetali (Paullinia cupana Kunth.) Erbamea - Erboristeria Demetra","og_description":"Il Guaran\u00e0 \u00e8 una pianta originaria dell\u2019Amazzonia ideale nei momenti di affaticamento o quando serve un supporto energetico naturale.","og_url":"https:\/\/www.erboristerie.com\/it\/prodotto\/guarana-50-capsule-vegetali-paullinia-cupana-kunth-erbamea\/","og_site_name":"Erboristeria Demetra","article_publisher":"https:\/\/www.facebook.com\/erboristeria.demetra.online","article_modified_time":"2026-02-04T11:04:45+00:00","og_image":[{"width":492,"height":320,"url":"https:\/\/www.erboristerie.com\/wp-content\/uploads\/2019\/01\/products-ERBAMEA-4.jpg","type":"image\/jpeg"}],"twitter_card":"summary_large_image","twitter_misc":{"Est. reading time":"1 minute"},"schema":{"@context":"https:\/\/schema.org","@graph":[{"@type":"WebPage","@id":"https:\/\/www.erboristerie.com\/it\/prodotto\/guarana-50-capsule-vegetali-paullinia-cupana-kunth-erbamea\/","url":"https:\/\/www.erboristerie.com\/it\/prodotto\/guarana-50-capsule-vegetali-paullinia-cupana-kunth-erbamea\/","name":"Guaran\u00e0 50 capsule vegetali (Paullinia cupana Kunth.) Erbamea - Erboristeria Demetra","isPartOf":{"@id":"https:\/\/www.erboristerie.com\/it\/#website"},"primaryImageOfPage":{"@id":"https:\/\/www.erboristerie.com\/it\/prodotto\/guarana-50-capsule-vegetali-paullinia-cupana-kunth-erbamea\/#primaryimage"},"image":{"@id":"https:\/\/www.erboristerie.com\/it\/prodotto\/guarana-50-capsule-vegetali-paullinia-cupana-kunth-erbamea\/#primaryimage"},"thumbnailUrl":"https:\/\/www.erboristerie.com\/wp-content\/uploads\/2019\/01\/products-ERBAMEA-4.jpg","datePublished":"2013-06-25T16:59:25+00:00","dateModified":"2026-02-04T11:04:45+00:00","description":"Il Guaran\u00e0 \u00e8 una pianta originaria dell\u2019Amazzonia ideale nei momenti di affaticamento o quando serve un supporto energetico naturale.","breadcrumb":{"@id":"https:\/\/www.erboristerie.com\/it\/prodotto\/guarana-50-capsule-vegetali-paullinia-cupana-kunth-erbamea\/#breadcrumb"},"inLanguage":"en-US","potentialAction":[{"@type":"ReadAction","target":["https:\/\/www.erboristerie.com\/it\/prodotto\/guarana-50-capsule-vegetali-paullinia-cupana-kunth-erbamea\/"]}]},{"@type":"ImageObject","inLanguage":"en-US","@id":"https:\/\/www.erboristerie.com\/it\/prodotto\/guarana-50-capsule-vegetali-paullinia-cupana-kunth-erbamea\/#primaryimage","url":"https:\/\/www.erboristerie.com\/wp-content\/uploads\/2019\/01\/products-ERBAMEA-4.jpg","contentUrl":"https:\/\/www.erboristerie.com\/wp-content\/uploads\/2019\/01\/products-ERBAMEA-4.jpg","width":"492","height":"320","caption":"GRIFFONIA 50 CAPSULE (GRIFFONIA SIMPLICIFOLIA)"},{"@type":"BreadcrumbList","@id":"https:\/\/www.erboristerie.com\/it\/prodotto\/guarana-50-capsule-vegetali-paullinia-cupana-kunth-erbamea\/#breadcrumb","itemListElement":[{"@type":"ListItem","position":1,"name":"Home","item":"https:\/\/www.erboristerie.com\/en\/"},{"@type":"ListItem","position":2,"name":"All products","item":"https:\/\/www.erboristerie.com\/en\/all-products\/"},{"@type":"ListItem","position":3,"name":"Guaran\u00e0 50 capsule vegetali (Paullinia cupana Kunth.) Erbamea"}]},{"@type":"WebSite","@id":"https:\/\/www.erboristerie.com\/it\/#website","url":"https:\/\/www.erboristerie.com\/it\/","name":"Erboristeria Demetra","description":"Your natural health","publisher":{"@id":"https:\/\/www.erboristerie.com\/it\/#organization"},"potentialAction":[{"@type":"SearchAction","target":{"@type":"EntryPoint","urlTemplate":"https:\/\/www.erboristerie.com\/it\/?s={search_term_string}"},"query-input":{"@type":"PropertyValueSpecification","valueRequired":true,"valueName":"search_term_string"}}],"inLanguage":"en-US"},{"@type":"Organization","@id":"https:\/\/www.erboristerie.com\/it\/#organization","name":"Erboristeria Demetra","url":"https:\/\/www.erboristerie.com\/it\/","logo":{"@type":"ImageObject","inLanguage":"en-US","@id":"https:\/\/www.erboristerie.com\/it\/#\/schema\/logo\/image\/","url":"https:\/\/www.erboristerie.com\/wp-content\/uploads\/2019\/11\/LOGO_ERBORISTERIA_DEMETRA_original.png?v=1611516981","contentUrl":"https:\/\/www.erboristerie.com\/wp-content\/uploads\/2019\/11\/LOGO_ERBORISTERIA_DEMETRA_original.png?v=1611516981","width":201,"height":54,"caption":"Erboristeria Demetra"},"image":{"@id":"https:\/\/www.erboristerie.com\/it\/#\/schema\/logo\/image\/"},"sameAs":["https:\/\/www.facebook.com\/erboristeria.demetra.online"]}]}},"_links":{"self":[{"href":"https:\/\/www.erboristerie.com\/en\/wp-json\/wp\/v2\/product\/66566","targetHints":{"allow":["GET"]}}],"collection":[{"href":"https:\/\/www.erboristerie.com\/en\/wp-json\/wp\/v2\/product"}],"about":[{"href":"https:\/\/www.erboristerie.com\/en\/wp-json\/wp\/v2\/types\/product"}],"wp:featuredmedia":[{"embeddable":true,"href":"https:\/\/www.erboristerie.com\/en\/wp-json\/wp\/v2\/media\/59563"}],"wp:attachment":[{"href":"https:\/\/www.erboristerie.com\/en\/wp-json\/wp\/v2\/media?parent=66566"}],"wp:term":[{"taxonomy":"product_brand","embeddable":true,"href":"https:\/\/www.erboristerie.com\/en\/wp-json\/wp\/v2\/product_brand?post=66566"},{"taxonomy":"product_cat","embeddable":true,"href":"https:\/\/www.erboristerie.com\/en\/wp-json\/wp\/v2\/product_cat?post=66566"},{"taxonomy":"product_tag","embeddable":true,"href":"https:\/\/www.erboristerie.com\/en\/wp-json\/wp\/v2\/product_tag?post=66566"},{"taxonomy":"giftcard-category","embeddable":true,"href":"https:\/\/www.erboristerie.com\/en\/wp-json\/wp\/v2\/giftcard-category?post=66566"}],"curies":[{"name":"wp","href":"https:\/\/api.w.org\/{rel}","templated":true}]}}