{"id":66242,"date":"2013-05-11T00:00:00","date_gmt":"2013-05-10T22:00:00","guid":{"rendered":"http:\/\/www.erboristerie.com\/?post_type=product&#038;p=66242"},"modified":"2026-02-05T15:13:18","modified_gmt":"2026-02-05T14:13:18","slug":"te-verde-650gr-sfuso-in-barattolo-dr-giorgini","status":"publish","type":"product","link":"https:\/\/www.erboristerie.com\/en\/prodotto\/te-verde-650gr-sfuso-in-barattolo-dr-giorgini\/","title":{"rendered":"T\u00e8 Verde 650gr sfuso in barattolo Dr. Giorgini"},"content":{"rendered":"<p><strong>T\u00e8 Verde 650 gr sfuso in barattolo Dr. Giorgini<\/strong><\/p>\n<p><strong>Consigli d&#8217;uso:<\/strong><\/p>\n<p>Per estrarre l\u2019aroma e la teina: in una tazza d\u2019acqua calda lasciare in infusione 1 cucchiaino da t\u00e8 (2 g) per circa 5 minuti.<\/p>\n<p>Per estrarre anche i polifenoli: il metodo cinese consiste nel versare acqua bollente a pi\u00f9 riprese nella giornata sulle medesime foglie di T\u00e8 Verde poste in una teiera.<\/p>\n<p>Si possono suggerire altri due metodi:<\/p>\n<p>Il primo, consiste nel versare un litro di acqua bollente su 3 cucchiai grandi di T\u00e8 Verde (circa 15 g) posti in una pentola; lasciare in infusione coperto tutta la notte; riscaldare l\u2019infuso con le foglie al mattino; filtrare con un colino inox e consumare nell\u2019arco della giornata.<\/p>\n<p>Il secondo metodo consiste nell\u2019utilizzare la base riscaldata di una macchina per il caff\u00e8 americano, sulla quale sistemare la teiera con le foglie di T\u00e8 Verde gi\u00e0 in acqua bollente; mantenere cos\u00ec in infusione calda le foglie di T\u00e8 Verde e prelevarlo via via.<\/p>\n<p><strong>Ingredienti<\/strong><\/p>\n<p>100% t\u00e8 verde (Camellia sinensis) foglie.<\/p>\n","protected":false},"excerpt":{"rendered":"<p>T\u00e8 Verde 650 gr sfuso in barattolo Dr. Giorgini Consigli d&#8217;uso: Per estrarre l\u2019aroma e la teina: in una tazza d\u2019acqua calda lasciare in infusione 1 cucchiaino da t\u00e8 (2 g) per circa 5 minuti. Per estrarre anche i polifenoli: il metodo cinese consiste nel&#8230;<\/p>\n","protected":false},"featured_media":66243,"template":"","meta":{"_acf_changed":false},"product_brand":[9598],"product_cat":[45114,10163],"product_tag":[11955,14128,19144],"giftcard-category":[],"class_list":{"0":"post-66242","1":"product","2":"type-product","3":"status-publish","4":"has-post-thumbnail","6":"product_brand-dr-giorgini-martino-ser-vis","7":"product_cat-te-infusi-e-tisane-sfusi","8":"product_cat-linea-oro-classica","9":"product_tag-barattolo","10":"product_tag-sfuso","11":"product_tag-verde-2","12":"pa_formato-650-grammi","13":"pa_linea-linea-oro","14":"pa_marca-dr-giorgini","15":"pa_tipologia-erbe-sfuse","17":"first","18":"instock","19":"sale","20":"taxable","21":"shipping-taxable","22":"purchasable","23":"product-type-simple"},"acf":[],"yoast_head":"<!-- This site is optimized with the Yoast SEO plugin v24.9 - https:\/\/yoast.com\/wordpress\/plugins\/seo\/ -->\n<title>T\u00e8 Verde 650gr sfuso in barattolo Dr. Giorgini - Erboristeria Demetra<\/title>\n<meta name=\"description\" content=\"T\u00e8 verde sfuso in barattolo, ricco di polifenoli ed antiossidanti, coadiuva il drenaggio dei liquidi e contribuisce all\u2019equilibrio del peso corporeo.\" \/>\n<meta name=\"robots\" content=\"index, follow, max-snippet:-1, max-image-preview:large, max-video-preview:-1\" \/>\n<link rel=\"canonical\" href=\"https:\/\/www.erboristerie.com\/it\/prodotto\/te-verde-650gr-sfuso-in-barattolo-dr-giorgini\/\" \/>\n<meta property=\"og:locale\" content=\"en_US\" \/>\n<meta property=\"og:type\" content=\"article\" \/>\n<meta property=\"og:title\" content=\"T\u00e8 Verde 650gr sfuso in barattolo Dr. Giorgini - Erboristeria Demetra\" \/>\n<meta property=\"og:description\" content=\"T\u00e8 verde sfuso in barattolo, ricco di polifenoli ed antiossidanti, coadiuva il drenaggio dei liquidi e contribuisce all\u2019equilibrio del peso corporeo.\" \/>\n<meta property=\"og:url\" content=\"https:\/\/www.erboristerie.com\/it\/prodotto\/te-verde-650gr-sfuso-in-barattolo-dr-giorgini\/\" \/>\n<meta property=\"og:site_name\" content=\"Erboristeria Demetra\" \/>\n<meta property=\"article:publisher\" content=\"https:\/\/www.facebook.com\/erboristeria.demetra.online\" \/>\n<meta property=\"article:modified_time\" content=\"2026-02-05T14:13:18+00:00\" \/>\n<meta property=\"og:image\" content=\"https:\/\/www.erboristerie.com\/wp-content\/uploads\/2019\/01\/products-00009133.jpg\" \/>\n\t<meta property=\"og:image:width\" content=\"408\" \/>\n\t<meta property=\"og:image:height\" content=\"551\" \/>\n\t<meta property=\"og:image:type\" content=\"image\/jpeg\" \/>\n<meta name=\"twitter:card\" content=\"summary_large_image\" \/>\n<meta name=\"twitter:label1\" content=\"Est. reading time\" \/>\n\t<meta name=\"twitter:data1\" content=\"1 minute\" \/>\n<script type=\"application\/ld+json\" class=\"yoast-schema-graph\">{\"@context\":\"https:\/\/schema.org\",\"@graph\":[{\"@type\":\"WebPage\",\"@id\":\"https:\/\/www.erboristerie.com\/it\/prodotto\/te-verde-650gr-sfuso-in-barattolo-dr-giorgini\/\",\"url\":\"https:\/\/www.erboristerie.com\/it\/prodotto\/te-verde-650gr-sfuso-in-barattolo-dr-giorgini\/\",\"name\":\"T\u00e8 Verde 650gr sfuso in barattolo Dr. Giorgini - Erboristeria Demetra\",\"isPartOf\":{\"@id\":\"https:\/\/www.erboristerie.com\/it\/#website\"},\"primaryImageOfPage\":{\"@id\":\"https:\/\/www.erboristerie.com\/it\/prodotto\/te-verde-650gr-sfuso-in-barattolo-dr-giorgini\/#primaryimage\"},\"image\":{\"@id\":\"https:\/\/www.erboristerie.com\/it\/prodotto\/te-verde-650gr-sfuso-in-barattolo-dr-giorgini\/#primaryimage\"},\"thumbnailUrl\":\"https:\/\/www.erboristerie.com\/wp-content\/uploads\/2019\/01\/products-00009133.jpg\",\"datePublished\":\"2013-05-10T22:00:00+00:00\",\"dateModified\":\"2026-02-05T14:13:18+00:00\",\"description\":\"T\u00e8 verde sfuso in barattolo, ricco di polifenoli ed antiossidanti, coadiuva il drenaggio dei liquidi e contribuisce all\u2019equilibrio del peso corporeo.\",\"breadcrumb\":{\"@id\":\"https:\/\/www.erboristerie.com\/it\/prodotto\/te-verde-650gr-sfuso-in-barattolo-dr-giorgini\/#breadcrumb\"},\"inLanguage\":\"en-US\",\"potentialAction\":[{\"@type\":\"ReadAction\",\"target\":[\"https:\/\/www.erboristerie.com\/it\/prodotto\/te-verde-650gr-sfuso-in-barattolo-dr-giorgini\/\"]}]},{\"@type\":\"ImageObject\",\"inLanguage\":\"en-US\",\"@id\":\"https:\/\/www.erboristerie.com\/it\/prodotto\/te-verde-650gr-sfuso-in-barattolo-dr-giorgini\/#primaryimage\",\"url\":\"https:\/\/www.erboristerie.com\/wp-content\/uploads\/2019\/01\/products-00009133.jpg\",\"contentUrl\":\"https:\/\/www.erboristerie.com\/wp-content\/uploads\/2019\/01\/products-00009133.jpg\",\"width\":\"408\",\"height\":\"551\",\"caption\":\"TE' VERDE 650 GR SFUSO IN BARATTOLO\"},{\"@type\":\"BreadcrumbList\",\"@id\":\"https:\/\/www.erboristerie.com\/it\/prodotto\/te-verde-650gr-sfuso-in-barattolo-dr-giorgini\/#breadcrumb\",\"itemListElement\":[{\"@type\":\"ListItem\",\"position\":1,\"name\":\"Home\",\"item\":\"https:\/\/www.erboristerie.com\/en\/\"},{\"@type\":\"ListItem\",\"position\":2,\"name\":\"All products\",\"item\":\"https:\/\/www.erboristerie.com\/en\/all-products\/\"},{\"@type\":\"ListItem\",\"position\":3,\"name\":\"T\u00e8 Verde 650gr sfuso in barattolo Dr. Giorgini\"}]},{\"@type\":\"WebSite\",\"@id\":\"https:\/\/www.erboristerie.com\/it\/#website\",\"url\":\"https:\/\/www.erboristerie.com\/it\/\",\"name\":\"Erboristeria Demetra\",\"description\":\"Your natural health\",\"publisher\":{\"@id\":\"https:\/\/www.erboristerie.com\/it\/#organization\"},\"potentialAction\":[{\"@type\":\"SearchAction\",\"target\":{\"@type\":\"EntryPoint\",\"urlTemplate\":\"https:\/\/www.erboristerie.com\/it\/?s={search_term_string}\"},\"query-input\":{\"@type\":\"PropertyValueSpecification\",\"valueRequired\":true,\"valueName\":\"search_term_string\"}}],\"inLanguage\":\"en-US\"},{\"@type\":\"Organization\",\"@id\":\"https:\/\/www.erboristerie.com\/it\/#organization\",\"name\":\"Erboristeria Demetra\",\"url\":\"https:\/\/www.erboristerie.com\/it\/\",\"logo\":{\"@type\":\"ImageObject\",\"inLanguage\":\"en-US\",\"@id\":\"https:\/\/www.erboristerie.com\/it\/#\/schema\/logo\/image\/\",\"url\":\"https:\/\/www.erboristerie.com\/wp-content\/uploads\/2019\/11\/LOGO_ERBORISTERIA_DEMETRA_original.png?v=1611516981\",\"contentUrl\":\"https:\/\/www.erboristerie.com\/wp-content\/uploads\/2019\/11\/LOGO_ERBORISTERIA_DEMETRA_original.png?v=1611516981\",\"width\":201,\"height\":54,\"caption\":\"Erboristeria Demetra\"},\"image\":{\"@id\":\"https:\/\/www.erboristerie.com\/it\/#\/schema\/logo\/image\/\"},\"sameAs\":[\"https:\/\/www.facebook.com\/erboristeria.demetra.online\"]}]}<\/script>\n<!-- \/ Yoast SEO plugin. -->","yoast_head_json":{"title":"T\u00e8 Verde 650gr sfuso in barattolo Dr. Giorgini - Erboristeria Demetra","description":"T\u00e8 verde sfuso in barattolo, ricco di polifenoli ed antiossidanti, coadiuva il drenaggio dei liquidi e contribuisce all\u2019equilibrio del peso corporeo.","robots":{"index":"index","follow":"follow","max-snippet":"max-snippet:-1","max-image-preview":"max-image-preview:large","max-video-preview":"max-video-preview:-1"},"canonical":"https:\/\/www.erboristerie.com\/it\/prodotto\/te-verde-650gr-sfuso-in-barattolo-dr-giorgini\/","og_locale":"en_US","og_type":"article","og_title":"T\u00e8 Verde 650gr sfuso in barattolo Dr. Giorgini - Erboristeria Demetra","og_description":"T\u00e8 verde sfuso in barattolo, ricco di polifenoli ed antiossidanti, coadiuva il drenaggio dei liquidi e contribuisce all\u2019equilibrio del peso corporeo.","og_url":"https:\/\/www.erboristerie.com\/it\/prodotto\/te-verde-650gr-sfuso-in-barattolo-dr-giorgini\/","og_site_name":"Erboristeria Demetra","article_publisher":"https:\/\/www.facebook.com\/erboristeria.demetra.online","article_modified_time":"2026-02-05T14:13:18+00:00","og_image":[{"width":408,"height":551,"url":"https:\/\/www.erboristerie.com\/wp-content\/uploads\/2019\/01\/products-00009133.jpg","type":"image\/jpeg"}],"twitter_card":"summary_large_image","twitter_misc":{"Est. reading time":"1 minute"},"schema":{"@context":"https:\/\/schema.org","@graph":[{"@type":"WebPage","@id":"https:\/\/www.erboristerie.com\/it\/prodotto\/te-verde-650gr-sfuso-in-barattolo-dr-giorgini\/","url":"https:\/\/www.erboristerie.com\/it\/prodotto\/te-verde-650gr-sfuso-in-barattolo-dr-giorgini\/","name":"T\u00e8 Verde 650gr sfuso in barattolo Dr. Giorgini - Erboristeria Demetra","isPartOf":{"@id":"https:\/\/www.erboristerie.com\/it\/#website"},"primaryImageOfPage":{"@id":"https:\/\/www.erboristerie.com\/it\/prodotto\/te-verde-650gr-sfuso-in-barattolo-dr-giorgini\/#primaryimage"},"image":{"@id":"https:\/\/www.erboristerie.com\/it\/prodotto\/te-verde-650gr-sfuso-in-barattolo-dr-giorgini\/#primaryimage"},"thumbnailUrl":"https:\/\/www.erboristerie.com\/wp-content\/uploads\/2019\/01\/products-00009133.jpg","datePublished":"2013-05-10T22:00:00+00:00","dateModified":"2026-02-05T14:13:18+00:00","description":"T\u00e8 verde sfuso in barattolo, ricco di polifenoli ed antiossidanti, coadiuva il drenaggio dei liquidi e contribuisce all\u2019equilibrio del peso corporeo.","breadcrumb":{"@id":"https:\/\/www.erboristerie.com\/it\/prodotto\/te-verde-650gr-sfuso-in-barattolo-dr-giorgini\/#breadcrumb"},"inLanguage":"en-US","potentialAction":[{"@type":"ReadAction","target":["https:\/\/www.erboristerie.com\/it\/prodotto\/te-verde-650gr-sfuso-in-barattolo-dr-giorgini\/"]}]},{"@type":"ImageObject","inLanguage":"en-US","@id":"https:\/\/www.erboristerie.com\/it\/prodotto\/te-verde-650gr-sfuso-in-barattolo-dr-giorgini\/#primaryimage","url":"https:\/\/www.erboristerie.com\/wp-content\/uploads\/2019\/01\/products-00009133.jpg","contentUrl":"https:\/\/www.erboristerie.com\/wp-content\/uploads\/2019\/01\/products-00009133.jpg","width":"408","height":"551","caption":"TE' VERDE 650 GR SFUSO IN BARATTOLO"},{"@type":"BreadcrumbList","@id":"https:\/\/www.erboristerie.com\/it\/prodotto\/te-verde-650gr-sfuso-in-barattolo-dr-giorgini\/#breadcrumb","itemListElement":[{"@type":"ListItem","position":1,"name":"Home","item":"https:\/\/www.erboristerie.com\/en\/"},{"@type":"ListItem","position":2,"name":"All products","item":"https:\/\/www.erboristerie.com\/en\/all-products\/"},{"@type":"ListItem","position":3,"name":"T\u00e8 Verde 650gr sfuso in barattolo Dr. Giorgini"}]},{"@type":"WebSite","@id":"https:\/\/www.erboristerie.com\/it\/#website","url":"https:\/\/www.erboristerie.com\/it\/","name":"Erboristeria Demetra","description":"Your natural health","publisher":{"@id":"https:\/\/www.erboristerie.com\/it\/#organization"},"potentialAction":[{"@type":"SearchAction","target":{"@type":"EntryPoint","urlTemplate":"https:\/\/www.erboristerie.com\/it\/?s={search_term_string}"},"query-input":{"@type":"PropertyValueSpecification","valueRequired":true,"valueName":"search_term_string"}}],"inLanguage":"en-US"},{"@type":"Organization","@id":"https:\/\/www.erboristerie.com\/it\/#organization","name":"Erboristeria Demetra","url":"https:\/\/www.erboristerie.com\/it\/","logo":{"@type":"ImageObject","inLanguage":"en-US","@id":"https:\/\/www.erboristerie.com\/it\/#\/schema\/logo\/image\/","url":"https:\/\/www.erboristerie.com\/wp-content\/uploads\/2019\/11\/LOGO_ERBORISTERIA_DEMETRA_original.png?v=1611516981","contentUrl":"https:\/\/www.erboristerie.com\/wp-content\/uploads\/2019\/11\/LOGO_ERBORISTERIA_DEMETRA_original.png?v=1611516981","width":201,"height":54,"caption":"Erboristeria Demetra"},"image":{"@id":"https:\/\/www.erboristerie.com\/it\/#\/schema\/logo\/image\/"},"sameAs":["https:\/\/www.facebook.com\/erboristeria.demetra.online"]}]}},"_links":{"self":[{"href":"https:\/\/www.erboristerie.com\/en\/wp-json\/wp\/v2\/product\/66242","targetHints":{"allow":["GET"]}}],"collection":[{"href":"https:\/\/www.erboristerie.com\/en\/wp-json\/wp\/v2\/product"}],"about":[{"href":"https:\/\/www.erboristerie.com\/en\/wp-json\/wp\/v2\/types\/product"}],"wp:featuredmedia":[{"embeddable":true,"href":"https:\/\/www.erboristerie.com\/en\/wp-json\/wp\/v2\/media\/66243"}],"wp:attachment":[{"href":"https:\/\/www.erboristerie.com\/en\/wp-json\/wp\/v2\/media?parent=66242"}],"wp:term":[{"taxonomy":"product_brand","embeddable":true,"href":"https:\/\/www.erboristerie.com\/en\/wp-json\/wp\/v2\/product_brand?post=66242"},{"taxonomy":"product_cat","embeddable":true,"href":"https:\/\/www.erboristerie.com\/en\/wp-json\/wp\/v2\/product_cat?post=66242"},{"taxonomy":"product_tag","embeddable":true,"href":"https:\/\/www.erboristerie.com\/en\/wp-json\/wp\/v2\/product_tag?post=66242"},{"taxonomy":"giftcard-category","embeddable":true,"href":"https:\/\/www.erboristerie.com\/en\/wp-json\/wp\/v2\/giftcard-category?post=66242"}],"curies":[{"name":"wp","href":"https:\/\/api.w.org\/{rel}","templated":true}]}}