{"id":64230,"date":"2013-05-11T00:00:00","date_gmt":"2013-05-10T22:00:00","guid":{"rendered":"http:\/\/www.erboristerie.com\/?post_type=product&#038;p=64230"},"modified":"2026-01-30T12:44:18","modified_gmt":"2026-01-30T11:44:18","slug":"dr-giorgini-tartarolvis-50-ml","status":"publish","type":"product","link":"https:\/\/www.erboristerie.com\/en\/prodotto\/dr-giorgini-tartarolvis-50-ml\/","title":{"rendered":"Tartarolvis bevanda spiritosa 50ml"},"content":{"rendered":"<p><strong>Tartarolvis bevanda spiritosa 50ml &#8211; dr. Giorgini<\/strong><\/p>\n<p><strong>Consigli d&#8217;uso<\/strong><\/p>\n<p>Si consiglia di consumare 2 ml diluiti in acqua, una o due volte al giorno in qualunque momento; se desiderato si pu\u00f2 aggiungere al caff\u00e8 o al latte.<\/p>\n<p>Bicchierino graduato incluso nella confezione.<\/p>\n<p><strong>Ingredienti<\/strong><\/p>\n<p>Alcool etilico (Alcoolvis\u00ae= Alcool purificato col metodo inventato dal Dott. Martino Giorgini), cremor tartaro di vino purificato (E336).<\/p>\n<p>Grado alcolico:\u00a094%<\/p>\n<p><strong>Non contiene conservanti, coloranti, aromi ed edulcoranti di sintesi.<\/strong><\/p>\n<p>Questa bevanda si ispira ad una preparazione molto lunga e laboriosa che gli Antichi realizzavano partendo dal Tartaro del vino, cio\u00e8 dal Sale Essenziale della Vite. Il Tartaro veniva distillato a secco e ad alta temperatura, dando un \u201cacido acquoso\u201d e un \u201colio nero\u201d, ma era dalla cenere che rimaneva che l\u2019acqua scioglieva il Sale di Tartaro, che compariva bianchissimo quando la soluzione veniva filtrata ed evaporata. Dopo questa purificazione veniva messo dentro un crogiolo in un forno, ad una temperatura pi\u00f9 alta di quella necessaria per fondere l\u2019oro e dopo alcune ore diventava di colore rosso: era allora che il sale era sufficientemente \u201caperto\u201d per cedere la sua tintura. Da questo sale, infine, facendolo bollire con alcool per 4 o 5 giorni si estraeva la sua tintura. Come da una pianta aromatica si estrae una piccola quantit\u00e0 di olio essenziale, cos\u00ec da un sale \u00e8 possibile estrarre una piccola quantit\u00e0 di tintura. Essendo il Tartaro insolubile in alcool, non si tratta di una dissoluzione, ma di una estrazione: dai cristalli passa all\u2019alcool la \u201csua qualit\u00e0 e la sua virt\u00f9 specifica\u201d.<\/p>\n<p><strong>Avvertenze<\/strong><\/p>\n<p>Evitare il consumo eccessivo di bevande alcooliche. Sconsigliato in particolare per bambini e per le donne in gravidanza e allattamento<\/p>\n","protected":false},"excerpt":{"rendered":"<p>Tartarolvis bevanda spiritosa 50ml &#8211; dr. Giorgini Consigli d&#8217;uso Si consiglia di consumare 2 ml diluiti in acqua, una o due volte al giorno in qualunque momento; se desiderato si pu\u00f2 aggiungere al caff\u00e8 o al latte. Bicchierino graduato incluso nella confezione. Ingredienti Alcool etilico&#8230;<\/p>\n","protected":false},"featured_media":119223,"template":"","meta":{"_acf_changed":false},"product_brand":[9598],"product_cat":[46261,10163],"product_tag":[12312,12309,15967],"giftcard-category":[],"class_list":{"0":"post-64230","1":"product","2":"type-product","3":"status-publish","4":"has-post-thumbnail","6":"product_brand-dr-giorgini-martino-ser-vis","7":"product_cat-dr-apparato-cardiovascolare","8":"product_cat-linea-oro-classica","9":"product_tag-dr","10":"product_tag-giorgini","11":"product_tag-tartarolvis","12":"pa_formato-50-ml","13":"pa_linea-linea-oro","14":"pa_marca-dr-giorgini","15":"pa_tipologia-liquido-alcolico","17":"first","18":"instock","19":"sale","20":"taxable","21":"shipping-taxable","22":"purchasable","23":"product-type-simple"},"acf":[],"yoast_head":"<!-- This site is optimized with the Yoast SEO plugin v24.9 - https:\/\/yoast.com\/wordpress\/plugins\/seo\/ -->\n<title>DR. GIORGINI TARTAROLVIS 50 ML<\/title>\n<meta name=\"description\" content=\"A base di Alcool purificato col metodo inventato dal Dott. Martino Giorgini), cremor tartaro di vino purificato (E336). Dr. Giorgini\" \/>\n<meta name=\"robots\" content=\"index, follow, max-snippet:-1, max-image-preview:large, max-video-preview:-1\" \/>\n<link rel=\"canonical\" href=\"https:\/\/www.erboristerie.com\/it\/prodotto\/dr-giorgini-tartarolvis-50-ml\/\" \/>\n<meta property=\"og:locale\" content=\"en_US\" \/>\n<meta property=\"og:type\" content=\"article\" \/>\n<meta property=\"og:title\" content=\"DR. GIORGINI TARTAROLVIS 50 ML\" \/>\n<meta property=\"og:description\" content=\"A base di Alcool purificato col metodo inventato dal Dott. Martino Giorgini), cremor tartaro di vino purificato (E336). Dr. Giorgini\" \/>\n<meta property=\"og:url\" content=\"https:\/\/www.erboristerie.com\/it\/prodotto\/dr-giorgini-tartarolvis-50-ml\/\" \/>\n<meta property=\"og:site_name\" content=\"Erboristeria Demetra\" \/>\n<meta property=\"article:publisher\" content=\"https:\/\/www.facebook.com\/erboristeria.demetra.online\" \/>\n<meta property=\"article:modified_time\" content=\"2026-01-30T11:44:18+00:00\" \/>\n<meta property=\"og:image\" content=\"https:\/\/www.erboristerie.com\/wp-content\/uploads\/2013\/05\/00007115-tartarolvis.jpeg\" \/>\n\t<meta property=\"og:image:width\" content=\"1200\" \/>\n\t<meta property=\"og:image:height\" content=\"1200\" \/>\n\t<meta property=\"og:image:type\" content=\"image\/jpeg\" \/>\n<meta name=\"twitter:card\" content=\"summary_large_image\" \/>\n<meta name=\"twitter:label1\" content=\"Est. reading time\" \/>\n\t<meta name=\"twitter:data1\" content=\"2 minutes\" \/>\n<script type=\"application\/ld+json\" class=\"yoast-schema-graph\">{\"@context\":\"https:\/\/schema.org\",\"@graph\":[{\"@type\":\"WebPage\",\"@id\":\"https:\/\/www.erboristerie.com\/it\/prodotto\/dr-giorgini-tartarolvis-50-ml\/\",\"url\":\"https:\/\/www.erboristerie.com\/it\/prodotto\/dr-giorgini-tartarolvis-50-ml\/\",\"name\":\"DR. GIORGINI TARTAROLVIS 50 ML\",\"isPartOf\":{\"@id\":\"https:\/\/www.erboristerie.com\/it\/#website\"},\"primaryImageOfPage\":{\"@id\":\"https:\/\/www.erboristerie.com\/it\/prodotto\/dr-giorgini-tartarolvis-50-ml\/#primaryimage\"},\"image\":{\"@id\":\"https:\/\/www.erboristerie.com\/it\/prodotto\/dr-giorgini-tartarolvis-50-ml\/#primaryimage\"},\"thumbnailUrl\":\"https:\/\/www.erboristerie.com\/wp-content\/uploads\/2013\/05\/00007115-tartarolvis.jpeg\",\"datePublished\":\"2013-05-10T22:00:00+00:00\",\"dateModified\":\"2026-01-30T11:44:18+00:00\",\"description\":\"A base di Alcool purificato col metodo inventato dal Dott. Martino Giorgini), cremor tartaro di vino purificato (E336). Dr. Giorgini\",\"breadcrumb\":{\"@id\":\"https:\/\/www.erboristerie.com\/it\/prodotto\/dr-giorgini-tartarolvis-50-ml\/#breadcrumb\"},\"inLanguage\":\"en-US\",\"potentialAction\":[{\"@type\":\"ReadAction\",\"target\":[\"https:\/\/www.erboristerie.com\/it\/prodotto\/dr-giorgini-tartarolvis-50-ml\/\"]}]},{\"@type\":\"ImageObject\",\"inLanguage\":\"en-US\",\"@id\":\"https:\/\/www.erboristerie.com\/it\/prodotto\/dr-giorgini-tartarolvis-50-ml\/#primaryimage\",\"url\":\"https:\/\/www.erboristerie.com\/wp-content\/uploads\/2013\/05\/00007115-tartarolvis.jpeg\",\"contentUrl\":\"https:\/\/www.erboristerie.com\/wp-content\/uploads\/2013\/05\/00007115-tartarolvis.jpeg\",\"width\":1200,\"height\":1200},{\"@type\":\"BreadcrumbList\",\"@id\":\"https:\/\/www.erboristerie.com\/it\/prodotto\/dr-giorgini-tartarolvis-50-ml\/#breadcrumb\",\"itemListElement\":[{\"@type\":\"ListItem\",\"position\":1,\"name\":\"Home\",\"item\":\"https:\/\/www.erboristerie.com\/en\/\"},{\"@type\":\"ListItem\",\"position\":2,\"name\":\"All products\",\"item\":\"https:\/\/www.erboristerie.com\/en\/all-products\/\"},{\"@type\":\"ListItem\",\"position\":3,\"name\":\"Tartarolvis bevanda spiritosa 50ml\"}]},{\"@type\":\"WebSite\",\"@id\":\"https:\/\/www.erboristerie.com\/it\/#website\",\"url\":\"https:\/\/www.erboristerie.com\/it\/\",\"name\":\"Erboristeria Demetra\",\"description\":\"Your natural health\",\"publisher\":{\"@id\":\"https:\/\/www.erboristerie.com\/it\/#organization\"},\"potentialAction\":[{\"@type\":\"SearchAction\",\"target\":{\"@type\":\"EntryPoint\",\"urlTemplate\":\"https:\/\/www.erboristerie.com\/it\/?s={search_term_string}\"},\"query-input\":{\"@type\":\"PropertyValueSpecification\",\"valueRequired\":true,\"valueName\":\"search_term_string\"}}],\"inLanguage\":\"en-US\"},{\"@type\":\"Organization\",\"@id\":\"https:\/\/www.erboristerie.com\/it\/#organization\",\"name\":\"Erboristeria Demetra\",\"url\":\"https:\/\/www.erboristerie.com\/it\/\",\"logo\":{\"@type\":\"ImageObject\",\"inLanguage\":\"en-US\",\"@id\":\"https:\/\/www.erboristerie.com\/it\/#\/schema\/logo\/image\/\",\"url\":\"https:\/\/www.erboristerie.com\/wp-content\/uploads\/2019\/11\/LOGO_ERBORISTERIA_DEMETRA_original.png?v=1611516981\",\"contentUrl\":\"https:\/\/www.erboristerie.com\/wp-content\/uploads\/2019\/11\/LOGO_ERBORISTERIA_DEMETRA_original.png?v=1611516981\",\"width\":201,\"height\":54,\"caption\":\"Erboristeria Demetra\"},\"image\":{\"@id\":\"https:\/\/www.erboristerie.com\/it\/#\/schema\/logo\/image\/\"},\"sameAs\":[\"https:\/\/www.facebook.com\/erboristeria.demetra.online\"]}]}<\/script>\n<!-- \/ Yoast SEO plugin. -->","yoast_head_json":{"title":"DR. GIORGINI TARTAROLVIS 50 ML","description":"A base di Alcool purificato col metodo inventato dal Dott. Martino Giorgini), cremor tartaro di vino purificato (E336). Dr. Giorgini","robots":{"index":"index","follow":"follow","max-snippet":"max-snippet:-1","max-image-preview":"max-image-preview:large","max-video-preview":"max-video-preview:-1"},"canonical":"https:\/\/www.erboristerie.com\/it\/prodotto\/dr-giorgini-tartarolvis-50-ml\/","og_locale":"en_US","og_type":"article","og_title":"DR. GIORGINI TARTAROLVIS 50 ML","og_description":"A base di Alcool purificato col metodo inventato dal Dott. Martino Giorgini), cremor tartaro di vino purificato (E336). Dr. Giorgini","og_url":"https:\/\/www.erboristerie.com\/it\/prodotto\/dr-giorgini-tartarolvis-50-ml\/","og_site_name":"Erboristeria Demetra","article_publisher":"https:\/\/www.facebook.com\/erboristeria.demetra.online","article_modified_time":"2026-01-30T11:44:18+00:00","og_image":[{"width":1200,"height":1200,"url":"https:\/\/www.erboristerie.com\/wp-content\/uploads\/2013\/05\/00007115-tartarolvis.jpeg","type":"image\/jpeg"}],"twitter_card":"summary_large_image","twitter_misc":{"Est. reading time":"2 minutes"},"schema":{"@context":"https:\/\/schema.org","@graph":[{"@type":"WebPage","@id":"https:\/\/www.erboristerie.com\/it\/prodotto\/dr-giorgini-tartarolvis-50-ml\/","url":"https:\/\/www.erboristerie.com\/it\/prodotto\/dr-giorgini-tartarolvis-50-ml\/","name":"DR. GIORGINI TARTAROLVIS 50 ML","isPartOf":{"@id":"https:\/\/www.erboristerie.com\/it\/#website"},"primaryImageOfPage":{"@id":"https:\/\/www.erboristerie.com\/it\/prodotto\/dr-giorgini-tartarolvis-50-ml\/#primaryimage"},"image":{"@id":"https:\/\/www.erboristerie.com\/it\/prodotto\/dr-giorgini-tartarolvis-50-ml\/#primaryimage"},"thumbnailUrl":"https:\/\/www.erboristerie.com\/wp-content\/uploads\/2013\/05\/00007115-tartarolvis.jpeg","datePublished":"2013-05-10T22:00:00+00:00","dateModified":"2026-01-30T11:44:18+00:00","description":"A base di Alcool purificato col metodo inventato dal Dott. Martino Giorgini), cremor tartaro di vino purificato (E336). Dr. Giorgini","breadcrumb":{"@id":"https:\/\/www.erboristerie.com\/it\/prodotto\/dr-giorgini-tartarolvis-50-ml\/#breadcrumb"},"inLanguage":"en-US","potentialAction":[{"@type":"ReadAction","target":["https:\/\/www.erboristerie.com\/it\/prodotto\/dr-giorgini-tartarolvis-50-ml\/"]}]},{"@type":"ImageObject","inLanguage":"en-US","@id":"https:\/\/www.erboristerie.com\/it\/prodotto\/dr-giorgini-tartarolvis-50-ml\/#primaryimage","url":"https:\/\/www.erboristerie.com\/wp-content\/uploads\/2013\/05\/00007115-tartarolvis.jpeg","contentUrl":"https:\/\/www.erboristerie.com\/wp-content\/uploads\/2013\/05\/00007115-tartarolvis.jpeg","width":1200,"height":1200},{"@type":"BreadcrumbList","@id":"https:\/\/www.erboristerie.com\/it\/prodotto\/dr-giorgini-tartarolvis-50-ml\/#breadcrumb","itemListElement":[{"@type":"ListItem","position":1,"name":"Home","item":"https:\/\/www.erboristerie.com\/en\/"},{"@type":"ListItem","position":2,"name":"All products","item":"https:\/\/www.erboristerie.com\/en\/all-products\/"},{"@type":"ListItem","position":3,"name":"Tartarolvis bevanda spiritosa 50ml"}]},{"@type":"WebSite","@id":"https:\/\/www.erboristerie.com\/it\/#website","url":"https:\/\/www.erboristerie.com\/it\/","name":"Erboristeria Demetra","description":"Your natural health","publisher":{"@id":"https:\/\/www.erboristerie.com\/it\/#organization"},"potentialAction":[{"@type":"SearchAction","target":{"@type":"EntryPoint","urlTemplate":"https:\/\/www.erboristerie.com\/it\/?s={search_term_string}"},"query-input":{"@type":"PropertyValueSpecification","valueRequired":true,"valueName":"search_term_string"}}],"inLanguage":"en-US"},{"@type":"Organization","@id":"https:\/\/www.erboristerie.com\/it\/#organization","name":"Erboristeria Demetra","url":"https:\/\/www.erboristerie.com\/it\/","logo":{"@type":"ImageObject","inLanguage":"en-US","@id":"https:\/\/www.erboristerie.com\/it\/#\/schema\/logo\/image\/","url":"https:\/\/www.erboristerie.com\/wp-content\/uploads\/2019\/11\/LOGO_ERBORISTERIA_DEMETRA_original.png?v=1611516981","contentUrl":"https:\/\/www.erboristerie.com\/wp-content\/uploads\/2019\/11\/LOGO_ERBORISTERIA_DEMETRA_original.png?v=1611516981","width":201,"height":54,"caption":"Erboristeria Demetra"},"image":{"@id":"https:\/\/www.erboristerie.com\/it\/#\/schema\/logo\/image\/"},"sameAs":["https:\/\/www.facebook.com\/erboristeria.demetra.online"]}]}},"_links":{"self":[{"href":"https:\/\/www.erboristerie.com\/en\/wp-json\/wp\/v2\/product\/64230","targetHints":{"allow":["GET"]}}],"collection":[{"href":"https:\/\/www.erboristerie.com\/en\/wp-json\/wp\/v2\/product"}],"about":[{"href":"https:\/\/www.erboristerie.com\/en\/wp-json\/wp\/v2\/types\/product"}],"wp:featuredmedia":[{"embeddable":true,"href":"https:\/\/www.erboristerie.com\/en\/wp-json\/wp\/v2\/media\/119223"}],"wp:attachment":[{"href":"https:\/\/www.erboristerie.com\/en\/wp-json\/wp\/v2\/media?parent=64230"}],"wp:term":[{"taxonomy":"product_brand","embeddable":true,"href":"https:\/\/www.erboristerie.com\/en\/wp-json\/wp\/v2\/product_brand?post=64230"},{"taxonomy":"product_cat","embeddable":true,"href":"https:\/\/www.erboristerie.com\/en\/wp-json\/wp\/v2\/product_cat?post=64230"},{"taxonomy":"product_tag","embeddable":true,"href":"https:\/\/www.erboristerie.com\/en\/wp-json\/wp\/v2\/product_tag?post=64230"},{"taxonomy":"giftcard-category","embeddable":true,"href":"https:\/\/www.erboristerie.com\/en\/wp-json\/wp\/v2\/giftcard-category?post=64230"}],"curies":[{"name":"wp","href":"https:\/\/api.w.org\/{rel}","templated":true}]}}