{"id":64202,"date":"2013-05-11T00:00:00","date_gmt":"2013-05-11T00:00:00","guid":{"rendered":"http:\/\/www.erboristerie.com\/?post_type=product&#038;p=64202"},"modified":"2026-01-30T12:28:18","modified_gmt":"2026-01-30T11:28:18","slug":"silivis-180-pastiglie-sostiene-il-benessere-di-unghie-e-capelli","status":"publish","type":"product","link":"https:\/\/www.erboristerie.com\/en\/prodotto\/silivis-180-pastiglie-sostiene-il-benessere-di-unghie-e-capelli\/","title":{"rendered":"Silivis\u00a0180 pastiglie sostiene il benessere di unghie e capelli"},"content":{"rendered":"<p><strong>Silivis\u00a0180 pastiglie &#8211; dr. Giorgini<\/strong><\/p>\n<p>L\u2019equiseto ed il bamb\u00f9 sostengono il benessere di unghie e capelli.<\/p>\n<p>L\u2019equiseto \u00e8 utile anche per favorire il trofismo dei tessuti connettivi, il drenaggio dei liquidi corporei e la funzionalit\u00e0 delle vie urinarie.<\/p>\n<p>Bamb\u00f9 e centinodia, inoltre, possono promuovere la funzionalit\u00e0 del sistema digerente.<\/p>\n<p>Arricchito con vitamine e sali minerali utili per il benessere dei capelli (zinco, rame, selenio, biotina) e della pelle (zinco, rame, iodio, vitamina A, vitamina C e biotina).<\/p>\n<p>In particolare, la vitamina C contribuisce alla formazione del collagene necessario alla normale funzione di ossa, cartilagini, gengive, denti e vasi sanguigni.<\/p>\n<p><strong>Consigli d&#8217;uso<\/strong><\/p>\n<p>Si consiglia l\u2019assunzione di 5 pastiglie da una a tre volte al giorno in qualunque momento (da 5 a 15 pastiglie al giorno).<\/p>\n<p><strong>Ingredienti<\/strong><\/p>\n<p>Equiseto o coda cavallina (Equisetum arvense) erba Plv, bamb\u00f9 (Bambusa vulgaris) giovani fusti Plv, centinodia (Polygonum aviculare) erba Plv, cellulosa microcristallina\u00b0, gomma arabica\u00b0, acerola (Malpighia glabra) frutti E.S. (titolato al 50% in vitamina C), rosa canina (Rosa canina) frutti E.S. (titolato al 70% in vitamina C), zinco gluconato,\u00a0 silicio biossido\u00b0\u00b0, (L-)istidina, (L-)lisina HCL o cloridrato, magnesio stearato di origine vegetale\u00b0\u00b0, vitamina B3 (nicotinamide), rame gluconato, vitamina A (acetato di retinile), vitamina B2 (riboflavina),\u00a0 potassio ioduro, sodio selenito, biotina.<br \/>\n\u00b0Agente di carica.<br \/>\n\u00b0\u00b0Antiagglomerante.<br \/>\nPlv= Polvere. E.S.= Estratto secco. NRV= Valore nutritivo di riferimento.<\/p>\n<p><strong>Non contiene conservanti, coloranti, aromi ed edulcoranti di sintesi.<\/strong><\/p>\n<p><strong>Prodotto adatto ai vegani<\/strong><\/p>\n","protected":false},"excerpt":{"rendered":"<p>Silivis\u00a0180 pastiglie &#8211; dr. Giorgini L\u2019equiseto ed il bamb\u00f9 sostengono il benessere di unghie e capelli. L\u2019equiseto \u00e8 utile anche per favorire il trofismo dei tessuti connettivi, il drenaggio dei liquidi corporei e la funzionalit\u00e0 delle vie urinarie. Bamb\u00f9 e centinodia, inoltre, possono promuovere la&#8230;<\/p>\n","protected":false},"featured_media":119154,"template":"","meta":{"_acf_changed":false},"product_brand":[9598],"product_cat":[10163],"product_tag":[18177,18178,15945,10515],"giftcard-category":[],"class_list":{"0":"post-64202","1":"product","2":"type-product","3":"status-publish","4":"has-post-thumbnail","6":"product_brand-dr-giorgini-martino-ser-vis","7":"product_cat-linea-oro-classica","8":"product_tag-dr-2","9":"product_tag-giorgini-2","10":"product_tag-silivis","11":"product_tag-tavolette","12":"pa_formato-180-grammi","13":"pa_linea-linea-oro","14":"pa_marca-dr-giorgini","15":"pa_tipologia-compresse","17":"first","18":"instock","19":"sale","20":"taxable","21":"shipping-taxable","22":"purchasable","23":"product-type-simple"},"acf":[],"yoast_head":"<!-- This site is optimized with the Yoast SEO plugin v24.9 - https:\/\/yoast.com\/wordpress\/plugins\/seo\/ -->\n<title>Silivis\u00a0180 pastiglie sostiene il benessere di unghie e capelli - Erboristeria Demetra<\/title>\n<meta name=\"description\" content=\"Arricchito con vitamine e sali minerali utili per il benessere dei capelli e della pelle. Con Collagene, utile per cartilagini, capelli, ossa e pelle\" \/>\n<meta name=\"robots\" content=\"index, follow, max-snippet:-1, max-image-preview:large, max-video-preview:-1\" \/>\n<link rel=\"canonical\" href=\"https:\/\/www.erboristerie.com\/it\/prodotto\/silivis-180-pastiglie-sostiene-il-benessere-di-unghie-e-capelli\/\" \/>\n<meta property=\"og:locale\" content=\"en_US\" \/>\n<meta property=\"og:type\" content=\"article\" \/>\n<meta property=\"og:title\" content=\"Silivis\u00a0180 pastiglie sostiene il benessere di unghie e capelli - Erboristeria Demetra\" \/>\n<meta property=\"og:description\" content=\"Arricchito con vitamine e sali minerali utili per il benessere dei capelli e della pelle. Con Collagene, utile per cartilagini, capelli, ossa e pelle\" \/>\n<meta property=\"og:url\" content=\"https:\/\/www.erboristerie.com\/it\/prodotto\/silivis-180-pastiglie-sostiene-il-benessere-di-unghie-e-capelli\/\" \/>\n<meta property=\"og:site_name\" content=\"Erboristeria Demetra\" \/>\n<meta property=\"article:publisher\" content=\"https:\/\/www.facebook.com\/erboristeria.demetra.online\" \/>\n<meta property=\"article:modified_time\" content=\"2026-01-30T11:28:18+00:00\" \/>\n<meta property=\"og:image\" content=\"https:\/\/www.erboristerie.com\/wp-content\/uploads\/2013\/05\/00008521-silivis-180-pastiglie.jpeg\" \/>\n\t<meta property=\"og:image:width\" content=\"1200\" \/>\n\t<meta property=\"og:image:height\" content=\"1200\" \/>\n\t<meta property=\"og:image:type\" content=\"image\/jpeg\" \/>\n<meta name=\"twitter:card\" content=\"summary_large_image\" \/>\n<meta name=\"twitter:label1\" content=\"Est. reading time\" \/>\n\t<meta name=\"twitter:data1\" content=\"2 minutes\" \/>\n<script type=\"application\/ld+json\" class=\"yoast-schema-graph\">{\"@context\":\"https:\/\/schema.org\",\"@graph\":[{\"@type\":\"WebPage\",\"@id\":\"https:\/\/www.erboristerie.com\/it\/prodotto\/silivis-180-pastiglie-sostiene-il-benessere-di-unghie-e-capelli\/\",\"url\":\"https:\/\/www.erboristerie.com\/it\/prodotto\/silivis-180-pastiglie-sostiene-il-benessere-di-unghie-e-capelli\/\",\"name\":\"Silivis\u00a0180 pastiglie sostiene il benessere di unghie e capelli - Erboristeria Demetra\",\"isPartOf\":{\"@id\":\"https:\/\/www.erboristerie.com\/it\/#website\"},\"primaryImageOfPage\":{\"@id\":\"https:\/\/www.erboristerie.com\/it\/prodotto\/silivis-180-pastiglie-sostiene-il-benessere-di-unghie-e-capelli\/#primaryimage\"},\"image\":{\"@id\":\"https:\/\/www.erboristerie.com\/it\/prodotto\/silivis-180-pastiglie-sostiene-il-benessere-di-unghie-e-capelli\/#primaryimage\"},\"thumbnailUrl\":\"https:\/\/www.erboristerie.com\/wp-content\/uploads\/2013\/05\/00008521-silivis-180-pastiglie.jpeg\",\"datePublished\":\"2013-05-11T00:00:00+00:00\",\"dateModified\":\"2026-01-30T11:28:18+00:00\",\"description\":\"Arricchito con vitamine e sali minerali utili per il benessere dei capelli e della pelle. Con Collagene, utile per cartilagini, capelli, ossa e pelle\",\"breadcrumb\":{\"@id\":\"https:\/\/www.erboristerie.com\/it\/prodotto\/silivis-180-pastiglie-sostiene-il-benessere-di-unghie-e-capelli\/#breadcrumb\"},\"inLanguage\":\"en-US\",\"potentialAction\":[{\"@type\":\"ReadAction\",\"target\":[\"https:\/\/www.erboristerie.com\/it\/prodotto\/silivis-180-pastiglie-sostiene-il-benessere-di-unghie-e-capelli\/\"]}]},{\"@type\":\"ImageObject\",\"inLanguage\":\"en-US\",\"@id\":\"https:\/\/www.erboristerie.com\/it\/prodotto\/silivis-180-pastiglie-sostiene-il-benessere-di-unghie-e-capelli\/#primaryimage\",\"url\":\"https:\/\/www.erboristerie.com\/wp-content\/uploads\/2013\/05\/00008521-silivis-180-pastiglie.jpeg\",\"contentUrl\":\"https:\/\/www.erboristerie.com\/wp-content\/uploads\/2013\/05\/00008521-silivis-180-pastiglie.jpeg\",\"width\":1200,\"height\":1200},{\"@type\":\"BreadcrumbList\",\"@id\":\"https:\/\/www.erboristerie.com\/it\/prodotto\/silivis-180-pastiglie-sostiene-il-benessere-di-unghie-e-capelli\/#breadcrumb\",\"itemListElement\":[{\"@type\":\"ListItem\",\"position\":1,\"name\":\"Home\",\"item\":\"https:\/\/www.erboristerie.com\/en\/\"},{\"@type\":\"ListItem\",\"position\":2,\"name\":\"All products\",\"item\":\"https:\/\/www.erboristerie.com\/en\/all-products\/\"},{\"@type\":\"ListItem\",\"position\":3,\"name\":\"Silivis\u00a0180 pastiglie sostiene il benessere di unghie e capelli\"}]},{\"@type\":\"WebSite\",\"@id\":\"https:\/\/www.erboristerie.com\/it\/#website\",\"url\":\"https:\/\/www.erboristerie.com\/it\/\",\"name\":\"Erboristeria Demetra\",\"description\":\"Your natural health\",\"publisher\":{\"@id\":\"https:\/\/www.erboristerie.com\/it\/#organization\"},\"potentialAction\":[{\"@type\":\"SearchAction\",\"target\":{\"@type\":\"EntryPoint\",\"urlTemplate\":\"https:\/\/www.erboristerie.com\/it\/?s={search_term_string}\"},\"query-input\":{\"@type\":\"PropertyValueSpecification\",\"valueRequired\":true,\"valueName\":\"search_term_string\"}}],\"inLanguage\":\"en-US\"},{\"@type\":\"Organization\",\"@id\":\"https:\/\/www.erboristerie.com\/it\/#organization\",\"name\":\"Erboristeria Demetra\",\"url\":\"https:\/\/www.erboristerie.com\/it\/\",\"logo\":{\"@type\":\"ImageObject\",\"inLanguage\":\"en-US\",\"@id\":\"https:\/\/www.erboristerie.com\/it\/#\/schema\/logo\/image\/\",\"url\":\"https:\/\/www.erboristerie.com\/wp-content\/uploads\/2019\/11\/LOGO_ERBORISTERIA_DEMETRA_original.png?v=1611516981\",\"contentUrl\":\"https:\/\/www.erboristerie.com\/wp-content\/uploads\/2019\/11\/LOGO_ERBORISTERIA_DEMETRA_original.png?v=1611516981\",\"width\":201,\"height\":54,\"caption\":\"Erboristeria Demetra\"},\"image\":{\"@id\":\"https:\/\/www.erboristerie.com\/it\/#\/schema\/logo\/image\/\"},\"sameAs\":[\"https:\/\/www.facebook.com\/erboristeria.demetra.online\"]}]}<\/script>\n<!-- \/ Yoast SEO plugin. -->","yoast_head_json":{"title":"Silivis\u00a0180 pastiglie sostiene il benessere di unghie e capelli - Erboristeria Demetra","description":"Arricchito con vitamine e sali minerali utili per il benessere dei capelli e della pelle. Con Collagene, utile per cartilagini, capelli, ossa e pelle","robots":{"index":"index","follow":"follow","max-snippet":"max-snippet:-1","max-image-preview":"max-image-preview:large","max-video-preview":"max-video-preview:-1"},"canonical":"https:\/\/www.erboristerie.com\/it\/prodotto\/silivis-180-pastiglie-sostiene-il-benessere-di-unghie-e-capelli\/","og_locale":"en_US","og_type":"article","og_title":"Silivis\u00a0180 pastiglie sostiene il benessere di unghie e capelli - Erboristeria Demetra","og_description":"Arricchito con vitamine e sali minerali utili per il benessere dei capelli e della pelle. Con Collagene, utile per cartilagini, capelli, ossa e pelle","og_url":"https:\/\/www.erboristerie.com\/it\/prodotto\/silivis-180-pastiglie-sostiene-il-benessere-di-unghie-e-capelli\/","og_site_name":"Erboristeria Demetra","article_publisher":"https:\/\/www.facebook.com\/erboristeria.demetra.online","article_modified_time":"2026-01-30T11:28:18+00:00","og_image":[{"width":1200,"height":1200,"url":"https:\/\/www.erboristerie.com\/wp-content\/uploads\/2013\/05\/00008521-silivis-180-pastiglie.jpeg","type":"image\/jpeg"}],"twitter_card":"summary_large_image","twitter_misc":{"Est. reading time":"2 minutes"},"schema":{"@context":"https:\/\/schema.org","@graph":[{"@type":"WebPage","@id":"https:\/\/www.erboristerie.com\/it\/prodotto\/silivis-180-pastiglie-sostiene-il-benessere-di-unghie-e-capelli\/","url":"https:\/\/www.erboristerie.com\/it\/prodotto\/silivis-180-pastiglie-sostiene-il-benessere-di-unghie-e-capelli\/","name":"Silivis\u00a0180 pastiglie sostiene il benessere di unghie e capelli - Erboristeria Demetra","isPartOf":{"@id":"https:\/\/www.erboristerie.com\/it\/#website"},"primaryImageOfPage":{"@id":"https:\/\/www.erboristerie.com\/it\/prodotto\/silivis-180-pastiglie-sostiene-il-benessere-di-unghie-e-capelli\/#primaryimage"},"image":{"@id":"https:\/\/www.erboristerie.com\/it\/prodotto\/silivis-180-pastiglie-sostiene-il-benessere-di-unghie-e-capelli\/#primaryimage"},"thumbnailUrl":"https:\/\/www.erboristerie.com\/wp-content\/uploads\/2013\/05\/00008521-silivis-180-pastiglie.jpeg","datePublished":"2013-05-11T00:00:00+00:00","dateModified":"2026-01-30T11:28:18+00:00","description":"Arricchito con vitamine e sali minerali utili per il benessere dei capelli e della pelle. Con Collagene, utile per cartilagini, capelli, ossa e pelle","breadcrumb":{"@id":"https:\/\/www.erboristerie.com\/it\/prodotto\/silivis-180-pastiglie-sostiene-il-benessere-di-unghie-e-capelli\/#breadcrumb"},"inLanguage":"en-US","potentialAction":[{"@type":"ReadAction","target":["https:\/\/www.erboristerie.com\/it\/prodotto\/silivis-180-pastiglie-sostiene-il-benessere-di-unghie-e-capelli\/"]}]},{"@type":"ImageObject","inLanguage":"en-US","@id":"https:\/\/www.erboristerie.com\/it\/prodotto\/silivis-180-pastiglie-sostiene-il-benessere-di-unghie-e-capelli\/#primaryimage","url":"https:\/\/www.erboristerie.com\/wp-content\/uploads\/2013\/05\/00008521-silivis-180-pastiglie.jpeg","contentUrl":"https:\/\/www.erboristerie.com\/wp-content\/uploads\/2013\/05\/00008521-silivis-180-pastiglie.jpeg","width":1200,"height":1200},{"@type":"BreadcrumbList","@id":"https:\/\/www.erboristerie.com\/it\/prodotto\/silivis-180-pastiglie-sostiene-il-benessere-di-unghie-e-capelli\/#breadcrumb","itemListElement":[{"@type":"ListItem","position":1,"name":"Home","item":"https:\/\/www.erboristerie.com\/en\/"},{"@type":"ListItem","position":2,"name":"All products","item":"https:\/\/www.erboristerie.com\/en\/all-products\/"},{"@type":"ListItem","position":3,"name":"Silivis\u00a0180 pastiglie sostiene il benessere di unghie e capelli"}]},{"@type":"WebSite","@id":"https:\/\/www.erboristerie.com\/it\/#website","url":"https:\/\/www.erboristerie.com\/it\/","name":"Erboristeria Demetra","description":"Your natural health","publisher":{"@id":"https:\/\/www.erboristerie.com\/it\/#organization"},"potentialAction":[{"@type":"SearchAction","target":{"@type":"EntryPoint","urlTemplate":"https:\/\/www.erboristerie.com\/it\/?s={search_term_string}"},"query-input":{"@type":"PropertyValueSpecification","valueRequired":true,"valueName":"search_term_string"}}],"inLanguage":"en-US"},{"@type":"Organization","@id":"https:\/\/www.erboristerie.com\/it\/#organization","name":"Erboristeria Demetra","url":"https:\/\/www.erboristerie.com\/it\/","logo":{"@type":"ImageObject","inLanguage":"en-US","@id":"https:\/\/www.erboristerie.com\/it\/#\/schema\/logo\/image\/","url":"https:\/\/www.erboristerie.com\/wp-content\/uploads\/2019\/11\/LOGO_ERBORISTERIA_DEMETRA_original.png?v=1611516981","contentUrl":"https:\/\/www.erboristerie.com\/wp-content\/uploads\/2019\/11\/LOGO_ERBORISTERIA_DEMETRA_original.png?v=1611516981","width":201,"height":54,"caption":"Erboristeria Demetra"},"image":{"@id":"https:\/\/www.erboristerie.com\/it\/#\/schema\/logo\/image\/"},"sameAs":["https:\/\/www.facebook.com\/erboristeria.demetra.online"]}]}},"_links":{"self":[{"href":"https:\/\/www.erboristerie.com\/en\/wp-json\/wp\/v2\/product\/64202","targetHints":{"allow":["GET"]}}],"collection":[{"href":"https:\/\/www.erboristerie.com\/en\/wp-json\/wp\/v2\/product"}],"about":[{"href":"https:\/\/www.erboristerie.com\/en\/wp-json\/wp\/v2\/types\/product"}],"wp:featuredmedia":[{"embeddable":true,"href":"https:\/\/www.erboristerie.com\/en\/wp-json\/wp\/v2\/media\/119154"}],"wp:attachment":[{"href":"https:\/\/www.erboristerie.com\/en\/wp-json\/wp\/v2\/media?parent=64202"}],"wp:term":[{"taxonomy":"product_brand","embeddable":true,"href":"https:\/\/www.erboristerie.com\/en\/wp-json\/wp\/v2\/product_brand?post=64202"},{"taxonomy":"product_cat","embeddable":true,"href":"https:\/\/www.erboristerie.com\/en\/wp-json\/wp\/v2\/product_cat?post=64202"},{"taxonomy":"product_tag","embeddable":true,"href":"https:\/\/www.erboristerie.com\/en\/wp-json\/wp\/v2\/product_tag?post=64202"},{"taxonomy":"giftcard-category","embeddable":true,"href":"https:\/\/www.erboristerie.com\/en\/wp-json\/wp\/v2\/giftcard-category?post=64202"}],"curies":[{"name":"wp","href":"https:\/\/api.w.org\/{rel}","templated":true}]}}