{"id":60514,"date":"2012-05-19T10:38:02","date_gmt":"2012-05-19T08:38:02","guid":{"rendered":"http:\/\/www.erboristerie.com\/?post_type=product&#038;p=60514"},"modified":"2025-02-28T10:35:40","modified_gmt":"2025-02-28T09:35:40","slug":"natural-vita-d3-100-perle-di-vitamina-d3-naturale-400-u-i-10-mcg-per-perla","status":"publish","type":"product","link":"https:\/\/www.erboristerie.com\/en\/prodotto\/natural-vita-d3-100-perle-di-vitamina-d3-naturale-400-u-i-10-mcg-per-perla\/","title":{"rendered":"Natural Vita D3 100 perle di vitamina D3 naturale 400 U.I. (10 MCG) per perla"},"content":{"rendered":"<p><strong>Natural Vita D3 100 perle &#8211; Solgar<\/strong><\/p>\n<p>Vitamina D3 naturale olio di fegato di pesce 400 UI (10 MCG)\u00a0 per perla<\/p>\n<p>Integratore alimentare a base di vitamina D naturale (vitamina D3 estratta da olio di fegato di pesce).<\/p>\n<p>La vitamina D viene sintetizzata a livello cutaneo in seguito a esposizione solare e la sua sintesi pu\u00f2 ridursi in particolare durante i mesi invernali, quando invece l\u00b4esposizione diviene pi\u00f9 modesta.<\/p>\n<p>La vitamina D contribuisce al normale assorbimento e utilizzo del calcio e del fosforo, minerali utili per la funzionalit\u00e0 neuromuscolare e la mineralizzazione ossea.<\/p>\n<p>Contribuisce quindi al mantenimento di ossa e denti normali.<\/p>\n<p>La vitamina D inoltre concorre al fisiologico funzionamento del sistema immunitario e sostiene inoltre una regolare funzionalit\u00e0 muscolare.<\/p>\n<p>NATURAL VITA D3 \u00e8 un integratore alimentare contenente <strong>Vitamina D3, 400 Unit\u00e0 Internazionali (UI) per perla softgel<\/strong>.<\/p>\n<p><strong>Informazioni nutrizionali<\/strong><\/p>\n<p><strong>Vitamina D3 (800 UI) 20 mcg<\/strong> (%VNR*400)<\/p>\n<p>*% VNR (Valori Nutritivi di Riferimento)<\/p>\n<p><strong>Ingredienti<\/strong><\/p>\n<p>Olio di cartamo (Carthamus tinctorius L.). Gelatina alimentare. Agente di resistenza: Glicerolo. Vitamina D3 (Colecalciferolo) da olio di fegato di pesce.<\/p>\n<p><strong>Modo d&#8217;uso<\/strong><\/p>\n<p>Deglutire da 1 a 2 perle softgels al giorno, con acqua, preferibilmente ai pasti. E&#8217; possibile utilizzare fino a 5 perle al giorno (2000 UI). Non superare la dose giornaliera raccomandata.<\/p>\n<p><strong>Senza glutine<\/strong><br \/>\n<strong>Senza lattosio<\/strong><\/p>\n","protected":false},"excerpt":{"rendered":"<p>Natural Vita D3 100 perle &#8211; Solgar Vitamina D3 naturale olio di fegato di pesce 400 UI (10 MCG)\u00a0 per perla Integratore alimentare a base di vitamina D naturale (vitamina D3 estratta da olio di fegato di pesce). La vitamina D viene sintetizzata a livello&#8230;<\/p>\n","protected":false},"featured_media":129220,"template":"","meta":{"_acf_changed":false},"product_brand":[9591],"product_cat":[9799],"product_tag":[12982,10565,12319],"giftcard-category":[],"class_list":{"0":"post-60514","1":"product","2":"type-product","3":"status-publish","4":"has-post-thumbnail","6":"product_brand-solgar","7":"product_cat-vitamine-e-minerali","8":"product_tag-natural","9":"product_tag-vita","10":"product_tag-vitamina","11":"pa_formato-100-capsule","12":"pa_marca-solgar","13":"pa_tipologia-capsule","15":"first","16":"instock","17":"sale","18":"taxable","19":"shipping-taxable","20":"purchasable","21":"product-type-simple"},"acf":[],"yoast_head":"<!-- This site is optimized with the Yoast SEO plugin v24.9 - https:\/\/yoast.com\/wordpress\/plugins\/seo\/ -->\n<title>Natural Vita D3 100 perle di vitamina D3 naturale 400 U.I. (10 MCG) per perla - Erboristeria Demetra<\/title>\n<meta name=\"description\" content=\"NATURAL VITA D3 \u00e8 un integratore alimentare contenente Vitamina D3, 400 Unit\u00e0 Internazionali (UI) per perla softgel. 1 o 2 al d\u00ec\" \/>\n<meta name=\"robots\" content=\"index, follow, max-snippet:-1, max-image-preview:large, max-video-preview:-1\" \/>\n<link rel=\"canonical\" href=\"https:\/\/www.erboristerie.com\/it\/prodotto\/natural-vita-d3-100-perle-di-vitamina-d3-naturale-400-u-i-10-mcg-per-perla\/\" \/>\n<meta property=\"og:locale\" content=\"en_US\" \/>\n<meta property=\"og:type\" content=\"article\" \/>\n<meta property=\"og:title\" content=\"Natural Vita D3 100 perle di vitamina D3 naturale 400 U.I. (10 MCG) per perla - Erboristeria Demetra\" \/>\n<meta property=\"og:description\" content=\"NATURAL VITA D3 \u00e8 un integratore alimentare contenente Vitamina D3, 400 Unit\u00e0 Internazionali (UI) per perla softgel. 1 o 2 al d\u00ec\" \/>\n<meta property=\"og:url\" content=\"https:\/\/www.erboristerie.com\/it\/prodotto\/natural-vita-d3-100-perle-di-vitamina-d3-naturale-400-u-i-10-mcg-per-perla\/\" \/>\n<meta property=\"og:site_name\" content=\"Erboristeria Demetra\" \/>\n<meta property=\"article:publisher\" content=\"https:\/\/www.facebook.com\/erboristeria.demetra.online\" \/>\n<meta property=\"article:modified_time\" content=\"2025-02-28T09:35:40+00:00\" \/>\n<meta property=\"og:image\" content=\"https:\/\/www.erboristerie.com\/wp-content\/uploads\/2012\/05\/00008858-natural-vitamina-d3-100-perle-solgar-erboristerie-com.jpg\" \/>\n\t<meta property=\"og:image:width\" content=\"800\" \/>\n\t<meta property=\"og:image:height\" content=\"800\" \/>\n\t<meta property=\"og:image:type\" content=\"image\/jpeg\" \/>\n<meta name=\"twitter:card\" content=\"summary_large_image\" \/>\n<meta name=\"twitter:label1\" content=\"Est. reading time\" \/>\n\t<meta name=\"twitter:data1\" content=\"2 minutes\" \/>\n<script type=\"application\/ld+json\" class=\"yoast-schema-graph\">{\"@context\":\"https:\/\/schema.org\",\"@graph\":[{\"@type\":\"WebPage\",\"@id\":\"https:\/\/www.erboristerie.com\/it\/prodotto\/natural-vita-d3-100-perle-di-vitamina-d3-naturale-400-u-i-10-mcg-per-perla\/\",\"url\":\"https:\/\/www.erboristerie.com\/it\/prodotto\/natural-vita-d3-100-perle-di-vitamina-d3-naturale-400-u-i-10-mcg-per-perla\/\",\"name\":\"Natural Vita D3 100 perle di vitamina D3 naturale 400 U.I. (10 MCG) per perla - Erboristeria Demetra\",\"isPartOf\":{\"@id\":\"https:\/\/www.erboristerie.com\/it\/#website\"},\"primaryImageOfPage\":{\"@id\":\"https:\/\/www.erboristerie.com\/it\/prodotto\/natural-vita-d3-100-perle-di-vitamina-d3-naturale-400-u-i-10-mcg-per-perla\/#primaryimage\"},\"image\":{\"@id\":\"https:\/\/www.erboristerie.com\/it\/prodotto\/natural-vita-d3-100-perle-di-vitamina-d3-naturale-400-u-i-10-mcg-per-perla\/#primaryimage\"},\"thumbnailUrl\":\"https:\/\/www.erboristerie.com\/wp-content\/uploads\/2012\/05\/00008858-natural-vitamina-d3-100-perle-solgar-erboristerie-com.jpg\",\"datePublished\":\"2012-05-19T08:38:02+00:00\",\"dateModified\":\"2025-02-28T09:35:40+00:00\",\"description\":\"NATURAL VITA D3 \u00e8 un integratore alimentare contenente Vitamina D3, 400 Unit\u00e0 Internazionali (UI) per perla softgel. 1 o 2 al d\u00ec\",\"breadcrumb\":{\"@id\":\"https:\/\/www.erboristerie.com\/it\/prodotto\/natural-vita-d3-100-perle-di-vitamina-d3-naturale-400-u-i-10-mcg-per-perla\/#breadcrumb\"},\"inLanguage\":\"en-US\",\"potentialAction\":[{\"@type\":\"ReadAction\",\"target\":[\"https:\/\/www.erboristerie.com\/it\/prodotto\/natural-vita-d3-100-perle-di-vitamina-d3-naturale-400-u-i-10-mcg-per-perla\/\"]}]},{\"@type\":\"ImageObject\",\"inLanguage\":\"en-US\",\"@id\":\"https:\/\/www.erboristerie.com\/it\/prodotto\/natural-vita-d3-100-perle-di-vitamina-d3-naturale-400-u-i-10-mcg-per-perla\/#primaryimage\",\"url\":\"https:\/\/www.erboristerie.com\/wp-content\/uploads\/2012\/05\/00008858-natural-vitamina-d3-100-perle-solgar-erboristerie-com.jpg\",\"contentUrl\":\"https:\/\/www.erboristerie.com\/wp-content\/uploads\/2012\/05\/00008858-natural-vitamina-d3-100-perle-solgar-erboristerie-com.jpg\",\"width\":800,\"height\":800},{\"@type\":\"BreadcrumbList\",\"@id\":\"https:\/\/www.erboristerie.com\/it\/prodotto\/natural-vita-d3-100-perle-di-vitamina-d3-naturale-400-u-i-10-mcg-per-perla\/#breadcrumb\",\"itemListElement\":[{\"@type\":\"ListItem\",\"position\":1,\"name\":\"Home\",\"item\":\"https:\/\/www.erboristerie.com\/en\/\"},{\"@type\":\"ListItem\",\"position\":2,\"name\":\"All products\",\"item\":\"https:\/\/www.erboristerie.com\/en\/all-products\/\"},{\"@type\":\"ListItem\",\"position\":3,\"name\":\"Natural Vita D3 100 perle di vitamina D3 naturale 400 U.I. (10 MCG) per perla\"}]},{\"@type\":\"WebSite\",\"@id\":\"https:\/\/www.erboristerie.com\/it\/#website\",\"url\":\"https:\/\/www.erboristerie.com\/it\/\",\"name\":\"Erboristeria Demetra\",\"description\":\"Your natural health\",\"publisher\":{\"@id\":\"https:\/\/www.erboristerie.com\/it\/#organization\"},\"potentialAction\":[{\"@type\":\"SearchAction\",\"target\":{\"@type\":\"EntryPoint\",\"urlTemplate\":\"https:\/\/www.erboristerie.com\/it\/?s={search_term_string}\"},\"query-input\":{\"@type\":\"PropertyValueSpecification\",\"valueRequired\":true,\"valueName\":\"search_term_string\"}}],\"inLanguage\":\"en-US\"},{\"@type\":\"Organization\",\"@id\":\"https:\/\/www.erboristerie.com\/it\/#organization\",\"name\":\"Erboristeria Demetra\",\"url\":\"https:\/\/www.erboristerie.com\/it\/\",\"logo\":{\"@type\":\"ImageObject\",\"inLanguage\":\"en-US\",\"@id\":\"https:\/\/www.erboristerie.com\/it\/#\/schema\/logo\/image\/\",\"url\":\"https:\/\/www.erboristerie.com\/wp-content\/uploads\/2019\/11\/LOGO_ERBORISTERIA_DEMETRA_original.png?v=1611516981\",\"contentUrl\":\"https:\/\/www.erboristerie.com\/wp-content\/uploads\/2019\/11\/LOGO_ERBORISTERIA_DEMETRA_original.png?v=1611516981\",\"width\":201,\"height\":54,\"caption\":\"Erboristeria Demetra\"},\"image\":{\"@id\":\"https:\/\/www.erboristerie.com\/it\/#\/schema\/logo\/image\/\"},\"sameAs\":[\"https:\/\/www.facebook.com\/erboristeria.demetra.online\"]}]}<\/script>\n<!-- \/ Yoast SEO plugin. -->","yoast_head_json":{"title":"Natural Vita D3 100 perle di vitamina D3 naturale 400 U.I. (10 MCG) per perla - Erboristeria Demetra","description":"NATURAL VITA D3 \u00e8 un integratore alimentare contenente Vitamina D3, 400 Unit\u00e0 Internazionali (UI) per perla softgel. 1 o 2 al d\u00ec","robots":{"index":"index","follow":"follow","max-snippet":"max-snippet:-1","max-image-preview":"max-image-preview:large","max-video-preview":"max-video-preview:-1"},"canonical":"https:\/\/www.erboristerie.com\/it\/prodotto\/natural-vita-d3-100-perle-di-vitamina-d3-naturale-400-u-i-10-mcg-per-perla\/","og_locale":"en_US","og_type":"article","og_title":"Natural Vita D3 100 perle di vitamina D3 naturale 400 U.I. (10 MCG) per perla - Erboristeria Demetra","og_description":"NATURAL VITA D3 \u00e8 un integratore alimentare contenente Vitamina D3, 400 Unit\u00e0 Internazionali (UI) per perla softgel. 1 o 2 al d\u00ec","og_url":"https:\/\/www.erboristerie.com\/it\/prodotto\/natural-vita-d3-100-perle-di-vitamina-d3-naturale-400-u-i-10-mcg-per-perla\/","og_site_name":"Erboristeria Demetra","article_publisher":"https:\/\/www.facebook.com\/erboristeria.demetra.online","article_modified_time":"2025-02-28T09:35:40+00:00","og_image":[{"width":800,"height":800,"url":"https:\/\/www.erboristerie.com\/wp-content\/uploads\/2012\/05\/00008858-natural-vitamina-d3-100-perle-solgar-erboristerie-com.jpg","type":"image\/jpeg"}],"twitter_card":"summary_large_image","twitter_misc":{"Est. reading time":"2 minutes"},"schema":{"@context":"https:\/\/schema.org","@graph":[{"@type":"WebPage","@id":"https:\/\/www.erboristerie.com\/it\/prodotto\/natural-vita-d3-100-perle-di-vitamina-d3-naturale-400-u-i-10-mcg-per-perla\/","url":"https:\/\/www.erboristerie.com\/it\/prodotto\/natural-vita-d3-100-perle-di-vitamina-d3-naturale-400-u-i-10-mcg-per-perla\/","name":"Natural Vita D3 100 perle di vitamina D3 naturale 400 U.I. (10 MCG) per perla - Erboristeria Demetra","isPartOf":{"@id":"https:\/\/www.erboristerie.com\/it\/#website"},"primaryImageOfPage":{"@id":"https:\/\/www.erboristerie.com\/it\/prodotto\/natural-vita-d3-100-perle-di-vitamina-d3-naturale-400-u-i-10-mcg-per-perla\/#primaryimage"},"image":{"@id":"https:\/\/www.erboristerie.com\/it\/prodotto\/natural-vita-d3-100-perle-di-vitamina-d3-naturale-400-u-i-10-mcg-per-perla\/#primaryimage"},"thumbnailUrl":"https:\/\/www.erboristerie.com\/wp-content\/uploads\/2012\/05\/00008858-natural-vitamina-d3-100-perle-solgar-erboristerie-com.jpg","datePublished":"2012-05-19T08:38:02+00:00","dateModified":"2025-02-28T09:35:40+00:00","description":"NATURAL VITA D3 \u00e8 un integratore alimentare contenente Vitamina D3, 400 Unit\u00e0 Internazionali (UI) per perla softgel. 1 o 2 al d\u00ec","breadcrumb":{"@id":"https:\/\/www.erboristerie.com\/it\/prodotto\/natural-vita-d3-100-perle-di-vitamina-d3-naturale-400-u-i-10-mcg-per-perla\/#breadcrumb"},"inLanguage":"en-US","potentialAction":[{"@type":"ReadAction","target":["https:\/\/www.erboristerie.com\/it\/prodotto\/natural-vita-d3-100-perle-di-vitamina-d3-naturale-400-u-i-10-mcg-per-perla\/"]}]},{"@type":"ImageObject","inLanguage":"en-US","@id":"https:\/\/www.erboristerie.com\/it\/prodotto\/natural-vita-d3-100-perle-di-vitamina-d3-naturale-400-u-i-10-mcg-per-perla\/#primaryimage","url":"https:\/\/www.erboristerie.com\/wp-content\/uploads\/2012\/05\/00008858-natural-vitamina-d3-100-perle-solgar-erboristerie-com.jpg","contentUrl":"https:\/\/www.erboristerie.com\/wp-content\/uploads\/2012\/05\/00008858-natural-vitamina-d3-100-perle-solgar-erboristerie-com.jpg","width":800,"height":800},{"@type":"BreadcrumbList","@id":"https:\/\/www.erboristerie.com\/it\/prodotto\/natural-vita-d3-100-perle-di-vitamina-d3-naturale-400-u-i-10-mcg-per-perla\/#breadcrumb","itemListElement":[{"@type":"ListItem","position":1,"name":"Home","item":"https:\/\/www.erboristerie.com\/en\/"},{"@type":"ListItem","position":2,"name":"All products","item":"https:\/\/www.erboristerie.com\/en\/all-products\/"},{"@type":"ListItem","position":3,"name":"Natural Vita D3 100 perle di vitamina D3 naturale 400 U.I. (10 MCG) per perla"}]},{"@type":"WebSite","@id":"https:\/\/www.erboristerie.com\/it\/#website","url":"https:\/\/www.erboristerie.com\/it\/","name":"Erboristeria Demetra","description":"Your natural health","publisher":{"@id":"https:\/\/www.erboristerie.com\/it\/#organization"},"potentialAction":[{"@type":"SearchAction","target":{"@type":"EntryPoint","urlTemplate":"https:\/\/www.erboristerie.com\/it\/?s={search_term_string}"},"query-input":{"@type":"PropertyValueSpecification","valueRequired":true,"valueName":"search_term_string"}}],"inLanguage":"en-US"},{"@type":"Organization","@id":"https:\/\/www.erboristerie.com\/it\/#organization","name":"Erboristeria Demetra","url":"https:\/\/www.erboristerie.com\/it\/","logo":{"@type":"ImageObject","inLanguage":"en-US","@id":"https:\/\/www.erboristerie.com\/it\/#\/schema\/logo\/image\/","url":"https:\/\/www.erboristerie.com\/wp-content\/uploads\/2019\/11\/LOGO_ERBORISTERIA_DEMETRA_original.png?v=1611516981","contentUrl":"https:\/\/www.erboristerie.com\/wp-content\/uploads\/2019\/11\/LOGO_ERBORISTERIA_DEMETRA_original.png?v=1611516981","width":201,"height":54,"caption":"Erboristeria Demetra"},"image":{"@id":"https:\/\/www.erboristerie.com\/it\/#\/schema\/logo\/image\/"},"sameAs":["https:\/\/www.facebook.com\/erboristeria.demetra.online"]}]}},"_links":{"self":[{"href":"https:\/\/www.erboristerie.com\/en\/wp-json\/wp\/v2\/product\/60514","targetHints":{"allow":["GET"]}}],"collection":[{"href":"https:\/\/www.erboristerie.com\/en\/wp-json\/wp\/v2\/product"}],"about":[{"href":"https:\/\/www.erboristerie.com\/en\/wp-json\/wp\/v2\/types\/product"}],"wp:featuredmedia":[{"embeddable":true,"href":"https:\/\/www.erboristerie.com\/en\/wp-json\/wp\/v2\/media\/129220"}],"wp:attachment":[{"href":"https:\/\/www.erboristerie.com\/en\/wp-json\/wp\/v2\/media?parent=60514"}],"wp:term":[{"taxonomy":"product_brand","embeddable":true,"href":"https:\/\/www.erboristerie.com\/en\/wp-json\/wp\/v2\/product_brand?post=60514"},{"taxonomy":"product_cat","embeddable":true,"href":"https:\/\/www.erboristerie.com\/en\/wp-json\/wp\/v2\/product_cat?post=60514"},{"taxonomy":"product_tag","embeddable":true,"href":"https:\/\/www.erboristerie.com\/en\/wp-json\/wp\/v2\/product_tag?post=60514"},{"taxonomy":"giftcard-category","embeddable":true,"href":"https:\/\/www.erboristerie.com\/en\/wp-json\/wp\/v2\/giftcard-category?post=60514"}],"curies":[{"name":"wp","href":"https:\/\/api.w.org\/{rel}","templated":true}]}}