{"id":60106,"date":"2011-10-28T12:36:01","date_gmt":"2011-10-28T10:36:01","guid":{"rendered":"http:\/\/www.erboristerie.com\/?post_type=product&#038;p=60106"},"modified":"2025-09-05T23:50:25","modified_gmt":"2025-09-05T21:50:25","slug":"ansileve-30-capsule-per-il-rilassamento-e-benessere-mentale-e-il-tono-dellumore-naturando","status":"publish","type":"product","link":"https:\/\/www.erboristerie.com\/en\/prodotto\/ansileve-30-capsule-per-il-rilassamento-e-benessere-mentale-e-il-tono-dellumore-naturando\/","title":{"rendered":"Ansileve 30 capsule per il rilassamento e benessere mentale e il tono dell\u2019umore &#8211; Naturando"},"content":{"rendered":"<p><strong>Ansileve 30 capsule -Naturando<\/strong><br \/>\n1 o 2 capsule al d\u00ec<\/p>\n<p>\u2022 <strong>Rilassamento e benessere mentale<\/strong>: Melissa, Griffonia.<br \/>\n\u2022 <strong>Tono dell\u2019umore<\/strong>: Rodiola, Griffonia, Melissa.<br \/>\n\u2022 <strong>Sistema nervoso<\/strong>: Vitamina B6.<\/p>\n<p>Contiene Cyracos\u00ae (Melissa e.s.), Protizen (estratto idrolizzato di peptidi marini), Rodiola, Griffonia*, L-Arginina, L-Lisina, Vitamina B6**.<\/p>\n<p><strong>Cyracos:<\/strong> \u00c8 un estratto secco di Melissa ottenuto con una metodica brevettata in grado di preservare il totum della pianta. L\u2019estratto di Melissa favorisce il rilassamento e il benessere mentale, oltre a sostenere un normale tono dell\u2019umore.<\/p>\n<p><strong>Protizen:<\/strong> \u00c8 un estratto di peptidi marini attivi, ricchi di amminoacidi essenziali. Ha un basso peso molecolare, questo assicura un rapido assorbimento ed un\u2019elevata biodisponibilit\u00e0.<\/p>\n<p><strong>Rodiola:<\/strong> Le sue origini sono orientali. \u00c8 un tonico adattogeno, stimola l\u2019organismo a reagire positivamente a situazioni di stress, inoltre favorisce il normale tono dell\u2019umore.<\/p>\n<p><strong>Griffonia:<\/strong> \u00c8 un arbusto rampicante sempreverde, il cui fusto pu\u00f2 raggiungere i tre metri di altezza. Nei semi \u00e8 contenuto l\u2019acido 5-idrossitriptofano, precursore della serotonina. L\u2019estratto ottenuto dai semi favorisce un fisiologico rilassamento ed un normale tono dell\u2019umore.<\/p>\n<p><strong>Vitamina B6:<\/strong> Questa vitamina non pu\u00f2 essere accumulata nell\u2019organismo, per cui deve essere assunta attraverso l\u2019alimentazione. Coinvolta in numerose reazioni metaboliche, contribuisce alla riduzione della stanchezza e dell\u2019affaticamento e al normale metabolismo energetico.<\/p>\n<p><strong>Lisina e Arginina:<\/strong> Sono amminoacidi polari. Gli amminoacidi sono l\u2019unit\u00e0 strutturale primaria delle proteine.<\/p>\n<p><strong>Dose consigliata e modo d\u2019uso<br \/>\n<\/strong>Si consiglia l\u2019assunzione di 1-2 capsule al giorno lontano dai pasti.<\/p>\n<p><strong>Composizione<\/strong><\/p>\n<p>Ogni capsula contiene:<br \/>\nCyracos\u00ae (Melissa e.s.) 150 mg<br \/>\nAcidi idrossicinnamici app. 21 mg<br \/>\nAcido rosmarinico app. 10,5 mg<br \/>\nProtizen (estratto idrolizzato di peptidi marini) 150 mg<br \/>\nRodiola e.s. 100 mg<br \/>\nRosavina app. 3 mg<br \/>\nSalidroside app. 1 mg<br \/>\nGriffonia e.s. 50 mg<br \/>\n5-HTP app. 12,5 mg<br \/>\nL-Arginina 20 mg<br \/>\nL-Lisina 20 mg<br \/>\nVitamina B6 0,33 mg 23,5 %VNR<\/p>\n<p><strong>Senza Glutine<\/strong><br \/>\n<strong>Naturalmente privo di Lattosio<\/strong><\/p>\n","protected":false},"excerpt":{"rendered":"<p>Ansileve 30 capsule -Naturando 1 o 2 capsule al d\u00ec \u2022 Rilassamento e benessere mentale: Melissa, Griffonia. \u2022 Tono dell\u2019umore: Rodiola, Griffonia, Melissa. \u2022 Sistema nervoso: Vitamina B6. Contiene Cyracos\u00ae (Melissa e.s.), Protizen (estratto idrolizzato di peptidi marini), Rodiola, Griffonia*, L-Arginina, L-Lisina, Vitamina B6**. Cyracos:&#8230;<\/p>\n","protected":false},"featured_media":111836,"template":"","meta":{"_acf_changed":false},"product_brand":[49409],"product_cat":[9807],"product_tag":[14300,13230,13648,10574,13097],"giftcard-category":[],"class_list":{"0":"post-60106","1":"product","2":"type-product","3":"status-publish","4":"has-post-thumbnail","6":"product_brand-naturando","7":"product_cat-sonno-riposo-e-umore","8":"product_tag-ansileve","9":"product_tag-buonumore","10":"product_tag-calma","11":"product_tag-capsule","12":"product_tag-relax","13":"pa_formato-30-capsule","14":"pa_linea-ansileve","15":"pa_marca-naturando","16":"pa_tipologia-capsule","18":"first","19":"instock","20":"sale","21":"taxable","22":"shipping-taxable","23":"purchasable","24":"product-type-simple"},"acf":[],"yoast_head":"<!-- This site is optimized with the Yoast SEO plugin v24.9 - https:\/\/yoast.com\/wordpress\/plugins\/seo\/ -->\n<title>Ansileve 30 capsule per il rilassamento e benessere mentale e il tono dell\u2019umore - Naturando - Erboristeria Demetra<\/title>\n<meta name=\"description\" content=\"Un aiuto naturale per gli stati ansiosi che possono prendere tutti. Ne bastano 1 o 2 al d\u00ec. Senza Glutine, naturalmente privo di Lattosio. Da Naturando\" \/>\n<meta name=\"robots\" content=\"index, follow, max-snippet:-1, max-image-preview:large, max-video-preview:-1\" \/>\n<link rel=\"canonical\" href=\"https:\/\/www.erboristerie.com\/it\/prodotto\/ansileve-30-capsule-per-il-rilassamento-e-benessere-mentale-e-il-tono-dellumore-naturando\/\" \/>\n<meta property=\"og:locale\" content=\"en_US\" \/>\n<meta property=\"og:type\" content=\"article\" \/>\n<meta property=\"og:title\" content=\"Ansileve 30 capsule per il rilassamento e benessere mentale e il tono dell\u2019umore - Naturando - Erboristeria Demetra\" \/>\n<meta property=\"og:description\" content=\"Un aiuto naturale per gli stati ansiosi che possono prendere tutti. Ne bastano 1 o 2 al d\u00ec. Senza Glutine, naturalmente privo di Lattosio. Da Naturando\" \/>\n<meta property=\"og:url\" content=\"https:\/\/www.erboristerie.com\/it\/prodotto\/ansileve-30-capsule-per-il-rilassamento-e-benessere-mentale-e-il-tono-dellumore-naturando\/\" \/>\n<meta property=\"og:site_name\" content=\"Erboristeria Demetra\" \/>\n<meta property=\"article:publisher\" content=\"https:\/\/www.facebook.com\/erboristeria.demetra.online\" \/>\n<meta property=\"article:modified_time\" content=\"2025-09-05T21:50:25+00:00\" \/>\n<meta property=\"og:image\" content=\"https:\/\/www.erboristerie.com\/wp-content\/uploads\/2011\/10\/00008770.jpg\" \/>\n\t<meta property=\"og:image:width\" content=\"1080\" \/>\n\t<meta property=\"og:image:height\" content=\"1080\" \/>\n\t<meta property=\"og:image:type\" content=\"image\/jpeg\" \/>\n<meta name=\"twitter:card\" content=\"summary_large_image\" \/>\n<meta name=\"twitter:label1\" content=\"Est. reading time\" \/>\n\t<meta name=\"twitter:data1\" content=\"1 minute\" \/>\n<script type=\"application\/ld+json\" class=\"yoast-schema-graph\">{\"@context\":\"https:\/\/schema.org\",\"@graph\":[{\"@type\":\"WebPage\",\"@id\":\"https:\/\/www.erboristerie.com\/it\/prodotto\/ansileve-30-capsule-per-il-rilassamento-e-benessere-mentale-e-il-tono-dellumore-naturando\/\",\"url\":\"https:\/\/www.erboristerie.com\/it\/prodotto\/ansileve-30-capsule-per-il-rilassamento-e-benessere-mentale-e-il-tono-dellumore-naturando\/\",\"name\":\"Ansileve 30 capsule per il rilassamento e benessere mentale e il tono dell\u2019umore - Naturando - Erboristeria Demetra\",\"isPartOf\":{\"@id\":\"https:\/\/www.erboristerie.com\/it\/#website\"},\"primaryImageOfPage\":{\"@id\":\"https:\/\/www.erboristerie.com\/it\/prodotto\/ansileve-30-capsule-per-il-rilassamento-e-benessere-mentale-e-il-tono-dellumore-naturando\/#primaryimage\"},\"image\":{\"@id\":\"https:\/\/www.erboristerie.com\/it\/prodotto\/ansileve-30-capsule-per-il-rilassamento-e-benessere-mentale-e-il-tono-dellumore-naturando\/#primaryimage\"},\"thumbnailUrl\":\"https:\/\/www.erboristerie.com\/wp-content\/uploads\/2011\/10\/00008770.jpg\",\"datePublished\":\"2011-10-28T10:36:01+00:00\",\"dateModified\":\"2025-09-05T21:50:25+00:00\",\"description\":\"Un aiuto naturale per gli stati ansiosi che possono prendere tutti. Ne bastano 1 o 2 al d\u00ec. Senza Glutine, naturalmente privo di Lattosio. Da Naturando\",\"breadcrumb\":{\"@id\":\"https:\/\/www.erboristerie.com\/it\/prodotto\/ansileve-30-capsule-per-il-rilassamento-e-benessere-mentale-e-il-tono-dellumore-naturando\/#breadcrumb\"},\"inLanguage\":\"en-US\",\"potentialAction\":[{\"@type\":\"ReadAction\",\"target\":[\"https:\/\/www.erboristerie.com\/it\/prodotto\/ansileve-30-capsule-per-il-rilassamento-e-benessere-mentale-e-il-tono-dellumore-naturando\/\"]}]},{\"@type\":\"ImageObject\",\"inLanguage\":\"en-US\",\"@id\":\"https:\/\/www.erboristerie.com\/it\/prodotto\/ansileve-30-capsule-per-il-rilassamento-e-benessere-mentale-e-il-tono-dellumore-naturando\/#primaryimage\",\"url\":\"https:\/\/www.erboristerie.com\/wp-content\/uploads\/2011\/10\/00008770.jpg\",\"contentUrl\":\"https:\/\/www.erboristerie.com\/wp-content\/uploads\/2011\/10\/00008770.jpg\",\"width\":1080,\"height\":1080},{\"@type\":\"BreadcrumbList\",\"@id\":\"https:\/\/www.erboristerie.com\/it\/prodotto\/ansileve-30-capsule-per-il-rilassamento-e-benessere-mentale-e-il-tono-dellumore-naturando\/#breadcrumb\",\"itemListElement\":[{\"@type\":\"ListItem\",\"position\":1,\"name\":\"Home\",\"item\":\"https:\/\/www.erboristerie.com\/en\/\"},{\"@type\":\"ListItem\",\"position\":2,\"name\":\"All products\",\"item\":\"https:\/\/www.erboristerie.com\/en\/all-products\/\"},{\"@type\":\"ListItem\",\"position\":3,\"name\":\"Ansileve 30 capsule per il rilassamento e benessere mentale e il tono dell\u2019umore &#8211; Naturando\"}]},{\"@type\":\"WebSite\",\"@id\":\"https:\/\/www.erboristerie.com\/it\/#website\",\"url\":\"https:\/\/www.erboristerie.com\/it\/\",\"name\":\"Erboristeria Demetra\",\"description\":\"Your natural health\",\"publisher\":{\"@id\":\"https:\/\/www.erboristerie.com\/it\/#organization\"},\"potentialAction\":[{\"@type\":\"SearchAction\",\"target\":{\"@type\":\"EntryPoint\",\"urlTemplate\":\"https:\/\/www.erboristerie.com\/it\/?s={search_term_string}\"},\"query-input\":{\"@type\":\"PropertyValueSpecification\",\"valueRequired\":true,\"valueName\":\"search_term_string\"}}],\"inLanguage\":\"en-US\"},{\"@type\":\"Organization\",\"@id\":\"https:\/\/www.erboristerie.com\/it\/#organization\",\"name\":\"Erboristeria Demetra\",\"url\":\"https:\/\/www.erboristerie.com\/it\/\",\"logo\":{\"@type\":\"ImageObject\",\"inLanguage\":\"en-US\",\"@id\":\"https:\/\/www.erboristerie.com\/it\/#\/schema\/logo\/image\/\",\"url\":\"https:\/\/www.erboristerie.com\/wp-content\/uploads\/2019\/11\/LOGO_ERBORISTERIA_DEMETRA_original.png?v=1611516981\",\"contentUrl\":\"https:\/\/www.erboristerie.com\/wp-content\/uploads\/2019\/11\/LOGO_ERBORISTERIA_DEMETRA_original.png?v=1611516981\",\"width\":201,\"height\":54,\"caption\":\"Erboristeria Demetra\"},\"image\":{\"@id\":\"https:\/\/www.erboristerie.com\/it\/#\/schema\/logo\/image\/\"},\"sameAs\":[\"https:\/\/www.facebook.com\/erboristeria.demetra.online\"]}]}<\/script>\n<!-- \/ Yoast SEO plugin. -->","yoast_head_json":{"title":"Ansileve 30 capsule per il rilassamento e benessere mentale e il tono dell\u2019umore - Naturando - Erboristeria Demetra","description":"Un aiuto naturale per gli stati ansiosi che possono prendere tutti. Ne bastano 1 o 2 al d\u00ec. Senza Glutine, naturalmente privo di Lattosio. Da Naturando","robots":{"index":"index","follow":"follow","max-snippet":"max-snippet:-1","max-image-preview":"max-image-preview:large","max-video-preview":"max-video-preview:-1"},"canonical":"https:\/\/www.erboristerie.com\/it\/prodotto\/ansileve-30-capsule-per-il-rilassamento-e-benessere-mentale-e-il-tono-dellumore-naturando\/","og_locale":"en_US","og_type":"article","og_title":"Ansileve 30 capsule per il rilassamento e benessere mentale e il tono dell\u2019umore - Naturando - Erboristeria Demetra","og_description":"Un aiuto naturale per gli stati ansiosi che possono prendere tutti. Ne bastano 1 o 2 al d\u00ec. Senza Glutine, naturalmente privo di Lattosio. Da Naturando","og_url":"https:\/\/www.erboristerie.com\/it\/prodotto\/ansileve-30-capsule-per-il-rilassamento-e-benessere-mentale-e-il-tono-dellumore-naturando\/","og_site_name":"Erboristeria Demetra","article_publisher":"https:\/\/www.facebook.com\/erboristeria.demetra.online","article_modified_time":"2025-09-05T21:50:25+00:00","og_image":[{"width":1080,"height":1080,"url":"https:\/\/www.erboristerie.com\/wp-content\/uploads\/2011\/10\/00008770.jpg","type":"image\/jpeg"}],"twitter_card":"summary_large_image","twitter_misc":{"Est. reading time":"1 minute"},"schema":{"@context":"https:\/\/schema.org","@graph":[{"@type":"WebPage","@id":"https:\/\/www.erboristerie.com\/it\/prodotto\/ansileve-30-capsule-per-il-rilassamento-e-benessere-mentale-e-il-tono-dellumore-naturando\/","url":"https:\/\/www.erboristerie.com\/it\/prodotto\/ansileve-30-capsule-per-il-rilassamento-e-benessere-mentale-e-il-tono-dellumore-naturando\/","name":"Ansileve 30 capsule per il rilassamento e benessere mentale e il tono dell\u2019umore - Naturando - Erboristeria Demetra","isPartOf":{"@id":"https:\/\/www.erboristerie.com\/it\/#website"},"primaryImageOfPage":{"@id":"https:\/\/www.erboristerie.com\/it\/prodotto\/ansileve-30-capsule-per-il-rilassamento-e-benessere-mentale-e-il-tono-dellumore-naturando\/#primaryimage"},"image":{"@id":"https:\/\/www.erboristerie.com\/it\/prodotto\/ansileve-30-capsule-per-il-rilassamento-e-benessere-mentale-e-il-tono-dellumore-naturando\/#primaryimage"},"thumbnailUrl":"https:\/\/www.erboristerie.com\/wp-content\/uploads\/2011\/10\/00008770.jpg","datePublished":"2011-10-28T10:36:01+00:00","dateModified":"2025-09-05T21:50:25+00:00","description":"Un aiuto naturale per gli stati ansiosi che possono prendere tutti. Ne bastano 1 o 2 al d\u00ec. Senza Glutine, naturalmente privo di Lattosio. Da Naturando","breadcrumb":{"@id":"https:\/\/www.erboristerie.com\/it\/prodotto\/ansileve-30-capsule-per-il-rilassamento-e-benessere-mentale-e-il-tono-dellumore-naturando\/#breadcrumb"},"inLanguage":"en-US","potentialAction":[{"@type":"ReadAction","target":["https:\/\/www.erboristerie.com\/it\/prodotto\/ansileve-30-capsule-per-il-rilassamento-e-benessere-mentale-e-il-tono-dellumore-naturando\/"]}]},{"@type":"ImageObject","inLanguage":"en-US","@id":"https:\/\/www.erboristerie.com\/it\/prodotto\/ansileve-30-capsule-per-il-rilassamento-e-benessere-mentale-e-il-tono-dellumore-naturando\/#primaryimage","url":"https:\/\/www.erboristerie.com\/wp-content\/uploads\/2011\/10\/00008770.jpg","contentUrl":"https:\/\/www.erboristerie.com\/wp-content\/uploads\/2011\/10\/00008770.jpg","width":1080,"height":1080},{"@type":"BreadcrumbList","@id":"https:\/\/www.erboristerie.com\/it\/prodotto\/ansileve-30-capsule-per-il-rilassamento-e-benessere-mentale-e-il-tono-dellumore-naturando\/#breadcrumb","itemListElement":[{"@type":"ListItem","position":1,"name":"Home","item":"https:\/\/www.erboristerie.com\/en\/"},{"@type":"ListItem","position":2,"name":"All products","item":"https:\/\/www.erboristerie.com\/en\/all-products\/"},{"@type":"ListItem","position":3,"name":"Ansileve 30 capsule per il rilassamento e benessere mentale e il tono dell\u2019umore &#8211; Naturando"}]},{"@type":"WebSite","@id":"https:\/\/www.erboristerie.com\/it\/#website","url":"https:\/\/www.erboristerie.com\/it\/","name":"Erboristeria Demetra","description":"Your natural health","publisher":{"@id":"https:\/\/www.erboristerie.com\/it\/#organization"},"potentialAction":[{"@type":"SearchAction","target":{"@type":"EntryPoint","urlTemplate":"https:\/\/www.erboristerie.com\/it\/?s={search_term_string}"},"query-input":{"@type":"PropertyValueSpecification","valueRequired":true,"valueName":"search_term_string"}}],"inLanguage":"en-US"},{"@type":"Organization","@id":"https:\/\/www.erboristerie.com\/it\/#organization","name":"Erboristeria Demetra","url":"https:\/\/www.erboristerie.com\/it\/","logo":{"@type":"ImageObject","inLanguage":"en-US","@id":"https:\/\/www.erboristerie.com\/it\/#\/schema\/logo\/image\/","url":"https:\/\/www.erboristerie.com\/wp-content\/uploads\/2019\/11\/LOGO_ERBORISTERIA_DEMETRA_original.png?v=1611516981","contentUrl":"https:\/\/www.erboristerie.com\/wp-content\/uploads\/2019\/11\/LOGO_ERBORISTERIA_DEMETRA_original.png?v=1611516981","width":201,"height":54,"caption":"Erboristeria Demetra"},"image":{"@id":"https:\/\/www.erboristerie.com\/it\/#\/schema\/logo\/image\/"},"sameAs":["https:\/\/www.facebook.com\/erboristeria.demetra.online"]}]}},"_links":{"self":[{"href":"https:\/\/www.erboristerie.com\/en\/wp-json\/wp\/v2\/product\/60106","targetHints":{"allow":["GET"]}}],"collection":[{"href":"https:\/\/www.erboristerie.com\/en\/wp-json\/wp\/v2\/product"}],"about":[{"href":"https:\/\/www.erboristerie.com\/en\/wp-json\/wp\/v2\/types\/product"}],"wp:featuredmedia":[{"embeddable":true,"href":"https:\/\/www.erboristerie.com\/en\/wp-json\/wp\/v2\/media\/111836"}],"wp:attachment":[{"href":"https:\/\/www.erboristerie.com\/en\/wp-json\/wp\/v2\/media?parent=60106"}],"wp:term":[{"taxonomy":"product_brand","embeddable":true,"href":"https:\/\/www.erboristerie.com\/en\/wp-json\/wp\/v2\/product_brand?post=60106"},{"taxonomy":"product_cat","embeddable":true,"href":"https:\/\/www.erboristerie.com\/en\/wp-json\/wp\/v2\/product_cat?post=60106"},{"taxonomy":"product_tag","embeddable":true,"href":"https:\/\/www.erboristerie.com\/en\/wp-json\/wp\/v2\/product_tag?post=60106"},{"taxonomy":"giftcard-category","embeddable":true,"href":"https:\/\/www.erboristerie.com\/en\/wp-json\/wp\/v2\/giftcard-category?post=60106"}],"curies":[{"name":"wp","href":"https:\/\/api.w.org\/{rel}","templated":true}]}}