{"id":59898,"date":"2011-10-05T09:55:59","date_gmt":"2011-10-05T09:55:59","guid":{"rendered":"http:\/\/www.erboristerie.com\/?post_type=product&#038;p=59898"},"modified":"2025-09-10T18:54:28","modified_gmt":"2025-09-10T16:54:28","slug":"lerbolario-uomo-fluido-dopobarba-120ml-con-baobab-e-caffe-verde","status":"publish","type":"product","link":"https:\/\/www.erboristerie.com\/en\/prodotto\/lerbolario-uomo-fluido-dopobarba-120ml-con-baobab-e-caffe-verde\/","title":{"rendered":"L&#8217;Erbolario Uomo Fluido Dopobarba 120ml Con Baobab e Caff\u00e8 Verde"},"content":{"rendered":"<p><strong>L&#8217;Erbolario Uomo Fluido Dopobarba 120ml &#8211; L&#8217;Erbolario<\/strong><\/p>\n<p>Fluido dalla texture piacevole e fresca e dalle virt\u00f9 energizzanti, protettive e antiet\u00e0. Con estratti di Baobab e Caff\u00e8 Verde.<\/p>\n<p>Dopo la rasatura, stressata dall\u2019incontro con il rasoio e bisognosa di ristoro, la pelle apprezzer\u00e0 la carezza emolliente di questo Fluido fragrante.<\/p>\n<p>Ad ogni sua applicazione un pool selezionato di sostanze funzionali si attiva infatti per spegnere tempestivamente ogni sensazione di fastidio e secchezza e si adopera inoltre per assicurare alla cute di viso e collo una piacevolissima sferzata di freschezza.<\/p>\n<p>Poche gocce di prodotto bastano a far s\u00ec che la vostra pelle risulti subito pi\u00f9 morbida, tonica e fresca, ma anche efficacemente sostenuta nella lotta ai segni del tempo che passa.<\/p>\n<p><strong>Fragranza<\/strong><\/p>\n<p>acquatica, agrumata<\/p>\n<p><strong>Consigli d&#8217;uso<\/strong><\/p>\n<p>A rasatura ultimata, raccogliere un poco di prodotto fra le dita e distribuirlo picchiettando vivacemente su guance, collo e mento.<\/p>\n<p><strong>Sostanze funzionali<\/strong><br \/>\nEstratto fluido di frutto di Baobab, estratto fluido di semi di Caff\u00e8 verde, olio di Baobab, olio di Babassu, olio di semi di Girasole biologico, frazione insaponificabile dell\u2019olio di Olvia, estratto fluido di Avena titolato in Avenantramidi, complesso idratante-rinfrescante (Menthyl Pca), Mentolo, Vitamina E dai semi della Soja, oli essenziali di Arancia dolce, Limetta, Mandarino verde, Limone, Chiodi di Garofano, Patchouly e Balsamo Copahu<\/p>\n<p><strong>Cosa sapere in pi\u00f9<\/strong><\/p>\n<ul>\n<li>100% Made in Italy<\/li>\n<li>7 Metalli testati<\/li>\n<li>Da sempre amici degli animali<\/li>\n<li>Dermatologicamente Testato<\/li>\n<li>Imballo in Carta FSC\u00ae<\/li>\n<li>Senza ingredienti di derivazione animale.<\/li>\n<li>Senza siliconi, parabeni e petrolati<\/li>\n<li>97% ingredienti di origine naturale.<br \/>\nLa restante percentuale di ingredienti garantisce stabilit\u00e0 e gradevolezza del prodotto.<\/li>\n<\/ul>\n","protected":false},"excerpt":{"rendered":"<p>L&#8217;Erbolario Uomo Fluido Dopobarba 120ml &#8211; L&#8217;Erbolario Fluido dalla texture piacevole e fresca e dalle virt\u00f9 energizzanti, protettive e antiet\u00e0. Con estratti di Baobab e Caff\u00e8 Verde. Dopo la rasatura, stressata dall\u2019incontro con il rasoio e bisognosa di ristoro, la pelle apprezzer\u00e0 la carezza emolliente&#8230;<\/p>\n","protected":false},"featured_media":116521,"template":"","meta":{"_acf_changed":false},"product_brand":[9603],"product_cat":[9715,45040],"product_tag":[14259,12117,11487,11353,12933],"giftcard-category":[],"class_list":{"0":"post-59898","1":"product","2":"type-product","3":"status-publish","4":"has-post-thumbnail","6":"product_brand-erbolario","7":"product_cat-uomo","8":"product_cat-viso","9":"product_tag-120ml","10":"product_tag-dopobarba","11":"product_tag-fluido","12":"product_tag-lerbolario","13":"product_tag-uomo","14":"pa_formato-120-ml","15":"pa_linea-profumazione-erbolario-uomo-baobab","16":"pa_marca-lerbolario","17":"pa_tipologia-crema","18":"pa_tipologia-dopobarba","20":"first","21":"instock","22":"sale","23":"taxable","24":"shipping-taxable","25":"purchasable","26":"product-type-simple"},"acf":[],"yoast_head":"<!-- This site is optimized with the Yoast SEO plugin v24.9 - https:\/\/yoast.com\/wordpress\/plugins\/seo\/ -->\n<title>L&#039;Erbolario Uomo Fluido Dopobarba 120ml Con Baobab e Caff\u00e8 Verde - Erboristeria Demetra<\/title>\n<meta name=\"description\" content=\"Fluido dalla texture piacevole e fresca e dalle virt\u00f9 energizzanti, protettive e antiet\u00e0. Con estratti di Baobab e Caff\u00e8 Verde.\" \/>\n<meta name=\"robots\" content=\"index, follow, max-snippet:-1, max-image-preview:large, max-video-preview:-1\" \/>\n<link rel=\"canonical\" href=\"https:\/\/www.erboristerie.com\/it\/prodotto\/lerbolario-uomo-fluido-dopobarba-120ml-con-baobab-e-caffe-verde\/\" \/>\n<meta property=\"og:locale\" content=\"en_US\" \/>\n<meta property=\"og:type\" content=\"article\" \/>\n<meta property=\"og:title\" content=\"L&#039;Erbolario Uomo Fluido Dopobarba 120ml Con Baobab e Caff\u00e8 Verde - Erboristeria Demetra\" \/>\n<meta property=\"og:description\" content=\"Fluido dalla texture piacevole e fresca e dalle virt\u00f9 energizzanti, protettive e antiet\u00e0. Con estratti di Baobab e Caff\u00e8 Verde.\" \/>\n<meta property=\"og:url\" content=\"https:\/\/www.erboristerie.com\/it\/prodotto\/lerbolario-uomo-fluido-dopobarba-120ml-con-baobab-e-caffe-verde\/\" \/>\n<meta property=\"og:site_name\" content=\"Erboristeria Demetra\" \/>\n<meta property=\"article:publisher\" content=\"https:\/\/www.facebook.com\/erboristeria.demetra.online\" \/>\n<meta property=\"article:modified_time\" content=\"2025-09-10T16:54:28+00:00\" \/>\n<meta property=\"og:image\" content=\"https:\/\/www.erboristerie.com\/wp-content\/uploads\/2011\/10\/00008691.png\" \/>\n\t<meta property=\"og:image:width\" content=\"1000\" \/>\n\t<meta property=\"og:image:height\" content=\"1000\" \/>\n\t<meta property=\"og:image:type\" content=\"image\/png\" \/>\n<meta name=\"twitter:card\" content=\"summary_large_image\" \/>\n<meta name=\"twitter:label1\" content=\"Est. reading time\" \/>\n\t<meta name=\"twitter:data1\" content=\"2 minutes\" \/>\n<script type=\"application\/ld+json\" class=\"yoast-schema-graph\">{\"@context\":\"https:\/\/schema.org\",\"@graph\":[{\"@type\":\"WebPage\",\"@id\":\"https:\/\/www.erboristerie.com\/it\/prodotto\/lerbolario-uomo-fluido-dopobarba-120ml-con-baobab-e-caffe-verde\/\",\"url\":\"https:\/\/www.erboristerie.com\/it\/prodotto\/lerbolario-uomo-fluido-dopobarba-120ml-con-baobab-e-caffe-verde\/\",\"name\":\"L'Erbolario Uomo Fluido Dopobarba 120ml Con Baobab e Caff\u00e8 Verde - Erboristeria Demetra\",\"isPartOf\":{\"@id\":\"https:\/\/www.erboristerie.com\/it\/#website\"},\"primaryImageOfPage\":{\"@id\":\"https:\/\/www.erboristerie.com\/it\/prodotto\/lerbolario-uomo-fluido-dopobarba-120ml-con-baobab-e-caffe-verde\/#primaryimage\"},\"image\":{\"@id\":\"https:\/\/www.erboristerie.com\/it\/prodotto\/lerbolario-uomo-fluido-dopobarba-120ml-con-baobab-e-caffe-verde\/#primaryimage\"},\"thumbnailUrl\":\"https:\/\/www.erboristerie.com\/wp-content\/uploads\/2011\/10\/00008691.png\",\"datePublished\":\"2011-10-05T09:55:59+00:00\",\"dateModified\":\"2025-09-10T16:54:28+00:00\",\"description\":\"Fluido dalla texture piacevole e fresca e dalle virt\u00f9 energizzanti, protettive e antiet\u00e0. Con estratti di Baobab e Caff\u00e8 Verde.\",\"breadcrumb\":{\"@id\":\"https:\/\/www.erboristerie.com\/it\/prodotto\/lerbolario-uomo-fluido-dopobarba-120ml-con-baobab-e-caffe-verde\/#breadcrumb\"},\"inLanguage\":\"en-US\",\"potentialAction\":[{\"@type\":\"ReadAction\",\"target\":[\"https:\/\/www.erboristerie.com\/it\/prodotto\/lerbolario-uomo-fluido-dopobarba-120ml-con-baobab-e-caffe-verde\/\"]}]},{\"@type\":\"ImageObject\",\"inLanguage\":\"en-US\",\"@id\":\"https:\/\/www.erboristerie.com\/it\/prodotto\/lerbolario-uomo-fluido-dopobarba-120ml-con-baobab-e-caffe-verde\/#primaryimage\",\"url\":\"https:\/\/www.erboristerie.com\/wp-content\/uploads\/2011\/10\/00008691.png\",\"contentUrl\":\"https:\/\/www.erboristerie.com\/wp-content\/uploads\/2011\/10\/00008691.png\",\"width\":1000,\"height\":1000},{\"@type\":\"BreadcrumbList\",\"@id\":\"https:\/\/www.erboristerie.com\/it\/prodotto\/lerbolario-uomo-fluido-dopobarba-120ml-con-baobab-e-caffe-verde\/#breadcrumb\",\"itemListElement\":[{\"@type\":\"ListItem\",\"position\":1,\"name\":\"Home\",\"item\":\"https:\/\/www.erboristerie.com\/en\/\"},{\"@type\":\"ListItem\",\"position\":2,\"name\":\"All products\",\"item\":\"https:\/\/www.erboristerie.com\/en\/all-products\/\"},{\"@type\":\"ListItem\",\"position\":3,\"name\":\"L&#8217;Erbolario Uomo Fluido Dopobarba 120ml Con Baobab e Caff\u00e8 Verde\"}]},{\"@type\":\"WebSite\",\"@id\":\"https:\/\/www.erboristerie.com\/it\/#website\",\"url\":\"https:\/\/www.erboristerie.com\/it\/\",\"name\":\"Erboristeria Demetra\",\"description\":\"Your natural health\",\"publisher\":{\"@id\":\"https:\/\/www.erboristerie.com\/it\/#organization\"},\"potentialAction\":[{\"@type\":\"SearchAction\",\"target\":{\"@type\":\"EntryPoint\",\"urlTemplate\":\"https:\/\/www.erboristerie.com\/it\/?s={search_term_string}\"},\"query-input\":{\"@type\":\"PropertyValueSpecification\",\"valueRequired\":true,\"valueName\":\"search_term_string\"}}],\"inLanguage\":\"en-US\"},{\"@type\":\"Organization\",\"@id\":\"https:\/\/www.erboristerie.com\/it\/#organization\",\"name\":\"Erboristeria Demetra\",\"url\":\"https:\/\/www.erboristerie.com\/it\/\",\"logo\":{\"@type\":\"ImageObject\",\"inLanguage\":\"en-US\",\"@id\":\"https:\/\/www.erboristerie.com\/it\/#\/schema\/logo\/image\/\",\"url\":\"https:\/\/www.erboristerie.com\/wp-content\/uploads\/2019\/11\/LOGO_ERBORISTERIA_DEMETRA_original.png?v=1611516981\",\"contentUrl\":\"https:\/\/www.erboristerie.com\/wp-content\/uploads\/2019\/11\/LOGO_ERBORISTERIA_DEMETRA_original.png?v=1611516981\",\"width\":201,\"height\":54,\"caption\":\"Erboristeria Demetra\"},\"image\":{\"@id\":\"https:\/\/www.erboristerie.com\/it\/#\/schema\/logo\/image\/\"},\"sameAs\":[\"https:\/\/www.facebook.com\/erboristeria.demetra.online\"]}]}<\/script>\n<!-- \/ Yoast SEO plugin. -->","yoast_head_json":{"title":"L'Erbolario Uomo Fluido Dopobarba 120ml Con Baobab e Caff\u00e8 Verde - Erboristeria Demetra","description":"Fluido dalla texture piacevole e fresca e dalle virt\u00f9 energizzanti, protettive e antiet\u00e0. Con estratti di Baobab e Caff\u00e8 Verde.","robots":{"index":"index","follow":"follow","max-snippet":"max-snippet:-1","max-image-preview":"max-image-preview:large","max-video-preview":"max-video-preview:-1"},"canonical":"https:\/\/www.erboristerie.com\/it\/prodotto\/lerbolario-uomo-fluido-dopobarba-120ml-con-baobab-e-caffe-verde\/","og_locale":"en_US","og_type":"article","og_title":"L'Erbolario Uomo Fluido Dopobarba 120ml Con Baobab e Caff\u00e8 Verde - Erboristeria Demetra","og_description":"Fluido dalla texture piacevole e fresca e dalle virt\u00f9 energizzanti, protettive e antiet\u00e0. Con estratti di Baobab e Caff\u00e8 Verde.","og_url":"https:\/\/www.erboristerie.com\/it\/prodotto\/lerbolario-uomo-fluido-dopobarba-120ml-con-baobab-e-caffe-verde\/","og_site_name":"Erboristeria Demetra","article_publisher":"https:\/\/www.facebook.com\/erboristeria.demetra.online","article_modified_time":"2025-09-10T16:54:28+00:00","og_image":[{"width":1000,"height":1000,"url":"https:\/\/www.erboristerie.com\/wp-content\/uploads\/2011\/10\/00008691.png","type":"image\/png"}],"twitter_card":"summary_large_image","twitter_misc":{"Est. reading time":"2 minutes"},"schema":{"@context":"https:\/\/schema.org","@graph":[{"@type":"WebPage","@id":"https:\/\/www.erboristerie.com\/it\/prodotto\/lerbolario-uomo-fluido-dopobarba-120ml-con-baobab-e-caffe-verde\/","url":"https:\/\/www.erboristerie.com\/it\/prodotto\/lerbolario-uomo-fluido-dopobarba-120ml-con-baobab-e-caffe-verde\/","name":"L'Erbolario Uomo Fluido Dopobarba 120ml Con Baobab e Caff\u00e8 Verde - Erboristeria Demetra","isPartOf":{"@id":"https:\/\/www.erboristerie.com\/it\/#website"},"primaryImageOfPage":{"@id":"https:\/\/www.erboristerie.com\/it\/prodotto\/lerbolario-uomo-fluido-dopobarba-120ml-con-baobab-e-caffe-verde\/#primaryimage"},"image":{"@id":"https:\/\/www.erboristerie.com\/it\/prodotto\/lerbolario-uomo-fluido-dopobarba-120ml-con-baobab-e-caffe-verde\/#primaryimage"},"thumbnailUrl":"https:\/\/www.erboristerie.com\/wp-content\/uploads\/2011\/10\/00008691.png","datePublished":"2011-10-05T09:55:59+00:00","dateModified":"2025-09-10T16:54:28+00:00","description":"Fluido dalla texture piacevole e fresca e dalle virt\u00f9 energizzanti, protettive e antiet\u00e0. Con estratti di Baobab e Caff\u00e8 Verde.","breadcrumb":{"@id":"https:\/\/www.erboristerie.com\/it\/prodotto\/lerbolario-uomo-fluido-dopobarba-120ml-con-baobab-e-caffe-verde\/#breadcrumb"},"inLanguage":"en-US","potentialAction":[{"@type":"ReadAction","target":["https:\/\/www.erboristerie.com\/it\/prodotto\/lerbolario-uomo-fluido-dopobarba-120ml-con-baobab-e-caffe-verde\/"]}]},{"@type":"ImageObject","inLanguage":"en-US","@id":"https:\/\/www.erboristerie.com\/it\/prodotto\/lerbolario-uomo-fluido-dopobarba-120ml-con-baobab-e-caffe-verde\/#primaryimage","url":"https:\/\/www.erboristerie.com\/wp-content\/uploads\/2011\/10\/00008691.png","contentUrl":"https:\/\/www.erboristerie.com\/wp-content\/uploads\/2011\/10\/00008691.png","width":1000,"height":1000},{"@type":"BreadcrumbList","@id":"https:\/\/www.erboristerie.com\/it\/prodotto\/lerbolario-uomo-fluido-dopobarba-120ml-con-baobab-e-caffe-verde\/#breadcrumb","itemListElement":[{"@type":"ListItem","position":1,"name":"Home","item":"https:\/\/www.erboristerie.com\/en\/"},{"@type":"ListItem","position":2,"name":"All products","item":"https:\/\/www.erboristerie.com\/en\/all-products\/"},{"@type":"ListItem","position":3,"name":"L&#8217;Erbolario Uomo Fluido Dopobarba 120ml Con Baobab e Caff\u00e8 Verde"}]},{"@type":"WebSite","@id":"https:\/\/www.erboristerie.com\/it\/#website","url":"https:\/\/www.erboristerie.com\/it\/","name":"Erboristeria Demetra","description":"Your natural health","publisher":{"@id":"https:\/\/www.erboristerie.com\/it\/#organization"},"potentialAction":[{"@type":"SearchAction","target":{"@type":"EntryPoint","urlTemplate":"https:\/\/www.erboristerie.com\/it\/?s={search_term_string}"},"query-input":{"@type":"PropertyValueSpecification","valueRequired":true,"valueName":"search_term_string"}}],"inLanguage":"en-US"},{"@type":"Organization","@id":"https:\/\/www.erboristerie.com\/it\/#organization","name":"Erboristeria Demetra","url":"https:\/\/www.erboristerie.com\/it\/","logo":{"@type":"ImageObject","inLanguage":"en-US","@id":"https:\/\/www.erboristerie.com\/it\/#\/schema\/logo\/image\/","url":"https:\/\/www.erboristerie.com\/wp-content\/uploads\/2019\/11\/LOGO_ERBORISTERIA_DEMETRA_original.png?v=1611516981","contentUrl":"https:\/\/www.erboristerie.com\/wp-content\/uploads\/2019\/11\/LOGO_ERBORISTERIA_DEMETRA_original.png?v=1611516981","width":201,"height":54,"caption":"Erboristeria Demetra"},"image":{"@id":"https:\/\/www.erboristerie.com\/it\/#\/schema\/logo\/image\/"},"sameAs":["https:\/\/www.facebook.com\/erboristeria.demetra.online"]}]}},"_links":{"self":[{"href":"https:\/\/www.erboristerie.com\/en\/wp-json\/wp\/v2\/product\/59898","targetHints":{"allow":["GET"]}}],"collection":[{"href":"https:\/\/www.erboristerie.com\/en\/wp-json\/wp\/v2\/product"}],"about":[{"href":"https:\/\/www.erboristerie.com\/en\/wp-json\/wp\/v2\/types\/product"}],"wp:featuredmedia":[{"embeddable":true,"href":"https:\/\/www.erboristerie.com\/en\/wp-json\/wp\/v2\/media\/116521"}],"wp:attachment":[{"href":"https:\/\/www.erboristerie.com\/en\/wp-json\/wp\/v2\/media?parent=59898"}],"wp:term":[{"taxonomy":"product_brand","embeddable":true,"href":"https:\/\/www.erboristerie.com\/en\/wp-json\/wp\/v2\/product_brand?post=59898"},{"taxonomy":"product_cat","embeddable":true,"href":"https:\/\/www.erboristerie.com\/en\/wp-json\/wp\/v2\/product_cat?post=59898"},{"taxonomy":"product_tag","embeddable":true,"href":"https:\/\/www.erboristerie.com\/en\/wp-json\/wp\/v2\/product_tag?post=59898"},{"taxonomy":"giftcard-category","embeddable":true,"href":"https:\/\/www.erboristerie.com\/en\/wp-json\/wp\/v2\/giftcard-category?post=59898"}],"curies":[{"name":"wp","href":"https:\/\/api.w.org\/{rel}","templated":true}]}}