{"id":59726,"date":"2011-07-28T17:41:34","date_gmt":"2011-07-28T15:41:34","guid":{"rendered":"http:\/\/www.erboristerie.com\/?post_type=product&#038;p=59726"},"modified":"2026-02-11T14:09:59","modified_gmt":"2026-02-11T13:09:59","slug":"centaury-rimedio-bach-flowers-n4-i-sottomessi-i-deboli-di-volonta-coloro-che-non-sanno-dire-di-no","status":"publish","type":"product","link":"https:\/\/www.erboristerie.com\/en\/prodotto\/centaury-rimedio-bach-flowers-n4-i-sottomessi-i-deboli-di-volonta-coloro-che-non-sanno-dire-di-no\/","title":{"rendered":"Centaury rimedio Bach Flowers n\u00b04 I sottomessi, i deboli di volont\u00e0, coloro che non sanno dire di no."},"content":{"rendered":"<p><strong>Centaury rimedio di Bach n\u00b04 &#8211; I sottomessi, i deboli di volont\u00e0, coloro che non sanno dire di no.<\/strong><\/p>\n<p>Centaury (Centaurea minore) &#8211; rimedio di Bach n\u00b04<br \/>\nFlacone 10 ml<\/p>\n<p>&#8220;Per chi non sa dire di no, per coloro che si lasciano dominare e faticano a imporsi.&#8221;<\/p>\n<p>Centaury \u00e8 il rimedio per le persone gentili, disponibili e generose, ma che spesso si trovano a essere sfruttate dagli altri perch\u00e9 incapaci di opporsi o di esprimere la propria volont\u00e0. Sono individui che vogliono compiacere, temono il conflitto e cedono facilmente alle richieste altrui, anche a scapito del proprio benessere.<\/p>\n<p>Questa tendenza alla sottomissione li porta a sentirsi svuotati, stanchi e privi di energia, perch\u00e9 vivono pi\u00f9 per gli altri che per s\u00e9 stessi. Centaury aiuta a sviluppare forza interiore, autonomia e capacit\u00e0 di affermare la propria volont\u00e0, senza paura di deludere o perdere l\u2019affetto degli altri.<\/p>\n<p>Modo d&#8217;uso<br \/>\nSecondo il Dr. Bach i rimedi floreali vanno assunti nella dose di 4 gocce alla volta, 4 volte al giorno, direttamente in bocca o diluiti in poca acqua.<\/p>\n","protected":false},"excerpt":{"rendered":"<p>Centaury rimedio di Bach n\u00b04 &#8211; I sottomessi, i deboli di volont\u00e0, coloro che non sanno dire di no. Centaury (Centaurea minore) &#8211; rimedio di Bach n\u00b04 Flacone 10 ml &#8220;Per chi non sa dire di no, per coloro che si lasciano dominare e faticano&#8230;<\/p>\n","protected":false},"featured_media":54531,"template":"","meta":{"_acf_changed":false},"product_brand":[9639],"product_cat":[45104],"product_tag":[12394,14160,11016,12397,12395,12398,14161],"giftcard-category":[],"class_list":{"0":"post-59726","1":"product","2":"type-product","3":"status-publish","4":"has-post-thumbnail","6":"product_brand-laboratorio-erboristico-di-leo","7":"product_cat-fiori-di-bach","8":"product_tag-bach","9":"product_tag-centaury","10":"product_tag-fiori","11":"product_tag-flowers","12":"product_tag-healing","13":"product_tag-herbs","14":"product_tag-n-4","15":"pa_formato-10-ml","16":"pa_linea-fiori-bach-flowers","17":"pa_marca-di-leo","18":"pa_tipologia-gocce","19":"pa_tipologia-liquido-alcolico","21":"first","22":"outofstock","23":"sale","24":"taxable","25":"shipping-taxable","26":"purchasable","27":"product-type-simple"},"acf":[],"yoast_head":"<!-- This site is optimized with the Yoast SEO plugin v24.9 - https:\/\/yoast.com\/wordpress\/plugins\/seo\/ -->\n<title>Centaury rimedio Bach Flowers n\u00b04 I sottomessi, i deboli di volont\u00e0, coloro che non sanno dire di no. - Erboristeria Demetra<\/title>\n<meta name=\"description\" content=\"Centaury \u00e8 il rimedio per i gentili, disponibili e generosi, ma che spesso si trovano a essere sfruttate dagli altri perch\u00e9 incapaci di opporsi\" \/>\n<meta name=\"robots\" content=\"index, follow, max-snippet:-1, max-image-preview:large, max-video-preview:-1\" \/>\n<link rel=\"canonical\" href=\"https:\/\/www.erboristerie.com\/it\/prodotto\/centaury-rimedio-bach-flowers-n4-i-sottomessi-i-deboli-di-volonta-coloro-che-non-sanno-dire-di-no\/\" \/>\n<meta property=\"og:locale\" content=\"en_US\" \/>\n<meta property=\"og:type\" content=\"article\" \/>\n<meta property=\"og:title\" content=\"Centaury rimedio Bach Flowers n\u00b04 I sottomessi, i deboli di volont\u00e0, coloro che non sanno dire di no. - Erboristeria Demetra\" \/>\n<meta property=\"og:description\" content=\"Centaury \u00e8 il rimedio per i gentili, disponibili e generosi, ma che spesso si trovano a essere sfruttate dagli altri perch\u00e9 incapaci di opporsi\" \/>\n<meta property=\"og:url\" content=\"https:\/\/www.erboristerie.com\/it\/prodotto\/centaury-rimedio-bach-flowers-n4-i-sottomessi-i-deboli-di-volonta-coloro-che-non-sanno-dire-di-no\/\" \/>\n<meta property=\"og:site_name\" content=\"Erboristeria Demetra\" \/>\n<meta property=\"article:publisher\" content=\"https:\/\/www.facebook.com\/erboristeria.demetra.online\" \/>\n<meta property=\"article:modified_time\" content=\"2026-02-11T13:09:59+00:00\" \/>\n<meta property=\"og:image\" content=\"https:\/\/www.erboristerie.com\/wp-content\/uploads\/2019\/01\/products-_BACHDILEO.jpg\" \/>\n\t<meta property=\"og:image:width\" content=\"500\" \/>\n\t<meta property=\"og:image:height\" content=\"640\" \/>\n\t<meta property=\"og:image:type\" content=\"image\/jpeg\" \/>\n<meta name=\"twitter:card\" content=\"summary_large_image\" \/>\n<meta name=\"twitter:label1\" content=\"Est. reading time\" \/>\n\t<meta name=\"twitter:data1\" content=\"1 minute\" \/>\n<script type=\"application\/ld+json\" class=\"yoast-schema-graph\">{\"@context\":\"https:\/\/schema.org\",\"@graph\":[{\"@type\":\"WebPage\",\"@id\":\"https:\/\/www.erboristerie.com\/it\/prodotto\/centaury-rimedio-bach-flowers-n4-i-sottomessi-i-deboli-di-volonta-coloro-che-non-sanno-dire-di-no\/\",\"url\":\"https:\/\/www.erboristerie.com\/it\/prodotto\/centaury-rimedio-bach-flowers-n4-i-sottomessi-i-deboli-di-volonta-coloro-che-non-sanno-dire-di-no\/\",\"name\":\"Centaury rimedio Bach Flowers n\u00b04 I sottomessi, i deboli di volont\u00e0, coloro che non sanno dire di no. - Erboristeria Demetra\",\"isPartOf\":{\"@id\":\"https:\/\/www.erboristerie.com\/it\/#website\"},\"primaryImageOfPage\":{\"@id\":\"https:\/\/www.erboristerie.com\/it\/prodotto\/centaury-rimedio-bach-flowers-n4-i-sottomessi-i-deboli-di-volonta-coloro-che-non-sanno-dire-di-no\/#primaryimage\"},\"image\":{\"@id\":\"https:\/\/www.erboristerie.com\/it\/prodotto\/centaury-rimedio-bach-flowers-n4-i-sottomessi-i-deboli-di-volonta-coloro-che-non-sanno-dire-di-no\/#primaryimage\"},\"thumbnailUrl\":\"https:\/\/www.erboristerie.com\/wp-content\/uploads\/2019\/01\/products-_BACHDILEO.jpg\",\"datePublished\":\"2011-07-28T15:41:34+00:00\",\"dateModified\":\"2026-02-11T13:09:59+00:00\",\"description\":\"Centaury \u00e8 il rimedio per i gentili, disponibili e generosi, ma che spesso si trovano a essere sfruttate dagli altri perch\u00e9 incapaci di opporsi\",\"breadcrumb\":{\"@id\":\"https:\/\/www.erboristerie.com\/it\/prodotto\/centaury-rimedio-bach-flowers-n4-i-sottomessi-i-deboli-di-volonta-coloro-che-non-sanno-dire-di-no\/#breadcrumb\"},\"inLanguage\":\"en-US\",\"potentialAction\":[{\"@type\":\"ReadAction\",\"target\":[\"https:\/\/www.erboristerie.com\/it\/prodotto\/centaury-rimedio-bach-flowers-n4-i-sottomessi-i-deboli-di-volonta-coloro-che-non-sanno-dire-di-no\/\"]}]},{\"@type\":\"ImageObject\",\"inLanguage\":\"en-US\",\"@id\":\"https:\/\/www.erboristerie.com\/it\/prodotto\/centaury-rimedio-bach-flowers-n4-i-sottomessi-i-deboli-di-volonta-coloro-che-non-sanno-dire-di-no\/#primaryimage\",\"url\":\"https:\/\/www.erboristerie.com\/wp-content\/uploads\/2019\/01\/products-_BACHDILEO.jpg\",\"contentUrl\":\"https:\/\/www.erboristerie.com\/wp-content\/uploads\/2019\/01\/products-_BACHDILEO.jpg\",\"width\":\"500\",\"height\":\"640\",\"caption\":\"CRAB APPLE 10 ML - FIORI DI BACH\"},{\"@type\":\"BreadcrumbList\",\"@id\":\"https:\/\/www.erboristerie.com\/it\/prodotto\/centaury-rimedio-bach-flowers-n4-i-sottomessi-i-deboli-di-volonta-coloro-che-non-sanno-dire-di-no\/#breadcrumb\",\"itemListElement\":[{\"@type\":\"ListItem\",\"position\":1,\"name\":\"Home\",\"item\":\"https:\/\/www.erboristerie.com\/en\/\"},{\"@type\":\"ListItem\",\"position\":2,\"name\":\"All products\",\"item\":\"https:\/\/www.erboristerie.com\/en\/all-products\/\"},{\"@type\":\"ListItem\",\"position\":3,\"name\":\"Centaury rimedio Bach Flowers n\u00b04 I sottomessi, i deboli di volont\u00e0, coloro che non sanno dire di no.\"}]},{\"@type\":\"WebSite\",\"@id\":\"https:\/\/www.erboristerie.com\/it\/#website\",\"url\":\"https:\/\/www.erboristerie.com\/it\/\",\"name\":\"Erboristeria Demetra\",\"description\":\"Your natural health\",\"publisher\":{\"@id\":\"https:\/\/www.erboristerie.com\/it\/#organization\"},\"potentialAction\":[{\"@type\":\"SearchAction\",\"target\":{\"@type\":\"EntryPoint\",\"urlTemplate\":\"https:\/\/www.erboristerie.com\/it\/?s={search_term_string}\"},\"query-input\":{\"@type\":\"PropertyValueSpecification\",\"valueRequired\":true,\"valueName\":\"search_term_string\"}}],\"inLanguage\":\"en-US\"},{\"@type\":\"Organization\",\"@id\":\"https:\/\/www.erboristerie.com\/it\/#organization\",\"name\":\"Erboristeria Demetra\",\"url\":\"https:\/\/www.erboristerie.com\/it\/\",\"logo\":{\"@type\":\"ImageObject\",\"inLanguage\":\"en-US\",\"@id\":\"https:\/\/www.erboristerie.com\/it\/#\/schema\/logo\/image\/\",\"url\":\"https:\/\/www.erboristerie.com\/wp-content\/uploads\/2019\/11\/LOGO_ERBORISTERIA_DEMETRA_original.png?v=1611516981\",\"contentUrl\":\"https:\/\/www.erboristerie.com\/wp-content\/uploads\/2019\/11\/LOGO_ERBORISTERIA_DEMETRA_original.png?v=1611516981\",\"width\":201,\"height\":54,\"caption\":\"Erboristeria Demetra\"},\"image\":{\"@id\":\"https:\/\/www.erboristerie.com\/it\/#\/schema\/logo\/image\/\"},\"sameAs\":[\"https:\/\/www.facebook.com\/erboristeria.demetra.online\"]}]}<\/script>\n<!-- \/ Yoast SEO plugin. -->","yoast_head_json":{"title":"Centaury rimedio Bach Flowers n\u00b04 I sottomessi, i deboli di volont\u00e0, coloro che non sanno dire di no. - Erboristeria Demetra","description":"Centaury \u00e8 il rimedio per i gentili, disponibili e generosi, ma che spesso si trovano a essere sfruttate dagli altri perch\u00e9 incapaci di opporsi","robots":{"index":"index","follow":"follow","max-snippet":"max-snippet:-1","max-image-preview":"max-image-preview:large","max-video-preview":"max-video-preview:-1"},"canonical":"https:\/\/www.erboristerie.com\/it\/prodotto\/centaury-rimedio-bach-flowers-n4-i-sottomessi-i-deboli-di-volonta-coloro-che-non-sanno-dire-di-no\/","og_locale":"en_US","og_type":"article","og_title":"Centaury rimedio Bach Flowers n\u00b04 I sottomessi, i deboli di volont\u00e0, coloro che non sanno dire di no. - Erboristeria Demetra","og_description":"Centaury \u00e8 il rimedio per i gentili, disponibili e generosi, ma che spesso si trovano a essere sfruttate dagli altri perch\u00e9 incapaci di opporsi","og_url":"https:\/\/www.erboristerie.com\/it\/prodotto\/centaury-rimedio-bach-flowers-n4-i-sottomessi-i-deboli-di-volonta-coloro-che-non-sanno-dire-di-no\/","og_site_name":"Erboristeria Demetra","article_publisher":"https:\/\/www.facebook.com\/erboristeria.demetra.online","article_modified_time":"2026-02-11T13:09:59+00:00","og_image":[{"width":500,"height":640,"url":"https:\/\/www.erboristerie.com\/wp-content\/uploads\/2019\/01\/products-_BACHDILEO.jpg","type":"image\/jpeg"}],"twitter_card":"summary_large_image","twitter_misc":{"Est. reading time":"1 minute"},"schema":{"@context":"https:\/\/schema.org","@graph":[{"@type":"WebPage","@id":"https:\/\/www.erboristerie.com\/it\/prodotto\/centaury-rimedio-bach-flowers-n4-i-sottomessi-i-deboli-di-volonta-coloro-che-non-sanno-dire-di-no\/","url":"https:\/\/www.erboristerie.com\/it\/prodotto\/centaury-rimedio-bach-flowers-n4-i-sottomessi-i-deboli-di-volonta-coloro-che-non-sanno-dire-di-no\/","name":"Centaury rimedio Bach Flowers n\u00b04 I sottomessi, i deboli di volont\u00e0, coloro che non sanno dire di no. - Erboristeria Demetra","isPartOf":{"@id":"https:\/\/www.erboristerie.com\/it\/#website"},"primaryImageOfPage":{"@id":"https:\/\/www.erboristerie.com\/it\/prodotto\/centaury-rimedio-bach-flowers-n4-i-sottomessi-i-deboli-di-volonta-coloro-che-non-sanno-dire-di-no\/#primaryimage"},"image":{"@id":"https:\/\/www.erboristerie.com\/it\/prodotto\/centaury-rimedio-bach-flowers-n4-i-sottomessi-i-deboli-di-volonta-coloro-che-non-sanno-dire-di-no\/#primaryimage"},"thumbnailUrl":"https:\/\/www.erboristerie.com\/wp-content\/uploads\/2019\/01\/products-_BACHDILEO.jpg","datePublished":"2011-07-28T15:41:34+00:00","dateModified":"2026-02-11T13:09:59+00:00","description":"Centaury \u00e8 il rimedio per i gentili, disponibili e generosi, ma che spesso si trovano a essere sfruttate dagli altri perch\u00e9 incapaci di opporsi","breadcrumb":{"@id":"https:\/\/www.erboristerie.com\/it\/prodotto\/centaury-rimedio-bach-flowers-n4-i-sottomessi-i-deboli-di-volonta-coloro-che-non-sanno-dire-di-no\/#breadcrumb"},"inLanguage":"en-US","potentialAction":[{"@type":"ReadAction","target":["https:\/\/www.erboristerie.com\/it\/prodotto\/centaury-rimedio-bach-flowers-n4-i-sottomessi-i-deboli-di-volonta-coloro-che-non-sanno-dire-di-no\/"]}]},{"@type":"ImageObject","inLanguage":"en-US","@id":"https:\/\/www.erboristerie.com\/it\/prodotto\/centaury-rimedio-bach-flowers-n4-i-sottomessi-i-deboli-di-volonta-coloro-che-non-sanno-dire-di-no\/#primaryimage","url":"https:\/\/www.erboristerie.com\/wp-content\/uploads\/2019\/01\/products-_BACHDILEO.jpg","contentUrl":"https:\/\/www.erboristerie.com\/wp-content\/uploads\/2019\/01\/products-_BACHDILEO.jpg","width":"500","height":"640","caption":"CRAB APPLE 10 ML - FIORI DI BACH"},{"@type":"BreadcrumbList","@id":"https:\/\/www.erboristerie.com\/it\/prodotto\/centaury-rimedio-bach-flowers-n4-i-sottomessi-i-deboli-di-volonta-coloro-che-non-sanno-dire-di-no\/#breadcrumb","itemListElement":[{"@type":"ListItem","position":1,"name":"Home","item":"https:\/\/www.erboristerie.com\/en\/"},{"@type":"ListItem","position":2,"name":"All products","item":"https:\/\/www.erboristerie.com\/en\/all-products\/"},{"@type":"ListItem","position":3,"name":"Centaury rimedio Bach Flowers n\u00b04 I sottomessi, i deboli di volont\u00e0, coloro che non sanno dire di no."}]},{"@type":"WebSite","@id":"https:\/\/www.erboristerie.com\/it\/#website","url":"https:\/\/www.erboristerie.com\/it\/","name":"Erboristeria Demetra","description":"Your natural health","publisher":{"@id":"https:\/\/www.erboristerie.com\/it\/#organization"},"potentialAction":[{"@type":"SearchAction","target":{"@type":"EntryPoint","urlTemplate":"https:\/\/www.erboristerie.com\/it\/?s={search_term_string}"},"query-input":{"@type":"PropertyValueSpecification","valueRequired":true,"valueName":"search_term_string"}}],"inLanguage":"en-US"},{"@type":"Organization","@id":"https:\/\/www.erboristerie.com\/it\/#organization","name":"Erboristeria Demetra","url":"https:\/\/www.erboristerie.com\/it\/","logo":{"@type":"ImageObject","inLanguage":"en-US","@id":"https:\/\/www.erboristerie.com\/it\/#\/schema\/logo\/image\/","url":"https:\/\/www.erboristerie.com\/wp-content\/uploads\/2019\/11\/LOGO_ERBORISTERIA_DEMETRA_original.png?v=1611516981","contentUrl":"https:\/\/www.erboristerie.com\/wp-content\/uploads\/2019\/11\/LOGO_ERBORISTERIA_DEMETRA_original.png?v=1611516981","width":201,"height":54,"caption":"Erboristeria Demetra"},"image":{"@id":"https:\/\/www.erboristerie.com\/it\/#\/schema\/logo\/image\/"},"sameAs":["https:\/\/www.facebook.com\/erboristeria.demetra.online"]}]}},"_links":{"self":[{"href":"https:\/\/www.erboristerie.com\/en\/wp-json\/wp\/v2\/product\/59726","targetHints":{"allow":["GET"]}}],"collection":[{"href":"https:\/\/www.erboristerie.com\/en\/wp-json\/wp\/v2\/product"}],"about":[{"href":"https:\/\/www.erboristerie.com\/en\/wp-json\/wp\/v2\/types\/product"}],"wp:featuredmedia":[{"embeddable":true,"href":"https:\/\/www.erboristerie.com\/en\/wp-json\/wp\/v2\/media\/54531"}],"wp:attachment":[{"href":"https:\/\/www.erboristerie.com\/en\/wp-json\/wp\/v2\/media?parent=59726"}],"wp:term":[{"taxonomy":"product_brand","embeddable":true,"href":"https:\/\/www.erboristerie.com\/en\/wp-json\/wp\/v2\/product_brand?post=59726"},{"taxonomy":"product_cat","embeddable":true,"href":"https:\/\/www.erboristerie.com\/en\/wp-json\/wp\/v2\/product_cat?post=59726"},{"taxonomy":"product_tag","embeddable":true,"href":"https:\/\/www.erboristerie.com\/en\/wp-json\/wp\/v2\/product_tag?post=59726"},{"taxonomy":"giftcard-category","embeddable":true,"href":"https:\/\/www.erboristerie.com\/en\/wp-json\/wp\/v2\/giftcard-category?post=59726"}],"curies":[{"name":"wp","href":"https:\/\/api.w.org\/{rel}","templated":true}]}}