{"id":59638,"date":"2011-06-18T11:12:13","date_gmt":"2011-06-18T11:12:13","guid":{"rendered":"http:\/\/www.erboristerie.com\/?post_type=product&#038;p=59638"},"modified":"2025-09-10T18:54:13","modified_gmt":"2025-09-10T16:54:13","slug":"acido-ialuronico-crema-viso-pelli-normali-e-secche-50-ml","status":"publish","type":"product","link":"https:\/\/www.erboristerie.com\/en\/prodotto\/acido-ialuronico-crema-viso-pelli-normali-e-secche-50-ml\/","title":{"rendered":"Acido Ialuronico Crema Viso Pelli Normali e Secche 50 ml"},"content":{"rendered":"<p>\n\t<strong>Crema Viso per Pelli Normali e Secche all&#8217;Acido Ialuronico 50 ml<em> &#8211; L&#8217;Erbolario<\/em><\/strong><br \/>\n\tTrattamento Giorno anti-age con Acido Ialuronico a tre pesi molecolari<br \/>\n\t<strong>Descrizione<\/strong><br \/>\n\tL\u2019Acido Ialuronico orchestra questa fresca e piacevolissima formulazione e svolge qui la sua triplice, fondamentale azione: \u2013 idrata e tonifica, assicurando un consistente contributo in acqua alla pelle; \u2013 leviga e minimizza i segni del tempo che passa, limitando i processi evaporativi che sottraggono umidit\u00e0 all\u2019epidermide e la inaridiscono, esponendola al rischio della comparsa spiacevole di rughe, solchi d\u2019espressione e increspature; \u2013 aumenta la compattezza e l\u2019elasticit\u00e0 cutanee, favorendo la fisiologica produzione di Collagene, proteina \u201cdella giovinezza\u201d preposta alla salvaguardia del turgore e della freschezza dei tessuti. Accanto all\u2019Acido Ialuronico infaticabile e dinamico si schierano poi le Cellule staminali da Rododendro alpino che, ad ogni applicazione, si attivano per aiutare le pelli normali e secche a meglio tollerare gli stress ambientali e a potenziare la naturale funzione di \u201cbarriera\u201d della cute. Leggero, non untuoso e incredibilmente ricco di attivi, questo trattamento antiet\u00e0 multiattivo \u00e8 la risposta ideale per chiunque miri a preservare a lungo nel tempo tutta la freschezza e la finezza di tessitura della pelle del viso.&nbsp;<br \/>\n\t<strong>Consigli d&#8217;uso<\/strong><br \/>\n\tDistribuire sul viso e sul collo. Per una perfetta assimilazione \u00e8 sufficiente un leggero massaggio.<br \/>\n\t<strong>Sostanze funzionali<\/strong><br \/>\n\tAcido Ialuronico a basso, medio e alto peso molecolare, cellule staminali da foglie di Rododendro alpino, olio di semi di Ibisco, olio di Babassu, olio di Girasole Biologico, frazione insaponificabile dell\u2019olio di Oliva, Vitamina E dai semi della Soja, olio essenziale di fiori di Ylang Ylang<br \/>\n\t<strong>Ingredienti (INCI)<\/strong><br \/>\n\tAqua (Water), Coco-caprylate\/caprate, Glyceryl stearate se, Olea europaea (Olive) oil unsaponifiables, Helianthus annuus (Sunflower) seed oil, Glycerin, Orbignya oleifera seed oil, Cetearyl alcohol, Hibiscus sabdariffa seed oil, Hydrogenated ethylhexyl olivate, Sodium hyaluronate, Rhododendron ferrugineum leaf cell culture extract, Cananga odorata flower oil, Rosmarinus officinalis (Rosemary) leaf extract, Hydrogenated olive oil unsaponifiables, Brassica campestris (Rapeseed) seed oil, Tocopherol, Lactic acid, Citric acid, Isomalt, Lecithin, Xanthan gum, Silica, Titanium dioxide, Parfum (Fragrance), Benzyl alcohol, Dehydroacetic acid, Potassium sorbate, Sodium benzoat<\/p>\n<p>\n\t<strong>Cosa sapere in pi\u00f9<\/strong><\/p>\n<ul>\n<li>\n\t\t100% Made in Italy<br \/>\n\t\tOgni fase della nostra attivit\u00e0, dalla formulazione al controllo qualit\u00e0, dalla preparazione del semilavorato al confezionamento, viene attuata da sempre nel nostro sito produttivo di Lodi: noi non abbiamo delocalizzato alcuna fase produttiva in paesi terzi, men che meno in quelli nei quali i diritti umani e i diritti fondamentali dei lavoratori sono calpestati. I nostri fitocosmetici sono orgogliosi di potersi dire 100% MADE IN ITALY!<\/li>\n<li>\n\t\t7 Metalli testati<br \/>\n\t\tMonitoraggio del contenuto di 7 metalli per minimizzare i rischi di allergia: *(Nichel, Piombo, Arsenico, Cadmio, Mercurio, Antimonio e Cromo) e salvaguardare cos\u00ec anche le pelli pi\u00f9 sensibili. Ogni lotto di produzione \u00e8 rigorosamente controllato per garantire un contenuto di ogni singolo metallo inferiore a 0.00005% (limite di rilevabilit\u00e0 strumentale).<\/li>\n<li>\n\t\tDa sempre amici degli animali<br \/>\n\t\tAderiamo allo \u201cStandard Internazionale Stop ai Test su Animali\u201d; garantito da LAV (Lega Anti Vivisezione). Fin dalla sua fondazione nel 1978 L&#8217;Erbolario ha seguito la politica di non ricorrere a test su animali e dal 2006, dopo che le normative europee hanno iniziato a limitare e poi hanno man mano proibito il ricorso ai test su animali per fini cosmetici, ha aderito allo Standard. www.lav.it<\/li>\n<li>\n\t\tDermatologicamente Testato<br \/>\n\t\tQuesto prodotto ha dimostrato di essere ottimamente tollerato dopo una rigorosa sperimentazione clinica finalizzata alla ricerca di eventuali potenzialit\u00e0 di irritazione e di allergogenesi. La valutazione delle ricerche \u00e8 stata effettuata presso il Dipartimento di Medicina interna e Terapia medica dell\u2019Universit\u00e0 degli Studi di Pavia.<\/li>\n<li>\n\t\tImballo in Carta FSC\u00ae<\/li>\n<\/ul>\n<p>\n\t&nbsp;<\/p>\n","protected":false},"excerpt":{"rendered":"<p>Crema Viso per Pelli Normali e Secche all&#8217;Acido Ialuronico 50 ml &#8211; L&#8217;Erbolario Trattamento Giorno anti-age con Acido Ialuronico a tre pesi molecolari Descrizione L\u2019Acido Ialuronico orchestra questa fresca e piacevolissima formulazione e svolge qui la sua triplice, fondamentale azione: \u2013 idrata e tonifica, assicurando&#8230;<\/p>\n","protected":false},"featured_media":59639,"template":"","meta":{"_acf_changed":false},"product_brand":[9603],"product_cat":[45040],"product_tag":[10566,14028,10650,10946,14133,11031,14132,14134,10985],"giftcard-category":[],"class_list":{"0":"post-59638","1":"product","2":"type-product","3":"status-publish","4":"has-post-thumbnail","6":"product_brand-erbolario","7":"product_cat-viso","8":"product_tag-acido","9":"product_tag-azione","10":"product_tag-crema","11":"product_tag-ialuronico","12":"product_tag-normali","13":"product_tag-pelli","14":"product_tag-secche","15":"product_tag-tripla","16":"product_tag-viso","17":"pa_formato-50-ml","18":"pa_linea-profumazione-acido-ialuronico","19":"pa_marca-lerbolario","20":"pa_tipologia-crema","22":"first","23":"instock","24":"sale","25":"taxable","26":"shipping-taxable","27":"purchasable","28":"product-type-simple"},"acf":[],"yoast_head":"<!-- This site is optimized with the Yoast SEO plugin v24.9 - https:\/\/yoast.com\/wordpress\/plugins\/seo\/ -->\n<title>Acido Ialuronico Crema Viso Pelli Normali e Secche 50 ml<\/title>\n<meta name=\"description\" content=\"Trattamento Giorno anti-age con Acido Ialuronico a tre pesi molecolari\" \/>\n<meta name=\"robots\" content=\"index, follow, max-snippet:-1, max-image-preview:large, max-video-preview:-1\" \/>\n<link rel=\"canonical\" href=\"https:\/\/www.erboristerie.com\/it\/prodotto\/acido-ialuronico-crema-viso-pelli-normali-e-secche-50-ml\/\" \/>\n<meta property=\"og:locale\" content=\"en_US\" \/>\n<meta property=\"og:type\" content=\"article\" \/>\n<meta property=\"og:title\" content=\"Acido Ialuronico Crema Viso Pelli Normali e Secche 50 ml\" \/>\n<meta property=\"og:description\" content=\"Trattamento Giorno anti-age con Acido Ialuronico a tre pesi molecolari\" \/>\n<meta property=\"og:url\" content=\"https:\/\/www.erboristerie.com\/it\/prodotto\/acido-ialuronico-crema-viso-pelli-normali-e-secche-50-ml\/\" \/>\n<meta property=\"og:site_name\" content=\"Erboristeria Demetra\" \/>\n<meta property=\"article:publisher\" content=\"https:\/\/www.facebook.com\/erboristeria.demetra.online\" \/>\n<meta property=\"article:modified_time\" content=\"2025-09-10T16:54:13+00:00\" \/>\n<meta property=\"og:image\" content=\"https:\/\/www.erboristerie.com\/wp-content\/uploads\/2019\/01\/products-00008623.jpg\" \/>\n\t<meta property=\"og:image:width\" content=\"250\" \/>\n\t<meta property=\"og:image:height\" content=\"365\" \/>\n\t<meta property=\"og:image:type\" content=\"image\/jpeg\" \/>\n<meta name=\"twitter:card\" content=\"summary_large_image\" \/>\n<meta name=\"twitter:label1\" content=\"Est. reading time\" \/>\n\t<meta name=\"twitter:data1\" content=\"3 minutes\" \/>\n<script type=\"application\/ld+json\" class=\"yoast-schema-graph\">{\"@context\":\"https:\/\/schema.org\",\"@graph\":[{\"@type\":\"WebPage\",\"@id\":\"https:\/\/www.erboristerie.com\/it\/prodotto\/acido-ialuronico-crema-viso-pelli-normali-e-secche-50-ml\/\",\"url\":\"https:\/\/www.erboristerie.com\/it\/prodotto\/acido-ialuronico-crema-viso-pelli-normali-e-secche-50-ml\/\",\"name\":\"Acido Ialuronico Crema Viso Pelli Normali e Secche 50 ml\",\"isPartOf\":{\"@id\":\"https:\/\/www.erboristerie.com\/it\/#website\"},\"primaryImageOfPage\":{\"@id\":\"https:\/\/www.erboristerie.com\/it\/prodotto\/acido-ialuronico-crema-viso-pelli-normali-e-secche-50-ml\/#primaryimage\"},\"image\":{\"@id\":\"https:\/\/www.erboristerie.com\/it\/prodotto\/acido-ialuronico-crema-viso-pelli-normali-e-secche-50-ml\/#primaryimage\"},\"thumbnailUrl\":\"https:\/\/www.erboristerie.com\/wp-content\/uploads\/2019\/01\/products-00008623.jpg\",\"datePublished\":\"2011-06-18T11:12:13+00:00\",\"dateModified\":\"2025-09-10T16:54:13+00:00\",\"description\":\"Trattamento Giorno anti-age con Acido Ialuronico a tre pesi molecolari\",\"breadcrumb\":{\"@id\":\"https:\/\/www.erboristerie.com\/it\/prodotto\/acido-ialuronico-crema-viso-pelli-normali-e-secche-50-ml\/#breadcrumb\"},\"inLanguage\":\"en-US\",\"potentialAction\":[{\"@type\":\"ReadAction\",\"target\":[\"https:\/\/www.erboristerie.com\/it\/prodotto\/acido-ialuronico-crema-viso-pelli-normali-e-secche-50-ml\/\"]}]},{\"@type\":\"ImageObject\",\"inLanguage\":\"en-US\",\"@id\":\"https:\/\/www.erboristerie.com\/it\/prodotto\/acido-ialuronico-crema-viso-pelli-normali-e-secche-50-ml\/#primaryimage\",\"url\":\"https:\/\/www.erboristerie.com\/wp-content\/uploads\/2019\/01\/products-00008623.jpg\",\"contentUrl\":\"https:\/\/www.erboristerie.com\/wp-content\/uploads\/2019\/01\/products-00008623.jpg\",\"width\":\"250\",\"height\":\"365\",\"caption\":\"Acido Ialuronico Crema Viso Pelli Normali e Secche 50 ml\"},{\"@type\":\"BreadcrumbList\",\"@id\":\"https:\/\/www.erboristerie.com\/it\/prodotto\/acido-ialuronico-crema-viso-pelli-normali-e-secche-50-ml\/#breadcrumb\",\"itemListElement\":[{\"@type\":\"ListItem\",\"position\":1,\"name\":\"Home\",\"item\":\"https:\/\/www.erboristerie.com\/en\/\"},{\"@type\":\"ListItem\",\"position\":2,\"name\":\"All products\",\"item\":\"https:\/\/www.erboristerie.com\/en\/all-products\/\"},{\"@type\":\"ListItem\",\"position\":3,\"name\":\"Acido Ialuronico Crema Viso Pelli Normali e Secche 50 ml\"}]},{\"@type\":\"WebSite\",\"@id\":\"https:\/\/www.erboristerie.com\/it\/#website\",\"url\":\"https:\/\/www.erboristerie.com\/it\/\",\"name\":\"Erboristeria Demetra\",\"description\":\"Your natural health\",\"publisher\":{\"@id\":\"https:\/\/www.erboristerie.com\/it\/#organization\"},\"potentialAction\":[{\"@type\":\"SearchAction\",\"target\":{\"@type\":\"EntryPoint\",\"urlTemplate\":\"https:\/\/www.erboristerie.com\/it\/?s={search_term_string}\"},\"query-input\":{\"@type\":\"PropertyValueSpecification\",\"valueRequired\":true,\"valueName\":\"search_term_string\"}}],\"inLanguage\":\"en-US\"},{\"@type\":\"Organization\",\"@id\":\"https:\/\/www.erboristerie.com\/it\/#organization\",\"name\":\"Erboristeria Demetra\",\"url\":\"https:\/\/www.erboristerie.com\/it\/\",\"logo\":{\"@type\":\"ImageObject\",\"inLanguage\":\"en-US\",\"@id\":\"https:\/\/www.erboristerie.com\/it\/#\/schema\/logo\/image\/\",\"url\":\"https:\/\/www.erboristerie.com\/wp-content\/uploads\/2019\/11\/LOGO_ERBORISTERIA_DEMETRA_original.png?v=1611516981\",\"contentUrl\":\"https:\/\/www.erboristerie.com\/wp-content\/uploads\/2019\/11\/LOGO_ERBORISTERIA_DEMETRA_original.png?v=1611516981\",\"width\":201,\"height\":54,\"caption\":\"Erboristeria Demetra\"},\"image\":{\"@id\":\"https:\/\/www.erboristerie.com\/it\/#\/schema\/logo\/image\/\"},\"sameAs\":[\"https:\/\/www.facebook.com\/erboristeria.demetra.online\"]}]}<\/script>\n<!-- \/ Yoast SEO plugin. -->","yoast_head_json":{"title":"Acido Ialuronico Crema Viso Pelli Normali e Secche 50 ml","description":"Trattamento Giorno anti-age con Acido Ialuronico a tre pesi molecolari","robots":{"index":"index","follow":"follow","max-snippet":"max-snippet:-1","max-image-preview":"max-image-preview:large","max-video-preview":"max-video-preview:-1"},"canonical":"https:\/\/www.erboristerie.com\/it\/prodotto\/acido-ialuronico-crema-viso-pelli-normali-e-secche-50-ml\/","og_locale":"en_US","og_type":"article","og_title":"Acido Ialuronico Crema Viso Pelli Normali e Secche 50 ml","og_description":"Trattamento Giorno anti-age con Acido Ialuronico a tre pesi molecolari","og_url":"https:\/\/www.erboristerie.com\/it\/prodotto\/acido-ialuronico-crema-viso-pelli-normali-e-secche-50-ml\/","og_site_name":"Erboristeria Demetra","article_publisher":"https:\/\/www.facebook.com\/erboristeria.demetra.online","article_modified_time":"2025-09-10T16:54:13+00:00","og_image":[{"width":250,"height":365,"url":"https:\/\/www.erboristerie.com\/wp-content\/uploads\/2019\/01\/products-00008623.jpg","type":"image\/jpeg"}],"twitter_card":"summary_large_image","twitter_misc":{"Est. reading time":"3 minutes"},"schema":{"@context":"https:\/\/schema.org","@graph":[{"@type":"WebPage","@id":"https:\/\/www.erboristerie.com\/it\/prodotto\/acido-ialuronico-crema-viso-pelli-normali-e-secche-50-ml\/","url":"https:\/\/www.erboristerie.com\/it\/prodotto\/acido-ialuronico-crema-viso-pelli-normali-e-secche-50-ml\/","name":"Acido Ialuronico Crema Viso Pelli Normali e Secche 50 ml","isPartOf":{"@id":"https:\/\/www.erboristerie.com\/it\/#website"},"primaryImageOfPage":{"@id":"https:\/\/www.erboristerie.com\/it\/prodotto\/acido-ialuronico-crema-viso-pelli-normali-e-secche-50-ml\/#primaryimage"},"image":{"@id":"https:\/\/www.erboristerie.com\/it\/prodotto\/acido-ialuronico-crema-viso-pelli-normali-e-secche-50-ml\/#primaryimage"},"thumbnailUrl":"https:\/\/www.erboristerie.com\/wp-content\/uploads\/2019\/01\/products-00008623.jpg","datePublished":"2011-06-18T11:12:13+00:00","dateModified":"2025-09-10T16:54:13+00:00","description":"Trattamento Giorno anti-age con Acido Ialuronico a tre pesi molecolari","breadcrumb":{"@id":"https:\/\/www.erboristerie.com\/it\/prodotto\/acido-ialuronico-crema-viso-pelli-normali-e-secche-50-ml\/#breadcrumb"},"inLanguage":"en-US","potentialAction":[{"@type":"ReadAction","target":["https:\/\/www.erboristerie.com\/it\/prodotto\/acido-ialuronico-crema-viso-pelli-normali-e-secche-50-ml\/"]}]},{"@type":"ImageObject","inLanguage":"en-US","@id":"https:\/\/www.erboristerie.com\/it\/prodotto\/acido-ialuronico-crema-viso-pelli-normali-e-secche-50-ml\/#primaryimage","url":"https:\/\/www.erboristerie.com\/wp-content\/uploads\/2019\/01\/products-00008623.jpg","contentUrl":"https:\/\/www.erboristerie.com\/wp-content\/uploads\/2019\/01\/products-00008623.jpg","width":"250","height":"365","caption":"Acido Ialuronico Crema Viso Pelli Normali e Secche 50 ml"},{"@type":"BreadcrumbList","@id":"https:\/\/www.erboristerie.com\/it\/prodotto\/acido-ialuronico-crema-viso-pelli-normali-e-secche-50-ml\/#breadcrumb","itemListElement":[{"@type":"ListItem","position":1,"name":"Home","item":"https:\/\/www.erboristerie.com\/en\/"},{"@type":"ListItem","position":2,"name":"All products","item":"https:\/\/www.erboristerie.com\/en\/all-products\/"},{"@type":"ListItem","position":3,"name":"Acido Ialuronico Crema Viso Pelli Normali e Secche 50 ml"}]},{"@type":"WebSite","@id":"https:\/\/www.erboristerie.com\/it\/#website","url":"https:\/\/www.erboristerie.com\/it\/","name":"Erboristeria Demetra","description":"Your natural health","publisher":{"@id":"https:\/\/www.erboristerie.com\/it\/#organization"},"potentialAction":[{"@type":"SearchAction","target":{"@type":"EntryPoint","urlTemplate":"https:\/\/www.erboristerie.com\/it\/?s={search_term_string}"},"query-input":{"@type":"PropertyValueSpecification","valueRequired":true,"valueName":"search_term_string"}}],"inLanguage":"en-US"},{"@type":"Organization","@id":"https:\/\/www.erboristerie.com\/it\/#organization","name":"Erboristeria Demetra","url":"https:\/\/www.erboristerie.com\/it\/","logo":{"@type":"ImageObject","inLanguage":"en-US","@id":"https:\/\/www.erboristerie.com\/it\/#\/schema\/logo\/image\/","url":"https:\/\/www.erboristerie.com\/wp-content\/uploads\/2019\/11\/LOGO_ERBORISTERIA_DEMETRA_original.png?v=1611516981","contentUrl":"https:\/\/www.erboristerie.com\/wp-content\/uploads\/2019\/11\/LOGO_ERBORISTERIA_DEMETRA_original.png?v=1611516981","width":201,"height":54,"caption":"Erboristeria Demetra"},"image":{"@id":"https:\/\/www.erboristerie.com\/it\/#\/schema\/logo\/image\/"},"sameAs":["https:\/\/www.facebook.com\/erboristeria.demetra.online"]}]}},"_links":{"self":[{"href":"https:\/\/www.erboristerie.com\/en\/wp-json\/wp\/v2\/product\/59638","targetHints":{"allow":["GET"]}}],"collection":[{"href":"https:\/\/www.erboristerie.com\/en\/wp-json\/wp\/v2\/product"}],"about":[{"href":"https:\/\/www.erboristerie.com\/en\/wp-json\/wp\/v2\/types\/product"}],"wp:featuredmedia":[{"embeddable":true,"href":"https:\/\/www.erboristerie.com\/en\/wp-json\/wp\/v2\/media\/59639"}],"wp:attachment":[{"href":"https:\/\/www.erboristerie.com\/en\/wp-json\/wp\/v2\/media?parent=59638"}],"wp:term":[{"taxonomy":"product_brand","embeddable":true,"href":"https:\/\/www.erboristerie.com\/en\/wp-json\/wp\/v2\/product_brand?post=59638"},{"taxonomy":"product_cat","embeddable":true,"href":"https:\/\/www.erboristerie.com\/en\/wp-json\/wp\/v2\/product_cat?post=59638"},{"taxonomy":"product_tag","embeddable":true,"href":"https:\/\/www.erboristerie.com\/en\/wp-json\/wp\/v2\/product_tag?post=59638"},{"taxonomy":"giftcard-category","embeddable":true,"href":"https:\/\/www.erboristerie.com\/en\/wp-json\/wp\/v2\/giftcard-category?post=59638"}],"curies":[{"name":"wp","href":"https:\/\/api.w.org\/{rel}","templated":true}]}}