{"id":59274,"date":"2010-12-08T10:44:51","date_gmt":"2010-12-08T10:44:51","guid":{"rendered":"http:\/\/www.erboristerie.com\/?post_type=product&#038;p=59274"},"modified":"2025-09-26T12:31:28","modified_gmt":"2025-09-26T10:31:28","slug":"vitacalm-buonanotte-tisana-20-filtri-per-riposo-notturno-difficile-irrequieto-intermittente","status":"publish","type":"product","link":"https:\/\/www.erboristerie.com\/en\/prodotto\/vitacalm-buonanotte-tisana-20-filtri-per-riposo-notturno-difficile-irrequieto-intermittente\/","title":{"rendered":"Vitacalm\u00ae Buonanotte Tisana 20 filtri per riposo notturno difficile, irrequieto, intermittente"},"content":{"rendered":"<p><strong>VitaCalm\u00ae Buonanotte Tisana 20 filtri &#8211; Biosline<\/strong><\/p>\n<p>Riposare in modo sereno permette di affrontare al meglio la giornata.<\/p>\n<p>La tisana <strong>VitaCalm\u00ae Buonanotte<\/strong>\u00a0\u00e8 una combinazione di piante sapientemente miscelate che pu\u00f2 favorire un fisiologico rilassamento e promuovere un sonno tranquillo e sereno.<\/p>\n<p>Indicata nei casi di riposo notturno difficile, irrequieto o intermittente.<\/p>\n<p><strong>Modo d&#8217;uso<\/strong><\/p>\n<p>Versare in una tazza dell\u2019acqua bollente, immergere il filtro e lasciarlo in infusione per 5-10 minuti.<\/p>\n<p>Per evitare la dispersione dei preziosi elementi volatili \u00e8 meglio coprire la tazza con un piattino.<\/p>\n<p>Eventualmente dolcificare, meglio con miele.<\/p>\n<p>Se ne consiglia l\u2019assunzione alla sera o quando se ne sente la necessit\u00e0.<\/p>\n<p>Pu\u00f2 essere assunta anche fredda, poich\u00e9 mantiene inalterate tutte le sue propriet\u00e0.<strong><br \/>\n<\/strong><\/p>\n<p><strong>Cosa contiene<\/strong><\/p>\n<p>Camomilla capolini, Passiflora foglie, Arancio scorze, Biancospino sommit\u00e0 fiorite, Valeriana radice, Arancio dolce fiori.<\/p>\n<p>Aroma Arancio<\/p>\n<p><strong>Senza glutine<\/strong><br \/>\n<strong>Senza lattosio<\/strong><br \/>\n<strong>Adatto ai vegani.<\/strong><\/p>\n<p><a href=\"https:\/\/www.erboristerie.com\/it\/attribute\/linea\/vitacalm\/\">Clicca qui per tutta la linea VITACALM<\/a><\/p>\n","protected":false},"excerpt":{"rendered":"<p>VitaCalm\u00ae Buonanotte Tisana 20 filtri &#8211; Biosline Riposare in modo sereno permette di affrontare al meglio la giornata. La tisana VitaCalm\u00ae Buonanotte\u00a0\u00e8 una combinazione di piante sapientemente miscelate che pu\u00f2 favorire un fisiologico rilassamento e promuovere un sonno tranquillo e sereno. Indicata nei casi di&#8230;<\/p>\n","protected":false},"featured_media":125772,"template":"","meta":{"_acf_changed":false},"product_brand":[9595],"product_cat":[49559,9807],"product_tag":[14010,11920,11173,14011],"giftcard-category":[],"class_list":{"0":"post-59274","1":"product","2":"type-product","3":"status-publish","4":"has-post-thumbnail","6":"product_brand-biosline","7":"product_cat-infusi-tisane-in-filtri","8":"product_cat-sonno-riposo-e-umore","9":"product_tag-buonanotte","10":"product_tag-filtri","11":"product_tag-tisana","12":"product_tag-vitacalm","13":"pa_linea-vitacalm","14":"pa_marca-biosline","15":"pa_tipologia-bustine","17":"first","18":"instock","19":"sale","20":"taxable","21":"shipping-taxable","22":"purchasable","23":"product-type-simple"},"acf":[],"yoast_head":"<!-- This site is optimized with the Yoast SEO plugin v24.9 - https:\/\/yoast.com\/wordpress\/plugins\/seo\/ -->\n<title>Vitacalm\u00ae Buonanotte Tisana 20 filtri per riposo notturno difficile, irrequieto, intermittente - Erboristeria Demetra<\/title>\n<meta name=\"description\" content=\"Per un sonno tranquillo e sereno. con Camomilla, Passiflora, Arancio, Biancospino, Melissa, Valeriana e olio essenziale di Arancio dolce\" \/>\n<meta name=\"robots\" content=\"index, follow, max-snippet:-1, max-image-preview:large, max-video-preview:-1\" \/>\n<link rel=\"canonical\" href=\"https:\/\/www.erboristerie.com\/it\/prodotto\/vitacalm-buonanotte-tisana-20-filtri-per-riposo-notturno-difficile-irrequieto-intermittente\/\" \/>\n<meta property=\"og:locale\" content=\"en_US\" \/>\n<meta property=\"og:type\" content=\"article\" \/>\n<meta property=\"og:title\" content=\"Vitacalm\u00ae Buonanotte Tisana 20 filtri per riposo notturno difficile, irrequieto, intermittente - Erboristeria Demetra\" \/>\n<meta property=\"og:description\" content=\"Per un sonno tranquillo e sereno. con Camomilla, Passiflora, Arancio, Biancospino, Melissa, Valeriana e olio essenziale di Arancio dolce\" \/>\n<meta property=\"og:url\" content=\"https:\/\/www.erboristerie.com\/it\/prodotto\/vitacalm-buonanotte-tisana-20-filtri-per-riposo-notturno-difficile-irrequieto-intermittente\/\" \/>\n<meta property=\"og:site_name\" content=\"Erboristeria Demetra\" \/>\n<meta property=\"article:publisher\" content=\"https:\/\/www.facebook.com\/erboristeria.demetra.online\" \/>\n<meta property=\"article:modified_time\" content=\"2025-09-26T10:31:28+00:00\" \/>\n<meta property=\"og:image\" content=\"https:\/\/www.erboristerie.com\/wp-content\/uploads\/2010\/12\/00008484-vitacalm-tisana-biosline-erboristerie-com.jpg\" \/>\n\t<meta property=\"og:image:width\" content=\"600\" \/>\n\t<meta property=\"og:image:height\" content=\"600\" \/>\n\t<meta property=\"og:image:type\" content=\"image\/jpeg\" \/>\n<meta name=\"twitter:card\" content=\"summary_large_image\" \/>\n<meta name=\"twitter:label1\" content=\"Est. reading time\" \/>\n\t<meta name=\"twitter:data1\" content=\"1 minute\" \/>\n<script type=\"application\/ld+json\" class=\"yoast-schema-graph\">{\"@context\":\"https:\/\/schema.org\",\"@graph\":[{\"@type\":\"WebPage\",\"@id\":\"https:\/\/www.erboristerie.com\/it\/prodotto\/vitacalm-buonanotte-tisana-20-filtri-per-riposo-notturno-difficile-irrequieto-intermittente\/\",\"url\":\"https:\/\/www.erboristerie.com\/it\/prodotto\/vitacalm-buonanotte-tisana-20-filtri-per-riposo-notturno-difficile-irrequieto-intermittente\/\",\"name\":\"Vitacalm\u00ae Buonanotte Tisana 20 filtri per riposo notturno difficile, irrequieto, intermittente - Erboristeria Demetra\",\"isPartOf\":{\"@id\":\"https:\/\/www.erboristerie.com\/it\/#website\"},\"primaryImageOfPage\":{\"@id\":\"https:\/\/www.erboristerie.com\/it\/prodotto\/vitacalm-buonanotte-tisana-20-filtri-per-riposo-notturno-difficile-irrequieto-intermittente\/#primaryimage\"},\"image\":{\"@id\":\"https:\/\/www.erboristerie.com\/it\/prodotto\/vitacalm-buonanotte-tisana-20-filtri-per-riposo-notturno-difficile-irrequieto-intermittente\/#primaryimage\"},\"thumbnailUrl\":\"https:\/\/www.erboristerie.com\/wp-content\/uploads\/2010\/12\/00008484-vitacalm-tisana-biosline-erboristerie-com.jpg\",\"datePublished\":\"2010-12-08T10:44:51+00:00\",\"dateModified\":\"2025-09-26T10:31:28+00:00\",\"description\":\"Per un sonno tranquillo e sereno. con Camomilla, Passiflora, Arancio, Biancospino, Melissa, Valeriana e olio essenziale di Arancio dolce\",\"breadcrumb\":{\"@id\":\"https:\/\/www.erboristerie.com\/it\/prodotto\/vitacalm-buonanotte-tisana-20-filtri-per-riposo-notturno-difficile-irrequieto-intermittente\/#breadcrumb\"},\"inLanguage\":\"en-US\",\"potentialAction\":[{\"@type\":\"ReadAction\",\"target\":[\"https:\/\/www.erboristerie.com\/it\/prodotto\/vitacalm-buonanotte-tisana-20-filtri-per-riposo-notturno-difficile-irrequieto-intermittente\/\"]}]},{\"@type\":\"ImageObject\",\"inLanguage\":\"en-US\",\"@id\":\"https:\/\/www.erboristerie.com\/it\/prodotto\/vitacalm-buonanotte-tisana-20-filtri-per-riposo-notturno-difficile-irrequieto-intermittente\/#primaryimage\",\"url\":\"https:\/\/www.erboristerie.com\/wp-content\/uploads\/2010\/12\/00008484-vitacalm-tisana-biosline-erboristerie-com.jpg\",\"contentUrl\":\"https:\/\/www.erboristerie.com\/wp-content\/uploads\/2010\/12\/00008484-vitacalm-tisana-biosline-erboristerie-com.jpg\",\"width\":600,\"height\":600},{\"@type\":\"BreadcrumbList\",\"@id\":\"https:\/\/www.erboristerie.com\/it\/prodotto\/vitacalm-buonanotte-tisana-20-filtri-per-riposo-notturno-difficile-irrequieto-intermittente\/#breadcrumb\",\"itemListElement\":[{\"@type\":\"ListItem\",\"position\":1,\"name\":\"Home\",\"item\":\"https:\/\/www.erboristerie.com\/en\/\"},{\"@type\":\"ListItem\",\"position\":2,\"name\":\"All products\",\"item\":\"https:\/\/www.erboristerie.com\/en\/all-products\/\"},{\"@type\":\"ListItem\",\"position\":3,\"name\":\"Vitacalm\u00ae Buonanotte Tisana 20 filtri per riposo notturno difficile, irrequieto, intermittente\"}]},{\"@type\":\"WebSite\",\"@id\":\"https:\/\/www.erboristerie.com\/it\/#website\",\"url\":\"https:\/\/www.erboristerie.com\/it\/\",\"name\":\"Erboristeria Demetra\",\"description\":\"Your natural health\",\"publisher\":{\"@id\":\"https:\/\/www.erboristerie.com\/it\/#organization\"},\"potentialAction\":[{\"@type\":\"SearchAction\",\"target\":{\"@type\":\"EntryPoint\",\"urlTemplate\":\"https:\/\/www.erboristerie.com\/it\/?s={search_term_string}\"},\"query-input\":{\"@type\":\"PropertyValueSpecification\",\"valueRequired\":true,\"valueName\":\"search_term_string\"}}],\"inLanguage\":\"en-US\"},{\"@type\":\"Organization\",\"@id\":\"https:\/\/www.erboristerie.com\/it\/#organization\",\"name\":\"Erboristeria Demetra\",\"url\":\"https:\/\/www.erboristerie.com\/it\/\",\"logo\":{\"@type\":\"ImageObject\",\"inLanguage\":\"en-US\",\"@id\":\"https:\/\/www.erboristerie.com\/it\/#\/schema\/logo\/image\/\",\"url\":\"https:\/\/www.erboristerie.com\/wp-content\/uploads\/2019\/11\/LOGO_ERBORISTERIA_DEMETRA_original.png?v=1611516981\",\"contentUrl\":\"https:\/\/www.erboristerie.com\/wp-content\/uploads\/2019\/11\/LOGO_ERBORISTERIA_DEMETRA_original.png?v=1611516981\",\"width\":201,\"height\":54,\"caption\":\"Erboristeria Demetra\"},\"image\":{\"@id\":\"https:\/\/www.erboristerie.com\/it\/#\/schema\/logo\/image\/\"},\"sameAs\":[\"https:\/\/www.facebook.com\/erboristeria.demetra.online\"]}]}<\/script>\n<!-- \/ Yoast SEO plugin. -->","yoast_head_json":{"title":"Vitacalm\u00ae Buonanotte Tisana 20 filtri per riposo notturno difficile, irrequieto, intermittente - Erboristeria Demetra","description":"Per un sonno tranquillo e sereno. con Camomilla, Passiflora, Arancio, Biancospino, Melissa, Valeriana e olio essenziale di Arancio dolce","robots":{"index":"index","follow":"follow","max-snippet":"max-snippet:-1","max-image-preview":"max-image-preview:large","max-video-preview":"max-video-preview:-1"},"canonical":"https:\/\/www.erboristerie.com\/it\/prodotto\/vitacalm-buonanotte-tisana-20-filtri-per-riposo-notturno-difficile-irrequieto-intermittente\/","og_locale":"en_US","og_type":"article","og_title":"Vitacalm\u00ae Buonanotte Tisana 20 filtri per riposo notturno difficile, irrequieto, intermittente - Erboristeria Demetra","og_description":"Per un sonno tranquillo e sereno. con Camomilla, Passiflora, Arancio, Biancospino, Melissa, Valeriana e olio essenziale di Arancio dolce","og_url":"https:\/\/www.erboristerie.com\/it\/prodotto\/vitacalm-buonanotte-tisana-20-filtri-per-riposo-notturno-difficile-irrequieto-intermittente\/","og_site_name":"Erboristeria Demetra","article_publisher":"https:\/\/www.facebook.com\/erboristeria.demetra.online","article_modified_time":"2025-09-26T10:31:28+00:00","og_image":[{"width":600,"height":600,"url":"https:\/\/www.erboristerie.com\/wp-content\/uploads\/2010\/12\/00008484-vitacalm-tisana-biosline-erboristerie-com.jpg","type":"image\/jpeg"}],"twitter_card":"summary_large_image","twitter_misc":{"Est. reading time":"1 minute"},"schema":{"@context":"https:\/\/schema.org","@graph":[{"@type":"WebPage","@id":"https:\/\/www.erboristerie.com\/it\/prodotto\/vitacalm-buonanotte-tisana-20-filtri-per-riposo-notturno-difficile-irrequieto-intermittente\/","url":"https:\/\/www.erboristerie.com\/it\/prodotto\/vitacalm-buonanotte-tisana-20-filtri-per-riposo-notturno-difficile-irrequieto-intermittente\/","name":"Vitacalm\u00ae Buonanotte Tisana 20 filtri per riposo notturno difficile, irrequieto, intermittente - Erboristeria Demetra","isPartOf":{"@id":"https:\/\/www.erboristerie.com\/it\/#website"},"primaryImageOfPage":{"@id":"https:\/\/www.erboristerie.com\/it\/prodotto\/vitacalm-buonanotte-tisana-20-filtri-per-riposo-notturno-difficile-irrequieto-intermittente\/#primaryimage"},"image":{"@id":"https:\/\/www.erboristerie.com\/it\/prodotto\/vitacalm-buonanotte-tisana-20-filtri-per-riposo-notturno-difficile-irrequieto-intermittente\/#primaryimage"},"thumbnailUrl":"https:\/\/www.erboristerie.com\/wp-content\/uploads\/2010\/12\/00008484-vitacalm-tisana-biosline-erboristerie-com.jpg","datePublished":"2010-12-08T10:44:51+00:00","dateModified":"2025-09-26T10:31:28+00:00","description":"Per un sonno tranquillo e sereno. con Camomilla, Passiflora, Arancio, Biancospino, Melissa, Valeriana e olio essenziale di Arancio dolce","breadcrumb":{"@id":"https:\/\/www.erboristerie.com\/it\/prodotto\/vitacalm-buonanotte-tisana-20-filtri-per-riposo-notturno-difficile-irrequieto-intermittente\/#breadcrumb"},"inLanguage":"en-US","potentialAction":[{"@type":"ReadAction","target":["https:\/\/www.erboristerie.com\/it\/prodotto\/vitacalm-buonanotte-tisana-20-filtri-per-riposo-notturno-difficile-irrequieto-intermittente\/"]}]},{"@type":"ImageObject","inLanguage":"en-US","@id":"https:\/\/www.erboristerie.com\/it\/prodotto\/vitacalm-buonanotte-tisana-20-filtri-per-riposo-notturno-difficile-irrequieto-intermittente\/#primaryimage","url":"https:\/\/www.erboristerie.com\/wp-content\/uploads\/2010\/12\/00008484-vitacalm-tisana-biosline-erboristerie-com.jpg","contentUrl":"https:\/\/www.erboristerie.com\/wp-content\/uploads\/2010\/12\/00008484-vitacalm-tisana-biosline-erboristerie-com.jpg","width":600,"height":600},{"@type":"BreadcrumbList","@id":"https:\/\/www.erboristerie.com\/it\/prodotto\/vitacalm-buonanotte-tisana-20-filtri-per-riposo-notturno-difficile-irrequieto-intermittente\/#breadcrumb","itemListElement":[{"@type":"ListItem","position":1,"name":"Home","item":"https:\/\/www.erboristerie.com\/en\/"},{"@type":"ListItem","position":2,"name":"All products","item":"https:\/\/www.erboristerie.com\/en\/all-products\/"},{"@type":"ListItem","position":3,"name":"Vitacalm\u00ae Buonanotte Tisana 20 filtri per riposo notturno difficile, irrequieto, intermittente"}]},{"@type":"WebSite","@id":"https:\/\/www.erboristerie.com\/it\/#website","url":"https:\/\/www.erboristerie.com\/it\/","name":"Erboristeria Demetra","description":"Your natural health","publisher":{"@id":"https:\/\/www.erboristerie.com\/it\/#organization"},"potentialAction":[{"@type":"SearchAction","target":{"@type":"EntryPoint","urlTemplate":"https:\/\/www.erboristerie.com\/it\/?s={search_term_string}"},"query-input":{"@type":"PropertyValueSpecification","valueRequired":true,"valueName":"search_term_string"}}],"inLanguage":"en-US"},{"@type":"Organization","@id":"https:\/\/www.erboristerie.com\/it\/#organization","name":"Erboristeria Demetra","url":"https:\/\/www.erboristerie.com\/it\/","logo":{"@type":"ImageObject","inLanguage":"en-US","@id":"https:\/\/www.erboristerie.com\/it\/#\/schema\/logo\/image\/","url":"https:\/\/www.erboristerie.com\/wp-content\/uploads\/2019\/11\/LOGO_ERBORISTERIA_DEMETRA_original.png?v=1611516981","contentUrl":"https:\/\/www.erboristerie.com\/wp-content\/uploads\/2019\/11\/LOGO_ERBORISTERIA_DEMETRA_original.png?v=1611516981","width":201,"height":54,"caption":"Erboristeria Demetra"},"image":{"@id":"https:\/\/www.erboristerie.com\/it\/#\/schema\/logo\/image\/"},"sameAs":["https:\/\/www.facebook.com\/erboristeria.demetra.online"]}]}},"_links":{"self":[{"href":"https:\/\/www.erboristerie.com\/en\/wp-json\/wp\/v2\/product\/59274","targetHints":{"allow":["GET"]}}],"collection":[{"href":"https:\/\/www.erboristerie.com\/en\/wp-json\/wp\/v2\/product"}],"about":[{"href":"https:\/\/www.erboristerie.com\/en\/wp-json\/wp\/v2\/types\/product"}],"wp:featuredmedia":[{"embeddable":true,"href":"https:\/\/www.erboristerie.com\/en\/wp-json\/wp\/v2\/media\/125772"}],"wp:attachment":[{"href":"https:\/\/www.erboristerie.com\/en\/wp-json\/wp\/v2\/media?parent=59274"}],"wp:term":[{"taxonomy":"product_brand","embeddable":true,"href":"https:\/\/www.erboristerie.com\/en\/wp-json\/wp\/v2\/product_brand?post=59274"},{"taxonomy":"product_cat","embeddable":true,"href":"https:\/\/www.erboristerie.com\/en\/wp-json\/wp\/v2\/product_cat?post=59274"},{"taxonomy":"product_tag","embeddable":true,"href":"https:\/\/www.erboristerie.com\/en\/wp-json\/wp\/v2\/product_tag?post=59274"},{"taxonomy":"giftcard-category","embeddable":true,"href":"https:\/\/www.erboristerie.com\/en\/wp-json\/wp\/v2\/giftcard-category?post=59274"}],"curies":[{"name":"wp","href":"https:\/\/api.w.org\/{rel}","templated":true}]}}