{"id":59154,"date":"2010-11-02T17:51:17","date_gmt":"2010-11-02T16:51:17","guid":{"rendered":"http:\/\/www.erboristerie.com\/?post_type=product&#038;p=59154"},"modified":"2025-09-30T18:56:17","modified_gmt":"2025-09-30T16:56:17","slug":"olio-essenziale-di-salvia-officinalis-10ml-foglie-salvia-officinalis-erbamea","status":"publish","type":"product","link":"https:\/\/www.erboristerie.com\/en\/prodotto\/olio-essenziale-di-salvia-officinalis-10ml-foglie-salvia-officinalis-erbamea\/","title":{"rendered":"Olio Essenziale di Salvia Officinalis 10ml foglie (Salvia officinalis) Erbamea"},"content":{"rendered":"<p><strong>Olio Essenziale di Salvia Officinalis 10ml foglie (Salvia officinalis) Erbamea<\/strong><\/p>\n<p>L&#8217;olio essenziale di Salvia \u00e8 stato oggetto, assieme all&#8217;estratto idroalcolico, di alcuni studi clinici che ne hanno dimostrato l&#8217;attivit\u00e0 positiva nel miglioramento della memoria, dei processi cognitivi, del tono dell&#8217;umore e della reattivit\u00e0<\/p>\n<p><strong>Attivit\u00e0 principali<\/strong><\/p>\n<p>Emmenagoga, estrogeno-like, antimicrobica delle vie respiratorie, anticatarrale, espettorante, mucolitica, tonico-stimolante, coleretica, colagoga, ipertensiva, antidrotica, anti-galattogena, cicatrizzante.<\/p>\n<p><strong>Indicazioni<\/strong><\/p>\n<p>Amenorrea<br \/>\nOligomenorrea<br \/>\nMalattie da raffreddamento<br \/>\nBronchite<br \/>\nSinusite<br \/>\nTosse con catarro<br \/>\nPiccola insufficienza epatica<br \/>\nEpatopatie<br \/>\nEpatiti virali<br \/>\nInsufficienza epatobiliare<br \/>\nIpotensione<br \/>\nIperidrosi<br \/>\nHerpes labialis (uso topico)<br \/>\nAfte (uso topico)<br \/>\nStomatiti (uso topico)<br \/>\nAcne (uso topico)<br \/>\nPunture di insetti (uso topico)<\/p>\n<p><strong>Olio essenziale puro e naturale al 100%<\/strong><\/p>\n<p>Notificato al Ministero della Salute come integratore alimentare.<\/p>\n<p>Il fatto di essere un integratore alimentare lo rende adatto anche all&#8217;uso alimentare oltre a quello pi\u00f9 conosciuto per ambienti, massaggi, profumi ecc.<\/p>\n<p>Flacone in <strong>vetro ambrato con pipetta contagocce<\/strong>.<\/p>\n<p><strong>Modo d\u2019uso<\/strong><\/p>\n<p>Via orale: 2 gocce, 2 volte al giorno<\/p>\n<p>Da assumere diluito in un cucchiaio di miele o di olio vegetale (es.\u00a0olio\u00a0di\u00a0oliva).<\/p>\n<p>Per uso topico: miscelare 10 ml di olio essenziale e 100 ml di soluzione idroalcolica al 75%; diluire poi 50 gocce di questa miscela in mezzo bicchiere di acqua, per sciacqui, gargarismi e lavaggi cutanei.<\/p>\n<p><strong>Senza Glutine<\/strong><\/p>\n<p><strong>Senza Lattosio<\/strong><\/p>\n<p><strong>Adatto ai Vegani<\/strong><\/p>\n","protected":false},"excerpt":{"rendered":"<p>Olio Essenziale di Salvia Officinalis 10ml foglie (Salvia officinalis) Erbamea L&#8217;olio essenziale di Salvia \u00e8 stato oggetto, assieme all&#8217;estratto idroalcolico, di alcuni studi clinici che ne hanno dimostrato l&#8217;attivit\u00e0 positiva nel miglioramento della memoria, dei processi cognitivi, del tono dell&#8217;umore e della reattivit\u00e0 Attivit\u00e0 principali&#8230;<\/p>\n","protected":false},"featured_media":53983,"template":"","meta":{"_acf_changed":false},"product_brand":[9617],"product_cat":[45109],"product_tag":[18806,11156,18198,19004],"giftcard-category":[],"class_list":{"0":"post-59154","1":"product","2":"type-product","3":"status-publish","4":"has-post-thumbnail","6":"product_brand-erbamea","7":"product_cat-oli-essenziali-4","8":"product_tag-essenziale-2","9":"product_tag-officinalis","10":"product_tag-olio-2","11":"product_tag-salvia-2","12":"pa_formato-10-ml","13":"pa_marca-erbamea","14":"pa_tipologia-olio-essenziale","16":"first","17":"instock","18":"sale","19":"taxable","20":"shipping-taxable","21":"purchasable","22":"product-type-simple"},"acf":[],"yoast_head":"<!-- This site is optimized with the Yoast SEO plugin v24.9 - https:\/\/yoast.com\/wordpress\/plugins\/seo\/ -->\n<title>Olio Essenziale di Salvia Officinalis 10ml foglie (Salvia officinalis) Erbamea - Erboristeria Demetra<\/title>\n<meta name=\"description\" content=\"Numerosissime le attivit\u00e0 di questo olio essenziale: Emmenagoga, estrogeno-like, antimicrobica delle vie respiratorie, anticatarrale, espettorante, mucolitica\" \/>\n<meta name=\"robots\" content=\"index, follow, max-snippet:-1, max-image-preview:large, max-video-preview:-1\" \/>\n<link rel=\"canonical\" href=\"https:\/\/www.erboristerie.com\/it\/prodotto\/olio-essenziale-di-salvia-officinalis-10ml-foglie-salvia-officinalis-erbamea\/\" \/>\n<meta property=\"og:locale\" content=\"en_US\" \/>\n<meta property=\"og:type\" content=\"article\" \/>\n<meta property=\"og:title\" content=\"Olio Essenziale di Salvia Officinalis 10ml foglie (Salvia officinalis) Erbamea - Erboristeria Demetra\" \/>\n<meta property=\"og:description\" content=\"Numerosissime le attivit\u00e0 di questo olio essenziale: Emmenagoga, estrogeno-like, antimicrobica delle vie respiratorie, anticatarrale, espettorante, mucolitica\" \/>\n<meta property=\"og:url\" content=\"https:\/\/www.erboristerie.com\/it\/prodotto\/olio-essenziale-di-salvia-officinalis-10ml-foglie-salvia-officinalis-erbamea\/\" \/>\n<meta property=\"og:site_name\" content=\"Erboristeria Demetra\" \/>\n<meta property=\"article:publisher\" content=\"https:\/\/www.facebook.com\/erboristeria.demetra.online\" \/>\n<meta property=\"article:modified_time\" content=\"2025-09-30T16:56:17+00:00\" \/>\n<meta property=\"og:image\" content=\"https:\/\/www.erboristerie.com\/wp-content\/uploads\/2019\/01\/products-_ERBAMEAOE.jpg\" \/>\n\t<meta property=\"og:image:width\" content=\"408\" \/>\n\t<meta property=\"og:image:height\" content=\"277\" \/>\n\t<meta property=\"og:image:type\" content=\"image\/jpeg\" \/>\n<meta name=\"twitter:card\" content=\"summary_large_image\" \/>\n<meta name=\"twitter:label1\" content=\"Est. reading time\" \/>\n\t<meta name=\"twitter:data1\" content=\"2 minutes\" \/>\n<script type=\"application\/ld+json\" class=\"yoast-schema-graph\">{\"@context\":\"https:\/\/schema.org\",\"@graph\":[{\"@type\":\"WebPage\",\"@id\":\"https:\/\/www.erboristerie.com\/it\/prodotto\/olio-essenziale-di-salvia-officinalis-10ml-foglie-salvia-officinalis-erbamea\/\",\"url\":\"https:\/\/www.erboristerie.com\/it\/prodotto\/olio-essenziale-di-salvia-officinalis-10ml-foglie-salvia-officinalis-erbamea\/\",\"name\":\"Olio Essenziale di Salvia Officinalis 10ml foglie (Salvia officinalis) Erbamea - Erboristeria Demetra\",\"isPartOf\":{\"@id\":\"https:\/\/www.erboristerie.com\/it\/#website\"},\"primaryImageOfPage\":{\"@id\":\"https:\/\/www.erboristerie.com\/it\/prodotto\/olio-essenziale-di-salvia-officinalis-10ml-foglie-salvia-officinalis-erbamea\/#primaryimage\"},\"image\":{\"@id\":\"https:\/\/www.erboristerie.com\/it\/prodotto\/olio-essenziale-di-salvia-officinalis-10ml-foglie-salvia-officinalis-erbamea\/#primaryimage\"},\"thumbnailUrl\":\"https:\/\/www.erboristerie.com\/wp-content\/uploads\/2019\/01\/products-_ERBAMEAOE.jpg\",\"datePublished\":\"2010-11-02T16:51:17+00:00\",\"dateModified\":\"2025-09-30T16:56:17+00:00\",\"description\":\"Numerosissime le attivit\u00e0 di questo olio essenziale: Emmenagoga, estrogeno-like, antimicrobica delle vie respiratorie, anticatarrale, espettorante, mucolitica\",\"breadcrumb\":{\"@id\":\"https:\/\/www.erboristerie.com\/it\/prodotto\/olio-essenziale-di-salvia-officinalis-10ml-foglie-salvia-officinalis-erbamea\/#breadcrumb\"},\"inLanguage\":\"en-US\",\"potentialAction\":[{\"@type\":\"ReadAction\",\"target\":[\"https:\/\/www.erboristerie.com\/it\/prodotto\/olio-essenziale-di-salvia-officinalis-10ml-foglie-salvia-officinalis-erbamea\/\"]}]},{\"@type\":\"ImageObject\",\"inLanguage\":\"en-US\",\"@id\":\"https:\/\/www.erboristerie.com\/it\/prodotto\/olio-essenziale-di-salvia-officinalis-10ml-foglie-salvia-officinalis-erbamea\/#primaryimage\",\"url\":\"https:\/\/www.erboristerie.com\/wp-content\/uploads\/2019\/01\/products-_ERBAMEAOE.jpg\",\"contentUrl\":\"https:\/\/www.erboristerie.com\/wp-content\/uploads\/2019\/01\/products-_ERBAMEAOE.jpg\",\"width\":408,\"height\":277,\"caption\":\"OLIO ESSENZIALE ML 10 CANNELLA DI CEYLON\"},{\"@type\":\"BreadcrumbList\",\"@id\":\"https:\/\/www.erboristerie.com\/it\/prodotto\/olio-essenziale-di-salvia-officinalis-10ml-foglie-salvia-officinalis-erbamea\/#breadcrumb\",\"itemListElement\":[{\"@type\":\"ListItem\",\"position\":1,\"name\":\"Home\",\"item\":\"https:\/\/www.erboristerie.com\/en\/\"},{\"@type\":\"ListItem\",\"position\":2,\"name\":\"All products\",\"item\":\"https:\/\/www.erboristerie.com\/en\/all-products\/\"},{\"@type\":\"ListItem\",\"position\":3,\"name\":\"Olio Essenziale di Salvia Officinalis 10ml foglie (Salvia officinalis) Erbamea\"}]},{\"@type\":\"WebSite\",\"@id\":\"https:\/\/www.erboristerie.com\/it\/#website\",\"url\":\"https:\/\/www.erboristerie.com\/it\/\",\"name\":\"Erboristeria Demetra\",\"description\":\"Your natural health\",\"publisher\":{\"@id\":\"https:\/\/www.erboristerie.com\/it\/#organization\"},\"potentialAction\":[{\"@type\":\"SearchAction\",\"target\":{\"@type\":\"EntryPoint\",\"urlTemplate\":\"https:\/\/www.erboristerie.com\/it\/?s={search_term_string}\"},\"query-input\":{\"@type\":\"PropertyValueSpecification\",\"valueRequired\":true,\"valueName\":\"search_term_string\"}}],\"inLanguage\":\"en-US\"},{\"@type\":\"Organization\",\"@id\":\"https:\/\/www.erboristerie.com\/it\/#organization\",\"name\":\"Erboristeria Demetra\",\"url\":\"https:\/\/www.erboristerie.com\/it\/\",\"logo\":{\"@type\":\"ImageObject\",\"inLanguage\":\"en-US\",\"@id\":\"https:\/\/www.erboristerie.com\/it\/#\/schema\/logo\/image\/\",\"url\":\"https:\/\/www.erboristerie.com\/wp-content\/uploads\/2019\/11\/LOGO_ERBORISTERIA_DEMETRA_original.png?v=1611516981\",\"contentUrl\":\"https:\/\/www.erboristerie.com\/wp-content\/uploads\/2019\/11\/LOGO_ERBORISTERIA_DEMETRA_original.png?v=1611516981\",\"width\":201,\"height\":54,\"caption\":\"Erboristeria Demetra\"},\"image\":{\"@id\":\"https:\/\/www.erboristerie.com\/it\/#\/schema\/logo\/image\/\"},\"sameAs\":[\"https:\/\/www.facebook.com\/erboristeria.demetra.online\"]}]}<\/script>\n<!-- \/ Yoast SEO plugin. -->","yoast_head_json":{"title":"Olio Essenziale di Salvia Officinalis 10ml foglie (Salvia officinalis) Erbamea - Erboristeria Demetra","description":"Numerosissime le attivit\u00e0 di questo olio essenziale: Emmenagoga, estrogeno-like, antimicrobica delle vie respiratorie, anticatarrale, espettorante, mucolitica","robots":{"index":"index","follow":"follow","max-snippet":"max-snippet:-1","max-image-preview":"max-image-preview:large","max-video-preview":"max-video-preview:-1"},"canonical":"https:\/\/www.erboristerie.com\/it\/prodotto\/olio-essenziale-di-salvia-officinalis-10ml-foglie-salvia-officinalis-erbamea\/","og_locale":"en_US","og_type":"article","og_title":"Olio Essenziale di Salvia Officinalis 10ml foglie (Salvia officinalis) Erbamea - Erboristeria Demetra","og_description":"Numerosissime le attivit\u00e0 di questo olio essenziale: Emmenagoga, estrogeno-like, antimicrobica delle vie respiratorie, anticatarrale, espettorante, mucolitica","og_url":"https:\/\/www.erboristerie.com\/it\/prodotto\/olio-essenziale-di-salvia-officinalis-10ml-foglie-salvia-officinalis-erbamea\/","og_site_name":"Erboristeria Demetra","article_publisher":"https:\/\/www.facebook.com\/erboristeria.demetra.online","article_modified_time":"2025-09-30T16:56:17+00:00","og_image":[{"width":408,"height":277,"url":"https:\/\/www.erboristerie.com\/wp-content\/uploads\/2019\/01\/products-_ERBAMEAOE.jpg","type":"image\/jpeg"}],"twitter_card":"summary_large_image","twitter_misc":{"Est. reading time":"2 minutes"},"schema":{"@context":"https:\/\/schema.org","@graph":[{"@type":"WebPage","@id":"https:\/\/www.erboristerie.com\/it\/prodotto\/olio-essenziale-di-salvia-officinalis-10ml-foglie-salvia-officinalis-erbamea\/","url":"https:\/\/www.erboristerie.com\/it\/prodotto\/olio-essenziale-di-salvia-officinalis-10ml-foglie-salvia-officinalis-erbamea\/","name":"Olio Essenziale di Salvia Officinalis 10ml foglie (Salvia officinalis) Erbamea - Erboristeria Demetra","isPartOf":{"@id":"https:\/\/www.erboristerie.com\/it\/#website"},"primaryImageOfPage":{"@id":"https:\/\/www.erboristerie.com\/it\/prodotto\/olio-essenziale-di-salvia-officinalis-10ml-foglie-salvia-officinalis-erbamea\/#primaryimage"},"image":{"@id":"https:\/\/www.erboristerie.com\/it\/prodotto\/olio-essenziale-di-salvia-officinalis-10ml-foglie-salvia-officinalis-erbamea\/#primaryimage"},"thumbnailUrl":"https:\/\/www.erboristerie.com\/wp-content\/uploads\/2019\/01\/products-_ERBAMEAOE.jpg","datePublished":"2010-11-02T16:51:17+00:00","dateModified":"2025-09-30T16:56:17+00:00","description":"Numerosissime le attivit\u00e0 di questo olio essenziale: Emmenagoga, estrogeno-like, antimicrobica delle vie respiratorie, anticatarrale, espettorante, mucolitica","breadcrumb":{"@id":"https:\/\/www.erboristerie.com\/it\/prodotto\/olio-essenziale-di-salvia-officinalis-10ml-foglie-salvia-officinalis-erbamea\/#breadcrumb"},"inLanguage":"en-US","potentialAction":[{"@type":"ReadAction","target":["https:\/\/www.erboristerie.com\/it\/prodotto\/olio-essenziale-di-salvia-officinalis-10ml-foglie-salvia-officinalis-erbamea\/"]}]},{"@type":"ImageObject","inLanguage":"en-US","@id":"https:\/\/www.erboristerie.com\/it\/prodotto\/olio-essenziale-di-salvia-officinalis-10ml-foglie-salvia-officinalis-erbamea\/#primaryimage","url":"https:\/\/www.erboristerie.com\/wp-content\/uploads\/2019\/01\/products-_ERBAMEAOE.jpg","contentUrl":"https:\/\/www.erboristerie.com\/wp-content\/uploads\/2019\/01\/products-_ERBAMEAOE.jpg","width":408,"height":277,"caption":"OLIO ESSENZIALE ML 10 CANNELLA DI CEYLON"},{"@type":"BreadcrumbList","@id":"https:\/\/www.erboristerie.com\/it\/prodotto\/olio-essenziale-di-salvia-officinalis-10ml-foglie-salvia-officinalis-erbamea\/#breadcrumb","itemListElement":[{"@type":"ListItem","position":1,"name":"Home","item":"https:\/\/www.erboristerie.com\/en\/"},{"@type":"ListItem","position":2,"name":"All products","item":"https:\/\/www.erboristerie.com\/en\/all-products\/"},{"@type":"ListItem","position":3,"name":"Olio Essenziale di Salvia Officinalis 10ml foglie (Salvia officinalis) Erbamea"}]},{"@type":"WebSite","@id":"https:\/\/www.erboristerie.com\/it\/#website","url":"https:\/\/www.erboristerie.com\/it\/","name":"Erboristeria Demetra","description":"Your natural health","publisher":{"@id":"https:\/\/www.erboristerie.com\/it\/#organization"},"potentialAction":[{"@type":"SearchAction","target":{"@type":"EntryPoint","urlTemplate":"https:\/\/www.erboristerie.com\/it\/?s={search_term_string}"},"query-input":{"@type":"PropertyValueSpecification","valueRequired":true,"valueName":"search_term_string"}}],"inLanguage":"en-US"},{"@type":"Organization","@id":"https:\/\/www.erboristerie.com\/it\/#organization","name":"Erboristeria Demetra","url":"https:\/\/www.erboristerie.com\/it\/","logo":{"@type":"ImageObject","inLanguage":"en-US","@id":"https:\/\/www.erboristerie.com\/it\/#\/schema\/logo\/image\/","url":"https:\/\/www.erboristerie.com\/wp-content\/uploads\/2019\/11\/LOGO_ERBORISTERIA_DEMETRA_original.png?v=1611516981","contentUrl":"https:\/\/www.erboristerie.com\/wp-content\/uploads\/2019\/11\/LOGO_ERBORISTERIA_DEMETRA_original.png?v=1611516981","width":201,"height":54,"caption":"Erboristeria Demetra"},"image":{"@id":"https:\/\/www.erboristerie.com\/it\/#\/schema\/logo\/image\/"},"sameAs":["https:\/\/www.facebook.com\/erboristeria.demetra.online"]}]}},"_links":{"self":[{"href":"https:\/\/www.erboristerie.com\/en\/wp-json\/wp\/v2\/product\/59154","targetHints":{"allow":["GET"]}}],"collection":[{"href":"https:\/\/www.erboristerie.com\/en\/wp-json\/wp\/v2\/product"}],"about":[{"href":"https:\/\/www.erboristerie.com\/en\/wp-json\/wp\/v2\/types\/product"}],"wp:featuredmedia":[{"embeddable":true,"href":"https:\/\/www.erboristerie.com\/en\/wp-json\/wp\/v2\/media\/53983"}],"wp:attachment":[{"href":"https:\/\/www.erboristerie.com\/en\/wp-json\/wp\/v2\/media?parent=59154"}],"wp:term":[{"taxonomy":"product_brand","embeddable":true,"href":"https:\/\/www.erboristerie.com\/en\/wp-json\/wp\/v2\/product_brand?post=59154"},{"taxonomy":"product_cat","embeddable":true,"href":"https:\/\/www.erboristerie.com\/en\/wp-json\/wp\/v2\/product_cat?post=59154"},{"taxonomy":"product_tag","embeddable":true,"href":"https:\/\/www.erboristerie.com\/en\/wp-json\/wp\/v2\/product_tag?post=59154"},{"taxonomy":"giftcard-category","embeddable":true,"href":"https:\/\/www.erboristerie.com\/en\/wp-json\/wp\/v2\/giftcard-category?post=59154"}],"curies":[{"name":"wp","href":"https:\/\/api.w.org\/{rel}","templated":true}]}}