{"id":57906,"date":"2008-05-09T10:45:31","date_gmt":"2008-05-09T08:45:31","guid":{"rendered":"http:\/\/www.erboristerie.com\/?post_type=product&#038;p=57906"},"modified":"2025-09-10T18:54:16","modified_gmt":"2025-09-10T16:54:16","slug":"lerbolario-uomo-crema-viso-antieta-50ml-con-olio-di-baobab-e-burro-di-caffe","status":"publish","type":"product","link":"https:\/\/www.erboristerie.com\/en\/prodotto\/lerbolario-uomo-crema-viso-antieta-50ml-con-olio-di-baobab-e-burro-di-caffe\/","title":{"rendered":"L&#8217;Erbolario Uomo Crema Viso Antiet\u00e0 50ml con Olio di Baobab e Burro di Caff\u00e8"},"content":{"rendered":"<p><strong>L&#8217;Erbolario Uomo Crema Viso Antiet\u00e0 50ml &#8211; L&#8217;Erbolario<\/strong><\/p>\n<p>Trattamento a rapido assorbimento per contrastare i primi segni di cedimento dell\u2019epidermide maschile.<\/p>\n<p>Compattante, energizzante e idratante con Olio di Baobab e Burro di Caff\u00e8<\/p>\n<p>Trattamento formulato perch\u00e9 nella sua applicazione quotidiana ogni uomo possa facilmente individuare il pi\u00f9 immediato intervento contro i primi segni di cedimento e fatica.<\/p>\n<p>Quando l\u2019incarnato si riveli spento, preziosa \u00e8 l\u2019azione energizzante dell\u2019estratto di microalga Dunaliella salina; per la pelle secca, ecco l\u2019intervento combinato del burro di Caff\u00e8, emolliente, e di tre diversi oli con effetto nutriente e compattante.<\/p>\n<p>Il tutto \u00e8 coronato dall\u2019importante funzione protettiva dell\u2019olio di Baobab e dall\u2019effetto di tensore immediato che, grazie al complesso derivato dal Ginseng siberiano, il preparato andr\u00e0 a esplicare su ogni tipo di pelle.<\/p>\n<p><strong>Consigli d&#8217;uso<\/strong><\/p>\n<p>Applicare picchiettando fino ad assorbimento, ogni mattina, dopo il passaggio del rasoio o dopo la toilette, e ogni sera, dopo la detersione.<\/p>\n<p>Sar\u00e0 semplice anche raccogliere la quantit\u00e0 di prodotto non raggiunta dal dispenser, grazie alla palettina che si trova nella confezione.<\/p>\n<p>Per un\u2019azione antiet\u00e0 pi\u00f9 completa, associare all\u2019utilizzo della Crema Viso l\u2019applicazione del Siero all\u2019olio di Baobab e all\u2019estratto di Ginseng siberiano.<\/p>\n<p><strong>Sostanze funzionali<\/strong><\/p>\n<p>Olio di Baobab, burro di Caff\u00e8, olio di Avocado, olio di Oliva, olio di semi di Girasole biologico, estratto di Dunaliella salina, estratto di Ginseng siberiano, complesso Idratante-Rinfrescante (Mentil PCA), Mentolo, Alfa bisabololo, Provitamina B5, Vitamina E dai Semi della Soja, Gamma orizanolo<\/p>\n<p><strong>Cosa sapere in pi\u00f9<\/strong><\/p>\n<ul>\n<li>100% Made in Italy<\/li>\n<li>7 Metalli testati<\/li>\n<li>Da sempre amici degli animali.<\/li>\n<li>Dermatologicamente Testato<\/li>\n<li>Imballo in Carta FSC\u00ae<\/li>\n<li>Senza ingredienti di derivazione animale.<\/li>\n<li>Senza siliconi, parabeni e petrolati<\/li>\n<li>96% ingredienti di origine naturale<br \/>\nLa restante percentuale di ingredienti garantisce stabilit\u00e0 e gradevolezza del prodotto.<\/li>\n<\/ul>\n<p>&nbsp;<\/p>\n","protected":false},"excerpt":{"rendered":"<p>L&#8217;Erbolario Uomo Crema Viso Antiet\u00e0 50ml &#8211; L&#8217;Erbolario Trattamento a rapido assorbimento per contrastare i primi segni di cedimento dell\u2019epidermide maschile. Compattante, energizzante e idratante con Olio di Baobab e Burro di Caff\u00e8 Trattamento formulato perch\u00e9 nella sua applicazione quotidiana ogni uomo possa facilmente individuare&#8230;<\/p>\n","protected":false},"featured_media":120217,"template":"","meta":{"_acf_changed":false},"product_brand":[9603],"product_cat":[9715,45040],"product_tag":[11423,13632,10650,12092,11353,12933,10985],"giftcard-category":[],"class_list":{"0":"post-57906","1":"product","2":"type-product","3":"status-publish","4":"has-post-thumbnail","6":"product_brand-erbolario","7":"product_cat-uomo","8":"product_cat-viso","9":"product_tag-50ml","10":"product_tag-antieta","11":"product_tag-crema","12":"product_tag-erbolario-2","13":"product_tag-lerbolario","14":"product_tag-uomo","15":"product_tag-viso","16":"pa_formato-50-ml","17":"pa_linea-profumazione-erbolario-uomo-baobab","18":"pa_marca-lerbolario","19":"pa_tipologia-crema","21":"first","22":"instock","23":"sale","24":"taxable","25":"shipping-taxable","26":"purchasable","27":"product-type-simple"},"acf":[],"yoast_head":"<!-- This site is optimized with the Yoast SEO plugin v24.9 - https:\/\/yoast.com\/wordpress\/plugins\/seo\/ -->\n<title>L&#039;Erbolario Uomo Crema Viso Antiet\u00e0 50ml con Olio di Baobab e Burro di Caff\u00e8 - Erboristeria Demetra<\/title>\n<meta name=\"description\" content=\"Trattamento a rapido assorbimento per contrastare i primi segni di cedimento dell\u2019epidermide maschile. Compattante, energizzante e idratante\" \/>\n<meta name=\"robots\" content=\"index, follow, max-snippet:-1, max-image-preview:large, max-video-preview:-1\" \/>\n<link rel=\"canonical\" href=\"https:\/\/www.erboristerie.com\/it\/prodotto\/lerbolario-uomo-crema-viso-antieta-50ml-con-olio-di-baobab-e-burro-di-caffe\/\" \/>\n<meta property=\"og:locale\" content=\"en_US\" \/>\n<meta property=\"og:type\" content=\"article\" \/>\n<meta property=\"og:title\" content=\"L&#039;Erbolario Uomo Crema Viso Antiet\u00e0 50ml con Olio di Baobab e Burro di Caff\u00e8 - Erboristeria Demetra\" \/>\n<meta property=\"og:description\" content=\"Trattamento a rapido assorbimento per contrastare i primi segni di cedimento dell\u2019epidermide maschile. Compattante, energizzante e idratante\" \/>\n<meta property=\"og:url\" content=\"https:\/\/www.erboristerie.com\/it\/prodotto\/lerbolario-uomo-crema-viso-antieta-50ml-con-olio-di-baobab-e-burro-di-caffe\/\" \/>\n<meta property=\"og:site_name\" content=\"Erboristeria Demetra\" \/>\n<meta property=\"article:publisher\" content=\"https:\/\/www.facebook.com\/erboristeria.demetra.online\" \/>\n<meta property=\"article:modified_time\" content=\"2025-09-10T16:54:16+00:00\" \/>\n<meta property=\"og:image\" content=\"https:\/\/www.erboristerie.com\/wp-content\/uploads\/2008\/05\/00007678_crema_viso_erbolario_uomo.png\" \/>\n\t<meta property=\"og:image:width\" content=\"1140\" \/>\n\t<meta property=\"og:image:height\" content=\"1140\" \/>\n\t<meta property=\"og:image:type\" content=\"image\/png\" \/>\n<meta name=\"twitter:card\" content=\"summary_large_image\" \/>\n<meta name=\"twitter:label1\" content=\"Est. reading time\" \/>\n\t<meta name=\"twitter:data1\" content=\"2 minutes\" \/>\n<script type=\"application\/ld+json\" class=\"yoast-schema-graph\">{\"@context\":\"https:\/\/schema.org\",\"@graph\":[{\"@type\":\"WebPage\",\"@id\":\"https:\/\/www.erboristerie.com\/it\/prodotto\/lerbolario-uomo-crema-viso-antieta-50ml-con-olio-di-baobab-e-burro-di-caffe\/\",\"url\":\"https:\/\/www.erboristerie.com\/it\/prodotto\/lerbolario-uomo-crema-viso-antieta-50ml-con-olio-di-baobab-e-burro-di-caffe\/\",\"name\":\"L'Erbolario Uomo Crema Viso Antiet\u00e0 50ml con Olio di Baobab e Burro di Caff\u00e8 - Erboristeria Demetra\",\"isPartOf\":{\"@id\":\"https:\/\/www.erboristerie.com\/it\/#website\"},\"primaryImageOfPage\":{\"@id\":\"https:\/\/www.erboristerie.com\/it\/prodotto\/lerbolario-uomo-crema-viso-antieta-50ml-con-olio-di-baobab-e-burro-di-caffe\/#primaryimage\"},\"image\":{\"@id\":\"https:\/\/www.erboristerie.com\/it\/prodotto\/lerbolario-uomo-crema-viso-antieta-50ml-con-olio-di-baobab-e-burro-di-caffe\/#primaryimage\"},\"thumbnailUrl\":\"https:\/\/www.erboristerie.com\/wp-content\/uploads\/2008\/05\/00007678_crema_viso_erbolario_uomo.png\",\"datePublished\":\"2008-05-09T08:45:31+00:00\",\"dateModified\":\"2025-09-10T16:54:16+00:00\",\"description\":\"Trattamento a rapido assorbimento per contrastare i primi segni di cedimento dell\u2019epidermide maschile. Compattante, energizzante e idratante\",\"breadcrumb\":{\"@id\":\"https:\/\/www.erboristerie.com\/it\/prodotto\/lerbolario-uomo-crema-viso-antieta-50ml-con-olio-di-baobab-e-burro-di-caffe\/#breadcrumb\"},\"inLanguage\":\"en-US\",\"potentialAction\":[{\"@type\":\"ReadAction\",\"target\":[\"https:\/\/www.erboristerie.com\/it\/prodotto\/lerbolario-uomo-crema-viso-antieta-50ml-con-olio-di-baobab-e-burro-di-caffe\/\"]}]},{\"@type\":\"ImageObject\",\"inLanguage\":\"en-US\",\"@id\":\"https:\/\/www.erboristerie.com\/it\/prodotto\/lerbolario-uomo-crema-viso-antieta-50ml-con-olio-di-baobab-e-burro-di-caffe\/#primaryimage\",\"url\":\"https:\/\/www.erboristerie.com\/wp-content\/uploads\/2008\/05\/00007678_crema_viso_erbolario_uomo.png\",\"contentUrl\":\"https:\/\/www.erboristerie.com\/wp-content\/uploads\/2008\/05\/00007678_crema_viso_erbolario_uomo.png\",\"width\":1140,\"height\":1140},{\"@type\":\"BreadcrumbList\",\"@id\":\"https:\/\/www.erboristerie.com\/it\/prodotto\/lerbolario-uomo-crema-viso-antieta-50ml-con-olio-di-baobab-e-burro-di-caffe\/#breadcrumb\",\"itemListElement\":[{\"@type\":\"ListItem\",\"position\":1,\"name\":\"Home\",\"item\":\"https:\/\/www.erboristerie.com\/en\/\"},{\"@type\":\"ListItem\",\"position\":2,\"name\":\"All products\",\"item\":\"https:\/\/www.erboristerie.com\/en\/all-products\/\"},{\"@type\":\"ListItem\",\"position\":3,\"name\":\"L&#8217;Erbolario Uomo Crema Viso Antiet\u00e0 50ml con Olio di Baobab e Burro di Caff\u00e8\"}]},{\"@type\":\"WebSite\",\"@id\":\"https:\/\/www.erboristerie.com\/it\/#website\",\"url\":\"https:\/\/www.erboristerie.com\/it\/\",\"name\":\"Erboristeria Demetra\",\"description\":\"Your natural health\",\"publisher\":{\"@id\":\"https:\/\/www.erboristerie.com\/it\/#organization\"},\"potentialAction\":[{\"@type\":\"SearchAction\",\"target\":{\"@type\":\"EntryPoint\",\"urlTemplate\":\"https:\/\/www.erboristerie.com\/it\/?s={search_term_string}\"},\"query-input\":{\"@type\":\"PropertyValueSpecification\",\"valueRequired\":true,\"valueName\":\"search_term_string\"}}],\"inLanguage\":\"en-US\"},{\"@type\":\"Organization\",\"@id\":\"https:\/\/www.erboristerie.com\/it\/#organization\",\"name\":\"Erboristeria Demetra\",\"url\":\"https:\/\/www.erboristerie.com\/it\/\",\"logo\":{\"@type\":\"ImageObject\",\"inLanguage\":\"en-US\",\"@id\":\"https:\/\/www.erboristerie.com\/it\/#\/schema\/logo\/image\/\",\"url\":\"https:\/\/www.erboristerie.com\/wp-content\/uploads\/2019\/11\/LOGO_ERBORISTERIA_DEMETRA_original.png?v=1611516981\",\"contentUrl\":\"https:\/\/www.erboristerie.com\/wp-content\/uploads\/2019\/11\/LOGO_ERBORISTERIA_DEMETRA_original.png?v=1611516981\",\"width\":201,\"height\":54,\"caption\":\"Erboristeria Demetra\"},\"image\":{\"@id\":\"https:\/\/www.erboristerie.com\/it\/#\/schema\/logo\/image\/\"},\"sameAs\":[\"https:\/\/www.facebook.com\/erboristeria.demetra.online\"]}]}<\/script>\n<!-- \/ Yoast SEO plugin. -->","yoast_head_json":{"title":"L'Erbolario Uomo Crema Viso Antiet\u00e0 50ml con Olio di Baobab e Burro di Caff\u00e8 - Erboristeria Demetra","description":"Trattamento a rapido assorbimento per contrastare i primi segni di cedimento dell\u2019epidermide maschile. Compattante, energizzante e idratante","robots":{"index":"index","follow":"follow","max-snippet":"max-snippet:-1","max-image-preview":"max-image-preview:large","max-video-preview":"max-video-preview:-1"},"canonical":"https:\/\/www.erboristerie.com\/it\/prodotto\/lerbolario-uomo-crema-viso-antieta-50ml-con-olio-di-baobab-e-burro-di-caffe\/","og_locale":"en_US","og_type":"article","og_title":"L'Erbolario Uomo Crema Viso Antiet\u00e0 50ml con Olio di Baobab e Burro di Caff\u00e8 - Erboristeria Demetra","og_description":"Trattamento a rapido assorbimento per contrastare i primi segni di cedimento dell\u2019epidermide maschile. Compattante, energizzante e idratante","og_url":"https:\/\/www.erboristerie.com\/it\/prodotto\/lerbolario-uomo-crema-viso-antieta-50ml-con-olio-di-baobab-e-burro-di-caffe\/","og_site_name":"Erboristeria Demetra","article_publisher":"https:\/\/www.facebook.com\/erboristeria.demetra.online","article_modified_time":"2025-09-10T16:54:16+00:00","og_image":[{"width":1140,"height":1140,"url":"https:\/\/www.erboristerie.com\/wp-content\/uploads\/2008\/05\/00007678_crema_viso_erbolario_uomo.png","type":"image\/png"}],"twitter_card":"summary_large_image","twitter_misc":{"Est. reading time":"2 minutes"},"schema":{"@context":"https:\/\/schema.org","@graph":[{"@type":"WebPage","@id":"https:\/\/www.erboristerie.com\/it\/prodotto\/lerbolario-uomo-crema-viso-antieta-50ml-con-olio-di-baobab-e-burro-di-caffe\/","url":"https:\/\/www.erboristerie.com\/it\/prodotto\/lerbolario-uomo-crema-viso-antieta-50ml-con-olio-di-baobab-e-burro-di-caffe\/","name":"L'Erbolario Uomo Crema Viso Antiet\u00e0 50ml con Olio di Baobab e Burro di Caff\u00e8 - Erboristeria Demetra","isPartOf":{"@id":"https:\/\/www.erboristerie.com\/it\/#website"},"primaryImageOfPage":{"@id":"https:\/\/www.erboristerie.com\/it\/prodotto\/lerbolario-uomo-crema-viso-antieta-50ml-con-olio-di-baobab-e-burro-di-caffe\/#primaryimage"},"image":{"@id":"https:\/\/www.erboristerie.com\/it\/prodotto\/lerbolario-uomo-crema-viso-antieta-50ml-con-olio-di-baobab-e-burro-di-caffe\/#primaryimage"},"thumbnailUrl":"https:\/\/www.erboristerie.com\/wp-content\/uploads\/2008\/05\/00007678_crema_viso_erbolario_uomo.png","datePublished":"2008-05-09T08:45:31+00:00","dateModified":"2025-09-10T16:54:16+00:00","description":"Trattamento a rapido assorbimento per contrastare i primi segni di cedimento dell\u2019epidermide maschile. Compattante, energizzante e idratante","breadcrumb":{"@id":"https:\/\/www.erboristerie.com\/it\/prodotto\/lerbolario-uomo-crema-viso-antieta-50ml-con-olio-di-baobab-e-burro-di-caffe\/#breadcrumb"},"inLanguage":"en-US","potentialAction":[{"@type":"ReadAction","target":["https:\/\/www.erboristerie.com\/it\/prodotto\/lerbolario-uomo-crema-viso-antieta-50ml-con-olio-di-baobab-e-burro-di-caffe\/"]}]},{"@type":"ImageObject","inLanguage":"en-US","@id":"https:\/\/www.erboristerie.com\/it\/prodotto\/lerbolario-uomo-crema-viso-antieta-50ml-con-olio-di-baobab-e-burro-di-caffe\/#primaryimage","url":"https:\/\/www.erboristerie.com\/wp-content\/uploads\/2008\/05\/00007678_crema_viso_erbolario_uomo.png","contentUrl":"https:\/\/www.erboristerie.com\/wp-content\/uploads\/2008\/05\/00007678_crema_viso_erbolario_uomo.png","width":1140,"height":1140},{"@type":"BreadcrumbList","@id":"https:\/\/www.erboristerie.com\/it\/prodotto\/lerbolario-uomo-crema-viso-antieta-50ml-con-olio-di-baobab-e-burro-di-caffe\/#breadcrumb","itemListElement":[{"@type":"ListItem","position":1,"name":"Home","item":"https:\/\/www.erboristerie.com\/en\/"},{"@type":"ListItem","position":2,"name":"All products","item":"https:\/\/www.erboristerie.com\/en\/all-products\/"},{"@type":"ListItem","position":3,"name":"L&#8217;Erbolario Uomo Crema Viso Antiet\u00e0 50ml con Olio di Baobab e Burro di Caff\u00e8"}]},{"@type":"WebSite","@id":"https:\/\/www.erboristerie.com\/it\/#website","url":"https:\/\/www.erboristerie.com\/it\/","name":"Erboristeria Demetra","description":"Your natural health","publisher":{"@id":"https:\/\/www.erboristerie.com\/it\/#organization"},"potentialAction":[{"@type":"SearchAction","target":{"@type":"EntryPoint","urlTemplate":"https:\/\/www.erboristerie.com\/it\/?s={search_term_string}"},"query-input":{"@type":"PropertyValueSpecification","valueRequired":true,"valueName":"search_term_string"}}],"inLanguage":"en-US"},{"@type":"Organization","@id":"https:\/\/www.erboristerie.com\/it\/#organization","name":"Erboristeria Demetra","url":"https:\/\/www.erboristerie.com\/it\/","logo":{"@type":"ImageObject","inLanguage":"en-US","@id":"https:\/\/www.erboristerie.com\/it\/#\/schema\/logo\/image\/","url":"https:\/\/www.erboristerie.com\/wp-content\/uploads\/2019\/11\/LOGO_ERBORISTERIA_DEMETRA_original.png?v=1611516981","contentUrl":"https:\/\/www.erboristerie.com\/wp-content\/uploads\/2019\/11\/LOGO_ERBORISTERIA_DEMETRA_original.png?v=1611516981","width":201,"height":54,"caption":"Erboristeria Demetra"},"image":{"@id":"https:\/\/www.erboristerie.com\/it\/#\/schema\/logo\/image\/"},"sameAs":["https:\/\/www.facebook.com\/erboristeria.demetra.online"]}]}},"_links":{"self":[{"href":"https:\/\/www.erboristerie.com\/en\/wp-json\/wp\/v2\/product\/57906","targetHints":{"allow":["GET"]}}],"collection":[{"href":"https:\/\/www.erboristerie.com\/en\/wp-json\/wp\/v2\/product"}],"about":[{"href":"https:\/\/www.erboristerie.com\/en\/wp-json\/wp\/v2\/types\/product"}],"wp:featuredmedia":[{"embeddable":true,"href":"https:\/\/www.erboristerie.com\/en\/wp-json\/wp\/v2\/media\/120217"}],"wp:attachment":[{"href":"https:\/\/www.erboristerie.com\/en\/wp-json\/wp\/v2\/media?parent=57906"}],"wp:term":[{"taxonomy":"product_brand","embeddable":true,"href":"https:\/\/www.erboristerie.com\/en\/wp-json\/wp\/v2\/product_brand?post=57906"},{"taxonomy":"product_cat","embeddable":true,"href":"https:\/\/www.erboristerie.com\/en\/wp-json\/wp\/v2\/product_cat?post=57906"},{"taxonomy":"product_tag","embeddable":true,"href":"https:\/\/www.erboristerie.com\/en\/wp-json\/wp\/v2\/product_tag?post=57906"},{"taxonomy":"giftcard-category","embeddable":true,"href":"https:\/\/www.erboristerie.com\/en\/wp-json\/wp\/v2\/giftcard-category?post=57906"}],"curies":[{"name":"wp","href":"https:\/\/api.w.org\/{rel}","templated":true}]}}