{"id":57390,"date":"2008-05-09T10:45:22","date_gmt":"2008-05-09T08:45:22","guid":{"rendered":"http:\/\/www.erboristerie.com\/?post_type=product&#038;p=57390"},"modified":"2025-02-19T21:51:20","modified_gmt":"2025-02-19T20:51:20","slug":"liquirizia-radice-taglio-tisana-glycyrrhiza-glabra","status":"publish","type":"product","link":"https:\/\/www.erboristerie.com\/en\/prodotto\/liquirizia-radice-taglio-tisana-glycyrrhiza-glabra\/","title":{"rendered":"Liquirizia radice taglio tisana (Glycyrrhiza glabra)"},"content":{"rendered":"<p><strong>Radice Naturale in Taglio Tisana di Liquirizia (Glycyrrhiza glabra)<\/strong><\/p>\n<p>La radice di Liquirizia (Glycyrrhiza glabra) \u00e8 un rimedio erboristico tradizionale con molteplici propriet\u00e0 benefiche per l&#8217;organismo.<\/p>\n<p>Conosciuta per il suo sapore dolce e le sue propriet\u00e0 emollienti, la liquirizia \u00e8 utile per lenire la gola irritata e favorire una digestione sana.<\/p>\n<p>Questa pianta \u00e8 anche apprezzata per il suo effetto tonico e per il supporto che offre al sistema respiratorio, soprattutto in caso di tosse o raffreddore.<\/p>\n<p>Inoltre, grazie alle sue propriet\u00e0 anti-infiammatorie e antiossidanti, la radice di liquirizia \u00e8 un valido alleato per il benessere intestinale e per rinforzare le difese naturali dell&#8217;organismo.<\/p>\n<p><strong>Modalit\u00e0 di preparazione<\/strong><\/p>\n<p>Per preparare la tisana, utilizzare circa 1 cucchiaino di radice di Liquirizia per una tazza di acqua bollente, lasciando in infusione per circa 5-10 minuti e filtrare.<\/p>\n<p>\u00c8 possibile bere fino a 2 tazze al giorno, evitando l&#8217;assunzione in caso di ipertensione o altre problematiche cardiache.<\/p>\n<p>Un&#8217;ottima scelta per chi cerca un rimedio naturale per la gola, la digestione e la salute intestinale.<\/p>\n","protected":false},"excerpt":{"rendered":"<p>Radice Naturale in Taglio Tisana di Liquirizia (Glycyrrhiza glabra) La radice di Liquirizia (Glycyrrhiza glabra) \u00e8 un rimedio erboristico tradizionale con molteplici propriet\u00e0 benefiche per l&#8217;organismo. Conosciuta per il suo sapore dolce e le sue propriet\u00e0 emollienti, la liquirizia \u00e8 utile per lenire la gola&#8230;<\/p>\n","protected":false},"featured_media":50903,"template":"","meta":{"_acf_changed":false},"product_brand":[9617],"product_cat":[10063,10331],"product_tag":[13440,13439,21103,11443,11160],"giftcard-category":[],"class_list":{"0":"post-57390","1":"product","2":"type-product","3":"status-publish","4":"has-post-thumbnail","6":"product_brand-erbamea","7":"product_cat-erbe-g-i-k-l","8":"product_cat-spezie-e-aromi-per-cucina","9":"product_tag-glabra","10":"product_tag-glycyrriza","11":"product_tag-gr-2","12":"product_tag-liquirizia","13":"product_tag-radice","14":"pa_tipologia-erbe-sfuse","16":"first","17":"instock","18":"sale","19":"taxable","20":"shipping-taxable","21":"purchasable","22":"product-type-variable"},"acf":[],"yoast_head":"<!-- This site is optimized with the Yoast SEO plugin v24.9 - https:\/\/yoast.com\/wordpress\/plugins\/seo\/ -->\n<title>Liquirizia radice taglio tisana (Glycyrrhiza glabra) - Erboristeria Demetra<\/title>\n<meta name=\"description\" content=\"Conosciuta per il suo sapore dolce e le sue propriet\u00e0 emollienti, la liquirizia \u00e8 utile per lenire la gola irritata e favorire una digestione sana.\" \/>\n<meta name=\"robots\" content=\"index, follow, max-snippet:-1, max-image-preview:large, max-video-preview:-1\" \/>\n<link rel=\"canonical\" href=\"https:\/\/www.erboristerie.com\/it\/prodotto\/liquirizia-radice-taglio-tisana-glycyrrhiza-glabra\/\" \/>\n<meta property=\"og:locale\" content=\"en_US\" \/>\n<meta property=\"og:type\" content=\"article\" \/>\n<meta property=\"og:title\" content=\"Liquirizia radice taglio tisana (Glycyrrhiza glabra) - Erboristeria Demetra\" \/>\n<meta property=\"og:description\" content=\"Conosciuta per il suo sapore dolce e le sue propriet\u00e0 emollienti, la liquirizia \u00e8 utile per lenire la gola irritata e favorire una digestione sana.\" \/>\n<meta property=\"og:url\" content=\"https:\/\/www.erboristerie.com\/it\/prodotto\/liquirizia-radice-taglio-tisana-glycyrrhiza-glabra\/\" \/>\n<meta property=\"og:site_name\" content=\"Erboristeria Demetra\" \/>\n<meta property=\"article:publisher\" content=\"https:\/\/www.facebook.com\/erboristeria.demetra.online\" \/>\n<meta property=\"article:modified_time\" content=\"2025-02-19T20:51:20+00:00\" \/>\n<meta property=\"og:image\" content=\"https:\/\/www.erboristerie.com\/wp-content\/uploads\/2019\/01\/products-00001716.jpg\" \/>\n\t<meta property=\"og:image:width\" content=\"350\" \/>\n\t<meta property=\"og:image:height\" content=\"458\" \/>\n\t<meta property=\"og:image:type\" content=\"image\/jpeg\" \/>\n<meta name=\"twitter:card\" content=\"summary_large_image\" \/>\n<meta name=\"twitter:label1\" content=\"Est. reading time\" \/>\n\t<meta name=\"twitter:data1\" content=\"1 minute\" \/>\n<script type=\"application\/ld+json\" class=\"yoast-schema-graph\">{\"@context\":\"https:\/\/schema.org\",\"@graph\":[{\"@type\":\"WebPage\",\"@id\":\"https:\/\/www.erboristerie.com\/it\/prodotto\/liquirizia-radice-taglio-tisana-glycyrrhiza-glabra\/\",\"url\":\"https:\/\/www.erboristerie.com\/it\/prodotto\/liquirizia-radice-taglio-tisana-glycyrrhiza-glabra\/\",\"name\":\"Liquirizia radice taglio tisana (Glycyrrhiza glabra) - Erboristeria Demetra\",\"isPartOf\":{\"@id\":\"https:\/\/www.erboristerie.com\/it\/#website\"},\"primaryImageOfPage\":{\"@id\":\"https:\/\/www.erboristerie.com\/it\/prodotto\/liquirizia-radice-taglio-tisana-glycyrrhiza-glabra\/#primaryimage\"},\"image\":{\"@id\":\"https:\/\/www.erboristerie.com\/it\/prodotto\/liquirizia-radice-taglio-tisana-glycyrrhiza-glabra\/#primaryimage\"},\"thumbnailUrl\":\"https:\/\/www.erboristerie.com\/wp-content\/uploads\/2019\/01\/products-00001716.jpg\",\"datePublished\":\"2008-05-09T08:45:22+00:00\",\"dateModified\":\"2025-02-19T20:51:20+00:00\",\"description\":\"Conosciuta per il suo sapore dolce e le sue propriet\u00e0 emollienti, la liquirizia \u00e8 utile per lenire la gola irritata e favorire una digestione sana.\",\"breadcrumb\":{\"@id\":\"https:\/\/www.erboristerie.com\/it\/prodotto\/liquirizia-radice-taglio-tisana-glycyrrhiza-glabra\/#breadcrumb\"},\"inLanguage\":\"en-US\",\"potentialAction\":[{\"@type\":\"ReadAction\",\"target\":[\"https:\/\/www.erboristerie.com\/it\/prodotto\/liquirizia-radice-taglio-tisana-glycyrrhiza-glabra\/\"]}]},{\"@type\":\"ImageObject\",\"inLanguage\":\"en-US\",\"@id\":\"https:\/\/www.erboristerie.com\/it\/prodotto\/liquirizia-radice-taglio-tisana-glycyrrhiza-glabra\/#primaryimage\",\"url\":\"https:\/\/www.erboristerie.com\/wp-content\/uploads\/2019\/01\/products-00001716.jpg\",\"contentUrl\":\"https:\/\/www.erboristerie.com\/wp-content\/uploads\/2019\/01\/products-00001716.jpg\",\"width\":350,\"height\":458,\"caption\":\"Erbe officinali\"},{\"@type\":\"BreadcrumbList\",\"@id\":\"https:\/\/www.erboristerie.com\/it\/prodotto\/liquirizia-radice-taglio-tisana-glycyrrhiza-glabra\/#breadcrumb\",\"itemListElement\":[{\"@type\":\"ListItem\",\"position\":1,\"name\":\"Home\",\"item\":\"https:\/\/www.erboristerie.com\/en\/\"},{\"@type\":\"ListItem\",\"position\":2,\"name\":\"All products\",\"item\":\"https:\/\/www.erboristerie.com\/en\/all-products\/\"},{\"@type\":\"ListItem\",\"position\":3,\"name\":\"Liquirizia radice taglio tisana (Glycyrrhiza glabra)\"}]},{\"@type\":\"WebSite\",\"@id\":\"https:\/\/www.erboristerie.com\/it\/#website\",\"url\":\"https:\/\/www.erboristerie.com\/it\/\",\"name\":\"Erboristeria Demetra\",\"description\":\"Your natural health\",\"publisher\":{\"@id\":\"https:\/\/www.erboristerie.com\/it\/#organization\"},\"potentialAction\":[{\"@type\":\"SearchAction\",\"target\":{\"@type\":\"EntryPoint\",\"urlTemplate\":\"https:\/\/www.erboristerie.com\/it\/?s={search_term_string}\"},\"query-input\":{\"@type\":\"PropertyValueSpecification\",\"valueRequired\":true,\"valueName\":\"search_term_string\"}}],\"inLanguage\":\"en-US\"},{\"@type\":\"Organization\",\"@id\":\"https:\/\/www.erboristerie.com\/it\/#organization\",\"name\":\"Erboristeria Demetra\",\"url\":\"https:\/\/www.erboristerie.com\/it\/\",\"logo\":{\"@type\":\"ImageObject\",\"inLanguage\":\"en-US\",\"@id\":\"https:\/\/www.erboristerie.com\/it\/#\/schema\/logo\/image\/\",\"url\":\"https:\/\/www.erboristerie.com\/wp-content\/uploads\/2019\/11\/LOGO_ERBORISTERIA_DEMETRA_original.png?v=1611516981\",\"contentUrl\":\"https:\/\/www.erboristerie.com\/wp-content\/uploads\/2019\/11\/LOGO_ERBORISTERIA_DEMETRA_original.png?v=1611516981\",\"width\":201,\"height\":54,\"caption\":\"Erboristeria Demetra\"},\"image\":{\"@id\":\"https:\/\/www.erboristerie.com\/it\/#\/schema\/logo\/image\/\"},\"sameAs\":[\"https:\/\/www.facebook.com\/erboristeria.demetra.online\"]}]}<\/script>\n<!-- \/ Yoast SEO plugin. -->","yoast_head_json":{"title":"Liquirizia radice taglio tisana (Glycyrrhiza glabra) - Erboristeria Demetra","description":"Conosciuta per il suo sapore dolce e le sue propriet\u00e0 emollienti, la liquirizia \u00e8 utile per lenire la gola irritata e favorire una digestione sana.","robots":{"index":"index","follow":"follow","max-snippet":"max-snippet:-1","max-image-preview":"max-image-preview:large","max-video-preview":"max-video-preview:-1"},"canonical":"https:\/\/www.erboristerie.com\/it\/prodotto\/liquirizia-radice-taglio-tisana-glycyrrhiza-glabra\/","og_locale":"en_US","og_type":"article","og_title":"Liquirizia radice taglio tisana (Glycyrrhiza glabra) - Erboristeria Demetra","og_description":"Conosciuta per il suo sapore dolce e le sue propriet\u00e0 emollienti, la liquirizia \u00e8 utile per lenire la gola irritata e favorire una digestione sana.","og_url":"https:\/\/www.erboristerie.com\/it\/prodotto\/liquirizia-radice-taglio-tisana-glycyrrhiza-glabra\/","og_site_name":"Erboristeria Demetra","article_publisher":"https:\/\/www.facebook.com\/erboristeria.demetra.online","article_modified_time":"2025-02-19T20:51:20+00:00","og_image":[{"width":350,"height":458,"url":"https:\/\/www.erboristerie.com\/wp-content\/uploads\/2019\/01\/products-00001716.jpg","type":"image\/jpeg"}],"twitter_card":"summary_large_image","twitter_misc":{"Est. reading time":"1 minute"},"schema":{"@context":"https:\/\/schema.org","@graph":[{"@type":"WebPage","@id":"https:\/\/www.erboristerie.com\/it\/prodotto\/liquirizia-radice-taglio-tisana-glycyrrhiza-glabra\/","url":"https:\/\/www.erboristerie.com\/it\/prodotto\/liquirizia-radice-taglio-tisana-glycyrrhiza-glabra\/","name":"Liquirizia radice taglio tisana (Glycyrrhiza glabra) - Erboristeria Demetra","isPartOf":{"@id":"https:\/\/www.erboristerie.com\/it\/#website"},"primaryImageOfPage":{"@id":"https:\/\/www.erboristerie.com\/it\/prodotto\/liquirizia-radice-taglio-tisana-glycyrrhiza-glabra\/#primaryimage"},"image":{"@id":"https:\/\/www.erboristerie.com\/it\/prodotto\/liquirizia-radice-taglio-tisana-glycyrrhiza-glabra\/#primaryimage"},"thumbnailUrl":"https:\/\/www.erboristerie.com\/wp-content\/uploads\/2019\/01\/products-00001716.jpg","datePublished":"2008-05-09T08:45:22+00:00","dateModified":"2025-02-19T20:51:20+00:00","description":"Conosciuta per il suo sapore dolce e le sue propriet\u00e0 emollienti, la liquirizia \u00e8 utile per lenire la gola irritata e favorire una digestione sana.","breadcrumb":{"@id":"https:\/\/www.erboristerie.com\/it\/prodotto\/liquirizia-radice-taglio-tisana-glycyrrhiza-glabra\/#breadcrumb"},"inLanguage":"en-US","potentialAction":[{"@type":"ReadAction","target":["https:\/\/www.erboristerie.com\/it\/prodotto\/liquirizia-radice-taglio-tisana-glycyrrhiza-glabra\/"]}]},{"@type":"ImageObject","inLanguage":"en-US","@id":"https:\/\/www.erboristerie.com\/it\/prodotto\/liquirizia-radice-taglio-tisana-glycyrrhiza-glabra\/#primaryimage","url":"https:\/\/www.erboristerie.com\/wp-content\/uploads\/2019\/01\/products-00001716.jpg","contentUrl":"https:\/\/www.erboristerie.com\/wp-content\/uploads\/2019\/01\/products-00001716.jpg","width":350,"height":458,"caption":"Erbe officinali"},{"@type":"BreadcrumbList","@id":"https:\/\/www.erboristerie.com\/it\/prodotto\/liquirizia-radice-taglio-tisana-glycyrrhiza-glabra\/#breadcrumb","itemListElement":[{"@type":"ListItem","position":1,"name":"Home","item":"https:\/\/www.erboristerie.com\/en\/"},{"@type":"ListItem","position":2,"name":"All products","item":"https:\/\/www.erboristerie.com\/en\/all-products\/"},{"@type":"ListItem","position":3,"name":"Liquirizia radice taglio tisana (Glycyrrhiza glabra)"}]},{"@type":"WebSite","@id":"https:\/\/www.erboristerie.com\/it\/#website","url":"https:\/\/www.erboristerie.com\/it\/","name":"Erboristeria Demetra","description":"Your natural health","publisher":{"@id":"https:\/\/www.erboristerie.com\/it\/#organization"},"potentialAction":[{"@type":"SearchAction","target":{"@type":"EntryPoint","urlTemplate":"https:\/\/www.erboristerie.com\/it\/?s={search_term_string}"},"query-input":{"@type":"PropertyValueSpecification","valueRequired":true,"valueName":"search_term_string"}}],"inLanguage":"en-US"},{"@type":"Organization","@id":"https:\/\/www.erboristerie.com\/it\/#organization","name":"Erboristeria Demetra","url":"https:\/\/www.erboristerie.com\/it\/","logo":{"@type":"ImageObject","inLanguage":"en-US","@id":"https:\/\/www.erboristerie.com\/it\/#\/schema\/logo\/image\/","url":"https:\/\/www.erboristerie.com\/wp-content\/uploads\/2019\/11\/LOGO_ERBORISTERIA_DEMETRA_original.png?v=1611516981","contentUrl":"https:\/\/www.erboristerie.com\/wp-content\/uploads\/2019\/11\/LOGO_ERBORISTERIA_DEMETRA_original.png?v=1611516981","width":201,"height":54,"caption":"Erboristeria Demetra"},"image":{"@id":"https:\/\/www.erboristerie.com\/it\/#\/schema\/logo\/image\/"},"sameAs":["https:\/\/www.facebook.com\/erboristeria.demetra.online"]}]}},"_links":{"self":[{"href":"https:\/\/www.erboristerie.com\/en\/wp-json\/wp\/v2\/product\/57390","targetHints":{"allow":["GET"]}}],"collection":[{"href":"https:\/\/www.erboristerie.com\/en\/wp-json\/wp\/v2\/product"}],"about":[{"href":"https:\/\/www.erboristerie.com\/en\/wp-json\/wp\/v2\/types\/product"}],"wp:featuredmedia":[{"embeddable":true,"href":"https:\/\/www.erboristerie.com\/en\/wp-json\/wp\/v2\/media\/50903"}],"wp:attachment":[{"href":"https:\/\/www.erboristerie.com\/en\/wp-json\/wp\/v2\/media?parent=57390"}],"wp:term":[{"taxonomy":"product_brand","embeddable":true,"href":"https:\/\/www.erboristerie.com\/en\/wp-json\/wp\/v2\/product_brand?post=57390"},{"taxonomy":"product_cat","embeddable":true,"href":"https:\/\/www.erboristerie.com\/en\/wp-json\/wp\/v2\/product_cat?post=57390"},{"taxonomy":"product_tag","embeddable":true,"href":"https:\/\/www.erboristerie.com\/en\/wp-json\/wp\/v2\/product_tag?post=57390"},{"taxonomy":"giftcard-category","embeddable":true,"href":"https:\/\/www.erboristerie.com\/en\/wp-json\/wp\/v2\/giftcard-category?post=57390"}],"curies":[{"name":"wp","href":"https:\/\/api.w.org\/{rel}","templated":true}]}}