{"id":56694,"date":"2008-05-06T16:06:42","date_gmt":"2008-05-06T14:06:42","guid":{"rendered":"http:\/\/www.erboristerie.com\/?post_type=product&#038;p=56694"},"modified":"2025-09-15T12:15:10","modified_gmt":"2025-09-15T10:15:10","slug":"miscela-di-erbe-officinali-malva-composta-100g-per-lintestino-pigro","status":"publish","type":"product","link":"https:\/\/www.erboristerie.com\/en\/prodotto\/miscela-di-erbe-officinali-malva-composta-100g-per-lintestino-pigro\/","title":{"rendered":"Miscela di erbe officinali Malva Composta 100g per l&#8217;intestino pigro"},"content":{"rendered":"<p><strong>Miscela di erbe officinali Malva Composta 100g<br \/>\n<\/strong>Si assume la sera per l&#8217;intestino pigro con azione al mattino<\/p>\n<p>Miscela d&#8217;erbe officinali particolarmente studiata per essere utilizzata come aiuto alla pigrizia intestinale.<\/p>\n<p><strong>Si suggerisce la preparazione in questo modo:<\/strong><br \/>\n1 cucchiaio della miscela per circa 200 ml di acqua (corrispondente ad 1 tazza).<\/p>\n<p>Al bollore spegnere il gas, inserire le erbe e lasciare riposare, con il coperchio, almeno 10-15 minuti.<\/p>\n<p>Filtrare e bere 1 sola volta al di&#8217; preferibilmente alla sera prima di coricarsi per un&#8217;efficace azione mattutina.<\/p>\n<p>La formulazione di Malva Composta si caratterizza per l&#8217;efficace abbinamento di erbe come Senna e Frangula, piante note per le loro propriet\u00e0 note per le loro propriet\u00e0 utili a favorirne fisiologica funzionalit\u00e0 intestinale, e piante come la Camomilla e la Malva note per le loro caratteristiche protettive ed emollienti.<\/p>\n<p>Una piccola quantit\u00e0 di Liquirizia ne corregge gradevolmente il sapore.<\/p>\n<p><strong>Ingredienti:<\/strong><\/p>\n<ul>\n<li>Senna foglie<\/li>\n<li>Camomilla fiori<\/li>\n<li>Frangula corteccia<\/li>\n<li>Malva fiori e foglie<\/li>\n<li>Liquirizia radici<\/li>\n<\/ul>\n<p>Per informazione sul consumo considerate che con 1 tazza al giorno, 100g grammi si consumano in circa 2\/3 settimane. Molto dipende dal dosaggio di erbe per singola tazza che, una volta presa mano, \u00e8 abitudine personalizzare.<\/p>\n","protected":false},"excerpt":{"rendered":"<p>Miscela di erbe officinali Malva Composta 100g Si assume la sera per l&#8217;intestino pigro con azione al mattino Miscela d&#8217;erbe officinali particolarmente studiata per essere utilizzata come aiuto alla pigrizia intestinale. Si suggerisce la preparazione in questo modo: 1 cucchiaio della miscela per circa 200&#8230;<\/p>\n","protected":false},"featured_media":50903,"template":"","meta":{"_acf_changed":false},"product_brand":[9605],"product_cat":[45114,9787],"product_tag":[11457,10772,21103,11929,19970,11362,13199,11173],"giftcard-category":[],"class_list":{"0":"post-56694","1":"product","2":"type-product","3":"status-publish","4":"has-post-thumbnail","6":"product_brand-erboristeria-demetra-www-erboristerie-com","7":"product_cat-te-infusi-e-tisane-sfusi","8":"product_cat-benessere-gastro-intestinale","9":"product_tag-composta","10":"product_tag-derbe-2","11":"product_tag-gr-2","12":"product_tag-intestinale","13":"product_tag-malva-2","14":"product_tag-officinali","15":"product_tag-regolarita","16":"product_tag-tisana","17":"pa_formato-100-grammi","18":"pa_linea-tisane","19":"pa_marca-erboristria-demetra-oderzo","20":"pa_tipologia-tisana","22":"first","23":"instock","24":"sale","25":"taxable","26":"shipping-taxable","27":"purchasable","28":"product-type-simple"},"acf":[],"yoast_head":"<!-- This site is optimized with the Yoast SEO plugin v24.9 - https:\/\/yoast.com\/wordpress\/plugins\/seo\/ -->\n<title>Miscela di erbe officinali Malva Composta 100g per l&#039;intestino pigro - Erboristeria Demetra<\/title>\n<meta name=\"description\" content=\"Studiata per essere utilizzata come aiuto alla pigrizia intestinale \u00e8 la miscela principe dell&#039;erboristeria. L&#039;articolo pi\u00f9 richiesto Erboristeria Demetra\" \/>\n<meta name=\"robots\" content=\"index, follow, max-snippet:-1, max-image-preview:large, max-video-preview:-1\" \/>\n<link rel=\"canonical\" href=\"https:\/\/www.erboristerie.com\/it\/prodotto\/miscela-di-erbe-officinali-malva-composta-100g-per-lintestino-pigro\/\" \/>\n<meta property=\"og:locale\" content=\"en_US\" \/>\n<meta property=\"og:type\" content=\"article\" \/>\n<meta property=\"og:title\" content=\"Miscela di erbe officinali Malva Composta 100g per l&#039;intestino pigro - Erboristeria Demetra\" \/>\n<meta property=\"og:description\" content=\"Studiata per essere utilizzata come aiuto alla pigrizia intestinale \u00e8 la miscela principe dell&#039;erboristeria. L&#039;articolo pi\u00f9 richiesto Erboristeria Demetra\" \/>\n<meta property=\"og:url\" content=\"https:\/\/www.erboristerie.com\/it\/prodotto\/miscela-di-erbe-officinali-malva-composta-100g-per-lintestino-pigro\/\" \/>\n<meta property=\"og:site_name\" content=\"Erboristeria Demetra\" \/>\n<meta property=\"article:publisher\" content=\"https:\/\/www.facebook.com\/erboristeria.demetra.online\" \/>\n<meta property=\"article:modified_time\" content=\"2025-09-15T10:15:10+00:00\" \/>\n<meta property=\"og:image\" content=\"https:\/\/www.erboristerie.com\/wp-content\/uploads\/2019\/01\/products-00001716.jpg\" \/>\n\t<meta property=\"og:image:width\" content=\"350\" \/>\n\t<meta property=\"og:image:height\" content=\"458\" \/>\n\t<meta property=\"og:image:type\" content=\"image\/jpeg\" \/>\n<meta name=\"twitter:card\" content=\"summary_large_image\" \/>\n<meta name=\"twitter:label1\" content=\"Est. reading time\" \/>\n\t<meta name=\"twitter:data1\" content=\"2 minutes\" \/>\n<script type=\"application\/ld+json\" class=\"yoast-schema-graph\">{\"@context\":\"https:\/\/schema.org\",\"@graph\":[{\"@type\":\"WebPage\",\"@id\":\"https:\/\/www.erboristerie.com\/it\/prodotto\/miscela-di-erbe-officinali-malva-composta-100g-per-lintestino-pigro\/\",\"url\":\"https:\/\/www.erboristerie.com\/it\/prodotto\/miscela-di-erbe-officinali-malva-composta-100g-per-lintestino-pigro\/\",\"name\":\"Miscela di erbe officinali Malva Composta 100g per l'intestino pigro - Erboristeria Demetra\",\"isPartOf\":{\"@id\":\"https:\/\/www.erboristerie.com\/it\/#website\"},\"primaryImageOfPage\":{\"@id\":\"https:\/\/www.erboristerie.com\/it\/prodotto\/miscela-di-erbe-officinali-malva-composta-100g-per-lintestino-pigro\/#primaryimage\"},\"image\":{\"@id\":\"https:\/\/www.erboristerie.com\/it\/prodotto\/miscela-di-erbe-officinali-malva-composta-100g-per-lintestino-pigro\/#primaryimage\"},\"thumbnailUrl\":\"https:\/\/www.erboristerie.com\/wp-content\/uploads\/2019\/01\/products-00001716.jpg\",\"datePublished\":\"2008-05-06T14:06:42+00:00\",\"dateModified\":\"2025-09-15T10:15:10+00:00\",\"description\":\"Studiata per essere utilizzata come aiuto alla pigrizia intestinale \u00e8 la miscela principe dell'erboristeria. L'articolo pi\u00f9 richiesto Erboristeria Demetra\",\"breadcrumb\":{\"@id\":\"https:\/\/www.erboristerie.com\/it\/prodotto\/miscela-di-erbe-officinali-malva-composta-100g-per-lintestino-pigro\/#breadcrumb\"},\"inLanguage\":\"en-US\",\"potentialAction\":[{\"@type\":\"ReadAction\",\"target\":[\"https:\/\/www.erboristerie.com\/it\/prodotto\/miscela-di-erbe-officinali-malva-composta-100g-per-lintestino-pigro\/\"]}]},{\"@type\":\"ImageObject\",\"inLanguage\":\"en-US\",\"@id\":\"https:\/\/www.erboristerie.com\/it\/prodotto\/miscela-di-erbe-officinali-malva-composta-100g-per-lintestino-pigro\/#primaryimage\",\"url\":\"https:\/\/www.erboristerie.com\/wp-content\/uploads\/2019\/01\/products-00001716.jpg\",\"contentUrl\":\"https:\/\/www.erboristerie.com\/wp-content\/uploads\/2019\/01\/products-00001716.jpg\",\"width\":350,\"height\":458,\"caption\":\"Erbe officinali\"},{\"@type\":\"BreadcrumbList\",\"@id\":\"https:\/\/www.erboristerie.com\/it\/prodotto\/miscela-di-erbe-officinali-malva-composta-100g-per-lintestino-pigro\/#breadcrumb\",\"itemListElement\":[{\"@type\":\"ListItem\",\"position\":1,\"name\":\"Home\",\"item\":\"https:\/\/www.erboristerie.com\/en\/\"},{\"@type\":\"ListItem\",\"position\":2,\"name\":\"All products\",\"item\":\"https:\/\/www.erboristerie.com\/en\/all-products\/\"},{\"@type\":\"ListItem\",\"position\":3,\"name\":\"Miscela di erbe officinali Malva Composta 100g per l&#8217;intestino pigro\"}]},{\"@type\":\"WebSite\",\"@id\":\"https:\/\/www.erboristerie.com\/it\/#website\",\"url\":\"https:\/\/www.erboristerie.com\/it\/\",\"name\":\"Erboristeria Demetra\",\"description\":\"Your natural health\",\"publisher\":{\"@id\":\"https:\/\/www.erboristerie.com\/it\/#organization\"},\"potentialAction\":[{\"@type\":\"SearchAction\",\"target\":{\"@type\":\"EntryPoint\",\"urlTemplate\":\"https:\/\/www.erboristerie.com\/it\/?s={search_term_string}\"},\"query-input\":{\"@type\":\"PropertyValueSpecification\",\"valueRequired\":true,\"valueName\":\"search_term_string\"}}],\"inLanguage\":\"en-US\"},{\"@type\":\"Organization\",\"@id\":\"https:\/\/www.erboristerie.com\/it\/#organization\",\"name\":\"Erboristeria Demetra\",\"url\":\"https:\/\/www.erboristerie.com\/it\/\",\"logo\":{\"@type\":\"ImageObject\",\"inLanguage\":\"en-US\",\"@id\":\"https:\/\/www.erboristerie.com\/it\/#\/schema\/logo\/image\/\",\"url\":\"https:\/\/www.erboristerie.com\/wp-content\/uploads\/2019\/11\/LOGO_ERBORISTERIA_DEMETRA_original.png?v=1611516981\",\"contentUrl\":\"https:\/\/www.erboristerie.com\/wp-content\/uploads\/2019\/11\/LOGO_ERBORISTERIA_DEMETRA_original.png?v=1611516981\",\"width\":201,\"height\":54,\"caption\":\"Erboristeria Demetra\"},\"image\":{\"@id\":\"https:\/\/www.erboristerie.com\/it\/#\/schema\/logo\/image\/\"},\"sameAs\":[\"https:\/\/www.facebook.com\/erboristeria.demetra.online\"]}]}<\/script>\n<!-- \/ Yoast SEO plugin. -->","yoast_head_json":{"title":"Miscela di erbe officinali Malva Composta 100g per l'intestino pigro - Erboristeria Demetra","description":"Studiata per essere utilizzata come aiuto alla pigrizia intestinale \u00e8 la miscela principe dell'erboristeria. L'articolo pi\u00f9 richiesto Erboristeria Demetra","robots":{"index":"index","follow":"follow","max-snippet":"max-snippet:-1","max-image-preview":"max-image-preview:large","max-video-preview":"max-video-preview:-1"},"canonical":"https:\/\/www.erboristerie.com\/it\/prodotto\/miscela-di-erbe-officinali-malva-composta-100g-per-lintestino-pigro\/","og_locale":"en_US","og_type":"article","og_title":"Miscela di erbe officinali Malva Composta 100g per l'intestino pigro - Erboristeria Demetra","og_description":"Studiata per essere utilizzata come aiuto alla pigrizia intestinale \u00e8 la miscela principe dell'erboristeria. L'articolo pi\u00f9 richiesto Erboristeria Demetra","og_url":"https:\/\/www.erboristerie.com\/it\/prodotto\/miscela-di-erbe-officinali-malva-composta-100g-per-lintestino-pigro\/","og_site_name":"Erboristeria Demetra","article_publisher":"https:\/\/www.facebook.com\/erboristeria.demetra.online","article_modified_time":"2025-09-15T10:15:10+00:00","og_image":[{"width":350,"height":458,"url":"https:\/\/www.erboristerie.com\/wp-content\/uploads\/2019\/01\/products-00001716.jpg","type":"image\/jpeg"}],"twitter_card":"summary_large_image","twitter_misc":{"Est. reading time":"2 minutes"},"schema":{"@context":"https:\/\/schema.org","@graph":[{"@type":"WebPage","@id":"https:\/\/www.erboristerie.com\/it\/prodotto\/miscela-di-erbe-officinali-malva-composta-100g-per-lintestino-pigro\/","url":"https:\/\/www.erboristerie.com\/it\/prodotto\/miscela-di-erbe-officinali-malva-composta-100g-per-lintestino-pigro\/","name":"Miscela di erbe officinali Malva Composta 100g per l'intestino pigro - Erboristeria Demetra","isPartOf":{"@id":"https:\/\/www.erboristerie.com\/it\/#website"},"primaryImageOfPage":{"@id":"https:\/\/www.erboristerie.com\/it\/prodotto\/miscela-di-erbe-officinali-malva-composta-100g-per-lintestino-pigro\/#primaryimage"},"image":{"@id":"https:\/\/www.erboristerie.com\/it\/prodotto\/miscela-di-erbe-officinali-malva-composta-100g-per-lintestino-pigro\/#primaryimage"},"thumbnailUrl":"https:\/\/www.erboristerie.com\/wp-content\/uploads\/2019\/01\/products-00001716.jpg","datePublished":"2008-05-06T14:06:42+00:00","dateModified":"2025-09-15T10:15:10+00:00","description":"Studiata per essere utilizzata come aiuto alla pigrizia intestinale \u00e8 la miscela principe dell'erboristeria. L'articolo pi\u00f9 richiesto Erboristeria Demetra","breadcrumb":{"@id":"https:\/\/www.erboristerie.com\/it\/prodotto\/miscela-di-erbe-officinali-malva-composta-100g-per-lintestino-pigro\/#breadcrumb"},"inLanguage":"en-US","potentialAction":[{"@type":"ReadAction","target":["https:\/\/www.erboristerie.com\/it\/prodotto\/miscela-di-erbe-officinali-malva-composta-100g-per-lintestino-pigro\/"]}]},{"@type":"ImageObject","inLanguage":"en-US","@id":"https:\/\/www.erboristerie.com\/it\/prodotto\/miscela-di-erbe-officinali-malva-composta-100g-per-lintestino-pigro\/#primaryimage","url":"https:\/\/www.erboristerie.com\/wp-content\/uploads\/2019\/01\/products-00001716.jpg","contentUrl":"https:\/\/www.erboristerie.com\/wp-content\/uploads\/2019\/01\/products-00001716.jpg","width":350,"height":458,"caption":"Erbe officinali"},{"@type":"BreadcrumbList","@id":"https:\/\/www.erboristerie.com\/it\/prodotto\/miscela-di-erbe-officinali-malva-composta-100g-per-lintestino-pigro\/#breadcrumb","itemListElement":[{"@type":"ListItem","position":1,"name":"Home","item":"https:\/\/www.erboristerie.com\/en\/"},{"@type":"ListItem","position":2,"name":"All products","item":"https:\/\/www.erboristerie.com\/en\/all-products\/"},{"@type":"ListItem","position":3,"name":"Miscela di erbe officinali Malva Composta 100g per l&#8217;intestino pigro"}]},{"@type":"WebSite","@id":"https:\/\/www.erboristerie.com\/it\/#website","url":"https:\/\/www.erboristerie.com\/it\/","name":"Erboristeria Demetra","description":"Your natural health","publisher":{"@id":"https:\/\/www.erboristerie.com\/it\/#organization"},"potentialAction":[{"@type":"SearchAction","target":{"@type":"EntryPoint","urlTemplate":"https:\/\/www.erboristerie.com\/it\/?s={search_term_string}"},"query-input":{"@type":"PropertyValueSpecification","valueRequired":true,"valueName":"search_term_string"}}],"inLanguage":"en-US"},{"@type":"Organization","@id":"https:\/\/www.erboristerie.com\/it\/#organization","name":"Erboristeria Demetra","url":"https:\/\/www.erboristerie.com\/it\/","logo":{"@type":"ImageObject","inLanguage":"en-US","@id":"https:\/\/www.erboristerie.com\/it\/#\/schema\/logo\/image\/","url":"https:\/\/www.erboristerie.com\/wp-content\/uploads\/2019\/11\/LOGO_ERBORISTERIA_DEMETRA_original.png?v=1611516981","contentUrl":"https:\/\/www.erboristerie.com\/wp-content\/uploads\/2019\/11\/LOGO_ERBORISTERIA_DEMETRA_original.png?v=1611516981","width":201,"height":54,"caption":"Erboristeria Demetra"},"image":{"@id":"https:\/\/www.erboristerie.com\/it\/#\/schema\/logo\/image\/"},"sameAs":["https:\/\/www.facebook.com\/erboristeria.demetra.online"]}]}},"_links":{"self":[{"href":"https:\/\/www.erboristerie.com\/en\/wp-json\/wp\/v2\/product\/56694","targetHints":{"allow":["GET"]}}],"collection":[{"href":"https:\/\/www.erboristerie.com\/en\/wp-json\/wp\/v2\/product"}],"about":[{"href":"https:\/\/www.erboristerie.com\/en\/wp-json\/wp\/v2\/types\/product"}],"wp:featuredmedia":[{"embeddable":true,"href":"https:\/\/www.erboristerie.com\/en\/wp-json\/wp\/v2\/media\/50903"}],"wp:attachment":[{"href":"https:\/\/www.erboristerie.com\/en\/wp-json\/wp\/v2\/media?parent=56694"}],"wp:term":[{"taxonomy":"product_brand","embeddable":true,"href":"https:\/\/www.erboristerie.com\/en\/wp-json\/wp\/v2\/product_brand?post=56694"},{"taxonomy":"product_cat","embeddable":true,"href":"https:\/\/www.erboristerie.com\/en\/wp-json\/wp\/v2\/product_cat?post=56694"},{"taxonomy":"product_tag","embeddable":true,"href":"https:\/\/www.erboristerie.com\/en\/wp-json\/wp\/v2\/product_tag?post=56694"},{"taxonomy":"giftcard-category","embeddable":true,"href":"https:\/\/www.erboristerie.com\/en\/wp-json\/wp\/v2\/giftcard-category?post=56694"}],"curies":[{"name":"wp","href":"https:\/\/api.w.org\/{rel}","templated":true}]}}