{"id":56586,"date":"2008-05-06T16:06:53","date_gmt":"2008-05-06T16:06:53","guid":{"rendered":"http:\/\/www.erboristerie.com\/?post_type=product&#038;p=56586"},"modified":"2025-09-25T12:13:08","modified_gmt":"2025-09-25T10:13:08","slug":"multi45-multivitaminico-100-compresse","status":"publish","type":"product","link":"https:\/\/www.erboristerie.com\/en\/prodotto\/multi45-multivitaminico-100-compresse\/","title":{"rendered":"Multi45 multivitaminico 100 compresse"},"content":{"rendered":"<div><strong>Multi45 Multivitaminico, multiminerale, multivegetale, certificato Bio 100 compresse &#8211; Biosline<\/strong><\/div>\n<h4>19 fitonutrienti, 15 vitamine, 11 minerali<\/h4>\n<p><strong>Multi45<\/strong> \u00e8 un integratore alimentare completo di <strong>vitamine, minerali ed estratti vegetali: una vera marcia in pi\u00f9<\/strong>, ideale quando \u00e8 richiesto un apporto supplementare di questi componenti. Multi45 \u00e8 una valida integrazione in caso di alimentazione poco curata, o per la ripresa durante o dopo una convalescenza.<\/p>\n<p>La presenza di micronutrienti provenienti da fitocomplessi vegetali in quantit\u00e0 adeguate, garantisce un ulteriore apporto di minerali, sostanze nutritive e antiossidanti che arricchiscono la formulazione.<\/p>\n<div><strong>QUANDO USARLO<\/strong><\/div>\n<div>Come integratore in caso di stanchezza generalizzata, astenia, gravidanza e allattamento, convalescenza, diete dimagranti o alimentazione squilibrata. Perfetto anche per sportivi e persone che fanno attivit\u00e0 fisica prolungata o intensa.<\/div>\n<div><strong>COME USARLO<\/strong><\/div>\n<div>Da 2 a 4 compresse al giorno sono sufficienti per garantire un apporto di micronutrienti adeguato.<\/div>\n<div><strong>COSA CONTIENE<\/strong><\/div>\n<div>Vitamine: B1, B2, B5, B6, B9, B12, C, D2, E, PP; Beta-Carotene, Biotina, Inositolo, PABA, Colina. Minerali: Ferro, Calcio, Magnesio, Zinco, Manganese, Rame, Iodio, Selenio, Cromo. Ingredienti Erboristici: Spirulina tallo, Albicocca frutto, Ananas frutto, Arancio frutto, Banana frutto, Bietola rossa radice, Carota radice, Echinacea erba, Fragola frutto, Lampone frutto, Limone frutto, Mela frutto, Pisello frutto, Pomodoro frutto, Rooibos foglie, Sambuco frutti, Spinaci foglie, T\u00e8 verde foglie, Zucca frutto.<\/div>\n<div><strong>NOTE<\/strong><\/div>\n<div>Senza glutine. Senza lattosio. Adatto ai vegani.<\/div>\n<div>Adatto a tutta la famiglia.<\/div>\n<div>Leggere le avvertenze riportate sulla confezione.<\/div>\n<div><strong>CERTIFICAZIONI<\/strong><\/div>\n<div>Tutti i prodotti della linea Bio45 sono certificati QC Certificazione Biologica.<\/div>\n","protected":false},"excerpt":{"rendered":"<p>Multi45 Multivitaminico, multiminerale, multivegetale, certificato Bio 100 compresse &#8211; Biosline 19 fitonutrienti, 15 vitamine, 11 minerali Multi45 \u00e8 un integratore alimentare completo di vitamine, minerali ed estratti vegetali: una vera marcia in pi\u00f9, ideale quando \u00e8 richiesto un apporto supplementare di questi componenti. Multi45 \u00e8&#8230;<\/p>\n","protected":false},"featured_media":114170,"template":"","meta":{"_acf_changed":false},"product_brand":[9595],"product_cat":[45113,49558,9799],"product_tag":[13162,12861,10900,10515],"giftcard-category":[],"class_list":{"0":"post-56586","1":"product","2":"type-product","3":"status-publish","4":"has-post-thumbnail","6":"product_brand-biosline","7":"product_cat-spirulina","8":"product_cat-sport","9":"product_cat-vitamine-e-minerali","10":"product_tag-bio45","11":"product_tag-compresse","12":"product_tag-multivitaminico","13":"product_tag-tavolette","14":"pa_linea-multi45","15":"pa_marca-biosline","16":"pa_tipologia-compresse","18":"first","19":"instock","20":"sale","21":"taxable","22":"shipping-taxable","23":"purchasable","24":"product-type-simple"},"acf":[],"yoast_head":"<!-- This site is optimized with the Yoast SEO plugin v24.9 - https:\/\/yoast.com\/wordpress\/plugins\/seo\/ -->\n<title>Multi45 multivitaminico 100 compresse - Erboristeria Demetra<\/title>\n<meta name=\"description\" content=\"Bio45 \u00e8 un integratore alimentare completo di Vitamine, Minerali ed estratti Vegetali da agricoltura biologica certificata\" \/>\n<meta name=\"robots\" content=\"index, follow, max-snippet:-1, max-image-preview:large, max-video-preview:-1\" \/>\n<link rel=\"canonical\" href=\"https:\/\/www.erboristerie.com\/it\/prodotto\/multi45-multivitaminico-100-compresse\/\" \/>\n<meta property=\"og:locale\" content=\"en_US\" \/>\n<meta property=\"og:type\" content=\"article\" \/>\n<meta property=\"og:title\" content=\"Multi45 multivitaminico 100 compresse - Erboristeria Demetra\" \/>\n<meta property=\"og:description\" content=\"Bio45 \u00e8 un integratore alimentare completo di Vitamine, Minerali ed estratti Vegetali da agricoltura biologica certificata\" \/>\n<meta property=\"og:url\" content=\"https:\/\/www.erboristerie.com\/it\/prodotto\/multi45-multivitaminico-100-compresse\/\" \/>\n<meta property=\"og:site_name\" content=\"Erboristeria Demetra\" \/>\n<meta property=\"article:publisher\" content=\"https:\/\/www.facebook.com\/erboristeria.demetra.online\" \/>\n<meta property=\"article:modified_time\" content=\"2025-09-25T10:13:08+00:00\" \/>\n<meta property=\"og:image\" content=\"https:\/\/www.erboristerie.com\/wp-content\/uploads\/2008\/05\/Multi45-50.jpg\" \/>\n\t<meta property=\"og:image:width\" content=\"1200\" \/>\n\t<meta property=\"og:image:height\" content=\"1200\" \/>\n\t<meta property=\"og:image:type\" content=\"image\/jpeg\" \/>\n<meta name=\"twitter:card\" content=\"summary_large_image\" \/>\n<meta name=\"twitter:label1\" content=\"Est. reading time\" \/>\n\t<meta name=\"twitter:data1\" content=\"2 minutes\" \/>\n<script type=\"application\/ld+json\" class=\"yoast-schema-graph\">{\"@context\":\"https:\/\/schema.org\",\"@graph\":[{\"@type\":\"WebPage\",\"@id\":\"https:\/\/www.erboristerie.com\/it\/prodotto\/multi45-multivitaminico-100-compresse\/\",\"url\":\"https:\/\/www.erboristerie.com\/it\/prodotto\/multi45-multivitaminico-100-compresse\/\",\"name\":\"Multi45 multivitaminico 100 compresse - Erboristeria Demetra\",\"isPartOf\":{\"@id\":\"https:\/\/www.erboristerie.com\/it\/#website\"},\"primaryImageOfPage\":{\"@id\":\"https:\/\/www.erboristerie.com\/it\/prodotto\/multi45-multivitaminico-100-compresse\/#primaryimage\"},\"image\":{\"@id\":\"https:\/\/www.erboristerie.com\/it\/prodotto\/multi45-multivitaminico-100-compresse\/#primaryimage\"},\"thumbnailUrl\":\"https:\/\/www.erboristerie.com\/wp-content\/uploads\/2008\/05\/Multi45-50.jpg\",\"datePublished\":\"2008-05-06T16:06:53+00:00\",\"dateModified\":\"2025-09-25T10:13:08+00:00\",\"description\":\"Bio45 \u00e8 un integratore alimentare completo di Vitamine, Minerali ed estratti Vegetali da agricoltura biologica certificata\",\"breadcrumb\":{\"@id\":\"https:\/\/www.erboristerie.com\/it\/prodotto\/multi45-multivitaminico-100-compresse\/#breadcrumb\"},\"inLanguage\":\"en-US\",\"potentialAction\":[{\"@type\":\"ReadAction\",\"target\":[\"https:\/\/www.erboristerie.com\/it\/prodotto\/multi45-multivitaminico-100-compresse\/\"]}]},{\"@type\":\"ImageObject\",\"inLanguage\":\"en-US\",\"@id\":\"https:\/\/www.erboristerie.com\/it\/prodotto\/multi45-multivitaminico-100-compresse\/#primaryimage\",\"url\":\"https:\/\/www.erboristerie.com\/wp-content\/uploads\/2008\/05\/Multi45-50.jpg\",\"contentUrl\":\"https:\/\/www.erboristerie.com\/wp-content\/uploads\/2008\/05\/Multi45-50.jpg\",\"width\":1200,\"height\":1200,\"caption\":\"APIXefferv 003\"},{\"@type\":\"BreadcrumbList\",\"@id\":\"https:\/\/www.erboristerie.com\/it\/prodotto\/multi45-multivitaminico-100-compresse\/#breadcrumb\",\"itemListElement\":[{\"@type\":\"ListItem\",\"position\":1,\"name\":\"Home\",\"item\":\"https:\/\/www.erboristerie.com\/en\/\"},{\"@type\":\"ListItem\",\"position\":2,\"name\":\"All products\",\"item\":\"https:\/\/www.erboristerie.com\/en\/all-products\/\"},{\"@type\":\"ListItem\",\"position\":3,\"name\":\"Multi45 multivitaminico 100 compresse\"}]},{\"@type\":\"WebSite\",\"@id\":\"https:\/\/www.erboristerie.com\/it\/#website\",\"url\":\"https:\/\/www.erboristerie.com\/it\/\",\"name\":\"Erboristeria Demetra\",\"description\":\"Your natural health\",\"publisher\":{\"@id\":\"https:\/\/www.erboristerie.com\/it\/#organization\"},\"potentialAction\":[{\"@type\":\"SearchAction\",\"target\":{\"@type\":\"EntryPoint\",\"urlTemplate\":\"https:\/\/www.erboristerie.com\/it\/?s={search_term_string}\"},\"query-input\":{\"@type\":\"PropertyValueSpecification\",\"valueRequired\":true,\"valueName\":\"search_term_string\"}}],\"inLanguage\":\"en-US\"},{\"@type\":\"Organization\",\"@id\":\"https:\/\/www.erboristerie.com\/it\/#organization\",\"name\":\"Erboristeria Demetra\",\"url\":\"https:\/\/www.erboristerie.com\/it\/\",\"logo\":{\"@type\":\"ImageObject\",\"inLanguage\":\"en-US\",\"@id\":\"https:\/\/www.erboristerie.com\/it\/#\/schema\/logo\/image\/\",\"url\":\"https:\/\/www.erboristerie.com\/wp-content\/uploads\/2019\/11\/LOGO_ERBORISTERIA_DEMETRA_original.png?v=1611516981\",\"contentUrl\":\"https:\/\/www.erboristerie.com\/wp-content\/uploads\/2019\/11\/LOGO_ERBORISTERIA_DEMETRA_original.png?v=1611516981\",\"width\":201,\"height\":54,\"caption\":\"Erboristeria Demetra\"},\"image\":{\"@id\":\"https:\/\/www.erboristerie.com\/it\/#\/schema\/logo\/image\/\"},\"sameAs\":[\"https:\/\/www.facebook.com\/erboristeria.demetra.online\"]}]}<\/script>\n<!-- \/ Yoast SEO plugin. -->","yoast_head_json":{"title":"Multi45 multivitaminico 100 compresse - Erboristeria Demetra","description":"Bio45 \u00e8 un integratore alimentare completo di Vitamine, Minerali ed estratti Vegetali da agricoltura biologica certificata","robots":{"index":"index","follow":"follow","max-snippet":"max-snippet:-1","max-image-preview":"max-image-preview:large","max-video-preview":"max-video-preview:-1"},"canonical":"https:\/\/www.erboristerie.com\/it\/prodotto\/multi45-multivitaminico-100-compresse\/","og_locale":"en_US","og_type":"article","og_title":"Multi45 multivitaminico 100 compresse - Erboristeria Demetra","og_description":"Bio45 \u00e8 un integratore alimentare completo di Vitamine, Minerali ed estratti Vegetali da agricoltura biologica certificata","og_url":"https:\/\/www.erboristerie.com\/it\/prodotto\/multi45-multivitaminico-100-compresse\/","og_site_name":"Erboristeria Demetra","article_publisher":"https:\/\/www.facebook.com\/erboristeria.demetra.online","article_modified_time":"2025-09-25T10:13:08+00:00","og_image":[{"width":1200,"height":1200,"url":"https:\/\/www.erboristerie.com\/wp-content\/uploads\/2008\/05\/Multi45-50.jpg","type":"image\/jpeg"}],"twitter_card":"summary_large_image","twitter_misc":{"Est. reading time":"2 minutes"},"schema":{"@context":"https:\/\/schema.org","@graph":[{"@type":"WebPage","@id":"https:\/\/www.erboristerie.com\/it\/prodotto\/multi45-multivitaminico-100-compresse\/","url":"https:\/\/www.erboristerie.com\/it\/prodotto\/multi45-multivitaminico-100-compresse\/","name":"Multi45 multivitaminico 100 compresse - Erboristeria Demetra","isPartOf":{"@id":"https:\/\/www.erboristerie.com\/it\/#website"},"primaryImageOfPage":{"@id":"https:\/\/www.erboristerie.com\/it\/prodotto\/multi45-multivitaminico-100-compresse\/#primaryimage"},"image":{"@id":"https:\/\/www.erboristerie.com\/it\/prodotto\/multi45-multivitaminico-100-compresse\/#primaryimage"},"thumbnailUrl":"https:\/\/www.erboristerie.com\/wp-content\/uploads\/2008\/05\/Multi45-50.jpg","datePublished":"2008-05-06T16:06:53+00:00","dateModified":"2025-09-25T10:13:08+00:00","description":"Bio45 \u00e8 un integratore alimentare completo di Vitamine, Minerali ed estratti Vegetali da agricoltura biologica certificata","breadcrumb":{"@id":"https:\/\/www.erboristerie.com\/it\/prodotto\/multi45-multivitaminico-100-compresse\/#breadcrumb"},"inLanguage":"en-US","potentialAction":[{"@type":"ReadAction","target":["https:\/\/www.erboristerie.com\/it\/prodotto\/multi45-multivitaminico-100-compresse\/"]}]},{"@type":"ImageObject","inLanguage":"en-US","@id":"https:\/\/www.erboristerie.com\/it\/prodotto\/multi45-multivitaminico-100-compresse\/#primaryimage","url":"https:\/\/www.erboristerie.com\/wp-content\/uploads\/2008\/05\/Multi45-50.jpg","contentUrl":"https:\/\/www.erboristerie.com\/wp-content\/uploads\/2008\/05\/Multi45-50.jpg","width":1200,"height":1200,"caption":"APIXefferv 003"},{"@type":"BreadcrumbList","@id":"https:\/\/www.erboristerie.com\/it\/prodotto\/multi45-multivitaminico-100-compresse\/#breadcrumb","itemListElement":[{"@type":"ListItem","position":1,"name":"Home","item":"https:\/\/www.erboristerie.com\/en\/"},{"@type":"ListItem","position":2,"name":"All products","item":"https:\/\/www.erboristerie.com\/en\/all-products\/"},{"@type":"ListItem","position":3,"name":"Multi45 multivitaminico 100 compresse"}]},{"@type":"WebSite","@id":"https:\/\/www.erboristerie.com\/it\/#website","url":"https:\/\/www.erboristerie.com\/it\/","name":"Erboristeria Demetra","description":"Your natural health","publisher":{"@id":"https:\/\/www.erboristerie.com\/it\/#organization"},"potentialAction":[{"@type":"SearchAction","target":{"@type":"EntryPoint","urlTemplate":"https:\/\/www.erboristerie.com\/it\/?s={search_term_string}"},"query-input":{"@type":"PropertyValueSpecification","valueRequired":true,"valueName":"search_term_string"}}],"inLanguage":"en-US"},{"@type":"Organization","@id":"https:\/\/www.erboristerie.com\/it\/#organization","name":"Erboristeria Demetra","url":"https:\/\/www.erboristerie.com\/it\/","logo":{"@type":"ImageObject","inLanguage":"en-US","@id":"https:\/\/www.erboristerie.com\/it\/#\/schema\/logo\/image\/","url":"https:\/\/www.erboristerie.com\/wp-content\/uploads\/2019\/11\/LOGO_ERBORISTERIA_DEMETRA_original.png?v=1611516981","contentUrl":"https:\/\/www.erboristerie.com\/wp-content\/uploads\/2019\/11\/LOGO_ERBORISTERIA_DEMETRA_original.png?v=1611516981","width":201,"height":54,"caption":"Erboristeria Demetra"},"image":{"@id":"https:\/\/www.erboristerie.com\/it\/#\/schema\/logo\/image\/"},"sameAs":["https:\/\/www.facebook.com\/erboristeria.demetra.online"]}]}},"_links":{"self":[{"href":"https:\/\/www.erboristerie.com\/en\/wp-json\/wp\/v2\/product\/56586","targetHints":{"allow":["GET"]}}],"collection":[{"href":"https:\/\/www.erboristerie.com\/en\/wp-json\/wp\/v2\/product"}],"about":[{"href":"https:\/\/www.erboristerie.com\/en\/wp-json\/wp\/v2\/types\/product"}],"wp:featuredmedia":[{"embeddable":true,"href":"https:\/\/www.erboristerie.com\/en\/wp-json\/wp\/v2\/media\/114170"}],"wp:attachment":[{"href":"https:\/\/www.erboristerie.com\/en\/wp-json\/wp\/v2\/media?parent=56586"}],"wp:term":[{"taxonomy":"product_brand","embeddable":true,"href":"https:\/\/www.erboristerie.com\/en\/wp-json\/wp\/v2\/product_brand?post=56586"},{"taxonomy":"product_cat","embeddable":true,"href":"https:\/\/www.erboristerie.com\/en\/wp-json\/wp\/v2\/product_cat?post=56586"},{"taxonomy":"product_tag","embeddable":true,"href":"https:\/\/www.erboristerie.com\/en\/wp-json\/wp\/v2\/product_tag?post=56586"},{"taxonomy":"giftcard-category","embeddable":true,"href":"https:\/\/www.erboristerie.com\/en\/wp-json\/wp\/v2\/giftcard-category?post=56586"}],"curies":[{"name":"wp","href":"https:\/\/api.w.org\/{rel}","templated":true}]}}