{"id":56142,"date":"2008-03-14T09:50:18","date_gmt":"2008-03-14T08:50:18","guid":{"rendered":"http:\/\/www.erboristerie.com\/?post_type=product&#038;p=56142"},"modified":"2025-02-05T09:22:17","modified_gmt":"2025-02-05T08:22:17","slug":"yerba-mate-canarias-1kg-la-piu-richiesta-industria-brasileira","status":"publish","type":"product","link":"https:\/\/www.erboristerie.com\/en\/prodotto\/yerba-mate-canarias-1kg-la-piu-richiesta-industria-brasileira\/","title":{"rendered":"Yerba Mate Canarias 1kg la pi\u00f9 richiesta! Industria Brasileira"},"content":{"rendered":"<p><strong>Yerba Mate Canarias, sabor tradicional &#8211; Industria Brasileira<\/strong><\/p>\n<p>Scopri la yerba mate Brasiliana pi\u00f9 amata e ricercata dai veri intenditori: <strong>Yerba Mate Canarias<\/strong>.<\/p>\n<p>Con il suo<strong> sabor tradicional,<\/strong> questa yerba mate rappresenta il cuore della tradizione sudamericana, offrendoti un gusto intenso e corposo, ideale per chi ama un&#8217;<strong>esperienza autentica e ricca di carattere<\/strong>.<\/p>\n<p><strong>Caratteristiche principali:<\/strong><\/p>\n<ul>\n<li><strong>La pi\u00f9 richiesta!:<\/strong> una delle yerba mate pi\u00f9 apprezzate al mondo, sinonimo di qualit\u00e0 e tradizione.<\/li>\n<li><strong>Gusto tradizionale:<\/strong> un sapore deciso e intenso, con un equilibrio unico che conquista fin dal primo sorso.<\/li>\n<li><strong>Formato da 1 kg:<\/strong> ideale per chi consuma regolarmente il mate e cerca un prodotto di lunga durata.<\/li>\n<li><strong>Industria Brasileira<\/strong>: una yerba mate di altissima qualit\u00e0, prodotta con cura e attenzione ai dettagli.<\/li>\n<\/ul>\n<p>Perch\u00e9 scegliere Canarias?<\/p>\n<p>Canarias \u00e8 il punto di riferimento per gli appassionati di yerba mate.<\/p>\n<p>Grazie alla sua macinatura fine e senza rametti, garantisce un gusto puro e una preparazione uniforme.<\/p>\n<p>Perfetta per chi cerca una bevanda che rappresenti al meglio la tradizione del mate.<\/p>\n<p><strong>Modalit\u00e0 di preparazione:<\/strong><\/p>\n<p>Prepara Yerba Mate Canarias nel calabash con bombilla per un\u2019esperienza autentica o come terer\u00e9 nelle giornate pi\u00f9 calde.<\/p>\n<p>Grazie alla sua versatilit\u00e0, \u00e8 la scelta perfetta per ogni momento della giornata.<\/p>\n<p><strong>Ingredienti<\/strong>: 100% Mate (Ilex paraguayensis)<\/p>\n","protected":false},"excerpt":{"rendered":"<p>Yerba Mate Canarias, sabor tradicional &#8211; Industria Brasileira Scopri la yerba mate Brasiliana pi\u00f9 amata e ricercata dai veri intenditori: Yerba Mate Canarias. Con il suo sabor tradicional, questa yerba mate rappresenta il cuore della tradizione sudamericana, offrendoti un gusto intenso e corposo, ideale per&#8230;<\/p>\n","protected":false},"featured_media":115717,"template":"","meta":{"_acf_changed":false},"product_brand":[9600],"product_cat":[9767],"product_tag":[12927,13034,20028,11089],"giftcard-category":[],"class_list":{"0":"post-56142","1":"product","2":"type-product","3":"status-publish","4":"has-post-thumbnail","6":"product_brand-drogherie-carpano","7":"product_cat-yerba-mate-e-prodotti-argentini","8":"product_tag-1kg","9":"product_tag-canarias","10":"product_tag-mate-2","11":"product_tag-yerba","12":"pa_formato-1-kg","13":"pa_tipologia-yerba","15":"first","16":"instock","17":"taxable","18":"shipping-taxable","19":"purchasable","20":"product-type-simple"},"acf":[],"yoast_head":"<!-- This site is optimized with the Yoast SEO plugin v24.9 - https:\/\/yoast.com\/wordpress\/plugins\/seo\/ -->\n<title>Yerba Mate Canarias 1kg la pi\u00f9 richiesta! Industria Brasileira - Erboristeria Demetra<\/title>\n<meta name=\"description\" content=\"Il Mate Canarias \u00e8 Brasiliano ed \u00e8 il pi\u00f9 venduto ed apprezzato perche&#039; e&#039; uno tra i piu&#039; aromatici in assoluto. La yerba principe!\" \/>\n<meta name=\"robots\" content=\"index, follow, max-snippet:-1, max-image-preview:large, max-video-preview:-1\" \/>\n<link rel=\"canonical\" href=\"https:\/\/www.erboristerie.com\/it\/prodotto\/yerba-mate-canarias-1kg-la-piu-richiesta-industria-brasileira\/\" \/>\n<meta property=\"og:locale\" content=\"en_US\" \/>\n<meta property=\"og:type\" content=\"article\" \/>\n<meta property=\"og:title\" content=\"Yerba Mate Canarias 1kg la pi\u00f9 richiesta! Industria Brasileira - Erboristeria Demetra\" \/>\n<meta property=\"og:description\" content=\"Il Mate Canarias \u00e8 Brasiliano ed \u00e8 il pi\u00f9 venduto ed apprezzato perche&#039; e&#039; uno tra i piu&#039; aromatici in assoluto. La yerba principe!\" \/>\n<meta property=\"og:url\" content=\"https:\/\/www.erboristerie.com\/it\/prodotto\/yerba-mate-canarias-1kg-la-piu-richiesta-industria-brasileira\/\" \/>\n<meta property=\"og:site_name\" content=\"Erboristeria Demetra\" \/>\n<meta property=\"article:publisher\" content=\"https:\/\/www.facebook.com\/erboristeria.demetra.online\" \/>\n<meta property=\"article:modified_time\" content=\"2025-02-05T08:22:17+00:00\" \/>\n<meta property=\"og:image\" content=\"https:\/\/www.erboristerie.com\/wp-content\/uploads\/2022\/06\/00006727.jpg\" \/>\n\t<meta property=\"og:image:width\" content=\"588\" \/>\n\t<meta property=\"og:image:height\" content=\"588\" \/>\n\t<meta property=\"og:image:type\" content=\"image\/jpeg\" \/>\n<meta name=\"twitter:card\" content=\"summary_large_image\" \/>\n<meta name=\"twitter:label1\" content=\"Est. reading time\" \/>\n\t<meta name=\"twitter:data1\" content=\"2 minutes\" \/>\n<script type=\"application\/ld+json\" class=\"yoast-schema-graph\">{\"@context\":\"https:\/\/schema.org\",\"@graph\":[{\"@type\":\"WebPage\",\"@id\":\"https:\/\/www.erboristerie.com\/it\/prodotto\/yerba-mate-canarias-1kg-la-piu-richiesta-industria-brasileira\/\",\"url\":\"https:\/\/www.erboristerie.com\/it\/prodotto\/yerba-mate-canarias-1kg-la-piu-richiesta-industria-brasileira\/\",\"name\":\"Yerba Mate Canarias 1kg la pi\u00f9 richiesta! Industria Brasileira - Erboristeria Demetra\",\"isPartOf\":{\"@id\":\"https:\/\/www.erboristerie.com\/it\/#website\"},\"primaryImageOfPage\":{\"@id\":\"https:\/\/www.erboristerie.com\/it\/prodotto\/yerba-mate-canarias-1kg-la-piu-richiesta-industria-brasileira\/#primaryimage\"},\"image\":{\"@id\":\"https:\/\/www.erboristerie.com\/it\/prodotto\/yerba-mate-canarias-1kg-la-piu-richiesta-industria-brasileira\/#primaryimage\"},\"thumbnailUrl\":\"https:\/\/www.erboristerie.com\/wp-content\/uploads\/2022\/06\/00006727.jpg\",\"datePublished\":\"2008-03-14T08:50:18+00:00\",\"dateModified\":\"2025-02-05T08:22:17+00:00\",\"description\":\"Il Mate Canarias \u00e8 Brasiliano ed \u00e8 il pi\u00f9 venduto ed apprezzato perche' e' uno tra i piu' aromatici in assoluto. La yerba principe!\",\"breadcrumb\":{\"@id\":\"https:\/\/www.erboristerie.com\/it\/prodotto\/yerba-mate-canarias-1kg-la-piu-richiesta-industria-brasileira\/#breadcrumb\"},\"inLanguage\":\"en-US\",\"potentialAction\":[{\"@type\":\"ReadAction\",\"target\":[\"https:\/\/www.erboristerie.com\/it\/prodotto\/yerba-mate-canarias-1kg-la-piu-richiesta-industria-brasileira\/\"]}]},{\"@type\":\"ImageObject\",\"inLanguage\":\"en-US\",\"@id\":\"https:\/\/www.erboristerie.com\/it\/prodotto\/yerba-mate-canarias-1kg-la-piu-richiesta-industria-brasileira\/#primaryimage\",\"url\":\"https:\/\/www.erboristerie.com\/wp-content\/uploads\/2022\/06\/00006727.jpg\",\"contentUrl\":\"https:\/\/www.erboristerie.com\/wp-content\/uploads\/2022\/06\/00006727.jpg\",\"width\":588,\"height\":588},{\"@type\":\"BreadcrumbList\",\"@id\":\"https:\/\/www.erboristerie.com\/it\/prodotto\/yerba-mate-canarias-1kg-la-piu-richiesta-industria-brasileira\/#breadcrumb\",\"itemListElement\":[{\"@type\":\"ListItem\",\"position\":1,\"name\":\"Home\",\"item\":\"https:\/\/www.erboristerie.com\/en\/\"},{\"@type\":\"ListItem\",\"position\":2,\"name\":\"All products\",\"item\":\"https:\/\/www.erboristerie.com\/en\/all-products\/\"},{\"@type\":\"ListItem\",\"position\":3,\"name\":\"Yerba Mate Canarias 1kg la pi\u00f9 richiesta! Industria Brasileira\"}]},{\"@type\":\"WebSite\",\"@id\":\"https:\/\/www.erboristerie.com\/it\/#website\",\"url\":\"https:\/\/www.erboristerie.com\/it\/\",\"name\":\"Erboristeria Demetra\",\"description\":\"Your natural health\",\"publisher\":{\"@id\":\"https:\/\/www.erboristerie.com\/it\/#organization\"},\"potentialAction\":[{\"@type\":\"SearchAction\",\"target\":{\"@type\":\"EntryPoint\",\"urlTemplate\":\"https:\/\/www.erboristerie.com\/it\/?s={search_term_string}\"},\"query-input\":{\"@type\":\"PropertyValueSpecification\",\"valueRequired\":true,\"valueName\":\"search_term_string\"}}],\"inLanguage\":\"en-US\"},{\"@type\":\"Organization\",\"@id\":\"https:\/\/www.erboristerie.com\/it\/#organization\",\"name\":\"Erboristeria Demetra\",\"url\":\"https:\/\/www.erboristerie.com\/it\/\",\"logo\":{\"@type\":\"ImageObject\",\"inLanguage\":\"en-US\",\"@id\":\"https:\/\/www.erboristerie.com\/it\/#\/schema\/logo\/image\/\",\"url\":\"https:\/\/www.erboristerie.com\/wp-content\/uploads\/2019\/11\/LOGO_ERBORISTERIA_DEMETRA_original.png?v=1611516981\",\"contentUrl\":\"https:\/\/www.erboristerie.com\/wp-content\/uploads\/2019\/11\/LOGO_ERBORISTERIA_DEMETRA_original.png?v=1611516981\",\"width\":201,\"height\":54,\"caption\":\"Erboristeria Demetra\"},\"image\":{\"@id\":\"https:\/\/www.erboristerie.com\/it\/#\/schema\/logo\/image\/\"},\"sameAs\":[\"https:\/\/www.facebook.com\/erboristeria.demetra.online\"]}]}<\/script>\n<!-- \/ Yoast SEO plugin. -->","yoast_head_json":{"title":"Yerba Mate Canarias 1kg la pi\u00f9 richiesta! Industria Brasileira - Erboristeria Demetra","description":"Il Mate Canarias \u00e8 Brasiliano ed \u00e8 il pi\u00f9 venduto ed apprezzato perche' e' uno tra i piu' aromatici in assoluto. La yerba principe!","robots":{"index":"index","follow":"follow","max-snippet":"max-snippet:-1","max-image-preview":"max-image-preview:large","max-video-preview":"max-video-preview:-1"},"canonical":"https:\/\/www.erboristerie.com\/it\/prodotto\/yerba-mate-canarias-1kg-la-piu-richiesta-industria-brasileira\/","og_locale":"en_US","og_type":"article","og_title":"Yerba Mate Canarias 1kg la pi\u00f9 richiesta! Industria Brasileira - Erboristeria Demetra","og_description":"Il Mate Canarias \u00e8 Brasiliano ed \u00e8 il pi\u00f9 venduto ed apprezzato perche' e' uno tra i piu' aromatici in assoluto. La yerba principe!","og_url":"https:\/\/www.erboristerie.com\/it\/prodotto\/yerba-mate-canarias-1kg-la-piu-richiesta-industria-brasileira\/","og_site_name":"Erboristeria Demetra","article_publisher":"https:\/\/www.facebook.com\/erboristeria.demetra.online","article_modified_time":"2025-02-05T08:22:17+00:00","og_image":[{"width":588,"height":588,"url":"https:\/\/www.erboristerie.com\/wp-content\/uploads\/2022\/06\/00006727.jpg","type":"image\/jpeg"}],"twitter_card":"summary_large_image","twitter_misc":{"Est. reading time":"2 minutes"},"schema":{"@context":"https:\/\/schema.org","@graph":[{"@type":"WebPage","@id":"https:\/\/www.erboristerie.com\/it\/prodotto\/yerba-mate-canarias-1kg-la-piu-richiesta-industria-brasileira\/","url":"https:\/\/www.erboristerie.com\/it\/prodotto\/yerba-mate-canarias-1kg-la-piu-richiesta-industria-brasileira\/","name":"Yerba Mate Canarias 1kg la pi\u00f9 richiesta! Industria Brasileira - Erboristeria Demetra","isPartOf":{"@id":"https:\/\/www.erboristerie.com\/it\/#website"},"primaryImageOfPage":{"@id":"https:\/\/www.erboristerie.com\/it\/prodotto\/yerba-mate-canarias-1kg-la-piu-richiesta-industria-brasileira\/#primaryimage"},"image":{"@id":"https:\/\/www.erboristerie.com\/it\/prodotto\/yerba-mate-canarias-1kg-la-piu-richiesta-industria-brasileira\/#primaryimage"},"thumbnailUrl":"https:\/\/www.erboristerie.com\/wp-content\/uploads\/2022\/06\/00006727.jpg","datePublished":"2008-03-14T08:50:18+00:00","dateModified":"2025-02-05T08:22:17+00:00","description":"Il Mate Canarias \u00e8 Brasiliano ed \u00e8 il pi\u00f9 venduto ed apprezzato perche' e' uno tra i piu' aromatici in assoluto. La yerba principe!","breadcrumb":{"@id":"https:\/\/www.erboristerie.com\/it\/prodotto\/yerba-mate-canarias-1kg-la-piu-richiesta-industria-brasileira\/#breadcrumb"},"inLanguage":"en-US","potentialAction":[{"@type":"ReadAction","target":["https:\/\/www.erboristerie.com\/it\/prodotto\/yerba-mate-canarias-1kg-la-piu-richiesta-industria-brasileira\/"]}]},{"@type":"ImageObject","inLanguage":"en-US","@id":"https:\/\/www.erboristerie.com\/it\/prodotto\/yerba-mate-canarias-1kg-la-piu-richiesta-industria-brasileira\/#primaryimage","url":"https:\/\/www.erboristerie.com\/wp-content\/uploads\/2022\/06\/00006727.jpg","contentUrl":"https:\/\/www.erboristerie.com\/wp-content\/uploads\/2022\/06\/00006727.jpg","width":588,"height":588},{"@type":"BreadcrumbList","@id":"https:\/\/www.erboristerie.com\/it\/prodotto\/yerba-mate-canarias-1kg-la-piu-richiesta-industria-brasileira\/#breadcrumb","itemListElement":[{"@type":"ListItem","position":1,"name":"Home","item":"https:\/\/www.erboristerie.com\/en\/"},{"@type":"ListItem","position":2,"name":"All products","item":"https:\/\/www.erboristerie.com\/en\/all-products\/"},{"@type":"ListItem","position":3,"name":"Yerba Mate Canarias 1kg la pi\u00f9 richiesta! Industria Brasileira"}]},{"@type":"WebSite","@id":"https:\/\/www.erboristerie.com\/it\/#website","url":"https:\/\/www.erboristerie.com\/it\/","name":"Erboristeria Demetra","description":"Your natural health","publisher":{"@id":"https:\/\/www.erboristerie.com\/it\/#organization"},"potentialAction":[{"@type":"SearchAction","target":{"@type":"EntryPoint","urlTemplate":"https:\/\/www.erboristerie.com\/it\/?s={search_term_string}"},"query-input":{"@type":"PropertyValueSpecification","valueRequired":true,"valueName":"search_term_string"}}],"inLanguage":"en-US"},{"@type":"Organization","@id":"https:\/\/www.erboristerie.com\/it\/#organization","name":"Erboristeria Demetra","url":"https:\/\/www.erboristerie.com\/it\/","logo":{"@type":"ImageObject","inLanguage":"en-US","@id":"https:\/\/www.erboristerie.com\/it\/#\/schema\/logo\/image\/","url":"https:\/\/www.erboristerie.com\/wp-content\/uploads\/2019\/11\/LOGO_ERBORISTERIA_DEMETRA_original.png?v=1611516981","contentUrl":"https:\/\/www.erboristerie.com\/wp-content\/uploads\/2019\/11\/LOGO_ERBORISTERIA_DEMETRA_original.png?v=1611516981","width":201,"height":54,"caption":"Erboristeria Demetra"},"image":{"@id":"https:\/\/www.erboristerie.com\/it\/#\/schema\/logo\/image\/"},"sameAs":["https:\/\/www.facebook.com\/erboristeria.demetra.online"]}]}},"_links":{"self":[{"href":"https:\/\/www.erboristerie.com\/en\/wp-json\/wp\/v2\/product\/56142","targetHints":{"allow":["GET"]}}],"collection":[{"href":"https:\/\/www.erboristerie.com\/en\/wp-json\/wp\/v2\/product"}],"about":[{"href":"https:\/\/www.erboristerie.com\/en\/wp-json\/wp\/v2\/types\/product"}],"wp:featuredmedia":[{"embeddable":true,"href":"https:\/\/www.erboristerie.com\/en\/wp-json\/wp\/v2\/media\/115717"}],"wp:attachment":[{"href":"https:\/\/www.erboristerie.com\/en\/wp-json\/wp\/v2\/media?parent=56142"}],"wp:term":[{"taxonomy":"product_brand","embeddable":true,"href":"https:\/\/www.erboristerie.com\/en\/wp-json\/wp\/v2\/product_brand?post=56142"},{"taxonomy":"product_cat","embeddable":true,"href":"https:\/\/www.erboristerie.com\/en\/wp-json\/wp\/v2\/product_cat?post=56142"},{"taxonomy":"product_tag","embeddable":true,"href":"https:\/\/www.erboristerie.com\/en\/wp-json\/wp\/v2\/product_tag?post=56142"},{"taxonomy":"giftcard-category","embeddable":true,"href":"https:\/\/www.erboristerie.com\/en\/wp-json\/wp\/v2\/giftcard-category?post=56142"}],"curies":[{"name":"wp","href":"https:\/\/api.w.org\/{rel}","templated":true}]}}