{"id":55534,"date":"2008-05-09T12:45:08","date_gmt":"2008-05-09T10:45:08","guid":{"rendered":"http:\/\/www.erboristerie.com\/?post_type=product&#038;p=55534"},"modified":"2025-12-12T18:55:33","modified_gmt":"2025-12-12T17:55:33","slug":"liquirizia-radice-grezza-intera-14cm-glycyrrhiza-glabra-100-gr","status":"publish","type":"product","link":"https:\/\/www.erboristerie.com\/en\/prodotto\/liquirizia-radice-grezza-intera-14cm-glycyrrhiza-glabra-100-gr\/","title":{"rendered":"Liquirizia radice grezza intera 14cm (Glycyrrhiza glabra) 100 gr. pari a circa 10 bastoncini"},"content":{"rendered":"<p><strong>Radice Naturale di Liquirizia in Bastoncini (Glycyrrhiza glabra)<\/strong><\/p>\n<p>La Liquirizia (Glycyrrhiza glabra) \u00e8 una pianta officinale apprezzata fin dall\u2019antichit\u00e0 per il suo sapore dolce e le sue propriet\u00e0 benefiche.<\/p>\n<p>Questi bastoncini di radice naturale, tagliati in pezzi di circa 14 cm, sono perfetti per un utilizzo tradizionale e autentico.<\/p>\n<p>Masticare la radice \u00e8 un\u2019abitudine diffusa per assaporarne il gusto intenso e prolungato, oltre che per favorire il benessere della gola e della digestione.<\/p>\n<p><strong>Modalit\u00e0 d\u2019uso<\/strong><\/p>\n<p><strong>Da masticare:<\/strong> ideale come alternativa naturale alle caramelle.<br \/>\n<strong>Per infuso:<\/strong> spezzare un bastoncino e lasciarlo in acqua bollente per 10-15 minuti, quindi filtrare e bere.<\/p>\n<p><strong>\u26a0 Avvertenze:<\/strong> L\u2019uso eccessivo \u00e8 sconsigliato in caso di ipertensione arteriosa, poich\u00e9 la liquirizia, in grandi quantit\u00e0, pu\u00f2 influire sulla pressione sanguigna.<\/p>\n<p>Un prodotto naturale e genuino, perfetto per chi ama il sapore autentico della liquirizia.<\/p>\n","protected":false},"excerpt":{"rendered":"<p>Radice Naturale di Liquirizia in Bastoncini (Glycyrrhiza glabra) La Liquirizia (Glycyrrhiza glabra) \u00e8 una pianta officinale apprezzata fin dall\u2019antichit\u00e0 per il suo sapore dolce e le sue propriet\u00e0 benefiche. Questi bastoncini di radice naturale, tagliati in pezzi di circa 14 cm, sono perfetti per un&#8230;<\/p>\n","protected":false},"featured_media":109530,"template":"","meta":{"_acf_changed":false},"product_brand":[9601],"product_cat":[10063],"product_tag":[21103,12816,11416,11443,11160],"giftcard-category":[],"class_list":{"0":"post-55534","1":"product","2":"type-product","3":"status-publish","4":"has-post-thumbnail","6":"product_brand-brisighello-pietro-fu-e","7":"product_cat-erbe-g-i-k-l","8":"product_tag-gr-2","9":"product_tag-grezza","10":"product_tag-intera","11":"product_tag-liquirizia","12":"product_tag-radice","13":"pa_tipologia-erbe-sfuse","15":"first","16":"instock","17":"taxable","18":"shipping-taxable","19":"purchasable","20":"product-type-simple"},"acf":[],"yoast_head":"<!-- This site is optimized with the Yoast SEO plugin v24.9 - https:\/\/yoast.com\/wordpress\/plugins\/seo\/ -->\n<title>Liquirizia radice grezza intera 14cm (Glycyrrhiza glabra) 100 gr. pari a circa 10 bastoncini - Erboristeria Demetra<\/title>\n<meta name=\"description\" content=\"Masticare la radice \u00e8 un\u2019abitudine diffusa per assaporarne il gusto intenso e prolungato, oltre che per favorire il benessere della gola e della digestione.\" \/>\n<meta name=\"robots\" content=\"index, follow, max-snippet:-1, max-image-preview:large, max-video-preview:-1\" \/>\n<link rel=\"canonical\" href=\"https:\/\/www.erboristerie.com\/it\/prodotto\/liquirizia-radice-grezza-intera-14cm-glycyrrhiza-glabra-100-gr\/\" \/>\n<meta property=\"og:locale\" content=\"en_US\" \/>\n<meta property=\"og:type\" content=\"article\" \/>\n<meta property=\"og:title\" content=\"Liquirizia radice grezza intera 14cm (Glycyrrhiza glabra) 100 gr. pari a circa 10 bastoncini - Erboristeria Demetra\" \/>\n<meta property=\"og:description\" content=\"Masticare la radice \u00e8 un\u2019abitudine diffusa per assaporarne il gusto intenso e prolungato, oltre che per favorire il benessere della gola e della digestione.\" \/>\n<meta property=\"og:url\" content=\"https:\/\/www.erboristerie.com\/it\/prodotto\/liquirizia-radice-grezza-intera-14cm-glycyrrhiza-glabra-100-gr\/\" \/>\n<meta property=\"og:site_name\" content=\"Erboristeria Demetra\" \/>\n<meta property=\"article:publisher\" content=\"https:\/\/www.facebook.com\/erboristeria.demetra.online\" \/>\n<meta property=\"article:modified_time\" content=\"2025-12-12T17:55:33+00:00\" \/>\n<meta property=\"og:image\" content=\"https:\/\/www.erboristerie.com\/wp-content\/uploads\/2008\/05\/00001882-1.jpg\" \/>\n\t<meta property=\"og:image:width\" content=\"595\" \/>\n\t<meta property=\"og:image:height\" content=\"687\" \/>\n\t<meta property=\"og:image:type\" content=\"image\/jpeg\" \/>\n<meta name=\"twitter:card\" content=\"summary_large_image\" \/>\n<meta name=\"twitter:label1\" content=\"Est. reading time\" \/>\n\t<meta name=\"twitter:data1\" content=\"1 minute\" \/>\n<script type=\"application\/ld+json\" class=\"yoast-schema-graph\">{\"@context\":\"https:\/\/schema.org\",\"@graph\":[{\"@type\":\"WebPage\",\"@id\":\"https:\/\/www.erboristerie.com\/it\/prodotto\/liquirizia-radice-grezza-intera-14cm-glycyrrhiza-glabra-100-gr\/\",\"url\":\"https:\/\/www.erboristerie.com\/it\/prodotto\/liquirizia-radice-grezza-intera-14cm-glycyrrhiza-glabra-100-gr\/\",\"name\":\"Liquirizia radice grezza intera 14cm (Glycyrrhiza glabra) 100 gr. pari a circa 10 bastoncini - Erboristeria Demetra\",\"isPartOf\":{\"@id\":\"https:\/\/www.erboristerie.com\/it\/#website\"},\"primaryImageOfPage\":{\"@id\":\"https:\/\/www.erboristerie.com\/it\/prodotto\/liquirizia-radice-grezza-intera-14cm-glycyrrhiza-glabra-100-gr\/#primaryimage\"},\"image\":{\"@id\":\"https:\/\/www.erboristerie.com\/it\/prodotto\/liquirizia-radice-grezza-intera-14cm-glycyrrhiza-glabra-100-gr\/#primaryimage\"},\"thumbnailUrl\":\"https:\/\/www.erboristerie.com\/wp-content\/uploads\/2008\/05\/00001882-1.jpg\",\"datePublished\":\"2008-05-09T10:45:08+00:00\",\"dateModified\":\"2025-12-12T17:55:33+00:00\",\"description\":\"Masticare la radice \u00e8 un\u2019abitudine diffusa per assaporarne il gusto intenso e prolungato, oltre che per favorire il benessere della gola e della digestione.\",\"breadcrumb\":{\"@id\":\"https:\/\/www.erboristerie.com\/it\/prodotto\/liquirizia-radice-grezza-intera-14cm-glycyrrhiza-glabra-100-gr\/#breadcrumb\"},\"inLanguage\":\"en-US\",\"potentialAction\":[{\"@type\":\"ReadAction\",\"target\":[\"https:\/\/www.erboristerie.com\/it\/prodotto\/liquirizia-radice-grezza-intera-14cm-glycyrrhiza-glabra-100-gr\/\"]}]},{\"@type\":\"ImageObject\",\"inLanguage\":\"en-US\",\"@id\":\"https:\/\/www.erboristerie.com\/it\/prodotto\/liquirizia-radice-grezza-intera-14cm-glycyrrhiza-glabra-100-gr\/#primaryimage\",\"url\":\"https:\/\/www.erboristerie.com\/wp-content\/uploads\/2008\/05\/00001882-1.jpg\",\"contentUrl\":\"https:\/\/www.erboristerie.com\/wp-content\/uploads\/2008\/05\/00001882-1.jpg\",\"width\":595,\"height\":687},{\"@type\":\"BreadcrumbList\",\"@id\":\"https:\/\/www.erboristerie.com\/it\/prodotto\/liquirizia-radice-grezza-intera-14cm-glycyrrhiza-glabra-100-gr\/#breadcrumb\",\"itemListElement\":[{\"@type\":\"ListItem\",\"position\":1,\"name\":\"Home\",\"item\":\"https:\/\/www.erboristerie.com\/en\/\"},{\"@type\":\"ListItem\",\"position\":2,\"name\":\"All products\",\"item\":\"https:\/\/www.erboristerie.com\/en\/all-products\/\"},{\"@type\":\"ListItem\",\"position\":3,\"name\":\"Liquirizia radice grezza intera 14cm (Glycyrrhiza glabra) 100 gr. pari a circa 10 bastoncini\"}]},{\"@type\":\"WebSite\",\"@id\":\"https:\/\/www.erboristerie.com\/it\/#website\",\"url\":\"https:\/\/www.erboristerie.com\/it\/\",\"name\":\"Erboristeria Demetra\",\"description\":\"Your natural health\",\"publisher\":{\"@id\":\"https:\/\/www.erboristerie.com\/it\/#organization\"},\"potentialAction\":[{\"@type\":\"SearchAction\",\"target\":{\"@type\":\"EntryPoint\",\"urlTemplate\":\"https:\/\/www.erboristerie.com\/it\/?s={search_term_string}\"},\"query-input\":{\"@type\":\"PropertyValueSpecification\",\"valueRequired\":true,\"valueName\":\"search_term_string\"}}],\"inLanguage\":\"en-US\"},{\"@type\":\"Organization\",\"@id\":\"https:\/\/www.erboristerie.com\/it\/#organization\",\"name\":\"Erboristeria Demetra\",\"url\":\"https:\/\/www.erboristerie.com\/it\/\",\"logo\":{\"@type\":\"ImageObject\",\"inLanguage\":\"en-US\",\"@id\":\"https:\/\/www.erboristerie.com\/it\/#\/schema\/logo\/image\/\",\"url\":\"https:\/\/www.erboristerie.com\/wp-content\/uploads\/2019\/11\/LOGO_ERBORISTERIA_DEMETRA_original.png?v=1611516981\",\"contentUrl\":\"https:\/\/www.erboristerie.com\/wp-content\/uploads\/2019\/11\/LOGO_ERBORISTERIA_DEMETRA_original.png?v=1611516981\",\"width\":201,\"height\":54,\"caption\":\"Erboristeria Demetra\"},\"image\":{\"@id\":\"https:\/\/www.erboristerie.com\/it\/#\/schema\/logo\/image\/\"},\"sameAs\":[\"https:\/\/www.facebook.com\/erboristeria.demetra.online\"]}]}<\/script>\n<!-- \/ Yoast SEO plugin. -->","yoast_head_json":{"title":"Liquirizia radice grezza intera 14cm (Glycyrrhiza glabra) 100 gr. pari a circa 10 bastoncini - Erboristeria Demetra","description":"Masticare la radice \u00e8 un\u2019abitudine diffusa per assaporarne il gusto intenso e prolungato, oltre che per favorire il benessere della gola e della digestione.","robots":{"index":"index","follow":"follow","max-snippet":"max-snippet:-1","max-image-preview":"max-image-preview:large","max-video-preview":"max-video-preview:-1"},"canonical":"https:\/\/www.erboristerie.com\/it\/prodotto\/liquirizia-radice-grezza-intera-14cm-glycyrrhiza-glabra-100-gr\/","og_locale":"en_US","og_type":"article","og_title":"Liquirizia radice grezza intera 14cm (Glycyrrhiza glabra) 100 gr. pari a circa 10 bastoncini - Erboristeria Demetra","og_description":"Masticare la radice \u00e8 un\u2019abitudine diffusa per assaporarne il gusto intenso e prolungato, oltre che per favorire il benessere della gola e della digestione.","og_url":"https:\/\/www.erboristerie.com\/it\/prodotto\/liquirizia-radice-grezza-intera-14cm-glycyrrhiza-glabra-100-gr\/","og_site_name":"Erboristeria Demetra","article_publisher":"https:\/\/www.facebook.com\/erboristeria.demetra.online","article_modified_time":"2025-12-12T17:55:33+00:00","og_image":[{"width":595,"height":687,"url":"https:\/\/www.erboristerie.com\/wp-content\/uploads\/2008\/05\/00001882-1.jpg","type":"image\/jpeg"}],"twitter_card":"summary_large_image","twitter_misc":{"Est. reading time":"1 minute"},"schema":{"@context":"https:\/\/schema.org","@graph":[{"@type":"WebPage","@id":"https:\/\/www.erboristerie.com\/it\/prodotto\/liquirizia-radice-grezza-intera-14cm-glycyrrhiza-glabra-100-gr\/","url":"https:\/\/www.erboristerie.com\/it\/prodotto\/liquirizia-radice-grezza-intera-14cm-glycyrrhiza-glabra-100-gr\/","name":"Liquirizia radice grezza intera 14cm (Glycyrrhiza glabra) 100 gr. pari a circa 10 bastoncini - Erboristeria Demetra","isPartOf":{"@id":"https:\/\/www.erboristerie.com\/it\/#website"},"primaryImageOfPage":{"@id":"https:\/\/www.erboristerie.com\/it\/prodotto\/liquirizia-radice-grezza-intera-14cm-glycyrrhiza-glabra-100-gr\/#primaryimage"},"image":{"@id":"https:\/\/www.erboristerie.com\/it\/prodotto\/liquirizia-radice-grezza-intera-14cm-glycyrrhiza-glabra-100-gr\/#primaryimage"},"thumbnailUrl":"https:\/\/www.erboristerie.com\/wp-content\/uploads\/2008\/05\/00001882-1.jpg","datePublished":"2008-05-09T10:45:08+00:00","dateModified":"2025-12-12T17:55:33+00:00","description":"Masticare la radice \u00e8 un\u2019abitudine diffusa per assaporarne il gusto intenso e prolungato, oltre che per favorire il benessere della gola e della digestione.","breadcrumb":{"@id":"https:\/\/www.erboristerie.com\/it\/prodotto\/liquirizia-radice-grezza-intera-14cm-glycyrrhiza-glabra-100-gr\/#breadcrumb"},"inLanguage":"en-US","potentialAction":[{"@type":"ReadAction","target":["https:\/\/www.erboristerie.com\/it\/prodotto\/liquirizia-radice-grezza-intera-14cm-glycyrrhiza-glabra-100-gr\/"]}]},{"@type":"ImageObject","inLanguage":"en-US","@id":"https:\/\/www.erboristerie.com\/it\/prodotto\/liquirizia-radice-grezza-intera-14cm-glycyrrhiza-glabra-100-gr\/#primaryimage","url":"https:\/\/www.erboristerie.com\/wp-content\/uploads\/2008\/05\/00001882-1.jpg","contentUrl":"https:\/\/www.erboristerie.com\/wp-content\/uploads\/2008\/05\/00001882-1.jpg","width":595,"height":687},{"@type":"BreadcrumbList","@id":"https:\/\/www.erboristerie.com\/it\/prodotto\/liquirizia-radice-grezza-intera-14cm-glycyrrhiza-glabra-100-gr\/#breadcrumb","itemListElement":[{"@type":"ListItem","position":1,"name":"Home","item":"https:\/\/www.erboristerie.com\/en\/"},{"@type":"ListItem","position":2,"name":"All products","item":"https:\/\/www.erboristerie.com\/en\/all-products\/"},{"@type":"ListItem","position":3,"name":"Liquirizia radice grezza intera 14cm (Glycyrrhiza glabra) 100 gr. pari a circa 10 bastoncini"}]},{"@type":"WebSite","@id":"https:\/\/www.erboristerie.com\/it\/#website","url":"https:\/\/www.erboristerie.com\/it\/","name":"Erboristeria Demetra","description":"Your natural health","publisher":{"@id":"https:\/\/www.erboristerie.com\/it\/#organization"},"potentialAction":[{"@type":"SearchAction","target":{"@type":"EntryPoint","urlTemplate":"https:\/\/www.erboristerie.com\/it\/?s={search_term_string}"},"query-input":{"@type":"PropertyValueSpecification","valueRequired":true,"valueName":"search_term_string"}}],"inLanguage":"en-US"},{"@type":"Organization","@id":"https:\/\/www.erboristerie.com\/it\/#organization","name":"Erboristeria Demetra","url":"https:\/\/www.erboristerie.com\/it\/","logo":{"@type":"ImageObject","inLanguage":"en-US","@id":"https:\/\/www.erboristerie.com\/it\/#\/schema\/logo\/image\/","url":"https:\/\/www.erboristerie.com\/wp-content\/uploads\/2019\/11\/LOGO_ERBORISTERIA_DEMETRA_original.png?v=1611516981","contentUrl":"https:\/\/www.erboristerie.com\/wp-content\/uploads\/2019\/11\/LOGO_ERBORISTERIA_DEMETRA_original.png?v=1611516981","width":201,"height":54,"caption":"Erboristeria Demetra"},"image":{"@id":"https:\/\/www.erboristerie.com\/it\/#\/schema\/logo\/image\/"},"sameAs":["https:\/\/www.facebook.com\/erboristeria.demetra.online"]}]}},"_links":{"self":[{"href":"https:\/\/www.erboristerie.com\/en\/wp-json\/wp\/v2\/product\/55534","targetHints":{"allow":["GET"]}}],"collection":[{"href":"https:\/\/www.erboristerie.com\/en\/wp-json\/wp\/v2\/product"}],"about":[{"href":"https:\/\/www.erboristerie.com\/en\/wp-json\/wp\/v2\/types\/product"}],"wp:featuredmedia":[{"embeddable":true,"href":"https:\/\/www.erboristerie.com\/en\/wp-json\/wp\/v2\/media\/109530"}],"wp:attachment":[{"href":"https:\/\/www.erboristerie.com\/en\/wp-json\/wp\/v2\/media?parent=55534"}],"wp:term":[{"taxonomy":"product_brand","embeddable":true,"href":"https:\/\/www.erboristerie.com\/en\/wp-json\/wp\/v2\/product_brand?post=55534"},{"taxonomy":"product_cat","embeddable":true,"href":"https:\/\/www.erboristerie.com\/en\/wp-json\/wp\/v2\/product_cat?post=55534"},{"taxonomy":"product_tag","embeddable":true,"href":"https:\/\/www.erboristerie.com\/en\/wp-json\/wp\/v2\/product_tag?post=55534"},{"taxonomy":"giftcard-category","embeddable":true,"href":"https:\/\/www.erboristerie.com\/en\/wp-json\/wp\/v2\/giftcard-category?post=55534"}],"curies":[{"name":"wp","href":"https:\/\/api.w.org\/{rel}","templated":true}]}}