{"id":55066,"date":"2006-11-18T11:53:34","date_gmt":"2006-11-18T10:53:34","guid":{"rendered":"http:\/\/www.erboristerie.com\/?post_type=product&#038;p=55066"},"modified":"2024-09-14T21:43:16","modified_gmt":"2024-09-14T19:43:16","slug":"diffusore-bastoncini-fiori-di-cotone-nasoterapia","status":"publish","type":"product","link":"https:\/\/www.erboristerie.com\/en\/prodotto\/diffusore-bastoncini-fiori-di-cotone-nasoterapia\/","title":{"rendered":"Diffusore bastoncini Fiori di Cotone Nasoterapia"},"content":{"rendered":"<p><strong>Diffusore bastoncini Fiori di Cotone &#8211; Nasoterapia<\/strong><\/p>\n<p>Confezione con flacone da 100ml <strong>completo di bastoncini<\/strong><\/p>\n<p>L\u2019abbraccio delicato del profumo dei Fiori di Cotone si unisce con l\u2019olio essenziale di Neroli in un accordo di testa dal delicato profumo dei fiori bianchi che crea un\u2019atmosfera tenue e delicata capace di alleggerire l\u2019animo.<\/p>\n<p>Il cuore della fragranza e\u0300 pulito, muschiato e leggermente fruttato.<\/p>\n<p>Il fondo, caldo e avvolgente, unisce le note dell&#8217;Ambra a quelle del Muschio di Quercia.<\/p>\n<p>Le fragranze, impreziosite da un\u2019alta concentrazione di oli essenziali puri e dall\u2019esclusivo utilizzo di colori per alimenti, sono prodotte interamente in Italia e certifcate a norma IFRA.<\/p>\n<p>I bastoncini in rattan immersi nell\u2019essenza diffondono nell\u2019aria in modo costante le varie composizioni aromatiche di Nasoterapia, ora note dolci e foreali, ora fruttate, ora speziate e legnose, per regalare sempre nuove atmosfere.<\/p>\n<p><strong>Modo d&#8217;uso<\/strong><\/p>\n<p>Immergere i bastoncini nel flacone.<\/p>\n<p>Attendere alcune ore dopodich\u00e8, per capillarit\u00e0 il profumo si diffondera in tutti i bastoncini (anche nella parte &#8220;aerea&#8221;) e lessenza iniziar\u00e0 delicatamente e costantemente a profumare l&#8217;ambiente.<\/p>\n<p>Basta capovolgerli per ravvivare il profumo e l\u2019emozione.<\/p>\n<p><a href=\"https:\/\/www.erboristerie.com\/it\/?s=bastoncini&amp;post_type=product&amp;type_aws=true&amp;lang=it\">Clicca qui<\/a> per tutti i diffusori a bastoncini e le ricariche<\/p>\n","protected":false},"excerpt":{"rendered":"<p>Diffusore bastoncini Fiori di Cotone &#8211; Nasoterapia Confezione con flacone da 100ml completo di bastoncini L\u2019abbraccio delicato del profumo dei Fiori di Cotone si unisce con l\u2019olio essenziale di Neroli in un accordo di testa dal delicato profumo dei fiori bianchi che crea un\u2019atmosfera tenue&#8230;<\/p>\n","protected":false},"featured_media":126871,"template":"","meta":{"_acf_changed":false},"product_brand":[9649],"product_cat":[9719],"product_tag":[10588,10587,10589,12621,10585,11016,12622,10591],"giftcard-category":[],"class_list":{"0":"post-55066","1":"product","2":"type-product","3":"status-publish","4":"has-post-thumbnail","6":"product_brand-nasoterapia-di-hp-italia","7":"product_cat-diffusori-profumi-ambiente","8":"product_tag-100ml","9":"product_tag-bastoncini","10":"product_tag-completo","11":"product_tag-cotone","12":"product_tag-diffusore","13":"product_tag-fiori","14":"product_tag-fioridi","15":"product_tag-nasoterapia","16":"pa_formato-100-ml","17":"pa_marca-nasoterapia","18":"pa_tipologia-profumo-ambiente","20":"first","21":"instock","22":"sale","23":"taxable","24":"shipping-taxable","25":"purchasable","26":"product-type-simple"},"acf":[],"yoast_head":"<!-- This site is optimized with the Yoast SEO plugin v24.9 - https:\/\/yoast.com\/wordpress\/plugins\/seo\/ -->\n<title>Diffusore bastoncini Fiori di Cotone Nasoterapia - Erboristeria Demetra<\/title>\n<meta name=\"description\" content=\"I diffusori a bastoncini diffondono nell\u2019aria in modo costante per regalare sempre nuove atmosfere. Basta capovolgerli per ravvivare il profumo e l\u2019emozione\" \/>\n<meta name=\"robots\" content=\"index, follow, max-snippet:-1, max-image-preview:large, max-video-preview:-1\" \/>\n<link rel=\"canonical\" href=\"https:\/\/www.erboristerie.com\/it\/prodotto\/diffusore-bastoncini-fiori-di-cotone-nasoterapia\/\" \/>\n<meta property=\"og:locale\" content=\"en_US\" \/>\n<meta property=\"og:type\" content=\"article\" \/>\n<meta property=\"og:title\" content=\"Diffusore bastoncini Fiori di Cotone Nasoterapia - Erboristeria Demetra\" \/>\n<meta property=\"og:description\" content=\"I diffusori a bastoncini diffondono nell\u2019aria in modo costante per regalare sempre nuove atmosfere. Basta capovolgerli per ravvivare il profumo e l\u2019emozione\" \/>\n<meta property=\"og:url\" content=\"https:\/\/www.erboristerie.com\/it\/prodotto\/diffusore-bastoncini-fiori-di-cotone-nasoterapia\/\" \/>\n<meta property=\"og:site_name\" content=\"Erboristeria Demetra\" \/>\n<meta property=\"article:publisher\" content=\"https:\/\/www.facebook.com\/erboristeria.demetra.online\" \/>\n<meta property=\"article:modified_time\" content=\"2024-09-14T19:43:16+00:00\" \/>\n<meta property=\"og:image\" content=\"https:\/\/www.erboristerie.com\/wp-content\/uploads\/2023\/07\/00005553-diffusore-bastoncini-fiori-di-cotone-nasoterapia-erboristerie-com.jpg\" \/>\n\t<meta property=\"og:image:width\" content=\"1000\" \/>\n\t<meta property=\"og:image:height\" content=\"1000\" \/>\n\t<meta property=\"og:image:type\" content=\"image\/jpeg\" \/>\n<meta name=\"twitter:card\" content=\"summary_large_image\" \/>\n<meta name=\"twitter:label1\" content=\"Est. reading time\" \/>\n\t<meta name=\"twitter:data1\" content=\"1 minute\" \/>\n<script type=\"application\/ld+json\" class=\"yoast-schema-graph\">{\"@context\":\"https:\/\/schema.org\",\"@graph\":[{\"@type\":\"WebPage\",\"@id\":\"https:\/\/www.erboristerie.com\/it\/prodotto\/diffusore-bastoncini-fiori-di-cotone-nasoterapia\/\",\"url\":\"https:\/\/www.erboristerie.com\/it\/prodotto\/diffusore-bastoncini-fiori-di-cotone-nasoterapia\/\",\"name\":\"Diffusore bastoncini Fiori di Cotone Nasoterapia - Erboristeria Demetra\",\"isPartOf\":{\"@id\":\"https:\/\/www.erboristerie.com\/it\/#website\"},\"primaryImageOfPage\":{\"@id\":\"https:\/\/www.erboristerie.com\/it\/prodotto\/diffusore-bastoncini-fiori-di-cotone-nasoterapia\/#primaryimage\"},\"image\":{\"@id\":\"https:\/\/www.erboristerie.com\/it\/prodotto\/diffusore-bastoncini-fiori-di-cotone-nasoterapia\/#primaryimage\"},\"thumbnailUrl\":\"https:\/\/www.erboristerie.com\/wp-content\/uploads\/2023\/07\/00005553-diffusore-bastoncini-fiori-di-cotone-nasoterapia-erboristerie-com.jpg\",\"datePublished\":\"2006-11-18T10:53:34+00:00\",\"dateModified\":\"2024-09-14T19:43:16+00:00\",\"description\":\"I diffusori a bastoncini diffondono nell\u2019aria in modo costante per regalare sempre nuove atmosfere. Basta capovolgerli per ravvivare il profumo e l\u2019emozione\",\"breadcrumb\":{\"@id\":\"https:\/\/www.erboristerie.com\/it\/prodotto\/diffusore-bastoncini-fiori-di-cotone-nasoterapia\/#breadcrumb\"},\"inLanguage\":\"en-US\",\"potentialAction\":[{\"@type\":\"ReadAction\",\"target\":[\"https:\/\/www.erboristerie.com\/it\/prodotto\/diffusore-bastoncini-fiori-di-cotone-nasoterapia\/\"]}]},{\"@type\":\"ImageObject\",\"inLanguage\":\"en-US\",\"@id\":\"https:\/\/www.erboristerie.com\/it\/prodotto\/diffusore-bastoncini-fiori-di-cotone-nasoterapia\/#primaryimage\",\"url\":\"https:\/\/www.erboristerie.com\/wp-content\/uploads\/2023\/07\/00005553-diffusore-bastoncini-fiori-di-cotone-nasoterapia-erboristerie-com.jpg\",\"contentUrl\":\"https:\/\/www.erboristerie.com\/wp-content\/uploads\/2023\/07\/00005553-diffusore-bastoncini-fiori-di-cotone-nasoterapia-erboristerie-com.jpg\",\"width\":1000,\"height\":1000},{\"@type\":\"BreadcrumbList\",\"@id\":\"https:\/\/www.erboristerie.com\/it\/prodotto\/diffusore-bastoncini-fiori-di-cotone-nasoterapia\/#breadcrumb\",\"itemListElement\":[{\"@type\":\"ListItem\",\"position\":1,\"name\":\"Home\",\"item\":\"https:\/\/www.erboristerie.com\/en\/\"},{\"@type\":\"ListItem\",\"position\":2,\"name\":\"All products\",\"item\":\"https:\/\/www.erboristerie.com\/en\/all-products\/\"},{\"@type\":\"ListItem\",\"position\":3,\"name\":\"Diffusore bastoncini Fiori di Cotone Nasoterapia\"}]},{\"@type\":\"WebSite\",\"@id\":\"https:\/\/www.erboristerie.com\/it\/#website\",\"url\":\"https:\/\/www.erboristerie.com\/it\/\",\"name\":\"Erboristeria Demetra\",\"description\":\"Your natural health\",\"publisher\":{\"@id\":\"https:\/\/www.erboristerie.com\/it\/#organization\"},\"potentialAction\":[{\"@type\":\"SearchAction\",\"target\":{\"@type\":\"EntryPoint\",\"urlTemplate\":\"https:\/\/www.erboristerie.com\/it\/?s={search_term_string}\"},\"query-input\":{\"@type\":\"PropertyValueSpecification\",\"valueRequired\":true,\"valueName\":\"search_term_string\"}}],\"inLanguage\":\"en-US\"},{\"@type\":\"Organization\",\"@id\":\"https:\/\/www.erboristerie.com\/it\/#organization\",\"name\":\"Erboristeria Demetra\",\"url\":\"https:\/\/www.erboristerie.com\/it\/\",\"logo\":{\"@type\":\"ImageObject\",\"inLanguage\":\"en-US\",\"@id\":\"https:\/\/www.erboristerie.com\/it\/#\/schema\/logo\/image\/\",\"url\":\"https:\/\/www.erboristerie.com\/wp-content\/uploads\/2019\/11\/LOGO_ERBORISTERIA_DEMETRA_original.png?v=1611516981\",\"contentUrl\":\"https:\/\/www.erboristerie.com\/wp-content\/uploads\/2019\/11\/LOGO_ERBORISTERIA_DEMETRA_original.png?v=1611516981\",\"width\":201,\"height\":54,\"caption\":\"Erboristeria Demetra\"},\"image\":{\"@id\":\"https:\/\/www.erboristerie.com\/it\/#\/schema\/logo\/image\/\"},\"sameAs\":[\"https:\/\/www.facebook.com\/erboristeria.demetra.online\"]}]}<\/script>\n<!-- \/ Yoast SEO plugin. -->","yoast_head_json":{"title":"Diffusore bastoncini Fiori di Cotone Nasoterapia - Erboristeria Demetra","description":"I diffusori a bastoncini diffondono nell\u2019aria in modo costante per regalare sempre nuove atmosfere. Basta capovolgerli per ravvivare il profumo e l\u2019emozione","robots":{"index":"index","follow":"follow","max-snippet":"max-snippet:-1","max-image-preview":"max-image-preview:large","max-video-preview":"max-video-preview:-1"},"canonical":"https:\/\/www.erboristerie.com\/it\/prodotto\/diffusore-bastoncini-fiori-di-cotone-nasoterapia\/","og_locale":"en_US","og_type":"article","og_title":"Diffusore bastoncini Fiori di Cotone Nasoterapia - Erboristeria Demetra","og_description":"I diffusori a bastoncini diffondono nell\u2019aria in modo costante per regalare sempre nuove atmosfere. Basta capovolgerli per ravvivare il profumo e l\u2019emozione","og_url":"https:\/\/www.erboristerie.com\/it\/prodotto\/diffusore-bastoncini-fiori-di-cotone-nasoterapia\/","og_site_name":"Erboristeria Demetra","article_publisher":"https:\/\/www.facebook.com\/erboristeria.demetra.online","article_modified_time":"2024-09-14T19:43:16+00:00","og_image":[{"width":1000,"height":1000,"url":"https:\/\/www.erboristerie.com\/wp-content\/uploads\/2023\/07\/00005553-diffusore-bastoncini-fiori-di-cotone-nasoterapia-erboristerie-com.jpg","type":"image\/jpeg"}],"twitter_card":"summary_large_image","twitter_misc":{"Est. reading time":"1 minute"},"schema":{"@context":"https:\/\/schema.org","@graph":[{"@type":"WebPage","@id":"https:\/\/www.erboristerie.com\/it\/prodotto\/diffusore-bastoncini-fiori-di-cotone-nasoterapia\/","url":"https:\/\/www.erboristerie.com\/it\/prodotto\/diffusore-bastoncini-fiori-di-cotone-nasoterapia\/","name":"Diffusore bastoncini Fiori di Cotone Nasoterapia - Erboristeria Demetra","isPartOf":{"@id":"https:\/\/www.erboristerie.com\/it\/#website"},"primaryImageOfPage":{"@id":"https:\/\/www.erboristerie.com\/it\/prodotto\/diffusore-bastoncini-fiori-di-cotone-nasoterapia\/#primaryimage"},"image":{"@id":"https:\/\/www.erboristerie.com\/it\/prodotto\/diffusore-bastoncini-fiori-di-cotone-nasoterapia\/#primaryimage"},"thumbnailUrl":"https:\/\/www.erboristerie.com\/wp-content\/uploads\/2023\/07\/00005553-diffusore-bastoncini-fiori-di-cotone-nasoterapia-erboristerie-com.jpg","datePublished":"2006-11-18T10:53:34+00:00","dateModified":"2024-09-14T19:43:16+00:00","description":"I diffusori a bastoncini diffondono nell\u2019aria in modo costante per regalare sempre nuove atmosfere. Basta capovolgerli per ravvivare il profumo e l\u2019emozione","breadcrumb":{"@id":"https:\/\/www.erboristerie.com\/it\/prodotto\/diffusore-bastoncini-fiori-di-cotone-nasoterapia\/#breadcrumb"},"inLanguage":"en-US","potentialAction":[{"@type":"ReadAction","target":["https:\/\/www.erboristerie.com\/it\/prodotto\/diffusore-bastoncini-fiori-di-cotone-nasoterapia\/"]}]},{"@type":"ImageObject","inLanguage":"en-US","@id":"https:\/\/www.erboristerie.com\/it\/prodotto\/diffusore-bastoncini-fiori-di-cotone-nasoterapia\/#primaryimage","url":"https:\/\/www.erboristerie.com\/wp-content\/uploads\/2023\/07\/00005553-diffusore-bastoncini-fiori-di-cotone-nasoterapia-erboristerie-com.jpg","contentUrl":"https:\/\/www.erboristerie.com\/wp-content\/uploads\/2023\/07\/00005553-diffusore-bastoncini-fiori-di-cotone-nasoterapia-erboristerie-com.jpg","width":1000,"height":1000},{"@type":"BreadcrumbList","@id":"https:\/\/www.erboristerie.com\/it\/prodotto\/diffusore-bastoncini-fiori-di-cotone-nasoterapia\/#breadcrumb","itemListElement":[{"@type":"ListItem","position":1,"name":"Home","item":"https:\/\/www.erboristerie.com\/en\/"},{"@type":"ListItem","position":2,"name":"All products","item":"https:\/\/www.erboristerie.com\/en\/all-products\/"},{"@type":"ListItem","position":3,"name":"Diffusore bastoncini Fiori di Cotone Nasoterapia"}]},{"@type":"WebSite","@id":"https:\/\/www.erboristerie.com\/it\/#website","url":"https:\/\/www.erboristerie.com\/it\/","name":"Erboristeria Demetra","description":"Your natural health","publisher":{"@id":"https:\/\/www.erboristerie.com\/it\/#organization"},"potentialAction":[{"@type":"SearchAction","target":{"@type":"EntryPoint","urlTemplate":"https:\/\/www.erboristerie.com\/it\/?s={search_term_string}"},"query-input":{"@type":"PropertyValueSpecification","valueRequired":true,"valueName":"search_term_string"}}],"inLanguage":"en-US"},{"@type":"Organization","@id":"https:\/\/www.erboristerie.com\/it\/#organization","name":"Erboristeria Demetra","url":"https:\/\/www.erboristerie.com\/it\/","logo":{"@type":"ImageObject","inLanguage":"en-US","@id":"https:\/\/www.erboristerie.com\/it\/#\/schema\/logo\/image\/","url":"https:\/\/www.erboristerie.com\/wp-content\/uploads\/2019\/11\/LOGO_ERBORISTERIA_DEMETRA_original.png?v=1611516981","contentUrl":"https:\/\/www.erboristerie.com\/wp-content\/uploads\/2019\/11\/LOGO_ERBORISTERIA_DEMETRA_original.png?v=1611516981","width":201,"height":54,"caption":"Erboristeria Demetra"},"image":{"@id":"https:\/\/www.erboristerie.com\/it\/#\/schema\/logo\/image\/"},"sameAs":["https:\/\/www.facebook.com\/erboristeria.demetra.online"]}]}},"_links":{"self":[{"href":"https:\/\/www.erboristerie.com\/en\/wp-json\/wp\/v2\/product\/55066","targetHints":{"allow":["GET"]}}],"collection":[{"href":"https:\/\/www.erboristerie.com\/en\/wp-json\/wp\/v2\/product"}],"about":[{"href":"https:\/\/www.erboristerie.com\/en\/wp-json\/wp\/v2\/types\/product"}],"wp:featuredmedia":[{"embeddable":true,"href":"https:\/\/www.erboristerie.com\/en\/wp-json\/wp\/v2\/media\/126871"}],"wp:attachment":[{"href":"https:\/\/www.erboristerie.com\/en\/wp-json\/wp\/v2\/media?parent=55066"}],"wp:term":[{"taxonomy":"product_brand","embeddable":true,"href":"https:\/\/www.erboristerie.com\/en\/wp-json\/wp\/v2\/product_brand?post=55066"},{"taxonomy":"product_cat","embeddable":true,"href":"https:\/\/www.erboristerie.com\/en\/wp-json\/wp\/v2\/product_cat?post=55066"},{"taxonomy":"product_tag","embeddable":true,"href":"https:\/\/www.erboristerie.com\/en\/wp-json\/wp\/v2\/product_tag?post=55066"},{"taxonomy":"giftcard-category","embeddable":true,"href":"https:\/\/www.erboristerie.com\/en\/wp-json\/wp\/v2\/giftcard-category?post=55066"}],"curies":[{"name":"wp","href":"https:\/\/api.w.org\/{rel}","templated":true}]}}