{"id":54786,"date":"2008-05-09T12:45:19","date_gmt":"2008-05-09T10:45:19","guid":{"rendered":"http:\/\/www.erboristerie.com\/?post_type=product&#038;p=54786"},"modified":"2025-02-19T18:11:01","modified_gmt":"2025-02-19T17:11:01","slug":"desmodio-foglie-taglio-tisana-desmodium-adscendens-sw-d-c","status":"publish","type":"product","link":"https:\/\/www.erboristerie.com\/en\/prodotto\/desmodio-foglie-taglio-tisana-desmodium-adscendens-sw-d-c\/","title":{"rendered":"Desmodio foglie taglio tisana (Desmodium adscendens (Sw.) D.C.)"},"content":{"rendered":"<p><strong>Foglie in taglio tisana di Desmodium (Desmodium adscendens (Sw.) D.C.)<br \/>\n<\/strong><\/p>\n<p>Il Desmodium adscendens \u00e8 una pianta originaria dell\u2019Africa equatoriale, utilizzata da secoli nella medicina tradizionale africana e sudamericana per le sue propriet\u00e0 benefiche.<\/p>\n<p>Negli ultimi anni, il suo utilizzo si \u00e8 diffuso anche in Europa e in altri paesi occidentali, grazie alle sue note virt\u00f9 depurative e di supporto alla funzionalit\u00e0 epatica.<\/p>\n<p>Le foglie di Desmodium, che contengono la massima concentrazione dei principi attivi, vengono impiegate per favorire il benessere del fegato, sostenere il sistema immunitario e contrastare gli effetti dello stress ossidativo.<\/p>\n<p>L\u2019infuso ottenuto dalle foglie di Desmodium ha un gusto erbaceo e delicato, ideale per chi desidera un rimedio naturale per il benessere generale.<\/p>\n<p>Lavorato in taglio tisana, il prodotto conserva tutte le sue propriet\u00e0 benefiche, offrendo un&#8217;opzione naturale e di alta qualit\u00e0 per l\u2019uso quotidiano.<\/p>\n<p>Se cerchi il Desmodio in capsule pronto da ingerire lo trovi <a href=\"https:\/\/www.erboristerie.com\/it\/prodotto\/desmodio-60-capsule-desmodium-adscendens-estratto-secco-titolato\/\">cliccando qui<\/a><\/p>\n","protected":false},"excerpt":{"rendered":"<p>Foglie in taglio tisana di Desmodium (Desmodium adscendens (Sw.) D.C.) Il Desmodium adscendens \u00e8 una pianta originaria dell\u2019Africa equatoriale, utilizzata da secoli nella medicina tradizionale africana e sudamericana per le sue propriet\u00e0 benefiche. Negli ultimi anni, il suo utilizzo si \u00e8 diffuso anche in Europa&#8230;<\/p>\n","protected":false},"featured_media":50903,"template":"","meta":{"_acf_changed":false},"product_brand":[9601],"product_cat":[10059],"product_tag":[12489,12488,20644,21103],"giftcard-category":[],"class_list":{"0":"post-54786","1":"product","2":"type-product","3":"status-publish","4":"has-post-thumbnail","6":"product_brand-brisighello-pietro-fu-e","7":"product_cat-erbe-d-e-f","8":"product_tag-adscendens","9":"product_tag-desmodium","10":"product_tag-foglie-2","11":"product_tag-gr-2","13":"first","14":"instock","15":"sale","16":"taxable","17":"shipping-taxable","18":"purchasable","19":"product-type-variable"},"acf":[],"yoast_head":"<!-- This site is optimized with the Yoast SEO plugin v24.9 - https:\/\/yoast.com\/wordpress\/plugins\/seo\/ -->\n<title>Desmodio foglie taglio tisana (Desmodium adscendens (Sw.) D.C.) - Erboristeria Demetra<\/title>\n<meta name=\"description\" content=\"Le foglie di Desmodium adscendens vengono impiegate per favorire il benessere del fegato, il sistema immunitario e contrastare lo stress ossidativo.\" \/>\n<meta name=\"robots\" content=\"index, follow, max-snippet:-1, max-image-preview:large, max-video-preview:-1\" \/>\n<link rel=\"canonical\" href=\"https:\/\/www.erboristerie.com\/it\/prodotto\/desmodio-foglie-taglio-tisana-desmodium-adscendens-sw-d-c\/\" \/>\n<meta property=\"og:locale\" content=\"en_US\" \/>\n<meta property=\"og:type\" content=\"article\" \/>\n<meta property=\"og:title\" content=\"Desmodio foglie taglio tisana (Desmodium adscendens (Sw.) D.C.) - Erboristeria Demetra\" \/>\n<meta property=\"og:description\" content=\"Le foglie di Desmodium adscendens vengono impiegate per favorire il benessere del fegato, il sistema immunitario e contrastare lo stress ossidativo.\" \/>\n<meta property=\"og:url\" content=\"https:\/\/www.erboristerie.com\/it\/prodotto\/desmodio-foglie-taglio-tisana-desmodium-adscendens-sw-d-c\/\" \/>\n<meta property=\"og:site_name\" content=\"Erboristeria Demetra\" \/>\n<meta property=\"article:publisher\" content=\"https:\/\/www.facebook.com\/erboristeria.demetra.online\" \/>\n<meta property=\"article:modified_time\" content=\"2025-02-19T17:11:01+00:00\" \/>\n<meta property=\"og:image\" content=\"https:\/\/www.erboristerie.com\/wp-content\/uploads\/2019\/01\/products-00001716.jpg\" \/>\n\t<meta property=\"og:image:width\" content=\"350\" \/>\n\t<meta property=\"og:image:height\" content=\"458\" \/>\n\t<meta property=\"og:image:type\" content=\"image\/jpeg\" \/>\n<meta name=\"twitter:card\" content=\"summary_large_image\" \/>\n<meta name=\"twitter:label1\" content=\"Est. reading time\" \/>\n\t<meta name=\"twitter:data1\" content=\"1 minute\" \/>\n<script type=\"application\/ld+json\" class=\"yoast-schema-graph\">{\"@context\":\"https:\/\/schema.org\",\"@graph\":[{\"@type\":\"WebPage\",\"@id\":\"https:\/\/www.erboristerie.com\/it\/prodotto\/desmodio-foglie-taglio-tisana-desmodium-adscendens-sw-d-c\/\",\"url\":\"https:\/\/www.erboristerie.com\/it\/prodotto\/desmodio-foglie-taglio-tisana-desmodium-adscendens-sw-d-c\/\",\"name\":\"Desmodio foglie taglio tisana (Desmodium adscendens (Sw.) D.C.) - Erboristeria Demetra\",\"isPartOf\":{\"@id\":\"https:\/\/www.erboristerie.com\/it\/#website\"},\"primaryImageOfPage\":{\"@id\":\"https:\/\/www.erboristerie.com\/it\/prodotto\/desmodio-foglie-taglio-tisana-desmodium-adscendens-sw-d-c\/#primaryimage\"},\"image\":{\"@id\":\"https:\/\/www.erboristerie.com\/it\/prodotto\/desmodio-foglie-taglio-tisana-desmodium-adscendens-sw-d-c\/#primaryimage\"},\"thumbnailUrl\":\"https:\/\/www.erboristerie.com\/wp-content\/uploads\/2019\/01\/products-00001716.jpg\",\"datePublished\":\"2008-05-09T10:45:19+00:00\",\"dateModified\":\"2025-02-19T17:11:01+00:00\",\"description\":\"Le foglie di Desmodium adscendens vengono impiegate per favorire il benessere del fegato, il sistema immunitario e contrastare lo stress ossidativo.\",\"breadcrumb\":{\"@id\":\"https:\/\/www.erboristerie.com\/it\/prodotto\/desmodio-foglie-taglio-tisana-desmodium-adscendens-sw-d-c\/#breadcrumb\"},\"inLanguage\":\"en-US\",\"potentialAction\":[{\"@type\":\"ReadAction\",\"target\":[\"https:\/\/www.erboristerie.com\/it\/prodotto\/desmodio-foglie-taglio-tisana-desmodium-adscendens-sw-d-c\/\"]}]},{\"@type\":\"ImageObject\",\"inLanguage\":\"en-US\",\"@id\":\"https:\/\/www.erboristerie.com\/it\/prodotto\/desmodio-foglie-taglio-tisana-desmodium-adscendens-sw-d-c\/#primaryimage\",\"url\":\"https:\/\/www.erboristerie.com\/wp-content\/uploads\/2019\/01\/products-00001716.jpg\",\"contentUrl\":\"https:\/\/www.erboristerie.com\/wp-content\/uploads\/2019\/01\/products-00001716.jpg\",\"width\":350,\"height\":458,\"caption\":\"Erbe officinali\"},{\"@type\":\"BreadcrumbList\",\"@id\":\"https:\/\/www.erboristerie.com\/it\/prodotto\/desmodio-foglie-taglio-tisana-desmodium-adscendens-sw-d-c\/#breadcrumb\",\"itemListElement\":[{\"@type\":\"ListItem\",\"position\":1,\"name\":\"Home\",\"item\":\"https:\/\/www.erboristerie.com\/en\/\"},{\"@type\":\"ListItem\",\"position\":2,\"name\":\"All products\",\"item\":\"https:\/\/www.erboristerie.com\/en\/all-products\/\"},{\"@type\":\"ListItem\",\"position\":3,\"name\":\"Desmodio foglie taglio tisana (Desmodium adscendens (Sw.) D.C.)\"}]},{\"@type\":\"WebSite\",\"@id\":\"https:\/\/www.erboristerie.com\/it\/#website\",\"url\":\"https:\/\/www.erboristerie.com\/it\/\",\"name\":\"Erboristeria Demetra\",\"description\":\"Your natural health\",\"publisher\":{\"@id\":\"https:\/\/www.erboristerie.com\/it\/#organization\"},\"potentialAction\":[{\"@type\":\"SearchAction\",\"target\":{\"@type\":\"EntryPoint\",\"urlTemplate\":\"https:\/\/www.erboristerie.com\/it\/?s={search_term_string}\"},\"query-input\":{\"@type\":\"PropertyValueSpecification\",\"valueRequired\":true,\"valueName\":\"search_term_string\"}}],\"inLanguage\":\"en-US\"},{\"@type\":\"Organization\",\"@id\":\"https:\/\/www.erboristerie.com\/it\/#organization\",\"name\":\"Erboristeria Demetra\",\"url\":\"https:\/\/www.erboristerie.com\/it\/\",\"logo\":{\"@type\":\"ImageObject\",\"inLanguage\":\"en-US\",\"@id\":\"https:\/\/www.erboristerie.com\/it\/#\/schema\/logo\/image\/\",\"url\":\"https:\/\/www.erboristerie.com\/wp-content\/uploads\/2019\/11\/LOGO_ERBORISTERIA_DEMETRA_original.png?v=1611516981\",\"contentUrl\":\"https:\/\/www.erboristerie.com\/wp-content\/uploads\/2019\/11\/LOGO_ERBORISTERIA_DEMETRA_original.png?v=1611516981\",\"width\":201,\"height\":54,\"caption\":\"Erboristeria Demetra\"},\"image\":{\"@id\":\"https:\/\/www.erboristerie.com\/it\/#\/schema\/logo\/image\/\"},\"sameAs\":[\"https:\/\/www.facebook.com\/erboristeria.demetra.online\"]}]}<\/script>\n<!-- \/ Yoast SEO plugin. -->","yoast_head_json":{"title":"Desmodio foglie taglio tisana (Desmodium adscendens (Sw.) D.C.) - Erboristeria Demetra","description":"Le foglie di Desmodium adscendens vengono impiegate per favorire il benessere del fegato, il sistema immunitario e contrastare lo stress ossidativo.","robots":{"index":"index","follow":"follow","max-snippet":"max-snippet:-1","max-image-preview":"max-image-preview:large","max-video-preview":"max-video-preview:-1"},"canonical":"https:\/\/www.erboristerie.com\/it\/prodotto\/desmodio-foglie-taglio-tisana-desmodium-adscendens-sw-d-c\/","og_locale":"en_US","og_type":"article","og_title":"Desmodio foglie taglio tisana (Desmodium adscendens (Sw.) D.C.) - Erboristeria Demetra","og_description":"Le foglie di Desmodium adscendens vengono impiegate per favorire il benessere del fegato, il sistema immunitario e contrastare lo stress ossidativo.","og_url":"https:\/\/www.erboristerie.com\/it\/prodotto\/desmodio-foglie-taglio-tisana-desmodium-adscendens-sw-d-c\/","og_site_name":"Erboristeria Demetra","article_publisher":"https:\/\/www.facebook.com\/erboristeria.demetra.online","article_modified_time":"2025-02-19T17:11:01+00:00","og_image":[{"width":350,"height":458,"url":"https:\/\/www.erboristerie.com\/wp-content\/uploads\/2019\/01\/products-00001716.jpg","type":"image\/jpeg"}],"twitter_card":"summary_large_image","twitter_misc":{"Est. reading time":"1 minute"},"schema":{"@context":"https:\/\/schema.org","@graph":[{"@type":"WebPage","@id":"https:\/\/www.erboristerie.com\/it\/prodotto\/desmodio-foglie-taglio-tisana-desmodium-adscendens-sw-d-c\/","url":"https:\/\/www.erboristerie.com\/it\/prodotto\/desmodio-foglie-taglio-tisana-desmodium-adscendens-sw-d-c\/","name":"Desmodio foglie taglio tisana (Desmodium adscendens (Sw.) D.C.) - Erboristeria Demetra","isPartOf":{"@id":"https:\/\/www.erboristerie.com\/it\/#website"},"primaryImageOfPage":{"@id":"https:\/\/www.erboristerie.com\/it\/prodotto\/desmodio-foglie-taglio-tisana-desmodium-adscendens-sw-d-c\/#primaryimage"},"image":{"@id":"https:\/\/www.erboristerie.com\/it\/prodotto\/desmodio-foglie-taglio-tisana-desmodium-adscendens-sw-d-c\/#primaryimage"},"thumbnailUrl":"https:\/\/www.erboristerie.com\/wp-content\/uploads\/2019\/01\/products-00001716.jpg","datePublished":"2008-05-09T10:45:19+00:00","dateModified":"2025-02-19T17:11:01+00:00","description":"Le foglie di Desmodium adscendens vengono impiegate per favorire il benessere del fegato, il sistema immunitario e contrastare lo stress ossidativo.","breadcrumb":{"@id":"https:\/\/www.erboristerie.com\/it\/prodotto\/desmodio-foglie-taglio-tisana-desmodium-adscendens-sw-d-c\/#breadcrumb"},"inLanguage":"en-US","potentialAction":[{"@type":"ReadAction","target":["https:\/\/www.erboristerie.com\/it\/prodotto\/desmodio-foglie-taglio-tisana-desmodium-adscendens-sw-d-c\/"]}]},{"@type":"ImageObject","inLanguage":"en-US","@id":"https:\/\/www.erboristerie.com\/it\/prodotto\/desmodio-foglie-taglio-tisana-desmodium-adscendens-sw-d-c\/#primaryimage","url":"https:\/\/www.erboristerie.com\/wp-content\/uploads\/2019\/01\/products-00001716.jpg","contentUrl":"https:\/\/www.erboristerie.com\/wp-content\/uploads\/2019\/01\/products-00001716.jpg","width":350,"height":458,"caption":"Erbe officinali"},{"@type":"BreadcrumbList","@id":"https:\/\/www.erboristerie.com\/it\/prodotto\/desmodio-foglie-taglio-tisana-desmodium-adscendens-sw-d-c\/#breadcrumb","itemListElement":[{"@type":"ListItem","position":1,"name":"Home","item":"https:\/\/www.erboristerie.com\/en\/"},{"@type":"ListItem","position":2,"name":"All products","item":"https:\/\/www.erboristerie.com\/en\/all-products\/"},{"@type":"ListItem","position":3,"name":"Desmodio foglie taglio tisana (Desmodium adscendens (Sw.) D.C.)"}]},{"@type":"WebSite","@id":"https:\/\/www.erboristerie.com\/it\/#website","url":"https:\/\/www.erboristerie.com\/it\/","name":"Erboristeria Demetra","description":"Your natural health","publisher":{"@id":"https:\/\/www.erboristerie.com\/it\/#organization"},"potentialAction":[{"@type":"SearchAction","target":{"@type":"EntryPoint","urlTemplate":"https:\/\/www.erboristerie.com\/it\/?s={search_term_string}"},"query-input":{"@type":"PropertyValueSpecification","valueRequired":true,"valueName":"search_term_string"}}],"inLanguage":"en-US"},{"@type":"Organization","@id":"https:\/\/www.erboristerie.com\/it\/#organization","name":"Erboristeria Demetra","url":"https:\/\/www.erboristerie.com\/it\/","logo":{"@type":"ImageObject","inLanguage":"en-US","@id":"https:\/\/www.erboristerie.com\/it\/#\/schema\/logo\/image\/","url":"https:\/\/www.erboristerie.com\/wp-content\/uploads\/2019\/11\/LOGO_ERBORISTERIA_DEMETRA_original.png?v=1611516981","contentUrl":"https:\/\/www.erboristerie.com\/wp-content\/uploads\/2019\/11\/LOGO_ERBORISTERIA_DEMETRA_original.png?v=1611516981","width":201,"height":54,"caption":"Erboristeria Demetra"},"image":{"@id":"https:\/\/www.erboristerie.com\/it\/#\/schema\/logo\/image\/"},"sameAs":["https:\/\/www.facebook.com\/erboristeria.demetra.online"]}]}},"_links":{"self":[{"href":"https:\/\/www.erboristerie.com\/en\/wp-json\/wp\/v2\/product\/54786","targetHints":{"allow":["GET"]}}],"collection":[{"href":"https:\/\/www.erboristerie.com\/en\/wp-json\/wp\/v2\/product"}],"about":[{"href":"https:\/\/www.erboristerie.com\/en\/wp-json\/wp\/v2\/types\/product"}],"wp:featuredmedia":[{"embeddable":true,"href":"https:\/\/www.erboristerie.com\/en\/wp-json\/wp\/v2\/media\/50903"}],"wp:attachment":[{"href":"https:\/\/www.erboristerie.com\/en\/wp-json\/wp\/v2\/media?parent=54786"}],"wp:term":[{"taxonomy":"product_brand","embeddable":true,"href":"https:\/\/www.erboristerie.com\/en\/wp-json\/wp\/v2\/product_brand?post=54786"},{"taxonomy":"product_cat","embeddable":true,"href":"https:\/\/www.erboristerie.com\/en\/wp-json\/wp\/v2\/product_cat?post=54786"},{"taxonomy":"product_tag","embeddable":true,"href":"https:\/\/www.erboristerie.com\/en\/wp-json\/wp\/v2\/product_tag?post=54786"},{"taxonomy":"giftcard-category","embeddable":true,"href":"https:\/\/www.erboristerie.com\/en\/wp-json\/wp\/v2\/giftcard-category?post=54786"}],"curies":[{"name":"wp","href":"https:\/\/api.w.org\/{rel}","templated":true}]}}