{"id":53554,"date":"2008-05-09T10:45:13","date_gmt":"2008-05-09T08:45:13","guid":{"rendered":"http:\/\/www.erboristerie.com\/?post_type=product&#038;p=53554"},"modified":"2025-09-10T18:55:01","modified_gmt":"2025-09-10T16:55:01","slug":"shampoo-miglio-soia-lavaggi-frequenti-200ml","status":"publish","type":"product","link":"https:\/\/www.erboristerie.com\/en\/prodotto\/shampoo-miglio-soia-lavaggi-frequenti-200ml\/","title":{"rendered":"Shampoo Miglio Soia Lavaggi Frequenti 200ml"},"content":{"rendered":"<p><strong>Descrizione<\/strong><br \/>\nFormulato con agenti lavanti delicati, questo Shampoo \u00e8 arricchito da Proteine della Soja ed Estratto di Miglio, due ingredienti ideali per lavaggi frequenti e come coadiuvanti nella prevenzione della caduta dei capelli.<br \/>\n<strong>Consigli d&#8217;uso<\/strong><br \/>\nPer un lavaggio efficace basta una piccola quantit\u00e0 di prodotto, da massaggiare lungamente con le dita. Poi un abbondante risciacquo. Ripetere due volte l\u2019operazione per riscoprire il piacere di una chioma brillante e piena di vita!<br \/>\n<strong>Sostanze funzionali<\/strong><br \/>\nEstratto di Miglio, Idrolizzato Proteico di Soja, Tensioattivo Proteico dalla Soja, Frazione Proteica dell\u2019Avena e Fruttosio da Mais tensioattivati, base detergente da Cocco, Canna da Zucchero, Mais, Barbabietola e Girasole*. *Ingrediente esclusivo sviluppato dalla Ricerca de L\u2019Erbolario<\/p>\n<p><strong>Cosa sapere in pi\u00f9<\/strong><\/p>\n<ul>\n<li>100% Made in Italy. Ogni fase della nostra attivit\u00e0, dalla formulazione al controllo qualit\u00e0, dalla preparazione del semilavorato al confezionamento, viene attuata da sempre nel nostro sito produttivo di Lodi: noi non abbiamo delocalizzato alcuna fase produttiva in paesi terzi, men che meno in quelli nei quali i diritti umani e i diritti fondamentali dei lavoratori sono calpestati. I nostri fitocosmetici sono orgogliosi di potersi dire 100% MADE IN ITALY!<\/li>\n<li>7 Metalli testati. Monitoraggio del contenuto di 7 metalli per minimizzare i rischi di allergia: *(Nichel, Piombo, Arsenico, Cadmio, Mercurio, Antimonio e Cromo) e salvaguardare cos\u00ec anche le pelli pi\u00f9 sensibili. Ogni lotto di produzione \u00e8 rigorosamente controllato per garantire un contenuto di ogni singolo metallo inferiore a 0.00005% (limite di rilevabilit\u00e0 strumentale).<\/li>\n<li>LAV &#8211; Dalla parte degli animali. Aderiamo allo \u201cStandard Internazionale Stop ai Test su Animali\u201d; garantito da LAV (Lega Anti Vivisezione). Fin dalla sua fondazione nel 1978 L&#8217;Erbolario ha seguito la politica di non ricorrere a test su animali e dal 2006, dopo che le normative europee hanno iniziato a limitare e poi hanno man mano proibito il ricorso ai test su animali per fini cosmetici, ha aderito allo Standard. www.lav.it<\/li>\n<li>Dermatologicamente Testato. Questo prodotto ha dimostrato di essere ottimamente tollerato dopo una rigorosa sperimentazione clinica finalizzata alla ricerca di eventuali potenzialit\u00e0 di irritazione e di allergogenesi. La valutazione delle ricerche \u00e8 stata effettuata presso il Dipartimento di Medicina interna e Terapia medica dell\u2019Universit\u00e0 degli Studi di Pavia.<\/li>\n<li>Imballo in Carta FSC\u00ae. La confezione esterna cartacea di questo prodotto \u00e8 costituita esclusivamente carta certificata FSC\u00ae, secondo i rigorosi standardambientali e sociali del Forest Stewardship Concil\u00ae a supporto di una corretta e responsabile gestione delle risorse forestali<\/li>\n<li>Senza ingredienti di derivazione animale<\/li>\n<\/ul>\n","protected":false},"excerpt":{"rendered":"<p>Descrizione Formulato con agenti lavanti delicati, questo Shampoo \u00e8 arricchito da Proteine della Soja ed Estratto di Miglio, due ingredienti ideali per lavaggi frequenti e come coadiuvanti nella prevenzione della caduta dei capelli. Consigli d&#8217;uso Per un lavaggio efficace basta una piccola quantit\u00e0 di prodotto,&#8230;<\/p>\n","protected":false},"featured_media":109112,"template":"","meta":{"_acf_changed":false},"product_brand":[9603],"product_cat":[10307,45044],"product_tag":[10917,12037,12036,12039,12038,10829,10534],"giftcard-category":[],"class_list":{"0":"post-53554","1":"product","2":"type-product","3":"status-publish","4":"has-post-thumbnail","6":"product_brand-erbolario","7":"product_cat-capelli","8":"product_cat-detergenza","9":"product_tag-200ml","10":"product_tag-frequenti","11":"product_tag-lav","12":"product_tag-lavaggi","13":"product_tag-miglio","14":"product_tag-shampoo","15":"product_tag-soia","16":"pa_formato-200-ml","17":"pa_linea-profumazione-capelli","18":"pa_marca-lerbolario","19":"pa_tipologia-shampoo","21":"first","22":"instock","23":"sale","24":"taxable","25":"shipping-taxable","26":"purchasable","27":"product-type-simple"},"acf":[],"yoast_head":"<!-- This site is optimized with the Yoast SEO plugin v24.9 - https:\/\/yoast.com\/wordpress\/plugins\/seo\/ -->\n<title>Shampoo Miglio Soia Lavaggi Frequenti 200ml<\/title>\n<meta name=\"description\" content=\"Per Lavaggi Frequenti e come Coadiuvante nella Prevenzione della Caduta dei Capelli.\" \/>\n<meta name=\"robots\" content=\"index, follow, max-snippet:-1, max-image-preview:large, max-video-preview:-1\" \/>\n<link rel=\"canonical\" href=\"https:\/\/www.erboristerie.com\/it\/prodotto\/shampoo-miglio-soia-lavaggi-frequenti-200ml\/\" \/>\n<meta property=\"og:locale\" content=\"en_US\" \/>\n<meta property=\"og:type\" content=\"article\" \/>\n<meta property=\"og:title\" content=\"Shampoo Miglio Soia Lavaggi Frequenti 200ml\" \/>\n<meta property=\"og:description\" content=\"Per Lavaggi Frequenti e come Coadiuvante nella Prevenzione della Caduta dei Capelli.\" \/>\n<meta property=\"og:url\" content=\"https:\/\/www.erboristerie.com\/it\/prodotto\/shampoo-miglio-soia-lavaggi-frequenti-200ml\/\" \/>\n<meta property=\"og:site_name\" content=\"Erboristeria Demetra\" \/>\n<meta property=\"article:publisher\" content=\"https:\/\/www.facebook.com\/erboristeria.demetra.online\" \/>\n<meta property=\"article:modified_time\" content=\"2025-09-10T16:55:01+00:00\" \/>\n<meta property=\"og:image\" content=\"https:\/\/www.erboristerie.com\/wp-content\/uploads\/2008\/05\/miglio-1.jpg\" \/>\n\t<meta property=\"og:image:width\" content=\"546\" \/>\n\t<meta property=\"og:image:height\" content=\"635\" \/>\n\t<meta property=\"og:image:type\" content=\"image\/jpeg\" \/>\n<meta name=\"twitter:card\" content=\"summary_large_image\" \/>\n<meta name=\"twitter:label1\" content=\"Est. reading time\" \/>\n\t<meta name=\"twitter:data1\" content=\"2 minutes\" \/>\n<script type=\"application\/ld+json\" class=\"yoast-schema-graph\">{\"@context\":\"https:\/\/schema.org\",\"@graph\":[{\"@type\":\"WebPage\",\"@id\":\"https:\/\/www.erboristerie.com\/it\/prodotto\/shampoo-miglio-soia-lavaggi-frequenti-200ml\/\",\"url\":\"https:\/\/www.erboristerie.com\/it\/prodotto\/shampoo-miglio-soia-lavaggi-frequenti-200ml\/\",\"name\":\"Shampoo Miglio Soia Lavaggi Frequenti 200ml\",\"isPartOf\":{\"@id\":\"https:\/\/www.erboristerie.com\/it\/#website\"},\"primaryImageOfPage\":{\"@id\":\"https:\/\/www.erboristerie.com\/it\/prodotto\/shampoo-miglio-soia-lavaggi-frequenti-200ml\/#primaryimage\"},\"image\":{\"@id\":\"https:\/\/www.erboristerie.com\/it\/prodotto\/shampoo-miglio-soia-lavaggi-frequenti-200ml\/#primaryimage\"},\"thumbnailUrl\":\"https:\/\/www.erboristerie.com\/wp-content\/uploads\/2008\/05\/miglio-1.jpg\",\"datePublished\":\"2008-05-09T08:45:13+00:00\",\"dateModified\":\"2025-09-10T16:55:01+00:00\",\"description\":\"Per Lavaggi Frequenti e come Coadiuvante nella Prevenzione della Caduta dei Capelli.\",\"breadcrumb\":{\"@id\":\"https:\/\/www.erboristerie.com\/it\/prodotto\/shampoo-miglio-soia-lavaggi-frequenti-200ml\/#breadcrumb\"},\"inLanguage\":\"en-US\",\"potentialAction\":[{\"@type\":\"ReadAction\",\"target\":[\"https:\/\/www.erboristerie.com\/it\/prodotto\/shampoo-miglio-soia-lavaggi-frequenti-200ml\/\"]}]},{\"@type\":\"ImageObject\",\"inLanguage\":\"en-US\",\"@id\":\"https:\/\/www.erboristerie.com\/it\/prodotto\/shampoo-miglio-soia-lavaggi-frequenti-200ml\/#primaryimage\",\"url\":\"https:\/\/www.erboristerie.com\/wp-content\/uploads\/2008\/05\/miglio-1.jpg\",\"contentUrl\":\"https:\/\/www.erboristerie.com\/wp-content\/uploads\/2008\/05\/miglio-1.jpg\",\"width\":546,\"height\":635},{\"@type\":\"BreadcrumbList\",\"@id\":\"https:\/\/www.erboristerie.com\/it\/prodotto\/shampoo-miglio-soia-lavaggi-frequenti-200ml\/#breadcrumb\",\"itemListElement\":[{\"@type\":\"ListItem\",\"position\":1,\"name\":\"Home\",\"item\":\"https:\/\/www.erboristerie.com\/en\/\"},{\"@type\":\"ListItem\",\"position\":2,\"name\":\"All products\",\"item\":\"https:\/\/www.erboristerie.com\/en\/all-products\/\"},{\"@type\":\"ListItem\",\"position\":3,\"name\":\"Shampoo Miglio Soia Lavaggi Frequenti 200ml\"}]},{\"@type\":\"WebSite\",\"@id\":\"https:\/\/www.erboristerie.com\/it\/#website\",\"url\":\"https:\/\/www.erboristerie.com\/it\/\",\"name\":\"Erboristeria Demetra\",\"description\":\"Your natural health\",\"publisher\":{\"@id\":\"https:\/\/www.erboristerie.com\/it\/#organization\"},\"potentialAction\":[{\"@type\":\"SearchAction\",\"target\":{\"@type\":\"EntryPoint\",\"urlTemplate\":\"https:\/\/www.erboristerie.com\/it\/?s={search_term_string}\"},\"query-input\":{\"@type\":\"PropertyValueSpecification\",\"valueRequired\":true,\"valueName\":\"search_term_string\"}}],\"inLanguage\":\"en-US\"},{\"@type\":\"Organization\",\"@id\":\"https:\/\/www.erboristerie.com\/it\/#organization\",\"name\":\"Erboristeria Demetra\",\"url\":\"https:\/\/www.erboristerie.com\/it\/\",\"logo\":{\"@type\":\"ImageObject\",\"inLanguage\":\"en-US\",\"@id\":\"https:\/\/www.erboristerie.com\/it\/#\/schema\/logo\/image\/\",\"url\":\"https:\/\/www.erboristerie.com\/wp-content\/uploads\/2019\/11\/LOGO_ERBORISTERIA_DEMETRA_original.png?v=1611516981\",\"contentUrl\":\"https:\/\/www.erboristerie.com\/wp-content\/uploads\/2019\/11\/LOGO_ERBORISTERIA_DEMETRA_original.png?v=1611516981\",\"width\":201,\"height\":54,\"caption\":\"Erboristeria Demetra\"},\"image\":{\"@id\":\"https:\/\/www.erboristerie.com\/it\/#\/schema\/logo\/image\/\"},\"sameAs\":[\"https:\/\/www.facebook.com\/erboristeria.demetra.online\"]}]}<\/script>\n<!-- \/ Yoast SEO plugin. -->","yoast_head_json":{"title":"Shampoo Miglio Soia Lavaggi Frequenti 200ml","description":"Per Lavaggi Frequenti e come Coadiuvante nella Prevenzione della Caduta dei Capelli.","robots":{"index":"index","follow":"follow","max-snippet":"max-snippet:-1","max-image-preview":"max-image-preview:large","max-video-preview":"max-video-preview:-1"},"canonical":"https:\/\/www.erboristerie.com\/it\/prodotto\/shampoo-miglio-soia-lavaggi-frequenti-200ml\/","og_locale":"en_US","og_type":"article","og_title":"Shampoo Miglio Soia Lavaggi Frequenti 200ml","og_description":"Per Lavaggi Frequenti e come Coadiuvante nella Prevenzione della Caduta dei Capelli.","og_url":"https:\/\/www.erboristerie.com\/it\/prodotto\/shampoo-miglio-soia-lavaggi-frequenti-200ml\/","og_site_name":"Erboristeria Demetra","article_publisher":"https:\/\/www.facebook.com\/erboristeria.demetra.online","article_modified_time":"2025-09-10T16:55:01+00:00","og_image":[{"width":546,"height":635,"url":"https:\/\/www.erboristerie.com\/wp-content\/uploads\/2008\/05\/miglio-1.jpg","type":"image\/jpeg"}],"twitter_card":"summary_large_image","twitter_misc":{"Est. reading time":"2 minutes"},"schema":{"@context":"https:\/\/schema.org","@graph":[{"@type":"WebPage","@id":"https:\/\/www.erboristerie.com\/it\/prodotto\/shampoo-miglio-soia-lavaggi-frequenti-200ml\/","url":"https:\/\/www.erboristerie.com\/it\/prodotto\/shampoo-miglio-soia-lavaggi-frequenti-200ml\/","name":"Shampoo Miglio Soia Lavaggi Frequenti 200ml","isPartOf":{"@id":"https:\/\/www.erboristerie.com\/it\/#website"},"primaryImageOfPage":{"@id":"https:\/\/www.erboristerie.com\/it\/prodotto\/shampoo-miglio-soia-lavaggi-frequenti-200ml\/#primaryimage"},"image":{"@id":"https:\/\/www.erboristerie.com\/it\/prodotto\/shampoo-miglio-soia-lavaggi-frequenti-200ml\/#primaryimage"},"thumbnailUrl":"https:\/\/www.erboristerie.com\/wp-content\/uploads\/2008\/05\/miglio-1.jpg","datePublished":"2008-05-09T08:45:13+00:00","dateModified":"2025-09-10T16:55:01+00:00","description":"Per Lavaggi Frequenti e come Coadiuvante nella Prevenzione della Caduta dei Capelli.","breadcrumb":{"@id":"https:\/\/www.erboristerie.com\/it\/prodotto\/shampoo-miglio-soia-lavaggi-frequenti-200ml\/#breadcrumb"},"inLanguage":"en-US","potentialAction":[{"@type":"ReadAction","target":["https:\/\/www.erboristerie.com\/it\/prodotto\/shampoo-miglio-soia-lavaggi-frequenti-200ml\/"]}]},{"@type":"ImageObject","inLanguage":"en-US","@id":"https:\/\/www.erboristerie.com\/it\/prodotto\/shampoo-miglio-soia-lavaggi-frequenti-200ml\/#primaryimage","url":"https:\/\/www.erboristerie.com\/wp-content\/uploads\/2008\/05\/miglio-1.jpg","contentUrl":"https:\/\/www.erboristerie.com\/wp-content\/uploads\/2008\/05\/miglio-1.jpg","width":546,"height":635},{"@type":"BreadcrumbList","@id":"https:\/\/www.erboristerie.com\/it\/prodotto\/shampoo-miglio-soia-lavaggi-frequenti-200ml\/#breadcrumb","itemListElement":[{"@type":"ListItem","position":1,"name":"Home","item":"https:\/\/www.erboristerie.com\/en\/"},{"@type":"ListItem","position":2,"name":"All products","item":"https:\/\/www.erboristerie.com\/en\/all-products\/"},{"@type":"ListItem","position":3,"name":"Shampoo Miglio Soia Lavaggi Frequenti 200ml"}]},{"@type":"WebSite","@id":"https:\/\/www.erboristerie.com\/it\/#website","url":"https:\/\/www.erboristerie.com\/it\/","name":"Erboristeria Demetra","description":"Your natural health","publisher":{"@id":"https:\/\/www.erboristerie.com\/it\/#organization"},"potentialAction":[{"@type":"SearchAction","target":{"@type":"EntryPoint","urlTemplate":"https:\/\/www.erboristerie.com\/it\/?s={search_term_string}"},"query-input":{"@type":"PropertyValueSpecification","valueRequired":true,"valueName":"search_term_string"}}],"inLanguage":"en-US"},{"@type":"Organization","@id":"https:\/\/www.erboristerie.com\/it\/#organization","name":"Erboristeria Demetra","url":"https:\/\/www.erboristerie.com\/it\/","logo":{"@type":"ImageObject","inLanguage":"en-US","@id":"https:\/\/www.erboristerie.com\/it\/#\/schema\/logo\/image\/","url":"https:\/\/www.erboristerie.com\/wp-content\/uploads\/2019\/11\/LOGO_ERBORISTERIA_DEMETRA_original.png?v=1611516981","contentUrl":"https:\/\/www.erboristerie.com\/wp-content\/uploads\/2019\/11\/LOGO_ERBORISTERIA_DEMETRA_original.png?v=1611516981","width":201,"height":54,"caption":"Erboristeria Demetra"},"image":{"@id":"https:\/\/www.erboristerie.com\/it\/#\/schema\/logo\/image\/"},"sameAs":["https:\/\/www.facebook.com\/erboristeria.demetra.online"]}]}},"_links":{"self":[{"href":"https:\/\/www.erboristerie.com\/en\/wp-json\/wp\/v2\/product\/53554","targetHints":{"allow":["GET"]}}],"collection":[{"href":"https:\/\/www.erboristerie.com\/en\/wp-json\/wp\/v2\/product"}],"about":[{"href":"https:\/\/www.erboristerie.com\/en\/wp-json\/wp\/v2\/types\/product"}],"wp:featuredmedia":[{"embeddable":true,"href":"https:\/\/www.erboristerie.com\/en\/wp-json\/wp\/v2\/media\/109112"}],"wp:attachment":[{"href":"https:\/\/www.erboristerie.com\/en\/wp-json\/wp\/v2\/media?parent=53554"}],"wp:term":[{"taxonomy":"product_brand","embeddable":true,"href":"https:\/\/www.erboristerie.com\/en\/wp-json\/wp\/v2\/product_brand?post=53554"},{"taxonomy":"product_cat","embeddable":true,"href":"https:\/\/www.erboristerie.com\/en\/wp-json\/wp\/v2\/product_cat?post=53554"},{"taxonomy":"product_tag","embeddable":true,"href":"https:\/\/www.erboristerie.com\/en\/wp-json\/wp\/v2\/product_tag?post=53554"},{"taxonomy":"giftcard-category","embeddable":true,"href":"https:\/\/www.erboristerie.com\/en\/wp-json\/wp\/v2\/giftcard-category?post=53554"}],"curies":[{"name":"wp","href":"https:\/\/api.w.org\/{rel}","templated":true}]}}