{"id":53230,"date":"2008-05-09T10:45:12","date_gmt":"2008-05-09T08:45:12","guid":{"rendered":"http:\/\/www.erboristerie.com\/?post_type=product&#038;p=53230"},"modified":"2025-10-08T21:26:46","modified_gmt":"2025-10-08T19:26:46","slug":"polvere-henne-bruno-brun-100gr-sitarama","status":"publish","type":"product","link":"https:\/\/www.erboristerie.com\/en\/prodotto\/polvere-henne-bruno-brun-100gr-sitarama\/","title":{"rendered":"Polvere Henn\u00e9 Bruno Brun 100gr &#8211; Sitarama"},"content":{"rendered":"<p><strong>Polvere Henn\u00e9 Bruno Brun 100gr &#8211; Sitarama<\/strong><\/p>\n<p>L\u2019Henn\u00e9 di Sitarama \u00e8 la migliore qualit\u00e0 di henn\u00e9 che potete trovare sul mercato, micronizzato finemente per garantire una polvere leggera come il talco al fine della preparazione di una una pappetta molto soffice e cremosa da applicare sui capelli.<\/p>\n<p><strong>Questa colorazione dolce Henn\u00e9 Bruno vi permette:<\/strong><\/p>\n<p>-di vivacizzare il vostro colore bruno o castano scuro naturale ed arricchirlo di bellissimi riflessi cangianti<br \/>\n-di ottenere una nuance castano scuro o bruno effetto naturale;<br \/>\n-di migliorare lo stato di salute dei vostri capelli;<br \/>\n-di coprire gran parte dei vostri capelli bianchi;<br \/>\n-di dare volume alla vostra capigliatura;<br \/>\n-per garantire una copertura efficace su molti capelli bianchi si consiglia di miscelare anche 20\/30 gr. di Henn\u00e9 Cuivre Rame Naturale.<\/p>\n<p>Il meglio dei benefici di questa pianta \u00e8 visibile con l\u2019 uso prolungato nel tempo.<\/p>\n<p>L&#8217;Henn\u00e9 rispetta la struttura dei vostri capelli e ne rinnova il colore naturale, donando bellissimi ed intensi riflessi ramati; copre i capelli bianchi, colora tono su tono, dona volume e cura i capelli.<\/p>\n<p>Si attenua dopo 4\/5 lavaggi.<\/p>\n<p><strong>Modo d&#8217;uso<\/strong><br \/>\nL&#8217;Henn\u00e8 \u00e8 facile da usare: basta aggiungere dell\u2019acqua bollente alla polvere colorante vegetale, mescolare per ottenere una pappetta e applicare sui capelli con i tempi indicati nelle istruzioni contenute nella confezione.<\/p>\n<p><strong>Note<\/strong><br \/>\nIl risultato finale dipende dal colore iniziale dei capelli.<br \/>\nL&#8217;Henn\u00e8 non schiarisce i capelli.<br \/>\nLe polveri si possono miscelare tra loro per ottenere differenti colorazioni.<\/p>\n<p>&nbsp;<\/p>\n","protected":false},"excerpt":{"rendered":"<p>Polvere Henn\u00e9 Bruno Brun 100gr &#8211; Sitarama L\u2019Henn\u00e9 di Sitarama \u00e8 la migliore qualit\u00e0 di henn\u00e9 che potete trovare sul mercato, micronizzato finemente per garantire una polvere leggera come il talco al fine della preparazione di una una pappetta molto soffice e cremosa da applicare&#8230;<\/p>\n","protected":false},"featured_media":110712,"template":"","meta":{"_acf_changed":false},"product_brand":[45718],"product_cat":[10307],"product_tag":[11901,11903,11234],"giftcard-category":[],"class_list":{"0":"post-53230","1":"product","2":"type-product","3":"status-publish","4":"has-post-thumbnail","6":"product_brand-sitarama","7":"product_cat-capelli","8":"product_tag-brun","9":"product_tag-bruno","10":"product_tag-henne","12":"first","13":"instock","14":"sale","15":"taxable","16":"shipping-taxable","17":"purchasable","18":"product-type-simple"},"acf":[],"yoast_head":"<!-- This site is optimized with the Yoast SEO plugin v24.9 - https:\/\/yoast.com\/wordpress\/plugins\/seo\/ -->\n<title>Polvere Henn\u00e9 Bruno Brun 100gr - Sitarama - Erboristeria Demetra<\/title>\n<meta name=\"description\" content=\"L\u2019Henn\u00e9 di Sitarama \u00e8 la migliore qualit\u00e0 che potete trovare sul mercato, micronizzato finemente per garantire una pappetta soffice e cremosa\" \/>\n<meta name=\"robots\" content=\"index, follow, max-snippet:-1, max-image-preview:large, max-video-preview:-1\" \/>\n<link rel=\"canonical\" href=\"https:\/\/www.erboristerie.com\/it\/prodotto\/polvere-henne-bruno-brun-100gr-sitarama\/\" \/>\n<meta property=\"og:locale\" content=\"en_US\" \/>\n<meta property=\"og:type\" content=\"article\" \/>\n<meta property=\"og:title\" content=\"Polvere Henn\u00e9 Bruno Brun 100gr - Sitarama - Erboristeria Demetra\" \/>\n<meta property=\"og:description\" content=\"L\u2019Henn\u00e9 di Sitarama \u00e8 la migliore qualit\u00e0 che potete trovare sul mercato, micronizzato finemente per garantire una pappetta soffice e cremosa\" \/>\n<meta property=\"og:url\" content=\"https:\/\/www.erboristerie.com\/it\/prodotto\/polvere-henne-bruno-brun-100gr-sitarama\/\" \/>\n<meta property=\"og:site_name\" content=\"Erboristeria Demetra\" \/>\n<meta property=\"article:publisher\" content=\"https:\/\/www.facebook.com\/erboristeria.demetra.online\" \/>\n<meta property=\"article:modified_time\" content=\"2025-10-08T19:26:46+00:00\" \/>\n<meta property=\"og:image\" content=\"https:\/\/www.erboristerie.com\/wp-content\/uploads\/2008\/05\/00002395.jpeg\" \/>\n\t<meta property=\"og:image:width\" content=\"1000\" \/>\n\t<meta property=\"og:image:height\" content=\"1000\" \/>\n\t<meta property=\"og:image:type\" content=\"image\/jpeg\" \/>\n<meta name=\"twitter:card\" content=\"summary_large_image\" \/>\n<meta name=\"twitter:label1\" content=\"Est. reading time\" \/>\n\t<meta name=\"twitter:data1\" content=\"1 minute\" \/>\n<script type=\"application\/ld+json\" class=\"yoast-schema-graph\">{\"@context\":\"https:\/\/schema.org\",\"@graph\":[{\"@type\":\"WebPage\",\"@id\":\"https:\/\/www.erboristerie.com\/it\/prodotto\/polvere-henne-bruno-brun-100gr-sitarama\/\",\"url\":\"https:\/\/www.erboristerie.com\/it\/prodotto\/polvere-henne-bruno-brun-100gr-sitarama\/\",\"name\":\"Polvere Henn\u00e9 Bruno Brun 100gr - Sitarama - Erboristeria Demetra\",\"isPartOf\":{\"@id\":\"https:\/\/www.erboristerie.com\/it\/#website\"},\"primaryImageOfPage\":{\"@id\":\"https:\/\/www.erboristerie.com\/it\/prodotto\/polvere-henne-bruno-brun-100gr-sitarama\/#primaryimage\"},\"image\":{\"@id\":\"https:\/\/www.erboristerie.com\/it\/prodotto\/polvere-henne-bruno-brun-100gr-sitarama\/#primaryimage\"},\"thumbnailUrl\":\"https:\/\/www.erboristerie.com\/wp-content\/uploads\/2008\/05\/00002395.jpeg\",\"datePublished\":\"2008-05-09T08:45:12+00:00\",\"dateModified\":\"2025-10-08T19:26:46+00:00\",\"description\":\"L\u2019Henn\u00e9 di Sitarama \u00e8 la migliore qualit\u00e0 che potete trovare sul mercato, micronizzato finemente per garantire una pappetta soffice e cremosa\",\"breadcrumb\":{\"@id\":\"https:\/\/www.erboristerie.com\/it\/prodotto\/polvere-henne-bruno-brun-100gr-sitarama\/#breadcrumb\"},\"inLanguage\":\"en-US\",\"potentialAction\":[{\"@type\":\"ReadAction\",\"target\":[\"https:\/\/www.erboristerie.com\/it\/prodotto\/polvere-henne-bruno-brun-100gr-sitarama\/\"]}]},{\"@type\":\"ImageObject\",\"inLanguage\":\"en-US\",\"@id\":\"https:\/\/www.erboristerie.com\/it\/prodotto\/polvere-henne-bruno-brun-100gr-sitarama\/#primaryimage\",\"url\":\"https:\/\/www.erboristerie.com\/wp-content\/uploads\/2008\/05\/00002395.jpeg\",\"contentUrl\":\"https:\/\/www.erboristerie.com\/wp-content\/uploads\/2008\/05\/00002395.jpeg\",\"width\":1000,\"height\":1000},{\"@type\":\"BreadcrumbList\",\"@id\":\"https:\/\/www.erboristerie.com\/it\/prodotto\/polvere-henne-bruno-brun-100gr-sitarama\/#breadcrumb\",\"itemListElement\":[{\"@type\":\"ListItem\",\"position\":1,\"name\":\"Home\",\"item\":\"https:\/\/www.erboristerie.com\/en\/\"},{\"@type\":\"ListItem\",\"position\":2,\"name\":\"All products\",\"item\":\"https:\/\/www.erboristerie.com\/en\/all-products\/\"},{\"@type\":\"ListItem\",\"position\":3,\"name\":\"Polvere Henn\u00e9 Bruno Brun 100gr &#8211; Sitarama\"}]},{\"@type\":\"WebSite\",\"@id\":\"https:\/\/www.erboristerie.com\/it\/#website\",\"url\":\"https:\/\/www.erboristerie.com\/it\/\",\"name\":\"Erboristeria Demetra\",\"description\":\"Your natural health\",\"publisher\":{\"@id\":\"https:\/\/www.erboristerie.com\/it\/#organization\"},\"potentialAction\":[{\"@type\":\"SearchAction\",\"target\":{\"@type\":\"EntryPoint\",\"urlTemplate\":\"https:\/\/www.erboristerie.com\/it\/?s={search_term_string}\"},\"query-input\":{\"@type\":\"PropertyValueSpecification\",\"valueRequired\":true,\"valueName\":\"search_term_string\"}}],\"inLanguage\":\"en-US\"},{\"@type\":\"Organization\",\"@id\":\"https:\/\/www.erboristerie.com\/it\/#organization\",\"name\":\"Erboristeria Demetra\",\"url\":\"https:\/\/www.erboristerie.com\/it\/\",\"logo\":{\"@type\":\"ImageObject\",\"inLanguage\":\"en-US\",\"@id\":\"https:\/\/www.erboristerie.com\/it\/#\/schema\/logo\/image\/\",\"url\":\"https:\/\/www.erboristerie.com\/wp-content\/uploads\/2019\/11\/LOGO_ERBORISTERIA_DEMETRA_original.png?v=1611516981\",\"contentUrl\":\"https:\/\/www.erboristerie.com\/wp-content\/uploads\/2019\/11\/LOGO_ERBORISTERIA_DEMETRA_original.png?v=1611516981\",\"width\":201,\"height\":54,\"caption\":\"Erboristeria Demetra\"},\"image\":{\"@id\":\"https:\/\/www.erboristerie.com\/it\/#\/schema\/logo\/image\/\"},\"sameAs\":[\"https:\/\/www.facebook.com\/erboristeria.demetra.online\"]}]}<\/script>\n<!-- \/ Yoast SEO plugin. -->","yoast_head_json":{"title":"Polvere Henn\u00e9 Bruno Brun 100gr - Sitarama - Erboristeria Demetra","description":"L\u2019Henn\u00e9 di Sitarama \u00e8 la migliore qualit\u00e0 che potete trovare sul mercato, micronizzato finemente per garantire una pappetta soffice e cremosa","robots":{"index":"index","follow":"follow","max-snippet":"max-snippet:-1","max-image-preview":"max-image-preview:large","max-video-preview":"max-video-preview:-1"},"canonical":"https:\/\/www.erboristerie.com\/it\/prodotto\/polvere-henne-bruno-brun-100gr-sitarama\/","og_locale":"en_US","og_type":"article","og_title":"Polvere Henn\u00e9 Bruno Brun 100gr - Sitarama - Erboristeria Demetra","og_description":"L\u2019Henn\u00e9 di Sitarama \u00e8 la migliore qualit\u00e0 che potete trovare sul mercato, micronizzato finemente per garantire una pappetta soffice e cremosa","og_url":"https:\/\/www.erboristerie.com\/it\/prodotto\/polvere-henne-bruno-brun-100gr-sitarama\/","og_site_name":"Erboristeria Demetra","article_publisher":"https:\/\/www.facebook.com\/erboristeria.demetra.online","article_modified_time":"2025-10-08T19:26:46+00:00","og_image":[{"width":1000,"height":1000,"url":"https:\/\/www.erboristerie.com\/wp-content\/uploads\/2008\/05\/00002395.jpeg","type":"image\/jpeg"}],"twitter_card":"summary_large_image","twitter_misc":{"Est. reading time":"1 minute"},"schema":{"@context":"https:\/\/schema.org","@graph":[{"@type":"WebPage","@id":"https:\/\/www.erboristerie.com\/it\/prodotto\/polvere-henne-bruno-brun-100gr-sitarama\/","url":"https:\/\/www.erboristerie.com\/it\/prodotto\/polvere-henne-bruno-brun-100gr-sitarama\/","name":"Polvere Henn\u00e9 Bruno Brun 100gr - Sitarama - Erboristeria Demetra","isPartOf":{"@id":"https:\/\/www.erboristerie.com\/it\/#website"},"primaryImageOfPage":{"@id":"https:\/\/www.erboristerie.com\/it\/prodotto\/polvere-henne-bruno-brun-100gr-sitarama\/#primaryimage"},"image":{"@id":"https:\/\/www.erboristerie.com\/it\/prodotto\/polvere-henne-bruno-brun-100gr-sitarama\/#primaryimage"},"thumbnailUrl":"https:\/\/www.erboristerie.com\/wp-content\/uploads\/2008\/05\/00002395.jpeg","datePublished":"2008-05-09T08:45:12+00:00","dateModified":"2025-10-08T19:26:46+00:00","description":"L\u2019Henn\u00e9 di Sitarama \u00e8 la migliore qualit\u00e0 che potete trovare sul mercato, micronizzato finemente per garantire una pappetta soffice e cremosa","breadcrumb":{"@id":"https:\/\/www.erboristerie.com\/it\/prodotto\/polvere-henne-bruno-brun-100gr-sitarama\/#breadcrumb"},"inLanguage":"en-US","potentialAction":[{"@type":"ReadAction","target":["https:\/\/www.erboristerie.com\/it\/prodotto\/polvere-henne-bruno-brun-100gr-sitarama\/"]}]},{"@type":"ImageObject","inLanguage":"en-US","@id":"https:\/\/www.erboristerie.com\/it\/prodotto\/polvere-henne-bruno-brun-100gr-sitarama\/#primaryimage","url":"https:\/\/www.erboristerie.com\/wp-content\/uploads\/2008\/05\/00002395.jpeg","contentUrl":"https:\/\/www.erboristerie.com\/wp-content\/uploads\/2008\/05\/00002395.jpeg","width":1000,"height":1000},{"@type":"BreadcrumbList","@id":"https:\/\/www.erboristerie.com\/it\/prodotto\/polvere-henne-bruno-brun-100gr-sitarama\/#breadcrumb","itemListElement":[{"@type":"ListItem","position":1,"name":"Home","item":"https:\/\/www.erboristerie.com\/en\/"},{"@type":"ListItem","position":2,"name":"All products","item":"https:\/\/www.erboristerie.com\/en\/all-products\/"},{"@type":"ListItem","position":3,"name":"Polvere Henn\u00e9 Bruno Brun 100gr &#8211; Sitarama"}]},{"@type":"WebSite","@id":"https:\/\/www.erboristerie.com\/it\/#website","url":"https:\/\/www.erboristerie.com\/it\/","name":"Erboristeria Demetra","description":"Your natural health","publisher":{"@id":"https:\/\/www.erboristerie.com\/it\/#organization"},"potentialAction":[{"@type":"SearchAction","target":{"@type":"EntryPoint","urlTemplate":"https:\/\/www.erboristerie.com\/it\/?s={search_term_string}"},"query-input":{"@type":"PropertyValueSpecification","valueRequired":true,"valueName":"search_term_string"}}],"inLanguage":"en-US"},{"@type":"Organization","@id":"https:\/\/www.erboristerie.com\/it\/#organization","name":"Erboristeria Demetra","url":"https:\/\/www.erboristerie.com\/it\/","logo":{"@type":"ImageObject","inLanguage":"en-US","@id":"https:\/\/www.erboristerie.com\/it\/#\/schema\/logo\/image\/","url":"https:\/\/www.erboristerie.com\/wp-content\/uploads\/2019\/11\/LOGO_ERBORISTERIA_DEMETRA_original.png?v=1611516981","contentUrl":"https:\/\/www.erboristerie.com\/wp-content\/uploads\/2019\/11\/LOGO_ERBORISTERIA_DEMETRA_original.png?v=1611516981","width":201,"height":54,"caption":"Erboristeria Demetra"},"image":{"@id":"https:\/\/www.erboristerie.com\/it\/#\/schema\/logo\/image\/"},"sameAs":["https:\/\/www.facebook.com\/erboristeria.demetra.online"]}]}},"_links":{"self":[{"href":"https:\/\/www.erboristerie.com\/en\/wp-json\/wp\/v2\/product\/53230","targetHints":{"allow":["GET"]}}],"collection":[{"href":"https:\/\/www.erboristerie.com\/en\/wp-json\/wp\/v2\/product"}],"about":[{"href":"https:\/\/www.erboristerie.com\/en\/wp-json\/wp\/v2\/types\/product"}],"wp:featuredmedia":[{"embeddable":true,"href":"https:\/\/www.erboristerie.com\/en\/wp-json\/wp\/v2\/media\/110712"}],"wp:attachment":[{"href":"https:\/\/www.erboristerie.com\/en\/wp-json\/wp\/v2\/media?parent=53230"}],"wp:term":[{"taxonomy":"product_brand","embeddable":true,"href":"https:\/\/www.erboristerie.com\/en\/wp-json\/wp\/v2\/product_brand?post=53230"},{"taxonomy":"product_cat","embeddable":true,"href":"https:\/\/www.erboristerie.com\/en\/wp-json\/wp\/v2\/product_cat?post=53230"},{"taxonomy":"product_tag","embeddable":true,"href":"https:\/\/www.erboristerie.com\/en\/wp-json\/wp\/v2\/product_tag?post=53230"},{"taxonomy":"giftcard-category","embeddable":true,"href":"https:\/\/www.erboristerie.com\/en\/wp-json\/wp\/v2\/giftcard-category?post=53230"}],"curies":[{"name":"wp","href":"https:\/\/api.w.org\/{rel}","templated":true}]}}