{"id":52790,"date":"2008-05-09T12:45:11","date_gmt":"2008-05-09T10:45:11","guid":{"rendered":"http:\/\/www.erboristerie.com\/?post_type=product&#038;p=52790"},"modified":"2022-12-02T11:10:54","modified_gmt":"2022-12-02T10:10:54","slug":"te-verde-extra-gunpowder-camellia-thea-100-gr","status":"publish","type":"product","link":"https:\/\/www.erboristerie.com\/en\/prodotto\/te-verde-extra-gunpowder-camellia-thea-100-gr\/","title":{"rendered":"Te\u2019 verde extra Gunpowder (Cammelia thea) 100 gr."},"content":{"rendered":"<p>\n\tFoglie arrotolate di T\u00e8 verde (Camellia tea).<\/p>\n<p>\n\t<strong>Te&#8217; verde Gunpowder<\/strong><br \/>\n\tE&#8217; il te&#8217; verde cinese pi\u00f9 bevuto nel mondo e rappresenta anche la base per la preparazione del te&#8217; alla menta, consumato in Marocco. Probabilmente il piu&#8217; popolare te&#8217; della regione dello Zhejiang, a sud di Shangai in Cina. In tazza il suo colore \u00e8 giallo intenso, il profumo ricorda l&#8217;erba fresca ed il gusto \u00e8 leggero e gradevole. Caratteristica principale di questo te&#8217; \u00e8 la forma di palline che viene data alle foglie durante la lavorazione, che ricorda, appunto, la polvere da sparo (in inglese: gunpowder). Ogni pallina durante l&#8217;infusione per la preparazione della bevanda si srotola, &#8220;esplodendo&#8221; in una foglia. Le foglie essiccate, non subiscono il processo di fermentazione tipico del te&#8217; nero, mantenendo invariati la maggior parte dei componenti presenti nelle foglie fresche, soprattutto i polifenoli, sostanze note per le loro propriet\u00e0 antiossidanti che rallentano l&#8217;invecchiamento cellulare e promuovono il mantenimento di uno stato di benessere. Esistono diverse qualit\u00e0 di Gunpowder, e per valutarne il pregio, viene adottata la seguente regola: pi\u00f9 piccoli e sferici sono i granelli, quindi pi\u00f9 piccole sono le foglie con cui sono ottenuti, pi\u00f9 alta \u00e8 la qualit\u00e0 del te&#8217;.<\/p>\n<p>\n\tPer esaltare la fragranza di questo Te&#8217; si suggerisce l&#8217;infusione per 2-3 minuti di circa 2 grammi di foglie a tatzza usando acqua a circa 75-80 gradi. Se trovate questo te&#8217; troppo forte, eliminate la prima infusione e gustate la seconda, vi dara&#8217; la delicata anima del te&#8217;.<\/p>\n<p>\n<strong>Ulteriori informazioni:<br \/>\n<\/strong>Questo articolo viene pesato e confezionato in sacchetto partendo dal sacco originale nel nostro punto vendita come se si trattasse di richiesta di vendita al banco\u00a0nel momento della preparazione dell\u2019ordine. Non presenter\u00e0 altri dati oltre al nome. Resta inteso che su richiesta espressa nelle apposite note in fase di ordine, possono essere indicati altri dati, quali ad esempio, la scadenza.<\/p>\n<p><strong>Sottovuoto a richiesta<\/strong><br \/>\nSe desiderate ricevere questo articolo sottovuoto dovete includere nell&#8217;ordine anche l&#8217;articolo &#8220;sottovuoto&#8221;<\/p>\n","protected":false},"excerpt":{"rendered":"<p>Foglie arrotolate di T\u00e8 verde (Camellia tea). Te&#8217; verde Gunpowder E&#8217; il te&#8217; verde cinese pi\u00f9 bevuto nel mondo e rappresenta anche la base per la preparazione del te&#8217; alla menta, consumato in Marocco. Probabilmente il piu&#8217; popolare te&#8217; della regione dello Zhejiang, a sud&#8230;<\/p>\n","protected":false},"featured_media":52791,"template":"","meta":{"_acf_changed":false},"product_brand":[9601],"product_cat":[10079,45114],"product_tag":[11453,10952,11731,11728,10708],"giftcard-category":[],"class_list":{"0":"post-52790","1":"product","2":"type-product","3":"status-publish","4":"has-post-thumbnail","6":"product_brand-brisighello-pietro-fu-e","7":"product_cat-erbe-t-u-v-z","8":"product_cat-te-infusi-e-tisane-sfusi","9":"product_tag-extra","10":"product_tag-gr","11":"product_tag-gunpowdercamellia","12":"product_tag-thea","13":"product_tag-verde","15":"first","16":"instock","17":"taxable","18":"shipping-taxable","19":"purchasable","20":"product-type-simple"},"acf":[],"yoast_head":"<!-- This site is optimized with the Yoast SEO plugin v24.9 - https:\/\/yoast.com\/wordpress\/plugins\/seo\/ -->\n<title>TE&#039; VERDE EXTRA GUNPOWDER(CAMELLIA THEA) - 100 gr.<\/title>\n<meta name=\"robots\" content=\"index, follow, max-snippet:-1, max-image-preview:large, max-video-preview:-1\" \/>\n<link rel=\"canonical\" href=\"https:\/\/www.erboristerie.com\/it\/prodotto\/te-verde-extra-gunpowder-camellia-thea-100-gr\/\" \/>\n<meta property=\"og:locale\" content=\"en_US\" \/>\n<meta property=\"og:type\" content=\"article\" \/>\n<meta property=\"og:title\" content=\"TE&#039; VERDE EXTRA GUNPOWDER(CAMELLIA THEA) - 100 gr.\" \/>\n<meta property=\"og:description\" content=\"Foglie arrotolate di T\u00e8 verde (Camellia tea). Te&#8217; verde Gunpowder E&#8217; il te&#8217; verde cinese pi\u00f9 bevuto nel mondo e rappresenta anche la base per la preparazione del te&#8217; alla menta, consumato in Marocco. Probabilmente il piu&#8217; popolare te&#8217; della regione dello Zhejiang, a sud...\" \/>\n<meta property=\"og:url\" content=\"https:\/\/www.erboristerie.com\/it\/prodotto\/te-verde-extra-gunpowder-camellia-thea-100-gr\/\" \/>\n<meta property=\"og:site_name\" content=\"Erboristeria Demetra\" \/>\n<meta property=\"article:publisher\" content=\"https:\/\/www.facebook.com\/erboristeria.demetra.online\" \/>\n<meta property=\"article:modified_time\" content=\"2022-12-02T10:10:54+00:00\" \/>\n<meta property=\"og:image\" content=\"https:\/\/www.erboristerie.com\/wp-content\/uploads\/2019\/01\/products-00002055.jpg\" \/>\n\t<meta property=\"og:image:width\" content=\"468\" \/>\n\t<meta property=\"og:image:height\" content=\"481\" \/>\n\t<meta property=\"og:image:type\" content=\"image\/jpeg\" \/>\n<meta name=\"twitter:card\" content=\"summary_large_image\" \/>\n<meta name=\"twitter:label1\" content=\"Est. reading time\" \/>\n\t<meta name=\"twitter:data1\" content=\"2 minutes\" \/>\n<script type=\"application\/ld+json\" class=\"yoast-schema-graph\">{\"@context\":\"https:\/\/schema.org\",\"@graph\":[{\"@type\":\"WebPage\",\"@id\":\"https:\/\/www.erboristerie.com\/it\/prodotto\/te-verde-extra-gunpowder-camellia-thea-100-gr\/\",\"url\":\"https:\/\/www.erboristerie.com\/it\/prodotto\/te-verde-extra-gunpowder-camellia-thea-100-gr\/\",\"name\":\"TE' VERDE EXTRA GUNPOWDER(CAMELLIA THEA) - 100 gr.\",\"isPartOf\":{\"@id\":\"https:\/\/www.erboristerie.com\/it\/#website\"},\"primaryImageOfPage\":{\"@id\":\"https:\/\/www.erboristerie.com\/it\/prodotto\/te-verde-extra-gunpowder-camellia-thea-100-gr\/#primaryimage\"},\"image\":{\"@id\":\"https:\/\/www.erboristerie.com\/it\/prodotto\/te-verde-extra-gunpowder-camellia-thea-100-gr\/#primaryimage\"},\"thumbnailUrl\":\"https:\/\/www.erboristerie.com\/wp-content\/uploads\/2019\/01\/products-00002055.jpg\",\"datePublished\":\"2008-05-09T10:45:11+00:00\",\"dateModified\":\"2022-12-02T10:10:54+00:00\",\"breadcrumb\":{\"@id\":\"https:\/\/www.erboristerie.com\/it\/prodotto\/te-verde-extra-gunpowder-camellia-thea-100-gr\/#breadcrumb\"},\"inLanguage\":\"en-US\",\"potentialAction\":[{\"@type\":\"ReadAction\",\"target\":[\"https:\/\/www.erboristerie.com\/it\/prodotto\/te-verde-extra-gunpowder-camellia-thea-100-gr\/\"]}]},{\"@type\":\"ImageObject\",\"inLanguage\":\"en-US\",\"@id\":\"https:\/\/www.erboristerie.com\/it\/prodotto\/te-verde-extra-gunpowder-camellia-thea-100-gr\/#primaryimage\",\"url\":\"https:\/\/www.erboristerie.com\/wp-content\/uploads\/2019\/01\/products-00002055.jpg\",\"contentUrl\":\"https:\/\/www.erboristerie.com\/wp-content\/uploads\/2019\/01\/products-00002055.jpg\",\"width\":468,\"height\":481,\"caption\":\"TE' VERDE EXTRA GUNPOWDER(CAMELLIA THEA) - 100 gr.\"},{\"@type\":\"BreadcrumbList\",\"@id\":\"https:\/\/www.erboristerie.com\/it\/prodotto\/te-verde-extra-gunpowder-camellia-thea-100-gr\/#breadcrumb\",\"itemListElement\":[{\"@type\":\"ListItem\",\"position\":1,\"name\":\"Home\",\"item\":\"https:\/\/www.erboristerie.com\/en\/\"},{\"@type\":\"ListItem\",\"position\":2,\"name\":\"All products\",\"item\":\"https:\/\/www.erboristerie.com\/en\/all-products\/\"},{\"@type\":\"ListItem\",\"position\":3,\"name\":\"Te\u2019 verde extra Gunpowder (Cammelia thea) 100 gr.\"}]},{\"@type\":\"WebSite\",\"@id\":\"https:\/\/www.erboristerie.com\/it\/#website\",\"url\":\"https:\/\/www.erboristerie.com\/it\/\",\"name\":\"Erboristeria Demetra\",\"description\":\"Your natural health\",\"publisher\":{\"@id\":\"https:\/\/www.erboristerie.com\/it\/#organization\"},\"potentialAction\":[{\"@type\":\"SearchAction\",\"target\":{\"@type\":\"EntryPoint\",\"urlTemplate\":\"https:\/\/www.erboristerie.com\/it\/?s={search_term_string}\"},\"query-input\":{\"@type\":\"PropertyValueSpecification\",\"valueRequired\":true,\"valueName\":\"search_term_string\"}}],\"inLanguage\":\"en-US\"},{\"@type\":\"Organization\",\"@id\":\"https:\/\/www.erboristerie.com\/it\/#organization\",\"name\":\"Erboristeria Demetra\",\"url\":\"https:\/\/www.erboristerie.com\/it\/\",\"logo\":{\"@type\":\"ImageObject\",\"inLanguage\":\"en-US\",\"@id\":\"https:\/\/www.erboristerie.com\/it\/#\/schema\/logo\/image\/\",\"url\":\"https:\/\/www.erboristerie.com\/wp-content\/uploads\/2019\/11\/LOGO_ERBORISTERIA_DEMETRA_original.png?v=1611516981\",\"contentUrl\":\"https:\/\/www.erboristerie.com\/wp-content\/uploads\/2019\/11\/LOGO_ERBORISTERIA_DEMETRA_original.png?v=1611516981\",\"width\":201,\"height\":54,\"caption\":\"Erboristeria Demetra\"},\"image\":{\"@id\":\"https:\/\/www.erboristerie.com\/it\/#\/schema\/logo\/image\/\"},\"sameAs\":[\"https:\/\/www.facebook.com\/erboristeria.demetra.online\"]}]}<\/script>\n<!-- \/ Yoast SEO plugin. -->","yoast_head_json":{"title":"TE' VERDE EXTRA GUNPOWDER(CAMELLIA THEA) - 100 gr.","robots":{"index":"index","follow":"follow","max-snippet":"max-snippet:-1","max-image-preview":"max-image-preview:large","max-video-preview":"max-video-preview:-1"},"canonical":"https:\/\/www.erboristerie.com\/it\/prodotto\/te-verde-extra-gunpowder-camellia-thea-100-gr\/","og_locale":"en_US","og_type":"article","og_title":"TE' VERDE EXTRA GUNPOWDER(CAMELLIA THEA) - 100 gr.","og_description":"Foglie arrotolate di T\u00e8 verde (Camellia tea). Te&#8217; verde Gunpowder E&#8217; il te&#8217; verde cinese pi\u00f9 bevuto nel mondo e rappresenta anche la base per la preparazione del te&#8217; alla menta, consumato in Marocco. Probabilmente il piu&#8217; popolare te&#8217; della regione dello Zhejiang, a sud...","og_url":"https:\/\/www.erboristerie.com\/it\/prodotto\/te-verde-extra-gunpowder-camellia-thea-100-gr\/","og_site_name":"Erboristeria Demetra","article_publisher":"https:\/\/www.facebook.com\/erboristeria.demetra.online","article_modified_time":"2022-12-02T10:10:54+00:00","og_image":[{"width":468,"height":481,"url":"https:\/\/www.erboristerie.com\/wp-content\/uploads\/2019\/01\/products-00002055.jpg","type":"image\/jpeg"}],"twitter_card":"summary_large_image","twitter_misc":{"Est. reading time":"2 minutes"},"schema":{"@context":"https:\/\/schema.org","@graph":[{"@type":"WebPage","@id":"https:\/\/www.erboristerie.com\/it\/prodotto\/te-verde-extra-gunpowder-camellia-thea-100-gr\/","url":"https:\/\/www.erboristerie.com\/it\/prodotto\/te-verde-extra-gunpowder-camellia-thea-100-gr\/","name":"TE' VERDE EXTRA GUNPOWDER(CAMELLIA THEA) - 100 gr.","isPartOf":{"@id":"https:\/\/www.erboristerie.com\/it\/#website"},"primaryImageOfPage":{"@id":"https:\/\/www.erboristerie.com\/it\/prodotto\/te-verde-extra-gunpowder-camellia-thea-100-gr\/#primaryimage"},"image":{"@id":"https:\/\/www.erboristerie.com\/it\/prodotto\/te-verde-extra-gunpowder-camellia-thea-100-gr\/#primaryimage"},"thumbnailUrl":"https:\/\/www.erboristerie.com\/wp-content\/uploads\/2019\/01\/products-00002055.jpg","datePublished":"2008-05-09T10:45:11+00:00","dateModified":"2022-12-02T10:10:54+00:00","breadcrumb":{"@id":"https:\/\/www.erboristerie.com\/it\/prodotto\/te-verde-extra-gunpowder-camellia-thea-100-gr\/#breadcrumb"},"inLanguage":"en-US","potentialAction":[{"@type":"ReadAction","target":["https:\/\/www.erboristerie.com\/it\/prodotto\/te-verde-extra-gunpowder-camellia-thea-100-gr\/"]}]},{"@type":"ImageObject","inLanguage":"en-US","@id":"https:\/\/www.erboristerie.com\/it\/prodotto\/te-verde-extra-gunpowder-camellia-thea-100-gr\/#primaryimage","url":"https:\/\/www.erboristerie.com\/wp-content\/uploads\/2019\/01\/products-00002055.jpg","contentUrl":"https:\/\/www.erboristerie.com\/wp-content\/uploads\/2019\/01\/products-00002055.jpg","width":468,"height":481,"caption":"TE' VERDE EXTRA GUNPOWDER(CAMELLIA THEA) - 100 gr."},{"@type":"BreadcrumbList","@id":"https:\/\/www.erboristerie.com\/it\/prodotto\/te-verde-extra-gunpowder-camellia-thea-100-gr\/#breadcrumb","itemListElement":[{"@type":"ListItem","position":1,"name":"Home","item":"https:\/\/www.erboristerie.com\/en\/"},{"@type":"ListItem","position":2,"name":"All products","item":"https:\/\/www.erboristerie.com\/en\/all-products\/"},{"@type":"ListItem","position":3,"name":"Te\u2019 verde extra Gunpowder (Cammelia thea) 100 gr."}]},{"@type":"WebSite","@id":"https:\/\/www.erboristerie.com\/it\/#website","url":"https:\/\/www.erboristerie.com\/it\/","name":"Erboristeria Demetra","description":"Your natural health","publisher":{"@id":"https:\/\/www.erboristerie.com\/it\/#organization"},"potentialAction":[{"@type":"SearchAction","target":{"@type":"EntryPoint","urlTemplate":"https:\/\/www.erboristerie.com\/it\/?s={search_term_string}"},"query-input":{"@type":"PropertyValueSpecification","valueRequired":true,"valueName":"search_term_string"}}],"inLanguage":"en-US"},{"@type":"Organization","@id":"https:\/\/www.erboristerie.com\/it\/#organization","name":"Erboristeria Demetra","url":"https:\/\/www.erboristerie.com\/it\/","logo":{"@type":"ImageObject","inLanguage":"en-US","@id":"https:\/\/www.erboristerie.com\/it\/#\/schema\/logo\/image\/","url":"https:\/\/www.erboristerie.com\/wp-content\/uploads\/2019\/11\/LOGO_ERBORISTERIA_DEMETRA_original.png?v=1611516981","contentUrl":"https:\/\/www.erboristerie.com\/wp-content\/uploads\/2019\/11\/LOGO_ERBORISTERIA_DEMETRA_original.png?v=1611516981","width":201,"height":54,"caption":"Erboristeria Demetra"},"image":{"@id":"https:\/\/www.erboristerie.com\/it\/#\/schema\/logo\/image\/"},"sameAs":["https:\/\/www.facebook.com\/erboristeria.demetra.online"]}]}},"_links":{"self":[{"href":"https:\/\/www.erboristerie.com\/en\/wp-json\/wp\/v2\/product\/52790","targetHints":{"allow":["GET"]}}],"collection":[{"href":"https:\/\/www.erboristerie.com\/en\/wp-json\/wp\/v2\/product"}],"about":[{"href":"https:\/\/www.erboristerie.com\/en\/wp-json\/wp\/v2\/types\/product"}],"wp:featuredmedia":[{"embeddable":true,"href":"https:\/\/www.erboristerie.com\/en\/wp-json\/wp\/v2\/media\/52791"}],"wp:attachment":[{"href":"https:\/\/www.erboristerie.com\/en\/wp-json\/wp\/v2\/media?parent=52790"}],"wp:term":[{"taxonomy":"product_brand","embeddable":true,"href":"https:\/\/www.erboristerie.com\/en\/wp-json\/wp\/v2\/product_brand?post=52790"},{"taxonomy":"product_cat","embeddable":true,"href":"https:\/\/www.erboristerie.com\/en\/wp-json\/wp\/v2\/product_cat?post=52790"},{"taxonomy":"product_tag","embeddable":true,"href":"https:\/\/www.erboristerie.com\/en\/wp-json\/wp\/v2\/product_tag?post=52790"},{"taxonomy":"giftcard-category","embeddable":true,"href":"https:\/\/www.erboristerie.com\/en\/wp-json\/wp\/v2\/giftcard-category?post=52790"}],"curies":[{"name":"wp","href":"https:\/\/api.w.org\/{rel}","templated":true}]}}